{"id":39548,"date":"2021-03-15T17:35:05","date_gmt":"2021-03-15T16:35:05","guid":{"rendered":"http:\/\/dafinoo.eu\/mirmar\/product\/pb-252-4-a\/"},"modified":"2021-04-21T15:33:23","modified_gmt":"2021-04-21T13:33:23","slug":"pb-252-4-a","status":"publish","type":"product","link":"http:\/\/dafinoo.eu\/mirmar\/obchod\/pb-252-4-a\/","title":{"rendered":"Dolmar PB-252.4 A"},"content":{"rendered":"<p>D\u00fachadlo DOLMAR so \u0161tvortaktn\u00fdm motorom je praktickou a u\u017eito\u010dnou vzduchovou metlou na pohodln\u00e9 zh\u0155\u0148anie l\u00edstia, odpadu po strihan\u00ed \u017eiv\u00fdch plotov alebo papiera. Motor s pohodln\u00fdm \u0161tartovan\u00edm m\u00e1 elektronick\u00e9 zapa\u013eovanie a s ods\u00e1vac\u00edm zariaden\u00edm (dostupn\u00fdm ako pr\u00edslu\u0161enstvo) sa PB-250.4 d\u00e1 prerobi\u0165 na vys\u00e1va\u010d.<\/p>\n","protected":false},"excerpt":{"rendered":"<p>V\u00fdkon \t0,81 \/ 1,10 kW\/KS<br \/>\nPrietok vzduchu s okr\u00fahlou d\u00fdzou v re\u017eime d\u00fachania \t426 m3 \/ hod.<br \/>\nMax. prietok vzduchu bez d\u00fachacej r\u00fary \t606 m3 \/ hod.<br \/>\nMax. r\u00fdchlos\u0165 pr\u00fadenia vzduchu \t65 m \/ s<br \/>\nN\u00e1dr\u017e &#8211; palivo \t0,52 l<br \/>\nHmotnos\u0165 \t4,5 kg<br \/>\nMotor \tbenz\u00ednov\u00fd, \u0161tvortakn\u00fd<br \/>\nObsah \t24,5 cm3<br \/>\nV\u00fdrobca motora \tRobin<br \/>\nPr\u00edslu\u0161enstvo \tsada na vys\u00e1vanie DEABHX2500S<\/p>\n","protected":false},"featured_media":39549,"comment_status":"closed","ping_status":"open","template":"","meta":{"_lmt_disableupdate":"","_lmt_disable":""},"product_cat":[3158,3159,3188,3189,3190],"product_tag":[],"class_list":{"0":"post-39548","1":"product","2":"type-product","3":"status-publish","4":"has-post-thumbnail","6":"product_cat-dolmar","7":"product_cat-dolmar-naradie","8":"product_cat-duchadla","9":"product_cat-motorove-duchadla","10":"product_cat-4-taktne-motorove-duchadla","11":"ts_product_brand-dolmar","13":"first","14":"instock","15":"taxable","16":"shipping-taxable","17":"purchasable","18":"product-type-simple"},"yoast_head":"<!-- This site is optimized with the Yoast SEO plugin v27.3 - https:\/\/yoast.com\/product\/yoast-seo-wordpress\/ -->\n<title>Dolmar PB-252.4 A - MIR-MAR<\/title>\n<meta name=\"robots\" content=\"index, follow, max-snippet:-1, max-image-preview:large, max-video-preview:-1\" \/>\n<link rel=\"canonical\" href=\"http:\/\/dafinoo.eu\/mirmar\/obchod\/pb-252-4-a\/\" \/>\n<meta property=\"og:locale\" content=\"sk_SK\" \/>\n<meta property=\"og:type\" content=\"article\" \/>\n<meta property=\"og:title\" content=\"Dolmar PB-252.4 A - MIR-MAR\" \/>\n<meta property=\"og:description\" content=\"V\u00fdkon 0,81 \/ 1,10 kW\/KS Prietok vzduchu s okr\u00fahlou d\u00fdzou v re\u017eime d\u00fachania 426 m3 \/ hod. Max. prietok vzduchu bez d\u00fachacej r\u00fary 606 m3 \/ hod. Max. r\u00fdchlos\u0165 pr\u00fadenia vzduchu 65 m \/ s N\u00e1dr\u017e - palivo 0,52 l Hmotnos\u0165 4,5 kg Motor benz\u00ednov\u00fd, \u0161tvortakn\u00fd Obsah 24,5 cm3 V\u00fdrobca motora Robin Pr\u00edslu\u0161enstvo sada na vys\u00e1vanie DEABHX2500S\" \/>\n<meta property=\"og:url\" content=\"http:\/\/dafinoo.eu\/mirmar\/obchod\/pb-252-4-a\/\" \/>\n<meta property=\"og:site_name\" content=\"MIR-MAR\" \/>\n<meta property=\"article:publisher\" content=\"https:\/\/facebook.com\/mirmareshop\" \/>\n<meta property=\"article:modified_time\" content=\"2021-04-21T13:33:23+00:00\" \/>\n<meta property=\"og:image\" content=\"https:\/\/i0.wp.com\/www.mirmar.sk\/wp-content\/uploads\/2021\/03\/262_pb-252.4-a_1.jpg?fit=300%2C250&ssl=1\" \/>\n\t<meta property=\"og:image:width\" content=\"300\" \/>\n\t<meta property=\"og:image:height\" content=\"250\" \/>\n\t<meta property=\"og:image:type\" content=\"image\/jpeg\" \/>\n<script type=\"application\/ld+json\" class=\"yoast-schema-graph\">{\"@context\":\"https:\\\/\\\/schema.org\",\"@graph\":[{\"@type\":\"WebPage\",\"@id\":\"http:\\\/\\\/dafinoo.eu\\\/mirmar\\\/obchod\\\/pb-252-4-a\\\/\",\"url\":\"http:\\\/\\\/dafinoo.eu\\\/mirmar\\\/obchod\\\/pb-252-4-a\\\/\",\"name\":\"Dolmar PB-252.4 A - MIR-MAR\",\"isPartOf\":{\"@id\":\"http:\\\/\\\/dafinoo.eu\\\/mirmar\\\/#website\"},\"primaryImageOfPage\":{\"@id\":\"http:\\\/\\\/dafinoo.eu\\\/mirmar\\\/obchod\\\/pb-252-4-a\\\/#primaryimage\"},\"image\":{\"@id\":\"http:\\\/\\\/dafinoo.eu\\\/mirmar\\\/obchod\\\/pb-252-4-a\\\/#primaryimage\"},\"thumbnailUrl\":\"http:\\\/\\\/dafinoo.eu\\\/mirmar\\\/wp-content\\\/uploads\\\/2021\\\/03\\\/262_pb-252.4-a_1.jpg\",\"datePublished\":\"2021-03-15T16:35:05+00:00\",\"dateModified\":\"2021-04-21T13:33:23+00:00\",\"breadcrumb\":{\"@id\":\"http:\\\/\\\/dafinoo.eu\\\/mirmar\\\/obchod\\\/pb-252-4-a\\\/#breadcrumb\"},\"inLanguage\":\"sk-SK\",\"potentialAction\":[{\"@type\":\"ReadAction\",\"target\":[\"http:\\\/\\\/dafinoo.eu\\\/mirmar\\\/obchod\\\/pb-252-4-a\\\/\"]}]},{\"@type\":\"ImageObject\",\"inLanguage\":\"sk-SK\",\"@id\":\"http:\\\/\\\/dafinoo.eu\\\/mirmar\\\/obchod\\\/pb-252-4-a\\\/#primaryimage\",\"url\":\"http:\\\/\\\/dafinoo.eu\\\/mirmar\\\/wp-content\\\/uploads\\\/2021\\\/03\\\/262_pb-252.4-a_1.jpg\",\"contentUrl\":\"http:\\\/\\\/dafinoo.eu\\\/mirmar\\\/wp-content\\\/uploads\\\/2021\\\/03\\\/262_pb-252.4-a_1.jpg\",\"width\":300,\"height\":250},{\"@type\":\"BreadcrumbList\",\"@id\":\"http:\\\/\\\/dafinoo.eu\\\/mirmar\\\/obchod\\\/pb-252-4-a\\\/#breadcrumb\",\"itemListElement\":[{\"@type\":\"ListItem\",\"position\":1,\"name\":\"Domovsk\u00e1 str\u00e1nka\",\"item\":\"http:\\\/\\\/dafinoo.eu\\\/mirmar\\\/\"},{\"@type\":\"ListItem\",\"position\":2,\"name\":\"Obchod\",\"item\":\"http:\\\/\\\/dafinoo.eu\\\/mirmar\\\/obchod\\\/\"},{\"@type\":\"ListItem\",\"position\":3,\"name\":\"Dolmar PB-252.4 A\"}]},{\"@type\":\"WebSite\",\"@id\":\"http:\\\/\\\/dafinoo.eu\\\/mirmar\\\/#website\",\"url\":\"http:\\\/\\\/dafinoo.eu\\\/mirmar\\\/\",\"name\":\"MIR-MAR\",\"description\":\"Eshop s n\u00e1rad\u00edm\",\"publisher\":{\"@id\":\"http:\\\/\\\/dafinoo.eu\\\/mirmar\\\/#organization\"},\"potentialAction\":[{\"@type\":\"SearchAction\",\"target\":{\"@type\":\"EntryPoint\",\"urlTemplate\":\"http:\\\/\\\/dafinoo.eu\\\/mirmar\\\/?s={search_term_string}\"},\"query-input\":{\"@type\":\"PropertyValueSpecification\",\"valueRequired\":true,\"valueName\":\"search_term_string\"}}],\"inLanguage\":\"sk-SK\"},{\"@type\":\"Organization\",\"@id\":\"http:\\\/\\\/dafinoo.eu\\\/mirmar\\\/#organization\",\"name\":\"MIR-MAR\",\"url\":\"http:\\\/\\\/dafinoo.eu\\\/mirmar\\\/\",\"logo\":{\"@type\":\"ImageObject\",\"inLanguage\":\"sk-SK\",\"@id\":\"http:\\\/\\\/dafinoo.eu\\\/mirmar\\\/#\\\/schema\\\/logo\\\/image\\\/\",\"url\":\"http:\\\/\\\/dafinoo.eu\\\/mirmar\\\/wp-content\\\/uploads\\\/2021\\\/03\\\/mirmar_logo.png\",\"contentUrl\":\"http:\\\/\\\/dafinoo.eu\\\/mirmar\\\/wp-content\\\/uploads\\\/2021\\\/03\\\/mirmar_logo.png\",\"width\":256,\"height\":60,\"caption\":\"MIR-MAR\"},\"image\":{\"@id\":\"http:\\\/\\\/dafinoo.eu\\\/mirmar\\\/#\\\/schema\\\/logo\\\/image\\\/\"},\"sameAs\":[\"https:\\\/\\\/facebook.com\\\/mirmareshop\"]}]}<\/script>\n<!-- \/ Yoast SEO plugin. -->","yoast_head_json":{"title":"Dolmar PB-252.4 A - MIR-MAR","robots":{"index":"index","follow":"follow","max-snippet":"max-snippet:-1","max-image-preview":"max-image-preview:large","max-video-preview":"max-video-preview:-1"},"canonical":"http:\/\/dafinoo.eu\/mirmar\/obchod\/pb-252-4-a\/","og_locale":"sk_SK","og_type":"article","og_title":"Dolmar PB-252.4 A - MIR-MAR","og_description":"V\u00fdkon 0,81 \/ 1,10 kW\/KS Prietok vzduchu s okr\u00fahlou d\u00fdzou v re\u017eime d\u00fachania 426 m3 \/ hod. Max. prietok vzduchu bez d\u00fachacej r\u00fary 606 m3 \/ hod. Max. r\u00fdchlos\u0165 pr\u00fadenia vzduchu 65 m \/ s N\u00e1dr\u017e - palivo 0,52 l Hmotnos\u0165 4,5 kg Motor benz\u00ednov\u00fd, \u0161tvortakn\u00fd Obsah 24,5 cm3 V\u00fdrobca motora Robin Pr\u00edslu\u0161enstvo sada na vys\u00e1vanie DEABHX2500S","og_url":"http:\/\/dafinoo.eu\/mirmar\/obchod\/pb-252-4-a\/","og_site_name":"MIR-MAR","article_publisher":"https:\/\/facebook.com\/mirmareshop","article_modified_time":"2021-04-21T13:33:23+00:00","og_image":[{"width":300,"height":250,"url":"https:\/\/i0.wp.com\/www.mirmar.sk\/wp-content\/uploads\/2021\/03\/262_pb-252.4-a_1.jpg?fit=300%2C250&ssl=1","type":"image\/jpeg"}],"schema":{"@context":"https:\/\/schema.org","@graph":[{"@type":"WebPage","@id":"http:\/\/dafinoo.eu\/mirmar\/obchod\/pb-252-4-a\/","url":"http:\/\/dafinoo.eu\/mirmar\/obchod\/pb-252-4-a\/","name":"Dolmar PB-252.4 A - MIR-MAR","isPartOf":{"@id":"http:\/\/dafinoo.eu\/mirmar\/#website"},"primaryImageOfPage":{"@id":"http:\/\/dafinoo.eu\/mirmar\/obchod\/pb-252-4-a\/#primaryimage"},"image":{"@id":"http:\/\/dafinoo.eu\/mirmar\/obchod\/pb-252-4-a\/#primaryimage"},"thumbnailUrl":"http:\/\/dafinoo.eu\/mirmar\/wp-content\/uploads\/2021\/03\/262_pb-252.4-a_1.jpg","datePublished":"2021-03-15T16:35:05+00:00","dateModified":"2021-04-21T13:33:23+00:00","breadcrumb":{"@id":"http:\/\/dafinoo.eu\/mirmar\/obchod\/pb-252-4-a\/#breadcrumb"},"inLanguage":"sk-SK","potentialAction":[{"@type":"ReadAction","target":["http:\/\/dafinoo.eu\/mirmar\/obchod\/pb-252-4-a\/"]}]},{"@type":"ImageObject","inLanguage":"sk-SK","@id":"http:\/\/dafinoo.eu\/mirmar\/obchod\/pb-252-4-a\/#primaryimage","url":"http:\/\/dafinoo.eu\/mirmar\/wp-content\/uploads\/2021\/03\/262_pb-252.4-a_1.jpg","contentUrl":"http:\/\/dafinoo.eu\/mirmar\/wp-content\/uploads\/2021\/03\/262_pb-252.4-a_1.jpg","width":300,"height":250},{"@type":"BreadcrumbList","@id":"http:\/\/dafinoo.eu\/mirmar\/obchod\/pb-252-4-a\/#breadcrumb","itemListElement":[{"@type":"ListItem","position":1,"name":"Domovsk\u00e1 str\u00e1nka","item":"http:\/\/dafinoo.eu\/mirmar\/"},{"@type":"ListItem","position":2,"name":"Obchod","item":"http:\/\/dafinoo.eu\/mirmar\/obchod\/"},{"@type":"ListItem","position":3,"name":"Dolmar PB-252.4 A"}]},{"@type":"WebSite","@id":"http:\/\/dafinoo.eu\/mirmar\/#website","url":"http:\/\/dafinoo.eu\/mirmar\/","name":"MIR-MAR","description":"Eshop s n\u00e1rad\u00edm","publisher":{"@id":"http:\/\/dafinoo.eu\/mirmar\/#organization"},"potentialAction":[{"@type":"SearchAction","target":{"@type":"EntryPoint","urlTemplate":"http:\/\/dafinoo.eu\/mirmar\/?s={search_term_string}"},"query-input":{"@type":"PropertyValueSpecification","valueRequired":true,"valueName":"search_term_string"}}],"inLanguage":"sk-SK"},{"@type":"Organization","@id":"http:\/\/dafinoo.eu\/mirmar\/#organization","name":"MIR-MAR","url":"http:\/\/dafinoo.eu\/mirmar\/","logo":{"@type":"ImageObject","inLanguage":"sk-SK","@id":"http:\/\/dafinoo.eu\/mirmar\/#\/schema\/logo\/image\/","url":"http:\/\/dafinoo.eu\/mirmar\/wp-content\/uploads\/2021\/03\/mirmar_logo.png","contentUrl":"http:\/\/dafinoo.eu\/mirmar\/wp-content\/uploads\/2021\/03\/mirmar_logo.png","width":256,"height":60,"caption":"MIR-MAR"},"image":{"@id":"http:\/\/dafinoo.eu\/mirmar\/#\/schema\/logo\/image\/"},"sameAs":["https:\/\/facebook.com\/mirmareshop"]}]}},"_links":{"self":[{"href":"http:\/\/dafinoo.eu\/mirmar\/wp-json\/wp\/v2\/product\/39548","targetHints":{"allow":["GET"]}}],"collection":[{"href":"http:\/\/dafinoo.eu\/mirmar\/wp-json\/wp\/v2\/product"}],"about":[{"href":"http:\/\/dafinoo.eu\/mirmar\/wp-json\/wp\/v2\/types\/product"}],"replies":[{"embeddable":true,"href":"http:\/\/dafinoo.eu\/mirmar\/wp-json\/wp\/v2\/comments?post=39548"}],"wp:featuredmedia":[{"embeddable":true,"href":"http:\/\/dafinoo.eu\/mirmar\/wp-json\/wp\/v2\/media\/39549"}],"wp:attachment":[{"href":"http:\/\/dafinoo.eu\/mirmar\/wp-json\/wp\/v2\/media?parent=39548"}],"wp:term":[{"taxonomy":"product_cat","embeddable":true,"href":"http:\/\/dafinoo.eu\/mirmar\/wp-json\/wp\/v2\/product_cat?post=39548"},{"taxonomy":"product_tag","embeddable":true,"href":"http:\/\/dafinoo.eu\/mirmar\/wp-json\/wp\/v2\/product_tag?post=39548"}],"curies":[{"name":"wp","href":"https:\/\/api.w.org\/{rel}","templated":true}]}}