{"id":39612,"date":"2021-03-15T17:35:16","date_gmt":"2021-03-15T16:35:16","guid":{"rendered":"http:\/\/dafinoo.eu\/mirmar\/product\/brusny-kotuc-na-kovy-pre-model-9500dw-akumulatorova-uhlova-bruska-9500dw-79-42-29-5\/"},"modified":"2021-04-21T14:34:01","modified_gmt":"2021-04-21T12:34:01","slug":"brusny-kotuc-na-kovy-pre-model-9500dw-akumulatorova-uhlova-bruska-9500dw-79-42-29-5","status":"publish","type":"product","link":"http:\/\/dafinoo.eu\/mirmar\/obchod\/brusny-kotuc-na-kovy-pre-model-9500dw-akumulatorova-uhlova-bruska-9500dw-79-42-29-5\/","title":{"rendered":"Makita Br\u00fasny kot\u00fa\u010d na kovy pre model 9500DW (akumul\u00e1torov\u00e1 uhlov\u00e1 br\u00faska 9500DW) 79 42 29-5"},"content":{"rendered":"<p>Br\u00fasne kot\u00fa\u010de Makita s\u00fa stredne tvrd\u00e9 univerz\u00e1lne kot\u00fa\u010de, ur\u010den\u00e9 pre v\u0161etky oblasti oprac\u00favania kovov. Br\u00fasne kot\u00fa\u010de maj\u00fa hrub\u00fa zrnitos\u0165 a pou\u017e\u00edvaj\u00fa sa na miestach, kde sa po\u017eaduje vysok\u00fd \u00faberov\u00fd v\u00fdkon. Vzh\u013ead v\u00fdbrusu je zodpovedaj\u00faco hrub\u00fd. Oblasti vyu\u017eitia: &#8211; za\u010dis\u0165ovanie zvarov &#8211; br\u00fasenie liatinov\u00fdch odliatkov &#8211; br\u00fasenie hr\u00e1n a pl\u00f4ch &#8211; br\u00fasenie rohov\u00fdch zvarov &#8211; br\u00fasenie bodov\u00fdch zvarov &#8211; zahladzovanie a v\u00fdbrus okov\u00edn<\/p>\n","protected":false},"excerpt":{"rendered":"<p>Zna\u010dka \tMakita<br \/>\nBalenie \t5 ks<br \/>\nPriemer (min.\/max.) \t100 mm<br \/>\nPriemer otvoru \t16 mm<br \/>\nHr\u00fabka \t2,5 mm<\/p>\n<p>Stredne tvrd\u00fd, univerz\u00e1lny br\u00fasny kot\u00fa\u010d na celkov\u00e9 oprac\u00favanie norm\u00e1lnej ocele, \u0161peci\u00e1lne ur\u010den\u00fd pre akumul\u00e1torov\u00fa uhlov\u00fa br\u00fasku 9500DW<br \/>\nMimoriadnou prednos\u0165ou tohto kot\u00fa\u010da je vysok\u00fd \u00faberov\u00fd v\u00fdkon pri optim\u00e1lnej \u017eivnosti.<\/p>\n","protected":false},"featured_media":39613,"comment_status":"closed","ping_status":"open","template":"","meta":{"_lmt_disableupdate":"","_lmt_disable":""},"product_cat":[3051,3369,3383,3385],"product_tag":[],"class_list":{"0":"post-39612","1":"product","2":"type-product","3":"status-publish","4":"has-post-thumbnail","6":"product_cat-makita","7":"product_cat-makita-prislusenstvo","8":"product_cat-diamantova-technika-makita-prislusenstvo","9":"product_cat-brusne-kotuce","10":"ts_product_brand-makita","12":"first","13":"instock","14":"taxable","15":"shipping-taxable","16":"purchasable","17":"product-type-simple"},"yoast_head":"<!-- This site is optimized with the Yoast SEO plugin v27.3 - https:\/\/yoast.com\/product\/yoast-seo-wordpress\/ -->\n<title>Makita Br\u00fasny kot\u00fa\u010d na kovy pre model 9500DW (akumul\u00e1torov\u00e1 uhlov\u00e1 br\u00faska 9500DW) 79 42 29-5 - MIR-MAR<\/title>\n<meta name=\"robots\" content=\"index, follow, max-snippet:-1, max-image-preview:large, max-video-preview:-1\" \/>\n<link rel=\"canonical\" href=\"http:\/\/dafinoo.eu\/mirmar\/obchod\/brusny-kotuc-na-kovy-pre-model-9500dw-akumulatorova-uhlova-bruska-9500dw-79-42-29-5\/\" \/>\n<meta property=\"og:locale\" content=\"sk_SK\" \/>\n<meta property=\"og:type\" content=\"article\" \/>\n<meta property=\"og:title\" content=\"Makita Br\u00fasny kot\u00fa\u010d na kovy pre model 9500DW (akumul\u00e1torov\u00e1 uhlov\u00e1 br\u00faska 9500DW) 79 42 29-5 - MIR-MAR\" \/>\n<meta property=\"og:description\" content=\"Zna\u010dka Makita Balenie 5 ks Priemer (min.\/max.) 100 mm Priemer otvoru 16 mm Hr\u00fabka 2,5 mm Stredne tvrd\u00fd, univerz\u00e1lny br\u00fasny kot\u00fa\u010d na celkov\u00e9 oprac\u00favanie norm\u00e1lnej ocele, \u0161peci\u00e1lne ur\u010den\u00fd pre akumul\u00e1torov\u00fa uhlov\u00fa br\u00fasku 9500DW Mimoriadnou prednos\u0165ou tohto kot\u00fa\u010da je vysok\u00fd \u00faberov\u00fd v\u00fdkon pri optim\u00e1lnej \u017eivnosti.\" \/>\n<meta property=\"og:url\" content=\"http:\/\/dafinoo.eu\/mirmar\/obchod\/brusny-kotuc-na-kovy-pre-model-9500dw-akumulatorova-uhlova-bruska-9500dw-79-42-29-5\/\" \/>\n<meta property=\"og:site_name\" content=\"MIR-MAR\" \/>\n<meta property=\"article:publisher\" content=\"https:\/\/facebook.com\/mirmareshop\" \/>\n<meta property=\"article:modified_time\" content=\"2021-04-21T12:34:01+00:00\" \/>\n<meta property=\"og:image\" content=\"https:\/\/i2.wp.com\/www.mirmar.sk\/wp-content\/uploads\/2021\/03\/3_4_41_1.jpg?fit=290%2C290&ssl=1\" \/>\n\t<meta property=\"og:image:width\" content=\"290\" \/>\n\t<meta property=\"og:image:height\" content=\"290\" \/>\n\t<meta property=\"og:image:type\" content=\"image\/jpeg\" \/>\n<script type=\"application\/ld+json\" class=\"yoast-schema-graph\">{\"@context\":\"https:\\\/\\\/schema.org\",\"@graph\":[{\"@type\":\"WebPage\",\"@id\":\"http:\\\/\\\/dafinoo.eu\\\/mirmar\\\/obchod\\\/brusny-kotuc-na-kovy-pre-model-9500dw-akumulatorova-uhlova-bruska-9500dw-79-42-29-5\\\/\",\"url\":\"http:\\\/\\\/dafinoo.eu\\\/mirmar\\\/obchod\\\/brusny-kotuc-na-kovy-pre-model-9500dw-akumulatorova-uhlova-bruska-9500dw-79-42-29-5\\\/\",\"name\":\"Makita Br\u00fasny kot\u00fa\u010d na kovy pre model 9500DW (akumul\u00e1torov\u00e1 uhlov\u00e1 br\u00faska 9500DW) 79 42 29-5 - MIR-MAR\",\"isPartOf\":{\"@id\":\"http:\\\/\\\/dafinoo.eu\\\/mirmar\\\/#website\"},\"primaryImageOfPage\":{\"@id\":\"http:\\\/\\\/dafinoo.eu\\\/mirmar\\\/obchod\\\/brusny-kotuc-na-kovy-pre-model-9500dw-akumulatorova-uhlova-bruska-9500dw-79-42-29-5\\\/#primaryimage\"},\"image\":{\"@id\":\"http:\\\/\\\/dafinoo.eu\\\/mirmar\\\/obchod\\\/brusny-kotuc-na-kovy-pre-model-9500dw-akumulatorova-uhlova-bruska-9500dw-79-42-29-5\\\/#primaryimage\"},\"thumbnailUrl\":\"http:\\\/\\\/dafinoo.eu\\\/mirmar\\\/wp-content\\\/uploads\\\/2021\\\/03\\\/3_4_41_1.jpg\",\"datePublished\":\"2021-03-15T16:35:16+00:00\",\"dateModified\":\"2021-04-21T12:34:01+00:00\",\"breadcrumb\":{\"@id\":\"http:\\\/\\\/dafinoo.eu\\\/mirmar\\\/obchod\\\/brusny-kotuc-na-kovy-pre-model-9500dw-akumulatorova-uhlova-bruska-9500dw-79-42-29-5\\\/#breadcrumb\"},\"inLanguage\":\"sk-SK\",\"potentialAction\":[{\"@type\":\"ReadAction\",\"target\":[\"http:\\\/\\\/dafinoo.eu\\\/mirmar\\\/obchod\\\/brusny-kotuc-na-kovy-pre-model-9500dw-akumulatorova-uhlova-bruska-9500dw-79-42-29-5\\\/\"]}]},{\"@type\":\"ImageObject\",\"inLanguage\":\"sk-SK\",\"@id\":\"http:\\\/\\\/dafinoo.eu\\\/mirmar\\\/obchod\\\/brusny-kotuc-na-kovy-pre-model-9500dw-akumulatorova-uhlova-bruska-9500dw-79-42-29-5\\\/#primaryimage\",\"url\":\"http:\\\/\\\/dafinoo.eu\\\/mirmar\\\/wp-content\\\/uploads\\\/2021\\\/03\\\/3_4_41_1.jpg\",\"contentUrl\":\"http:\\\/\\\/dafinoo.eu\\\/mirmar\\\/wp-content\\\/uploads\\\/2021\\\/03\\\/3_4_41_1.jpg\",\"width\":290,\"height\":290},{\"@type\":\"BreadcrumbList\",\"@id\":\"http:\\\/\\\/dafinoo.eu\\\/mirmar\\\/obchod\\\/brusny-kotuc-na-kovy-pre-model-9500dw-akumulatorova-uhlova-bruska-9500dw-79-42-29-5\\\/#breadcrumb\",\"itemListElement\":[{\"@type\":\"ListItem\",\"position\":1,\"name\":\"Domovsk\u00e1 str\u00e1nka\",\"item\":\"http:\\\/\\\/dafinoo.eu\\\/mirmar\\\/\"},{\"@type\":\"ListItem\",\"position\":2,\"name\":\"Obchod\",\"item\":\"http:\\\/\\\/dafinoo.eu\\\/mirmar\\\/obchod\\\/\"},{\"@type\":\"ListItem\",\"position\":3,\"name\":\"Makita Br\u00fasny kot\u00fa\u010d na kovy pre model 9500DW (akumul\u00e1torov\u00e1 uhlov\u00e1 br\u00faska 9500DW) 79 42 29-5\"}]},{\"@type\":\"WebSite\",\"@id\":\"http:\\\/\\\/dafinoo.eu\\\/mirmar\\\/#website\",\"url\":\"http:\\\/\\\/dafinoo.eu\\\/mirmar\\\/\",\"name\":\"MIR-MAR\",\"description\":\"Eshop s n\u00e1rad\u00edm\",\"publisher\":{\"@id\":\"http:\\\/\\\/dafinoo.eu\\\/mirmar\\\/#organization\"},\"potentialAction\":[{\"@type\":\"SearchAction\",\"target\":{\"@type\":\"EntryPoint\",\"urlTemplate\":\"http:\\\/\\\/dafinoo.eu\\\/mirmar\\\/?s={search_term_string}\"},\"query-input\":{\"@type\":\"PropertyValueSpecification\",\"valueRequired\":true,\"valueName\":\"search_term_string\"}}],\"inLanguage\":\"sk-SK\"},{\"@type\":\"Organization\",\"@id\":\"http:\\\/\\\/dafinoo.eu\\\/mirmar\\\/#organization\",\"name\":\"MIR-MAR\",\"url\":\"http:\\\/\\\/dafinoo.eu\\\/mirmar\\\/\",\"logo\":{\"@type\":\"ImageObject\",\"inLanguage\":\"sk-SK\",\"@id\":\"http:\\\/\\\/dafinoo.eu\\\/mirmar\\\/#\\\/schema\\\/logo\\\/image\\\/\",\"url\":\"http:\\\/\\\/dafinoo.eu\\\/mirmar\\\/wp-content\\\/uploads\\\/2021\\\/03\\\/mirmar_logo.png\",\"contentUrl\":\"http:\\\/\\\/dafinoo.eu\\\/mirmar\\\/wp-content\\\/uploads\\\/2021\\\/03\\\/mirmar_logo.png\",\"width\":256,\"height\":60,\"caption\":\"MIR-MAR\"},\"image\":{\"@id\":\"http:\\\/\\\/dafinoo.eu\\\/mirmar\\\/#\\\/schema\\\/logo\\\/image\\\/\"},\"sameAs\":[\"https:\\\/\\\/facebook.com\\\/mirmareshop\"]}]}<\/script>\n<!-- \/ Yoast SEO plugin. -->","yoast_head_json":{"title":"Makita Br\u00fasny kot\u00fa\u010d na kovy pre model 9500DW (akumul\u00e1torov\u00e1 uhlov\u00e1 br\u00faska 9500DW) 79 42 29-5 - MIR-MAR","robots":{"index":"index","follow":"follow","max-snippet":"max-snippet:-1","max-image-preview":"max-image-preview:large","max-video-preview":"max-video-preview:-1"},"canonical":"http:\/\/dafinoo.eu\/mirmar\/obchod\/brusny-kotuc-na-kovy-pre-model-9500dw-akumulatorova-uhlova-bruska-9500dw-79-42-29-5\/","og_locale":"sk_SK","og_type":"article","og_title":"Makita Br\u00fasny kot\u00fa\u010d na kovy pre model 9500DW (akumul\u00e1torov\u00e1 uhlov\u00e1 br\u00faska 9500DW) 79 42 29-5 - MIR-MAR","og_description":"Zna\u010dka Makita Balenie 5 ks Priemer (min.\/max.) 100 mm Priemer otvoru 16 mm Hr\u00fabka 2,5 mm Stredne tvrd\u00fd, univerz\u00e1lny br\u00fasny kot\u00fa\u010d na celkov\u00e9 oprac\u00favanie norm\u00e1lnej ocele, \u0161peci\u00e1lne ur\u010den\u00fd pre akumul\u00e1torov\u00fa uhlov\u00fa br\u00fasku 9500DW Mimoriadnou prednos\u0165ou tohto kot\u00fa\u010da je vysok\u00fd \u00faberov\u00fd v\u00fdkon pri optim\u00e1lnej \u017eivnosti.","og_url":"http:\/\/dafinoo.eu\/mirmar\/obchod\/brusny-kotuc-na-kovy-pre-model-9500dw-akumulatorova-uhlova-bruska-9500dw-79-42-29-5\/","og_site_name":"MIR-MAR","article_publisher":"https:\/\/facebook.com\/mirmareshop","article_modified_time":"2021-04-21T12:34:01+00:00","og_image":[{"width":290,"height":290,"url":"https:\/\/i2.wp.com\/www.mirmar.sk\/wp-content\/uploads\/2021\/03\/3_4_41_1.jpg?fit=290%2C290&ssl=1","type":"image\/jpeg"}],"schema":{"@context":"https:\/\/schema.org","@graph":[{"@type":"WebPage","@id":"http:\/\/dafinoo.eu\/mirmar\/obchod\/brusny-kotuc-na-kovy-pre-model-9500dw-akumulatorova-uhlova-bruska-9500dw-79-42-29-5\/","url":"http:\/\/dafinoo.eu\/mirmar\/obchod\/brusny-kotuc-na-kovy-pre-model-9500dw-akumulatorova-uhlova-bruska-9500dw-79-42-29-5\/","name":"Makita Br\u00fasny kot\u00fa\u010d na kovy pre model 9500DW (akumul\u00e1torov\u00e1 uhlov\u00e1 br\u00faska 9500DW) 79 42 29-5 - MIR-MAR","isPartOf":{"@id":"http:\/\/dafinoo.eu\/mirmar\/#website"},"primaryImageOfPage":{"@id":"http:\/\/dafinoo.eu\/mirmar\/obchod\/brusny-kotuc-na-kovy-pre-model-9500dw-akumulatorova-uhlova-bruska-9500dw-79-42-29-5\/#primaryimage"},"image":{"@id":"http:\/\/dafinoo.eu\/mirmar\/obchod\/brusny-kotuc-na-kovy-pre-model-9500dw-akumulatorova-uhlova-bruska-9500dw-79-42-29-5\/#primaryimage"},"thumbnailUrl":"http:\/\/dafinoo.eu\/mirmar\/wp-content\/uploads\/2021\/03\/3_4_41_1.jpg","datePublished":"2021-03-15T16:35:16+00:00","dateModified":"2021-04-21T12:34:01+00:00","breadcrumb":{"@id":"http:\/\/dafinoo.eu\/mirmar\/obchod\/brusny-kotuc-na-kovy-pre-model-9500dw-akumulatorova-uhlova-bruska-9500dw-79-42-29-5\/#breadcrumb"},"inLanguage":"sk-SK","potentialAction":[{"@type":"ReadAction","target":["http:\/\/dafinoo.eu\/mirmar\/obchod\/brusny-kotuc-na-kovy-pre-model-9500dw-akumulatorova-uhlova-bruska-9500dw-79-42-29-5\/"]}]},{"@type":"ImageObject","inLanguage":"sk-SK","@id":"http:\/\/dafinoo.eu\/mirmar\/obchod\/brusny-kotuc-na-kovy-pre-model-9500dw-akumulatorova-uhlova-bruska-9500dw-79-42-29-5\/#primaryimage","url":"http:\/\/dafinoo.eu\/mirmar\/wp-content\/uploads\/2021\/03\/3_4_41_1.jpg","contentUrl":"http:\/\/dafinoo.eu\/mirmar\/wp-content\/uploads\/2021\/03\/3_4_41_1.jpg","width":290,"height":290},{"@type":"BreadcrumbList","@id":"http:\/\/dafinoo.eu\/mirmar\/obchod\/brusny-kotuc-na-kovy-pre-model-9500dw-akumulatorova-uhlova-bruska-9500dw-79-42-29-5\/#breadcrumb","itemListElement":[{"@type":"ListItem","position":1,"name":"Domovsk\u00e1 str\u00e1nka","item":"http:\/\/dafinoo.eu\/mirmar\/"},{"@type":"ListItem","position":2,"name":"Obchod","item":"http:\/\/dafinoo.eu\/mirmar\/obchod\/"},{"@type":"ListItem","position":3,"name":"Makita Br\u00fasny kot\u00fa\u010d na kovy pre model 9500DW (akumul\u00e1torov\u00e1 uhlov\u00e1 br\u00faska 9500DW) 79 42 29-5"}]},{"@type":"WebSite","@id":"http:\/\/dafinoo.eu\/mirmar\/#website","url":"http:\/\/dafinoo.eu\/mirmar\/","name":"MIR-MAR","description":"Eshop s n\u00e1rad\u00edm","publisher":{"@id":"http:\/\/dafinoo.eu\/mirmar\/#organization"},"potentialAction":[{"@type":"SearchAction","target":{"@type":"EntryPoint","urlTemplate":"http:\/\/dafinoo.eu\/mirmar\/?s={search_term_string}"},"query-input":{"@type":"PropertyValueSpecification","valueRequired":true,"valueName":"search_term_string"}}],"inLanguage":"sk-SK"},{"@type":"Organization","@id":"http:\/\/dafinoo.eu\/mirmar\/#organization","name":"MIR-MAR","url":"http:\/\/dafinoo.eu\/mirmar\/","logo":{"@type":"ImageObject","inLanguage":"sk-SK","@id":"http:\/\/dafinoo.eu\/mirmar\/#\/schema\/logo\/image\/","url":"http:\/\/dafinoo.eu\/mirmar\/wp-content\/uploads\/2021\/03\/mirmar_logo.png","contentUrl":"http:\/\/dafinoo.eu\/mirmar\/wp-content\/uploads\/2021\/03\/mirmar_logo.png","width":256,"height":60,"caption":"MIR-MAR"},"image":{"@id":"http:\/\/dafinoo.eu\/mirmar\/#\/schema\/logo\/image\/"},"sameAs":["https:\/\/facebook.com\/mirmareshop"]}]}},"_links":{"self":[{"href":"http:\/\/dafinoo.eu\/mirmar\/wp-json\/wp\/v2\/product\/39612","targetHints":{"allow":["GET"]}}],"collection":[{"href":"http:\/\/dafinoo.eu\/mirmar\/wp-json\/wp\/v2\/product"}],"about":[{"href":"http:\/\/dafinoo.eu\/mirmar\/wp-json\/wp\/v2\/types\/product"}],"replies":[{"embeddable":true,"href":"http:\/\/dafinoo.eu\/mirmar\/wp-json\/wp\/v2\/comments?post=39612"}],"wp:featuredmedia":[{"embeddable":true,"href":"http:\/\/dafinoo.eu\/mirmar\/wp-json\/wp\/v2\/media\/39613"}],"wp:attachment":[{"href":"http:\/\/dafinoo.eu\/mirmar\/wp-json\/wp\/v2\/media?parent=39612"}],"wp:term":[{"taxonomy":"product_cat","embeddable":true,"href":"http:\/\/dafinoo.eu\/mirmar\/wp-json\/wp\/v2\/product_cat?post=39612"},{"taxonomy":"product_tag","embeddable":true,"href":"http:\/\/dafinoo.eu\/mirmar\/wp-json\/wp\/v2\/product_tag?post=39612"}],"curies":[{"name":"wp","href":"https:\/\/api.w.org\/{rel}","templated":true}]}}