{"id":39748,"date":"2021-03-15T17:35:57","date_gmt":"2021-03-15T16:35:57","guid":{"rendered":"http:\/\/dafinoo.eu\/mirmar\/product\/miskovita-kefa-z-oceloveho-drotu-spletany-drot-125-150mm-uhlova-bruska-d-241-53\/"},"modified":"2021-04-21T17:08:36","modified_gmt":"2021-04-21T15:08:36","slug":"miskovita-kefa-z-oceloveho-drotu-spletany-drot-125-150mm-uhlova-bruska-d-241-53","status":"publish","type":"product","link":"http:\/\/dafinoo.eu\/mirmar\/obchod\/miskovita-kefa-z-oceloveho-drotu-spletany-drot-125-150mm-uhlova-bruska-d-241-53\/","title":{"rendered":"Makita Miskovit\u00e1 kefa z oce\u013eov\u00e9ho dr\u00f4tu &#8211; spletan\u00fd dr\u00f4t (125\/150mm Uhlov\u00e1 br\u00faska) D-241 53"},"content":{"rendered":"<p>.<\/p>\n","protected":false},"excerpt":{"rendered":"<p>Miskovit\u00e1 kefa z oce\u013eov\u00e9ho dr\u00f4tu &#8211; spletan\u00fd dr\u00f4t (125\/150mm Uhlov\u00e1 br\u00faska) s vn\u00fatorn\u00fdm z\u00e1vitom M14<\/p>\n<p>Zna\u010dka \tMakita<br \/>\nBalenie \t1 ks<br \/>\nPriemer \t60 mm<br \/>\nHr\u00fabka dr\u00f4tu \t0,5 mm<br \/>\nMax. ot\u00e1\u010dky \t12 500 min-1<\/p>\n","protected":false},"featured_media":39749,"comment_status":"closed","ping_status":"open","template":"","meta":{"_lmt_disableupdate":"","_lmt_disable":""},"product_cat":[3051,3369,3383,3388],"product_tag":[],"class_list":{"0":"post-39748","1":"product","2":"type-product","3":"status-publish","4":"has-post-thumbnail","6":"product_cat-makita","7":"product_cat-makita-prislusenstvo","8":"product_cat-diamantova-technika-makita-prislusenstvo","9":"product_cat-kefy-z-oceloveho-drotu","10":"ts_product_brand-makita","12":"first","13":"instock","14":"taxable","15":"shipping-taxable","16":"purchasable","17":"product-type-simple"},"yoast_head":"<!-- This site is optimized with the Yoast SEO plugin v27.3 - https:\/\/yoast.com\/product\/yoast-seo-wordpress\/ -->\n<title>Makita Miskovit\u00e1 kefa z oce\u013eov\u00e9ho dr\u00f4tu - spletan\u00fd dr\u00f4t (125\/150mm Uhlov\u00e1 br\u00faska) D-241 53 - MIR-MAR<\/title>\n<meta name=\"robots\" content=\"index, follow, max-snippet:-1, max-image-preview:large, max-video-preview:-1\" \/>\n<link rel=\"canonical\" href=\"http:\/\/dafinoo.eu\/mirmar\/obchod\/miskovita-kefa-z-oceloveho-drotu-spletany-drot-125-150mm-uhlova-bruska-d-241-53\/\" \/>\n<meta property=\"og:locale\" content=\"sk_SK\" \/>\n<meta property=\"og:type\" content=\"article\" \/>\n<meta property=\"og:title\" content=\"Makita Miskovit\u00e1 kefa z oce\u013eov\u00e9ho dr\u00f4tu - spletan\u00fd dr\u00f4t (125\/150mm Uhlov\u00e1 br\u00faska) D-241 53 - MIR-MAR\" \/>\n<meta property=\"og:description\" content=\"Miskovit\u00e1 kefa z oce\u013eov\u00e9ho dr\u00f4tu - spletan\u00fd dr\u00f4t (125\/150mm Uhlov\u00e1 br\u00faska) s vn\u00fatorn\u00fdm z\u00e1vitom M14 Zna\u010dka Makita Balenie 1 ks Priemer 60 mm Hr\u00fabka dr\u00f4tu 0,5 mm Max. ot\u00e1\u010dky 12 500 min-1\" \/>\n<meta property=\"og:url\" content=\"http:\/\/dafinoo.eu\/mirmar\/obchod\/miskovita-kefa-z-oceloveho-drotu-spletany-drot-125-150mm-uhlova-bruska-d-241-53\/\" \/>\n<meta property=\"og:site_name\" content=\"MIR-MAR\" \/>\n<meta property=\"article:publisher\" content=\"https:\/\/facebook.com\/mirmareshop\" \/>\n<meta property=\"article:modified_time\" content=\"2021-04-21T15:08:36+00:00\" \/>\n<meta property=\"og:image\" content=\"https:\/\/i2.wp.com\/www.mirmar.sk\/wp-content\/uploads\/2021\/03\/9_3_33_1.jpg?fit=246%2C250&ssl=1\" \/>\n\t<meta property=\"og:image:width\" content=\"246\" \/>\n\t<meta property=\"og:image:height\" content=\"250\" \/>\n\t<meta property=\"og:image:type\" content=\"image\/jpeg\" \/>\n<script type=\"application\/ld+json\" class=\"yoast-schema-graph\">{\"@context\":\"https:\\\/\\\/schema.org\",\"@graph\":[{\"@type\":\"WebPage\",\"@id\":\"http:\\\/\\\/dafinoo.eu\\\/mirmar\\\/obchod\\\/miskovita-kefa-z-oceloveho-drotu-spletany-drot-125-150mm-uhlova-bruska-d-241-53\\\/\",\"url\":\"http:\\\/\\\/dafinoo.eu\\\/mirmar\\\/obchod\\\/miskovita-kefa-z-oceloveho-drotu-spletany-drot-125-150mm-uhlova-bruska-d-241-53\\\/\",\"name\":\"Makita Miskovit\u00e1 kefa z oce\u013eov\u00e9ho dr\u00f4tu - spletan\u00fd dr\u00f4t (125\\\/150mm Uhlov\u00e1 br\u00faska) D-241 53 - MIR-MAR\",\"isPartOf\":{\"@id\":\"http:\\\/\\\/dafinoo.eu\\\/mirmar\\\/#website\"},\"primaryImageOfPage\":{\"@id\":\"http:\\\/\\\/dafinoo.eu\\\/mirmar\\\/obchod\\\/miskovita-kefa-z-oceloveho-drotu-spletany-drot-125-150mm-uhlova-bruska-d-241-53\\\/#primaryimage\"},\"image\":{\"@id\":\"http:\\\/\\\/dafinoo.eu\\\/mirmar\\\/obchod\\\/miskovita-kefa-z-oceloveho-drotu-spletany-drot-125-150mm-uhlova-bruska-d-241-53\\\/#primaryimage\"},\"thumbnailUrl\":\"http:\\\/\\\/dafinoo.eu\\\/mirmar\\\/wp-content\\\/uploads\\\/2021\\\/03\\\/9_3_33_1.jpg\",\"datePublished\":\"2021-03-15T16:35:57+00:00\",\"dateModified\":\"2021-04-21T15:08:36+00:00\",\"breadcrumb\":{\"@id\":\"http:\\\/\\\/dafinoo.eu\\\/mirmar\\\/obchod\\\/miskovita-kefa-z-oceloveho-drotu-spletany-drot-125-150mm-uhlova-bruska-d-241-53\\\/#breadcrumb\"},\"inLanguage\":\"sk-SK\",\"potentialAction\":[{\"@type\":\"ReadAction\",\"target\":[\"http:\\\/\\\/dafinoo.eu\\\/mirmar\\\/obchod\\\/miskovita-kefa-z-oceloveho-drotu-spletany-drot-125-150mm-uhlova-bruska-d-241-53\\\/\"]}]},{\"@type\":\"ImageObject\",\"inLanguage\":\"sk-SK\",\"@id\":\"http:\\\/\\\/dafinoo.eu\\\/mirmar\\\/obchod\\\/miskovita-kefa-z-oceloveho-drotu-spletany-drot-125-150mm-uhlova-bruska-d-241-53\\\/#primaryimage\",\"url\":\"http:\\\/\\\/dafinoo.eu\\\/mirmar\\\/wp-content\\\/uploads\\\/2021\\\/03\\\/9_3_33_1.jpg\",\"contentUrl\":\"http:\\\/\\\/dafinoo.eu\\\/mirmar\\\/wp-content\\\/uploads\\\/2021\\\/03\\\/9_3_33_1.jpg\",\"width\":246,\"height\":250},{\"@type\":\"BreadcrumbList\",\"@id\":\"http:\\\/\\\/dafinoo.eu\\\/mirmar\\\/obchod\\\/miskovita-kefa-z-oceloveho-drotu-spletany-drot-125-150mm-uhlova-bruska-d-241-53\\\/#breadcrumb\",\"itemListElement\":[{\"@type\":\"ListItem\",\"position\":1,\"name\":\"Domovsk\u00e1 str\u00e1nka\",\"item\":\"http:\\\/\\\/dafinoo.eu\\\/mirmar\\\/\"},{\"@type\":\"ListItem\",\"position\":2,\"name\":\"Obchod\",\"item\":\"http:\\\/\\\/dafinoo.eu\\\/mirmar\\\/obchod\\\/\"},{\"@type\":\"ListItem\",\"position\":3,\"name\":\"Makita Miskovit\u00e1 kefa z oce\u013eov\u00e9ho dr\u00f4tu &#8211; spletan\u00fd dr\u00f4t (125\\\/150mm Uhlov\u00e1 br\u00faska) D-241 53\"}]},{\"@type\":\"WebSite\",\"@id\":\"http:\\\/\\\/dafinoo.eu\\\/mirmar\\\/#website\",\"url\":\"http:\\\/\\\/dafinoo.eu\\\/mirmar\\\/\",\"name\":\"MIR-MAR\",\"description\":\"Eshop s n\u00e1rad\u00edm\",\"publisher\":{\"@id\":\"http:\\\/\\\/dafinoo.eu\\\/mirmar\\\/#organization\"},\"potentialAction\":[{\"@type\":\"SearchAction\",\"target\":{\"@type\":\"EntryPoint\",\"urlTemplate\":\"http:\\\/\\\/dafinoo.eu\\\/mirmar\\\/?s={search_term_string}\"},\"query-input\":{\"@type\":\"PropertyValueSpecification\",\"valueRequired\":true,\"valueName\":\"search_term_string\"}}],\"inLanguage\":\"sk-SK\"},{\"@type\":\"Organization\",\"@id\":\"http:\\\/\\\/dafinoo.eu\\\/mirmar\\\/#organization\",\"name\":\"MIR-MAR\",\"url\":\"http:\\\/\\\/dafinoo.eu\\\/mirmar\\\/\",\"logo\":{\"@type\":\"ImageObject\",\"inLanguage\":\"sk-SK\",\"@id\":\"http:\\\/\\\/dafinoo.eu\\\/mirmar\\\/#\\\/schema\\\/logo\\\/image\\\/\",\"url\":\"http:\\\/\\\/dafinoo.eu\\\/mirmar\\\/wp-content\\\/uploads\\\/2021\\\/03\\\/mirmar_logo.png\",\"contentUrl\":\"http:\\\/\\\/dafinoo.eu\\\/mirmar\\\/wp-content\\\/uploads\\\/2021\\\/03\\\/mirmar_logo.png\",\"width\":256,\"height\":60,\"caption\":\"MIR-MAR\"},\"image\":{\"@id\":\"http:\\\/\\\/dafinoo.eu\\\/mirmar\\\/#\\\/schema\\\/logo\\\/image\\\/\"},\"sameAs\":[\"https:\\\/\\\/facebook.com\\\/mirmareshop\"]}]}<\/script>\n<!-- \/ Yoast SEO plugin. -->","yoast_head_json":{"title":"Makita Miskovit\u00e1 kefa z oce\u013eov\u00e9ho dr\u00f4tu - spletan\u00fd dr\u00f4t (125\/150mm Uhlov\u00e1 br\u00faska) D-241 53 - MIR-MAR","robots":{"index":"index","follow":"follow","max-snippet":"max-snippet:-1","max-image-preview":"max-image-preview:large","max-video-preview":"max-video-preview:-1"},"canonical":"http:\/\/dafinoo.eu\/mirmar\/obchod\/miskovita-kefa-z-oceloveho-drotu-spletany-drot-125-150mm-uhlova-bruska-d-241-53\/","og_locale":"sk_SK","og_type":"article","og_title":"Makita Miskovit\u00e1 kefa z oce\u013eov\u00e9ho dr\u00f4tu - spletan\u00fd dr\u00f4t (125\/150mm Uhlov\u00e1 br\u00faska) D-241 53 - MIR-MAR","og_description":"Miskovit\u00e1 kefa z oce\u013eov\u00e9ho dr\u00f4tu - spletan\u00fd dr\u00f4t (125\/150mm Uhlov\u00e1 br\u00faska) s vn\u00fatorn\u00fdm z\u00e1vitom M14 Zna\u010dka Makita Balenie 1 ks Priemer 60 mm Hr\u00fabka dr\u00f4tu 0,5 mm Max. ot\u00e1\u010dky 12 500 min-1","og_url":"http:\/\/dafinoo.eu\/mirmar\/obchod\/miskovita-kefa-z-oceloveho-drotu-spletany-drot-125-150mm-uhlova-bruska-d-241-53\/","og_site_name":"MIR-MAR","article_publisher":"https:\/\/facebook.com\/mirmareshop","article_modified_time":"2021-04-21T15:08:36+00:00","og_image":[{"width":246,"height":250,"url":"https:\/\/i2.wp.com\/www.mirmar.sk\/wp-content\/uploads\/2021\/03\/9_3_33_1.jpg?fit=246%2C250&ssl=1","type":"image\/jpeg"}],"schema":{"@context":"https:\/\/schema.org","@graph":[{"@type":"WebPage","@id":"http:\/\/dafinoo.eu\/mirmar\/obchod\/miskovita-kefa-z-oceloveho-drotu-spletany-drot-125-150mm-uhlova-bruska-d-241-53\/","url":"http:\/\/dafinoo.eu\/mirmar\/obchod\/miskovita-kefa-z-oceloveho-drotu-spletany-drot-125-150mm-uhlova-bruska-d-241-53\/","name":"Makita Miskovit\u00e1 kefa z oce\u013eov\u00e9ho dr\u00f4tu - spletan\u00fd dr\u00f4t (125\/150mm Uhlov\u00e1 br\u00faska) D-241 53 - MIR-MAR","isPartOf":{"@id":"http:\/\/dafinoo.eu\/mirmar\/#website"},"primaryImageOfPage":{"@id":"http:\/\/dafinoo.eu\/mirmar\/obchod\/miskovita-kefa-z-oceloveho-drotu-spletany-drot-125-150mm-uhlova-bruska-d-241-53\/#primaryimage"},"image":{"@id":"http:\/\/dafinoo.eu\/mirmar\/obchod\/miskovita-kefa-z-oceloveho-drotu-spletany-drot-125-150mm-uhlova-bruska-d-241-53\/#primaryimage"},"thumbnailUrl":"http:\/\/dafinoo.eu\/mirmar\/wp-content\/uploads\/2021\/03\/9_3_33_1.jpg","datePublished":"2021-03-15T16:35:57+00:00","dateModified":"2021-04-21T15:08:36+00:00","breadcrumb":{"@id":"http:\/\/dafinoo.eu\/mirmar\/obchod\/miskovita-kefa-z-oceloveho-drotu-spletany-drot-125-150mm-uhlova-bruska-d-241-53\/#breadcrumb"},"inLanguage":"sk-SK","potentialAction":[{"@type":"ReadAction","target":["http:\/\/dafinoo.eu\/mirmar\/obchod\/miskovita-kefa-z-oceloveho-drotu-spletany-drot-125-150mm-uhlova-bruska-d-241-53\/"]}]},{"@type":"ImageObject","inLanguage":"sk-SK","@id":"http:\/\/dafinoo.eu\/mirmar\/obchod\/miskovita-kefa-z-oceloveho-drotu-spletany-drot-125-150mm-uhlova-bruska-d-241-53\/#primaryimage","url":"http:\/\/dafinoo.eu\/mirmar\/wp-content\/uploads\/2021\/03\/9_3_33_1.jpg","contentUrl":"http:\/\/dafinoo.eu\/mirmar\/wp-content\/uploads\/2021\/03\/9_3_33_1.jpg","width":246,"height":250},{"@type":"BreadcrumbList","@id":"http:\/\/dafinoo.eu\/mirmar\/obchod\/miskovita-kefa-z-oceloveho-drotu-spletany-drot-125-150mm-uhlova-bruska-d-241-53\/#breadcrumb","itemListElement":[{"@type":"ListItem","position":1,"name":"Domovsk\u00e1 str\u00e1nka","item":"http:\/\/dafinoo.eu\/mirmar\/"},{"@type":"ListItem","position":2,"name":"Obchod","item":"http:\/\/dafinoo.eu\/mirmar\/obchod\/"},{"@type":"ListItem","position":3,"name":"Makita Miskovit\u00e1 kefa z oce\u013eov\u00e9ho dr\u00f4tu &#8211; spletan\u00fd dr\u00f4t (125\/150mm Uhlov\u00e1 br\u00faska) D-241 53"}]},{"@type":"WebSite","@id":"http:\/\/dafinoo.eu\/mirmar\/#website","url":"http:\/\/dafinoo.eu\/mirmar\/","name":"MIR-MAR","description":"Eshop s n\u00e1rad\u00edm","publisher":{"@id":"http:\/\/dafinoo.eu\/mirmar\/#organization"},"potentialAction":[{"@type":"SearchAction","target":{"@type":"EntryPoint","urlTemplate":"http:\/\/dafinoo.eu\/mirmar\/?s={search_term_string}"},"query-input":{"@type":"PropertyValueSpecification","valueRequired":true,"valueName":"search_term_string"}}],"inLanguage":"sk-SK"},{"@type":"Organization","@id":"http:\/\/dafinoo.eu\/mirmar\/#organization","name":"MIR-MAR","url":"http:\/\/dafinoo.eu\/mirmar\/","logo":{"@type":"ImageObject","inLanguage":"sk-SK","@id":"http:\/\/dafinoo.eu\/mirmar\/#\/schema\/logo\/image\/","url":"http:\/\/dafinoo.eu\/mirmar\/wp-content\/uploads\/2021\/03\/mirmar_logo.png","contentUrl":"http:\/\/dafinoo.eu\/mirmar\/wp-content\/uploads\/2021\/03\/mirmar_logo.png","width":256,"height":60,"caption":"MIR-MAR"},"image":{"@id":"http:\/\/dafinoo.eu\/mirmar\/#\/schema\/logo\/image\/"},"sameAs":["https:\/\/facebook.com\/mirmareshop"]}]}},"_links":{"self":[{"href":"http:\/\/dafinoo.eu\/mirmar\/wp-json\/wp\/v2\/product\/39748","targetHints":{"allow":["GET"]}}],"collection":[{"href":"http:\/\/dafinoo.eu\/mirmar\/wp-json\/wp\/v2\/product"}],"about":[{"href":"http:\/\/dafinoo.eu\/mirmar\/wp-json\/wp\/v2\/types\/product"}],"replies":[{"embeddable":true,"href":"http:\/\/dafinoo.eu\/mirmar\/wp-json\/wp\/v2\/comments?post=39748"}],"wp:featuredmedia":[{"embeddable":true,"href":"http:\/\/dafinoo.eu\/mirmar\/wp-json\/wp\/v2\/media\/39749"}],"wp:attachment":[{"href":"http:\/\/dafinoo.eu\/mirmar\/wp-json\/wp\/v2\/media?parent=39748"}],"wp:term":[{"taxonomy":"product_cat","embeddable":true,"href":"http:\/\/dafinoo.eu\/mirmar\/wp-json\/wp\/v2\/product_cat?post=39748"},{"taxonomy":"product_tag","embeddable":true,"href":"http:\/\/dafinoo.eu\/mirmar\/wp-json\/wp\/v2\/product_tag?post=39748"}],"curies":[{"name":"wp","href":"https:\/\/api.w.org\/{rel}","templated":true}]}}