{"id":39857,"date":"2021-03-15T17:36:18","date_gmt":"2021-03-15T16:36:18","guid":{"rendered":"http:\/\/dafinoo.eu\/mirmar\/product\/makita-sekacie-kladivo-hm1213c\/"},"modified":"2021-04-19T19:52:56","modified_gmt":"2021-04-19T17:52:56","slug":"makita-sekacie-kladivo-hm1213c","status":"publish","type":"product","link":"http:\/\/dafinoo.eu\/mirmar\/obchod\/makita-sekacie-kladivo-hm1213c\/","title":{"rendered":"Makita Sekacie kladivo HM1213C"},"content":{"rendered":"<p>AVT &#8211; ANTI VIBRATION TECHNOLOGY -antivibra\u010dn&yacute; syst&eacute;m &#8211; mimoriadne &uacute;\u010dinn&yacute; absorb&eacute;r vibr&aacute;ci&iacute; B&uacute;racie kladivo s nov&yacute;m vysoko v&yacute;konn&yacute;m pr&iacute;klepov&yacute;m mechanizmom Prachotesn&eacute; up&iacute;nanie n&aacute;strojov SDS-MAX Kon&scaron;tantn&aacute; elektronika na kon&scaron;tantn&uacute; frekvenciu pr&iacute;klepu aj pri z&aacute;\u0165a\u017ei Plynul&yacute; rozbeh na presn&eacute; nasadenie n&aacute;stroja Ve\u013ek&eacute; uhl&iacute;ky s dlh&scaron;ou \u017eivotnos\u0165ou LED kontrolky na indik&aacute;ciu potreby v&yacute;meny uhl&iacute;kov a na indik&aacute;ciu por&uacute;ch na vyp&iacute;na\u010di alebo k&aacute;bli Funkcie Elektronika Regula\u010dn&aacute; elektronika Obmedzova\u010d rozbehov&eacute;ho pr&uacute;du SDS-Max<\/p>\n","protected":false},"excerpt":{"rendered":"<p>Nap&auml;tie: 230 V Menovit&yacute; pr&iacute;kon: 1510 W Energia pr&iacute;klepu: 18,6 J Frekvencia pr&iacute;klepu: 950-1900 min-1 Up&iacute;nanie n&aacute;stroja: SDS-max Hmotnos\u0165: 10,8 kg Funkcia v\u0155tania: Nie Funkcia v\u0155tania s pr&iacute;klepom: Nie Funkcia sekania :&Aacute;no<\/p>\n","protected":false},"featured_media":39858,"comment_status":"closed","ping_status":"open","template":"","meta":{"_lmt_disableupdate":"","_lmt_disable":""},"product_cat":[3057,3051,3052],"product_tag":[],"class_list":{"0":"post-39857","1":"product","2":"type-product","3":"status-publish","4":"has-post-thumbnail","6":"product_cat-buracie-kladiva","7":"product_cat-makita","8":"product_cat-vrtacie-a-buracie-kladiva","9":"ts_product_brand-makita","11":"first","12":"instock","13":"taxable","14":"shipping-taxable","15":"purchasable","16":"product-type-simple"},"yoast_head":"<!-- This site is optimized with the Yoast SEO plugin v27.3 - https:\/\/yoast.com\/product\/yoast-seo-wordpress\/ -->\n<title>Makita Sekacie kladivo HM1213C - MIR-MAR<\/title>\n<meta name=\"robots\" content=\"index, follow, max-snippet:-1, max-image-preview:large, max-video-preview:-1\" \/>\n<link rel=\"canonical\" href=\"http:\/\/dafinoo.eu\/mirmar\/obchod\/makita-sekacie-kladivo-hm1213c\/\" \/>\n<meta property=\"og:locale\" content=\"sk_SK\" \/>\n<meta property=\"og:type\" content=\"article\" \/>\n<meta property=\"og:title\" content=\"Makita Sekacie kladivo HM1213C - MIR-MAR\" \/>\n<meta property=\"og:description\" content=\"Nap&auml;tie: 230 V Menovit&yacute; pr&iacute;kon: 1510 W Energia pr&iacute;klepu: 18,6 J Frekvencia pr&iacute;klepu: 950-1900 min-1 Up&iacute;nanie n&aacute;stroja: SDS-max Hmotnos\u0165: 10,8 kg Funkcia v\u0155tania: Nie Funkcia v\u0155tania s pr&iacute;klepom: Nie Funkcia sekania :&Aacute;no\" \/>\n<meta property=\"og:url\" content=\"http:\/\/dafinoo.eu\/mirmar\/obchod\/makita-sekacie-kladivo-hm1213c\/\" \/>\n<meta property=\"og:site_name\" content=\"MIR-MAR\" \/>\n<meta property=\"article:publisher\" content=\"https:\/\/facebook.com\/mirmareshop\" \/>\n<meta property=\"article:modified_time\" content=\"2021-04-19T17:52:56+00:00\" \/>\n<meta property=\"og:image\" content=\"https:\/\/i0.wp.com\/www.mirmar.sk\/wp-content\/uploads\/2021\/03\/68215c866b8ee217f8432d9c50caca6a-mmf250x250_1.jpg?fit=250%2C250&ssl=1\" \/>\n\t<meta property=\"og:image:width\" content=\"250\" \/>\n\t<meta property=\"og:image:height\" content=\"250\" \/>\n\t<meta property=\"og:image:type\" content=\"image\/jpeg\" \/>\n<meta name=\"twitter:label1\" content=\"Predpokladan\u00fd \u010das \u010d\u00edtania\" \/>\n\t<meta name=\"twitter:data1\" content=\"1 min\u00fata\" \/>\n<script type=\"application\/ld+json\" class=\"yoast-schema-graph\">{\"@context\":\"https:\\\/\\\/schema.org\",\"@graph\":[{\"@type\":\"WebPage\",\"@id\":\"http:\\\/\\\/dafinoo.eu\\\/mirmar\\\/obchod\\\/makita-sekacie-kladivo-hm1213c\\\/\",\"url\":\"http:\\\/\\\/dafinoo.eu\\\/mirmar\\\/obchod\\\/makita-sekacie-kladivo-hm1213c\\\/\",\"name\":\"Makita Sekacie kladivo HM1213C - MIR-MAR\",\"isPartOf\":{\"@id\":\"http:\\\/\\\/dafinoo.eu\\\/mirmar\\\/#website\"},\"primaryImageOfPage\":{\"@id\":\"http:\\\/\\\/dafinoo.eu\\\/mirmar\\\/obchod\\\/makita-sekacie-kladivo-hm1213c\\\/#primaryimage\"},\"image\":{\"@id\":\"http:\\\/\\\/dafinoo.eu\\\/mirmar\\\/obchod\\\/makita-sekacie-kladivo-hm1213c\\\/#primaryimage\"},\"thumbnailUrl\":\"http:\\\/\\\/dafinoo.eu\\\/mirmar\\\/wp-content\\\/uploads\\\/2021\\\/03\\\/68215c866b8ee217f8432d9c50caca6a-mmf250x250_1.jpg\",\"datePublished\":\"2021-03-15T16:36:18+00:00\",\"dateModified\":\"2021-04-19T17:52:56+00:00\",\"breadcrumb\":{\"@id\":\"http:\\\/\\\/dafinoo.eu\\\/mirmar\\\/obchod\\\/makita-sekacie-kladivo-hm1213c\\\/#breadcrumb\"},\"inLanguage\":\"sk-SK\",\"potentialAction\":[{\"@type\":\"ReadAction\",\"target\":[\"http:\\\/\\\/dafinoo.eu\\\/mirmar\\\/obchod\\\/makita-sekacie-kladivo-hm1213c\\\/\"]}]},{\"@type\":\"ImageObject\",\"inLanguage\":\"sk-SK\",\"@id\":\"http:\\\/\\\/dafinoo.eu\\\/mirmar\\\/obchod\\\/makita-sekacie-kladivo-hm1213c\\\/#primaryimage\",\"url\":\"http:\\\/\\\/dafinoo.eu\\\/mirmar\\\/wp-content\\\/uploads\\\/2021\\\/03\\\/68215c866b8ee217f8432d9c50caca6a-mmf250x250_1.jpg\",\"contentUrl\":\"http:\\\/\\\/dafinoo.eu\\\/mirmar\\\/wp-content\\\/uploads\\\/2021\\\/03\\\/68215c866b8ee217f8432d9c50caca6a-mmf250x250_1.jpg\",\"width\":250,\"height\":250},{\"@type\":\"BreadcrumbList\",\"@id\":\"http:\\\/\\\/dafinoo.eu\\\/mirmar\\\/obchod\\\/makita-sekacie-kladivo-hm1213c\\\/#breadcrumb\",\"itemListElement\":[{\"@type\":\"ListItem\",\"position\":1,\"name\":\"Domovsk\u00e1 str\u00e1nka\",\"item\":\"http:\\\/\\\/dafinoo.eu\\\/mirmar\\\/\"},{\"@type\":\"ListItem\",\"position\":2,\"name\":\"Obchod\",\"item\":\"http:\\\/\\\/dafinoo.eu\\\/mirmar\\\/obchod\\\/\"},{\"@type\":\"ListItem\",\"position\":3,\"name\":\"Makita Sekacie kladivo HM1213C\"}]},{\"@type\":\"WebSite\",\"@id\":\"http:\\\/\\\/dafinoo.eu\\\/mirmar\\\/#website\",\"url\":\"http:\\\/\\\/dafinoo.eu\\\/mirmar\\\/\",\"name\":\"MIR-MAR\",\"description\":\"Eshop s n\u00e1rad\u00edm\",\"publisher\":{\"@id\":\"http:\\\/\\\/dafinoo.eu\\\/mirmar\\\/#organization\"},\"potentialAction\":[{\"@type\":\"SearchAction\",\"target\":{\"@type\":\"EntryPoint\",\"urlTemplate\":\"http:\\\/\\\/dafinoo.eu\\\/mirmar\\\/?s={search_term_string}\"},\"query-input\":{\"@type\":\"PropertyValueSpecification\",\"valueRequired\":true,\"valueName\":\"search_term_string\"}}],\"inLanguage\":\"sk-SK\"},{\"@type\":\"Organization\",\"@id\":\"http:\\\/\\\/dafinoo.eu\\\/mirmar\\\/#organization\",\"name\":\"MIR-MAR\",\"url\":\"http:\\\/\\\/dafinoo.eu\\\/mirmar\\\/\",\"logo\":{\"@type\":\"ImageObject\",\"inLanguage\":\"sk-SK\",\"@id\":\"http:\\\/\\\/dafinoo.eu\\\/mirmar\\\/#\\\/schema\\\/logo\\\/image\\\/\",\"url\":\"http:\\\/\\\/dafinoo.eu\\\/mirmar\\\/wp-content\\\/uploads\\\/2021\\\/03\\\/mirmar_logo.png\",\"contentUrl\":\"http:\\\/\\\/dafinoo.eu\\\/mirmar\\\/wp-content\\\/uploads\\\/2021\\\/03\\\/mirmar_logo.png\",\"width\":256,\"height\":60,\"caption\":\"MIR-MAR\"},\"image\":{\"@id\":\"http:\\\/\\\/dafinoo.eu\\\/mirmar\\\/#\\\/schema\\\/logo\\\/image\\\/\"},\"sameAs\":[\"https:\\\/\\\/facebook.com\\\/mirmareshop\"]}]}<\/script>\n<!-- \/ Yoast SEO plugin. -->","yoast_head_json":{"title":"Makita Sekacie kladivo HM1213C - MIR-MAR","robots":{"index":"index","follow":"follow","max-snippet":"max-snippet:-1","max-image-preview":"max-image-preview:large","max-video-preview":"max-video-preview:-1"},"canonical":"http:\/\/dafinoo.eu\/mirmar\/obchod\/makita-sekacie-kladivo-hm1213c\/","og_locale":"sk_SK","og_type":"article","og_title":"Makita Sekacie kladivo HM1213C - MIR-MAR","og_description":"Nap&auml;tie: 230 V Menovit&yacute; pr&iacute;kon: 1510 W Energia pr&iacute;klepu: 18,6 J Frekvencia pr&iacute;klepu: 950-1900 min-1 Up&iacute;nanie n&aacute;stroja: SDS-max Hmotnos\u0165: 10,8 kg Funkcia v\u0155tania: Nie Funkcia v\u0155tania s pr&iacute;klepom: Nie Funkcia sekania :&Aacute;no","og_url":"http:\/\/dafinoo.eu\/mirmar\/obchod\/makita-sekacie-kladivo-hm1213c\/","og_site_name":"MIR-MAR","article_publisher":"https:\/\/facebook.com\/mirmareshop","article_modified_time":"2021-04-19T17:52:56+00:00","og_image":[{"width":250,"height":250,"url":"https:\/\/i0.wp.com\/www.mirmar.sk\/wp-content\/uploads\/2021\/03\/68215c866b8ee217f8432d9c50caca6a-mmf250x250_1.jpg?fit=250%2C250&ssl=1","type":"image\/jpeg"}],"twitter_misc":{"Predpokladan\u00fd \u010das \u010d\u00edtania":"1 min\u00fata"},"schema":{"@context":"https:\/\/schema.org","@graph":[{"@type":"WebPage","@id":"http:\/\/dafinoo.eu\/mirmar\/obchod\/makita-sekacie-kladivo-hm1213c\/","url":"http:\/\/dafinoo.eu\/mirmar\/obchod\/makita-sekacie-kladivo-hm1213c\/","name":"Makita Sekacie kladivo HM1213C - MIR-MAR","isPartOf":{"@id":"http:\/\/dafinoo.eu\/mirmar\/#website"},"primaryImageOfPage":{"@id":"http:\/\/dafinoo.eu\/mirmar\/obchod\/makita-sekacie-kladivo-hm1213c\/#primaryimage"},"image":{"@id":"http:\/\/dafinoo.eu\/mirmar\/obchod\/makita-sekacie-kladivo-hm1213c\/#primaryimage"},"thumbnailUrl":"http:\/\/dafinoo.eu\/mirmar\/wp-content\/uploads\/2021\/03\/68215c866b8ee217f8432d9c50caca6a-mmf250x250_1.jpg","datePublished":"2021-03-15T16:36:18+00:00","dateModified":"2021-04-19T17:52:56+00:00","breadcrumb":{"@id":"http:\/\/dafinoo.eu\/mirmar\/obchod\/makita-sekacie-kladivo-hm1213c\/#breadcrumb"},"inLanguage":"sk-SK","potentialAction":[{"@type":"ReadAction","target":["http:\/\/dafinoo.eu\/mirmar\/obchod\/makita-sekacie-kladivo-hm1213c\/"]}]},{"@type":"ImageObject","inLanguage":"sk-SK","@id":"http:\/\/dafinoo.eu\/mirmar\/obchod\/makita-sekacie-kladivo-hm1213c\/#primaryimage","url":"http:\/\/dafinoo.eu\/mirmar\/wp-content\/uploads\/2021\/03\/68215c866b8ee217f8432d9c50caca6a-mmf250x250_1.jpg","contentUrl":"http:\/\/dafinoo.eu\/mirmar\/wp-content\/uploads\/2021\/03\/68215c866b8ee217f8432d9c50caca6a-mmf250x250_1.jpg","width":250,"height":250},{"@type":"BreadcrumbList","@id":"http:\/\/dafinoo.eu\/mirmar\/obchod\/makita-sekacie-kladivo-hm1213c\/#breadcrumb","itemListElement":[{"@type":"ListItem","position":1,"name":"Domovsk\u00e1 str\u00e1nka","item":"http:\/\/dafinoo.eu\/mirmar\/"},{"@type":"ListItem","position":2,"name":"Obchod","item":"http:\/\/dafinoo.eu\/mirmar\/obchod\/"},{"@type":"ListItem","position":3,"name":"Makita Sekacie kladivo HM1213C"}]},{"@type":"WebSite","@id":"http:\/\/dafinoo.eu\/mirmar\/#website","url":"http:\/\/dafinoo.eu\/mirmar\/","name":"MIR-MAR","description":"Eshop s n\u00e1rad\u00edm","publisher":{"@id":"http:\/\/dafinoo.eu\/mirmar\/#organization"},"potentialAction":[{"@type":"SearchAction","target":{"@type":"EntryPoint","urlTemplate":"http:\/\/dafinoo.eu\/mirmar\/?s={search_term_string}"},"query-input":{"@type":"PropertyValueSpecification","valueRequired":true,"valueName":"search_term_string"}}],"inLanguage":"sk-SK"},{"@type":"Organization","@id":"http:\/\/dafinoo.eu\/mirmar\/#organization","name":"MIR-MAR","url":"http:\/\/dafinoo.eu\/mirmar\/","logo":{"@type":"ImageObject","inLanguage":"sk-SK","@id":"http:\/\/dafinoo.eu\/mirmar\/#\/schema\/logo\/image\/","url":"http:\/\/dafinoo.eu\/mirmar\/wp-content\/uploads\/2021\/03\/mirmar_logo.png","contentUrl":"http:\/\/dafinoo.eu\/mirmar\/wp-content\/uploads\/2021\/03\/mirmar_logo.png","width":256,"height":60,"caption":"MIR-MAR"},"image":{"@id":"http:\/\/dafinoo.eu\/mirmar\/#\/schema\/logo\/image\/"},"sameAs":["https:\/\/facebook.com\/mirmareshop"]}]}},"_links":{"self":[{"href":"http:\/\/dafinoo.eu\/mirmar\/wp-json\/wp\/v2\/product\/39857","targetHints":{"allow":["GET"]}}],"collection":[{"href":"http:\/\/dafinoo.eu\/mirmar\/wp-json\/wp\/v2\/product"}],"about":[{"href":"http:\/\/dafinoo.eu\/mirmar\/wp-json\/wp\/v2\/types\/product"}],"replies":[{"embeddable":true,"href":"http:\/\/dafinoo.eu\/mirmar\/wp-json\/wp\/v2\/comments?post=39857"}],"wp:featuredmedia":[{"embeddable":true,"href":"http:\/\/dafinoo.eu\/mirmar\/wp-json\/wp\/v2\/media\/39858"}],"wp:attachment":[{"href":"http:\/\/dafinoo.eu\/mirmar\/wp-json\/wp\/v2\/media?parent=39857"}],"wp:term":[{"taxonomy":"product_cat","embeddable":true,"href":"http:\/\/dafinoo.eu\/mirmar\/wp-json\/wp\/v2\/product_cat?post=39857"},{"taxonomy":"product_tag","embeddable":true,"href":"http:\/\/dafinoo.eu\/mirmar\/wp-json\/wp\/v2\/product_tag?post=39857"}],"curies":[{"name":"wp","href":"https:\/\/api.w.org\/{rel}","templated":true}]}}