{"id":39871,"date":"2021-03-15T17:36:32","date_gmt":"2021-03-15T16:36:32","guid":{"rendered":"http:\/\/dafinoo.eu\/mirmar\/product\/pilovy-list-kotuc-na-drevo-165-20-24-mforce-makita-b-08006\/"},"modified":"2021-04-19T19:53:04","modified_gmt":"2021-04-19T17:53:04","slug":"pilovy-list-kotuc-na-drevo-165-20-24-mforce-makita-b-08006","status":"publish","type":"product","link":"http:\/\/dafinoo.eu\/mirmar\/obchod\/pilovy-list-kotuc-na-drevo-165-20-24-mforce-makita-b-08006\/","title":{"rendered":"P\u00edlov\u00fd list kot\u00fa\u010d na drevo 165-20\/24 MFORCE Makita B-08006"},"content":{"rendered":"<p>Revolu\u010dn\u00e1 zdokonalen\u00e1 kon\u0161trukcia zubu, ktor\u00e1 stanovuje nov\u00fd medzn\u00edk v technol\u00f3gii p\u00edlov\u00fdch kot\u00fa\u010dov. Dvojito zo\u0161ikmen\u00fd bok zubu m\u00e1 ostrej\u0161ie rezn\u00e9 hrany a tvar M je rovnocenn\u00fd dvojn\u00e1sobn\u00e9mu po\u010dtu zubov na kot\u00fa\u010di. V\u00e4\u010d\u0161ia trecia plocha a viac rezn\u00fdch pl\u00f4ch m\u00e1 za n\u00e1sledok, \u017ee kot\u00fa\u010d vydr\u017e\u00ed a\u017e 2x dlh\u0161ie ako tradi\u010dn\u00e9 kot\u00fa\u010de.<\/p>\n<p>DLH\u0160IA \u017dIVOTNOS\u0164<br \/>\nZo\u0161ikmen\u00e1 bo\u010dn\u00e1 a horn\u00e1 plocha vytv\u00e1ra 6 rezn\u00fdch hr\u00e1n, \u010d\u00edm v\u00fdrazne predl\u017euje \u017eivotnos\u0165 v porovnan\u00ed s tradi\u010dn\u00fdmi kot\u00fa\u010dmi.<br \/>\nV\u00c4\u010c\u0160IA R\u00ddCHLOS\u0164 REZU<br \/>\nZo\u0161ikmen\u00fd bok zubu m\u00e1 dva uhly 10\u00b0, ktor\u00e9 vytv\u00e1raj\u00fa agres\u00edvnej\u0161\u00ed a r\u00fdchlej\u0161\u00ed rez.<br \/>\n\u010cISTEJ\u0160\u00cd REZ<br \/>\n\u0160pi\u010dka tvaru M m\u00e1 viac rezn\u00fdch bodov, \u010do sp\u00f4sobuje \u010distej\u0161\u00ed rez. Kot\u00fa\u010d s 24 zubami m\u00e1 rovnak\u00fd v\u00fdsledok ako 48 zubov u tradi\u010dn\u00fdch kot\u00fa\u010doch.<\/p>\n","protected":false},"excerpt":{"rendered":"<p>Vlastnosti:<br \/>\nPriemer kot\u00fa\u010da: 165 mm<br \/>\nHr\u00fabka zubu: 2 mm<br \/>\nV\u0155tanie: 20 mm<br \/>\nPo\u010det zubov: 24<br \/>\nHr\u00fabka kot\u00fa\u010da: 1,2 mm<br \/>\nUhol zubu: 15\u00ba<br \/>\nMax.ot.: 9,250<\/p>\n<p>Aplik\u00e1cie: drevo, materi\u00e1l na b\u00e1ze dreva<\/p>\n","protected":false},"featured_media":39872,"comment_status":"closed","ping_status":"open","template":"","meta":{"_lmt_disableupdate":"","_lmt_disable":""},"product_cat":[3051,3369,3398,3399,3400],"product_tag":[],"class_list":{"0":"post-39871","1":"product","2":"type-product","3":"status-publish","4":"has-post-thumbnail","6":"product_cat-makita","7":"product_cat-makita-prislusenstvo","8":"product_cat-sortiment-prislusenstva-pily","9":"product_cat-pilove-kotuce","10":"product_cat-mforce-pre-kotucove-pily","11":"ts_product_brand-makita","13":"first","14":"instock","15":"taxable","16":"shipping-taxable","17":"purchasable","18":"product-type-simple"},"yoast_head":"<!-- This site is optimized with the Yoast SEO plugin v27.3 - https:\/\/yoast.com\/product\/yoast-seo-wordpress\/ -->\n<title>P\u00edlov\u00fd list kot\u00fa\u010d na drevo 165-20\/24 MFORCE Makita B-08006 - MIR-MAR<\/title>\n<meta name=\"robots\" content=\"index, follow, max-snippet:-1, max-image-preview:large, max-video-preview:-1\" \/>\n<link rel=\"canonical\" href=\"http:\/\/dafinoo.eu\/mirmar\/obchod\/pilovy-list-kotuc-na-drevo-165-20-24-mforce-makita-b-08006\/\" \/>\n<meta property=\"og:locale\" content=\"sk_SK\" \/>\n<meta property=\"og:type\" content=\"article\" \/>\n<meta property=\"og:title\" content=\"P\u00edlov\u00fd list kot\u00fa\u010d na drevo 165-20\/24 MFORCE Makita B-08006 - MIR-MAR\" \/>\n<meta property=\"og:description\" content=\"Vlastnosti: Priemer kot\u00fa\u010da: 165 mm Hr\u00fabka zubu: 2 mm V\u0155tanie: 20 mm Po\u010det zubov: 24 Hr\u00fabka kot\u00fa\u010da: 1,2 mm Uhol zubu: 15\u00ba Max.ot.: 9,250 Aplik\u00e1cie: drevo, materi\u00e1l na b\u00e1ze dreva\" \/>\n<meta property=\"og:url\" content=\"http:\/\/dafinoo.eu\/mirmar\/obchod\/pilovy-list-kotuc-na-drevo-165-20-24-mforce-makita-b-08006\/\" \/>\n<meta property=\"og:site_name\" content=\"MIR-MAR\" \/>\n<meta property=\"article:publisher\" content=\"https:\/\/facebook.com\/mirmareshop\" \/>\n<meta property=\"article:modified_time\" content=\"2021-04-19T17:53:04+00:00\" \/>\n<meta property=\"og:image\" content=\"https:\/\/i0.wp.com\/www.mirmar.sk\/wp-content\/uploads\/2021\/03\/b-08040_w_3_1.jpg?fit=352%2C336&ssl=1\" \/>\n\t<meta property=\"og:image:width\" content=\"352\" \/>\n\t<meta property=\"og:image:height\" content=\"336\" \/>\n\t<meta property=\"og:image:type\" content=\"image\/jpeg\" \/>\n<meta name=\"twitter:label1\" content=\"Predpokladan\u00fd \u010das \u010d\u00edtania\" \/>\n\t<meta name=\"twitter:data1\" content=\"1 min\u00fata\" \/>\n<script type=\"application\/ld+json\" class=\"yoast-schema-graph\">{\"@context\":\"https:\\\/\\\/schema.org\",\"@graph\":[{\"@type\":\"WebPage\",\"@id\":\"http:\\\/\\\/dafinoo.eu\\\/mirmar\\\/obchod\\\/pilovy-list-kotuc-na-drevo-165-20-24-mforce-makita-b-08006\\\/\",\"url\":\"http:\\\/\\\/dafinoo.eu\\\/mirmar\\\/obchod\\\/pilovy-list-kotuc-na-drevo-165-20-24-mforce-makita-b-08006\\\/\",\"name\":\"P\u00edlov\u00fd list kot\u00fa\u010d na drevo 165-20\\\/24 MFORCE Makita B-08006 - MIR-MAR\",\"isPartOf\":{\"@id\":\"http:\\\/\\\/dafinoo.eu\\\/mirmar\\\/#website\"},\"primaryImageOfPage\":{\"@id\":\"http:\\\/\\\/dafinoo.eu\\\/mirmar\\\/obchod\\\/pilovy-list-kotuc-na-drevo-165-20-24-mforce-makita-b-08006\\\/#primaryimage\"},\"image\":{\"@id\":\"http:\\\/\\\/dafinoo.eu\\\/mirmar\\\/obchod\\\/pilovy-list-kotuc-na-drevo-165-20-24-mforce-makita-b-08006\\\/#primaryimage\"},\"thumbnailUrl\":\"http:\\\/\\\/dafinoo.eu\\\/mirmar\\\/wp-content\\\/uploads\\\/2021\\\/03\\\/b-08040_w_3_1.jpg\",\"datePublished\":\"2021-03-15T16:36:32+00:00\",\"dateModified\":\"2021-04-19T17:53:04+00:00\",\"breadcrumb\":{\"@id\":\"http:\\\/\\\/dafinoo.eu\\\/mirmar\\\/obchod\\\/pilovy-list-kotuc-na-drevo-165-20-24-mforce-makita-b-08006\\\/#breadcrumb\"},\"inLanguage\":\"sk-SK\",\"potentialAction\":[{\"@type\":\"ReadAction\",\"target\":[\"http:\\\/\\\/dafinoo.eu\\\/mirmar\\\/obchod\\\/pilovy-list-kotuc-na-drevo-165-20-24-mforce-makita-b-08006\\\/\"]}]},{\"@type\":\"ImageObject\",\"inLanguage\":\"sk-SK\",\"@id\":\"http:\\\/\\\/dafinoo.eu\\\/mirmar\\\/obchod\\\/pilovy-list-kotuc-na-drevo-165-20-24-mforce-makita-b-08006\\\/#primaryimage\",\"url\":\"http:\\\/\\\/dafinoo.eu\\\/mirmar\\\/wp-content\\\/uploads\\\/2021\\\/03\\\/b-08040_w_3_1.jpg\",\"contentUrl\":\"http:\\\/\\\/dafinoo.eu\\\/mirmar\\\/wp-content\\\/uploads\\\/2021\\\/03\\\/b-08040_w_3_1.jpg\",\"width\":352,\"height\":336},{\"@type\":\"BreadcrumbList\",\"@id\":\"http:\\\/\\\/dafinoo.eu\\\/mirmar\\\/obchod\\\/pilovy-list-kotuc-na-drevo-165-20-24-mforce-makita-b-08006\\\/#breadcrumb\",\"itemListElement\":[{\"@type\":\"ListItem\",\"position\":1,\"name\":\"Domovsk\u00e1 str\u00e1nka\",\"item\":\"http:\\\/\\\/dafinoo.eu\\\/mirmar\\\/\"},{\"@type\":\"ListItem\",\"position\":2,\"name\":\"Obchod\",\"item\":\"http:\\\/\\\/dafinoo.eu\\\/mirmar\\\/obchod\\\/\"},{\"@type\":\"ListItem\",\"position\":3,\"name\":\"P\u00edlov\u00fd list kot\u00fa\u010d na drevo 165-20\\\/24 MFORCE Makita B-08006\"}]},{\"@type\":\"WebSite\",\"@id\":\"http:\\\/\\\/dafinoo.eu\\\/mirmar\\\/#website\",\"url\":\"http:\\\/\\\/dafinoo.eu\\\/mirmar\\\/\",\"name\":\"MIR-MAR\",\"description\":\"Eshop s n\u00e1rad\u00edm\",\"publisher\":{\"@id\":\"http:\\\/\\\/dafinoo.eu\\\/mirmar\\\/#organization\"},\"potentialAction\":[{\"@type\":\"SearchAction\",\"target\":{\"@type\":\"EntryPoint\",\"urlTemplate\":\"http:\\\/\\\/dafinoo.eu\\\/mirmar\\\/?s={search_term_string}\"},\"query-input\":{\"@type\":\"PropertyValueSpecification\",\"valueRequired\":true,\"valueName\":\"search_term_string\"}}],\"inLanguage\":\"sk-SK\"},{\"@type\":\"Organization\",\"@id\":\"http:\\\/\\\/dafinoo.eu\\\/mirmar\\\/#organization\",\"name\":\"MIR-MAR\",\"url\":\"http:\\\/\\\/dafinoo.eu\\\/mirmar\\\/\",\"logo\":{\"@type\":\"ImageObject\",\"inLanguage\":\"sk-SK\",\"@id\":\"http:\\\/\\\/dafinoo.eu\\\/mirmar\\\/#\\\/schema\\\/logo\\\/image\\\/\",\"url\":\"http:\\\/\\\/dafinoo.eu\\\/mirmar\\\/wp-content\\\/uploads\\\/2021\\\/03\\\/mirmar_logo.png\",\"contentUrl\":\"http:\\\/\\\/dafinoo.eu\\\/mirmar\\\/wp-content\\\/uploads\\\/2021\\\/03\\\/mirmar_logo.png\",\"width\":256,\"height\":60,\"caption\":\"MIR-MAR\"},\"image\":{\"@id\":\"http:\\\/\\\/dafinoo.eu\\\/mirmar\\\/#\\\/schema\\\/logo\\\/image\\\/\"},\"sameAs\":[\"https:\\\/\\\/facebook.com\\\/mirmareshop\"]}]}<\/script>\n<!-- \/ Yoast SEO plugin. -->","yoast_head_json":{"title":"P\u00edlov\u00fd list kot\u00fa\u010d na drevo 165-20\/24 MFORCE Makita B-08006 - MIR-MAR","robots":{"index":"index","follow":"follow","max-snippet":"max-snippet:-1","max-image-preview":"max-image-preview:large","max-video-preview":"max-video-preview:-1"},"canonical":"http:\/\/dafinoo.eu\/mirmar\/obchod\/pilovy-list-kotuc-na-drevo-165-20-24-mforce-makita-b-08006\/","og_locale":"sk_SK","og_type":"article","og_title":"P\u00edlov\u00fd list kot\u00fa\u010d na drevo 165-20\/24 MFORCE Makita B-08006 - MIR-MAR","og_description":"Vlastnosti: Priemer kot\u00fa\u010da: 165 mm Hr\u00fabka zubu: 2 mm V\u0155tanie: 20 mm Po\u010det zubov: 24 Hr\u00fabka kot\u00fa\u010da: 1,2 mm Uhol zubu: 15\u00ba Max.ot.: 9,250 Aplik\u00e1cie: drevo, materi\u00e1l na b\u00e1ze dreva","og_url":"http:\/\/dafinoo.eu\/mirmar\/obchod\/pilovy-list-kotuc-na-drevo-165-20-24-mforce-makita-b-08006\/","og_site_name":"MIR-MAR","article_publisher":"https:\/\/facebook.com\/mirmareshop","article_modified_time":"2021-04-19T17:53:04+00:00","og_image":[{"width":352,"height":336,"url":"https:\/\/i0.wp.com\/www.mirmar.sk\/wp-content\/uploads\/2021\/03\/b-08040_w_3_1.jpg?fit=352%2C336&ssl=1","type":"image\/jpeg"}],"twitter_misc":{"Predpokladan\u00fd \u010das \u010d\u00edtania":"1 min\u00fata"},"schema":{"@context":"https:\/\/schema.org","@graph":[{"@type":"WebPage","@id":"http:\/\/dafinoo.eu\/mirmar\/obchod\/pilovy-list-kotuc-na-drevo-165-20-24-mforce-makita-b-08006\/","url":"http:\/\/dafinoo.eu\/mirmar\/obchod\/pilovy-list-kotuc-na-drevo-165-20-24-mforce-makita-b-08006\/","name":"P\u00edlov\u00fd list kot\u00fa\u010d na drevo 165-20\/24 MFORCE Makita B-08006 - MIR-MAR","isPartOf":{"@id":"http:\/\/dafinoo.eu\/mirmar\/#website"},"primaryImageOfPage":{"@id":"http:\/\/dafinoo.eu\/mirmar\/obchod\/pilovy-list-kotuc-na-drevo-165-20-24-mforce-makita-b-08006\/#primaryimage"},"image":{"@id":"http:\/\/dafinoo.eu\/mirmar\/obchod\/pilovy-list-kotuc-na-drevo-165-20-24-mforce-makita-b-08006\/#primaryimage"},"thumbnailUrl":"http:\/\/dafinoo.eu\/mirmar\/wp-content\/uploads\/2021\/03\/b-08040_w_3_1.jpg","datePublished":"2021-03-15T16:36:32+00:00","dateModified":"2021-04-19T17:53:04+00:00","breadcrumb":{"@id":"http:\/\/dafinoo.eu\/mirmar\/obchod\/pilovy-list-kotuc-na-drevo-165-20-24-mforce-makita-b-08006\/#breadcrumb"},"inLanguage":"sk-SK","potentialAction":[{"@type":"ReadAction","target":["http:\/\/dafinoo.eu\/mirmar\/obchod\/pilovy-list-kotuc-na-drevo-165-20-24-mforce-makita-b-08006\/"]}]},{"@type":"ImageObject","inLanguage":"sk-SK","@id":"http:\/\/dafinoo.eu\/mirmar\/obchod\/pilovy-list-kotuc-na-drevo-165-20-24-mforce-makita-b-08006\/#primaryimage","url":"http:\/\/dafinoo.eu\/mirmar\/wp-content\/uploads\/2021\/03\/b-08040_w_3_1.jpg","contentUrl":"http:\/\/dafinoo.eu\/mirmar\/wp-content\/uploads\/2021\/03\/b-08040_w_3_1.jpg","width":352,"height":336},{"@type":"BreadcrumbList","@id":"http:\/\/dafinoo.eu\/mirmar\/obchod\/pilovy-list-kotuc-na-drevo-165-20-24-mforce-makita-b-08006\/#breadcrumb","itemListElement":[{"@type":"ListItem","position":1,"name":"Domovsk\u00e1 str\u00e1nka","item":"http:\/\/dafinoo.eu\/mirmar\/"},{"@type":"ListItem","position":2,"name":"Obchod","item":"http:\/\/dafinoo.eu\/mirmar\/obchod\/"},{"@type":"ListItem","position":3,"name":"P\u00edlov\u00fd list kot\u00fa\u010d na drevo 165-20\/24 MFORCE Makita B-08006"}]},{"@type":"WebSite","@id":"http:\/\/dafinoo.eu\/mirmar\/#website","url":"http:\/\/dafinoo.eu\/mirmar\/","name":"MIR-MAR","description":"Eshop s n\u00e1rad\u00edm","publisher":{"@id":"http:\/\/dafinoo.eu\/mirmar\/#organization"},"potentialAction":[{"@type":"SearchAction","target":{"@type":"EntryPoint","urlTemplate":"http:\/\/dafinoo.eu\/mirmar\/?s={search_term_string}"},"query-input":{"@type":"PropertyValueSpecification","valueRequired":true,"valueName":"search_term_string"}}],"inLanguage":"sk-SK"},{"@type":"Organization","@id":"http:\/\/dafinoo.eu\/mirmar\/#organization","name":"MIR-MAR","url":"http:\/\/dafinoo.eu\/mirmar\/","logo":{"@type":"ImageObject","inLanguage":"sk-SK","@id":"http:\/\/dafinoo.eu\/mirmar\/#\/schema\/logo\/image\/","url":"http:\/\/dafinoo.eu\/mirmar\/wp-content\/uploads\/2021\/03\/mirmar_logo.png","contentUrl":"http:\/\/dafinoo.eu\/mirmar\/wp-content\/uploads\/2021\/03\/mirmar_logo.png","width":256,"height":60,"caption":"MIR-MAR"},"image":{"@id":"http:\/\/dafinoo.eu\/mirmar\/#\/schema\/logo\/image\/"},"sameAs":["https:\/\/facebook.com\/mirmareshop"]}]}},"_links":{"self":[{"href":"http:\/\/dafinoo.eu\/mirmar\/wp-json\/wp\/v2\/product\/39871","targetHints":{"allow":["GET"]}}],"collection":[{"href":"http:\/\/dafinoo.eu\/mirmar\/wp-json\/wp\/v2\/product"}],"about":[{"href":"http:\/\/dafinoo.eu\/mirmar\/wp-json\/wp\/v2\/types\/product"}],"replies":[{"embeddable":true,"href":"http:\/\/dafinoo.eu\/mirmar\/wp-json\/wp\/v2\/comments?post=39871"}],"wp:featuredmedia":[{"embeddable":true,"href":"http:\/\/dafinoo.eu\/mirmar\/wp-json\/wp\/v2\/media\/39872"}],"wp:attachment":[{"href":"http:\/\/dafinoo.eu\/mirmar\/wp-json\/wp\/v2\/media?parent=39871"}],"wp:term":[{"taxonomy":"product_cat","embeddable":true,"href":"http:\/\/dafinoo.eu\/mirmar\/wp-json\/wp\/v2\/product_cat?post=39871"},{"taxonomy":"product_tag","embeddable":true,"href":"http:\/\/dafinoo.eu\/mirmar\/wp-json\/wp\/v2\/product_tag?post=39871"}],"curies":[{"name":"wp","href":"https:\/\/api.w.org\/{rel}","templated":true}]}}