{"id":39993,"date":"2021-03-15T17:37:07","date_gmt":"2021-03-15T16:37:07","guid":{"rendered":"http:\/\/dafinoo.eu\/mirmar\/product\/pilovy-list-kotuc-na-drevo-270-30-40-makforce-makita-b-08539\/"},"modified":"2021-04-19T19:53:28","modified_gmt":"2021-04-19T17:53:28","slug":"pilovy-list-kotuc-na-drevo-270-30-40-makforce-makita-b-08539","status":"publish","type":"product","link":"http:\/\/dafinoo.eu\/mirmar\/obchod\/pilovy-list-kotuc-na-drevo-270-30-40-makforce-makita-b-08539\/","title":{"rendered":"P\u00edlov\u00fd list kot\u00fa\u010d na drevo 270-30\/40 MAKFORCE Makita B-08539"},"content":{"rendered":"<p>Komplexn\u00e1 rada p\u00edlov\u00fdch kot\u00fa\u010dov pre v\u0161etky zna\u010dky a modely ru\u010dn\u00fdch kot\u00fa\u010dov\u00fdch p\u00edl. Bohat\u00fd v\u00fdber ve\u013ekost\u00ed od 140 mm \u2013 355 mm a po\u010dtu zubov od 10 \u2013 60 pokr\u00fdva mo\u017enosti pou\u017eitia pre hrub\u00e9 pozd\u013a\u017ene a prie\u010dne rezy a\u017e po extra jemn\u00e9 prie\u010dne rezy.<br \/>\nAplik\u00e1cie: drevo, materi\u00e1l na b\u00e1ze dreva<br \/>\nTvrden\u00e9 a vystu\u017een\u00e9 kot\u00fa\u010de absorbuj\u00fa r\u00e1zy a zost\u00e1vaj\u00fa ploch\u00e9 a rovn\u00e9. V\u00fdrazn\u00e9 pred\u013a\u017eenie \u017eivotnosti kot\u00fa\u010dov v\u010faka pou\u017eitiu prvotriedneho karbidu wolframu s pomal\u00fdm opotreben\u00edm. \u00dazka rezn\u00e1 \u0161p\u00e1ra s men\u0161\u00edm mno\u017estvom odpadu a men\u0161\u00edm vodiacim tlakom.<\/p>\n","protected":false},"excerpt":{"rendered":"<p>Vlastnosti:<br \/>\nPriemer kot\u00fa\u010da: 270 mm<br \/>\nHr\u00fabka zubu: 2,6 mm<br \/>\nV\u0155tanie: 30 mm<br \/>\nPo\u010det zubov: 40<br \/>\nHr\u00fabka kot\u00fa\u010da: 1,6 mm<br \/>\nUhol zubu: 20\u00ba<br \/>\nMax.ot.: 5,650<\/p>\n","protected":false},"featured_media":39994,"comment_status":"closed","ping_status":"open","template":"","meta":{"_lmt_disableupdate":"","_lmt_disable":""},"product_cat":[3051,3369,3398,3399,3401],"product_tag":[],"class_list":{"0":"post-39993","1":"product","2":"type-product","3":"status-publish","4":"has-post-thumbnail","6":"product_cat-makita","7":"product_cat-makita-prislusenstvo","8":"product_cat-sortiment-prislusenstva-pily","9":"product_cat-pilove-kotuce","10":"product_cat-makforce-pre-kotucove-pily","11":"ts_product_brand-makita","13":"first","14":"instock","15":"taxable","16":"shipping-taxable","17":"purchasable","18":"product-type-simple"},"yoast_head":"<!-- This site is optimized with the Yoast SEO plugin v27.3 - https:\/\/yoast.com\/product\/yoast-seo-wordpress\/ -->\n<title>P\u00edlov\u00fd list kot\u00fa\u010d na drevo 270-30\/40 MAKFORCE Makita B-08539 - MIR-MAR<\/title>\n<meta name=\"robots\" content=\"index, follow, max-snippet:-1, max-image-preview:large, max-video-preview:-1\" \/>\n<link rel=\"canonical\" href=\"http:\/\/dafinoo.eu\/mirmar\/obchod\/pilovy-list-kotuc-na-drevo-270-30-40-makforce-makita-b-08539\/\" \/>\n<meta property=\"og:locale\" content=\"sk_SK\" \/>\n<meta property=\"og:type\" content=\"article\" \/>\n<meta property=\"og:title\" content=\"P\u00edlov\u00fd list kot\u00fa\u010d na drevo 270-30\/40 MAKFORCE Makita B-08539 - MIR-MAR\" \/>\n<meta property=\"og:description\" content=\"Vlastnosti: Priemer kot\u00fa\u010da: 270 mm Hr\u00fabka zubu: 2,6 mm V\u0155tanie: 30 mm Po\u010det zubov: 40 Hr\u00fabka kot\u00fa\u010da: 1,6 mm Uhol zubu: 20\u00ba Max.ot.: 5,650\" \/>\n<meta property=\"og:url\" content=\"http:\/\/dafinoo.eu\/mirmar\/obchod\/pilovy-list-kotuc-na-drevo-270-30-40-makforce-makita-b-08539\/\" \/>\n<meta property=\"og:site_name\" content=\"MIR-MAR\" \/>\n<meta property=\"article:publisher\" content=\"https:\/\/facebook.com\/mirmareshop\" \/>\n<meta property=\"article:modified_time\" content=\"2021-04-19T17:53:28+00:00\" \/>\n<meta property=\"og:image\" content=\"https:\/\/i0.wp.com\/www.mirmar.sk\/wp-content\/uploads\/2021\/03\/2_3_85_1.jpg?fit=352%2C336&ssl=1\" \/>\n\t<meta property=\"og:image:width\" content=\"352\" \/>\n\t<meta property=\"og:image:height\" content=\"336\" \/>\n\t<meta property=\"og:image:type\" content=\"image\/jpeg\" \/>\n<meta name=\"twitter:label1\" content=\"Predpokladan\u00fd \u010das \u010d\u00edtania\" \/>\n\t<meta name=\"twitter:data1\" content=\"1 min\u00fata\" \/>\n<script type=\"application\/ld+json\" class=\"yoast-schema-graph\">{\"@context\":\"https:\\\/\\\/schema.org\",\"@graph\":[{\"@type\":\"WebPage\",\"@id\":\"http:\\\/\\\/dafinoo.eu\\\/mirmar\\\/obchod\\\/pilovy-list-kotuc-na-drevo-270-30-40-makforce-makita-b-08539\\\/\",\"url\":\"http:\\\/\\\/dafinoo.eu\\\/mirmar\\\/obchod\\\/pilovy-list-kotuc-na-drevo-270-30-40-makforce-makita-b-08539\\\/\",\"name\":\"P\u00edlov\u00fd list kot\u00fa\u010d na drevo 270-30\\\/40 MAKFORCE Makita B-08539 - MIR-MAR\",\"isPartOf\":{\"@id\":\"http:\\\/\\\/dafinoo.eu\\\/mirmar\\\/#website\"},\"primaryImageOfPage\":{\"@id\":\"http:\\\/\\\/dafinoo.eu\\\/mirmar\\\/obchod\\\/pilovy-list-kotuc-na-drevo-270-30-40-makforce-makita-b-08539\\\/#primaryimage\"},\"image\":{\"@id\":\"http:\\\/\\\/dafinoo.eu\\\/mirmar\\\/obchod\\\/pilovy-list-kotuc-na-drevo-270-30-40-makforce-makita-b-08539\\\/#primaryimage\"},\"thumbnailUrl\":\"http:\\\/\\\/dafinoo.eu\\\/mirmar\\\/wp-content\\\/uploads\\\/2021\\\/03\\\/2_3_85_1.jpg\",\"datePublished\":\"2021-03-15T16:37:07+00:00\",\"dateModified\":\"2021-04-19T17:53:28+00:00\",\"breadcrumb\":{\"@id\":\"http:\\\/\\\/dafinoo.eu\\\/mirmar\\\/obchod\\\/pilovy-list-kotuc-na-drevo-270-30-40-makforce-makita-b-08539\\\/#breadcrumb\"},\"inLanguage\":\"sk-SK\",\"potentialAction\":[{\"@type\":\"ReadAction\",\"target\":[\"http:\\\/\\\/dafinoo.eu\\\/mirmar\\\/obchod\\\/pilovy-list-kotuc-na-drevo-270-30-40-makforce-makita-b-08539\\\/\"]}]},{\"@type\":\"ImageObject\",\"inLanguage\":\"sk-SK\",\"@id\":\"http:\\\/\\\/dafinoo.eu\\\/mirmar\\\/obchod\\\/pilovy-list-kotuc-na-drevo-270-30-40-makforce-makita-b-08539\\\/#primaryimage\",\"url\":\"http:\\\/\\\/dafinoo.eu\\\/mirmar\\\/wp-content\\\/uploads\\\/2021\\\/03\\\/2_3_85_1.jpg\",\"contentUrl\":\"http:\\\/\\\/dafinoo.eu\\\/mirmar\\\/wp-content\\\/uploads\\\/2021\\\/03\\\/2_3_85_1.jpg\",\"width\":352,\"height\":336},{\"@type\":\"BreadcrumbList\",\"@id\":\"http:\\\/\\\/dafinoo.eu\\\/mirmar\\\/obchod\\\/pilovy-list-kotuc-na-drevo-270-30-40-makforce-makita-b-08539\\\/#breadcrumb\",\"itemListElement\":[{\"@type\":\"ListItem\",\"position\":1,\"name\":\"Domovsk\u00e1 str\u00e1nka\",\"item\":\"http:\\\/\\\/dafinoo.eu\\\/mirmar\\\/\"},{\"@type\":\"ListItem\",\"position\":2,\"name\":\"Obchod\",\"item\":\"http:\\\/\\\/dafinoo.eu\\\/mirmar\\\/obchod\\\/\"},{\"@type\":\"ListItem\",\"position\":3,\"name\":\"P\u00edlov\u00fd list kot\u00fa\u010d na drevo 270-30\\\/40 MAKFORCE Makita B-08539\"}]},{\"@type\":\"WebSite\",\"@id\":\"http:\\\/\\\/dafinoo.eu\\\/mirmar\\\/#website\",\"url\":\"http:\\\/\\\/dafinoo.eu\\\/mirmar\\\/\",\"name\":\"MIR-MAR\",\"description\":\"Eshop s n\u00e1rad\u00edm\",\"publisher\":{\"@id\":\"http:\\\/\\\/dafinoo.eu\\\/mirmar\\\/#organization\"},\"potentialAction\":[{\"@type\":\"SearchAction\",\"target\":{\"@type\":\"EntryPoint\",\"urlTemplate\":\"http:\\\/\\\/dafinoo.eu\\\/mirmar\\\/?s={search_term_string}\"},\"query-input\":{\"@type\":\"PropertyValueSpecification\",\"valueRequired\":true,\"valueName\":\"search_term_string\"}}],\"inLanguage\":\"sk-SK\"},{\"@type\":\"Organization\",\"@id\":\"http:\\\/\\\/dafinoo.eu\\\/mirmar\\\/#organization\",\"name\":\"MIR-MAR\",\"url\":\"http:\\\/\\\/dafinoo.eu\\\/mirmar\\\/\",\"logo\":{\"@type\":\"ImageObject\",\"inLanguage\":\"sk-SK\",\"@id\":\"http:\\\/\\\/dafinoo.eu\\\/mirmar\\\/#\\\/schema\\\/logo\\\/image\\\/\",\"url\":\"http:\\\/\\\/dafinoo.eu\\\/mirmar\\\/wp-content\\\/uploads\\\/2021\\\/03\\\/mirmar_logo.png\",\"contentUrl\":\"http:\\\/\\\/dafinoo.eu\\\/mirmar\\\/wp-content\\\/uploads\\\/2021\\\/03\\\/mirmar_logo.png\",\"width\":256,\"height\":60,\"caption\":\"MIR-MAR\"},\"image\":{\"@id\":\"http:\\\/\\\/dafinoo.eu\\\/mirmar\\\/#\\\/schema\\\/logo\\\/image\\\/\"},\"sameAs\":[\"https:\\\/\\\/facebook.com\\\/mirmareshop\"]}]}<\/script>\n<!-- \/ Yoast SEO plugin. -->","yoast_head_json":{"title":"P\u00edlov\u00fd list kot\u00fa\u010d na drevo 270-30\/40 MAKFORCE Makita B-08539 - MIR-MAR","robots":{"index":"index","follow":"follow","max-snippet":"max-snippet:-1","max-image-preview":"max-image-preview:large","max-video-preview":"max-video-preview:-1"},"canonical":"http:\/\/dafinoo.eu\/mirmar\/obchod\/pilovy-list-kotuc-na-drevo-270-30-40-makforce-makita-b-08539\/","og_locale":"sk_SK","og_type":"article","og_title":"P\u00edlov\u00fd list kot\u00fa\u010d na drevo 270-30\/40 MAKFORCE Makita B-08539 - MIR-MAR","og_description":"Vlastnosti: Priemer kot\u00fa\u010da: 270 mm Hr\u00fabka zubu: 2,6 mm V\u0155tanie: 30 mm Po\u010det zubov: 40 Hr\u00fabka kot\u00fa\u010da: 1,6 mm Uhol zubu: 20\u00ba Max.ot.: 5,650","og_url":"http:\/\/dafinoo.eu\/mirmar\/obchod\/pilovy-list-kotuc-na-drevo-270-30-40-makforce-makita-b-08539\/","og_site_name":"MIR-MAR","article_publisher":"https:\/\/facebook.com\/mirmareshop","article_modified_time":"2021-04-19T17:53:28+00:00","og_image":[{"width":352,"height":336,"url":"https:\/\/i0.wp.com\/www.mirmar.sk\/wp-content\/uploads\/2021\/03\/2_3_85_1.jpg?fit=352%2C336&ssl=1","type":"image\/jpeg"}],"twitter_misc":{"Predpokladan\u00fd \u010das \u010d\u00edtania":"1 min\u00fata"},"schema":{"@context":"https:\/\/schema.org","@graph":[{"@type":"WebPage","@id":"http:\/\/dafinoo.eu\/mirmar\/obchod\/pilovy-list-kotuc-na-drevo-270-30-40-makforce-makita-b-08539\/","url":"http:\/\/dafinoo.eu\/mirmar\/obchod\/pilovy-list-kotuc-na-drevo-270-30-40-makforce-makita-b-08539\/","name":"P\u00edlov\u00fd list kot\u00fa\u010d na drevo 270-30\/40 MAKFORCE Makita B-08539 - MIR-MAR","isPartOf":{"@id":"http:\/\/dafinoo.eu\/mirmar\/#website"},"primaryImageOfPage":{"@id":"http:\/\/dafinoo.eu\/mirmar\/obchod\/pilovy-list-kotuc-na-drevo-270-30-40-makforce-makita-b-08539\/#primaryimage"},"image":{"@id":"http:\/\/dafinoo.eu\/mirmar\/obchod\/pilovy-list-kotuc-na-drevo-270-30-40-makforce-makita-b-08539\/#primaryimage"},"thumbnailUrl":"http:\/\/dafinoo.eu\/mirmar\/wp-content\/uploads\/2021\/03\/2_3_85_1.jpg","datePublished":"2021-03-15T16:37:07+00:00","dateModified":"2021-04-19T17:53:28+00:00","breadcrumb":{"@id":"http:\/\/dafinoo.eu\/mirmar\/obchod\/pilovy-list-kotuc-na-drevo-270-30-40-makforce-makita-b-08539\/#breadcrumb"},"inLanguage":"sk-SK","potentialAction":[{"@type":"ReadAction","target":["http:\/\/dafinoo.eu\/mirmar\/obchod\/pilovy-list-kotuc-na-drevo-270-30-40-makforce-makita-b-08539\/"]}]},{"@type":"ImageObject","inLanguage":"sk-SK","@id":"http:\/\/dafinoo.eu\/mirmar\/obchod\/pilovy-list-kotuc-na-drevo-270-30-40-makforce-makita-b-08539\/#primaryimage","url":"http:\/\/dafinoo.eu\/mirmar\/wp-content\/uploads\/2021\/03\/2_3_85_1.jpg","contentUrl":"http:\/\/dafinoo.eu\/mirmar\/wp-content\/uploads\/2021\/03\/2_3_85_1.jpg","width":352,"height":336},{"@type":"BreadcrumbList","@id":"http:\/\/dafinoo.eu\/mirmar\/obchod\/pilovy-list-kotuc-na-drevo-270-30-40-makforce-makita-b-08539\/#breadcrumb","itemListElement":[{"@type":"ListItem","position":1,"name":"Domovsk\u00e1 str\u00e1nka","item":"http:\/\/dafinoo.eu\/mirmar\/"},{"@type":"ListItem","position":2,"name":"Obchod","item":"http:\/\/dafinoo.eu\/mirmar\/obchod\/"},{"@type":"ListItem","position":3,"name":"P\u00edlov\u00fd list kot\u00fa\u010d na drevo 270-30\/40 MAKFORCE Makita B-08539"}]},{"@type":"WebSite","@id":"http:\/\/dafinoo.eu\/mirmar\/#website","url":"http:\/\/dafinoo.eu\/mirmar\/","name":"MIR-MAR","description":"Eshop s n\u00e1rad\u00edm","publisher":{"@id":"http:\/\/dafinoo.eu\/mirmar\/#organization"},"potentialAction":[{"@type":"SearchAction","target":{"@type":"EntryPoint","urlTemplate":"http:\/\/dafinoo.eu\/mirmar\/?s={search_term_string}"},"query-input":{"@type":"PropertyValueSpecification","valueRequired":true,"valueName":"search_term_string"}}],"inLanguage":"sk-SK"},{"@type":"Organization","@id":"http:\/\/dafinoo.eu\/mirmar\/#organization","name":"MIR-MAR","url":"http:\/\/dafinoo.eu\/mirmar\/","logo":{"@type":"ImageObject","inLanguage":"sk-SK","@id":"http:\/\/dafinoo.eu\/mirmar\/#\/schema\/logo\/image\/","url":"http:\/\/dafinoo.eu\/mirmar\/wp-content\/uploads\/2021\/03\/mirmar_logo.png","contentUrl":"http:\/\/dafinoo.eu\/mirmar\/wp-content\/uploads\/2021\/03\/mirmar_logo.png","width":256,"height":60,"caption":"MIR-MAR"},"image":{"@id":"http:\/\/dafinoo.eu\/mirmar\/#\/schema\/logo\/image\/"},"sameAs":["https:\/\/facebook.com\/mirmareshop"]}]}},"_links":{"self":[{"href":"http:\/\/dafinoo.eu\/mirmar\/wp-json\/wp\/v2\/product\/39993","targetHints":{"allow":["GET"]}}],"collection":[{"href":"http:\/\/dafinoo.eu\/mirmar\/wp-json\/wp\/v2\/product"}],"about":[{"href":"http:\/\/dafinoo.eu\/mirmar\/wp-json\/wp\/v2\/types\/product"}],"replies":[{"embeddable":true,"href":"http:\/\/dafinoo.eu\/mirmar\/wp-json\/wp\/v2\/comments?post=39993"}],"wp:featuredmedia":[{"embeddable":true,"href":"http:\/\/dafinoo.eu\/mirmar\/wp-json\/wp\/v2\/media\/39994"}],"wp:attachment":[{"href":"http:\/\/dafinoo.eu\/mirmar\/wp-json\/wp\/v2\/media?parent=39993"}],"wp:term":[{"taxonomy":"product_cat","embeddable":true,"href":"http:\/\/dafinoo.eu\/mirmar\/wp-json\/wp\/v2\/product_cat?post=39993"},{"taxonomy":"product_tag","embeddable":true,"href":"http:\/\/dafinoo.eu\/mirmar\/wp-json\/wp\/v2\/product_tag?post=39993"}],"curies":[{"name":"wp","href":"https:\/\/api.w.org\/{rel}","templated":true}]}}