{"id":40037,"date":"2021-03-15T17:37:18","date_gmt":"2021-03-15T16:37:18","guid":{"rendered":"http:\/\/dafinoo.eu\/mirmar\/product\/pilovy-list-kotuc-na-drevo-255-30-40makblade-plus-makita-b-08648\/"},"modified":"2021-04-19T19:53:40","modified_gmt":"2021-04-19T17:53:40","slug":"pilovy-list-kotuc-na-drevo-255-30-40makblade-plus-makita-b-08648","status":"publish","type":"product","link":"http:\/\/dafinoo.eu\/mirmar\/obchod\/pilovy-list-kotuc-na-drevo-255-30-40makblade-plus-makita-b-08648\/","title":{"rendered":"P\u00edlov\u00fd list kot\u00fa\u010d na drevo 255-30\/40MAKBLADE PLUS Makita B-08648"},"content":{"rendered":"<p>P\u00edlov\u00e9 kot\u00fa\u010de Makblade Plus pre pokosov\u00e9 a stoln\u00e9 p\u00edly maj\u00fa jedine\u010dn\u00fa patentovan\u00fa technol\u00f3giu. Tieto kot\u00fa\u010de s\u00fa vyvinut\u00e9 k pohlteniu vibr\u00e1ci\u00ed a ve\u013emi tich\u00e9mu chodu. Maj\u00fa vlastnosti zlep\u0161ova\u0165 pracovn\u00e9 prostredie, \u017eivotnos\u0165 kot\u00fa\u010da a spo\u013eahlivos\u0165 cel\u00e9ho zariadenia. Kot\u00fa\u010d s men\u0161\u00edmi vibr\u00e1ciami zaist\u00ed presnej\u0161ie vedenie rezu a tie\u017e zni\u017euje h\u00e1dzavos\u0165. V\u00fdsledn\u00fdm efektom je ide\u00e1lna rezn\u00e1 plocha. Taktie\u017e m\u00e1 za d\u00f4sledok v\u00fdznamne dlh\u0161iu \u017eivotnos\u0165 zubov z karbidu wolframu prekra\u010duj\u00facu \u017eivotnos\u0165 konven\u010dn\u00fdch p\u00edlov\u00fdch kot\u00fa\u010dov s karbidov\u00fdmi hrotmi.<\/p>\n<p>Presne vystu\u017een\u00e9 kot\u00fa\u010de s plochej\u0161\u00edm ostr\u00edm a rovnej\u0161\u00edm rezom<br \/>\nPovrchov\u00e1 vrstva s ve\u013emi mal\u00fdm tren\u00edm znamen\u00e1 rezanie bez n\u00e1mahy a ochranu pre kor\u00f3ziou<br \/>\nN\u00edzke vibr\u00e1cie v\u010faka antivibra\u010dnej laserom rezanej dr\u00e1\u017eke.<\/p>\n","protected":false},"excerpt":{"rendered":"<p>Vlastnosti: 255 mm<br \/>\nHr\u00fabka zubu: 2,4 mm<br \/>\nV\u0155tanie: 30 mm<br \/>\nPo\u010det zubov: 40<br \/>\nHr\u00fabka kot\u00fa\u010da: 1,8 mm<br \/>\nUhol zubu: 5\u00ba<br \/>\nMax.ot.: 5,990<br \/>\n&#8211; prie\u010dny rez<\/p>\n","protected":false},"featured_media":40038,"comment_status":"closed","ping_status":"open","template":"","meta":{"_lmt_disableupdate":"","_lmt_disable":""},"product_cat":[3051,3369,3398,3399,3402],"product_tag":[],"class_list":{"0":"post-40037","1":"product","2":"type-product","3":"status-publish","4":"has-post-thumbnail","6":"product_cat-makita","7":"product_cat-makita-prislusenstvo","8":"product_cat-sortiment-prislusenstva-pily","9":"product_cat-pilove-kotuce","10":"product_cat-makblade-plus-pre-pokosove-a-stolne-pily","11":"ts_product_brand-makita","13":"first","14":"instock","15":"taxable","16":"shipping-taxable","17":"purchasable","18":"product-type-simple"},"yoast_head":"<!-- This site is optimized with the Yoast SEO plugin v27.3 - https:\/\/yoast.com\/product\/yoast-seo-wordpress\/ -->\n<title>P\u00edlov\u00fd list kot\u00fa\u010d na drevo 255-30\/40MAKBLADE PLUS Makita B-08648 - MIR-MAR<\/title>\n<meta name=\"robots\" content=\"index, follow, max-snippet:-1, max-image-preview:large, max-video-preview:-1\" \/>\n<link rel=\"canonical\" href=\"http:\/\/dafinoo.eu\/mirmar\/obchod\/pilovy-list-kotuc-na-drevo-255-30-40makblade-plus-makita-b-08648\/\" \/>\n<meta property=\"og:locale\" content=\"sk_SK\" \/>\n<meta property=\"og:type\" content=\"article\" \/>\n<meta property=\"og:title\" content=\"P\u00edlov\u00fd list kot\u00fa\u010d na drevo 255-30\/40MAKBLADE PLUS Makita B-08648 - MIR-MAR\" \/>\n<meta property=\"og:description\" content=\"Vlastnosti: 255 mm Hr\u00fabka zubu: 2,4 mm V\u0155tanie: 30 mm Po\u010det zubov: 40 Hr\u00fabka kot\u00fa\u010da: 1,8 mm Uhol zubu: 5\u00ba Max.ot.: 5,990 - prie\u010dny rez\" \/>\n<meta property=\"og:url\" content=\"http:\/\/dafinoo.eu\/mirmar\/obchod\/pilovy-list-kotuc-na-drevo-255-30-40makblade-plus-makita-b-08648\/\" \/>\n<meta property=\"og:site_name\" content=\"MIR-MAR\" \/>\n<meta property=\"article:publisher\" content=\"https:\/\/facebook.com\/mirmareshop\" \/>\n<meta property=\"article:modified_time\" content=\"2021-04-19T17:53:40+00:00\" \/>\n<meta property=\"og:image\" content=\"https:\/\/i2.wp.com\/www.mirmar.sk\/wp-content\/uploads\/2021\/03\/sta_en_soubor_11_1.jpg?fit=200%2C200&ssl=1\" \/>\n\t<meta property=\"og:image:width\" content=\"200\" \/>\n\t<meta property=\"og:image:height\" content=\"200\" \/>\n\t<meta property=\"og:image:type\" content=\"image\/jpeg\" \/>\n<meta name=\"twitter:label1\" content=\"Predpokladan\u00fd \u010das \u010d\u00edtania\" \/>\n\t<meta name=\"twitter:data1\" content=\"1 min\u00fata\" \/>\n<script type=\"application\/ld+json\" class=\"yoast-schema-graph\">{\"@context\":\"https:\\\/\\\/schema.org\",\"@graph\":[{\"@type\":\"WebPage\",\"@id\":\"http:\\\/\\\/dafinoo.eu\\\/mirmar\\\/obchod\\\/pilovy-list-kotuc-na-drevo-255-30-40makblade-plus-makita-b-08648\\\/\",\"url\":\"http:\\\/\\\/dafinoo.eu\\\/mirmar\\\/obchod\\\/pilovy-list-kotuc-na-drevo-255-30-40makblade-plus-makita-b-08648\\\/\",\"name\":\"P\u00edlov\u00fd list kot\u00fa\u010d na drevo 255-30\\\/40MAKBLADE PLUS Makita B-08648 - MIR-MAR\",\"isPartOf\":{\"@id\":\"http:\\\/\\\/dafinoo.eu\\\/mirmar\\\/#website\"},\"primaryImageOfPage\":{\"@id\":\"http:\\\/\\\/dafinoo.eu\\\/mirmar\\\/obchod\\\/pilovy-list-kotuc-na-drevo-255-30-40makblade-plus-makita-b-08648\\\/#primaryimage\"},\"image\":{\"@id\":\"http:\\\/\\\/dafinoo.eu\\\/mirmar\\\/obchod\\\/pilovy-list-kotuc-na-drevo-255-30-40makblade-plus-makita-b-08648\\\/#primaryimage\"},\"thumbnailUrl\":\"http:\\\/\\\/dafinoo.eu\\\/mirmar\\\/wp-content\\\/uploads\\\/2021\\\/03\\\/sta_en_soubor_11_1.jpg\",\"datePublished\":\"2021-03-15T16:37:18+00:00\",\"dateModified\":\"2021-04-19T17:53:40+00:00\",\"breadcrumb\":{\"@id\":\"http:\\\/\\\/dafinoo.eu\\\/mirmar\\\/obchod\\\/pilovy-list-kotuc-na-drevo-255-30-40makblade-plus-makita-b-08648\\\/#breadcrumb\"},\"inLanguage\":\"sk-SK\",\"potentialAction\":[{\"@type\":\"ReadAction\",\"target\":[\"http:\\\/\\\/dafinoo.eu\\\/mirmar\\\/obchod\\\/pilovy-list-kotuc-na-drevo-255-30-40makblade-plus-makita-b-08648\\\/\"]}]},{\"@type\":\"ImageObject\",\"inLanguage\":\"sk-SK\",\"@id\":\"http:\\\/\\\/dafinoo.eu\\\/mirmar\\\/obchod\\\/pilovy-list-kotuc-na-drevo-255-30-40makblade-plus-makita-b-08648\\\/#primaryimage\",\"url\":\"http:\\\/\\\/dafinoo.eu\\\/mirmar\\\/wp-content\\\/uploads\\\/2021\\\/03\\\/sta_en_soubor_11_1.jpg\",\"contentUrl\":\"http:\\\/\\\/dafinoo.eu\\\/mirmar\\\/wp-content\\\/uploads\\\/2021\\\/03\\\/sta_en_soubor_11_1.jpg\",\"width\":200,\"height\":200},{\"@type\":\"BreadcrumbList\",\"@id\":\"http:\\\/\\\/dafinoo.eu\\\/mirmar\\\/obchod\\\/pilovy-list-kotuc-na-drevo-255-30-40makblade-plus-makita-b-08648\\\/#breadcrumb\",\"itemListElement\":[{\"@type\":\"ListItem\",\"position\":1,\"name\":\"Domovsk\u00e1 str\u00e1nka\",\"item\":\"http:\\\/\\\/dafinoo.eu\\\/mirmar\\\/\"},{\"@type\":\"ListItem\",\"position\":2,\"name\":\"Obchod\",\"item\":\"http:\\\/\\\/dafinoo.eu\\\/mirmar\\\/obchod\\\/\"},{\"@type\":\"ListItem\",\"position\":3,\"name\":\"P\u00edlov\u00fd list kot\u00fa\u010d na drevo 255-30\\\/40MAKBLADE PLUS Makita B-08648\"}]},{\"@type\":\"WebSite\",\"@id\":\"http:\\\/\\\/dafinoo.eu\\\/mirmar\\\/#website\",\"url\":\"http:\\\/\\\/dafinoo.eu\\\/mirmar\\\/\",\"name\":\"MIR-MAR\",\"description\":\"Eshop s n\u00e1rad\u00edm\",\"publisher\":{\"@id\":\"http:\\\/\\\/dafinoo.eu\\\/mirmar\\\/#organization\"},\"potentialAction\":[{\"@type\":\"SearchAction\",\"target\":{\"@type\":\"EntryPoint\",\"urlTemplate\":\"http:\\\/\\\/dafinoo.eu\\\/mirmar\\\/?s={search_term_string}\"},\"query-input\":{\"@type\":\"PropertyValueSpecification\",\"valueRequired\":true,\"valueName\":\"search_term_string\"}}],\"inLanguage\":\"sk-SK\"},{\"@type\":\"Organization\",\"@id\":\"http:\\\/\\\/dafinoo.eu\\\/mirmar\\\/#organization\",\"name\":\"MIR-MAR\",\"url\":\"http:\\\/\\\/dafinoo.eu\\\/mirmar\\\/\",\"logo\":{\"@type\":\"ImageObject\",\"inLanguage\":\"sk-SK\",\"@id\":\"http:\\\/\\\/dafinoo.eu\\\/mirmar\\\/#\\\/schema\\\/logo\\\/image\\\/\",\"url\":\"http:\\\/\\\/dafinoo.eu\\\/mirmar\\\/wp-content\\\/uploads\\\/2021\\\/03\\\/mirmar_logo.png\",\"contentUrl\":\"http:\\\/\\\/dafinoo.eu\\\/mirmar\\\/wp-content\\\/uploads\\\/2021\\\/03\\\/mirmar_logo.png\",\"width\":256,\"height\":60,\"caption\":\"MIR-MAR\"},\"image\":{\"@id\":\"http:\\\/\\\/dafinoo.eu\\\/mirmar\\\/#\\\/schema\\\/logo\\\/image\\\/\"},\"sameAs\":[\"https:\\\/\\\/facebook.com\\\/mirmareshop\"]}]}<\/script>\n<!-- \/ Yoast SEO plugin. -->","yoast_head_json":{"title":"P\u00edlov\u00fd list kot\u00fa\u010d na drevo 255-30\/40MAKBLADE PLUS Makita B-08648 - MIR-MAR","robots":{"index":"index","follow":"follow","max-snippet":"max-snippet:-1","max-image-preview":"max-image-preview:large","max-video-preview":"max-video-preview:-1"},"canonical":"http:\/\/dafinoo.eu\/mirmar\/obchod\/pilovy-list-kotuc-na-drevo-255-30-40makblade-plus-makita-b-08648\/","og_locale":"sk_SK","og_type":"article","og_title":"P\u00edlov\u00fd list kot\u00fa\u010d na drevo 255-30\/40MAKBLADE PLUS Makita B-08648 - MIR-MAR","og_description":"Vlastnosti: 255 mm Hr\u00fabka zubu: 2,4 mm V\u0155tanie: 30 mm Po\u010det zubov: 40 Hr\u00fabka kot\u00fa\u010da: 1,8 mm Uhol zubu: 5\u00ba Max.ot.: 5,990 - prie\u010dny rez","og_url":"http:\/\/dafinoo.eu\/mirmar\/obchod\/pilovy-list-kotuc-na-drevo-255-30-40makblade-plus-makita-b-08648\/","og_site_name":"MIR-MAR","article_publisher":"https:\/\/facebook.com\/mirmareshop","article_modified_time":"2021-04-19T17:53:40+00:00","og_image":[{"width":200,"height":200,"url":"https:\/\/i2.wp.com\/www.mirmar.sk\/wp-content\/uploads\/2021\/03\/sta_en_soubor_11_1.jpg?fit=200%2C200&ssl=1","type":"image\/jpeg"}],"twitter_misc":{"Predpokladan\u00fd \u010das \u010d\u00edtania":"1 min\u00fata"},"schema":{"@context":"https:\/\/schema.org","@graph":[{"@type":"WebPage","@id":"http:\/\/dafinoo.eu\/mirmar\/obchod\/pilovy-list-kotuc-na-drevo-255-30-40makblade-plus-makita-b-08648\/","url":"http:\/\/dafinoo.eu\/mirmar\/obchod\/pilovy-list-kotuc-na-drevo-255-30-40makblade-plus-makita-b-08648\/","name":"P\u00edlov\u00fd list kot\u00fa\u010d na drevo 255-30\/40MAKBLADE PLUS Makita B-08648 - MIR-MAR","isPartOf":{"@id":"http:\/\/dafinoo.eu\/mirmar\/#website"},"primaryImageOfPage":{"@id":"http:\/\/dafinoo.eu\/mirmar\/obchod\/pilovy-list-kotuc-na-drevo-255-30-40makblade-plus-makita-b-08648\/#primaryimage"},"image":{"@id":"http:\/\/dafinoo.eu\/mirmar\/obchod\/pilovy-list-kotuc-na-drevo-255-30-40makblade-plus-makita-b-08648\/#primaryimage"},"thumbnailUrl":"http:\/\/dafinoo.eu\/mirmar\/wp-content\/uploads\/2021\/03\/sta_en_soubor_11_1.jpg","datePublished":"2021-03-15T16:37:18+00:00","dateModified":"2021-04-19T17:53:40+00:00","breadcrumb":{"@id":"http:\/\/dafinoo.eu\/mirmar\/obchod\/pilovy-list-kotuc-na-drevo-255-30-40makblade-plus-makita-b-08648\/#breadcrumb"},"inLanguage":"sk-SK","potentialAction":[{"@type":"ReadAction","target":["http:\/\/dafinoo.eu\/mirmar\/obchod\/pilovy-list-kotuc-na-drevo-255-30-40makblade-plus-makita-b-08648\/"]}]},{"@type":"ImageObject","inLanguage":"sk-SK","@id":"http:\/\/dafinoo.eu\/mirmar\/obchod\/pilovy-list-kotuc-na-drevo-255-30-40makblade-plus-makita-b-08648\/#primaryimage","url":"http:\/\/dafinoo.eu\/mirmar\/wp-content\/uploads\/2021\/03\/sta_en_soubor_11_1.jpg","contentUrl":"http:\/\/dafinoo.eu\/mirmar\/wp-content\/uploads\/2021\/03\/sta_en_soubor_11_1.jpg","width":200,"height":200},{"@type":"BreadcrumbList","@id":"http:\/\/dafinoo.eu\/mirmar\/obchod\/pilovy-list-kotuc-na-drevo-255-30-40makblade-plus-makita-b-08648\/#breadcrumb","itemListElement":[{"@type":"ListItem","position":1,"name":"Domovsk\u00e1 str\u00e1nka","item":"http:\/\/dafinoo.eu\/mirmar\/"},{"@type":"ListItem","position":2,"name":"Obchod","item":"http:\/\/dafinoo.eu\/mirmar\/obchod\/"},{"@type":"ListItem","position":3,"name":"P\u00edlov\u00fd list kot\u00fa\u010d na drevo 255-30\/40MAKBLADE PLUS Makita B-08648"}]},{"@type":"WebSite","@id":"http:\/\/dafinoo.eu\/mirmar\/#website","url":"http:\/\/dafinoo.eu\/mirmar\/","name":"MIR-MAR","description":"Eshop s n\u00e1rad\u00edm","publisher":{"@id":"http:\/\/dafinoo.eu\/mirmar\/#organization"},"potentialAction":[{"@type":"SearchAction","target":{"@type":"EntryPoint","urlTemplate":"http:\/\/dafinoo.eu\/mirmar\/?s={search_term_string}"},"query-input":{"@type":"PropertyValueSpecification","valueRequired":true,"valueName":"search_term_string"}}],"inLanguage":"sk-SK"},{"@type":"Organization","@id":"http:\/\/dafinoo.eu\/mirmar\/#organization","name":"MIR-MAR","url":"http:\/\/dafinoo.eu\/mirmar\/","logo":{"@type":"ImageObject","inLanguage":"sk-SK","@id":"http:\/\/dafinoo.eu\/mirmar\/#\/schema\/logo\/image\/","url":"http:\/\/dafinoo.eu\/mirmar\/wp-content\/uploads\/2021\/03\/mirmar_logo.png","contentUrl":"http:\/\/dafinoo.eu\/mirmar\/wp-content\/uploads\/2021\/03\/mirmar_logo.png","width":256,"height":60,"caption":"MIR-MAR"},"image":{"@id":"http:\/\/dafinoo.eu\/mirmar\/#\/schema\/logo\/image\/"},"sameAs":["https:\/\/facebook.com\/mirmareshop"]}]}},"_links":{"self":[{"href":"http:\/\/dafinoo.eu\/mirmar\/wp-json\/wp\/v2\/product\/40037","targetHints":{"allow":["GET"]}}],"collection":[{"href":"http:\/\/dafinoo.eu\/mirmar\/wp-json\/wp\/v2\/product"}],"about":[{"href":"http:\/\/dafinoo.eu\/mirmar\/wp-json\/wp\/v2\/types\/product"}],"replies":[{"embeddable":true,"href":"http:\/\/dafinoo.eu\/mirmar\/wp-json\/wp\/v2\/comments?post=40037"}],"wp:featuredmedia":[{"embeddable":true,"href":"http:\/\/dafinoo.eu\/mirmar\/wp-json\/wp\/v2\/media\/40038"}],"wp:attachment":[{"href":"http:\/\/dafinoo.eu\/mirmar\/wp-json\/wp\/v2\/media?parent=40037"}],"wp:term":[{"taxonomy":"product_cat","embeddable":true,"href":"http:\/\/dafinoo.eu\/mirmar\/wp-json\/wp\/v2\/product_cat?post=40037"},{"taxonomy":"product_tag","embeddable":true,"href":"http:\/\/dafinoo.eu\/mirmar\/wp-json\/wp\/v2\/product_tag?post=40037"}],"curies":[{"name":"wp","href":"https:\/\/api.w.org\/{rel}","templated":true}]}}