{"id":40153,"date":"2021-03-15T17:38:17","date_gmt":"2021-03-15T16:38:17","guid":{"rendered":"http:\/\/dafinoo.eu\/mirmar\/product\/pilove-kotuce-pre-akku-pily-165-20-40-specialized-makita-b-09248\/"},"modified":"2021-04-19T19:54:03","modified_gmt":"2021-04-19T17:54:03","slug":"pilove-kotuce-pre-akku-pily-165-20-40-specialized-makita-b-09248","status":"publish","type":"product","link":"http:\/\/dafinoo.eu\/mirmar\/obchod\/pilove-kotuce-pre-akku-pily-165-20-40-specialized-makita-b-09248\/","title":{"rendered":"P\u00edlov\u00e9 kot\u00fa\u010de pre AKKU p\u00edly  165-20\/40  SPECIALIZED Makita B-09248"},"content":{"rendered":"<p>U\u0161\u013eachtil\u00e9 p\u00edlov\u00e9 kot\u00fa\u010de vyroben\u00e9 \u0161peci\u00e1lne pre AKKU p\u00edly. Na rezanie dreva pomocou AKKU kot\u00fa\u010dov\u00fdch p\u00edl<br \/>\n&#8211; ultratenk\u00e9, perfektne vystu\u017een\u00e9 oce\u013eov\u00e9 kot\u00fa\u010de pre rovn\u00e9 vedenie. Predl\u017euje v\u00fddr\u017e bat\u00e9ri\u00ed<br \/>\n&#8211; presne br\u00fasen\u00e9 z prvotriedneho karbidu pre \u013eah\u0161ie, hlad\u0161ie rezy a dlh\u00fa \u017eivotnos\u0165<br \/>\n&#8211; usporiadanie zubov odpoved\u00e1 zvl\u00e1\u0161tnym po\u017eiadavk\u00e1m na rezanie<br \/>\n\u0160peci\u00e1lna kon\u0161trukcia<br \/>\nVynikaj\u00face pre Akku p\u00edly &#8211; predl\u017euje v\u00fddr\u017e bat\u00e9rie a chr\u00e1ni motor<br \/>\nNajlep\u0161\u00ed povrch<br \/>\nPresne br\u00fasen\u00e9 zuby s povrchom ako zrkadlo a ostrej\u0161\u00edm britom<br \/>\n\u0160irok\u00e1 mo\u017enos\u0165 pou\u017eitia<br \/>\nKot\u00fa\u010de vhodn\u00e9 pre \u0161irok\u00fa \u0161k\u00e1lu mo\u017en\u00e9ho pou\u017eitia<\/p>\n","protected":false},"excerpt":{"rendered":"<p>Vlastnosti: 165 mm<br \/>\nHr\u00fabka zubu: 1,6 mm<br \/>\nV\u0155tanie: 20 mm<br \/>\nPo\u010det zubov: 40<br \/>\nHr\u00fabka kot\u00fa\u010da: 1 mm<br \/>\nUhol zubu: 18\u00ba<br \/>\nMax.ot.: 4,770<br \/>\n&#8211; prie\u010dny a pozd\u013a\u017eny rez<\/p>\n","protected":false},"featured_media":40154,"comment_status":"closed","ping_status":"open","template":"","meta":{"_lmt_disableupdate":"","_lmt_disable":""},"product_cat":[3051,3369,3398,3399,3404],"product_tag":[],"class_list":{"0":"post-40153","1":"product","2":"type-product","3":"status-publish","4":"has-post-thumbnail","6":"product_cat-makita","7":"product_cat-makita-prislusenstvo","8":"product_cat-sortiment-prislusenstva-pily","9":"product_cat-pilove-kotuce","10":"product_cat-specialne-kotuce-pre-akku-pily","11":"ts_product_brand-makita","13":"first","14":"instock","15":"taxable","16":"shipping-taxable","17":"purchasable","18":"product-type-simple"},"yoast_head":"<!-- This site is optimized with the Yoast SEO plugin v27.3 - https:\/\/yoast.com\/product\/yoast-seo-wordpress\/ -->\n<title>P\u00edlov\u00e9 kot\u00fa\u010de pre AKKU p\u00edly 165-20\/40 SPECIALIZED Makita B-09248 - MIR-MAR<\/title>\n<meta name=\"robots\" content=\"index, follow, max-snippet:-1, max-image-preview:large, max-video-preview:-1\" \/>\n<link rel=\"canonical\" href=\"http:\/\/dafinoo.eu\/mirmar\/obchod\/pilove-kotuce-pre-akku-pily-165-20-40-specialized-makita-b-09248\/\" \/>\n<meta property=\"og:locale\" content=\"sk_SK\" \/>\n<meta property=\"og:type\" content=\"article\" \/>\n<meta property=\"og:title\" content=\"P\u00edlov\u00e9 kot\u00fa\u010de pre AKKU p\u00edly 165-20\/40 SPECIALIZED Makita B-09248 - MIR-MAR\" \/>\n<meta property=\"og:description\" content=\"Vlastnosti: 165 mm Hr\u00fabka zubu: 1,6 mm V\u0155tanie: 20 mm Po\u010det zubov: 40 Hr\u00fabka kot\u00fa\u010da: 1 mm Uhol zubu: 18\u00ba Max.ot.: 4,770 - prie\u010dny a pozd\u013a\u017eny rez\" \/>\n<meta property=\"og:url\" content=\"http:\/\/dafinoo.eu\/mirmar\/obchod\/pilove-kotuce-pre-akku-pily-165-20-40-specialized-makita-b-09248\/\" \/>\n<meta property=\"og:site_name\" content=\"MIR-MAR\" \/>\n<meta property=\"article:publisher\" content=\"https:\/\/facebook.com\/mirmareshop\" \/>\n<meta property=\"article:modified_time\" content=\"2021-04-19T17:54:03+00:00\" \/>\n<meta property=\"og:image\" content=\"https:\/\/i0.wp.com\/www.mirmar.sk\/wp-content\/uploads\/2021\/03\/3_12_1.gif?fit=180%2C300&ssl=1\" \/>\n\t<meta property=\"og:image:width\" content=\"180\" \/>\n\t<meta property=\"og:image:height\" content=\"300\" \/>\n\t<meta property=\"og:image:type\" content=\"image\/gif\" \/>\n<meta name=\"twitter:label1\" content=\"Predpokladan\u00fd \u010das \u010d\u00edtania\" \/>\n\t<meta name=\"twitter:data1\" content=\"1 min\u00fata\" \/>\n<script type=\"application\/ld+json\" class=\"yoast-schema-graph\">{\"@context\":\"https:\\\/\\\/schema.org\",\"@graph\":[{\"@type\":\"WebPage\",\"@id\":\"http:\\\/\\\/dafinoo.eu\\\/mirmar\\\/obchod\\\/pilove-kotuce-pre-akku-pily-165-20-40-specialized-makita-b-09248\\\/\",\"url\":\"http:\\\/\\\/dafinoo.eu\\\/mirmar\\\/obchod\\\/pilove-kotuce-pre-akku-pily-165-20-40-specialized-makita-b-09248\\\/\",\"name\":\"P\u00edlov\u00e9 kot\u00fa\u010de pre AKKU p\u00edly 165-20\\\/40 SPECIALIZED Makita B-09248 - MIR-MAR\",\"isPartOf\":{\"@id\":\"http:\\\/\\\/dafinoo.eu\\\/mirmar\\\/#website\"},\"primaryImageOfPage\":{\"@id\":\"http:\\\/\\\/dafinoo.eu\\\/mirmar\\\/obchod\\\/pilove-kotuce-pre-akku-pily-165-20-40-specialized-makita-b-09248\\\/#primaryimage\"},\"image\":{\"@id\":\"http:\\\/\\\/dafinoo.eu\\\/mirmar\\\/obchod\\\/pilove-kotuce-pre-akku-pily-165-20-40-specialized-makita-b-09248\\\/#primaryimage\"},\"thumbnailUrl\":\"http:\\\/\\\/dafinoo.eu\\\/mirmar\\\/wp-content\\\/uploads\\\/2021\\\/03\\\/3_12_1.gif\",\"datePublished\":\"2021-03-15T16:38:17+00:00\",\"dateModified\":\"2021-04-19T17:54:03+00:00\",\"breadcrumb\":{\"@id\":\"http:\\\/\\\/dafinoo.eu\\\/mirmar\\\/obchod\\\/pilove-kotuce-pre-akku-pily-165-20-40-specialized-makita-b-09248\\\/#breadcrumb\"},\"inLanguage\":\"sk-SK\",\"potentialAction\":[{\"@type\":\"ReadAction\",\"target\":[\"http:\\\/\\\/dafinoo.eu\\\/mirmar\\\/obchod\\\/pilove-kotuce-pre-akku-pily-165-20-40-specialized-makita-b-09248\\\/\"]}]},{\"@type\":\"ImageObject\",\"inLanguage\":\"sk-SK\",\"@id\":\"http:\\\/\\\/dafinoo.eu\\\/mirmar\\\/obchod\\\/pilove-kotuce-pre-akku-pily-165-20-40-specialized-makita-b-09248\\\/#primaryimage\",\"url\":\"http:\\\/\\\/dafinoo.eu\\\/mirmar\\\/wp-content\\\/uploads\\\/2021\\\/03\\\/3_12_1.gif\",\"contentUrl\":\"http:\\\/\\\/dafinoo.eu\\\/mirmar\\\/wp-content\\\/uploads\\\/2021\\\/03\\\/3_12_1.gif\",\"width\":180,\"height\":300},{\"@type\":\"BreadcrumbList\",\"@id\":\"http:\\\/\\\/dafinoo.eu\\\/mirmar\\\/obchod\\\/pilove-kotuce-pre-akku-pily-165-20-40-specialized-makita-b-09248\\\/#breadcrumb\",\"itemListElement\":[{\"@type\":\"ListItem\",\"position\":1,\"name\":\"Domovsk\u00e1 str\u00e1nka\",\"item\":\"http:\\\/\\\/dafinoo.eu\\\/mirmar\\\/\"},{\"@type\":\"ListItem\",\"position\":2,\"name\":\"Obchod\",\"item\":\"http:\\\/\\\/dafinoo.eu\\\/mirmar\\\/obchod\\\/\"},{\"@type\":\"ListItem\",\"position\":3,\"name\":\"P\u00edlov\u00e9 kot\u00fa\u010de pre AKKU p\u00edly 165-20\\\/40 SPECIALIZED Makita B-09248\"}]},{\"@type\":\"WebSite\",\"@id\":\"http:\\\/\\\/dafinoo.eu\\\/mirmar\\\/#website\",\"url\":\"http:\\\/\\\/dafinoo.eu\\\/mirmar\\\/\",\"name\":\"MIR-MAR\",\"description\":\"Eshop s n\u00e1rad\u00edm\",\"publisher\":{\"@id\":\"http:\\\/\\\/dafinoo.eu\\\/mirmar\\\/#organization\"},\"potentialAction\":[{\"@type\":\"SearchAction\",\"target\":{\"@type\":\"EntryPoint\",\"urlTemplate\":\"http:\\\/\\\/dafinoo.eu\\\/mirmar\\\/?s={search_term_string}\"},\"query-input\":{\"@type\":\"PropertyValueSpecification\",\"valueRequired\":true,\"valueName\":\"search_term_string\"}}],\"inLanguage\":\"sk-SK\"},{\"@type\":\"Organization\",\"@id\":\"http:\\\/\\\/dafinoo.eu\\\/mirmar\\\/#organization\",\"name\":\"MIR-MAR\",\"url\":\"http:\\\/\\\/dafinoo.eu\\\/mirmar\\\/\",\"logo\":{\"@type\":\"ImageObject\",\"inLanguage\":\"sk-SK\",\"@id\":\"http:\\\/\\\/dafinoo.eu\\\/mirmar\\\/#\\\/schema\\\/logo\\\/image\\\/\",\"url\":\"http:\\\/\\\/dafinoo.eu\\\/mirmar\\\/wp-content\\\/uploads\\\/2021\\\/03\\\/mirmar_logo.png\",\"contentUrl\":\"http:\\\/\\\/dafinoo.eu\\\/mirmar\\\/wp-content\\\/uploads\\\/2021\\\/03\\\/mirmar_logo.png\",\"width\":256,\"height\":60,\"caption\":\"MIR-MAR\"},\"image\":{\"@id\":\"http:\\\/\\\/dafinoo.eu\\\/mirmar\\\/#\\\/schema\\\/logo\\\/image\\\/\"},\"sameAs\":[\"https:\\\/\\\/facebook.com\\\/mirmareshop\"]}]}<\/script>\n<!-- \/ Yoast SEO plugin. -->","yoast_head_json":{"title":"P\u00edlov\u00e9 kot\u00fa\u010de pre AKKU p\u00edly 165-20\/40 SPECIALIZED Makita B-09248 - MIR-MAR","robots":{"index":"index","follow":"follow","max-snippet":"max-snippet:-1","max-image-preview":"max-image-preview:large","max-video-preview":"max-video-preview:-1"},"canonical":"http:\/\/dafinoo.eu\/mirmar\/obchod\/pilove-kotuce-pre-akku-pily-165-20-40-specialized-makita-b-09248\/","og_locale":"sk_SK","og_type":"article","og_title":"P\u00edlov\u00e9 kot\u00fa\u010de pre AKKU p\u00edly 165-20\/40 SPECIALIZED Makita B-09248 - MIR-MAR","og_description":"Vlastnosti: 165 mm Hr\u00fabka zubu: 1,6 mm V\u0155tanie: 20 mm Po\u010det zubov: 40 Hr\u00fabka kot\u00fa\u010da: 1 mm Uhol zubu: 18\u00ba Max.ot.: 4,770 - prie\u010dny a pozd\u013a\u017eny rez","og_url":"http:\/\/dafinoo.eu\/mirmar\/obchod\/pilove-kotuce-pre-akku-pily-165-20-40-specialized-makita-b-09248\/","og_site_name":"MIR-MAR","article_publisher":"https:\/\/facebook.com\/mirmareshop","article_modified_time":"2021-04-19T17:54:03+00:00","og_image":[{"width":180,"height":300,"url":"https:\/\/i0.wp.com\/www.mirmar.sk\/wp-content\/uploads\/2021\/03\/3_12_1.gif?fit=180%2C300&ssl=1","type":"image\/gif"}],"twitter_misc":{"Predpokladan\u00fd \u010das \u010d\u00edtania":"1 min\u00fata"},"schema":{"@context":"https:\/\/schema.org","@graph":[{"@type":"WebPage","@id":"http:\/\/dafinoo.eu\/mirmar\/obchod\/pilove-kotuce-pre-akku-pily-165-20-40-specialized-makita-b-09248\/","url":"http:\/\/dafinoo.eu\/mirmar\/obchod\/pilove-kotuce-pre-akku-pily-165-20-40-specialized-makita-b-09248\/","name":"P\u00edlov\u00e9 kot\u00fa\u010de pre AKKU p\u00edly 165-20\/40 SPECIALIZED Makita B-09248 - MIR-MAR","isPartOf":{"@id":"http:\/\/dafinoo.eu\/mirmar\/#website"},"primaryImageOfPage":{"@id":"http:\/\/dafinoo.eu\/mirmar\/obchod\/pilove-kotuce-pre-akku-pily-165-20-40-specialized-makita-b-09248\/#primaryimage"},"image":{"@id":"http:\/\/dafinoo.eu\/mirmar\/obchod\/pilove-kotuce-pre-akku-pily-165-20-40-specialized-makita-b-09248\/#primaryimage"},"thumbnailUrl":"http:\/\/dafinoo.eu\/mirmar\/wp-content\/uploads\/2021\/03\/3_12_1.gif","datePublished":"2021-03-15T16:38:17+00:00","dateModified":"2021-04-19T17:54:03+00:00","breadcrumb":{"@id":"http:\/\/dafinoo.eu\/mirmar\/obchod\/pilove-kotuce-pre-akku-pily-165-20-40-specialized-makita-b-09248\/#breadcrumb"},"inLanguage":"sk-SK","potentialAction":[{"@type":"ReadAction","target":["http:\/\/dafinoo.eu\/mirmar\/obchod\/pilove-kotuce-pre-akku-pily-165-20-40-specialized-makita-b-09248\/"]}]},{"@type":"ImageObject","inLanguage":"sk-SK","@id":"http:\/\/dafinoo.eu\/mirmar\/obchod\/pilove-kotuce-pre-akku-pily-165-20-40-specialized-makita-b-09248\/#primaryimage","url":"http:\/\/dafinoo.eu\/mirmar\/wp-content\/uploads\/2021\/03\/3_12_1.gif","contentUrl":"http:\/\/dafinoo.eu\/mirmar\/wp-content\/uploads\/2021\/03\/3_12_1.gif","width":180,"height":300},{"@type":"BreadcrumbList","@id":"http:\/\/dafinoo.eu\/mirmar\/obchod\/pilove-kotuce-pre-akku-pily-165-20-40-specialized-makita-b-09248\/#breadcrumb","itemListElement":[{"@type":"ListItem","position":1,"name":"Domovsk\u00e1 str\u00e1nka","item":"http:\/\/dafinoo.eu\/mirmar\/"},{"@type":"ListItem","position":2,"name":"Obchod","item":"http:\/\/dafinoo.eu\/mirmar\/obchod\/"},{"@type":"ListItem","position":3,"name":"P\u00edlov\u00e9 kot\u00fa\u010de pre AKKU p\u00edly 165-20\/40 SPECIALIZED Makita B-09248"}]},{"@type":"WebSite","@id":"http:\/\/dafinoo.eu\/mirmar\/#website","url":"http:\/\/dafinoo.eu\/mirmar\/","name":"MIR-MAR","description":"Eshop s n\u00e1rad\u00edm","publisher":{"@id":"http:\/\/dafinoo.eu\/mirmar\/#organization"},"potentialAction":[{"@type":"SearchAction","target":{"@type":"EntryPoint","urlTemplate":"http:\/\/dafinoo.eu\/mirmar\/?s={search_term_string}"},"query-input":{"@type":"PropertyValueSpecification","valueRequired":true,"valueName":"search_term_string"}}],"inLanguage":"sk-SK"},{"@type":"Organization","@id":"http:\/\/dafinoo.eu\/mirmar\/#organization","name":"MIR-MAR","url":"http:\/\/dafinoo.eu\/mirmar\/","logo":{"@type":"ImageObject","inLanguage":"sk-SK","@id":"http:\/\/dafinoo.eu\/mirmar\/#\/schema\/logo\/image\/","url":"http:\/\/dafinoo.eu\/mirmar\/wp-content\/uploads\/2021\/03\/mirmar_logo.png","contentUrl":"http:\/\/dafinoo.eu\/mirmar\/wp-content\/uploads\/2021\/03\/mirmar_logo.png","width":256,"height":60,"caption":"MIR-MAR"},"image":{"@id":"http:\/\/dafinoo.eu\/mirmar\/#\/schema\/logo\/image\/"},"sameAs":["https:\/\/facebook.com\/mirmareshop"]}]}},"_links":{"self":[{"href":"http:\/\/dafinoo.eu\/mirmar\/wp-json\/wp\/v2\/product\/40153","targetHints":{"allow":["GET"]}}],"collection":[{"href":"http:\/\/dafinoo.eu\/mirmar\/wp-json\/wp\/v2\/product"}],"about":[{"href":"http:\/\/dafinoo.eu\/mirmar\/wp-json\/wp\/v2\/types\/product"}],"replies":[{"embeddable":true,"href":"http:\/\/dafinoo.eu\/mirmar\/wp-json\/wp\/v2\/comments?post=40153"}],"wp:featuredmedia":[{"embeddable":true,"href":"http:\/\/dafinoo.eu\/mirmar\/wp-json\/wp\/v2\/media\/40154"}],"wp:attachment":[{"href":"http:\/\/dafinoo.eu\/mirmar\/wp-json\/wp\/v2\/media?parent=40153"}],"wp:term":[{"taxonomy":"product_cat","embeddable":true,"href":"http:\/\/dafinoo.eu\/mirmar\/wp-json\/wp\/v2\/product_cat?post=40153"},{"taxonomy":"product_tag","embeddable":true,"href":"http:\/\/dafinoo.eu\/mirmar\/wp-json\/wp\/v2\/product_tag?post=40153"}],"curies":[{"name":"wp","href":"https:\/\/api.w.org\/{rel}","templated":true}]}}