{"id":40165,"date":"2021-03-15T17:38:17","date_gmt":"2021-03-15T16:38:17","guid":{"rendered":"http:\/\/dafinoo.eu\/mirmar\/product\/kotuce-pre-kotucove-pily-so-specialnymi-zapustenymi-hrotmi-185-1588-16-specialized-makita-b-09335\/"},"modified":"2021-04-19T19:54:07","modified_gmt":"2021-04-19T17:54:07","slug":"kotuce-pre-kotucove-pily-so-specialnymi-zapustenymi-hrotmi-185-1588-16-specialized-makita-b-09335","status":"publish","type":"product","link":"http:\/\/dafinoo.eu\/mirmar\/obchod\/kotuce-pre-kotucove-pily-so-specialnymi-zapustenymi-hrotmi-185-1588-16-specialized-makita-b-09335\/","title":{"rendered":"Kot\u00fa\u010de pre kot\u00fa\u010dov\u00e9 p\u00edly so \u0161peci\u00e1lnymi zapusten\u00fdmi hrotmi 185-15,88\/16 SPECIALIZED Makita B-09335"},"content":{"rendered":"<p>Kot\u00fa\u010de so zapusten\u00fdmi hrotmi, alebo &#8220;hlbok\u00fdmi zubmi&#8221; s\u00fa navrhnut\u00e9 tak, aby vyhovovali p\u00edlam Makita a aj in\u00fdch v\u00fdrobcov. S\u00fa to ve\u013emi pevn\u00e9 kot\u00fa\u010de odoln\u00e9 proti opotrebovaniu.<br \/>\n\u013dahko si porad\u00ed s &#8220;hr\u010dovit\u00fdm&#8221; drevom a ani rezanie dreva s klincami alebo skrutkami jeho zuby nepo\u0161kod\u00ed. S\u00fa obzvl\u00e1\u0161\u0165 vhodn\u00e9 pre pou\u017eitie na stavebn\u00e9 drevo a demola\u010dn\u00e9 pr\u00e1ce.<br \/>\n&#8211; rezanie klincov a &#8220;h\u0155\u010d&#8221;<br \/>\n&#8211; extr\u00e9mne pevn\u00fd a odoln\u00fd proti opotrebovaniu<br \/>\n&#8211; dlh\u0161ia \u017eivotnos\u0165 a zv\u00fd\u0161en\u00e1 produktivita<br \/>\nChr\u00e1nen\u00e9 zuby<br \/>\nKot\u00fa\u010de so zapusten\u00fdmi hrotmi alebo hlbok\u00fdmi zubmi maj\u00fa ve\u013emi siln\u00fa v\u00e4zbu medzi telom listu a hrotom TCT<br \/>\nVysok\u00e9 n\u00e1roky<br \/>\nZvl\u00e1\u0161\u0165 vhodn\u00e9 na bednenie a in\u00e9 n\u00e1ro\u010dn\u00e9 pr\u00e1ce. Vynikaj\u00face na rezanie dreva s &#8220;hr\u010dami&#8221; a klincami<\/p>\n","protected":false},"excerpt":{"rendered":"<p>Vlastnosti: 185 mm<br \/>\nHr\u00fabka zubu: 2 mm<br \/>\nV\u0155tanie: 15,88 mm<br \/>\nPo\u010det zubov: 16<br \/>\nHr\u00fabka kot\u00fa\u010da: 1,25 mm<br \/>\nUhol zubu: 25\u00ba<br \/>\nMax.ot.: 8,250<br \/>\n&#8211; prie\u010dny a pozd\u013a\u017eny rez<\/p>\n","protected":false},"featured_media":40166,"comment_status":"closed","ping_status":"open","template":"","meta":{"_lmt_disableupdate":"","_lmt_disable":""},"product_cat":[3051,3369,3398,3399,3405],"product_tag":[],"class_list":{"0":"post-40165","1":"product","2":"type-product","3":"status-publish","4":"has-post-thumbnail","6":"product_cat-makita","7":"product_cat-makita-prislusenstvo","8":"product_cat-sortiment-prislusenstva-pily","9":"product_cat-pilove-kotuce","10":"product_cat-specialne-zapustene-hroty-pre-kotucove-pily","11":"ts_product_brand-makita","13":"first","14":"instock","15":"taxable","16":"shipping-taxable","17":"purchasable","18":"product-type-simple"},"yoast_head":"<!-- This site is optimized with the Yoast SEO plugin v27.3 - https:\/\/yoast.com\/product\/yoast-seo-wordpress\/ -->\n<title>Kot\u00fa\u010de pre kot\u00fa\u010dov\u00e9 p\u00edly so \u0161peci\u00e1lnymi zapusten\u00fdmi hrotmi 185-15,88\/16 SPECIALIZED Makita B-09335 - MIR-MAR<\/title>\n<meta name=\"robots\" content=\"index, follow, max-snippet:-1, max-image-preview:large, max-video-preview:-1\" \/>\n<link rel=\"canonical\" href=\"http:\/\/dafinoo.eu\/mirmar\/obchod\/kotuce-pre-kotucove-pily-so-specialnymi-zapustenymi-hrotmi-185-1588-16-specialized-makita-b-09335\/\" \/>\n<meta property=\"og:locale\" content=\"sk_SK\" \/>\n<meta property=\"og:type\" content=\"article\" \/>\n<meta property=\"og:title\" content=\"Kot\u00fa\u010de pre kot\u00fa\u010dov\u00e9 p\u00edly so \u0161peci\u00e1lnymi zapusten\u00fdmi hrotmi 185-15,88\/16 SPECIALIZED Makita B-09335 - MIR-MAR\" \/>\n<meta property=\"og:description\" content=\"Vlastnosti: 185 mm Hr\u00fabka zubu: 2 mm V\u0155tanie: 15,88 mm Po\u010det zubov: 16 Hr\u00fabka kot\u00fa\u010da: 1,25 mm Uhol zubu: 25\u00ba Max.ot.: 8,250 - prie\u010dny a pozd\u013a\u017eny rez\" \/>\n<meta property=\"og:url\" content=\"http:\/\/dafinoo.eu\/mirmar\/obchod\/kotuce-pre-kotucove-pily-so-specialnymi-zapustenymi-hrotmi-185-1588-16-specialized-makita-b-09335\/\" \/>\n<meta property=\"og:site_name\" content=\"MIR-MAR\" \/>\n<meta property=\"article:publisher\" content=\"https:\/\/facebook.com\/mirmareshop\" \/>\n<meta property=\"article:modified_time\" content=\"2021-04-19T17:54:07+00:00\" \/>\n<meta property=\"og:image\" content=\"https:\/\/i0.wp.com\/www.mirmar.sk\/wp-content\/uploads\/2021\/03\/4_5_28_1.jpg?fit=250%2C234&ssl=1\" \/>\n\t<meta property=\"og:image:width\" content=\"250\" \/>\n\t<meta property=\"og:image:height\" content=\"234\" \/>\n\t<meta property=\"og:image:type\" content=\"image\/jpeg\" \/>\n<meta name=\"twitter:label1\" content=\"Predpokladan\u00fd \u010das \u010d\u00edtania\" \/>\n\t<meta name=\"twitter:data1\" content=\"1 min\u00fata\" \/>\n<script type=\"application\/ld+json\" class=\"yoast-schema-graph\">{\"@context\":\"https:\\\/\\\/schema.org\",\"@graph\":[{\"@type\":\"WebPage\",\"@id\":\"http:\\\/\\\/dafinoo.eu\\\/mirmar\\\/obchod\\\/kotuce-pre-kotucove-pily-so-specialnymi-zapustenymi-hrotmi-185-1588-16-specialized-makita-b-09335\\\/\",\"url\":\"http:\\\/\\\/dafinoo.eu\\\/mirmar\\\/obchod\\\/kotuce-pre-kotucove-pily-so-specialnymi-zapustenymi-hrotmi-185-1588-16-specialized-makita-b-09335\\\/\",\"name\":\"Kot\u00fa\u010de pre kot\u00fa\u010dov\u00e9 p\u00edly so \u0161peci\u00e1lnymi zapusten\u00fdmi hrotmi 185-15,88\\\/16 SPECIALIZED Makita B-09335 - MIR-MAR\",\"isPartOf\":{\"@id\":\"http:\\\/\\\/dafinoo.eu\\\/mirmar\\\/#website\"},\"primaryImageOfPage\":{\"@id\":\"http:\\\/\\\/dafinoo.eu\\\/mirmar\\\/obchod\\\/kotuce-pre-kotucove-pily-so-specialnymi-zapustenymi-hrotmi-185-1588-16-specialized-makita-b-09335\\\/#primaryimage\"},\"image\":{\"@id\":\"http:\\\/\\\/dafinoo.eu\\\/mirmar\\\/obchod\\\/kotuce-pre-kotucove-pily-so-specialnymi-zapustenymi-hrotmi-185-1588-16-specialized-makita-b-09335\\\/#primaryimage\"},\"thumbnailUrl\":\"http:\\\/\\\/dafinoo.eu\\\/mirmar\\\/wp-content\\\/uploads\\\/2021\\\/03\\\/4_5_28_1.jpg\",\"datePublished\":\"2021-03-15T16:38:17+00:00\",\"dateModified\":\"2021-04-19T17:54:07+00:00\",\"breadcrumb\":{\"@id\":\"http:\\\/\\\/dafinoo.eu\\\/mirmar\\\/obchod\\\/kotuce-pre-kotucove-pily-so-specialnymi-zapustenymi-hrotmi-185-1588-16-specialized-makita-b-09335\\\/#breadcrumb\"},\"inLanguage\":\"sk-SK\",\"potentialAction\":[{\"@type\":\"ReadAction\",\"target\":[\"http:\\\/\\\/dafinoo.eu\\\/mirmar\\\/obchod\\\/kotuce-pre-kotucove-pily-so-specialnymi-zapustenymi-hrotmi-185-1588-16-specialized-makita-b-09335\\\/\"]}]},{\"@type\":\"ImageObject\",\"inLanguage\":\"sk-SK\",\"@id\":\"http:\\\/\\\/dafinoo.eu\\\/mirmar\\\/obchod\\\/kotuce-pre-kotucove-pily-so-specialnymi-zapustenymi-hrotmi-185-1588-16-specialized-makita-b-09335\\\/#primaryimage\",\"url\":\"http:\\\/\\\/dafinoo.eu\\\/mirmar\\\/wp-content\\\/uploads\\\/2021\\\/03\\\/4_5_28_1.jpg\",\"contentUrl\":\"http:\\\/\\\/dafinoo.eu\\\/mirmar\\\/wp-content\\\/uploads\\\/2021\\\/03\\\/4_5_28_1.jpg\",\"width\":250,\"height\":234},{\"@type\":\"BreadcrumbList\",\"@id\":\"http:\\\/\\\/dafinoo.eu\\\/mirmar\\\/obchod\\\/kotuce-pre-kotucove-pily-so-specialnymi-zapustenymi-hrotmi-185-1588-16-specialized-makita-b-09335\\\/#breadcrumb\",\"itemListElement\":[{\"@type\":\"ListItem\",\"position\":1,\"name\":\"Domovsk\u00e1 str\u00e1nka\",\"item\":\"http:\\\/\\\/dafinoo.eu\\\/mirmar\\\/\"},{\"@type\":\"ListItem\",\"position\":2,\"name\":\"Obchod\",\"item\":\"http:\\\/\\\/dafinoo.eu\\\/mirmar\\\/obchod\\\/\"},{\"@type\":\"ListItem\",\"position\":3,\"name\":\"Kot\u00fa\u010de pre kot\u00fa\u010dov\u00e9 p\u00edly so \u0161peci\u00e1lnymi zapusten\u00fdmi hrotmi 185-15,88\\\/16 SPECIALIZED Makita B-09335\"}]},{\"@type\":\"WebSite\",\"@id\":\"http:\\\/\\\/dafinoo.eu\\\/mirmar\\\/#website\",\"url\":\"http:\\\/\\\/dafinoo.eu\\\/mirmar\\\/\",\"name\":\"MIR-MAR\",\"description\":\"Eshop s n\u00e1rad\u00edm\",\"publisher\":{\"@id\":\"http:\\\/\\\/dafinoo.eu\\\/mirmar\\\/#organization\"},\"potentialAction\":[{\"@type\":\"SearchAction\",\"target\":{\"@type\":\"EntryPoint\",\"urlTemplate\":\"http:\\\/\\\/dafinoo.eu\\\/mirmar\\\/?s={search_term_string}\"},\"query-input\":{\"@type\":\"PropertyValueSpecification\",\"valueRequired\":true,\"valueName\":\"search_term_string\"}}],\"inLanguage\":\"sk-SK\"},{\"@type\":\"Organization\",\"@id\":\"http:\\\/\\\/dafinoo.eu\\\/mirmar\\\/#organization\",\"name\":\"MIR-MAR\",\"url\":\"http:\\\/\\\/dafinoo.eu\\\/mirmar\\\/\",\"logo\":{\"@type\":\"ImageObject\",\"inLanguage\":\"sk-SK\",\"@id\":\"http:\\\/\\\/dafinoo.eu\\\/mirmar\\\/#\\\/schema\\\/logo\\\/image\\\/\",\"url\":\"http:\\\/\\\/dafinoo.eu\\\/mirmar\\\/wp-content\\\/uploads\\\/2021\\\/03\\\/mirmar_logo.png\",\"contentUrl\":\"http:\\\/\\\/dafinoo.eu\\\/mirmar\\\/wp-content\\\/uploads\\\/2021\\\/03\\\/mirmar_logo.png\",\"width\":256,\"height\":60,\"caption\":\"MIR-MAR\"},\"image\":{\"@id\":\"http:\\\/\\\/dafinoo.eu\\\/mirmar\\\/#\\\/schema\\\/logo\\\/image\\\/\"},\"sameAs\":[\"https:\\\/\\\/facebook.com\\\/mirmareshop\"]}]}<\/script>\n<!-- \/ Yoast SEO plugin. -->","yoast_head_json":{"title":"Kot\u00fa\u010de pre kot\u00fa\u010dov\u00e9 p\u00edly so \u0161peci\u00e1lnymi zapusten\u00fdmi hrotmi 185-15,88\/16 SPECIALIZED Makita B-09335 - MIR-MAR","robots":{"index":"index","follow":"follow","max-snippet":"max-snippet:-1","max-image-preview":"max-image-preview:large","max-video-preview":"max-video-preview:-1"},"canonical":"http:\/\/dafinoo.eu\/mirmar\/obchod\/kotuce-pre-kotucove-pily-so-specialnymi-zapustenymi-hrotmi-185-1588-16-specialized-makita-b-09335\/","og_locale":"sk_SK","og_type":"article","og_title":"Kot\u00fa\u010de pre kot\u00fa\u010dov\u00e9 p\u00edly so \u0161peci\u00e1lnymi zapusten\u00fdmi hrotmi 185-15,88\/16 SPECIALIZED Makita B-09335 - MIR-MAR","og_description":"Vlastnosti: 185 mm Hr\u00fabka zubu: 2 mm V\u0155tanie: 15,88 mm Po\u010det zubov: 16 Hr\u00fabka kot\u00fa\u010da: 1,25 mm Uhol zubu: 25\u00ba Max.ot.: 8,250 - prie\u010dny a pozd\u013a\u017eny rez","og_url":"http:\/\/dafinoo.eu\/mirmar\/obchod\/kotuce-pre-kotucove-pily-so-specialnymi-zapustenymi-hrotmi-185-1588-16-specialized-makita-b-09335\/","og_site_name":"MIR-MAR","article_publisher":"https:\/\/facebook.com\/mirmareshop","article_modified_time":"2021-04-19T17:54:07+00:00","og_image":[{"width":250,"height":234,"url":"https:\/\/i0.wp.com\/www.mirmar.sk\/wp-content\/uploads\/2021\/03\/4_5_28_1.jpg?fit=250%2C234&ssl=1","type":"image\/jpeg"}],"twitter_misc":{"Predpokladan\u00fd \u010das \u010d\u00edtania":"1 min\u00fata"},"schema":{"@context":"https:\/\/schema.org","@graph":[{"@type":"WebPage","@id":"http:\/\/dafinoo.eu\/mirmar\/obchod\/kotuce-pre-kotucove-pily-so-specialnymi-zapustenymi-hrotmi-185-1588-16-specialized-makita-b-09335\/","url":"http:\/\/dafinoo.eu\/mirmar\/obchod\/kotuce-pre-kotucove-pily-so-specialnymi-zapustenymi-hrotmi-185-1588-16-specialized-makita-b-09335\/","name":"Kot\u00fa\u010de pre kot\u00fa\u010dov\u00e9 p\u00edly so \u0161peci\u00e1lnymi zapusten\u00fdmi hrotmi 185-15,88\/16 SPECIALIZED Makita B-09335 - MIR-MAR","isPartOf":{"@id":"http:\/\/dafinoo.eu\/mirmar\/#website"},"primaryImageOfPage":{"@id":"http:\/\/dafinoo.eu\/mirmar\/obchod\/kotuce-pre-kotucove-pily-so-specialnymi-zapustenymi-hrotmi-185-1588-16-specialized-makita-b-09335\/#primaryimage"},"image":{"@id":"http:\/\/dafinoo.eu\/mirmar\/obchod\/kotuce-pre-kotucove-pily-so-specialnymi-zapustenymi-hrotmi-185-1588-16-specialized-makita-b-09335\/#primaryimage"},"thumbnailUrl":"http:\/\/dafinoo.eu\/mirmar\/wp-content\/uploads\/2021\/03\/4_5_28_1.jpg","datePublished":"2021-03-15T16:38:17+00:00","dateModified":"2021-04-19T17:54:07+00:00","breadcrumb":{"@id":"http:\/\/dafinoo.eu\/mirmar\/obchod\/kotuce-pre-kotucove-pily-so-specialnymi-zapustenymi-hrotmi-185-1588-16-specialized-makita-b-09335\/#breadcrumb"},"inLanguage":"sk-SK","potentialAction":[{"@type":"ReadAction","target":["http:\/\/dafinoo.eu\/mirmar\/obchod\/kotuce-pre-kotucove-pily-so-specialnymi-zapustenymi-hrotmi-185-1588-16-specialized-makita-b-09335\/"]}]},{"@type":"ImageObject","inLanguage":"sk-SK","@id":"http:\/\/dafinoo.eu\/mirmar\/obchod\/kotuce-pre-kotucove-pily-so-specialnymi-zapustenymi-hrotmi-185-1588-16-specialized-makita-b-09335\/#primaryimage","url":"http:\/\/dafinoo.eu\/mirmar\/wp-content\/uploads\/2021\/03\/4_5_28_1.jpg","contentUrl":"http:\/\/dafinoo.eu\/mirmar\/wp-content\/uploads\/2021\/03\/4_5_28_1.jpg","width":250,"height":234},{"@type":"BreadcrumbList","@id":"http:\/\/dafinoo.eu\/mirmar\/obchod\/kotuce-pre-kotucove-pily-so-specialnymi-zapustenymi-hrotmi-185-1588-16-specialized-makita-b-09335\/#breadcrumb","itemListElement":[{"@type":"ListItem","position":1,"name":"Domovsk\u00e1 str\u00e1nka","item":"http:\/\/dafinoo.eu\/mirmar\/"},{"@type":"ListItem","position":2,"name":"Obchod","item":"http:\/\/dafinoo.eu\/mirmar\/obchod\/"},{"@type":"ListItem","position":3,"name":"Kot\u00fa\u010de pre kot\u00fa\u010dov\u00e9 p\u00edly so \u0161peci\u00e1lnymi zapusten\u00fdmi hrotmi 185-15,88\/16 SPECIALIZED Makita B-09335"}]},{"@type":"WebSite","@id":"http:\/\/dafinoo.eu\/mirmar\/#website","url":"http:\/\/dafinoo.eu\/mirmar\/","name":"MIR-MAR","description":"Eshop s n\u00e1rad\u00edm","publisher":{"@id":"http:\/\/dafinoo.eu\/mirmar\/#organization"},"potentialAction":[{"@type":"SearchAction","target":{"@type":"EntryPoint","urlTemplate":"http:\/\/dafinoo.eu\/mirmar\/?s={search_term_string}"},"query-input":{"@type":"PropertyValueSpecification","valueRequired":true,"valueName":"search_term_string"}}],"inLanguage":"sk-SK"},{"@type":"Organization","@id":"http:\/\/dafinoo.eu\/mirmar\/#organization","name":"MIR-MAR","url":"http:\/\/dafinoo.eu\/mirmar\/","logo":{"@type":"ImageObject","inLanguage":"sk-SK","@id":"http:\/\/dafinoo.eu\/mirmar\/#\/schema\/logo\/image\/","url":"http:\/\/dafinoo.eu\/mirmar\/wp-content\/uploads\/2021\/03\/mirmar_logo.png","contentUrl":"http:\/\/dafinoo.eu\/mirmar\/wp-content\/uploads\/2021\/03\/mirmar_logo.png","width":256,"height":60,"caption":"MIR-MAR"},"image":{"@id":"http:\/\/dafinoo.eu\/mirmar\/#\/schema\/logo\/image\/"},"sameAs":["https:\/\/facebook.com\/mirmareshop"]}]}},"_links":{"self":[{"href":"http:\/\/dafinoo.eu\/mirmar\/wp-json\/wp\/v2\/product\/40165","targetHints":{"allow":["GET"]}}],"collection":[{"href":"http:\/\/dafinoo.eu\/mirmar\/wp-json\/wp\/v2\/product"}],"about":[{"href":"http:\/\/dafinoo.eu\/mirmar\/wp-json\/wp\/v2\/types\/product"}],"replies":[{"embeddable":true,"href":"http:\/\/dafinoo.eu\/mirmar\/wp-json\/wp\/v2\/comments?post=40165"}],"wp:featuredmedia":[{"embeddable":true,"href":"http:\/\/dafinoo.eu\/mirmar\/wp-json\/wp\/v2\/media\/40166"}],"wp:attachment":[{"href":"http:\/\/dafinoo.eu\/mirmar\/wp-json\/wp\/v2\/media?parent=40165"}],"wp:term":[{"taxonomy":"product_cat","embeddable":true,"href":"http:\/\/dafinoo.eu\/mirmar\/wp-json\/wp\/v2\/product_cat?post=40165"},{"taxonomy":"product_tag","embeddable":true,"href":"http:\/\/dafinoo.eu\/mirmar\/wp-json\/wp\/v2\/product_tag?post=40165"}],"curies":[{"name":"wp","href":"https:\/\/api.w.org\/{rel}","templated":true}]}}