{"id":40235,"date":"2021-03-15T17:38:37","date_gmt":"2021-03-15T16:38:37","guid":{"rendered":"http:\/\/dafinoo.eu\/mirmar\/product\/specialny-pilovy-kotuc-na-rezanie-hlinika-300-30-80-specialized-makita-b-09721\/"},"modified":"2021-04-19T19:54:27","modified_gmt":"2021-04-19T17:54:27","slug":"specialny-pilovy-kotuc-na-rezanie-hlinika-300-30-80-specialized-makita-b-09721","status":"publish","type":"product","link":"http:\/\/dafinoo.eu\/mirmar\/obchod\/specialny-pilovy-kotuc-na-rezanie-hlinika-300-30-80-specialized-makita-b-09721\/","title":{"rendered":"\u0160peci\u00e1lny p\u00edlov\u00fd kot\u00fa\u010d na rezanie hlin\u00edka 300-30\/80 SPECIALIZED Makita B-09721"},"content":{"rendered":"<p>Rada kot\u00fa\u010dov pre ru\u010dn\u00e9, pokosov\u00e9 a stoln\u00e9 p\u00edly s vynikuj\u00facim rezn\u00fdm v\u00fdkonom pre hlin\u00edk, me\u010f, mosadz, bronz a in\u00e9 farebn\u00e9 kovy.<br \/>\nKot\u00fa\u010de s\u00fa vhodn\u00e9 aj k pr\u00e1ci s plastmi a laminovan\u00fdm drevom.<br \/>\nPri rezan\u00ed farebn\u00fdch kovov je treba na hroty pou\u017e\u00edva\u0165 mazivo, aby sa v dr\u00e1\u017ekach kot\u00fa\u010da nehromadili triesky.<br \/>\n-Presne vystu\u017een\u00e9 kot\u00fa\u010de pre ploch\u0161ie a rovnej\u0161ie rezy<br \/>\n-Vynikaj\u00faca kvalita rezu farebn\u00fdch kovov\u00fdch materi\u00e1lov<br \/>\n-\u0160pi\u010dkov\u00fd v\u00fdkon pri lamin\u00e1tov\u00fdch podlahov\u00fdch materi\u00e1loch<\/p>\n<p>Perfektn\u00fd profil<br \/>\nZuby so \u0161peci\u00e1lnym profilom pre farebn\u00e9 kovy<\/p>\n<p>M\u00e1lo triesok<br \/>\nPri pou\u017eit\u00ed na lamin\u00e1tov\u00e9 podlahov\u00e9 materi\u00e1ly vytv\u00e1ra m\u00e1lo triesok a od\u0161tiepkov.<\/p>\n","protected":false},"excerpt":{"rendered":"<p>Vlastnosti: 300 mm<br \/>\nHr\u00fabka zubu: 2,8 mm<br \/>\nV\u0155tanie: 30 mm<br \/>\nPo\u010det zubov: 80<br \/>\nHr\u00fabka kot\u00fa\u010da: 2,2 mm<br \/>\nUhol zubu: 0\u00ba<br \/>\nMax.ot.: 5,090<\/p>\n","protected":false},"featured_media":40236,"comment_status":"closed","ping_status":"open","template":"","meta":{"_lmt_disableupdate":"","_lmt_disable":""},"product_cat":[3051,3369,3398,3399,3406],"product_tag":[],"class_list":{"0":"post-40235","1":"product","2":"type-product","3":"status-publish","4":"has-post-thumbnail","6":"product_cat-makita","7":"product_cat-makita-prislusenstvo","8":"product_cat-sortiment-prislusenstva-pily","9":"product_cat-pilove-kotuce","10":"product_cat-specialne-kotuce-na-rezanie-hlinika-pre-kotucove-pokosove-a-stolne-pily","11":"ts_product_brand-makita","13":"first","14":"instock","15":"taxable","16":"shipping-taxable","17":"purchasable","18":"product-type-simple"},"yoast_head":"<!-- This site is optimized with the Yoast SEO plugin v27.3 - https:\/\/yoast.com\/product\/yoast-seo-wordpress\/ -->\n<title>\u0160peci\u00e1lny p\u00edlov\u00fd kot\u00fa\u010d na rezanie hlin\u00edka 300-30\/80 SPECIALIZED Makita B-09721 - MIR-MAR<\/title>\n<meta name=\"robots\" content=\"index, follow, max-snippet:-1, max-image-preview:large, max-video-preview:-1\" \/>\n<link rel=\"canonical\" href=\"http:\/\/dafinoo.eu\/mirmar\/obchod\/specialny-pilovy-kotuc-na-rezanie-hlinika-300-30-80-specialized-makita-b-09721\/\" \/>\n<meta property=\"og:locale\" content=\"sk_SK\" \/>\n<meta property=\"og:type\" content=\"article\" \/>\n<meta property=\"og:title\" content=\"\u0160peci\u00e1lny p\u00edlov\u00fd kot\u00fa\u010d na rezanie hlin\u00edka 300-30\/80 SPECIALIZED Makita B-09721 - MIR-MAR\" \/>\n<meta property=\"og:description\" content=\"Vlastnosti: 300 mm Hr\u00fabka zubu: 2,8 mm V\u0155tanie: 30 mm Po\u010det zubov: 80 Hr\u00fabka kot\u00fa\u010da: 2,2 mm Uhol zubu: 0\u00ba Max.ot.: 5,090\" \/>\n<meta property=\"og:url\" content=\"http:\/\/dafinoo.eu\/mirmar\/obchod\/specialny-pilovy-kotuc-na-rezanie-hlinika-300-30-80-specialized-makita-b-09721\/\" \/>\n<meta property=\"og:site_name\" content=\"MIR-MAR\" \/>\n<meta property=\"article:publisher\" content=\"https:\/\/facebook.com\/mirmareshop\" \/>\n<meta property=\"article:modified_time\" content=\"2021-04-19T17:54:27+00:00\" \/>\n<meta property=\"og:image\" content=\"https:\/\/i0.wp.com\/www.mirmar.sk\/wp-content\/uploads\/2021\/03\/1_3_314_1.jpg?fit=250%2C250&ssl=1\" \/>\n\t<meta property=\"og:image:width\" content=\"250\" \/>\n\t<meta property=\"og:image:height\" content=\"250\" \/>\n\t<meta property=\"og:image:type\" content=\"image\/jpeg\" \/>\n<meta name=\"twitter:label1\" content=\"Predpokladan\u00fd \u010das \u010d\u00edtania\" \/>\n\t<meta name=\"twitter:data1\" content=\"1 min\u00fata\" \/>\n<script type=\"application\/ld+json\" class=\"yoast-schema-graph\">{\"@context\":\"https:\\\/\\\/schema.org\",\"@graph\":[{\"@type\":\"WebPage\",\"@id\":\"http:\\\/\\\/dafinoo.eu\\\/mirmar\\\/obchod\\\/specialny-pilovy-kotuc-na-rezanie-hlinika-300-30-80-specialized-makita-b-09721\\\/\",\"url\":\"http:\\\/\\\/dafinoo.eu\\\/mirmar\\\/obchod\\\/specialny-pilovy-kotuc-na-rezanie-hlinika-300-30-80-specialized-makita-b-09721\\\/\",\"name\":\"\u0160peci\u00e1lny p\u00edlov\u00fd kot\u00fa\u010d na rezanie hlin\u00edka 300-30\\\/80 SPECIALIZED Makita B-09721 - MIR-MAR\",\"isPartOf\":{\"@id\":\"http:\\\/\\\/dafinoo.eu\\\/mirmar\\\/#website\"},\"primaryImageOfPage\":{\"@id\":\"http:\\\/\\\/dafinoo.eu\\\/mirmar\\\/obchod\\\/specialny-pilovy-kotuc-na-rezanie-hlinika-300-30-80-specialized-makita-b-09721\\\/#primaryimage\"},\"image\":{\"@id\":\"http:\\\/\\\/dafinoo.eu\\\/mirmar\\\/obchod\\\/specialny-pilovy-kotuc-na-rezanie-hlinika-300-30-80-specialized-makita-b-09721\\\/#primaryimage\"},\"thumbnailUrl\":\"http:\\\/\\\/dafinoo.eu\\\/mirmar\\\/wp-content\\\/uploads\\\/2021\\\/03\\\/1_3_314_1.jpg\",\"datePublished\":\"2021-03-15T16:38:37+00:00\",\"dateModified\":\"2021-04-19T17:54:27+00:00\",\"breadcrumb\":{\"@id\":\"http:\\\/\\\/dafinoo.eu\\\/mirmar\\\/obchod\\\/specialny-pilovy-kotuc-na-rezanie-hlinika-300-30-80-specialized-makita-b-09721\\\/#breadcrumb\"},\"inLanguage\":\"sk-SK\",\"potentialAction\":[{\"@type\":\"ReadAction\",\"target\":[\"http:\\\/\\\/dafinoo.eu\\\/mirmar\\\/obchod\\\/specialny-pilovy-kotuc-na-rezanie-hlinika-300-30-80-specialized-makita-b-09721\\\/\"]}]},{\"@type\":\"ImageObject\",\"inLanguage\":\"sk-SK\",\"@id\":\"http:\\\/\\\/dafinoo.eu\\\/mirmar\\\/obchod\\\/specialny-pilovy-kotuc-na-rezanie-hlinika-300-30-80-specialized-makita-b-09721\\\/#primaryimage\",\"url\":\"http:\\\/\\\/dafinoo.eu\\\/mirmar\\\/wp-content\\\/uploads\\\/2021\\\/03\\\/1_3_314_1.jpg\",\"contentUrl\":\"http:\\\/\\\/dafinoo.eu\\\/mirmar\\\/wp-content\\\/uploads\\\/2021\\\/03\\\/1_3_314_1.jpg\",\"width\":250,\"height\":250},{\"@type\":\"BreadcrumbList\",\"@id\":\"http:\\\/\\\/dafinoo.eu\\\/mirmar\\\/obchod\\\/specialny-pilovy-kotuc-na-rezanie-hlinika-300-30-80-specialized-makita-b-09721\\\/#breadcrumb\",\"itemListElement\":[{\"@type\":\"ListItem\",\"position\":1,\"name\":\"Domovsk\u00e1 str\u00e1nka\",\"item\":\"http:\\\/\\\/dafinoo.eu\\\/mirmar\\\/\"},{\"@type\":\"ListItem\",\"position\":2,\"name\":\"Obchod\",\"item\":\"http:\\\/\\\/dafinoo.eu\\\/mirmar\\\/obchod\\\/\"},{\"@type\":\"ListItem\",\"position\":3,\"name\":\"\u0160peci\u00e1lny p\u00edlov\u00fd kot\u00fa\u010d na rezanie hlin\u00edka 300-30\\\/80 SPECIALIZED Makita B-09721\"}]},{\"@type\":\"WebSite\",\"@id\":\"http:\\\/\\\/dafinoo.eu\\\/mirmar\\\/#website\",\"url\":\"http:\\\/\\\/dafinoo.eu\\\/mirmar\\\/\",\"name\":\"MIR-MAR\",\"description\":\"Eshop s n\u00e1rad\u00edm\",\"publisher\":{\"@id\":\"http:\\\/\\\/dafinoo.eu\\\/mirmar\\\/#organization\"},\"potentialAction\":[{\"@type\":\"SearchAction\",\"target\":{\"@type\":\"EntryPoint\",\"urlTemplate\":\"http:\\\/\\\/dafinoo.eu\\\/mirmar\\\/?s={search_term_string}\"},\"query-input\":{\"@type\":\"PropertyValueSpecification\",\"valueRequired\":true,\"valueName\":\"search_term_string\"}}],\"inLanguage\":\"sk-SK\"},{\"@type\":\"Organization\",\"@id\":\"http:\\\/\\\/dafinoo.eu\\\/mirmar\\\/#organization\",\"name\":\"MIR-MAR\",\"url\":\"http:\\\/\\\/dafinoo.eu\\\/mirmar\\\/\",\"logo\":{\"@type\":\"ImageObject\",\"inLanguage\":\"sk-SK\",\"@id\":\"http:\\\/\\\/dafinoo.eu\\\/mirmar\\\/#\\\/schema\\\/logo\\\/image\\\/\",\"url\":\"http:\\\/\\\/dafinoo.eu\\\/mirmar\\\/wp-content\\\/uploads\\\/2021\\\/03\\\/mirmar_logo.png\",\"contentUrl\":\"http:\\\/\\\/dafinoo.eu\\\/mirmar\\\/wp-content\\\/uploads\\\/2021\\\/03\\\/mirmar_logo.png\",\"width\":256,\"height\":60,\"caption\":\"MIR-MAR\"},\"image\":{\"@id\":\"http:\\\/\\\/dafinoo.eu\\\/mirmar\\\/#\\\/schema\\\/logo\\\/image\\\/\"},\"sameAs\":[\"https:\\\/\\\/facebook.com\\\/mirmareshop\"]}]}<\/script>\n<!-- \/ Yoast SEO plugin. -->","yoast_head_json":{"title":"\u0160peci\u00e1lny p\u00edlov\u00fd kot\u00fa\u010d na rezanie hlin\u00edka 300-30\/80 SPECIALIZED Makita B-09721 - MIR-MAR","robots":{"index":"index","follow":"follow","max-snippet":"max-snippet:-1","max-image-preview":"max-image-preview:large","max-video-preview":"max-video-preview:-1"},"canonical":"http:\/\/dafinoo.eu\/mirmar\/obchod\/specialny-pilovy-kotuc-na-rezanie-hlinika-300-30-80-specialized-makita-b-09721\/","og_locale":"sk_SK","og_type":"article","og_title":"\u0160peci\u00e1lny p\u00edlov\u00fd kot\u00fa\u010d na rezanie hlin\u00edka 300-30\/80 SPECIALIZED Makita B-09721 - MIR-MAR","og_description":"Vlastnosti: 300 mm Hr\u00fabka zubu: 2,8 mm V\u0155tanie: 30 mm Po\u010det zubov: 80 Hr\u00fabka kot\u00fa\u010da: 2,2 mm Uhol zubu: 0\u00ba Max.ot.: 5,090","og_url":"http:\/\/dafinoo.eu\/mirmar\/obchod\/specialny-pilovy-kotuc-na-rezanie-hlinika-300-30-80-specialized-makita-b-09721\/","og_site_name":"MIR-MAR","article_publisher":"https:\/\/facebook.com\/mirmareshop","article_modified_time":"2021-04-19T17:54:27+00:00","og_image":[{"width":250,"height":250,"url":"https:\/\/i0.wp.com\/www.mirmar.sk\/wp-content\/uploads\/2021\/03\/1_3_314_1.jpg?fit=250%2C250&ssl=1","type":"image\/jpeg"}],"twitter_misc":{"Predpokladan\u00fd \u010das \u010d\u00edtania":"1 min\u00fata"},"schema":{"@context":"https:\/\/schema.org","@graph":[{"@type":"WebPage","@id":"http:\/\/dafinoo.eu\/mirmar\/obchod\/specialny-pilovy-kotuc-na-rezanie-hlinika-300-30-80-specialized-makita-b-09721\/","url":"http:\/\/dafinoo.eu\/mirmar\/obchod\/specialny-pilovy-kotuc-na-rezanie-hlinika-300-30-80-specialized-makita-b-09721\/","name":"\u0160peci\u00e1lny p\u00edlov\u00fd kot\u00fa\u010d na rezanie hlin\u00edka 300-30\/80 SPECIALIZED Makita B-09721 - MIR-MAR","isPartOf":{"@id":"http:\/\/dafinoo.eu\/mirmar\/#website"},"primaryImageOfPage":{"@id":"http:\/\/dafinoo.eu\/mirmar\/obchod\/specialny-pilovy-kotuc-na-rezanie-hlinika-300-30-80-specialized-makita-b-09721\/#primaryimage"},"image":{"@id":"http:\/\/dafinoo.eu\/mirmar\/obchod\/specialny-pilovy-kotuc-na-rezanie-hlinika-300-30-80-specialized-makita-b-09721\/#primaryimage"},"thumbnailUrl":"http:\/\/dafinoo.eu\/mirmar\/wp-content\/uploads\/2021\/03\/1_3_314_1.jpg","datePublished":"2021-03-15T16:38:37+00:00","dateModified":"2021-04-19T17:54:27+00:00","breadcrumb":{"@id":"http:\/\/dafinoo.eu\/mirmar\/obchod\/specialny-pilovy-kotuc-na-rezanie-hlinika-300-30-80-specialized-makita-b-09721\/#breadcrumb"},"inLanguage":"sk-SK","potentialAction":[{"@type":"ReadAction","target":["http:\/\/dafinoo.eu\/mirmar\/obchod\/specialny-pilovy-kotuc-na-rezanie-hlinika-300-30-80-specialized-makita-b-09721\/"]}]},{"@type":"ImageObject","inLanguage":"sk-SK","@id":"http:\/\/dafinoo.eu\/mirmar\/obchod\/specialny-pilovy-kotuc-na-rezanie-hlinika-300-30-80-specialized-makita-b-09721\/#primaryimage","url":"http:\/\/dafinoo.eu\/mirmar\/wp-content\/uploads\/2021\/03\/1_3_314_1.jpg","contentUrl":"http:\/\/dafinoo.eu\/mirmar\/wp-content\/uploads\/2021\/03\/1_3_314_1.jpg","width":250,"height":250},{"@type":"BreadcrumbList","@id":"http:\/\/dafinoo.eu\/mirmar\/obchod\/specialny-pilovy-kotuc-na-rezanie-hlinika-300-30-80-specialized-makita-b-09721\/#breadcrumb","itemListElement":[{"@type":"ListItem","position":1,"name":"Domovsk\u00e1 str\u00e1nka","item":"http:\/\/dafinoo.eu\/mirmar\/"},{"@type":"ListItem","position":2,"name":"Obchod","item":"http:\/\/dafinoo.eu\/mirmar\/obchod\/"},{"@type":"ListItem","position":3,"name":"\u0160peci\u00e1lny p\u00edlov\u00fd kot\u00fa\u010d na rezanie hlin\u00edka 300-30\/80 SPECIALIZED Makita B-09721"}]},{"@type":"WebSite","@id":"http:\/\/dafinoo.eu\/mirmar\/#website","url":"http:\/\/dafinoo.eu\/mirmar\/","name":"MIR-MAR","description":"Eshop s n\u00e1rad\u00edm","publisher":{"@id":"http:\/\/dafinoo.eu\/mirmar\/#organization"},"potentialAction":[{"@type":"SearchAction","target":{"@type":"EntryPoint","urlTemplate":"http:\/\/dafinoo.eu\/mirmar\/?s={search_term_string}"},"query-input":{"@type":"PropertyValueSpecification","valueRequired":true,"valueName":"search_term_string"}}],"inLanguage":"sk-SK"},{"@type":"Organization","@id":"http:\/\/dafinoo.eu\/mirmar\/#organization","name":"MIR-MAR","url":"http:\/\/dafinoo.eu\/mirmar\/","logo":{"@type":"ImageObject","inLanguage":"sk-SK","@id":"http:\/\/dafinoo.eu\/mirmar\/#\/schema\/logo\/image\/","url":"http:\/\/dafinoo.eu\/mirmar\/wp-content\/uploads\/2021\/03\/mirmar_logo.png","contentUrl":"http:\/\/dafinoo.eu\/mirmar\/wp-content\/uploads\/2021\/03\/mirmar_logo.png","width":256,"height":60,"caption":"MIR-MAR"},"image":{"@id":"http:\/\/dafinoo.eu\/mirmar\/#\/schema\/logo\/image\/"},"sameAs":["https:\/\/facebook.com\/mirmareshop"]}]}},"_links":{"self":[{"href":"http:\/\/dafinoo.eu\/mirmar\/wp-json\/wp\/v2\/product\/40235","targetHints":{"allow":["GET"]}}],"collection":[{"href":"http:\/\/dafinoo.eu\/mirmar\/wp-json\/wp\/v2\/product"}],"about":[{"href":"http:\/\/dafinoo.eu\/mirmar\/wp-json\/wp\/v2\/types\/product"}],"replies":[{"embeddable":true,"href":"http:\/\/dafinoo.eu\/mirmar\/wp-json\/wp\/v2\/comments?post=40235"}],"wp:featuredmedia":[{"embeddable":true,"href":"http:\/\/dafinoo.eu\/mirmar\/wp-json\/wp\/v2\/media\/40236"}],"wp:attachment":[{"href":"http:\/\/dafinoo.eu\/mirmar\/wp-json\/wp\/v2\/media?parent=40235"}],"wp:term":[{"taxonomy":"product_cat","embeddable":true,"href":"http:\/\/dafinoo.eu\/mirmar\/wp-json\/wp\/v2\/product_cat?post=40235"},{"taxonomy":"product_tag","embeddable":true,"href":"http:\/\/dafinoo.eu\/mirmar\/wp-json\/wp\/v2\/product_tag?post=40235"}],"curies":[{"name":"wp","href":"https:\/\/api.w.org\/{rel}","templated":true}]}}