{"id":40324,"date":"2021-03-15T17:38:59","date_gmt":"2021-03-15T16:38:59","guid":{"rendered":"http:\/\/dafinoo.eu\/mirmar\/product\/akumulatorova-18v-okruzna-pila-bss610z\/"},"modified":"2021-04-21T14:30:28","modified_gmt":"2021-04-21T12:30:28","slug":"akumulatorova-18v-okruzna-pila-bss610z","status":"publish","type":"product","link":"http:\/\/dafinoo.eu\/mirmar\/obchod\/akumulatorova-18v-okruzna-pila-bss610z\/","title":{"rendered":"Makita akumul\u00e1torov\u00e1 18V okru\u017en\u00e1 p\u00edla BSS610Z"},"content":{"rendered":"<p>Makita BSS610Z akumul\u00e1torov\u00e1 18V Lithium-Ion okru\u017en\u00e1 p\u00edla<br \/>\n    Vynikaj\u00faca manipul\u00e1cia a ovl\u00e1date\u013enos\u0165<br \/>\n    LED osvetlenie pracovnej plochy a vstavan\u00fd&#8230;<\/p>\n","protected":false},"excerpt":{"rendered":"<p>Vo\u013enobe\u017en\u00e9 ot\u00e1\u010dky: 3700 min<br \/>\nH\u013abka rezu pri 90\u00b0: 57 mm<br \/>\nH\u013abka rezu pri 45\u00b0: 40 mm<br \/>\nPriemer p\u00edlov\u00e9ho kot\u00fa\u010da: 165 mm<br \/>\nPriemer up\u00ednacieho otvoru: 20 mm<br \/>\nAkumul\u00e1tor: 18 V \/ 3,0 Ah<br \/>\nHmotnos\u0165: 3,5 kg<\/p>\n","protected":false},"featured_media":40325,"comment_status":"closed","ping_status":"open","template":"","meta":{"_lmt_disableupdate":"","_lmt_disable":""},"product_cat":[3051,3367,3141,3410],"product_tag":[],"class_list":{"0":"post-40324","1":"product","2":"type-product","3":"status-publish","4":"has-post-thumbnail","6":"product_cat-makita","7":"product_cat-pily-akumulatorove-naradie-makita","8":"product_cat-akumulatorove-naradie-makita","9":"product_cat-okruzna-pila","10":"ts_product_brand-makita","12":"first","13":"instock","14":"taxable","15":"shipping-taxable","16":"purchasable","17":"product-type-simple"},"yoast_head":"<!-- This site is optimized with the Yoast SEO plugin v27.3 - https:\/\/yoast.com\/product\/yoast-seo-wordpress\/ -->\n<title>Makita akumul\u00e1torov\u00e1 18V okru\u017en\u00e1 p\u00edla BSS610Z - MIR-MAR<\/title>\n<meta name=\"robots\" content=\"index, follow, max-snippet:-1, max-image-preview:large, max-video-preview:-1\" \/>\n<link rel=\"canonical\" href=\"http:\/\/dafinoo.eu\/mirmar\/obchod\/akumulatorova-18v-okruzna-pila-bss610z\/\" \/>\n<meta property=\"og:locale\" content=\"sk_SK\" \/>\n<meta property=\"og:type\" content=\"article\" \/>\n<meta property=\"og:title\" content=\"Makita akumul\u00e1torov\u00e1 18V okru\u017en\u00e1 p\u00edla BSS610Z - MIR-MAR\" \/>\n<meta property=\"og:description\" content=\"Vo\u013enobe\u017en\u00e9 ot\u00e1\u010dky: 3700 min H\u013abka rezu pri 90\u00b0: 57 mm H\u013abka rezu pri 45\u00b0: 40 mm Priemer p\u00edlov\u00e9ho kot\u00fa\u010da: 165 mm Priemer up\u00ednacieho otvoru: 20 mm Akumul\u00e1tor: 18 V \/ 3,0 Ah Hmotnos\u0165: 3,5 kg\" \/>\n<meta property=\"og:url\" content=\"http:\/\/dafinoo.eu\/mirmar\/obchod\/akumulatorova-18v-okruzna-pila-bss610z\/\" \/>\n<meta property=\"og:site_name\" content=\"MIR-MAR\" \/>\n<meta property=\"article:publisher\" content=\"https:\/\/facebook.com\/mirmareshop\" \/>\n<meta property=\"article:modified_time\" content=\"2021-04-21T12:30:28+00:00\" \/>\n<meta property=\"og:image\" content=\"https:\/\/i0.wp.com\/www.mirmar.sk\/wp-content\/uploads\/2021\/03\/15_1_5_1.jpg?fit=250%2C250&ssl=1\" \/>\n\t<meta property=\"og:image:width\" content=\"250\" \/>\n\t<meta property=\"og:image:height\" content=\"250\" \/>\n\t<meta property=\"og:image:type\" content=\"image\/jpeg\" \/>\n<script type=\"application\/ld+json\" class=\"yoast-schema-graph\">{\"@context\":\"https:\\\/\\\/schema.org\",\"@graph\":[{\"@type\":\"WebPage\",\"@id\":\"http:\\\/\\\/dafinoo.eu\\\/mirmar\\\/obchod\\\/akumulatorova-18v-okruzna-pila-bss610z\\\/\",\"url\":\"http:\\\/\\\/dafinoo.eu\\\/mirmar\\\/obchod\\\/akumulatorova-18v-okruzna-pila-bss610z\\\/\",\"name\":\"Makita akumul\u00e1torov\u00e1 18V okru\u017en\u00e1 p\u00edla BSS610Z - MIR-MAR\",\"isPartOf\":{\"@id\":\"http:\\\/\\\/dafinoo.eu\\\/mirmar\\\/#website\"},\"primaryImageOfPage\":{\"@id\":\"http:\\\/\\\/dafinoo.eu\\\/mirmar\\\/obchod\\\/akumulatorova-18v-okruzna-pila-bss610z\\\/#primaryimage\"},\"image\":{\"@id\":\"http:\\\/\\\/dafinoo.eu\\\/mirmar\\\/obchod\\\/akumulatorova-18v-okruzna-pila-bss610z\\\/#primaryimage\"},\"thumbnailUrl\":\"http:\\\/\\\/dafinoo.eu\\\/mirmar\\\/wp-content\\\/uploads\\\/2021\\\/03\\\/15_1_5_1.jpg\",\"datePublished\":\"2021-03-15T16:38:59+00:00\",\"dateModified\":\"2021-04-21T12:30:28+00:00\",\"breadcrumb\":{\"@id\":\"http:\\\/\\\/dafinoo.eu\\\/mirmar\\\/obchod\\\/akumulatorova-18v-okruzna-pila-bss610z\\\/#breadcrumb\"},\"inLanguage\":\"sk-SK\",\"potentialAction\":[{\"@type\":\"ReadAction\",\"target\":[\"http:\\\/\\\/dafinoo.eu\\\/mirmar\\\/obchod\\\/akumulatorova-18v-okruzna-pila-bss610z\\\/\"]}]},{\"@type\":\"ImageObject\",\"inLanguage\":\"sk-SK\",\"@id\":\"http:\\\/\\\/dafinoo.eu\\\/mirmar\\\/obchod\\\/akumulatorova-18v-okruzna-pila-bss610z\\\/#primaryimage\",\"url\":\"http:\\\/\\\/dafinoo.eu\\\/mirmar\\\/wp-content\\\/uploads\\\/2021\\\/03\\\/15_1_5_1.jpg\",\"contentUrl\":\"http:\\\/\\\/dafinoo.eu\\\/mirmar\\\/wp-content\\\/uploads\\\/2021\\\/03\\\/15_1_5_1.jpg\",\"width\":250,\"height\":250},{\"@type\":\"BreadcrumbList\",\"@id\":\"http:\\\/\\\/dafinoo.eu\\\/mirmar\\\/obchod\\\/akumulatorova-18v-okruzna-pila-bss610z\\\/#breadcrumb\",\"itemListElement\":[{\"@type\":\"ListItem\",\"position\":1,\"name\":\"Domovsk\u00e1 str\u00e1nka\",\"item\":\"http:\\\/\\\/dafinoo.eu\\\/mirmar\\\/\"},{\"@type\":\"ListItem\",\"position\":2,\"name\":\"Obchod\",\"item\":\"http:\\\/\\\/dafinoo.eu\\\/mirmar\\\/obchod\\\/\"},{\"@type\":\"ListItem\",\"position\":3,\"name\":\"Makita akumul\u00e1torov\u00e1 18V okru\u017en\u00e1 p\u00edla BSS610Z\"}]},{\"@type\":\"WebSite\",\"@id\":\"http:\\\/\\\/dafinoo.eu\\\/mirmar\\\/#website\",\"url\":\"http:\\\/\\\/dafinoo.eu\\\/mirmar\\\/\",\"name\":\"MIR-MAR\",\"description\":\"Eshop s n\u00e1rad\u00edm\",\"publisher\":{\"@id\":\"http:\\\/\\\/dafinoo.eu\\\/mirmar\\\/#organization\"},\"potentialAction\":[{\"@type\":\"SearchAction\",\"target\":{\"@type\":\"EntryPoint\",\"urlTemplate\":\"http:\\\/\\\/dafinoo.eu\\\/mirmar\\\/?s={search_term_string}\"},\"query-input\":{\"@type\":\"PropertyValueSpecification\",\"valueRequired\":true,\"valueName\":\"search_term_string\"}}],\"inLanguage\":\"sk-SK\"},{\"@type\":\"Organization\",\"@id\":\"http:\\\/\\\/dafinoo.eu\\\/mirmar\\\/#organization\",\"name\":\"MIR-MAR\",\"url\":\"http:\\\/\\\/dafinoo.eu\\\/mirmar\\\/\",\"logo\":{\"@type\":\"ImageObject\",\"inLanguage\":\"sk-SK\",\"@id\":\"http:\\\/\\\/dafinoo.eu\\\/mirmar\\\/#\\\/schema\\\/logo\\\/image\\\/\",\"url\":\"http:\\\/\\\/dafinoo.eu\\\/mirmar\\\/wp-content\\\/uploads\\\/2021\\\/03\\\/mirmar_logo.png\",\"contentUrl\":\"http:\\\/\\\/dafinoo.eu\\\/mirmar\\\/wp-content\\\/uploads\\\/2021\\\/03\\\/mirmar_logo.png\",\"width\":256,\"height\":60,\"caption\":\"MIR-MAR\"},\"image\":{\"@id\":\"http:\\\/\\\/dafinoo.eu\\\/mirmar\\\/#\\\/schema\\\/logo\\\/image\\\/\"},\"sameAs\":[\"https:\\\/\\\/facebook.com\\\/mirmareshop\"]}]}<\/script>\n<!-- \/ Yoast SEO plugin. -->","yoast_head_json":{"title":"Makita akumul\u00e1torov\u00e1 18V okru\u017en\u00e1 p\u00edla BSS610Z - MIR-MAR","robots":{"index":"index","follow":"follow","max-snippet":"max-snippet:-1","max-image-preview":"max-image-preview:large","max-video-preview":"max-video-preview:-1"},"canonical":"http:\/\/dafinoo.eu\/mirmar\/obchod\/akumulatorova-18v-okruzna-pila-bss610z\/","og_locale":"sk_SK","og_type":"article","og_title":"Makita akumul\u00e1torov\u00e1 18V okru\u017en\u00e1 p\u00edla BSS610Z - MIR-MAR","og_description":"Vo\u013enobe\u017en\u00e9 ot\u00e1\u010dky: 3700 min H\u013abka rezu pri 90\u00b0: 57 mm H\u013abka rezu pri 45\u00b0: 40 mm Priemer p\u00edlov\u00e9ho kot\u00fa\u010da: 165 mm Priemer up\u00ednacieho otvoru: 20 mm Akumul\u00e1tor: 18 V \/ 3,0 Ah Hmotnos\u0165: 3,5 kg","og_url":"http:\/\/dafinoo.eu\/mirmar\/obchod\/akumulatorova-18v-okruzna-pila-bss610z\/","og_site_name":"MIR-MAR","article_publisher":"https:\/\/facebook.com\/mirmareshop","article_modified_time":"2021-04-21T12:30:28+00:00","og_image":[{"width":250,"height":250,"url":"https:\/\/i0.wp.com\/www.mirmar.sk\/wp-content\/uploads\/2021\/03\/15_1_5_1.jpg?fit=250%2C250&ssl=1","type":"image\/jpeg"}],"schema":{"@context":"https:\/\/schema.org","@graph":[{"@type":"WebPage","@id":"http:\/\/dafinoo.eu\/mirmar\/obchod\/akumulatorova-18v-okruzna-pila-bss610z\/","url":"http:\/\/dafinoo.eu\/mirmar\/obchod\/akumulatorova-18v-okruzna-pila-bss610z\/","name":"Makita akumul\u00e1torov\u00e1 18V okru\u017en\u00e1 p\u00edla BSS610Z - MIR-MAR","isPartOf":{"@id":"http:\/\/dafinoo.eu\/mirmar\/#website"},"primaryImageOfPage":{"@id":"http:\/\/dafinoo.eu\/mirmar\/obchod\/akumulatorova-18v-okruzna-pila-bss610z\/#primaryimage"},"image":{"@id":"http:\/\/dafinoo.eu\/mirmar\/obchod\/akumulatorova-18v-okruzna-pila-bss610z\/#primaryimage"},"thumbnailUrl":"http:\/\/dafinoo.eu\/mirmar\/wp-content\/uploads\/2021\/03\/15_1_5_1.jpg","datePublished":"2021-03-15T16:38:59+00:00","dateModified":"2021-04-21T12:30:28+00:00","breadcrumb":{"@id":"http:\/\/dafinoo.eu\/mirmar\/obchod\/akumulatorova-18v-okruzna-pila-bss610z\/#breadcrumb"},"inLanguage":"sk-SK","potentialAction":[{"@type":"ReadAction","target":["http:\/\/dafinoo.eu\/mirmar\/obchod\/akumulatorova-18v-okruzna-pila-bss610z\/"]}]},{"@type":"ImageObject","inLanguage":"sk-SK","@id":"http:\/\/dafinoo.eu\/mirmar\/obchod\/akumulatorova-18v-okruzna-pila-bss610z\/#primaryimage","url":"http:\/\/dafinoo.eu\/mirmar\/wp-content\/uploads\/2021\/03\/15_1_5_1.jpg","contentUrl":"http:\/\/dafinoo.eu\/mirmar\/wp-content\/uploads\/2021\/03\/15_1_5_1.jpg","width":250,"height":250},{"@type":"BreadcrumbList","@id":"http:\/\/dafinoo.eu\/mirmar\/obchod\/akumulatorova-18v-okruzna-pila-bss610z\/#breadcrumb","itemListElement":[{"@type":"ListItem","position":1,"name":"Domovsk\u00e1 str\u00e1nka","item":"http:\/\/dafinoo.eu\/mirmar\/"},{"@type":"ListItem","position":2,"name":"Obchod","item":"http:\/\/dafinoo.eu\/mirmar\/obchod\/"},{"@type":"ListItem","position":3,"name":"Makita akumul\u00e1torov\u00e1 18V okru\u017en\u00e1 p\u00edla BSS610Z"}]},{"@type":"WebSite","@id":"http:\/\/dafinoo.eu\/mirmar\/#website","url":"http:\/\/dafinoo.eu\/mirmar\/","name":"MIR-MAR","description":"Eshop s n\u00e1rad\u00edm","publisher":{"@id":"http:\/\/dafinoo.eu\/mirmar\/#organization"},"potentialAction":[{"@type":"SearchAction","target":{"@type":"EntryPoint","urlTemplate":"http:\/\/dafinoo.eu\/mirmar\/?s={search_term_string}"},"query-input":{"@type":"PropertyValueSpecification","valueRequired":true,"valueName":"search_term_string"}}],"inLanguage":"sk-SK"},{"@type":"Organization","@id":"http:\/\/dafinoo.eu\/mirmar\/#organization","name":"MIR-MAR","url":"http:\/\/dafinoo.eu\/mirmar\/","logo":{"@type":"ImageObject","inLanguage":"sk-SK","@id":"http:\/\/dafinoo.eu\/mirmar\/#\/schema\/logo\/image\/","url":"http:\/\/dafinoo.eu\/mirmar\/wp-content\/uploads\/2021\/03\/mirmar_logo.png","contentUrl":"http:\/\/dafinoo.eu\/mirmar\/wp-content\/uploads\/2021\/03\/mirmar_logo.png","width":256,"height":60,"caption":"MIR-MAR"},"image":{"@id":"http:\/\/dafinoo.eu\/mirmar\/#\/schema\/logo\/image\/"},"sameAs":["https:\/\/facebook.com\/mirmareshop"]}]}},"_links":{"self":[{"href":"http:\/\/dafinoo.eu\/mirmar\/wp-json\/wp\/v2\/product\/40324","targetHints":{"allow":["GET"]}}],"collection":[{"href":"http:\/\/dafinoo.eu\/mirmar\/wp-json\/wp\/v2\/product"}],"about":[{"href":"http:\/\/dafinoo.eu\/mirmar\/wp-json\/wp\/v2\/types\/product"}],"replies":[{"embeddable":true,"href":"http:\/\/dafinoo.eu\/mirmar\/wp-json\/wp\/v2\/comments?post=40324"}],"wp:featuredmedia":[{"embeddable":true,"href":"http:\/\/dafinoo.eu\/mirmar\/wp-json\/wp\/v2\/media\/40325"}],"wp:attachment":[{"href":"http:\/\/dafinoo.eu\/mirmar\/wp-json\/wp\/v2\/media?parent=40324"}],"wp:term":[{"taxonomy":"product_cat","embeddable":true,"href":"http:\/\/dafinoo.eu\/mirmar\/wp-json\/wp\/v2\/product_cat?post=40324"},{"taxonomy":"product_tag","embeddable":true,"href":"http:\/\/dafinoo.eu\/mirmar\/wp-json\/wp\/v2\/product_tag?post=40324"}],"curies":[{"name":"wp","href":"https:\/\/api.w.org\/{rel}","templated":true}]}}