{"id":40473,"date":"2021-03-15T17:39:42","date_gmt":"2021-03-15T16:39:42","guid":{"rendered":"http:\/\/dafinoo.eu\/mirmar\/product\/pilove-listy-do-chvostovych-pil-s-univerzalnou-stopkou-dlzka-300mm-6-zubov-na-palec-p-050-16\/"},"modified":"2021-04-21T14:27:41","modified_gmt":"2021-04-21T12:27:41","slug":"pilove-listy-do-chvostovych-pil-s-univerzalnou-stopkou-dlzka-300mm-6-zubov-na-palec-p-050-16","status":"publish","type":"product","link":"http:\/\/dafinoo.eu\/mirmar\/obchod\/pilove-listy-do-chvostovych-pil-s-univerzalnou-stopkou-dlzka-300mm-6-zubov-na-palec-p-050-16\/","title":{"rendered":"Makita P\u00edlov\u00e9 listy do chvostov\u00fdch p\u00edl s univerz\u00e1lnou stopkou d\u013a\u017eka 300mm\/6 zubov na palec P-050 16"},"content":{"rendered":"<p>P\u00edlov\u00e9 listy do chvostov\u00fdch p\u00edl s univerz\u00e1lnou stopkou d\u013a\u017eka 300mm\/6 zubov na palec<\/p>\n","protected":false},"excerpt":{"rendered":"<p>P\u00edlov\u00e9 listy do chvostov\u00fdch p\u00edl.<br \/>\nP\u00edlov\u00fd list z r\u00fdchloreznej ocele, hrub\u00fd a r\u00fdchly rez.<br \/>\nNa v\u0161etky druhy dreva bez klincov, plasty, hrub\u00fd a r\u00fdchly rez, ako aj rezy v krivk\u00e1ch, od 3mm<br \/>\n5ks v balen\u00ed.<\/p>\n","protected":false},"featured_media":40474,"comment_status":"closed","ping_status":"open","template":"","meta":{"_lmt_disableupdate":"","_lmt_disable":""},"product_cat":[3051,3369,3398,3415,3417],"product_tag":[],"class_list":{"0":"post-40473","1":"product","2":"type-product","3":"status-publish","4":"has-post-thumbnail","6":"product_cat-makita","7":"product_cat-makita-prislusenstvo","8":"product_cat-sortiment-prislusenstva-pily","9":"product_cat-pilove-listy-do-chvostovych-pil","10":"product_cat-pilove-listy-do-chvostovych-pil-s-univerzalnou-stopkou","11":"ts_product_brand-makita","13":"first","14":"instock","15":"taxable","16":"shipping-taxable","17":"purchasable","18":"product-type-simple"},"yoast_head":"<!-- This site is optimized with the Yoast SEO plugin v27.3 - https:\/\/yoast.com\/product\/yoast-seo-wordpress\/ -->\n<title>Makita P\u00edlov\u00e9 listy do chvostov\u00fdch p\u00edl s univerz\u00e1lnou stopkou d\u013a\u017eka 300mm\/6 zubov na palec P-050 16 - MIR-MAR<\/title>\n<meta name=\"robots\" content=\"index, follow, max-snippet:-1, max-image-preview:large, max-video-preview:-1\" \/>\n<link rel=\"canonical\" href=\"http:\/\/dafinoo.eu\/mirmar\/obchod\/pilove-listy-do-chvostovych-pil-s-univerzalnou-stopkou-dlzka-300mm-6-zubov-na-palec-p-050-16\/\" \/>\n<meta property=\"og:locale\" content=\"sk_SK\" \/>\n<meta property=\"og:type\" content=\"article\" \/>\n<meta property=\"og:title\" content=\"Makita P\u00edlov\u00e9 listy do chvostov\u00fdch p\u00edl s univerz\u00e1lnou stopkou d\u013a\u017eka 300mm\/6 zubov na palec P-050 16 - MIR-MAR\" \/>\n<meta property=\"og:description\" content=\"P\u00edlov\u00e9 listy do chvostov\u00fdch p\u00edl. P\u00edlov\u00fd list z r\u00fdchloreznej ocele, hrub\u00fd a r\u00fdchly rez. Na v\u0161etky druhy dreva bez klincov, plasty, hrub\u00fd a r\u00fdchly rez, ako aj rezy v krivk\u00e1ch, od 3mm 5ks v balen\u00ed.\" \/>\n<meta property=\"og:url\" content=\"http:\/\/dafinoo.eu\/mirmar\/obchod\/pilove-listy-do-chvostovych-pil-s-univerzalnou-stopkou-dlzka-300mm-6-zubov-na-palec-p-050-16\/\" \/>\n<meta property=\"og:site_name\" content=\"MIR-MAR\" \/>\n<meta property=\"article:publisher\" content=\"https:\/\/facebook.com\/mirmareshop\" \/>\n<meta property=\"article:modified_time\" content=\"2021-04-21T12:27:41+00:00\" \/>\n<meta property=\"og:image\" content=\"https:\/\/i2.wp.com\/www.mirmar.sk\/wp-content\/uploads\/2021\/03\/p-05022_1_1.jpg?fit=800%2C95&ssl=1\" \/>\n\t<meta property=\"og:image:width\" content=\"800\" \/>\n\t<meta property=\"og:image:height\" content=\"95\" \/>\n\t<meta property=\"og:image:type\" content=\"image\/jpeg\" \/>\n<script type=\"application\/ld+json\" class=\"yoast-schema-graph\">{\"@context\":\"https:\\\/\\\/schema.org\",\"@graph\":[{\"@type\":\"WebPage\",\"@id\":\"http:\\\/\\\/dafinoo.eu\\\/mirmar\\\/obchod\\\/pilove-listy-do-chvostovych-pil-s-univerzalnou-stopkou-dlzka-300mm-6-zubov-na-palec-p-050-16\\\/\",\"url\":\"http:\\\/\\\/dafinoo.eu\\\/mirmar\\\/obchod\\\/pilove-listy-do-chvostovych-pil-s-univerzalnou-stopkou-dlzka-300mm-6-zubov-na-palec-p-050-16\\\/\",\"name\":\"Makita P\u00edlov\u00e9 listy do chvostov\u00fdch p\u00edl s univerz\u00e1lnou stopkou d\u013a\u017eka 300mm\\\/6 zubov na palec P-050 16 - MIR-MAR\",\"isPartOf\":{\"@id\":\"http:\\\/\\\/dafinoo.eu\\\/mirmar\\\/#website\"},\"primaryImageOfPage\":{\"@id\":\"http:\\\/\\\/dafinoo.eu\\\/mirmar\\\/obchod\\\/pilove-listy-do-chvostovych-pil-s-univerzalnou-stopkou-dlzka-300mm-6-zubov-na-palec-p-050-16\\\/#primaryimage\"},\"image\":{\"@id\":\"http:\\\/\\\/dafinoo.eu\\\/mirmar\\\/obchod\\\/pilove-listy-do-chvostovych-pil-s-univerzalnou-stopkou-dlzka-300mm-6-zubov-na-palec-p-050-16\\\/#primaryimage\"},\"thumbnailUrl\":\"http:\\\/\\\/dafinoo.eu\\\/mirmar\\\/wp-content\\\/uploads\\\/2021\\\/03\\\/p-05022_1_1.jpg\",\"datePublished\":\"2021-03-15T16:39:42+00:00\",\"dateModified\":\"2021-04-21T12:27:41+00:00\",\"breadcrumb\":{\"@id\":\"http:\\\/\\\/dafinoo.eu\\\/mirmar\\\/obchod\\\/pilove-listy-do-chvostovych-pil-s-univerzalnou-stopkou-dlzka-300mm-6-zubov-na-palec-p-050-16\\\/#breadcrumb\"},\"inLanguage\":\"sk-SK\",\"potentialAction\":[{\"@type\":\"ReadAction\",\"target\":[\"http:\\\/\\\/dafinoo.eu\\\/mirmar\\\/obchod\\\/pilove-listy-do-chvostovych-pil-s-univerzalnou-stopkou-dlzka-300mm-6-zubov-na-palec-p-050-16\\\/\"]}]},{\"@type\":\"ImageObject\",\"inLanguage\":\"sk-SK\",\"@id\":\"http:\\\/\\\/dafinoo.eu\\\/mirmar\\\/obchod\\\/pilove-listy-do-chvostovych-pil-s-univerzalnou-stopkou-dlzka-300mm-6-zubov-na-palec-p-050-16\\\/#primaryimage\",\"url\":\"http:\\\/\\\/dafinoo.eu\\\/mirmar\\\/wp-content\\\/uploads\\\/2021\\\/03\\\/p-05022_1_1.jpg\",\"contentUrl\":\"http:\\\/\\\/dafinoo.eu\\\/mirmar\\\/wp-content\\\/uploads\\\/2021\\\/03\\\/p-05022_1_1.jpg\",\"width\":800,\"height\":95},{\"@type\":\"BreadcrumbList\",\"@id\":\"http:\\\/\\\/dafinoo.eu\\\/mirmar\\\/obchod\\\/pilove-listy-do-chvostovych-pil-s-univerzalnou-stopkou-dlzka-300mm-6-zubov-na-palec-p-050-16\\\/#breadcrumb\",\"itemListElement\":[{\"@type\":\"ListItem\",\"position\":1,\"name\":\"Domovsk\u00e1 str\u00e1nka\",\"item\":\"http:\\\/\\\/dafinoo.eu\\\/mirmar\\\/\"},{\"@type\":\"ListItem\",\"position\":2,\"name\":\"Obchod\",\"item\":\"http:\\\/\\\/dafinoo.eu\\\/mirmar\\\/obchod\\\/\"},{\"@type\":\"ListItem\",\"position\":3,\"name\":\"Makita P\u00edlov\u00e9 listy do chvostov\u00fdch p\u00edl s univerz\u00e1lnou stopkou d\u013a\u017eka 300mm\\\/6 zubov na palec P-050 16\"}]},{\"@type\":\"WebSite\",\"@id\":\"http:\\\/\\\/dafinoo.eu\\\/mirmar\\\/#website\",\"url\":\"http:\\\/\\\/dafinoo.eu\\\/mirmar\\\/\",\"name\":\"MIR-MAR\",\"description\":\"Eshop s n\u00e1rad\u00edm\",\"publisher\":{\"@id\":\"http:\\\/\\\/dafinoo.eu\\\/mirmar\\\/#organization\"},\"potentialAction\":[{\"@type\":\"SearchAction\",\"target\":{\"@type\":\"EntryPoint\",\"urlTemplate\":\"http:\\\/\\\/dafinoo.eu\\\/mirmar\\\/?s={search_term_string}\"},\"query-input\":{\"@type\":\"PropertyValueSpecification\",\"valueRequired\":true,\"valueName\":\"search_term_string\"}}],\"inLanguage\":\"sk-SK\"},{\"@type\":\"Organization\",\"@id\":\"http:\\\/\\\/dafinoo.eu\\\/mirmar\\\/#organization\",\"name\":\"MIR-MAR\",\"url\":\"http:\\\/\\\/dafinoo.eu\\\/mirmar\\\/\",\"logo\":{\"@type\":\"ImageObject\",\"inLanguage\":\"sk-SK\",\"@id\":\"http:\\\/\\\/dafinoo.eu\\\/mirmar\\\/#\\\/schema\\\/logo\\\/image\\\/\",\"url\":\"http:\\\/\\\/dafinoo.eu\\\/mirmar\\\/wp-content\\\/uploads\\\/2021\\\/03\\\/mirmar_logo.png\",\"contentUrl\":\"http:\\\/\\\/dafinoo.eu\\\/mirmar\\\/wp-content\\\/uploads\\\/2021\\\/03\\\/mirmar_logo.png\",\"width\":256,\"height\":60,\"caption\":\"MIR-MAR\"},\"image\":{\"@id\":\"http:\\\/\\\/dafinoo.eu\\\/mirmar\\\/#\\\/schema\\\/logo\\\/image\\\/\"},\"sameAs\":[\"https:\\\/\\\/facebook.com\\\/mirmareshop\"]}]}<\/script>\n<!-- \/ Yoast SEO plugin. -->","yoast_head_json":{"title":"Makita P\u00edlov\u00e9 listy do chvostov\u00fdch p\u00edl s univerz\u00e1lnou stopkou d\u013a\u017eka 300mm\/6 zubov na palec P-050 16 - MIR-MAR","robots":{"index":"index","follow":"follow","max-snippet":"max-snippet:-1","max-image-preview":"max-image-preview:large","max-video-preview":"max-video-preview:-1"},"canonical":"http:\/\/dafinoo.eu\/mirmar\/obchod\/pilove-listy-do-chvostovych-pil-s-univerzalnou-stopkou-dlzka-300mm-6-zubov-na-palec-p-050-16\/","og_locale":"sk_SK","og_type":"article","og_title":"Makita P\u00edlov\u00e9 listy do chvostov\u00fdch p\u00edl s univerz\u00e1lnou stopkou d\u013a\u017eka 300mm\/6 zubov na palec P-050 16 - MIR-MAR","og_description":"P\u00edlov\u00e9 listy do chvostov\u00fdch p\u00edl. P\u00edlov\u00fd list z r\u00fdchloreznej ocele, hrub\u00fd a r\u00fdchly rez. Na v\u0161etky druhy dreva bez klincov, plasty, hrub\u00fd a r\u00fdchly rez, ako aj rezy v krivk\u00e1ch, od 3mm 5ks v balen\u00ed.","og_url":"http:\/\/dafinoo.eu\/mirmar\/obchod\/pilove-listy-do-chvostovych-pil-s-univerzalnou-stopkou-dlzka-300mm-6-zubov-na-palec-p-050-16\/","og_site_name":"MIR-MAR","article_publisher":"https:\/\/facebook.com\/mirmareshop","article_modified_time":"2021-04-21T12:27:41+00:00","og_image":[{"width":800,"height":95,"url":"https:\/\/i2.wp.com\/www.mirmar.sk\/wp-content\/uploads\/2021\/03\/p-05022_1_1.jpg?fit=800%2C95&ssl=1","type":"image\/jpeg"}],"schema":{"@context":"https:\/\/schema.org","@graph":[{"@type":"WebPage","@id":"http:\/\/dafinoo.eu\/mirmar\/obchod\/pilove-listy-do-chvostovych-pil-s-univerzalnou-stopkou-dlzka-300mm-6-zubov-na-palec-p-050-16\/","url":"http:\/\/dafinoo.eu\/mirmar\/obchod\/pilove-listy-do-chvostovych-pil-s-univerzalnou-stopkou-dlzka-300mm-6-zubov-na-palec-p-050-16\/","name":"Makita P\u00edlov\u00e9 listy do chvostov\u00fdch p\u00edl s univerz\u00e1lnou stopkou d\u013a\u017eka 300mm\/6 zubov na palec P-050 16 - MIR-MAR","isPartOf":{"@id":"http:\/\/dafinoo.eu\/mirmar\/#website"},"primaryImageOfPage":{"@id":"http:\/\/dafinoo.eu\/mirmar\/obchod\/pilove-listy-do-chvostovych-pil-s-univerzalnou-stopkou-dlzka-300mm-6-zubov-na-palec-p-050-16\/#primaryimage"},"image":{"@id":"http:\/\/dafinoo.eu\/mirmar\/obchod\/pilove-listy-do-chvostovych-pil-s-univerzalnou-stopkou-dlzka-300mm-6-zubov-na-palec-p-050-16\/#primaryimage"},"thumbnailUrl":"http:\/\/dafinoo.eu\/mirmar\/wp-content\/uploads\/2021\/03\/p-05022_1_1.jpg","datePublished":"2021-03-15T16:39:42+00:00","dateModified":"2021-04-21T12:27:41+00:00","breadcrumb":{"@id":"http:\/\/dafinoo.eu\/mirmar\/obchod\/pilove-listy-do-chvostovych-pil-s-univerzalnou-stopkou-dlzka-300mm-6-zubov-na-palec-p-050-16\/#breadcrumb"},"inLanguage":"sk-SK","potentialAction":[{"@type":"ReadAction","target":["http:\/\/dafinoo.eu\/mirmar\/obchod\/pilove-listy-do-chvostovych-pil-s-univerzalnou-stopkou-dlzka-300mm-6-zubov-na-palec-p-050-16\/"]}]},{"@type":"ImageObject","inLanguage":"sk-SK","@id":"http:\/\/dafinoo.eu\/mirmar\/obchod\/pilove-listy-do-chvostovych-pil-s-univerzalnou-stopkou-dlzka-300mm-6-zubov-na-palec-p-050-16\/#primaryimage","url":"http:\/\/dafinoo.eu\/mirmar\/wp-content\/uploads\/2021\/03\/p-05022_1_1.jpg","contentUrl":"http:\/\/dafinoo.eu\/mirmar\/wp-content\/uploads\/2021\/03\/p-05022_1_1.jpg","width":800,"height":95},{"@type":"BreadcrumbList","@id":"http:\/\/dafinoo.eu\/mirmar\/obchod\/pilove-listy-do-chvostovych-pil-s-univerzalnou-stopkou-dlzka-300mm-6-zubov-na-palec-p-050-16\/#breadcrumb","itemListElement":[{"@type":"ListItem","position":1,"name":"Domovsk\u00e1 str\u00e1nka","item":"http:\/\/dafinoo.eu\/mirmar\/"},{"@type":"ListItem","position":2,"name":"Obchod","item":"http:\/\/dafinoo.eu\/mirmar\/obchod\/"},{"@type":"ListItem","position":3,"name":"Makita P\u00edlov\u00e9 listy do chvostov\u00fdch p\u00edl s univerz\u00e1lnou stopkou d\u013a\u017eka 300mm\/6 zubov na palec P-050 16"}]},{"@type":"WebSite","@id":"http:\/\/dafinoo.eu\/mirmar\/#website","url":"http:\/\/dafinoo.eu\/mirmar\/","name":"MIR-MAR","description":"Eshop s n\u00e1rad\u00edm","publisher":{"@id":"http:\/\/dafinoo.eu\/mirmar\/#organization"},"potentialAction":[{"@type":"SearchAction","target":{"@type":"EntryPoint","urlTemplate":"http:\/\/dafinoo.eu\/mirmar\/?s={search_term_string}"},"query-input":{"@type":"PropertyValueSpecification","valueRequired":true,"valueName":"search_term_string"}}],"inLanguage":"sk-SK"},{"@type":"Organization","@id":"http:\/\/dafinoo.eu\/mirmar\/#organization","name":"MIR-MAR","url":"http:\/\/dafinoo.eu\/mirmar\/","logo":{"@type":"ImageObject","inLanguage":"sk-SK","@id":"http:\/\/dafinoo.eu\/mirmar\/#\/schema\/logo\/image\/","url":"http:\/\/dafinoo.eu\/mirmar\/wp-content\/uploads\/2021\/03\/mirmar_logo.png","contentUrl":"http:\/\/dafinoo.eu\/mirmar\/wp-content\/uploads\/2021\/03\/mirmar_logo.png","width":256,"height":60,"caption":"MIR-MAR"},"image":{"@id":"http:\/\/dafinoo.eu\/mirmar\/#\/schema\/logo\/image\/"},"sameAs":["https:\/\/facebook.com\/mirmareshop"]}]}},"_links":{"self":[{"href":"http:\/\/dafinoo.eu\/mirmar\/wp-json\/wp\/v2\/product\/40473","targetHints":{"allow":["GET"]}}],"collection":[{"href":"http:\/\/dafinoo.eu\/mirmar\/wp-json\/wp\/v2\/product"}],"about":[{"href":"http:\/\/dafinoo.eu\/mirmar\/wp-json\/wp\/v2\/types\/product"}],"replies":[{"embeddable":true,"href":"http:\/\/dafinoo.eu\/mirmar\/wp-json\/wp\/v2\/comments?post=40473"}],"wp:featuredmedia":[{"embeddable":true,"href":"http:\/\/dafinoo.eu\/mirmar\/wp-json\/wp\/v2\/media\/40474"}],"wp:attachment":[{"href":"http:\/\/dafinoo.eu\/mirmar\/wp-json\/wp\/v2\/media?parent=40473"}],"wp:term":[{"taxonomy":"product_cat","embeddable":true,"href":"http:\/\/dafinoo.eu\/mirmar\/wp-json\/wp\/v2\/product_cat?post=40473"},{"taxonomy":"product_tag","embeddable":true,"href":"http:\/\/dafinoo.eu\/mirmar\/wp-json\/wp\/v2\/product_tag?post=40473"}],"curies":[{"name":"wp","href":"https:\/\/api.w.org\/{rel}","templated":true}]}}