{"id":40511,"date":"2021-03-15T17:39:53","date_gmt":"2021-03-15T16:39:53","guid":{"rendered":"http:\/\/dafinoo.eu\/mirmar\/product\/brusny-list-velkronove-upinanie-na-drevo-95-22mm-zrnitost-60-pre-model-jr1000ftk-a-409-73\/"},"modified":"2021-04-21T14:26:53","modified_gmt":"2021-04-21T12:26:53","slug":"brusny-list-velkronove-upinanie-na-drevo-95-22mm-zrnitost-60-pre-model-jr1000ftk-a-409-73","status":"publish","type":"product","link":"http:\/\/dafinoo.eu\/mirmar\/obchod\/brusny-list-velkronove-upinanie-na-drevo-95-22mm-zrnitost-60-pre-model-jr1000ftk-a-409-73\/","title":{"rendered":"Makita Br\u00fasny list\/velkronov\u00e9 up\u00ednanie na drevo 95\/22mm, zrnitos\u0165 60 pre model JR1000FTK A-409 73"},"content":{"rendered":"<p>\u0160peci\u00e1lne pr\u00edslu\u0161enstvo: Br\u00fasny list\/velkronov\u00e9 up\u00ednanie na drevo pre model JR1000FTK<\/p>\n","protected":false},"excerpt":{"rendered":"<p>Br\u00fasny list\/velkronov\u00e9 up\u00ednanie na drevo zrnitos\u0165 60<br \/>\nRozmery 95x22mm<br \/>\n10ks v balen\u00ed.<\/p>\n","protected":false},"featured_media":40512,"comment_status":"closed","ping_status":"open","template":"","meta":{"_lmt_disableupdate":"","_lmt_disable":""},"product_cat":[3051,3369,3398,3415,3418],"product_tag":[],"class_list":{"0":"post-40511","1":"product","2":"type-product","3":"status-publish","4":"has-post-thumbnail","6":"product_cat-makita","7":"product_cat-makita-prislusenstvo","8":"product_cat-sortiment-prislusenstva-pily","9":"product_cat-pilove-listy-do-chvostovych-pil","10":"product_cat-pilove-listy-specialne-prislusenstvo-pre-chvostovu-pilu-jr1000ftk","11":"ts_product_brand-makita","13":"first","14":"instock","15":"taxable","16":"shipping-taxable","17":"purchasable","18":"product-type-simple"},"yoast_head":"<!-- This site is optimized with the Yoast SEO plugin v27.3 - https:\/\/yoast.com\/product\/yoast-seo-wordpress\/ -->\n<title>Makita Br\u00fasny list\/velkronov\u00e9 up\u00ednanie na drevo 95\/22mm, zrnitos\u0165 60 pre model JR1000FTK A-409 73 - MIR-MAR<\/title>\n<meta name=\"robots\" content=\"index, follow, max-snippet:-1, max-image-preview:large, max-video-preview:-1\" \/>\n<link rel=\"canonical\" href=\"http:\/\/dafinoo.eu\/mirmar\/obchod\/brusny-list-velkronove-upinanie-na-drevo-95-22mm-zrnitost-60-pre-model-jr1000ftk-a-409-73\/\" \/>\n<meta property=\"og:locale\" content=\"sk_SK\" \/>\n<meta property=\"og:type\" content=\"article\" \/>\n<meta property=\"og:title\" content=\"Makita Br\u00fasny list\/velkronov\u00e9 up\u00ednanie na drevo 95\/22mm, zrnitos\u0165 60 pre model JR1000FTK A-409 73 - MIR-MAR\" \/>\n<meta property=\"og:description\" content=\"Br\u00fasny list\/velkronov\u00e9 up\u00ednanie na drevo zrnitos\u0165 60 Rozmery 95x22mm 10ks v balen\u00ed.\" \/>\n<meta property=\"og:url\" content=\"http:\/\/dafinoo.eu\/mirmar\/obchod\/brusny-list-velkronove-upinanie-na-drevo-95-22mm-zrnitost-60-pre-model-jr1000ftk-a-409-73\/\" \/>\n<meta property=\"og:site_name\" content=\"MIR-MAR\" \/>\n<meta property=\"article:publisher\" content=\"https:\/\/facebook.com\/mirmareshop\" \/>\n<meta property=\"article:modified_time\" content=\"2021-04-21T12:26:53+00:00\" \/>\n<meta property=\"og:image\" content=\"https:\/\/i0.wp.com\/www.mirmar.sk\/wp-content\/uploads\/2021\/03\/12_1_17_1.jpg?fit=225%2C225&ssl=1\" \/>\n\t<meta property=\"og:image:width\" content=\"225\" \/>\n\t<meta property=\"og:image:height\" content=\"225\" \/>\n\t<meta property=\"og:image:type\" content=\"image\/jpeg\" \/>\n<script type=\"application\/ld+json\" class=\"yoast-schema-graph\">{\"@context\":\"https:\\\/\\\/schema.org\",\"@graph\":[{\"@type\":\"WebPage\",\"@id\":\"http:\\\/\\\/dafinoo.eu\\\/mirmar\\\/obchod\\\/brusny-list-velkronove-upinanie-na-drevo-95-22mm-zrnitost-60-pre-model-jr1000ftk-a-409-73\\\/\",\"url\":\"http:\\\/\\\/dafinoo.eu\\\/mirmar\\\/obchod\\\/brusny-list-velkronove-upinanie-na-drevo-95-22mm-zrnitost-60-pre-model-jr1000ftk-a-409-73\\\/\",\"name\":\"Makita Br\u00fasny list\\\/velkronov\u00e9 up\u00ednanie na drevo 95\\\/22mm, zrnitos\u0165 60 pre model JR1000FTK A-409 73 - MIR-MAR\",\"isPartOf\":{\"@id\":\"http:\\\/\\\/dafinoo.eu\\\/mirmar\\\/#website\"},\"primaryImageOfPage\":{\"@id\":\"http:\\\/\\\/dafinoo.eu\\\/mirmar\\\/obchod\\\/brusny-list-velkronove-upinanie-na-drevo-95-22mm-zrnitost-60-pre-model-jr1000ftk-a-409-73\\\/#primaryimage\"},\"image\":{\"@id\":\"http:\\\/\\\/dafinoo.eu\\\/mirmar\\\/obchod\\\/brusny-list-velkronove-upinanie-na-drevo-95-22mm-zrnitost-60-pre-model-jr1000ftk-a-409-73\\\/#primaryimage\"},\"thumbnailUrl\":\"http:\\\/\\\/dafinoo.eu\\\/mirmar\\\/wp-content\\\/uploads\\\/2021\\\/03\\\/12_1_17_1.jpg\",\"datePublished\":\"2021-03-15T16:39:53+00:00\",\"dateModified\":\"2021-04-21T12:26:53+00:00\",\"breadcrumb\":{\"@id\":\"http:\\\/\\\/dafinoo.eu\\\/mirmar\\\/obchod\\\/brusny-list-velkronove-upinanie-na-drevo-95-22mm-zrnitost-60-pre-model-jr1000ftk-a-409-73\\\/#breadcrumb\"},\"inLanguage\":\"sk-SK\",\"potentialAction\":[{\"@type\":\"ReadAction\",\"target\":[\"http:\\\/\\\/dafinoo.eu\\\/mirmar\\\/obchod\\\/brusny-list-velkronove-upinanie-na-drevo-95-22mm-zrnitost-60-pre-model-jr1000ftk-a-409-73\\\/\"]}]},{\"@type\":\"ImageObject\",\"inLanguage\":\"sk-SK\",\"@id\":\"http:\\\/\\\/dafinoo.eu\\\/mirmar\\\/obchod\\\/brusny-list-velkronove-upinanie-na-drevo-95-22mm-zrnitost-60-pre-model-jr1000ftk-a-409-73\\\/#primaryimage\",\"url\":\"http:\\\/\\\/dafinoo.eu\\\/mirmar\\\/wp-content\\\/uploads\\\/2021\\\/03\\\/12_1_17_1.jpg\",\"contentUrl\":\"http:\\\/\\\/dafinoo.eu\\\/mirmar\\\/wp-content\\\/uploads\\\/2021\\\/03\\\/12_1_17_1.jpg\",\"width\":225,\"height\":225},{\"@type\":\"BreadcrumbList\",\"@id\":\"http:\\\/\\\/dafinoo.eu\\\/mirmar\\\/obchod\\\/brusny-list-velkronove-upinanie-na-drevo-95-22mm-zrnitost-60-pre-model-jr1000ftk-a-409-73\\\/#breadcrumb\",\"itemListElement\":[{\"@type\":\"ListItem\",\"position\":1,\"name\":\"Domovsk\u00e1 str\u00e1nka\",\"item\":\"http:\\\/\\\/dafinoo.eu\\\/mirmar\\\/\"},{\"@type\":\"ListItem\",\"position\":2,\"name\":\"Obchod\",\"item\":\"http:\\\/\\\/dafinoo.eu\\\/mirmar\\\/obchod\\\/\"},{\"@type\":\"ListItem\",\"position\":3,\"name\":\"Makita Br\u00fasny list\\\/velkronov\u00e9 up\u00ednanie na drevo 95\\\/22mm, zrnitos\u0165 60 pre model JR1000FTK A-409 73\"}]},{\"@type\":\"WebSite\",\"@id\":\"http:\\\/\\\/dafinoo.eu\\\/mirmar\\\/#website\",\"url\":\"http:\\\/\\\/dafinoo.eu\\\/mirmar\\\/\",\"name\":\"MIR-MAR\",\"description\":\"Eshop s n\u00e1rad\u00edm\",\"publisher\":{\"@id\":\"http:\\\/\\\/dafinoo.eu\\\/mirmar\\\/#organization\"},\"potentialAction\":[{\"@type\":\"SearchAction\",\"target\":{\"@type\":\"EntryPoint\",\"urlTemplate\":\"http:\\\/\\\/dafinoo.eu\\\/mirmar\\\/?s={search_term_string}\"},\"query-input\":{\"@type\":\"PropertyValueSpecification\",\"valueRequired\":true,\"valueName\":\"search_term_string\"}}],\"inLanguage\":\"sk-SK\"},{\"@type\":\"Organization\",\"@id\":\"http:\\\/\\\/dafinoo.eu\\\/mirmar\\\/#organization\",\"name\":\"MIR-MAR\",\"url\":\"http:\\\/\\\/dafinoo.eu\\\/mirmar\\\/\",\"logo\":{\"@type\":\"ImageObject\",\"inLanguage\":\"sk-SK\",\"@id\":\"http:\\\/\\\/dafinoo.eu\\\/mirmar\\\/#\\\/schema\\\/logo\\\/image\\\/\",\"url\":\"http:\\\/\\\/dafinoo.eu\\\/mirmar\\\/wp-content\\\/uploads\\\/2021\\\/03\\\/mirmar_logo.png\",\"contentUrl\":\"http:\\\/\\\/dafinoo.eu\\\/mirmar\\\/wp-content\\\/uploads\\\/2021\\\/03\\\/mirmar_logo.png\",\"width\":256,\"height\":60,\"caption\":\"MIR-MAR\"},\"image\":{\"@id\":\"http:\\\/\\\/dafinoo.eu\\\/mirmar\\\/#\\\/schema\\\/logo\\\/image\\\/\"},\"sameAs\":[\"https:\\\/\\\/facebook.com\\\/mirmareshop\"]}]}<\/script>\n<!-- \/ Yoast SEO plugin. -->","yoast_head_json":{"title":"Makita Br\u00fasny list\/velkronov\u00e9 up\u00ednanie na drevo 95\/22mm, zrnitos\u0165 60 pre model JR1000FTK A-409 73 - MIR-MAR","robots":{"index":"index","follow":"follow","max-snippet":"max-snippet:-1","max-image-preview":"max-image-preview:large","max-video-preview":"max-video-preview:-1"},"canonical":"http:\/\/dafinoo.eu\/mirmar\/obchod\/brusny-list-velkronove-upinanie-na-drevo-95-22mm-zrnitost-60-pre-model-jr1000ftk-a-409-73\/","og_locale":"sk_SK","og_type":"article","og_title":"Makita Br\u00fasny list\/velkronov\u00e9 up\u00ednanie na drevo 95\/22mm, zrnitos\u0165 60 pre model JR1000FTK A-409 73 - MIR-MAR","og_description":"Br\u00fasny list\/velkronov\u00e9 up\u00ednanie na drevo zrnitos\u0165 60 Rozmery 95x22mm 10ks v balen\u00ed.","og_url":"http:\/\/dafinoo.eu\/mirmar\/obchod\/brusny-list-velkronove-upinanie-na-drevo-95-22mm-zrnitost-60-pre-model-jr1000ftk-a-409-73\/","og_site_name":"MIR-MAR","article_publisher":"https:\/\/facebook.com\/mirmareshop","article_modified_time":"2021-04-21T12:26:53+00:00","og_image":[{"width":225,"height":225,"url":"https:\/\/i0.wp.com\/www.mirmar.sk\/wp-content\/uploads\/2021\/03\/12_1_17_1.jpg?fit=225%2C225&ssl=1","type":"image\/jpeg"}],"schema":{"@context":"https:\/\/schema.org","@graph":[{"@type":"WebPage","@id":"http:\/\/dafinoo.eu\/mirmar\/obchod\/brusny-list-velkronove-upinanie-na-drevo-95-22mm-zrnitost-60-pre-model-jr1000ftk-a-409-73\/","url":"http:\/\/dafinoo.eu\/mirmar\/obchod\/brusny-list-velkronove-upinanie-na-drevo-95-22mm-zrnitost-60-pre-model-jr1000ftk-a-409-73\/","name":"Makita Br\u00fasny list\/velkronov\u00e9 up\u00ednanie na drevo 95\/22mm, zrnitos\u0165 60 pre model JR1000FTK A-409 73 - MIR-MAR","isPartOf":{"@id":"http:\/\/dafinoo.eu\/mirmar\/#website"},"primaryImageOfPage":{"@id":"http:\/\/dafinoo.eu\/mirmar\/obchod\/brusny-list-velkronove-upinanie-na-drevo-95-22mm-zrnitost-60-pre-model-jr1000ftk-a-409-73\/#primaryimage"},"image":{"@id":"http:\/\/dafinoo.eu\/mirmar\/obchod\/brusny-list-velkronove-upinanie-na-drevo-95-22mm-zrnitost-60-pre-model-jr1000ftk-a-409-73\/#primaryimage"},"thumbnailUrl":"http:\/\/dafinoo.eu\/mirmar\/wp-content\/uploads\/2021\/03\/12_1_17_1.jpg","datePublished":"2021-03-15T16:39:53+00:00","dateModified":"2021-04-21T12:26:53+00:00","breadcrumb":{"@id":"http:\/\/dafinoo.eu\/mirmar\/obchod\/brusny-list-velkronove-upinanie-na-drevo-95-22mm-zrnitost-60-pre-model-jr1000ftk-a-409-73\/#breadcrumb"},"inLanguage":"sk-SK","potentialAction":[{"@type":"ReadAction","target":["http:\/\/dafinoo.eu\/mirmar\/obchod\/brusny-list-velkronove-upinanie-na-drevo-95-22mm-zrnitost-60-pre-model-jr1000ftk-a-409-73\/"]}]},{"@type":"ImageObject","inLanguage":"sk-SK","@id":"http:\/\/dafinoo.eu\/mirmar\/obchod\/brusny-list-velkronove-upinanie-na-drevo-95-22mm-zrnitost-60-pre-model-jr1000ftk-a-409-73\/#primaryimage","url":"http:\/\/dafinoo.eu\/mirmar\/wp-content\/uploads\/2021\/03\/12_1_17_1.jpg","contentUrl":"http:\/\/dafinoo.eu\/mirmar\/wp-content\/uploads\/2021\/03\/12_1_17_1.jpg","width":225,"height":225},{"@type":"BreadcrumbList","@id":"http:\/\/dafinoo.eu\/mirmar\/obchod\/brusny-list-velkronove-upinanie-na-drevo-95-22mm-zrnitost-60-pre-model-jr1000ftk-a-409-73\/#breadcrumb","itemListElement":[{"@type":"ListItem","position":1,"name":"Domovsk\u00e1 str\u00e1nka","item":"http:\/\/dafinoo.eu\/mirmar\/"},{"@type":"ListItem","position":2,"name":"Obchod","item":"http:\/\/dafinoo.eu\/mirmar\/obchod\/"},{"@type":"ListItem","position":3,"name":"Makita Br\u00fasny list\/velkronov\u00e9 up\u00ednanie na drevo 95\/22mm, zrnitos\u0165 60 pre model JR1000FTK A-409 73"}]},{"@type":"WebSite","@id":"http:\/\/dafinoo.eu\/mirmar\/#website","url":"http:\/\/dafinoo.eu\/mirmar\/","name":"MIR-MAR","description":"Eshop s n\u00e1rad\u00edm","publisher":{"@id":"http:\/\/dafinoo.eu\/mirmar\/#organization"},"potentialAction":[{"@type":"SearchAction","target":{"@type":"EntryPoint","urlTemplate":"http:\/\/dafinoo.eu\/mirmar\/?s={search_term_string}"},"query-input":{"@type":"PropertyValueSpecification","valueRequired":true,"valueName":"search_term_string"}}],"inLanguage":"sk-SK"},{"@type":"Organization","@id":"http:\/\/dafinoo.eu\/mirmar\/#organization","name":"MIR-MAR","url":"http:\/\/dafinoo.eu\/mirmar\/","logo":{"@type":"ImageObject","inLanguage":"sk-SK","@id":"http:\/\/dafinoo.eu\/mirmar\/#\/schema\/logo\/image\/","url":"http:\/\/dafinoo.eu\/mirmar\/wp-content\/uploads\/2021\/03\/mirmar_logo.png","contentUrl":"http:\/\/dafinoo.eu\/mirmar\/wp-content\/uploads\/2021\/03\/mirmar_logo.png","width":256,"height":60,"caption":"MIR-MAR"},"image":{"@id":"http:\/\/dafinoo.eu\/mirmar\/#\/schema\/logo\/image\/"},"sameAs":["https:\/\/facebook.com\/mirmareshop"]}]}},"_links":{"self":[{"href":"http:\/\/dafinoo.eu\/mirmar\/wp-json\/wp\/v2\/product\/40511","targetHints":{"allow":["GET"]}}],"collection":[{"href":"http:\/\/dafinoo.eu\/mirmar\/wp-json\/wp\/v2\/product"}],"about":[{"href":"http:\/\/dafinoo.eu\/mirmar\/wp-json\/wp\/v2\/types\/product"}],"replies":[{"embeddable":true,"href":"http:\/\/dafinoo.eu\/mirmar\/wp-json\/wp\/v2\/comments?post=40511"}],"wp:featuredmedia":[{"embeddable":true,"href":"http:\/\/dafinoo.eu\/mirmar\/wp-json\/wp\/v2\/media\/40512"}],"wp:attachment":[{"href":"http:\/\/dafinoo.eu\/mirmar\/wp-json\/wp\/v2\/media?parent=40511"}],"wp:term":[{"taxonomy":"product_cat","embeddable":true,"href":"http:\/\/dafinoo.eu\/mirmar\/wp-json\/wp\/v2\/product_cat?post=40511"},{"taxonomy":"product_tag","embeddable":true,"href":"http:\/\/dafinoo.eu\/mirmar\/wp-json\/wp\/v2\/product_tag?post=40511"}],"curies":[{"name":"wp","href":"https:\/\/api.w.org\/{rel}","templated":true}]}}