{"id":40583,"date":"2021-03-15T17:40:16","date_gmt":"2021-03-15T16:40:16","guid":{"rendered":"http:\/\/dafinoo.eu\/mirmar\/product\/fluorescencna-svetelna-jednotka-nahradny-diel-pre-modely-ls0714f-ls1013f-fl-ls1040f-ls1214f-fl-193730-1\/"},"modified":"2021-04-21T14:24:45","modified_gmt":"2021-04-21T12:24:45","slug":"fluorescencna-svetelna-jednotka-nahradny-diel-pre-modely-ls0714f-ls1013f-fl-ls1040f-ls1214f-fl-193730-1","status":"publish","type":"product","link":"http:\/\/dafinoo.eu\/mirmar\/obchod\/fluorescencna-svetelna-jednotka-nahradny-diel-pre-modely-ls0714f-ls1013f-fl-ls1040f-ls1214f-fl-193730-1\/","title":{"rendered":"Makita Fluorescen\u010dn\u00e1 sveteln\u00e1 jednotka (n\u00e1hradn\u00fd diel) pre modely: LS0714F, LS1013F\/FL, LS1040F, LS1214F\/FL 193730-1"},"content":{"rendered":"<p>Pr\u00edslu\u0161enstvo pre stoln\u00e9 a pokosov\u00e9 p\u00edly.<\/p>\n","protected":false},"excerpt":{"rendered":"<p>Fluorescen\u010dn\u00e1 sveteln\u00e1 jednotka (n\u00e1hradn\u00fd diel) pre modely: LS0714F, LS1013F\/FL, LS1040F, LS1214F\/FL<\/p>\n","protected":false},"featured_media":40584,"comment_status":"closed","ping_status":"open","template":"","meta":{"_lmt_disableupdate":"","_lmt_disable":""},"product_cat":[3051,3369,3398],"product_tag":[],"class_list":{"0":"post-40583","1":"product","2":"type-product","3":"status-publish","4":"has-post-thumbnail","6":"product_cat-makita","7":"product_cat-makita-prislusenstvo","8":"product_cat-sortiment-prislusenstva-pily","9":"ts_product_brand-makita","11":"first","12":"instock","13":"taxable","14":"shipping-taxable","15":"purchasable","16":"product-type-simple"},"yoast_head":"<!-- This site is optimized with the Yoast SEO plugin v27.3 - https:\/\/yoast.com\/product\/yoast-seo-wordpress\/ -->\n<title>Makita Fluorescen\u010dn\u00e1 sveteln\u00e1 jednotka (n\u00e1hradn\u00fd diel) pre modely: LS0714F, LS1013F\/FL, LS1040F, LS1214F\/FL 193730-1 - MIR-MAR<\/title>\n<meta name=\"robots\" content=\"index, follow, max-snippet:-1, max-image-preview:large, max-video-preview:-1\" \/>\n<link rel=\"canonical\" href=\"http:\/\/dafinoo.eu\/mirmar\/obchod\/fluorescencna-svetelna-jednotka-nahradny-diel-pre-modely-ls0714f-ls1013f-fl-ls1040f-ls1214f-fl-193730-1\/\" \/>\n<meta property=\"og:locale\" content=\"sk_SK\" \/>\n<meta property=\"og:type\" content=\"article\" \/>\n<meta property=\"og:title\" content=\"Makita Fluorescen\u010dn\u00e1 sveteln\u00e1 jednotka (n\u00e1hradn\u00fd diel) pre modely: LS0714F, LS1013F\/FL, LS1040F, LS1214F\/FL 193730-1 - MIR-MAR\" \/>\n<meta property=\"og:description\" content=\"Fluorescen\u010dn\u00e1 sveteln\u00e1 jednotka (n\u00e1hradn\u00fd diel) pre modely: LS0714F, LS1013F\/FL, LS1040F, LS1214F\/FL\" \/>\n<meta property=\"og:url\" content=\"http:\/\/dafinoo.eu\/mirmar\/obchod\/fluorescencna-svetelna-jednotka-nahradny-diel-pre-modely-ls0714f-ls1013f-fl-ls1040f-ls1214f-fl-193730-1\/\" \/>\n<meta property=\"og:site_name\" content=\"MIR-MAR\" \/>\n<meta property=\"article:publisher\" content=\"https:\/\/facebook.com\/mirmareshop\" \/>\n<meta property=\"article:modified_time\" content=\"2021-04-21T12:24:45+00:00\" \/>\n<meta property=\"og:image\" content=\"https:\/\/i0.wp.com\/www.mirmar.sk\/wp-content\/uploads\/2021\/03\/15_1_8_1.jpg?fit=230%2C102&ssl=1\" \/>\n\t<meta property=\"og:image:width\" content=\"230\" \/>\n\t<meta property=\"og:image:height\" content=\"102\" \/>\n\t<meta property=\"og:image:type\" content=\"image\/jpeg\" \/>\n<script type=\"application\/ld+json\" class=\"yoast-schema-graph\">{\"@context\":\"https:\\\/\\\/schema.org\",\"@graph\":[{\"@type\":\"WebPage\",\"@id\":\"http:\\\/\\\/dafinoo.eu\\\/mirmar\\\/obchod\\\/fluorescencna-svetelna-jednotka-nahradny-diel-pre-modely-ls0714f-ls1013f-fl-ls1040f-ls1214f-fl-193730-1\\\/\",\"url\":\"http:\\\/\\\/dafinoo.eu\\\/mirmar\\\/obchod\\\/fluorescencna-svetelna-jednotka-nahradny-diel-pre-modely-ls0714f-ls1013f-fl-ls1040f-ls1214f-fl-193730-1\\\/\",\"name\":\"Makita Fluorescen\u010dn\u00e1 sveteln\u00e1 jednotka (n\u00e1hradn\u00fd diel) pre modely: LS0714F, LS1013F\\\/FL, LS1040F, LS1214F\\\/FL 193730-1 - MIR-MAR\",\"isPartOf\":{\"@id\":\"http:\\\/\\\/dafinoo.eu\\\/mirmar\\\/#website\"},\"primaryImageOfPage\":{\"@id\":\"http:\\\/\\\/dafinoo.eu\\\/mirmar\\\/obchod\\\/fluorescencna-svetelna-jednotka-nahradny-diel-pre-modely-ls0714f-ls1013f-fl-ls1040f-ls1214f-fl-193730-1\\\/#primaryimage\"},\"image\":{\"@id\":\"http:\\\/\\\/dafinoo.eu\\\/mirmar\\\/obchod\\\/fluorescencna-svetelna-jednotka-nahradny-diel-pre-modely-ls0714f-ls1013f-fl-ls1040f-ls1214f-fl-193730-1\\\/#primaryimage\"},\"thumbnailUrl\":\"http:\\\/\\\/dafinoo.eu\\\/mirmar\\\/wp-content\\\/uploads\\\/2021\\\/03\\\/15_1_8_1.jpg\",\"datePublished\":\"2021-03-15T16:40:16+00:00\",\"dateModified\":\"2021-04-21T12:24:45+00:00\",\"breadcrumb\":{\"@id\":\"http:\\\/\\\/dafinoo.eu\\\/mirmar\\\/obchod\\\/fluorescencna-svetelna-jednotka-nahradny-diel-pre-modely-ls0714f-ls1013f-fl-ls1040f-ls1214f-fl-193730-1\\\/#breadcrumb\"},\"inLanguage\":\"sk-SK\",\"potentialAction\":[{\"@type\":\"ReadAction\",\"target\":[\"http:\\\/\\\/dafinoo.eu\\\/mirmar\\\/obchod\\\/fluorescencna-svetelna-jednotka-nahradny-diel-pre-modely-ls0714f-ls1013f-fl-ls1040f-ls1214f-fl-193730-1\\\/\"]}]},{\"@type\":\"ImageObject\",\"inLanguage\":\"sk-SK\",\"@id\":\"http:\\\/\\\/dafinoo.eu\\\/mirmar\\\/obchod\\\/fluorescencna-svetelna-jednotka-nahradny-diel-pre-modely-ls0714f-ls1013f-fl-ls1040f-ls1214f-fl-193730-1\\\/#primaryimage\",\"url\":\"http:\\\/\\\/dafinoo.eu\\\/mirmar\\\/wp-content\\\/uploads\\\/2021\\\/03\\\/15_1_8_1.jpg\",\"contentUrl\":\"http:\\\/\\\/dafinoo.eu\\\/mirmar\\\/wp-content\\\/uploads\\\/2021\\\/03\\\/15_1_8_1.jpg\",\"width\":230,\"height\":102},{\"@type\":\"BreadcrumbList\",\"@id\":\"http:\\\/\\\/dafinoo.eu\\\/mirmar\\\/obchod\\\/fluorescencna-svetelna-jednotka-nahradny-diel-pre-modely-ls0714f-ls1013f-fl-ls1040f-ls1214f-fl-193730-1\\\/#breadcrumb\",\"itemListElement\":[{\"@type\":\"ListItem\",\"position\":1,\"name\":\"Domovsk\u00e1 str\u00e1nka\",\"item\":\"http:\\\/\\\/dafinoo.eu\\\/mirmar\\\/\"},{\"@type\":\"ListItem\",\"position\":2,\"name\":\"Obchod\",\"item\":\"http:\\\/\\\/dafinoo.eu\\\/mirmar\\\/obchod\\\/\"},{\"@type\":\"ListItem\",\"position\":3,\"name\":\"Makita Fluorescen\u010dn\u00e1 sveteln\u00e1 jednotka (n\u00e1hradn\u00fd diel) pre modely: LS0714F, LS1013F\\\/FL, LS1040F, LS1214F\\\/FL 193730-1\"}]},{\"@type\":\"WebSite\",\"@id\":\"http:\\\/\\\/dafinoo.eu\\\/mirmar\\\/#website\",\"url\":\"http:\\\/\\\/dafinoo.eu\\\/mirmar\\\/\",\"name\":\"MIR-MAR\",\"description\":\"Eshop s n\u00e1rad\u00edm\",\"publisher\":{\"@id\":\"http:\\\/\\\/dafinoo.eu\\\/mirmar\\\/#organization\"},\"potentialAction\":[{\"@type\":\"SearchAction\",\"target\":{\"@type\":\"EntryPoint\",\"urlTemplate\":\"http:\\\/\\\/dafinoo.eu\\\/mirmar\\\/?s={search_term_string}\"},\"query-input\":{\"@type\":\"PropertyValueSpecification\",\"valueRequired\":true,\"valueName\":\"search_term_string\"}}],\"inLanguage\":\"sk-SK\"},{\"@type\":\"Organization\",\"@id\":\"http:\\\/\\\/dafinoo.eu\\\/mirmar\\\/#organization\",\"name\":\"MIR-MAR\",\"url\":\"http:\\\/\\\/dafinoo.eu\\\/mirmar\\\/\",\"logo\":{\"@type\":\"ImageObject\",\"inLanguage\":\"sk-SK\",\"@id\":\"http:\\\/\\\/dafinoo.eu\\\/mirmar\\\/#\\\/schema\\\/logo\\\/image\\\/\",\"url\":\"http:\\\/\\\/dafinoo.eu\\\/mirmar\\\/wp-content\\\/uploads\\\/2021\\\/03\\\/mirmar_logo.png\",\"contentUrl\":\"http:\\\/\\\/dafinoo.eu\\\/mirmar\\\/wp-content\\\/uploads\\\/2021\\\/03\\\/mirmar_logo.png\",\"width\":256,\"height\":60,\"caption\":\"MIR-MAR\"},\"image\":{\"@id\":\"http:\\\/\\\/dafinoo.eu\\\/mirmar\\\/#\\\/schema\\\/logo\\\/image\\\/\"},\"sameAs\":[\"https:\\\/\\\/facebook.com\\\/mirmareshop\"]}]}<\/script>\n<!-- \/ Yoast SEO plugin. -->","yoast_head_json":{"title":"Makita Fluorescen\u010dn\u00e1 sveteln\u00e1 jednotka (n\u00e1hradn\u00fd diel) pre modely: LS0714F, LS1013F\/FL, LS1040F, LS1214F\/FL 193730-1 - MIR-MAR","robots":{"index":"index","follow":"follow","max-snippet":"max-snippet:-1","max-image-preview":"max-image-preview:large","max-video-preview":"max-video-preview:-1"},"canonical":"http:\/\/dafinoo.eu\/mirmar\/obchod\/fluorescencna-svetelna-jednotka-nahradny-diel-pre-modely-ls0714f-ls1013f-fl-ls1040f-ls1214f-fl-193730-1\/","og_locale":"sk_SK","og_type":"article","og_title":"Makita Fluorescen\u010dn\u00e1 sveteln\u00e1 jednotka (n\u00e1hradn\u00fd diel) pre modely: LS0714F, LS1013F\/FL, LS1040F, LS1214F\/FL 193730-1 - MIR-MAR","og_description":"Fluorescen\u010dn\u00e1 sveteln\u00e1 jednotka (n\u00e1hradn\u00fd diel) pre modely: LS0714F, LS1013F\/FL, LS1040F, LS1214F\/FL","og_url":"http:\/\/dafinoo.eu\/mirmar\/obchod\/fluorescencna-svetelna-jednotka-nahradny-diel-pre-modely-ls0714f-ls1013f-fl-ls1040f-ls1214f-fl-193730-1\/","og_site_name":"MIR-MAR","article_publisher":"https:\/\/facebook.com\/mirmareshop","article_modified_time":"2021-04-21T12:24:45+00:00","og_image":[{"width":230,"height":102,"url":"https:\/\/i0.wp.com\/www.mirmar.sk\/wp-content\/uploads\/2021\/03\/15_1_8_1.jpg?fit=230%2C102&ssl=1","type":"image\/jpeg"}],"schema":{"@context":"https:\/\/schema.org","@graph":[{"@type":"WebPage","@id":"http:\/\/dafinoo.eu\/mirmar\/obchod\/fluorescencna-svetelna-jednotka-nahradny-diel-pre-modely-ls0714f-ls1013f-fl-ls1040f-ls1214f-fl-193730-1\/","url":"http:\/\/dafinoo.eu\/mirmar\/obchod\/fluorescencna-svetelna-jednotka-nahradny-diel-pre-modely-ls0714f-ls1013f-fl-ls1040f-ls1214f-fl-193730-1\/","name":"Makita Fluorescen\u010dn\u00e1 sveteln\u00e1 jednotka (n\u00e1hradn\u00fd diel) pre modely: LS0714F, LS1013F\/FL, LS1040F, LS1214F\/FL 193730-1 - MIR-MAR","isPartOf":{"@id":"http:\/\/dafinoo.eu\/mirmar\/#website"},"primaryImageOfPage":{"@id":"http:\/\/dafinoo.eu\/mirmar\/obchod\/fluorescencna-svetelna-jednotka-nahradny-diel-pre-modely-ls0714f-ls1013f-fl-ls1040f-ls1214f-fl-193730-1\/#primaryimage"},"image":{"@id":"http:\/\/dafinoo.eu\/mirmar\/obchod\/fluorescencna-svetelna-jednotka-nahradny-diel-pre-modely-ls0714f-ls1013f-fl-ls1040f-ls1214f-fl-193730-1\/#primaryimage"},"thumbnailUrl":"http:\/\/dafinoo.eu\/mirmar\/wp-content\/uploads\/2021\/03\/15_1_8_1.jpg","datePublished":"2021-03-15T16:40:16+00:00","dateModified":"2021-04-21T12:24:45+00:00","breadcrumb":{"@id":"http:\/\/dafinoo.eu\/mirmar\/obchod\/fluorescencna-svetelna-jednotka-nahradny-diel-pre-modely-ls0714f-ls1013f-fl-ls1040f-ls1214f-fl-193730-1\/#breadcrumb"},"inLanguage":"sk-SK","potentialAction":[{"@type":"ReadAction","target":["http:\/\/dafinoo.eu\/mirmar\/obchod\/fluorescencna-svetelna-jednotka-nahradny-diel-pre-modely-ls0714f-ls1013f-fl-ls1040f-ls1214f-fl-193730-1\/"]}]},{"@type":"ImageObject","inLanguage":"sk-SK","@id":"http:\/\/dafinoo.eu\/mirmar\/obchod\/fluorescencna-svetelna-jednotka-nahradny-diel-pre-modely-ls0714f-ls1013f-fl-ls1040f-ls1214f-fl-193730-1\/#primaryimage","url":"http:\/\/dafinoo.eu\/mirmar\/wp-content\/uploads\/2021\/03\/15_1_8_1.jpg","contentUrl":"http:\/\/dafinoo.eu\/mirmar\/wp-content\/uploads\/2021\/03\/15_1_8_1.jpg","width":230,"height":102},{"@type":"BreadcrumbList","@id":"http:\/\/dafinoo.eu\/mirmar\/obchod\/fluorescencna-svetelna-jednotka-nahradny-diel-pre-modely-ls0714f-ls1013f-fl-ls1040f-ls1214f-fl-193730-1\/#breadcrumb","itemListElement":[{"@type":"ListItem","position":1,"name":"Domovsk\u00e1 str\u00e1nka","item":"http:\/\/dafinoo.eu\/mirmar\/"},{"@type":"ListItem","position":2,"name":"Obchod","item":"http:\/\/dafinoo.eu\/mirmar\/obchod\/"},{"@type":"ListItem","position":3,"name":"Makita Fluorescen\u010dn\u00e1 sveteln\u00e1 jednotka (n\u00e1hradn\u00fd diel) pre modely: LS0714F, LS1013F\/FL, LS1040F, LS1214F\/FL 193730-1"}]},{"@type":"WebSite","@id":"http:\/\/dafinoo.eu\/mirmar\/#website","url":"http:\/\/dafinoo.eu\/mirmar\/","name":"MIR-MAR","description":"Eshop s n\u00e1rad\u00edm","publisher":{"@id":"http:\/\/dafinoo.eu\/mirmar\/#organization"},"potentialAction":[{"@type":"SearchAction","target":{"@type":"EntryPoint","urlTemplate":"http:\/\/dafinoo.eu\/mirmar\/?s={search_term_string}"},"query-input":{"@type":"PropertyValueSpecification","valueRequired":true,"valueName":"search_term_string"}}],"inLanguage":"sk-SK"},{"@type":"Organization","@id":"http:\/\/dafinoo.eu\/mirmar\/#organization","name":"MIR-MAR","url":"http:\/\/dafinoo.eu\/mirmar\/","logo":{"@type":"ImageObject","inLanguage":"sk-SK","@id":"http:\/\/dafinoo.eu\/mirmar\/#\/schema\/logo\/image\/","url":"http:\/\/dafinoo.eu\/mirmar\/wp-content\/uploads\/2021\/03\/mirmar_logo.png","contentUrl":"http:\/\/dafinoo.eu\/mirmar\/wp-content\/uploads\/2021\/03\/mirmar_logo.png","width":256,"height":60,"caption":"MIR-MAR"},"image":{"@id":"http:\/\/dafinoo.eu\/mirmar\/#\/schema\/logo\/image\/"},"sameAs":["https:\/\/facebook.com\/mirmareshop"]}]}},"_links":{"self":[{"href":"http:\/\/dafinoo.eu\/mirmar\/wp-json\/wp\/v2\/product\/40583","targetHints":{"allow":["GET"]}}],"collection":[{"href":"http:\/\/dafinoo.eu\/mirmar\/wp-json\/wp\/v2\/product"}],"about":[{"href":"http:\/\/dafinoo.eu\/mirmar\/wp-json\/wp\/v2\/types\/product"}],"replies":[{"embeddable":true,"href":"http:\/\/dafinoo.eu\/mirmar\/wp-json\/wp\/v2\/comments?post=40583"}],"wp:featuredmedia":[{"embeddable":true,"href":"http:\/\/dafinoo.eu\/mirmar\/wp-json\/wp\/v2\/media\/40584"}],"wp:attachment":[{"href":"http:\/\/dafinoo.eu\/mirmar\/wp-json\/wp\/v2\/media?parent=40583"}],"wp:term":[{"taxonomy":"product_cat","embeddable":true,"href":"http:\/\/dafinoo.eu\/mirmar\/wp-json\/wp\/v2\/product_cat?post=40583"},{"taxonomy":"product_tag","embeddable":true,"href":"http:\/\/dafinoo.eu\/mirmar\/wp-json\/wp\/v2\/product_tag?post=40583"}],"curies":[{"name":"wp","href":"https:\/\/api.w.org\/{rel}","templated":true}]}}