{"id":40727,"date":"2021-03-15T17:40:59","date_gmt":"2021-03-15T16:40:59","guid":{"rendered":"http:\/\/dafinoo.eu\/mirmar\/product\/brusne-pasy-z-tkaniny-76x457mm-suprava-3ks-zrnitost-40-80-120-pre-modely-9910-9911-p-37166\/"},"modified":"2021-04-21T14:22:22","modified_gmt":"2021-04-21T12:22:22","slug":"brusne-pasy-z-tkaniny-76x457mm-suprava-3ks-zrnitost-40-80-120-pre-modely-9910-9911-p-37166","status":"publish","type":"product","link":"http:\/\/dafinoo.eu\/mirmar\/obchod\/brusne-pasy-z-tkaniny-76x457mm-suprava-3ks-zrnitost-40-80-120-pre-modely-9910-9911-p-37166\/","title":{"rendered":"Makita Br\u00fasne p\u00e1sy z tkaniny 76x457mm, s\u00faprava 3ks, zrnitos\u0165 40\/80\/120 pre modely: 9910, 9911 P-37166"},"content":{"rendered":"<p>Sortiment pr\u00edslu\u0161enstva brusivo na podlo\u017eke &#8211; br\u00fasky<\/p>\n","protected":false},"excerpt":{"rendered":"<p>Br\u00fasne p\u00e1sy z tkaniny 76x457mm, s\u00faprava 3ks, zrnitos\u0165 40\/80\/120 pre modely: 9910, 9911<br \/>\nVhodn\u00fd na farebn\u00e9 kovy, plasty, tvrd\u00e9\/m\u00e4kk\u00e9 drevo, drevo s klincami, kovy, kame\u0148.<br \/>\nS\u00faprava (3ks), zrnitos\u0165 40\/80\/120<\/p>\n","protected":false},"featured_media":40728,"comment_status":"closed","ping_status":"open","template":"","meta":{"_lmt_disableupdate":"","_lmt_disable":""},"product_cat":[3051,3369],"product_tag":[],"class_list":{"0":"post-40727","1":"product","2":"type-product","3":"status-publish","4":"has-post-thumbnail","6":"product_cat-makita","7":"product_cat-makita-prislusenstvo","8":"ts_product_brand-makita","10":"first","11":"instock","12":"taxable","13":"shipping-taxable","14":"purchasable","15":"product-type-simple"},"yoast_head":"<!-- This site is optimized with the Yoast SEO plugin v27.3 - https:\/\/yoast.com\/product\/yoast-seo-wordpress\/ -->\n<title>Makita Br\u00fasne p\u00e1sy z tkaniny 76x457mm, s\u00faprava 3ks, zrnitos\u0165 40\/80\/120 pre modely: 9910, 9911 P-37166 - MIR-MAR<\/title>\n<meta name=\"robots\" content=\"index, follow, max-snippet:-1, max-image-preview:large, max-video-preview:-1\" \/>\n<link rel=\"canonical\" href=\"http:\/\/dafinoo.eu\/mirmar\/obchod\/brusne-pasy-z-tkaniny-76x457mm-suprava-3ks-zrnitost-40-80-120-pre-modely-9910-9911-p-37166\/\" \/>\n<meta property=\"og:locale\" content=\"sk_SK\" \/>\n<meta property=\"og:type\" content=\"article\" \/>\n<meta property=\"og:title\" content=\"Makita Br\u00fasne p\u00e1sy z tkaniny 76x457mm, s\u00faprava 3ks, zrnitos\u0165 40\/80\/120 pre modely: 9910, 9911 P-37166 - MIR-MAR\" \/>\n<meta property=\"og:description\" content=\"Br\u00fasne p\u00e1sy z tkaniny 76x457mm, s\u00faprava 3ks, zrnitos\u0165 40\/80\/120 pre modely: 9910, 9911 Vhodn\u00fd na farebn\u00e9 kovy, plasty, tvrd\u00e9\/m\u00e4kk\u00e9 drevo, drevo s klincami, kovy, kame\u0148. S\u00faprava (3ks), zrnitos\u0165 40\/80\/120\" \/>\n<meta property=\"og:url\" content=\"http:\/\/dafinoo.eu\/mirmar\/obchod\/brusne-pasy-z-tkaniny-76x457mm-suprava-3ks-zrnitost-40-80-120-pre-modely-9910-9911-p-37166\/\" \/>\n<meta property=\"og:site_name\" content=\"MIR-MAR\" \/>\n<meta property=\"article:publisher\" content=\"https:\/\/facebook.com\/mirmareshop\" \/>\n<meta property=\"article:modified_time\" content=\"2021-04-21T12:22:22+00:00\" \/>\n<meta property=\"og:image\" content=\"https:\/\/i1.wp.com\/www.mirmar.sk\/wp-content\/uploads\/2021\/03\/8394-5986-thickbox_7_1.jpg?fit=500%2C500&ssl=1\" \/>\n\t<meta property=\"og:image:width\" content=\"500\" \/>\n\t<meta property=\"og:image:height\" content=\"500\" \/>\n\t<meta property=\"og:image:type\" content=\"image\/jpeg\" \/>\n<script type=\"application\/ld+json\" class=\"yoast-schema-graph\">{\"@context\":\"https:\\\/\\\/schema.org\",\"@graph\":[{\"@type\":\"WebPage\",\"@id\":\"http:\\\/\\\/dafinoo.eu\\\/mirmar\\\/obchod\\\/brusne-pasy-z-tkaniny-76x457mm-suprava-3ks-zrnitost-40-80-120-pre-modely-9910-9911-p-37166\\\/\",\"url\":\"http:\\\/\\\/dafinoo.eu\\\/mirmar\\\/obchod\\\/brusne-pasy-z-tkaniny-76x457mm-suprava-3ks-zrnitost-40-80-120-pre-modely-9910-9911-p-37166\\\/\",\"name\":\"Makita Br\u00fasne p\u00e1sy z tkaniny 76x457mm, s\u00faprava 3ks, zrnitos\u0165 40\\\/80\\\/120 pre modely: 9910, 9911 P-37166 - MIR-MAR\",\"isPartOf\":{\"@id\":\"http:\\\/\\\/dafinoo.eu\\\/mirmar\\\/#website\"},\"primaryImageOfPage\":{\"@id\":\"http:\\\/\\\/dafinoo.eu\\\/mirmar\\\/obchod\\\/brusne-pasy-z-tkaniny-76x457mm-suprava-3ks-zrnitost-40-80-120-pre-modely-9910-9911-p-37166\\\/#primaryimage\"},\"image\":{\"@id\":\"http:\\\/\\\/dafinoo.eu\\\/mirmar\\\/obchod\\\/brusne-pasy-z-tkaniny-76x457mm-suprava-3ks-zrnitost-40-80-120-pre-modely-9910-9911-p-37166\\\/#primaryimage\"},\"thumbnailUrl\":\"http:\\\/\\\/dafinoo.eu\\\/mirmar\\\/wp-content\\\/uploads\\\/2021\\\/03\\\/8394-5986-thickbox_7_1.jpg\",\"datePublished\":\"2021-03-15T16:40:59+00:00\",\"dateModified\":\"2021-04-21T12:22:22+00:00\",\"breadcrumb\":{\"@id\":\"http:\\\/\\\/dafinoo.eu\\\/mirmar\\\/obchod\\\/brusne-pasy-z-tkaniny-76x457mm-suprava-3ks-zrnitost-40-80-120-pre-modely-9910-9911-p-37166\\\/#breadcrumb\"},\"inLanguage\":\"sk-SK\",\"potentialAction\":[{\"@type\":\"ReadAction\",\"target\":[\"http:\\\/\\\/dafinoo.eu\\\/mirmar\\\/obchod\\\/brusne-pasy-z-tkaniny-76x457mm-suprava-3ks-zrnitost-40-80-120-pre-modely-9910-9911-p-37166\\\/\"]}]},{\"@type\":\"ImageObject\",\"inLanguage\":\"sk-SK\",\"@id\":\"http:\\\/\\\/dafinoo.eu\\\/mirmar\\\/obchod\\\/brusne-pasy-z-tkaniny-76x457mm-suprava-3ks-zrnitost-40-80-120-pre-modely-9910-9911-p-37166\\\/#primaryimage\",\"url\":\"http:\\\/\\\/dafinoo.eu\\\/mirmar\\\/wp-content\\\/uploads\\\/2021\\\/03\\\/8394-5986-thickbox_7_1.jpg\",\"contentUrl\":\"http:\\\/\\\/dafinoo.eu\\\/mirmar\\\/wp-content\\\/uploads\\\/2021\\\/03\\\/8394-5986-thickbox_7_1.jpg\",\"width\":500,\"height\":500},{\"@type\":\"BreadcrumbList\",\"@id\":\"http:\\\/\\\/dafinoo.eu\\\/mirmar\\\/obchod\\\/brusne-pasy-z-tkaniny-76x457mm-suprava-3ks-zrnitost-40-80-120-pre-modely-9910-9911-p-37166\\\/#breadcrumb\",\"itemListElement\":[{\"@type\":\"ListItem\",\"position\":1,\"name\":\"Domovsk\u00e1 str\u00e1nka\",\"item\":\"http:\\\/\\\/dafinoo.eu\\\/mirmar\\\/\"},{\"@type\":\"ListItem\",\"position\":2,\"name\":\"Obchod\",\"item\":\"http:\\\/\\\/dafinoo.eu\\\/mirmar\\\/obchod\\\/\"},{\"@type\":\"ListItem\",\"position\":3,\"name\":\"Makita Br\u00fasne p\u00e1sy z tkaniny 76x457mm, s\u00faprava 3ks, zrnitos\u0165 40\\\/80\\\/120 pre modely: 9910, 9911 P-37166\"}]},{\"@type\":\"WebSite\",\"@id\":\"http:\\\/\\\/dafinoo.eu\\\/mirmar\\\/#website\",\"url\":\"http:\\\/\\\/dafinoo.eu\\\/mirmar\\\/\",\"name\":\"MIR-MAR\",\"description\":\"Eshop s n\u00e1rad\u00edm\",\"publisher\":{\"@id\":\"http:\\\/\\\/dafinoo.eu\\\/mirmar\\\/#organization\"},\"potentialAction\":[{\"@type\":\"SearchAction\",\"target\":{\"@type\":\"EntryPoint\",\"urlTemplate\":\"http:\\\/\\\/dafinoo.eu\\\/mirmar\\\/?s={search_term_string}\"},\"query-input\":{\"@type\":\"PropertyValueSpecification\",\"valueRequired\":true,\"valueName\":\"search_term_string\"}}],\"inLanguage\":\"sk-SK\"},{\"@type\":\"Organization\",\"@id\":\"http:\\\/\\\/dafinoo.eu\\\/mirmar\\\/#organization\",\"name\":\"MIR-MAR\",\"url\":\"http:\\\/\\\/dafinoo.eu\\\/mirmar\\\/\",\"logo\":{\"@type\":\"ImageObject\",\"inLanguage\":\"sk-SK\",\"@id\":\"http:\\\/\\\/dafinoo.eu\\\/mirmar\\\/#\\\/schema\\\/logo\\\/image\\\/\",\"url\":\"http:\\\/\\\/dafinoo.eu\\\/mirmar\\\/wp-content\\\/uploads\\\/2021\\\/03\\\/mirmar_logo.png\",\"contentUrl\":\"http:\\\/\\\/dafinoo.eu\\\/mirmar\\\/wp-content\\\/uploads\\\/2021\\\/03\\\/mirmar_logo.png\",\"width\":256,\"height\":60,\"caption\":\"MIR-MAR\"},\"image\":{\"@id\":\"http:\\\/\\\/dafinoo.eu\\\/mirmar\\\/#\\\/schema\\\/logo\\\/image\\\/\"},\"sameAs\":[\"https:\\\/\\\/facebook.com\\\/mirmareshop\"]}]}<\/script>\n<!-- \/ Yoast SEO plugin. -->","yoast_head_json":{"title":"Makita Br\u00fasne p\u00e1sy z tkaniny 76x457mm, s\u00faprava 3ks, zrnitos\u0165 40\/80\/120 pre modely: 9910, 9911 P-37166 - MIR-MAR","robots":{"index":"index","follow":"follow","max-snippet":"max-snippet:-1","max-image-preview":"max-image-preview:large","max-video-preview":"max-video-preview:-1"},"canonical":"http:\/\/dafinoo.eu\/mirmar\/obchod\/brusne-pasy-z-tkaniny-76x457mm-suprava-3ks-zrnitost-40-80-120-pre-modely-9910-9911-p-37166\/","og_locale":"sk_SK","og_type":"article","og_title":"Makita Br\u00fasne p\u00e1sy z tkaniny 76x457mm, s\u00faprava 3ks, zrnitos\u0165 40\/80\/120 pre modely: 9910, 9911 P-37166 - MIR-MAR","og_description":"Br\u00fasne p\u00e1sy z tkaniny 76x457mm, s\u00faprava 3ks, zrnitos\u0165 40\/80\/120 pre modely: 9910, 9911 Vhodn\u00fd na farebn\u00e9 kovy, plasty, tvrd\u00e9\/m\u00e4kk\u00e9 drevo, drevo s klincami, kovy, kame\u0148. S\u00faprava (3ks), zrnitos\u0165 40\/80\/120","og_url":"http:\/\/dafinoo.eu\/mirmar\/obchod\/brusne-pasy-z-tkaniny-76x457mm-suprava-3ks-zrnitost-40-80-120-pre-modely-9910-9911-p-37166\/","og_site_name":"MIR-MAR","article_publisher":"https:\/\/facebook.com\/mirmareshop","article_modified_time":"2021-04-21T12:22:22+00:00","og_image":[{"width":500,"height":500,"url":"https:\/\/i1.wp.com\/www.mirmar.sk\/wp-content\/uploads\/2021\/03\/8394-5986-thickbox_7_1.jpg?fit=500%2C500&ssl=1","type":"image\/jpeg"}],"schema":{"@context":"https:\/\/schema.org","@graph":[{"@type":"WebPage","@id":"http:\/\/dafinoo.eu\/mirmar\/obchod\/brusne-pasy-z-tkaniny-76x457mm-suprava-3ks-zrnitost-40-80-120-pre-modely-9910-9911-p-37166\/","url":"http:\/\/dafinoo.eu\/mirmar\/obchod\/brusne-pasy-z-tkaniny-76x457mm-suprava-3ks-zrnitost-40-80-120-pre-modely-9910-9911-p-37166\/","name":"Makita Br\u00fasne p\u00e1sy z tkaniny 76x457mm, s\u00faprava 3ks, zrnitos\u0165 40\/80\/120 pre modely: 9910, 9911 P-37166 - MIR-MAR","isPartOf":{"@id":"http:\/\/dafinoo.eu\/mirmar\/#website"},"primaryImageOfPage":{"@id":"http:\/\/dafinoo.eu\/mirmar\/obchod\/brusne-pasy-z-tkaniny-76x457mm-suprava-3ks-zrnitost-40-80-120-pre-modely-9910-9911-p-37166\/#primaryimage"},"image":{"@id":"http:\/\/dafinoo.eu\/mirmar\/obchod\/brusne-pasy-z-tkaniny-76x457mm-suprava-3ks-zrnitost-40-80-120-pre-modely-9910-9911-p-37166\/#primaryimage"},"thumbnailUrl":"http:\/\/dafinoo.eu\/mirmar\/wp-content\/uploads\/2021\/03\/8394-5986-thickbox_7_1.jpg","datePublished":"2021-03-15T16:40:59+00:00","dateModified":"2021-04-21T12:22:22+00:00","breadcrumb":{"@id":"http:\/\/dafinoo.eu\/mirmar\/obchod\/brusne-pasy-z-tkaniny-76x457mm-suprava-3ks-zrnitost-40-80-120-pre-modely-9910-9911-p-37166\/#breadcrumb"},"inLanguage":"sk-SK","potentialAction":[{"@type":"ReadAction","target":["http:\/\/dafinoo.eu\/mirmar\/obchod\/brusne-pasy-z-tkaniny-76x457mm-suprava-3ks-zrnitost-40-80-120-pre-modely-9910-9911-p-37166\/"]}]},{"@type":"ImageObject","inLanguage":"sk-SK","@id":"http:\/\/dafinoo.eu\/mirmar\/obchod\/brusne-pasy-z-tkaniny-76x457mm-suprava-3ks-zrnitost-40-80-120-pre-modely-9910-9911-p-37166\/#primaryimage","url":"http:\/\/dafinoo.eu\/mirmar\/wp-content\/uploads\/2021\/03\/8394-5986-thickbox_7_1.jpg","contentUrl":"http:\/\/dafinoo.eu\/mirmar\/wp-content\/uploads\/2021\/03\/8394-5986-thickbox_7_1.jpg","width":500,"height":500},{"@type":"BreadcrumbList","@id":"http:\/\/dafinoo.eu\/mirmar\/obchod\/brusne-pasy-z-tkaniny-76x457mm-suprava-3ks-zrnitost-40-80-120-pre-modely-9910-9911-p-37166\/#breadcrumb","itemListElement":[{"@type":"ListItem","position":1,"name":"Domovsk\u00e1 str\u00e1nka","item":"http:\/\/dafinoo.eu\/mirmar\/"},{"@type":"ListItem","position":2,"name":"Obchod","item":"http:\/\/dafinoo.eu\/mirmar\/obchod\/"},{"@type":"ListItem","position":3,"name":"Makita Br\u00fasne p\u00e1sy z tkaniny 76x457mm, s\u00faprava 3ks, zrnitos\u0165 40\/80\/120 pre modely: 9910, 9911 P-37166"}]},{"@type":"WebSite","@id":"http:\/\/dafinoo.eu\/mirmar\/#website","url":"http:\/\/dafinoo.eu\/mirmar\/","name":"MIR-MAR","description":"Eshop s n\u00e1rad\u00edm","publisher":{"@id":"http:\/\/dafinoo.eu\/mirmar\/#organization"},"potentialAction":[{"@type":"SearchAction","target":{"@type":"EntryPoint","urlTemplate":"http:\/\/dafinoo.eu\/mirmar\/?s={search_term_string}"},"query-input":{"@type":"PropertyValueSpecification","valueRequired":true,"valueName":"search_term_string"}}],"inLanguage":"sk-SK"},{"@type":"Organization","@id":"http:\/\/dafinoo.eu\/mirmar\/#organization","name":"MIR-MAR","url":"http:\/\/dafinoo.eu\/mirmar\/","logo":{"@type":"ImageObject","inLanguage":"sk-SK","@id":"http:\/\/dafinoo.eu\/mirmar\/#\/schema\/logo\/image\/","url":"http:\/\/dafinoo.eu\/mirmar\/wp-content\/uploads\/2021\/03\/mirmar_logo.png","contentUrl":"http:\/\/dafinoo.eu\/mirmar\/wp-content\/uploads\/2021\/03\/mirmar_logo.png","width":256,"height":60,"caption":"MIR-MAR"},"image":{"@id":"http:\/\/dafinoo.eu\/mirmar\/#\/schema\/logo\/image\/"},"sameAs":["https:\/\/facebook.com\/mirmareshop"]}]}},"_links":{"self":[{"href":"http:\/\/dafinoo.eu\/mirmar\/wp-json\/wp\/v2\/product\/40727","targetHints":{"allow":["GET"]}}],"collection":[{"href":"http:\/\/dafinoo.eu\/mirmar\/wp-json\/wp\/v2\/product"}],"about":[{"href":"http:\/\/dafinoo.eu\/mirmar\/wp-json\/wp\/v2\/types\/product"}],"replies":[{"embeddable":true,"href":"http:\/\/dafinoo.eu\/mirmar\/wp-json\/wp\/v2\/comments?post=40727"}],"wp:featuredmedia":[{"embeddable":true,"href":"http:\/\/dafinoo.eu\/mirmar\/wp-json\/wp\/v2\/media\/40728"}],"wp:attachment":[{"href":"http:\/\/dafinoo.eu\/mirmar\/wp-json\/wp\/v2\/media?parent=40727"}],"wp:term":[{"taxonomy":"product_cat","embeddable":true,"href":"http:\/\/dafinoo.eu\/mirmar\/wp-json\/wp\/v2\/product_cat?post=40727"},{"taxonomy":"product_tag","embeddable":true,"href":"http:\/\/dafinoo.eu\/mirmar\/wp-json\/wp\/v2\/product_tag?post=40727"}],"curies":[{"name":"wp","href":"https:\/\/api.w.org\/{rel}","templated":true}]}}