{"id":40801,"date":"2021-03-15T17:41:24","date_gmt":"2021-03-15T16:41:24","guid":{"rendered":"http:\/\/dafinoo.eu\/mirmar\/product\/bosch-laserovy-merac-vzdialenosti-bosch-glm-40-0601072900\/"},"modified":"2021-04-19T19:56:44","modified_gmt":"2021-04-19T17:56:44","slug":"bosch-laserovy-merac-vzdialenosti-bosch-glm-40-0601072900","status":"publish","type":"product","link":"http:\/\/dafinoo.eu\/mirmar\/obchod\/bosch-laserovy-merac-vzdialenosti-bosch-glm-40-0601072900\/","title":{"rendered":"Bosch Laserov\u00fd mera\u010d vzdialenost\u00ed Bosch GLM 40 0601072900"},"content":{"rendered":"<p>Skvel\u00fd dia\u013ekomer pre z\u00e1kladn\u00e9 interi\u00e9rov\u00e9 meranie.<br \/>\nUr\u010den\u00fd hlavne remeseln\u00edkom, ktor\u00ed vy\u017eaduj\u00fa z\u00e1kladn\u00e9 funkcie a s\u00fa\u010dasne o\u010dak\u00e1vaj\u00fa od pr\u00edstroje vysok\u00fa presnos\u0165 a odolnos\u0165.<br \/>\nGLM 40 je vybaven\u00fd silikonovou kl\u00e1vesnicou so zrozumite\u013en\u00fdmi symbolmi pre ve\u013emi pohodln\u00e9 ovl\u00e1danie pr\u00edstroja a podsvieten\u00fdm displejom, ktor\u00fd umo\u017e\u0148uje jednoduch\u00e9 od\u010d\u00edtanie nameran\u00fdch hodn\u00f4t.<br \/>\nTento dialkomer n\u00e1jde vyu\u017eitie v celom rade profesi\u00ed a aplik\u00e1ci\u00ed (elektrik\u00e1ri, in\u0161talat\u00e9ri, s\u00e1drokarton\u00e1ri, maliari, mur\u00e1ri, bytov\u00ed architekti &#8230;)<br \/>\nIde\u00e1lny pr\u00edstroj pre ka\u017ed\u00fa stavbu, preto\u017ee je chr\u00e1nen\u00fd proti prachu a vode (IP 54) a je vybaven\u00fd aj m\u00e4kkou vlo\u017ekou. \u010eal\u0161ie funkcie ako napr. trval\u00e9 meranie, funkcia pripo\u010d\u00edtavania a odpo\u010d\u00edtavania pre zrete\u013en\u00fa \u00fasporu \u010dasu 1\/4&#8243;-up\u00ednanie stat\u00edvu pre pohodln\u00e9 pou\u017eitie so stavebn\u00fdm stat\u00edvom BS 150 Professional<\/p>\n<p>Funkcie:<\/p>\n<p>    Meranie d\u013a\u017eky s kontinu\u00e1lnym meran\u00edm<br \/>\n    Zapnutie\/Vypnutie a &#8220;Cancel&#8221;<br \/>\n    Tla\u010didlo pre s\u010d\u00edtanie<br \/>\n    Tla\u010didlo pre meranie<br \/>\n    Meranie pl\u00f4ch<br \/>\n    Meranie objemov<br \/>\n    Nepriame meranie pomocou Pythagorasa<br \/>\n    Tla\u010didlo pre od\u010d\u00edtanie<\/p>\n<p>Rozsah dod\u00e1vky<\/p>\n<p>    2x bat\u00e9ria 1,5 V LR3 AAA<br \/>\n    Certifik\u00e1t v\u00fdrobcu<br \/>\n    Ochrann\u00e9 p\u00fazdro<br \/>\n    Balenn\u00e9 v kart\u00f3ne<\/p>\n","protected":false},"excerpt":{"rendered":"<p>Rozsah merania:<br \/>\n\t0,05 \u2013 40 m<br \/>\nPresnos\u0165 merania:<br \/>\n\t\u00b1 1,5 mm<br \/>\n\u010cas merania:<br \/>\n\t0,5-4 s<br \/>\nMern\u00e9 jednotky:<br \/>\n\tmm, cm, m<br \/>\nPo\u010det hodn\u00f4t v pam\u00e4ti:<br \/>\n\t2<br \/>\nAuto. vypnutie po:<br \/>\n\t5 min<br \/>\nNap\u00e1janie:<br \/>\n\t2 bat\u00e9rie 1,5 V, LR03 (AAA)<br \/>\nTyp diody lasera:<br \/>\n\t635 nm, < 1 mW\nTrieda lasera:\n\t2\nZ\u00e1vit stat\u00edvu:\n\t1\/4 \"\nHmotnos\u0165:\n\t0,14 kg\n<\/p>\n","protected":false},"featured_media":40802,"comment_status":"closed","ping_status":"open","template":"","meta":{"_lmt_disableupdate":"","_lmt_disable":""},"product_cat":[3244,3236,3106],"product_tag":[],"class_list":{"0":"post-40801","1":"product","2":"type-product","3":"status-publish","4":"has-post-thumbnail","6":"product_cat-merace-vzdialenosti","7":"product_cat-meracia-technika","8":"product_cat-bosch","9":"ts_product_brand-bosh","11":"first","12":"instock","13":"sale","14":"taxable","15":"shipping-taxable","16":"purchasable","17":"product-type-simple"},"yoast_head":"<!-- This site is optimized with the Yoast SEO plugin v27.3 - https:\/\/yoast.com\/product\/yoast-seo-wordpress\/ -->\n<title>Bosch Laserov\u00fd mera\u010d vzdialenost\u00ed Bosch GLM 40 0601072900 - MIR-MAR<\/title>\n<meta name=\"robots\" content=\"index, follow, max-snippet:-1, max-image-preview:large, max-video-preview:-1\" \/>\n<link rel=\"canonical\" href=\"http:\/\/dafinoo.eu\/mirmar\/obchod\/bosch-laserovy-merac-vzdialenosti-bosch-glm-40-0601072900\/\" \/>\n<meta property=\"og:locale\" content=\"sk_SK\" \/>\n<meta property=\"og:type\" content=\"article\" \/>\n<meta property=\"og:title\" content=\"Bosch Laserov\u00fd mera\u010d vzdialenost\u00ed Bosch GLM 40 0601072900 - MIR-MAR\" \/>\n<meta property=\"og:description\" content=\"Rozsah merania: 0,05 \u2013 40 m Presnos\u0165 merania: \u00b1 1,5 mm \u010cas merania: 0,5-4 s Mern\u00e9 jednotky: mm, cm, m Po\u010det hodn\u00f4t v pam\u00e4ti: 2 Auto. vypnutie po: 5 min Nap\u00e1janie: 2 bat\u00e9rie 1,5 V, LR03 (AAA) Typ diody lasera: 635 nm, &lt; 1 mW Trieda lasera: 2 Z\u00e1vit stat\u00edvu: 1\/4 &quot; Hmotnos\u0165: 0,14 kg\" \/>\n<meta property=\"og:url\" content=\"http:\/\/dafinoo.eu\/mirmar\/obchod\/bosch-laserovy-merac-vzdialenosti-bosch-glm-40-0601072900\/\" \/>\n<meta property=\"og:site_name\" content=\"MIR-MAR\" \/>\n<meta property=\"article:publisher\" content=\"https:\/\/facebook.com\/mirmareshop\" \/>\n<meta property=\"article:modified_time\" content=\"2021-04-19T17:56:44+00:00\" \/>\n<meta property=\"og:image\" content=\"https:\/\/i0.wp.com\/www.mirmar.sk\/wp-content\/uploads\/2021\/03\/index_2_1.jpg?fit=162%2C312&ssl=1\" \/>\n\t<meta property=\"og:image:width\" content=\"162\" \/>\n\t<meta property=\"og:image:height\" content=\"312\" \/>\n\t<meta property=\"og:image:type\" content=\"image\/jpeg\" \/>\n<meta name=\"twitter:label1\" content=\"Predpokladan\u00fd \u010das \u010d\u00edtania\" \/>\n\t<meta name=\"twitter:data1\" content=\"1 min\u00fata\" \/>\n<script type=\"application\/ld+json\" class=\"yoast-schema-graph\">{\"@context\":\"https:\\\/\\\/schema.org\",\"@graph\":[{\"@type\":\"WebPage\",\"@id\":\"http:\\\/\\\/dafinoo.eu\\\/mirmar\\\/obchod\\\/bosch-laserovy-merac-vzdialenosti-bosch-glm-40-0601072900\\\/\",\"url\":\"http:\\\/\\\/dafinoo.eu\\\/mirmar\\\/obchod\\\/bosch-laserovy-merac-vzdialenosti-bosch-glm-40-0601072900\\\/\",\"name\":\"Bosch Laserov\u00fd mera\u010d vzdialenost\u00ed Bosch GLM 40 0601072900 - MIR-MAR\",\"isPartOf\":{\"@id\":\"http:\\\/\\\/dafinoo.eu\\\/mirmar\\\/#website\"},\"primaryImageOfPage\":{\"@id\":\"http:\\\/\\\/dafinoo.eu\\\/mirmar\\\/obchod\\\/bosch-laserovy-merac-vzdialenosti-bosch-glm-40-0601072900\\\/#primaryimage\"},\"image\":{\"@id\":\"http:\\\/\\\/dafinoo.eu\\\/mirmar\\\/obchod\\\/bosch-laserovy-merac-vzdialenosti-bosch-glm-40-0601072900\\\/#primaryimage\"},\"thumbnailUrl\":\"http:\\\/\\\/dafinoo.eu\\\/mirmar\\\/wp-content\\\/uploads\\\/2021\\\/03\\\/index_2_1.jpg\",\"datePublished\":\"2021-03-15T16:41:24+00:00\",\"dateModified\":\"2021-04-19T17:56:44+00:00\",\"breadcrumb\":{\"@id\":\"http:\\\/\\\/dafinoo.eu\\\/mirmar\\\/obchod\\\/bosch-laserovy-merac-vzdialenosti-bosch-glm-40-0601072900\\\/#breadcrumb\"},\"inLanguage\":\"sk-SK\",\"potentialAction\":[{\"@type\":\"ReadAction\",\"target\":[\"http:\\\/\\\/dafinoo.eu\\\/mirmar\\\/obchod\\\/bosch-laserovy-merac-vzdialenosti-bosch-glm-40-0601072900\\\/\"]}]},{\"@type\":\"ImageObject\",\"inLanguage\":\"sk-SK\",\"@id\":\"http:\\\/\\\/dafinoo.eu\\\/mirmar\\\/obchod\\\/bosch-laserovy-merac-vzdialenosti-bosch-glm-40-0601072900\\\/#primaryimage\",\"url\":\"http:\\\/\\\/dafinoo.eu\\\/mirmar\\\/wp-content\\\/uploads\\\/2021\\\/03\\\/index_2_1.jpg\",\"contentUrl\":\"http:\\\/\\\/dafinoo.eu\\\/mirmar\\\/wp-content\\\/uploads\\\/2021\\\/03\\\/index_2_1.jpg\",\"width\":162,\"height\":312},{\"@type\":\"BreadcrumbList\",\"@id\":\"http:\\\/\\\/dafinoo.eu\\\/mirmar\\\/obchod\\\/bosch-laserovy-merac-vzdialenosti-bosch-glm-40-0601072900\\\/#breadcrumb\",\"itemListElement\":[{\"@type\":\"ListItem\",\"position\":1,\"name\":\"Domovsk\u00e1 str\u00e1nka\",\"item\":\"http:\\\/\\\/dafinoo.eu\\\/mirmar\\\/\"},{\"@type\":\"ListItem\",\"position\":2,\"name\":\"Obchod\",\"item\":\"http:\\\/\\\/dafinoo.eu\\\/mirmar\\\/obchod\\\/\"},{\"@type\":\"ListItem\",\"position\":3,\"name\":\"Bosch Laserov\u00fd mera\u010d vzdialenost\u00ed Bosch GLM 40 0601072900\"}]},{\"@type\":\"WebSite\",\"@id\":\"http:\\\/\\\/dafinoo.eu\\\/mirmar\\\/#website\",\"url\":\"http:\\\/\\\/dafinoo.eu\\\/mirmar\\\/\",\"name\":\"MIR-MAR\",\"description\":\"Eshop s n\u00e1rad\u00edm\",\"publisher\":{\"@id\":\"http:\\\/\\\/dafinoo.eu\\\/mirmar\\\/#organization\"},\"potentialAction\":[{\"@type\":\"SearchAction\",\"target\":{\"@type\":\"EntryPoint\",\"urlTemplate\":\"http:\\\/\\\/dafinoo.eu\\\/mirmar\\\/?s={search_term_string}\"},\"query-input\":{\"@type\":\"PropertyValueSpecification\",\"valueRequired\":true,\"valueName\":\"search_term_string\"}}],\"inLanguage\":\"sk-SK\"},{\"@type\":\"Organization\",\"@id\":\"http:\\\/\\\/dafinoo.eu\\\/mirmar\\\/#organization\",\"name\":\"MIR-MAR\",\"url\":\"http:\\\/\\\/dafinoo.eu\\\/mirmar\\\/\",\"logo\":{\"@type\":\"ImageObject\",\"inLanguage\":\"sk-SK\",\"@id\":\"http:\\\/\\\/dafinoo.eu\\\/mirmar\\\/#\\\/schema\\\/logo\\\/image\\\/\",\"url\":\"http:\\\/\\\/dafinoo.eu\\\/mirmar\\\/wp-content\\\/uploads\\\/2021\\\/03\\\/mirmar_logo.png\",\"contentUrl\":\"http:\\\/\\\/dafinoo.eu\\\/mirmar\\\/wp-content\\\/uploads\\\/2021\\\/03\\\/mirmar_logo.png\",\"width\":256,\"height\":60,\"caption\":\"MIR-MAR\"},\"image\":{\"@id\":\"http:\\\/\\\/dafinoo.eu\\\/mirmar\\\/#\\\/schema\\\/logo\\\/image\\\/\"},\"sameAs\":[\"https:\\\/\\\/facebook.com\\\/mirmareshop\"]}]}<\/script>\n<!-- \/ Yoast SEO plugin. -->","yoast_head_json":{"title":"Bosch Laserov\u00fd mera\u010d vzdialenost\u00ed Bosch GLM 40 0601072900 - MIR-MAR","robots":{"index":"index","follow":"follow","max-snippet":"max-snippet:-1","max-image-preview":"max-image-preview:large","max-video-preview":"max-video-preview:-1"},"canonical":"http:\/\/dafinoo.eu\/mirmar\/obchod\/bosch-laserovy-merac-vzdialenosti-bosch-glm-40-0601072900\/","og_locale":"sk_SK","og_type":"article","og_title":"Bosch Laserov\u00fd mera\u010d vzdialenost\u00ed Bosch GLM 40 0601072900 - MIR-MAR","og_description":"Rozsah merania: 0,05 \u2013 40 m Presnos\u0165 merania: \u00b1 1,5 mm \u010cas merania: 0,5-4 s Mern\u00e9 jednotky: mm, cm, m Po\u010det hodn\u00f4t v pam\u00e4ti: 2 Auto. vypnutie po: 5 min Nap\u00e1janie: 2 bat\u00e9rie 1,5 V, LR03 (AAA) Typ diody lasera: 635 nm, < 1 mW Trieda lasera: 2 Z\u00e1vit stat\u00edvu: 1\/4 \" Hmotnos\u0165: 0,14 kg","og_url":"http:\/\/dafinoo.eu\/mirmar\/obchod\/bosch-laserovy-merac-vzdialenosti-bosch-glm-40-0601072900\/","og_site_name":"MIR-MAR","article_publisher":"https:\/\/facebook.com\/mirmareshop","article_modified_time":"2021-04-19T17:56:44+00:00","og_image":[{"width":162,"height":312,"url":"https:\/\/i0.wp.com\/www.mirmar.sk\/wp-content\/uploads\/2021\/03\/index_2_1.jpg?fit=162%2C312&ssl=1","type":"image\/jpeg"}],"twitter_misc":{"Predpokladan\u00fd \u010das \u010d\u00edtania":"1 min\u00fata"},"schema":{"@context":"https:\/\/schema.org","@graph":[{"@type":"WebPage","@id":"http:\/\/dafinoo.eu\/mirmar\/obchod\/bosch-laserovy-merac-vzdialenosti-bosch-glm-40-0601072900\/","url":"http:\/\/dafinoo.eu\/mirmar\/obchod\/bosch-laserovy-merac-vzdialenosti-bosch-glm-40-0601072900\/","name":"Bosch Laserov\u00fd mera\u010d vzdialenost\u00ed Bosch GLM 40 0601072900 - MIR-MAR","isPartOf":{"@id":"http:\/\/dafinoo.eu\/mirmar\/#website"},"primaryImageOfPage":{"@id":"http:\/\/dafinoo.eu\/mirmar\/obchod\/bosch-laserovy-merac-vzdialenosti-bosch-glm-40-0601072900\/#primaryimage"},"image":{"@id":"http:\/\/dafinoo.eu\/mirmar\/obchod\/bosch-laserovy-merac-vzdialenosti-bosch-glm-40-0601072900\/#primaryimage"},"thumbnailUrl":"http:\/\/dafinoo.eu\/mirmar\/wp-content\/uploads\/2021\/03\/index_2_1.jpg","datePublished":"2021-03-15T16:41:24+00:00","dateModified":"2021-04-19T17:56:44+00:00","breadcrumb":{"@id":"http:\/\/dafinoo.eu\/mirmar\/obchod\/bosch-laserovy-merac-vzdialenosti-bosch-glm-40-0601072900\/#breadcrumb"},"inLanguage":"sk-SK","potentialAction":[{"@type":"ReadAction","target":["http:\/\/dafinoo.eu\/mirmar\/obchod\/bosch-laserovy-merac-vzdialenosti-bosch-glm-40-0601072900\/"]}]},{"@type":"ImageObject","inLanguage":"sk-SK","@id":"http:\/\/dafinoo.eu\/mirmar\/obchod\/bosch-laserovy-merac-vzdialenosti-bosch-glm-40-0601072900\/#primaryimage","url":"http:\/\/dafinoo.eu\/mirmar\/wp-content\/uploads\/2021\/03\/index_2_1.jpg","contentUrl":"http:\/\/dafinoo.eu\/mirmar\/wp-content\/uploads\/2021\/03\/index_2_1.jpg","width":162,"height":312},{"@type":"BreadcrumbList","@id":"http:\/\/dafinoo.eu\/mirmar\/obchod\/bosch-laserovy-merac-vzdialenosti-bosch-glm-40-0601072900\/#breadcrumb","itemListElement":[{"@type":"ListItem","position":1,"name":"Domovsk\u00e1 str\u00e1nka","item":"http:\/\/dafinoo.eu\/mirmar\/"},{"@type":"ListItem","position":2,"name":"Obchod","item":"http:\/\/dafinoo.eu\/mirmar\/obchod\/"},{"@type":"ListItem","position":3,"name":"Bosch Laserov\u00fd mera\u010d vzdialenost\u00ed Bosch GLM 40 0601072900"}]},{"@type":"WebSite","@id":"http:\/\/dafinoo.eu\/mirmar\/#website","url":"http:\/\/dafinoo.eu\/mirmar\/","name":"MIR-MAR","description":"Eshop s n\u00e1rad\u00edm","publisher":{"@id":"http:\/\/dafinoo.eu\/mirmar\/#organization"},"potentialAction":[{"@type":"SearchAction","target":{"@type":"EntryPoint","urlTemplate":"http:\/\/dafinoo.eu\/mirmar\/?s={search_term_string}"},"query-input":{"@type":"PropertyValueSpecification","valueRequired":true,"valueName":"search_term_string"}}],"inLanguage":"sk-SK"},{"@type":"Organization","@id":"http:\/\/dafinoo.eu\/mirmar\/#organization","name":"MIR-MAR","url":"http:\/\/dafinoo.eu\/mirmar\/","logo":{"@type":"ImageObject","inLanguage":"sk-SK","@id":"http:\/\/dafinoo.eu\/mirmar\/#\/schema\/logo\/image\/","url":"http:\/\/dafinoo.eu\/mirmar\/wp-content\/uploads\/2021\/03\/mirmar_logo.png","contentUrl":"http:\/\/dafinoo.eu\/mirmar\/wp-content\/uploads\/2021\/03\/mirmar_logo.png","width":256,"height":60,"caption":"MIR-MAR"},"image":{"@id":"http:\/\/dafinoo.eu\/mirmar\/#\/schema\/logo\/image\/"},"sameAs":["https:\/\/facebook.com\/mirmareshop"]}]}},"_links":{"self":[{"href":"http:\/\/dafinoo.eu\/mirmar\/wp-json\/wp\/v2\/product\/40801","targetHints":{"allow":["GET"]}}],"collection":[{"href":"http:\/\/dafinoo.eu\/mirmar\/wp-json\/wp\/v2\/product"}],"about":[{"href":"http:\/\/dafinoo.eu\/mirmar\/wp-json\/wp\/v2\/types\/product"}],"replies":[{"embeddable":true,"href":"http:\/\/dafinoo.eu\/mirmar\/wp-json\/wp\/v2\/comments?post=40801"}],"wp:featuredmedia":[{"embeddable":true,"href":"http:\/\/dafinoo.eu\/mirmar\/wp-json\/wp\/v2\/media\/40802"}],"wp:attachment":[{"href":"http:\/\/dafinoo.eu\/mirmar\/wp-json\/wp\/v2\/media?parent=40801"}],"wp:term":[{"taxonomy":"product_cat","embeddable":true,"href":"http:\/\/dafinoo.eu\/mirmar\/wp-json\/wp\/v2\/product_cat?post=40801"},{"taxonomy":"product_tag","embeddable":true,"href":"http:\/\/dafinoo.eu\/mirmar\/wp-json\/wp\/v2\/product_tag?post=40801"}],"curies":[{"name":"wp","href":"https:\/\/api.w.org\/{rel}","templated":true}]}}