{"id":40899,"date":"2021-03-15T17:42:08","date_gmt":"2021-03-15T16:42:08","guid":{"rendered":"http:\/\/dafinoo.eu\/mirmar\/product\/ddf481z\/"},"modified":"2021-04-21T14:18:41","modified_gmt":"2021-04-21T12:18:41","slug":"ddf481z","status":"publish","type":"product","link":"http:\/\/dafinoo.eu\/mirmar\/obchod\/ddf481z\/","title":{"rendered":"Makita DDF481Z"},"content":{"rendered":"<ul class=\"list-icon mb-4\">\n<li>Maxim&aacute;lna sila s u\u0165ahovac&iacute;m momentom 115 Nm<\/li>\n<li>Pou\u017eit&iacute;m motora BL (bezuhl&iacute;kov&yacute;) sa kapacita bat&eacute;rie pou\u017e&iacute;va e&scaron;te efekt&iacute;vnej&scaron;ie ako u be\u017en&yacute;ch elektromotorov<\/li>\n<li>XPT (ochrann&aacute; technol&oacute;gia eXtreme) &#8211; ochrana proti prachu a vode<\/li>\n<li>Mechanick&yacute; 2-stup\u0148ov&yacute; prevod s kovov&yacute;mi prevodmi<\/li>\n<li>Sk\u013eu\u010dovadlo bez k\u013e&uacute;\u010da pre ovl&aacute;danie jednou rukou a z&aacute;mok vretena<\/li>\n<li>Dvojit&eacute; LED pracovn&eacute; svetlo<\/li>\n<li>Ovl&aacute;danie r&yacute;chlosti pomocou sp&iacute;na\u010da<\/li>\n<li>Nastavenie kr&uacute;tiaceho momentu v 21 krokoch<\/li>\n<li>Dod&aacute;van&eacute; bez prepravn&eacute;ho kufra, bat&eacute;rie a nab&iacute;ja\u010dky<\/li>\n<\/ul>\n","protected":false},"excerpt":{"rendered":"<table class=\"table table-striped\">\n<tbody>\n<tr>\n<td>Ot&aacute;\u010dky napr&aacute;zdno 1. stupe\u0148<\/td>\n<td>0 &#8211; 550 min<sup>-1<\/sup><\/td>\n<\/tr>\n<tr>\n<td>Ot&aacute;\u010dky napr&aacute;zdno 2. stupe\u0148<\/td>\n<td>0 &#8211; 2.100 min<sup>-1<\/sup><\/td>\n<\/tr>\n<tr>\n<td>Up&iacute;nac&iacute; rozsah sk\u013eu\u010dovadla<\/td>\n<td>1,5 &#8211; 13 mm<\/td>\n<\/tr>\n<tr>\n<td>Max. v\u0155tac&iacute; v&yacute;kon &#8211; oce\u013e<\/td>\n<td>13 mm<\/td>\n<\/tr>\n<tr>\n<td>Max. v\u0155tac&iacute; v&yacute;kon &#8211; drevo<\/td>\n<td>76 mm<\/td>\n<\/tr>\n<tr>\n<td>U\u0165ahovac&iacute; moment (tvrd&yacute;\/m&auml;kk&yacute;) spoj<\/td>\n<td>115 \/ 60 Nm<\/td>\n<\/tr>\n<tr>\n<td>Akumul&aacute;tor<\/td>\n<td>18 V<\/td>\n<\/tr>\n<tr>\n<td>Hmotnos\u0165<\/td>\n<td>3,0 kg<\/td>\n<\/tr>\n<tr>\n<td>Rozmery (D x &Scaron; x V)<\/td>\n<td>205 x 79 x 249 mm<\/td>\n<\/tr>\n<\/tbody>\n<\/table>\n","protected":false},"featured_media":40900,"comment_status":"closed","ping_status":"open","template":"","meta":{"_lmt_disableupdate":"","_lmt_disable":""},"product_cat":[3051,3429,3141,3433],"product_tag":[],"class_list":{"0":"post-40899","1":"product","2":"type-product","3":"status-publish","4":"has-post-thumbnail","6":"product_cat-makita","7":"product_cat-vrtacie-skrutkovace","8":"product_cat-akumulatorove-naradie-makita","9":"product_cat-vrtacie-skrutkovace-18v","11":"first","12":"instock","13":"taxable","14":"shipping-taxable","15":"purchasable","16":"product-type-simple"},"yoast_head":"<!-- This site is optimized with the Yoast SEO plugin v27.3 - https:\/\/yoast.com\/product\/yoast-seo-wordpress\/ -->\n<title>Makita DDF481Z - MIR-MAR<\/title>\n<meta name=\"robots\" content=\"index, follow, max-snippet:-1, max-image-preview:large, max-video-preview:-1\" \/>\n<link rel=\"canonical\" href=\"http:\/\/dafinoo.eu\/mirmar\/obchod\/ddf481z\/\" \/>\n<meta property=\"og:locale\" content=\"sk_SK\" \/>\n<meta property=\"og:type\" content=\"article\" \/>\n<meta property=\"og:title\" content=\"Makita DDF481Z - MIR-MAR\" \/>\n<meta property=\"og:description\" content=\"Ot&aacute;\u010dky napr&aacute;zdno 1. stupe\u0148 0 - 550 min-1  Ot&aacute;\u010dky napr&aacute;zdno 2. stupe\u0148 0 - 2.100 min-1  Up&iacute;nac&iacute; rozsah sk\u013eu\u010dovadla 1,5 - 13 mm  Max. v\u0155tac&iacute; v&yacute;kon - oce\u013e 13 mm  Max. v\u0155tac&iacute; v&yacute;kon - drevo 76 mm  U\u0165ahovac&iacute; moment (tvrd&yacute;\/m&auml;kk&yacute;) spoj 115 \/ 60 Nm  Akumul&aacute;tor 18 V  Hmotnos\u0165 3,0 kg  Rozmery (D x &Scaron; x V) 205 x 79 x 249 mm\" \/>\n<meta property=\"og:url\" content=\"http:\/\/dafinoo.eu\/mirmar\/obchod\/ddf481z\/\" \/>\n<meta property=\"og:site_name\" content=\"MIR-MAR\" \/>\n<meta property=\"article:publisher\" content=\"https:\/\/facebook.com\/mirmareshop\" \/>\n<meta property=\"article:modified_time\" content=\"2021-04-21T12:18:41+00:00\" \/>\n<meta property=\"og:image\" content=\"https:\/\/i1.wp.com\/www.mirmar.sk\/wp-content\/uploads\/2021\/03\/1_5.jpg?fit=600%2C600&ssl=1\" \/>\n\t<meta property=\"og:image:width\" content=\"600\" \/>\n\t<meta property=\"og:image:height\" content=\"600\" \/>\n\t<meta property=\"og:image:type\" content=\"image\/jpeg\" \/>\n<meta name=\"twitter:label1\" content=\"Predpokladan\u00fd \u010das \u010d\u00edtania\" \/>\n\t<meta name=\"twitter:data1\" content=\"1 min\u00fata\" \/>\n<script type=\"application\/ld+json\" class=\"yoast-schema-graph\">{\"@context\":\"https:\\\/\\\/schema.org\",\"@graph\":[{\"@type\":\"WebPage\",\"@id\":\"http:\\\/\\\/dafinoo.eu\\\/mirmar\\\/obchod\\\/ddf481z\\\/\",\"url\":\"http:\\\/\\\/dafinoo.eu\\\/mirmar\\\/obchod\\\/ddf481z\\\/\",\"name\":\"Makita DDF481Z - MIR-MAR\",\"isPartOf\":{\"@id\":\"http:\\\/\\\/dafinoo.eu\\\/mirmar\\\/#website\"},\"primaryImageOfPage\":{\"@id\":\"http:\\\/\\\/dafinoo.eu\\\/mirmar\\\/obchod\\\/ddf481z\\\/#primaryimage\"},\"image\":{\"@id\":\"http:\\\/\\\/dafinoo.eu\\\/mirmar\\\/obchod\\\/ddf481z\\\/#primaryimage\"},\"thumbnailUrl\":\"http:\\\/\\\/dafinoo.eu\\\/mirmar\\\/wp-content\\\/uploads\\\/2021\\\/03\\\/1_5.jpg\",\"datePublished\":\"2021-03-15T16:42:08+00:00\",\"dateModified\":\"2021-04-21T12:18:41+00:00\",\"breadcrumb\":{\"@id\":\"http:\\\/\\\/dafinoo.eu\\\/mirmar\\\/obchod\\\/ddf481z\\\/#breadcrumb\"},\"inLanguage\":\"sk-SK\",\"potentialAction\":[{\"@type\":\"ReadAction\",\"target\":[\"http:\\\/\\\/dafinoo.eu\\\/mirmar\\\/obchod\\\/ddf481z\\\/\"]}]},{\"@type\":\"ImageObject\",\"inLanguage\":\"sk-SK\",\"@id\":\"http:\\\/\\\/dafinoo.eu\\\/mirmar\\\/obchod\\\/ddf481z\\\/#primaryimage\",\"url\":\"http:\\\/\\\/dafinoo.eu\\\/mirmar\\\/wp-content\\\/uploads\\\/2021\\\/03\\\/1_5.jpg\",\"contentUrl\":\"http:\\\/\\\/dafinoo.eu\\\/mirmar\\\/wp-content\\\/uploads\\\/2021\\\/03\\\/1_5.jpg\",\"width\":600,\"height\":600},{\"@type\":\"BreadcrumbList\",\"@id\":\"http:\\\/\\\/dafinoo.eu\\\/mirmar\\\/obchod\\\/ddf481z\\\/#breadcrumb\",\"itemListElement\":[{\"@type\":\"ListItem\",\"position\":1,\"name\":\"Domovsk\u00e1 str\u00e1nka\",\"item\":\"http:\\\/\\\/dafinoo.eu\\\/mirmar\\\/\"},{\"@type\":\"ListItem\",\"position\":2,\"name\":\"Obchod\",\"item\":\"http:\\\/\\\/dafinoo.eu\\\/mirmar\\\/obchod\\\/\"},{\"@type\":\"ListItem\",\"position\":3,\"name\":\"Makita DDF481Z\"}]},{\"@type\":\"WebSite\",\"@id\":\"http:\\\/\\\/dafinoo.eu\\\/mirmar\\\/#website\",\"url\":\"http:\\\/\\\/dafinoo.eu\\\/mirmar\\\/\",\"name\":\"MIR-MAR\",\"description\":\"Eshop s n\u00e1rad\u00edm\",\"publisher\":{\"@id\":\"http:\\\/\\\/dafinoo.eu\\\/mirmar\\\/#organization\"},\"potentialAction\":[{\"@type\":\"SearchAction\",\"target\":{\"@type\":\"EntryPoint\",\"urlTemplate\":\"http:\\\/\\\/dafinoo.eu\\\/mirmar\\\/?s={search_term_string}\"},\"query-input\":{\"@type\":\"PropertyValueSpecification\",\"valueRequired\":true,\"valueName\":\"search_term_string\"}}],\"inLanguage\":\"sk-SK\"},{\"@type\":\"Organization\",\"@id\":\"http:\\\/\\\/dafinoo.eu\\\/mirmar\\\/#organization\",\"name\":\"MIR-MAR\",\"url\":\"http:\\\/\\\/dafinoo.eu\\\/mirmar\\\/\",\"logo\":{\"@type\":\"ImageObject\",\"inLanguage\":\"sk-SK\",\"@id\":\"http:\\\/\\\/dafinoo.eu\\\/mirmar\\\/#\\\/schema\\\/logo\\\/image\\\/\",\"url\":\"http:\\\/\\\/dafinoo.eu\\\/mirmar\\\/wp-content\\\/uploads\\\/2021\\\/03\\\/mirmar_logo.png\",\"contentUrl\":\"http:\\\/\\\/dafinoo.eu\\\/mirmar\\\/wp-content\\\/uploads\\\/2021\\\/03\\\/mirmar_logo.png\",\"width\":256,\"height\":60,\"caption\":\"MIR-MAR\"},\"image\":{\"@id\":\"http:\\\/\\\/dafinoo.eu\\\/mirmar\\\/#\\\/schema\\\/logo\\\/image\\\/\"},\"sameAs\":[\"https:\\\/\\\/facebook.com\\\/mirmareshop\"]}]}<\/script>\n<!-- \/ Yoast SEO plugin. -->","yoast_head_json":{"title":"Makita DDF481Z - MIR-MAR","robots":{"index":"index","follow":"follow","max-snippet":"max-snippet:-1","max-image-preview":"max-image-preview:large","max-video-preview":"max-video-preview:-1"},"canonical":"http:\/\/dafinoo.eu\/mirmar\/obchod\/ddf481z\/","og_locale":"sk_SK","og_type":"article","og_title":"Makita DDF481Z - MIR-MAR","og_description":"Ot&aacute;\u010dky napr&aacute;zdno 1. stupe\u0148 0 - 550 min-1  Ot&aacute;\u010dky napr&aacute;zdno 2. stupe\u0148 0 - 2.100 min-1  Up&iacute;nac&iacute; rozsah sk\u013eu\u010dovadla 1,5 - 13 mm  Max. v\u0155tac&iacute; v&yacute;kon - oce\u013e 13 mm  Max. v\u0155tac&iacute; v&yacute;kon - drevo 76 mm  U\u0165ahovac&iacute; moment (tvrd&yacute;\/m&auml;kk&yacute;) spoj 115 \/ 60 Nm  Akumul&aacute;tor 18 V  Hmotnos\u0165 3,0 kg  Rozmery (D x &Scaron; x V) 205 x 79 x 249 mm","og_url":"http:\/\/dafinoo.eu\/mirmar\/obchod\/ddf481z\/","og_site_name":"MIR-MAR","article_publisher":"https:\/\/facebook.com\/mirmareshop","article_modified_time":"2021-04-21T12:18:41+00:00","og_image":[{"width":600,"height":600,"url":"https:\/\/i1.wp.com\/www.mirmar.sk\/wp-content\/uploads\/2021\/03\/1_5.jpg?fit=600%2C600&ssl=1","type":"image\/jpeg"}],"twitter_misc":{"Predpokladan\u00fd \u010das \u010d\u00edtania":"1 min\u00fata"},"schema":{"@context":"https:\/\/schema.org","@graph":[{"@type":"WebPage","@id":"http:\/\/dafinoo.eu\/mirmar\/obchod\/ddf481z\/","url":"http:\/\/dafinoo.eu\/mirmar\/obchod\/ddf481z\/","name":"Makita DDF481Z - MIR-MAR","isPartOf":{"@id":"http:\/\/dafinoo.eu\/mirmar\/#website"},"primaryImageOfPage":{"@id":"http:\/\/dafinoo.eu\/mirmar\/obchod\/ddf481z\/#primaryimage"},"image":{"@id":"http:\/\/dafinoo.eu\/mirmar\/obchod\/ddf481z\/#primaryimage"},"thumbnailUrl":"http:\/\/dafinoo.eu\/mirmar\/wp-content\/uploads\/2021\/03\/1_5.jpg","datePublished":"2021-03-15T16:42:08+00:00","dateModified":"2021-04-21T12:18:41+00:00","breadcrumb":{"@id":"http:\/\/dafinoo.eu\/mirmar\/obchod\/ddf481z\/#breadcrumb"},"inLanguage":"sk-SK","potentialAction":[{"@type":"ReadAction","target":["http:\/\/dafinoo.eu\/mirmar\/obchod\/ddf481z\/"]}]},{"@type":"ImageObject","inLanguage":"sk-SK","@id":"http:\/\/dafinoo.eu\/mirmar\/obchod\/ddf481z\/#primaryimage","url":"http:\/\/dafinoo.eu\/mirmar\/wp-content\/uploads\/2021\/03\/1_5.jpg","contentUrl":"http:\/\/dafinoo.eu\/mirmar\/wp-content\/uploads\/2021\/03\/1_5.jpg","width":600,"height":600},{"@type":"BreadcrumbList","@id":"http:\/\/dafinoo.eu\/mirmar\/obchod\/ddf481z\/#breadcrumb","itemListElement":[{"@type":"ListItem","position":1,"name":"Domovsk\u00e1 str\u00e1nka","item":"http:\/\/dafinoo.eu\/mirmar\/"},{"@type":"ListItem","position":2,"name":"Obchod","item":"http:\/\/dafinoo.eu\/mirmar\/obchod\/"},{"@type":"ListItem","position":3,"name":"Makita DDF481Z"}]},{"@type":"WebSite","@id":"http:\/\/dafinoo.eu\/mirmar\/#website","url":"http:\/\/dafinoo.eu\/mirmar\/","name":"MIR-MAR","description":"Eshop s n\u00e1rad\u00edm","publisher":{"@id":"http:\/\/dafinoo.eu\/mirmar\/#organization"},"potentialAction":[{"@type":"SearchAction","target":{"@type":"EntryPoint","urlTemplate":"http:\/\/dafinoo.eu\/mirmar\/?s={search_term_string}"},"query-input":{"@type":"PropertyValueSpecification","valueRequired":true,"valueName":"search_term_string"}}],"inLanguage":"sk-SK"},{"@type":"Organization","@id":"http:\/\/dafinoo.eu\/mirmar\/#organization","name":"MIR-MAR","url":"http:\/\/dafinoo.eu\/mirmar\/","logo":{"@type":"ImageObject","inLanguage":"sk-SK","@id":"http:\/\/dafinoo.eu\/mirmar\/#\/schema\/logo\/image\/","url":"http:\/\/dafinoo.eu\/mirmar\/wp-content\/uploads\/2021\/03\/mirmar_logo.png","contentUrl":"http:\/\/dafinoo.eu\/mirmar\/wp-content\/uploads\/2021\/03\/mirmar_logo.png","width":256,"height":60,"caption":"MIR-MAR"},"image":{"@id":"http:\/\/dafinoo.eu\/mirmar\/#\/schema\/logo\/image\/"},"sameAs":["https:\/\/facebook.com\/mirmareshop"]}]}},"_links":{"self":[{"href":"http:\/\/dafinoo.eu\/mirmar\/wp-json\/wp\/v2\/product\/40899","targetHints":{"allow":["GET"]}}],"collection":[{"href":"http:\/\/dafinoo.eu\/mirmar\/wp-json\/wp\/v2\/product"}],"about":[{"href":"http:\/\/dafinoo.eu\/mirmar\/wp-json\/wp\/v2\/types\/product"}],"replies":[{"embeddable":true,"href":"http:\/\/dafinoo.eu\/mirmar\/wp-json\/wp\/v2\/comments?post=40899"}],"wp:featuredmedia":[{"embeddable":true,"href":"http:\/\/dafinoo.eu\/mirmar\/wp-json\/wp\/v2\/media\/40900"}],"wp:attachment":[{"href":"http:\/\/dafinoo.eu\/mirmar\/wp-json\/wp\/v2\/media?parent=40899"}],"wp:term":[{"taxonomy":"product_cat","embeddable":true,"href":"http:\/\/dafinoo.eu\/mirmar\/wp-json\/wp\/v2\/product_cat?post=40899"},{"taxonomy":"product_tag","embeddable":true,"href":"http:\/\/dafinoo.eu\/mirmar\/wp-json\/wp\/v2\/product_tag?post=40899"}],"curies":[{"name":"wp","href":"https:\/\/api.w.org\/{rel}","templated":true}]}}