{"id":41077,"date":"2021-03-15T17:43:05","date_gmt":"2021-03-15T16:43:05","guid":{"rendered":"http:\/\/dafinoo.eu\/mirmar\/product\/makita-hr140dwye1\/"},"modified":"2021-04-19T19:57:53","modified_gmt":"2021-04-19T17:57:53","slug":"makita-hr140dwye1","status":"publish","type":"product","link":"http:\/\/dafinoo.eu\/mirmar\/obchod\/makita-hr140dwye1\/","title":{"rendered":"Makita HR140DWYE1"},"content":{"rendered":"<ul class=\"list-icon mb-4\">\n<li>Kombinovan&eacute; kladivo SDS-PLUS na v\u0155tanie a sekanie<\/li>\n<li>Elekrick&aacute; brzda<\/li>\n<li>Prachovzdorn&yacute; elektronick&yacute; vyp&iacute;na\u010d<\/li>\n<li>Jednoduch&aacute; v&yacute;mena uhl&iacute;kov<\/li>\n<li>Pracovn&eacute; osvetlenie s funkciou pomal&eacute;ho zhas&iacute;nania<\/li>\n<li>Dod&aacute;van&eacute; bez akumul&aacute;tora a nab&iacute;ja\u010dky<\/li>\n<\/ul>\n<p><span class=\"text-medium\"><br \/><\/span><\/p>\n","protected":false},"excerpt":{"rendered":"<table class=\"table table-striped\">\n<tbody>\n<tr>\n<td>\n<table class=\"table table-striped\">\n<tbody>\n<tr>\n<td>Vo\u013enobe\u017en&eacute; ot&aacute;\u010dky<\/td>\n<td>0 &#8211; 850 min<sup>-1<\/sup><\/td>\n<\/tr>\n<tr>\n<td>Po\u010det &uacute;derov naprazdno<\/td>\n<td>0 &#8211; 4.900 min<sup>-1<\/sup><\/td>\n<\/tr>\n<tr>\n<td>Max. v\u0155tac&iacute; v&yacute;kon &#8211; oce\u013e|bet&oacute;n|drevo<\/td>\n<td>10 \/ 14 \/ 13 mm<\/td>\n<\/tr>\n<tr>\n<td>Sila jednotliv&eacute;ho pr&iacute;klepu<\/td>\n<td>1,0 J<\/td>\n<\/tr>\n<tr>\n<td>Akumul&aacute;tor<\/td>\n<td>CXT 10,8 V<\/td>\n<\/tr>\n<tr>\n<td>Hmotnos\u0165<\/td>\n<td>1,9 kg<\/td>\n<\/tr>\n<tr>\n<td>Rozmery (D x &Scaron; x V)<\/td>\n<td>246 x 74 x 179 mm<\/td>\n<\/tr>\n<\/tbody>\n<\/table>\n<\/td>\n<td>0 &#8211; 850 min<sup>-1<\/sup><\/td>\n<\/tr>\n<tr>\n<td>Po\u010det &uacute;derov naprazdno<\/td>\n<td>0 &#8211; 4.900 min<sup>-1<\/sup><\/td>\n<\/tr>\n<tr>\n<td>Max. v\u0155tac&iacute; v&yacute;kon &#8211; oce\u013e|bet&oacute;n|drevo<\/td>\n<td>10 \/ 14 \/ 13 mm<\/td>\n<\/tr>\n<tr>\n<td>Sila jednotliv&eacute;ho pr&iacute;klepu<\/td>\n<td>1,0 J<\/td>\n<\/tr>\n<tr>\n<td>Akumul&aacute;tor<\/td>\n<td>CXT 10,8 V<\/td>\n<\/tr>\n<tr>\n<td>Hmotnos\u0165<\/td>\n<td>1,9 kg<\/td>\n<\/tr>\n<tr>\n<td>Rozmery (D x &Scaron; x V)<\/td>\n<td>246 x 74 x 179 mm<\/td>\n<\/tr>\n<\/tbody>\n<\/table>\n","protected":false},"featured_media":0,"comment_status":"closed","ping_status":"open","template":"","meta":{"_lmt_disableupdate":"","_lmt_disable":""},"product_cat":[3051,3445,3141,3446],"product_tag":[],"class_list":{"0":"post-41077","1":"product","2":"type-product","3":"status-publish","5":"product_cat-makita","6":"product_cat-vrtacie-kladiva-sds-plus-akumulatorove-naradie-makita","7":"product_cat-akumulatorove-naradie-makita","8":"product_cat-vrtacie-kladiva-sds-plus-12v-max","10":"first","11":"instock","12":"taxable","13":"shipping-taxable","14":"purchasable","15":"product-type-simple"},"yoast_head":"<!-- This site is optimized with the Yoast SEO plugin v27.3 - https:\/\/yoast.com\/product\/yoast-seo-wordpress\/ -->\n<title>Makita HR140DWYE1 - MIR-MAR<\/title>\n<meta name=\"robots\" content=\"index, follow, max-snippet:-1, max-image-preview:large, max-video-preview:-1\" \/>\n<link rel=\"canonical\" href=\"http:\/\/dafinoo.eu\/mirmar\/obchod\/makita-hr140dwye1\/\" \/>\n<meta property=\"og:locale\" content=\"sk_SK\" \/>\n<meta property=\"og:type\" content=\"article\" \/>\n<meta property=\"og:title\" content=\"Makita HR140DWYE1 - MIR-MAR\" \/>\n<meta property=\"og:description\" content=\"Vo\u013enobe\u017en&eacute; ot&aacute;\u010dky 0 - 850 min-1  Po\u010det &uacute;derov naprazdno 0 - 4.900 min-1  Max. v\u0155tac&iacute; v&yacute;kon - oce\u013e|bet&oacute;n|drevo 10 \/ 14 \/ 13 mm  Sila jednotliv&eacute;ho pr&iacute;klepu 1,0 J  Akumul&aacute;tor CXT 10,8 V  Hmotnos\u0165 1,9 kg  Rozmery (D x &Scaron; x V) 246 x 74 x 179 mm   0 - 850 min-1  Po\u010det &uacute;derov naprazdno 0 - 4.900 min-1  Max. v\u0155tac&iacute; v&yacute;kon - oce\u013e|bet&oacute;n|drevo 10 \/ 14 \/ 13 mm  Sila jednotliv&eacute;ho pr&iacute;klepu 1,0 J  Akumul&aacute;tor CXT 10,8 V  Hmotnos\u0165 1,9 kg  Rozmery (D x &Scaron; x V) 246 x 74 x 179 mm\" \/>\n<meta property=\"og:url\" content=\"http:\/\/dafinoo.eu\/mirmar\/obchod\/makita-hr140dwye1\/\" \/>\n<meta property=\"og:site_name\" content=\"MIR-MAR\" \/>\n<meta property=\"article:publisher\" content=\"https:\/\/facebook.com\/mirmareshop\" \/>\n<meta property=\"article:modified_time\" content=\"2021-04-19T17:57:53+00:00\" \/>\n<meta property=\"og:image\" content=\"http:\/\/dafinoo.eu\/mirmar\/wp-content\/uploads\/2021\/03\/mirmar_logo.png\" \/>\n\t<meta property=\"og:image:width\" content=\"256\" \/>\n\t<meta property=\"og:image:height\" content=\"60\" \/>\n\t<meta property=\"og:image:type\" content=\"image\/png\" \/>\n<script type=\"application\/ld+json\" class=\"yoast-schema-graph\">{\"@context\":\"https:\\\/\\\/schema.org\",\"@graph\":[{\"@type\":\"WebPage\",\"@id\":\"http:\\\/\\\/dafinoo.eu\\\/mirmar\\\/obchod\\\/makita-hr140dwye1\\\/\",\"url\":\"http:\\\/\\\/dafinoo.eu\\\/mirmar\\\/obchod\\\/makita-hr140dwye1\\\/\",\"name\":\"Makita HR140DWYE1 - MIR-MAR\",\"isPartOf\":{\"@id\":\"http:\\\/\\\/dafinoo.eu\\\/mirmar\\\/#website\"},\"datePublished\":\"2021-03-15T16:43:05+00:00\",\"dateModified\":\"2021-04-19T17:57:53+00:00\",\"breadcrumb\":{\"@id\":\"http:\\\/\\\/dafinoo.eu\\\/mirmar\\\/obchod\\\/makita-hr140dwye1\\\/#breadcrumb\"},\"inLanguage\":\"sk-SK\",\"potentialAction\":[{\"@type\":\"ReadAction\",\"target\":[\"http:\\\/\\\/dafinoo.eu\\\/mirmar\\\/obchod\\\/makita-hr140dwye1\\\/\"]}]},{\"@type\":\"BreadcrumbList\",\"@id\":\"http:\\\/\\\/dafinoo.eu\\\/mirmar\\\/obchod\\\/makita-hr140dwye1\\\/#breadcrumb\",\"itemListElement\":[{\"@type\":\"ListItem\",\"position\":1,\"name\":\"Domovsk\u00e1 str\u00e1nka\",\"item\":\"http:\\\/\\\/dafinoo.eu\\\/mirmar\\\/\"},{\"@type\":\"ListItem\",\"position\":2,\"name\":\"Obchod\",\"item\":\"http:\\\/\\\/dafinoo.eu\\\/mirmar\\\/obchod\\\/\"},{\"@type\":\"ListItem\",\"position\":3,\"name\":\"Makita HR140DWYE1\"}]},{\"@type\":\"WebSite\",\"@id\":\"http:\\\/\\\/dafinoo.eu\\\/mirmar\\\/#website\",\"url\":\"http:\\\/\\\/dafinoo.eu\\\/mirmar\\\/\",\"name\":\"MIR-MAR\",\"description\":\"Eshop s n\u00e1rad\u00edm\",\"publisher\":{\"@id\":\"http:\\\/\\\/dafinoo.eu\\\/mirmar\\\/#organization\"},\"potentialAction\":[{\"@type\":\"SearchAction\",\"target\":{\"@type\":\"EntryPoint\",\"urlTemplate\":\"http:\\\/\\\/dafinoo.eu\\\/mirmar\\\/?s={search_term_string}\"},\"query-input\":{\"@type\":\"PropertyValueSpecification\",\"valueRequired\":true,\"valueName\":\"search_term_string\"}}],\"inLanguage\":\"sk-SK\"},{\"@type\":\"Organization\",\"@id\":\"http:\\\/\\\/dafinoo.eu\\\/mirmar\\\/#organization\",\"name\":\"MIR-MAR\",\"url\":\"http:\\\/\\\/dafinoo.eu\\\/mirmar\\\/\",\"logo\":{\"@type\":\"ImageObject\",\"inLanguage\":\"sk-SK\",\"@id\":\"http:\\\/\\\/dafinoo.eu\\\/mirmar\\\/#\\\/schema\\\/logo\\\/image\\\/\",\"url\":\"http:\\\/\\\/dafinoo.eu\\\/mirmar\\\/wp-content\\\/uploads\\\/2021\\\/03\\\/mirmar_logo.png\",\"contentUrl\":\"http:\\\/\\\/dafinoo.eu\\\/mirmar\\\/wp-content\\\/uploads\\\/2021\\\/03\\\/mirmar_logo.png\",\"width\":256,\"height\":60,\"caption\":\"MIR-MAR\"},\"image\":{\"@id\":\"http:\\\/\\\/dafinoo.eu\\\/mirmar\\\/#\\\/schema\\\/logo\\\/image\\\/\"},\"sameAs\":[\"https:\\\/\\\/facebook.com\\\/mirmareshop\"]}]}<\/script>\n<!-- \/ Yoast SEO plugin. -->","yoast_head_json":{"title":"Makita HR140DWYE1 - MIR-MAR","robots":{"index":"index","follow":"follow","max-snippet":"max-snippet:-1","max-image-preview":"max-image-preview:large","max-video-preview":"max-video-preview:-1"},"canonical":"http:\/\/dafinoo.eu\/mirmar\/obchod\/makita-hr140dwye1\/","og_locale":"sk_SK","og_type":"article","og_title":"Makita HR140DWYE1 - MIR-MAR","og_description":"Vo\u013enobe\u017en&eacute; ot&aacute;\u010dky 0 - 850 min-1  Po\u010det &uacute;derov naprazdno 0 - 4.900 min-1  Max. v\u0155tac&iacute; v&yacute;kon - oce\u013e|bet&oacute;n|drevo 10 \/ 14 \/ 13 mm  Sila jednotliv&eacute;ho pr&iacute;klepu 1,0 J  Akumul&aacute;tor CXT 10,8 V  Hmotnos\u0165 1,9 kg  Rozmery (D x &Scaron; x V) 246 x 74 x 179 mm   0 - 850 min-1  Po\u010det &uacute;derov naprazdno 0 - 4.900 min-1  Max. v\u0155tac&iacute; v&yacute;kon - oce\u013e|bet&oacute;n|drevo 10 \/ 14 \/ 13 mm  Sila jednotliv&eacute;ho pr&iacute;klepu 1,0 J  Akumul&aacute;tor CXT 10,8 V  Hmotnos\u0165 1,9 kg  Rozmery (D x &Scaron; x V) 246 x 74 x 179 mm","og_url":"http:\/\/dafinoo.eu\/mirmar\/obchod\/makita-hr140dwye1\/","og_site_name":"MIR-MAR","article_publisher":"https:\/\/facebook.com\/mirmareshop","article_modified_time":"2021-04-19T17:57:53+00:00","og_image":[{"width":256,"height":60,"url":"http:\/\/dafinoo.eu\/mirmar\/wp-content\/uploads\/2021\/03\/mirmar_logo.png","type":"image\/png"}],"schema":{"@context":"https:\/\/schema.org","@graph":[{"@type":"WebPage","@id":"http:\/\/dafinoo.eu\/mirmar\/obchod\/makita-hr140dwye1\/","url":"http:\/\/dafinoo.eu\/mirmar\/obchod\/makita-hr140dwye1\/","name":"Makita HR140DWYE1 - MIR-MAR","isPartOf":{"@id":"http:\/\/dafinoo.eu\/mirmar\/#website"},"datePublished":"2021-03-15T16:43:05+00:00","dateModified":"2021-04-19T17:57:53+00:00","breadcrumb":{"@id":"http:\/\/dafinoo.eu\/mirmar\/obchod\/makita-hr140dwye1\/#breadcrumb"},"inLanguage":"sk-SK","potentialAction":[{"@type":"ReadAction","target":["http:\/\/dafinoo.eu\/mirmar\/obchod\/makita-hr140dwye1\/"]}]},{"@type":"BreadcrumbList","@id":"http:\/\/dafinoo.eu\/mirmar\/obchod\/makita-hr140dwye1\/#breadcrumb","itemListElement":[{"@type":"ListItem","position":1,"name":"Domovsk\u00e1 str\u00e1nka","item":"http:\/\/dafinoo.eu\/mirmar\/"},{"@type":"ListItem","position":2,"name":"Obchod","item":"http:\/\/dafinoo.eu\/mirmar\/obchod\/"},{"@type":"ListItem","position":3,"name":"Makita HR140DWYE1"}]},{"@type":"WebSite","@id":"http:\/\/dafinoo.eu\/mirmar\/#website","url":"http:\/\/dafinoo.eu\/mirmar\/","name":"MIR-MAR","description":"Eshop s n\u00e1rad\u00edm","publisher":{"@id":"http:\/\/dafinoo.eu\/mirmar\/#organization"},"potentialAction":[{"@type":"SearchAction","target":{"@type":"EntryPoint","urlTemplate":"http:\/\/dafinoo.eu\/mirmar\/?s={search_term_string}"},"query-input":{"@type":"PropertyValueSpecification","valueRequired":true,"valueName":"search_term_string"}}],"inLanguage":"sk-SK"},{"@type":"Organization","@id":"http:\/\/dafinoo.eu\/mirmar\/#organization","name":"MIR-MAR","url":"http:\/\/dafinoo.eu\/mirmar\/","logo":{"@type":"ImageObject","inLanguage":"sk-SK","@id":"http:\/\/dafinoo.eu\/mirmar\/#\/schema\/logo\/image\/","url":"http:\/\/dafinoo.eu\/mirmar\/wp-content\/uploads\/2021\/03\/mirmar_logo.png","contentUrl":"http:\/\/dafinoo.eu\/mirmar\/wp-content\/uploads\/2021\/03\/mirmar_logo.png","width":256,"height":60,"caption":"MIR-MAR"},"image":{"@id":"http:\/\/dafinoo.eu\/mirmar\/#\/schema\/logo\/image\/"},"sameAs":["https:\/\/facebook.com\/mirmareshop"]}]}},"_links":{"self":[{"href":"http:\/\/dafinoo.eu\/mirmar\/wp-json\/wp\/v2\/product\/41077","targetHints":{"allow":["GET"]}}],"collection":[{"href":"http:\/\/dafinoo.eu\/mirmar\/wp-json\/wp\/v2\/product"}],"about":[{"href":"http:\/\/dafinoo.eu\/mirmar\/wp-json\/wp\/v2\/types\/product"}],"replies":[{"embeddable":true,"href":"http:\/\/dafinoo.eu\/mirmar\/wp-json\/wp\/v2\/comments?post=41077"}],"wp:attachment":[{"href":"http:\/\/dafinoo.eu\/mirmar\/wp-json\/wp\/v2\/media?parent=41077"}],"wp:term":[{"taxonomy":"product_cat","embeddable":true,"href":"http:\/\/dafinoo.eu\/mirmar\/wp-json\/wp\/v2\/product_cat?post=41077"},{"taxonomy":"product_tag","embeddable":true,"href":"http:\/\/dafinoo.eu\/mirmar\/wp-json\/wp\/v2\/product_tag?post=41077"}],"curies":[{"name":"wp","href":"https:\/\/api.w.org\/{rel}","templated":true}]}}