{"id":41094,"date":"2021-03-15T17:43:20","date_gmt":"2021-03-15T16:43:20","guid":{"rendered":"http:\/\/dafinoo.eu\/mirmar\/product\/makita-dhr282t2ju\/"},"modified":"2021-04-19T19:57:58","modified_gmt":"2021-04-19T17:57:58","slug":"makita-dhr282t2ju","status":"publish","type":"product","link":"http:\/\/dafinoo.eu\/mirmar\/obchod\/makita-dhr282t2ju\/","title":{"rendered":"Makita DHR282T2JU"},"content":{"rendered":"<ul class=\"list-icon mb-4\">\n<li>3 pracovn&eacute; re\u017eimy: v\u0155tanie, v\u0155tanie s kladivom a kovanie<\/li>\n<li>BL motor &#8211; bezuhl&iacute;kov&yacute; jednosmern&yacute; motor<\/li>\n<li>Technol&oacute;gia XPT &#8211; zv&yacute;&scaron;en&aacute; odolnos\u0165 proti prachu a vlhkosti<\/li>\n<li>Technol&oacute;gia AVT Antivibration<\/li>\n<li>Technol&oacute;gia AWS &#8211; Automatick&eacute; spustenie bezdr&ocirc;tov&eacute;ho syst&eacute;mu &#8211; umo\u017e\u0148uje bezdr&ocirc;tov&eacute; pripojenie vys&aacute;va\u010da a elektrick&eacute;ho n&aacute;radia pomocou bluetooth tak, aby sa vys&aacute;va\u010d spustil po spusten&iacute; elektrick&eacute;ho n&aacute;radia<\/li>\n<li>Syst&eacute;m Soft No Load<\/li>\n<li>Ovl&aacute;danie r&yacute;chlosti pomocou sp&iacute;na\u010da a gomb&iacute;ka<\/li>\n<li>Posuvn&aacute; rukov&auml;\u0165 u\u013eah\u010duje v&yacute;menu n&aacute;stroja<\/li>\n<li>Mo\u017enos\u0165 pou\u017eitia sady na ods&aacute;vanie prachu DX08 (volite\u013en&eacute;)<\/li>\n<li>Dve integrovan&eacute; LED di&oacute;dy osvet\u013euj&uacute; pracovn&uacute; oblas\u0165 s funkciou oneskoren&eacute;ho vypr&aacute;zd\u0148ovania<\/li>\n<li>Nepracuje s bat&eacute;riami BL1811G, BL1813G, BL1815G (bez elektroniky) a bat&eacute;riou BL1815 (18 V \/ 1,3 Ah)<\/li>\n<li>Dod&aacute;van&eacute; v systajnery s 2 akumul&aacute;tormi BL185B (5,0Ah) a dvojnab&iacute;ja\u010dkou<\/li>\n<\/ul>\n","protected":false},"excerpt":{"rendered":"<table class=\"table table-striped\">\n<tbody>\n<tr>\n<td>Rozmery (D x &Scaron; x V)<\/td>\n<td>373 x 134 x 232 mm<\/td>\n<\/tr>\n<tr>\n<td>Akumul&aacute;tor<\/td>\n<td>2x 18 V<\/td>\n<\/tr>\n<tr>\n<td>Typ bat&eacute;rie<\/td>\n<td>Li-ion<\/td>\n<\/tr>\n<tr>\n<td>Podporovan&eacute; bat&eacute;rie<\/td>\n<td>1.5 \/ 2.0 \/ 3.0 \/ 4.0 \/ 5.0 \/ 6.0 Ah<\/td>\n<\/tr>\n<tr>\n<td>Vo\u013enobe\u017en&eacute; ot&aacute;\u010dky<\/td>\n<td>0 &#8211; 980 min<sup>-1<\/sup><\/td>\n<\/tr>\n<tr>\n<td>Po\u010det &uacute;derov naprazdno<\/td>\n<td>0 &#8211; 5.000 min<sup>-1<\/sup><\/td>\n<\/tr>\n<tr>\n<td>Sila jednotliv&eacute;ho pr&iacute;klepu (EPTA)<\/td>\n<td>2,8 J<\/td>\n<\/tr>\n<tr>\n<td>Hmotnos\u0165 (EPTA)<\/td>\n<td>3,9 &#8211; 5,1 kg<\/td>\n<\/tr>\n<tr>\n<td>Max. v\u0155tac&iacute; v&yacute;kon &#8211; oce\u013e|bet&oacute;n|drevo<\/td>\n<td>13 \/ 28 \/ 32 mm<\/td>\n<\/tr>\n<tr>\n<td>Up&iacute;nanie n&aacute;stroja<\/td>\n<td>SDS-PLUS<\/td>\n<\/tr>\n<tr>\n<td>Priemer v\u0155tania v bet&oacute;ne: \u010dipka:<\/td>\n<td>54 mm<\/td>\n<\/tr>\n<tr>\n<td>Priemer v\u0155tania v bet&oacute;ne: diamantov&aacute; korunka:<\/td>\n<td>65 mm<\/td>\n<\/tr>\n<tr>\n<td>Priemer v\u0155tania v bet&oacute;ne: pln&yacute; vrt&aacute;k:<\/td>\n<td>28 mm<\/td>\n<\/tr>\n<\/tbody>\n<\/table>\n","protected":false},"featured_media":41095,"comment_status":"closed","ping_status":"open","template":"","meta":{"_lmt_disableupdate":"","_lmt_disable":""},"product_cat":[3051,3445,3141,3448],"product_tag":[],"class_list":{"0":"post-41094","1":"product","2":"type-product","3":"status-publish","4":"has-post-thumbnail","6":"product_cat-makita","7":"product_cat-vrtacie-kladiva-sds-plus-akumulatorove-naradie-makita","8":"product_cat-akumulatorove-naradie-makita","9":"product_cat-vrtacie-kladiva-sds-plus-2x18v","11":"first","12":"instock","13":"taxable","14":"shipping-taxable","15":"purchasable","16":"product-type-simple"},"yoast_head":"<!-- This site is optimized with the Yoast SEO plugin v27.3 - https:\/\/yoast.com\/product\/yoast-seo-wordpress\/ -->\n<title>Makita DHR282T2JU - MIR-MAR<\/title>\n<meta name=\"robots\" content=\"index, follow, max-snippet:-1, max-image-preview:large, max-video-preview:-1\" \/>\n<link rel=\"canonical\" href=\"http:\/\/dafinoo.eu\/mirmar\/obchod\/makita-dhr282t2ju\/\" \/>\n<meta property=\"og:locale\" content=\"sk_SK\" \/>\n<meta property=\"og:type\" content=\"article\" \/>\n<meta property=\"og:title\" content=\"Makita DHR282T2JU - MIR-MAR\" \/>\n<meta property=\"og:description\" content=\"Rozmery (D x &Scaron; x V) 373 x 134 x 232 mm  Akumul&aacute;tor 2x 18 V  Typ bat&eacute;rie Li-ion  Podporovan&eacute; bat&eacute;rie 1.5 \/ 2.0 \/ 3.0 \/ 4.0 \/ 5.0 \/ 6.0 Ah  Vo\u013enobe\u017en&eacute; ot&aacute;\u010dky 0 - 980 min-1  Po\u010det &uacute;derov naprazdno 0 - 5.000 min-1  Sila jednotliv&eacute;ho pr&iacute;klepu (EPTA) 2,8 J  Hmotnos\u0165 (EPTA) 3,9 - 5,1 kg  Max. v\u0155tac&iacute; v&yacute;kon - oce\u013e|bet&oacute;n|drevo 13 \/ 28 \/ 32 mm  Up&iacute;nanie n&aacute;stroja SDS-PLUS  Priemer v\u0155tania v bet&oacute;ne: \u010dipka: 54 mm  Priemer v\u0155tania v bet&oacute;ne: diamantov&aacute; korunka: 65 mm  Priemer v\u0155tania v bet&oacute;ne: pln&yacute; vrt&aacute;k: 28 mm\" \/>\n<meta property=\"og:url\" content=\"http:\/\/dafinoo.eu\/mirmar\/obchod\/makita-dhr282t2ju\/\" \/>\n<meta property=\"og:site_name\" content=\"MIR-MAR\" \/>\n<meta property=\"article:publisher\" content=\"https:\/\/facebook.com\/mirmareshop\" \/>\n<meta property=\"article:modified_time\" content=\"2021-04-19T17:57:58+00:00\" \/>\n<meta property=\"og:image\" content=\"https:\/\/i2.wp.com\/www.mirmar.sk\/wp-content\/uploads\/2021\/03\/33_7.jpg?fit=640%2C640&ssl=1\" \/>\n\t<meta property=\"og:image:width\" content=\"640\" \/>\n\t<meta property=\"og:image:height\" content=\"640\" \/>\n\t<meta property=\"og:image:type\" content=\"image\/jpeg\" \/>\n<meta name=\"twitter:label1\" content=\"Predpokladan\u00fd \u010das \u010d\u00edtania\" \/>\n\t<meta name=\"twitter:data1\" content=\"1 min\u00fata\" \/>\n<script type=\"application\/ld+json\" class=\"yoast-schema-graph\">{\"@context\":\"https:\\\/\\\/schema.org\",\"@graph\":[{\"@type\":\"WebPage\",\"@id\":\"http:\\\/\\\/dafinoo.eu\\\/mirmar\\\/obchod\\\/makita-dhr282t2ju\\\/\",\"url\":\"http:\\\/\\\/dafinoo.eu\\\/mirmar\\\/obchod\\\/makita-dhr282t2ju\\\/\",\"name\":\"Makita DHR282T2JU - MIR-MAR\",\"isPartOf\":{\"@id\":\"http:\\\/\\\/dafinoo.eu\\\/mirmar\\\/#website\"},\"primaryImageOfPage\":{\"@id\":\"http:\\\/\\\/dafinoo.eu\\\/mirmar\\\/obchod\\\/makita-dhr282t2ju\\\/#primaryimage\"},\"image\":{\"@id\":\"http:\\\/\\\/dafinoo.eu\\\/mirmar\\\/obchod\\\/makita-dhr282t2ju\\\/#primaryimage\"},\"thumbnailUrl\":\"http:\\\/\\\/dafinoo.eu\\\/mirmar\\\/wp-content\\\/uploads\\\/2021\\\/03\\\/33_7.jpg\",\"datePublished\":\"2021-03-15T16:43:20+00:00\",\"dateModified\":\"2021-04-19T17:57:58+00:00\",\"breadcrumb\":{\"@id\":\"http:\\\/\\\/dafinoo.eu\\\/mirmar\\\/obchod\\\/makita-dhr282t2ju\\\/#breadcrumb\"},\"inLanguage\":\"sk-SK\",\"potentialAction\":[{\"@type\":\"ReadAction\",\"target\":[\"http:\\\/\\\/dafinoo.eu\\\/mirmar\\\/obchod\\\/makita-dhr282t2ju\\\/\"]}]},{\"@type\":\"ImageObject\",\"inLanguage\":\"sk-SK\",\"@id\":\"http:\\\/\\\/dafinoo.eu\\\/mirmar\\\/obchod\\\/makita-dhr282t2ju\\\/#primaryimage\",\"url\":\"http:\\\/\\\/dafinoo.eu\\\/mirmar\\\/wp-content\\\/uploads\\\/2021\\\/03\\\/33_7.jpg\",\"contentUrl\":\"http:\\\/\\\/dafinoo.eu\\\/mirmar\\\/wp-content\\\/uploads\\\/2021\\\/03\\\/33_7.jpg\",\"width\":640,\"height\":640},{\"@type\":\"BreadcrumbList\",\"@id\":\"http:\\\/\\\/dafinoo.eu\\\/mirmar\\\/obchod\\\/makita-dhr282t2ju\\\/#breadcrumb\",\"itemListElement\":[{\"@type\":\"ListItem\",\"position\":1,\"name\":\"Domovsk\u00e1 str\u00e1nka\",\"item\":\"http:\\\/\\\/dafinoo.eu\\\/mirmar\\\/\"},{\"@type\":\"ListItem\",\"position\":2,\"name\":\"Obchod\",\"item\":\"http:\\\/\\\/dafinoo.eu\\\/mirmar\\\/obchod\\\/\"},{\"@type\":\"ListItem\",\"position\":3,\"name\":\"Makita DHR282T2JU\"}]},{\"@type\":\"WebSite\",\"@id\":\"http:\\\/\\\/dafinoo.eu\\\/mirmar\\\/#website\",\"url\":\"http:\\\/\\\/dafinoo.eu\\\/mirmar\\\/\",\"name\":\"MIR-MAR\",\"description\":\"Eshop s n\u00e1rad\u00edm\",\"publisher\":{\"@id\":\"http:\\\/\\\/dafinoo.eu\\\/mirmar\\\/#organization\"},\"potentialAction\":[{\"@type\":\"SearchAction\",\"target\":{\"@type\":\"EntryPoint\",\"urlTemplate\":\"http:\\\/\\\/dafinoo.eu\\\/mirmar\\\/?s={search_term_string}\"},\"query-input\":{\"@type\":\"PropertyValueSpecification\",\"valueRequired\":true,\"valueName\":\"search_term_string\"}}],\"inLanguage\":\"sk-SK\"},{\"@type\":\"Organization\",\"@id\":\"http:\\\/\\\/dafinoo.eu\\\/mirmar\\\/#organization\",\"name\":\"MIR-MAR\",\"url\":\"http:\\\/\\\/dafinoo.eu\\\/mirmar\\\/\",\"logo\":{\"@type\":\"ImageObject\",\"inLanguage\":\"sk-SK\",\"@id\":\"http:\\\/\\\/dafinoo.eu\\\/mirmar\\\/#\\\/schema\\\/logo\\\/image\\\/\",\"url\":\"http:\\\/\\\/dafinoo.eu\\\/mirmar\\\/wp-content\\\/uploads\\\/2021\\\/03\\\/mirmar_logo.png\",\"contentUrl\":\"http:\\\/\\\/dafinoo.eu\\\/mirmar\\\/wp-content\\\/uploads\\\/2021\\\/03\\\/mirmar_logo.png\",\"width\":256,\"height\":60,\"caption\":\"MIR-MAR\"},\"image\":{\"@id\":\"http:\\\/\\\/dafinoo.eu\\\/mirmar\\\/#\\\/schema\\\/logo\\\/image\\\/\"},\"sameAs\":[\"https:\\\/\\\/facebook.com\\\/mirmareshop\"]}]}<\/script>\n<!-- \/ Yoast SEO plugin. -->","yoast_head_json":{"title":"Makita DHR282T2JU - MIR-MAR","robots":{"index":"index","follow":"follow","max-snippet":"max-snippet:-1","max-image-preview":"max-image-preview:large","max-video-preview":"max-video-preview:-1"},"canonical":"http:\/\/dafinoo.eu\/mirmar\/obchod\/makita-dhr282t2ju\/","og_locale":"sk_SK","og_type":"article","og_title":"Makita DHR282T2JU - MIR-MAR","og_description":"Rozmery (D x &Scaron; x V) 373 x 134 x 232 mm  Akumul&aacute;tor 2x 18 V  Typ bat&eacute;rie Li-ion  Podporovan&eacute; bat&eacute;rie 1.5 \/ 2.0 \/ 3.0 \/ 4.0 \/ 5.0 \/ 6.0 Ah  Vo\u013enobe\u017en&eacute; ot&aacute;\u010dky 0 - 980 min-1  Po\u010det &uacute;derov naprazdno 0 - 5.000 min-1  Sila jednotliv&eacute;ho pr&iacute;klepu (EPTA) 2,8 J  Hmotnos\u0165 (EPTA) 3,9 - 5,1 kg  Max. v\u0155tac&iacute; v&yacute;kon - oce\u013e|bet&oacute;n|drevo 13 \/ 28 \/ 32 mm  Up&iacute;nanie n&aacute;stroja SDS-PLUS  Priemer v\u0155tania v bet&oacute;ne: \u010dipka: 54 mm  Priemer v\u0155tania v bet&oacute;ne: diamantov&aacute; korunka: 65 mm  Priemer v\u0155tania v bet&oacute;ne: pln&yacute; vrt&aacute;k: 28 mm","og_url":"http:\/\/dafinoo.eu\/mirmar\/obchod\/makita-dhr282t2ju\/","og_site_name":"MIR-MAR","article_publisher":"https:\/\/facebook.com\/mirmareshop","article_modified_time":"2021-04-19T17:57:58+00:00","og_image":[{"width":640,"height":640,"url":"https:\/\/i2.wp.com\/www.mirmar.sk\/wp-content\/uploads\/2021\/03\/33_7.jpg?fit=640%2C640&ssl=1","type":"image\/jpeg"}],"twitter_misc":{"Predpokladan\u00fd \u010das \u010d\u00edtania":"1 min\u00fata"},"schema":{"@context":"https:\/\/schema.org","@graph":[{"@type":"WebPage","@id":"http:\/\/dafinoo.eu\/mirmar\/obchod\/makita-dhr282t2ju\/","url":"http:\/\/dafinoo.eu\/mirmar\/obchod\/makita-dhr282t2ju\/","name":"Makita DHR282T2JU - MIR-MAR","isPartOf":{"@id":"http:\/\/dafinoo.eu\/mirmar\/#website"},"primaryImageOfPage":{"@id":"http:\/\/dafinoo.eu\/mirmar\/obchod\/makita-dhr282t2ju\/#primaryimage"},"image":{"@id":"http:\/\/dafinoo.eu\/mirmar\/obchod\/makita-dhr282t2ju\/#primaryimage"},"thumbnailUrl":"http:\/\/dafinoo.eu\/mirmar\/wp-content\/uploads\/2021\/03\/33_7.jpg","datePublished":"2021-03-15T16:43:20+00:00","dateModified":"2021-04-19T17:57:58+00:00","breadcrumb":{"@id":"http:\/\/dafinoo.eu\/mirmar\/obchod\/makita-dhr282t2ju\/#breadcrumb"},"inLanguage":"sk-SK","potentialAction":[{"@type":"ReadAction","target":["http:\/\/dafinoo.eu\/mirmar\/obchod\/makita-dhr282t2ju\/"]}]},{"@type":"ImageObject","inLanguage":"sk-SK","@id":"http:\/\/dafinoo.eu\/mirmar\/obchod\/makita-dhr282t2ju\/#primaryimage","url":"http:\/\/dafinoo.eu\/mirmar\/wp-content\/uploads\/2021\/03\/33_7.jpg","contentUrl":"http:\/\/dafinoo.eu\/mirmar\/wp-content\/uploads\/2021\/03\/33_7.jpg","width":640,"height":640},{"@type":"BreadcrumbList","@id":"http:\/\/dafinoo.eu\/mirmar\/obchod\/makita-dhr282t2ju\/#breadcrumb","itemListElement":[{"@type":"ListItem","position":1,"name":"Domovsk\u00e1 str\u00e1nka","item":"http:\/\/dafinoo.eu\/mirmar\/"},{"@type":"ListItem","position":2,"name":"Obchod","item":"http:\/\/dafinoo.eu\/mirmar\/obchod\/"},{"@type":"ListItem","position":3,"name":"Makita DHR282T2JU"}]},{"@type":"WebSite","@id":"http:\/\/dafinoo.eu\/mirmar\/#website","url":"http:\/\/dafinoo.eu\/mirmar\/","name":"MIR-MAR","description":"Eshop s n\u00e1rad\u00edm","publisher":{"@id":"http:\/\/dafinoo.eu\/mirmar\/#organization"},"potentialAction":[{"@type":"SearchAction","target":{"@type":"EntryPoint","urlTemplate":"http:\/\/dafinoo.eu\/mirmar\/?s={search_term_string}"},"query-input":{"@type":"PropertyValueSpecification","valueRequired":true,"valueName":"search_term_string"}}],"inLanguage":"sk-SK"},{"@type":"Organization","@id":"http:\/\/dafinoo.eu\/mirmar\/#organization","name":"MIR-MAR","url":"http:\/\/dafinoo.eu\/mirmar\/","logo":{"@type":"ImageObject","inLanguage":"sk-SK","@id":"http:\/\/dafinoo.eu\/mirmar\/#\/schema\/logo\/image\/","url":"http:\/\/dafinoo.eu\/mirmar\/wp-content\/uploads\/2021\/03\/mirmar_logo.png","contentUrl":"http:\/\/dafinoo.eu\/mirmar\/wp-content\/uploads\/2021\/03\/mirmar_logo.png","width":256,"height":60,"caption":"MIR-MAR"},"image":{"@id":"http:\/\/dafinoo.eu\/mirmar\/#\/schema\/logo\/image\/"},"sameAs":["https:\/\/facebook.com\/mirmareshop"]}]}},"_links":{"self":[{"href":"http:\/\/dafinoo.eu\/mirmar\/wp-json\/wp\/v2\/product\/41094","targetHints":{"allow":["GET"]}}],"collection":[{"href":"http:\/\/dafinoo.eu\/mirmar\/wp-json\/wp\/v2\/product"}],"about":[{"href":"http:\/\/dafinoo.eu\/mirmar\/wp-json\/wp\/v2\/types\/product"}],"replies":[{"embeddable":true,"href":"http:\/\/dafinoo.eu\/mirmar\/wp-json\/wp\/v2\/comments?post=41094"}],"wp:featuredmedia":[{"embeddable":true,"href":"http:\/\/dafinoo.eu\/mirmar\/wp-json\/wp\/v2\/media\/41095"}],"wp:attachment":[{"href":"http:\/\/dafinoo.eu\/mirmar\/wp-json\/wp\/v2\/media?parent=41094"}],"wp:term":[{"taxonomy":"product_cat","embeddable":true,"href":"http:\/\/dafinoo.eu\/mirmar\/wp-json\/wp\/v2\/product_cat?post=41094"},{"taxonomy":"product_tag","embeddable":true,"href":"http:\/\/dafinoo.eu\/mirmar\/wp-json\/wp\/v2\/product_tag?post=41094"}],"curies":[{"name":"wp","href":"https:\/\/api.w.org\/{rel}","templated":true}]}}