{"id":41130,"date":"2021-03-15T17:43:36","date_gmt":"2021-03-15T16:43:36","guid":{"rendered":"http:\/\/dafinoo.eu\/mirmar\/product\/makita-dhr400pt2u\/"},"modified":"2021-04-19T19:58:09","modified_gmt":"2021-04-19T17:58:09","slug":"makita-dhr400pt2u","status":"publish","type":"product","link":"http:\/\/dafinoo.eu\/mirmar\/obchod\/makita-dhr400pt2u\/","title":{"rendered":"Makita DHR400PT2U"},"content":{"rendered":"<ul>\n<li>AWS &ndash; auto start wirelees system &ndash; automatick&eacute; sp&uacute;&scaron;\u0165anie akumul&aacute;torov&eacute;ho vys&aacute;va\u010da<\/li>\n<li>Technol&oacute;gia 2 x 18 V = 36 V<\/li>\n<li>AVT &ndash; antivibra\u010dn&aacute; technol&oacute;gia<\/li>\n<li>XPT &ndash; ochrana proti prachu a striekaj&uacute;cej vode<\/li>\n<li>Funkcia v\u0155tania a sekania<\/li>\n<li>Dvojit&eacute; LED osvetlenie<\/li>\n<li>Dod&aacute;van&eacute; s dvomi 5,0 Ah akumul&aacute;tormi a dvojnab&iacute;ja\u010dkou<\/li>\n<\/ul>\n","protected":false},"excerpt":{"rendered":"<p>Up&iacute;nanie n&aacute;stroja geeignet f&uuml;r SDS-MAX<\/p>\n<p>Vo\u013enobe\u017en&eacute; ot&aacute;\u010dky 250 &#8211; 500 min-1<\/p>\n<p>Po\u010det &uacute;derov naprazdno 1.450 &#8211; 2.900 min-1<\/p>\n<p>Sila jednotliv&eacute;ho pr&iacute;klepu 8,0 J<\/p>\n<p>Max. v\u0155tac&iacute; v&yacute;kon (vrt&aacute;k) 40 mm<\/p>\n<p>Max. v\u0155tac&iacute; v&yacute;kon (korunka) 105 mm<\/p>\n<p>Akumul&aacute;tor 18 V<\/p>\n<p>Hmotnos\u0165 7,3 kg<\/p>\n<p>Rozmery (D x &Scaron; x V) 473 x 120 x 285 mm dod&aacute;van&eacute; pr&iacute;slu&scaron;enstvo: 821746-3<\/p>\n<p>Prepravn&yacute; kufor 197280-8 2x Akku BL1850B (5,0 Ah) 196933-6<\/p>\n<p>Dvojnab&iacute;ja\u010dka DC18RD 123138-5<\/p>\n<p>Bo\u010dn&aacute; rukov&auml;\u0165 331955-1<\/p>\n<p>H\u013abkov&yacute; doraz 198993-4<\/p>\n<p>Mazac&iacute; tuk na n&aacute;stroje 443122-7<\/p>\n<p>Tkaninov&aacute; utierka<\/p>\n","protected":false},"featured_media":0,"comment_status":"closed","ping_status":"open","template":"","meta":{"_lmt_disableupdate":"","_lmt_disable":""},"product_cat":[3051,3445,3141,3448],"product_tag":[],"class_list":{"0":"post-41130","1":"product","2":"type-product","3":"status-publish","5":"product_cat-makita","6":"product_cat-vrtacie-kladiva-sds-plus-akumulatorove-naradie-makita","7":"product_cat-akumulatorove-naradie-makita","8":"product_cat-vrtacie-kladiva-sds-plus-2x18v","10":"first","11":"instock","12":"taxable","13":"shipping-taxable","14":"purchasable","15":"product-type-simple"},"yoast_head":"<!-- This site is optimized with the Yoast SEO plugin v27.3 - https:\/\/yoast.com\/product\/yoast-seo-wordpress\/ -->\n<title>Makita DHR400PT2U - MIR-MAR<\/title>\n<meta name=\"robots\" content=\"index, follow, max-snippet:-1, max-image-preview:large, max-video-preview:-1\" \/>\n<link rel=\"canonical\" href=\"http:\/\/dafinoo.eu\/mirmar\/obchod\/makita-dhr400pt2u\/\" \/>\n<meta property=\"og:locale\" content=\"sk_SK\" \/>\n<meta property=\"og:type\" content=\"article\" \/>\n<meta property=\"og:title\" content=\"Makita DHR400PT2U - MIR-MAR\" \/>\n<meta property=\"og:description\" content=\"Up&iacute;nanie n&aacute;stroja geeignet f&uuml;r SDS-MAX Vo\u013enobe\u017en&eacute; ot&aacute;\u010dky 250 - 500 min-1 Po\u010det &uacute;derov naprazdno 1.450 - 2.900 min-1 Sila jednotliv&eacute;ho pr&iacute;klepu 8,0 J Max. v\u0155tac&iacute; v&yacute;kon (vrt&aacute;k) 40 mm Max. v\u0155tac&iacute; v&yacute;kon (korunka) 105 mm Akumul&aacute;tor 18 V Hmotnos\u0165 7,3 kg Rozmery (D x &Scaron; x V) 473 x 120 x 285 mm dod&aacute;van&eacute; pr&iacute;slu&scaron;enstvo: 821746-3 Prepravn&yacute; kufor 197280-8 2x Akku BL1850B (5,0 Ah) 196933-6 Dvojnab&iacute;ja\u010dka DC18RD 123138-5 Bo\u010dn&aacute; rukov&auml;\u0165 331955-1 H\u013abkov&yacute; doraz 198993-4 Mazac&iacute; tuk na n&aacute;stroje 443122-7 Tkaninov&aacute; utierka\" \/>\n<meta property=\"og:url\" content=\"http:\/\/dafinoo.eu\/mirmar\/obchod\/makita-dhr400pt2u\/\" \/>\n<meta property=\"og:site_name\" content=\"MIR-MAR\" \/>\n<meta property=\"article:publisher\" content=\"https:\/\/facebook.com\/mirmareshop\" \/>\n<meta property=\"article:modified_time\" content=\"2021-04-19T17:58:09+00:00\" \/>\n<meta property=\"og:image\" content=\"http:\/\/dafinoo.eu\/mirmar\/wp-content\/uploads\/2021\/03\/mirmar_logo.png\" \/>\n\t<meta property=\"og:image:width\" content=\"256\" \/>\n\t<meta property=\"og:image:height\" content=\"60\" \/>\n\t<meta property=\"og:image:type\" content=\"image\/png\" \/>\n<script type=\"application\/ld+json\" class=\"yoast-schema-graph\">{\"@context\":\"https:\\\/\\\/schema.org\",\"@graph\":[{\"@type\":\"WebPage\",\"@id\":\"http:\\\/\\\/dafinoo.eu\\\/mirmar\\\/obchod\\\/makita-dhr400pt2u\\\/\",\"url\":\"http:\\\/\\\/dafinoo.eu\\\/mirmar\\\/obchod\\\/makita-dhr400pt2u\\\/\",\"name\":\"Makita DHR400PT2U - MIR-MAR\",\"isPartOf\":{\"@id\":\"http:\\\/\\\/dafinoo.eu\\\/mirmar\\\/#website\"},\"datePublished\":\"2021-03-15T16:43:36+00:00\",\"dateModified\":\"2021-04-19T17:58:09+00:00\",\"breadcrumb\":{\"@id\":\"http:\\\/\\\/dafinoo.eu\\\/mirmar\\\/obchod\\\/makita-dhr400pt2u\\\/#breadcrumb\"},\"inLanguage\":\"sk-SK\",\"potentialAction\":[{\"@type\":\"ReadAction\",\"target\":[\"http:\\\/\\\/dafinoo.eu\\\/mirmar\\\/obchod\\\/makita-dhr400pt2u\\\/\"]}]},{\"@type\":\"BreadcrumbList\",\"@id\":\"http:\\\/\\\/dafinoo.eu\\\/mirmar\\\/obchod\\\/makita-dhr400pt2u\\\/#breadcrumb\",\"itemListElement\":[{\"@type\":\"ListItem\",\"position\":1,\"name\":\"Domovsk\u00e1 str\u00e1nka\",\"item\":\"http:\\\/\\\/dafinoo.eu\\\/mirmar\\\/\"},{\"@type\":\"ListItem\",\"position\":2,\"name\":\"Obchod\",\"item\":\"http:\\\/\\\/dafinoo.eu\\\/mirmar\\\/obchod\\\/\"},{\"@type\":\"ListItem\",\"position\":3,\"name\":\"Makita DHR400PT2U\"}]},{\"@type\":\"WebSite\",\"@id\":\"http:\\\/\\\/dafinoo.eu\\\/mirmar\\\/#website\",\"url\":\"http:\\\/\\\/dafinoo.eu\\\/mirmar\\\/\",\"name\":\"MIR-MAR\",\"description\":\"Eshop s n\u00e1rad\u00edm\",\"publisher\":{\"@id\":\"http:\\\/\\\/dafinoo.eu\\\/mirmar\\\/#organization\"},\"potentialAction\":[{\"@type\":\"SearchAction\",\"target\":{\"@type\":\"EntryPoint\",\"urlTemplate\":\"http:\\\/\\\/dafinoo.eu\\\/mirmar\\\/?s={search_term_string}\"},\"query-input\":{\"@type\":\"PropertyValueSpecification\",\"valueRequired\":true,\"valueName\":\"search_term_string\"}}],\"inLanguage\":\"sk-SK\"},{\"@type\":\"Organization\",\"@id\":\"http:\\\/\\\/dafinoo.eu\\\/mirmar\\\/#organization\",\"name\":\"MIR-MAR\",\"url\":\"http:\\\/\\\/dafinoo.eu\\\/mirmar\\\/\",\"logo\":{\"@type\":\"ImageObject\",\"inLanguage\":\"sk-SK\",\"@id\":\"http:\\\/\\\/dafinoo.eu\\\/mirmar\\\/#\\\/schema\\\/logo\\\/image\\\/\",\"url\":\"http:\\\/\\\/dafinoo.eu\\\/mirmar\\\/wp-content\\\/uploads\\\/2021\\\/03\\\/mirmar_logo.png\",\"contentUrl\":\"http:\\\/\\\/dafinoo.eu\\\/mirmar\\\/wp-content\\\/uploads\\\/2021\\\/03\\\/mirmar_logo.png\",\"width\":256,\"height\":60,\"caption\":\"MIR-MAR\"},\"image\":{\"@id\":\"http:\\\/\\\/dafinoo.eu\\\/mirmar\\\/#\\\/schema\\\/logo\\\/image\\\/\"},\"sameAs\":[\"https:\\\/\\\/facebook.com\\\/mirmareshop\"]}]}<\/script>\n<!-- \/ Yoast SEO plugin. -->","yoast_head_json":{"title":"Makita DHR400PT2U - MIR-MAR","robots":{"index":"index","follow":"follow","max-snippet":"max-snippet:-1","max-image-preview":"max-image-preview:large","max-video-preview":"max-video-preview:-1"},"canonical":"http:\/\/dafinoo.eu\/mirmar\/obchod\/makita-dhr400pt2u\/","og_locale":"sk_SK","og_type":"article","og_title":"Makita DHR400PT2U - MIR-MAR","og_description":"Up&iacute;nanie n&aacute;stroja geeignet f&uuml;r SDS-MAX Vo\u013enobe\u017en&eacute; ot&aacute;\u010dky 250 - 500 min-1 Po\u010det &uacute;derov naprazdno 1.450 - 2.900 min-1 Sila jednotliv&eacute;ho pr&iacute;klepu 8,0 J Max. v\u0155tac&iacute; v&yacute;kon (vrt&aacute;k) 40 mm Max. v\u0155tac&iacute; v&yacute;kon (korunka) 105 mm Akumul&aacute;tor 18 V Hmotnos\u0165 7,3 kg Rozmery (D x &Scaron; x V) 473 x 120 x 285 mm dod&aacute;van&eacute; pr&iacute;slu&scaron;enstvo: 821746-3 Prepravn&yacute; kufor 197280-8 2x Akku BL1850B (5,0 Ah) 196933-6 Dvojnab&iacute;ja\u010dka DC18RD 123138-5 Bo\u010dn&aacute; rukov&auml;\u0165 331955-1 H\u013abkov&yacute; doraz 198993-4 Mazac&iacute; tuk na n&aacute;stroje 443122-7 Tkaninov&aacute; utierka","og_url":"http:\/\/dafinoo.eu\/mirmar\/obchod\/makita-dhr400pt2u\/","og_site_name":"MIR-MAR","article_publisher":"https:\/\/facebook.com\/mirmareshop","article_modified_time":"2021-04-19T17:58:09+00:00","og_image":[{"width":256,"height":60,"url":"http:\/\/dafinoo.eu\/mirmar\/wp-content\/uploads\/2021\/03\/mirmar_logo.png","type":"image\/png"}],"schema":{"@context":"https:\/\/schema.org","@graph":[{"@type":"WebPage","@id":"http:\/\/dafinoo.eu\/mirmar\/obchod\/makita-dhr400pt2u\/","url":"http:\/\/dafinoo.eu\/mirmar\/obchod\/makita-dhr400pt2u\/","name":"Makita DHR400PT2U - MIR-MAR","isPartOf":{"@id":"http:\/\/dafinoo.eu\/mirmar\/#website"},"datePublished":"2021-03-15T16:43:36+00:00","dateModified":"2021-04-19T17:58:09+00:00","breadcrumb":{"@id":"http:\/\/dafinoo.eu\/mirmar\/obchod\/makita-dhr400pt2u\/#breadcrumb"},"inLanguage":"sk-SK","potentialAction":[{"@type":"ReadAction","target":["http:\/\/dafinoo.eu\/mirmar\/obchod\/makita-dhr400pt2u\/"]}]},{"@type":"BreadcrumbList","@id":"http:\/\/dafinoo.eu\/mirmar\/obchod\/makita-dhr400pt2u\/#breadcrumb","itemListElement":[{"@type":"ListItem","position":1,"name":"Domovsk\u00e1 str\u00e1nka","item":"http:\/\/dafinoo.eu\/mirmar\/"},{"@type":"ListItem","position":2,"name":"Obchod","item":"http:\/\/dafinoo.eu\/mirmar\/obchod\/"},{"@type":"ListItem","position":3,"name":"Makita DHR400PT2U"}]},{"@type":"WebSite","@id":"http:\/\/dafinoo.eu\/mirmar\/#website","url":"http:\/\/dafinoo.eu\/mirmar\/","name":"MIR-MAR","description":"Eshop s n\u00e1rad\u00edm","publisher":{"@id":"http:\/\/dafinoo.eu\/mirmar\/#organization"},"potentialAction":[{"@type":"SearchAction","target":{"@type":"EntryPoint","urlTemplate":"http:\/\/dafinoo.eu\/mirmar\/?s={search_term_string}"},"query-input":{"@type":"PropertyValueSpecification","valueRequired":true,"valueName":"search_term_string"}}],"inLanguage":"sk-SK"},{"@type":"Organization","@id":"http:\/\/dafinoo.eu\/mirmar\/#organization","name":"MIR-MAR","url":"http:\/\/dafinoo.eu\/mirmar\/","logo":{"@type":"ImageObject","inLanguage":"sk-SK","@id":"http:\/\/dafinoo.eu\/mirmar\/#\/schema\/logo\/image\/","url":"http:\/\/dafinoo.eu\/mirmar\/wp-content\/uploads\/2021\/03\/mirmar_logo.png","contentUrl":"http:\/\/dafinoo.eu\/mirmar\/wp-content\/uploads\/2021\/03\/mirmar_logo.png","width":256,"height":60,"caption":"MIR-MAR"},"image":{"@id":"http:\/\/dafinoo.eu\/mirmar\/#\/schema\/logo\/image\/"},"sameAs":["https:\/\/facebook.com\/mirmareshop"]}]}},"_links":{"self":[{"href":"http:\/\/dafinoo.eu\/mirmar\/wp-json\/wp\/v2\/product\/41130","targetHints":{"allow":["GET"]}}],"collection":[{"href":"http:\/\/dafinoo.eu\/mirmar\/wp-json\/wp\/v2\/product"}],"about":[{"href":"http:\/\/dafinoo.eu\/mirmar\/wp-json\/wp\/v2\/types\/product"}],"replies":[{"embeddable":true,"href":"http:\/\/dafinoo.eu\/mirmar\/wp-json\/wp\/v2\/comments?post=41130"}],"wp:attachment":[{"href":"http:\/\/dafinoo.eu\/mirmar\/wp-json\/wp\/v2\/media?parent=41130"}],"wp:term":[{"taxonomy":"product_cat","embeddable":true,"href":"http:\/\/dafinoo.eu\/mirmar\/wp-json\/wp\/v2\/product_cat?post=41130"},{"taxonomy":"product_tag","embeddable":true,"href":"http:\/\/dafinoo.eu\/mirmar\/wp-json\/wp\/v2\/product_tag?post=41130"}],"curies":[{"name":"wp","href":"https:\/\/api.w.org\/{rel}","templated":true}]}}