{"id":41167,"date":"2021-03-15T17:43:48","date_gmt":"2021-03-15T16:43:48","guid":{"rendered":"http:\/\/dafinoo.eu\/mirmar\/product\/dtm51rfjx4\/"},"modified":"2021-04-21T14:15:01","modified_gmt":"2021-04-21T12:15:01","slug":"dtm51rfjx4","status":"publish","type":"product","link":"http:\/\/dafinoo.eu\/mirmar\/obchod\/dtm51rfjx4\/","title":{"rendered":"Makita DTM51RFJX4"},"content":{"rendered":"<ul>\n<li>Univerz&aacute;lny stroj pre &scaron;irok&uacute; &scaron;k&aacute;lu pou\u017eitia<\/li>\n<li>Elektronika pre ide&aacute;lny chod stroja pri za\u0165a\u017een&iacute;<\/li>\n<li>Nastavenie 12 uhlov (z 0 &#8211; 360 &deg; ka\u017ed&yacute;ch 30 &deg;)<\/li>\n<li>Up&iacute;nanie n&aacute;strojov OIS (Oscilatting Interface System)<\/li>\n<li>Uhol v&yacute;kyvu 3,2&deg;<\/li>\n<li>S&uacute;\u010das\u0165ou dod&aacute;vky 2 akumul&aacute;tori, nab&iacute;ja\u010dka a prepravn&yacute; kufor<\/li>\n<\/ul>\n","protected":false},"excerpt":{"rendered":"<p>V&yacute;kyvy za min&uacute;tu 6.000 &#8211; 20.000 min-1<\/p>\n<p>Uhol kmitu 3,2 &deg;<\/p>\n<p>Akumul&aacute;tor 18 V<\/p>\n<p>Hmotnos\u0165 2,2 kg<\/p>\n<p>Rozmery (D x &Scaron; x V) 340 x 80 x 122 mm dod&aacute;van&eacute; pr&iacute;slu&scaron;enstvo: 821551-8<\/p>\n<p>MAKPAC systainer Typ 3 837671-8<\/p>\n<p>MAKPAC vn&uacute;tro systainera 197280-8 2x Akku BL1850B (5,0 Ah) 195584-2<\/p>\n<p>R&yacute;chlonab&iacute;ja\u010dka DC18RC 196765-1<\/p>\n<p>Sada na ods&aacute;vanie prachu<\/p>\n<p>B-21537<\/p>\n<p>Br&uacute;sna doska je 10 x<\/p>\n<p>Br&uacute;sny papier K60, K100, K150<\/p>\n<p>B-21325<\/p>\n<p>P&iacute;lov&yacute; kot&uacute;\u010d 85mm TMA006<\/p>\n<p>B-21406 3 ks p&iacute;lov&eacute;ho kot&uacute;\u010da na drevo 10 mm TMA014<\/p>\n<p>B-21353<\/p>\n<p>P&iacute;lov&yacute; pl&aacute;tok 28 mm na drevo a \u017eelezo TMA009 196272-4<\/p>\n<p>Adapt&eacute;r pre n&aacute;stroje FEIN 783233-9<\/p>\n<p>Inbusov&yacute; k\u013e&uacute;\u010d 5 196058-6<\/p>\n<p>Dr\u017eiak na pr&iacute;slu&scaron;enstvo<\/p>\n","protected":false},"featured_media":0,"comment_status":"closed","ping_status":"open","template":"","meta":{"_lmt_disableupdate":"","_lmt_disable":""},"product_cat":[3051,3455,3469],"product_tag":[],"class_list":{"0":"post-41167","1":"product","2":"type-product","3":"status-publish","5":"product_cat-makita","6":"product_cat-ostatne-stroje","7":"product_cat-ostatne-stroje-18v","9":"first","10":"instock","11":"taxable","12":"shipping-taxable","13":"purchasable","14":"product-type-simple"},"yoast_head":"<!-- This site is optimized with the Yoast SEO plugin v27.3 - https:\/\/yoast.com\/product\/yoast-seo-wordpress\/ -->\n<title>Makita DTM51RFJX4 - MIR-MAR<\/title>\n<meta name=\"robots\" content=\"index, follow, max-snippet:-1, max-image-preview:large, max-video-preview:-1\" \/>\n<link rel=\"canonical\" href=\"http:\/\/dafinoo.eu\/mirmar\/obchod\/dtm51rfjx4\/\" \/>\n<meta property=\"og:locale\" content=\"sk_SK\" \/>\n<meta property=\"og:type\" content=\"article\" \/>\n<meta property=\"og:title\" content=\"Makita DTM51RFJX4 - MIR-MAR\" \/>\n<meta property=\"og:description\" content=\"V&yacute;kyvy za min&uacute;tu 6.000 - 20.000 min-1 Uhol kmitu 3,2 &deg; Akumul&aacute;tor 18 V Hmotnos\u0165 2,2 kg Rozmery (D x &Scaron; x V) 340 x 80 x 122 mm dod&aacute;van&eacute; pr&iacute;slu&scaron;enstvo: 821551-8 MAKPAC systainer Typ 3 837671-8 MAKPAC vn&uacute;tro systainera 197280-8 2x Akku BL1850B (5,0 Ah) 195584-2 R&yacute;chlonab&iacute;ja\u010dka DC18RC 196765-1 Sada na ods&aacute;vanie prachu B-21537 Br&uacute;sna doska je 10 x Br&uacute;sny papier K60, K100, K150 B-21325 P&iacute;lov&yacute; kot&uacute;\u010d 85mm TMA006 B-21406 3 ks p&iacute;lov&eacute;ho kot&uacute;\u010da na drevo 10 mm TMA014 B-21353 P&iacute;lov&yacute; pl&aacute;tok 28 mm na drevo a \u017eelezo TMA009 196272-4 Adapt&eacute;r pre n&aacute;stroje FEIN 783233-9 Inbusov&yacute; k\u013e&uacute;\u010d 5 196058-6 Dr\u017eiak na pr&iacute;slu&scaron;enstvo\" \/>\n<meta property=\"og:url\" content=\"http:\/\/dafinoo.eu\/mirmar\/obchod\/dtm51rfjx4\/\" \/>\n<meta property=\"og:site_name\" content=\"MIR-MAR\" \/>\n<meta property=\"article:publisher\" content=\"https:\/\/facebook.com\/mirmareshop\" \/>\n<meta property=\"article:modified_time\" content=\"2021-04-21T12:15:01+00:00\" \/>\n<meta property=\"og:image\" content=\"http:\/\/dafinoo.eu\/mirmar\/wp-content\/uploads\/2021\/03\/mirmar_logo.png\" \/>\n\t<meta property=\"og:image:width\" content=\"256\" \/>\n\t<meta property=\"og:image:height\" content=\"60\" \/>\n\t<meta property=\"og:image:type\" content=\"image\/png\" \/>\n<script type=\"application\/ld+json\" class=\"yoast-schema-graph\">{\"@context\":\"https:\\\/\\\/schema.org\",\"@graph\":[{\"@type\":\"WebPage\",\"@id\":\"http:\\\/\\\/dafinoo.eu\\\/mirmar\\\/obchod\\\/dtm51rfjx4\\\/\",\"url\":\"http:\\\/\\\/dafinoo.eu\\\/mirmar\\\/obchod\\\/dtm51rfjx4\\\/\",\"name\":\"Makita DTM51RFJX4 - MIR-MAR\",\"isPartOf\":{\"@id\":\"http:\\\/\\\/dafinoo.eu\\\/mirmar\\\/#website\"},\"datePublished\":\"2021-03-15T16:43:48+00:00\",\"dateModified\":\"2021-04-21T12:15:01+00:00\",\"breadcrumb\":{\"@id\":\"http:\\\/\\\/dafinoo.eu\\\/mirmar\\\/obchod\\\/dtm51rfjx4\\\/#breadcrumb\"},\"inLanguage\":\"sk-SK\",\"potentialAction\":[{\"@type\":\"ReadAction\",\"target\":[\"http:\\\/\\\/dafinoo.eu\\\/mirmar\\\/obchod\\\/dtm51rfjx4\\\/\"]}]},{\"@type\":\"BreadcrumbList\",\"@id\":\"http:\\\/\\\/dafinoo.eu\\\/mirmar\\\/obchod\\\/dtm51rfjx4\\\/#breadcrumb\",\"itemListElement\":[{\"@type\":\"ListItem\",\"position\":1,\"name\":\"Domovsk\u00e1 str\u00e1nka\",\"item\":\"http:\\\/\\\/dafinoo.eu\\\/mirmar\\\/\"},{\"@type\":\"ListItem\",\"position\":2,\"name\":\"Obchod\",\"item\":\"http:\\\/\\\/dafinoo.eu\\\/mirmar\\\/obchod\\\/\"},{\"@type\":\"ListItem\",\"position\":3,\"name\":\"Makita DTM51RFJX4\"}]},{\"@type\":\"WebSite\",\"@id\":\"http:\\\/\\\/dafinoo.eu\\\/mirmar\\\/#website\",\"url\":\"http:\\\/\\\/dafinoo.eu\\\/mirmar\\\/\",\"name\":\"MIR-MAR\",\"description\":\"Eshop s n\u00e1rad\u00edm\",\"publisher\":{\"@id\":\"http:\\\/\\\/dafinoo.eu\\\/mirmar\\\/#organization\"},\"potentialAction\":[{\"@type\":\"SearchAction\",\"target\":{\"@type\":\"EntryPoint\",\"urlTemplate\":\"http:\\\/\\\/dafinoo.eu\\\/mirmar\\\/?s={search_term_string}\"},\"query-input\":{\"@type\":\"PropertyValueSpecification\",\"valueRequired\":true,\"valueName\":\"search_term_string\"}}],\"inLanguage\":\"sk-SK\"},{\"@type\":\"Organization\",\"@id\":\"http:\\\/\\\/dafinoo.eu\\\/mirmar\\\/#organization\",\"name\":\"MIR-MAR\",\"url\":\"http:\\\/\\\/dafinoo.eu\\\/mirmar\\\/\",\"logo\":{\"@type\":\"ImageObject\",\"inLanguage\":\"sk-SK\",\"@id\":\"http:\\\/\\\/dafinoo.eu\\\/mirmar\\\/#\\\/schema\\\/logo\\\/image\\\/\",\"url\":\"http:\\\/\\\/dafinoo.eu\\\/mirmar\\\/wp-content\\\/uploads\\\/2021\\\/03\\\/mirmar_logo.png\",\"contentUrl\":\"http:\\\/\\\/dafinoo.eu\\\/mirmar\\\/wp-content\\\/uploads\\\/2021\\\/03\\\/mirmar_logo.png\",\"width\":256,\"height\":60,\"caption\":\"MIR-MAR\"},\"image\":{\"@id\":\"http:\\\/\\\/dafinoo.eu\\\/mirmar\\\/#\\\/schema\\\/logo\\\/image\\\/\"},\"sameAs\":[\"https:\\\/\\\/facebook.com\\\/mirmareshop\"]}]}<\/script>\n<!-- \/ Yoast SEO plugin. -->","yoast_head_json":{"title":"Makita DTM51RFJX4 - MIR-MAR","robots":{"index":"index","follow":"follow","max-snippet":"max-snippet:-1","max-image-preview":"max-image-preview:large","max-video-preview":"max-video-preview:-1"},"canonical":"http:\/\/dafinoo.eu\/mirmar\/obchod\/dtm51rfjx4\/","og_locale":"sk_SK","og_type":"article","og_title":"Makita DTM51RFJX4 - MIR-MAR","og_description":"V&yacute;kyvy za min&uacute;tu 6.000 - 20.000 min-1 Uhol kmitu 3,2 &deg; Akumul&aacute;tor 18 V Hmotnos\u0165 2,2 kg Rozmery (D x &Scaron; x V) 340 x 80 x 122 mm dod&aacute;van&eacute; pr&iacute;slu&scaron;enstvo: 821551-8 MAKPAC systainer Typ 3 837671-8 MAKPAC vn&uacute;tro systainera 197280-8 2x Akku BL1850B (5,0 Ah) 195584-2 R&yacute;chlonab&iacute;ja\u010dka DC18RC 196765-1 Sada na ods&aacute;vanie prachu B-21537 Br&uacute;sna doska je 10 x Br&uacute;sny papier K60, K100, K150 B-21325 P&iacute;lov&yacute; kot&uacute;\u010d 85mm TMA006 B-21406 3 ks p&iacute;lov&eacute;ho kot&uacute;\u010da na drevo 10 mm TMA014 B-21353 P&iacute;lov&yacute; pl&aacute;tok 28 mm na drevo a \u017eelezo TMA009 196272-4 Adapt&eacute;r pre n&aacute;stroje FEIN 783233-9 Inbusov&yacute; k\u013e&uacute;\u010d 5 196058-6 Dr\u017eiak na pr&iacute;slu&scaron;enstvo","og_url":"http:\/\/dafinoo.eu\/mirmar\/obchod\/dtm51rfjx4\/","og_site_name":"MIR-MAR","article_publisher":"https:\/\/facebook.com\/mirmareshop","article_modified_time":"2021-04-21T12:15:01+00:00","og_image":[{"width":256,"height":60,"url":"http:\/\/dafinoo.eu\/mirmar\/wp-content\/uploads\/2021\/03\/mirmar_logo.png","type":"image\/png"}],"schema":{"@context":"https:\/\/schema.org","@graph":[{"@type":"WebPage","@id":"http:\/\/dafinoo.eu\/mirmar\/obchod\/dtm51rfjx4\/","url":"http:\/\/dafinoo.eu\/mirmar\/obchod\/dtm51rfjx4\/","name":"Makita DTM51RFJX4 - MIR-MAR","isPartOf":{"@id":"http:\/\/dafinoo.eu\/mirmar\/#website"},"datePublished":"2021-03-15T16:43:48+00:00","dateModified":"2021-04-21T12:15:01+00:00","breadcrumb":{"@id":"http:\/\/dafinoo.eu\/mirmar\/obchod\/dtm51rfjx4\/#breadcrumb"},"inLanguage":"sk-SK","potentialAction":[{"@type":"ReadAction","target":["http:\/\/dafinoo.eu\/mirmar\/obchod\/dtm51rfjx4\/"]}]},{"@type":"BreadcrumbList","@id":"http:\/\/dafinoo.eu\/mirmar\/obchod\/dtm51rfjx4\/#breadcrumb","itemListElement":[{"@type":"ListItem","position":1,"name":"Domovsk\u00e1 str\u00e1nka","item":"http:\/\/dafinoo.eu\/mirmar\/"},{"@type":"ListItem","position":2,"name":"Obchod","item":"http:\/\/dafinoo.eu\/mirmar\/obchod\/"},{"@type":"ListItem","position":3,"name":"Makita DTM51RFJX4"}]},{"@type":"WebSite","@id":"http:\/\/dafinoo.eu\/mirmar\/#website","url":"http:\/\/dafinoo.eu\/mirmar\/","name":"MIR-MAR","description":"Eshop s n\u00e1rad\u00edm","publisher":{"@id":"http:\/\/dafinoo.eu\/mirmar\/#organization"},"potentialAction":[{"@type":"SearchAction","target":{"@type":"EntryPoint","urlTemplate":"http:\/\/dafinoo.eu\/mirmar\/?s={search_term_string}"},"query-input":{"@type":"PropertyValueSpecification","valueRequired":true,"valueName":"search_term_string"}}],"inLanguage":"sk-SK"},{"@type":"Organization","@id":"http:\/\/dafinoo.eu\/mirmar\/#organization","name":"MIR-MAR","url":"http:\/\/dafinoo.eu\/mirmar\/","logo":{"@type":"ImageObject","inLanguage":"sk-SK","@id":"http:\/\/dafinoo.eu\/mirmar\/#\/schema\/logo\/image\/","url":"http:\/\/dafinoo.eu\/mirmar\/wp-content\/uploads\/2021\/03\/mirmar_logo.png","contentUrl":"http:\/\/dafinoo.eu\/mirmar\/wp-content\/uploads\/2021\/03\/mirmar_logo.png","width":256,"height":60,"caption":"MIR-MAR"},"image":{"@id":"http:\/\/dafinoo.eu\/mirmar\/#\/schema\/logo\/image\/"},"sameAs":["https:\/\/facebook.com\/mirmareshop"]}]}},"_links":{"self":[{"href":"http:\/\/dafinoo.eu\/mirmar\/wp-json\/wp\/v2\/product\/41167","targetHints":{"allow":["GET"]}}],"collection":[{"href":"http:\/\/dafinoo.eu\/mirmar\/wp-json\/wp\/v2\/product"}],"about":[{"href":"http:\/\/dafinoo.eu\/mirmar\/wp-json\/wp\/v2\/types\/product"}],"replies":[{"embeddable":true,"href":"http:\/\/dafinoo.eu\/mirmar\/wp-json\/wp\/v2\/comments?post=41167"}],"wp:attachment":[{"href":"http:\/\/dafinoo.eu\/mirmar\/wp-json\/wp\/v2\/media?parent=41167"}],"wp:term":[{"taxonomy":"product_cat","embeddable":true,"href":"http:\/\/dafinoo.eu\/mirmar\/wp-json\/wp\/v2\/product_cat?post=41167"},{"taxonomy":"product_tag","embeddable":true,"href":"http:\/\/dafinoo.eu\/mirmar\/wp-json\/wp\/v2\/product_tag?post=41167"}],"curies":[{"name":"wp","href":"https:\/\/api.w.org\/{rel}","templated":true}]}}