{"id":41323,"date":"2021-03-15T17:44:45","date_gmt":"2021-03-15T16:44:45","guid":{"rendered":"http:\/\/dafinoo.eu\/mirmar\/product\/makita-9207spb\/"},"modified":"2021-04-19T19:58:47","modified_gmt":"2021-04-19T17:58:47","slug":"makita-9207spb","status":"publish","type":"product","link":"http:\/\/dafinoo.eu\/mirmar\/obchod\/makita-9207spb\/","title":{"rendered":"Makita 9207SPB"},"content":{"rendered":"<div id=\"full-product-description\">\n<p>Univerz&aacute;lna uhlov&aacute; br&uacute;ska alebo le&scaron;ti\u010dka s pr&iacute;konom 710 W<\/p>\n<ul>\n<li>Prep&iacute;nanie po\u010dtu ot&aacute;\u010dok pre dve r&yacute;chlosti<\/li>\n<li>Pre \u0165a\u017ek&eacute; \u010distiace pr&aacute;ce je mo\u017enos\u0165 pou\u017eitia kefiek z oce\u013eov&eacute;ho dr&ocirc;tu<\/li>\n<li>Prevodov&aacute; hlava oto\u010dn&aacute; o 90&deg; do &scaron;tyroch pol&ocirc;h<\/li>\n<li>Dod&aacute;va sa kart&oacute;novej krabici<\/li>\n<\/ul>\n<p>Dod&aacute;van&eacute; pr&iacute;slu&scaron;enstvo:<\/p>\n<ul>\n<li>N&aacute;vlek z jah\u0148a\u010diny<\/li>\n<li>Gumen&yacute; tanier<\/li>\n<li>Pr&iacute;davn&aacute; rukov&auml;\u0165<\/li>\n<li>Up&iacute;nacia matica<\/li>\n<li>1 ks br&uacute;sny kot&uacute;\u010d<\/li>\n<li>Kol&iacute;kov&yacute; k\u013e&uacute;\u010d ve\u013e. 28<\/li>\n<li>Vidlicov&yacute; k\u013e&uacute;\u010d ve\u013e. 17<\/li>\n<li>Balen&eacute; v kart&oacute;novej krabici<\/li>\n<\/ul>\n<\/div>\n","protected":false},"excerpt":{"rendered":"<table id=\"product-parameters\" class=\"product-body__specification__params__table\">\n<tbody>\n<tr>\n<td class=\"product-body__specification__params__table__cell product-body__specification__params__table__cell--param-name\"><span id=\"param-name-3777\">Typ br&uacute;sky<\/span><\/td>\n<td class=\"product-body__specification__params__table__cell product-body__specification__params__table__cell--help\"><span id=\"help-3777\" class=\"product-body__specification__params__table__cell__help-ico js-param-help-ico\">?<\/span><\/td>\n<td class=\"product-body__specification__params__table__cell product-body__specification__params__table__cell--param-value\"><strong> <span id=\"param-value-3777\">&Uacute;hlov&eacute;<\/span> <span id=\"param-unit-3777\"><\/span> <\/strong> <a id=\"param-3777\" class=\"param-edit hide\" title=\"Navrhn&uacute;\u0165 &uacute;pravu hodnoty tohto parametra\" href=\"https:\/\/brusky.heureka.sk\/makita-9207spb\/specifikace\/#\"> opravi\u0165 <\/a><\/td>\n<\/tr>\n<tr>\n<td class=\"product-body__specification__params__table__cell product-body__specification__params__table__cell--param-name\"><span id=\"param-name-3747\">Hmotnos\u0165<\/span><\/td>\n<td class=\"product-body__specification__params__table__cell product-body__specification__params__table__cell--help\"><span id=\"help-3747\" class=\"product-body__specification__params__table__cell__help-ico js-param-help-ico\">?<\/span><\/td>\n<td class=\"product-body__specification__params__table__cell product-body__specification__params__table__cell--param-value\"><strong> <span id=\"param-value-3747\">3.4<\/span> <span id=\"param-unit-3747\"> kg<\/span> <\/strong> <a id=\"param-3747\" class=\"param-edit hide\" title=\"Navrhn&uacute;\u0165 &uacute;pravu hodnoty tohto parametra\" href=\"https:\/\/brusky.heureka.sk\/makita-9207spb\/specifikace\/#\"> opravi\u0165 <\/a><\/td>\n<\/tr>\n<tr>\n<td class=\"product-body__specification__params__table__cell product-body__specification__params__table__cell--param-name\"><span id=\"param-name-3742\">Pr&iacute;kon<\/span><\/td>\n<td class=\"product-body__specification__params__table__cell product-body__specification__params__table__cell--help\"><span id=\"help-3742\" class=\"product-body__specification__params__table__cell__help-ico js-param-help-ico\">?<\/span><\/td>\n<td class=\"product-body__specification__params__table__cell product-body__specification__params__table__cell--param-value\"><strong> <span id=\"param-value-3742\">710<\/span> <span id=\"param-unit-3742\"> W<\/span> <\/strong> <a id=\"param-3742\" class=\"param-edit hide\" title=\"Navrhn&uacute;\u0165 &uacute;pravu hodnoty tohto parametra\" href=\"https:\/\/brusky.heureka.sk\/makita-9207spb\/specifikace\/#\"> opravi\u0165 <\/a><\/td>\n<\/tr>\n<tr>\n<td class=\"product-body__specification__params__table__cell product-body__specification__params__table__cell--param-name\"><span id=\"param-name-3743\">Max. priemer kot&uacute;\u010da<\/span><\/td>\n<td class=\"product-body__specification__params__table__cell product-body__specification__params__table__cell--help\"><span id=\"help-3743\" class=\"product-body__specification__params__table__cell__help-ico js-param-help-ico\">?<\/span><\/td>\n<td class=\"product-body__specification__params__table__cell product-body__specification__params__table__cell--param-value\"><strong> <span id=\"param-value-3743\">180<\/span> <span id=\"param-unit-3743\"> mm<\/span> <\/strong> <a id=\"param-3743\" class=\"param-edit hide\" title=\"Navrhn&uacute;\u0165 &uacute;pravu hodnoty tohto parametra\" href=\"https:\/\/brusky.heureka.sk\/makita-9207spb\/specifikace\/#\"> opravi\u0165 <\/a><\/td>\n<\/tr>\n<tr>\n<td class=\"product-body__specification__params__table__cell product-body__specification__params__table__cell--param-name\" colspan=\"2\"><span id=\"param-name-12365\">Pr&iacute;davn&aacute; rukov&auml;\u0165<\/span><\/td>\n<td class=\"product-body__specification__params__table__cell product-body__specification__params__table__cell--param-value\"><strong> <span id=\"param-value-12365\">&aacute;no<\/span><\/strong><\/td>\n<\/tr>\n<\/tbody>\n<\/table>\n","protected":false},"featured_media":41324,"comment_status":"closed","ping_status":"open","template":"","meta":{"_lmt_disableupdate":"","_lmt_disable":""},"product_cat":[3051,3074,3380],"product_tag":[],"class_list":{"0":"post-41323","1":"product","2":"type-product","3":"status-publish","4":"has-post-thumbnail","6":"product_cat-makita","7":"product_cat-brusenie","8":"product_cat-lesticky-a-brusky","10":"first","11":"instock","12":"taxable","13":"shipping-taxable","14":"purchasable","15":"product-type-simple"},"yoast_head":"<!-- This site is optimized with the Yoast SEO plugin v27.3 - https:\/\/yoast.com\/product\/yoast-seo-wordpress\/ -->\n<title>Makita 9207SPB - MIR-MAR<\/title>\n<meta name=\"robots\" content=\"index, follow, max-snippet:-1, max-image-preview:large, max-video-preview:-1\" \/>\n<link rel=\"canonical\" href=\"http:\/\/dafinoo.eu\/mirmar\/obchod\/makita-9207spb\/\" \/>\n<meta property=\"og:locale\" content=\"sk_SK\" \/>\n<meta property=\"og:type\" content=\"article\" \/>\n<meta property=\"og:title\" content=\"Makita 9207SPB - MIR-MAR\" \/>\n<meta property=\"og:description\" content=\"Typ br&uacute;sky ? &Uacute;hlov&eacute;  opravi\u0165  Hmotnos\u0165 ? 3.4 kg  opravi\u0165  Pr&iacute;kon ? 710 W  opravi\u0165  Max. priemer kot&uacute;\u010da ? 180 mm  opravi\u0165  Pr&iacute;davn&aacute; rukov&auml;\u0165 &aacute;no\" \/>\n<meta property=\"og:url\" content=\"http:\/\/dafinoo.eu\/mirmar\/obchod\/makita-9207spb\/\" \/>\n<meta property=\"og:site_name\" content=\"MIR-MAR\" \/>\n<meta property=\"article:publisher\" content=\"https:\/\/facebook.com\/mirmareshop\" \/>\n<meta property=\"article:modified_time\" content=\"2021-04-19T17:58:47+00:00\" \/>\n<meta property=\"og:image\" content=\"https:\/\/i2.wp.com\/www.mirmar.sk\/wp-content\/uploads\/2021\/03\/2_2_24.jpg?fit=700%2C700&ssl=1\" \/>\n\t<meta property=\"og:image:width\" content=\"700\" \/>\n\t<meta property=\"og:image:height\" content=\"700\" \/>\n\t<meta property=\"og:image:type\" content=\"image\/jpeg\" \/>\n<meta name=\"twitter:label1\" content=\"Predpokladan\u00fd \u010das \u010d\u00edtania\" \/>\n\t<meta name=\"twitter:data1\" content=\"1 min\u00fata\" \/>\n<script type=\"application\/ld+json\" class=\"yoast-schema-graph\">{\"@context\":\"https:\\\/\\\/schema.org\",\"@graph\":[{\"@type\":\"WebPage\",\"@id\":\"http:\\\/\\\/dafinoo.eu\\\/mirmar\\\/obchod\\\/makita-9207spb\\\/\",\"url\":\"http:\\\/\\\/dafinoo.eu\\\/mirmar\\\/obchod\\\/makita-9207spb\\\/\",\"name\":\"Makita 9207SPB - MIR-MAR\",\"isPartOf\":{\"@id\":\"http:\\\/\\\/dafinoo.eu\\\/mirmar\\\/#website\"},\"primaryImageOfPage\":{\"@id\":\"http:\\\/\\\/dafinoo.eu\\\/mirmar\\\/obchod\\\/makita-9207spb\\\/#primaryimage\"},\"image\":{\"@id\":\"http:\\\/\\\/dafinoo.eu\\\/mirmar\\\/obchod\\\/makita-9207spb\\\/#primaryimage\"},\"thumbnailUrl\":\"http:\\\/\\\/dafinoo.eu\\\/mirmar\\\/wp-content\\\/uploads\\\/2021\\\/03\\\/2_2_24.jpg\",\"datePublished\":\"2021-03-15T16:44:45+00:00\",\"dateModified\":\"2021-04-19T17:58:47+00:00\",\"breadcrumb\":{\"@id\":\"http:\\\/\\\/dafinoo.eu\\\/mirmar\\\/obchod\\\/makita-9207spb\\\/#breadcrumb\"},\"inLanguage\":\"sk-SK\",\"potentialAction\":[{\"@type\":\"ReadAction\",\"target\":[\"http:\\\/\\\/dafinoo.eu\\\/mirmar\\\/obchod\\\/makita-9207spb\\\/\"]}]},{\"@type\":\"ImageObject\",\"inLanguage\":\"sk-SK\",\"@id\":\"http:\\\/\\\/dafinoo.eu\\\/mirmar\\\/obchod\\\/makita-9207spb\\\/#primaryimage\",\"url\":\"http:\\\/\\\/dafinoo.eu\\\/mirmar\\\/wp-content\\\/uploads\\\/2021\\\/03\\\/2_2_24.jpg\",\"contentUrl\":\"http:\\\/\\\/dafinoo.eu\\\/mirmar\\\/wp-content\\\/uploads\\\/2021\\\/03\\\/2_2_24.jpg\",\"width\":700,\"height\":700},{\"@type\":\"BreadcrumbList\",\"@id\":\"http:\\\/\\\/dafinoo.eu\\\/mirmar\\\/obchod\\\/makita-9207spb\\\/#breadcrumb\",\"itemListElement\":[{\"@type\":\"ListItem\",\"position\":1,\"name\":\"Domovsk\u00e1 str\u00e1nka\",\"item\":\"http:\\\/\\\/dafinoo.eu\\\/mirmar\\\/\"},{\"@type\":\"ListItem\",\"position\":2,\"name\":\"Obchod\",\"item\":\"http:\\\/\\\/dafinoo.eu\\\/mirmar\\\/obchod\\\/\"},{\"@type\":\"ListItem\",\"position\":3,\"name\":\"Makita 9207SPB\"}]},{\"@type\":\"WebSite\",\"@id\":\"http:\\\/\\\/dafinoo.eu\\\/mirmar\\\/#website\",\"url\":\"http:\\\/\\\/dafinoo.eu\\\/mirmar\\\/\",\"name\":\"MIR-MAR\",\"description\":\"Eshop s n\u00e1rad\u00edm\",\"publisher\":{\"@id\":\"http:\\\/\\\/dafinoo.eu\\\/mirmar\\\/#organization\"},\"potentialAction\":[{\"@type\":\"SearchAction\",\"target\":{\"@type\":\"EntryPoint\",\"urlTemplate\":\"http:\\\/\\\/dafinoo.eu\\\/mirmar\\\/?s={search_term_string}\"},\"query-input\":{\"@type\":\"PropertyValueSpecification\",\"valueRequired\":true,\"valueName\":\"search_term_string\"}}],\"inLanguage\":\"sk-SK\"},{\"@type\":\"Organization\",\"@id\":\"http:\\\/\\\/dafinoo.eu\\\/mirmar\\\/#organization\",\"name\":\"MIR-MAR\",\"url\":\"http:\\\/\\\/dafinoo.eu\\\/mirmar\\\/\",\"logo\":{\"@type\":\"ImageObject\",\"inLanguage\":\"sk-SK\",\"@id\":\"http:\\\/\\\/dafinoo.eu\\\/mirmar\\\/#\\\/schema\\\/logo\\\/image\\\/\",\"url\":\"http:\\\/\\\/dafinoo.eu\\\/mirmar\\\/wp-content\\\/uploads\\\/2021\\\/03\\\/mirmar_logo.png\",\"contentUrl\":\"http:\\\/\\\/dafinoo.eu\\\/mirmar\\\/wp-content\\\/uploads\\\/2021\\\/03\\\/mirmar_logo.png\",\"width\":256,\"height\":60,\"caption\":\"MIR-MAR\"},\"image\":{\"@id\":\"http:\\\/\\\/dafinoo.eu\\\/mirmar\\\/#\\\/schema\\\/logo\\\/image\\\/\"},\"sameAs\":[\"https:\\\/\\\/facebook.com\\\/mirmareshop\"]}]}<\/script>\n<!-- \/ Yoast SEO plugin. -->","yoast_head_json":{"title":"Makita 9207SPB - MIR-MAR","robots":{"index":"index","follow":"follow","max-snippet":"max-snippet:-1","max-image-preview":"max-image-preview:large","max-video-preview":"max-video-preview:-1"},"canonical":"http:\/\/dafinoo.eu\/mirmar\/obchod\/makita-9207spb\/","og_locale":"sk_SK","og_type":"article","og_title":"Makita 9207SPB - MIR-MAR","og_description":"Typ br&uacute;sky ? &Uacute;hlov&eacute;  opravi\u0165  Hmotnos\u0165 ? 3.4 kg  opravi\u0165  Pr&iacute;kon ? 710 W  opravi\u0165  Max. priemer kot&uacute;\u010da ? 180 mm  opravi\u0165  Pr&iacute;davn&aacute; rukov&auml;\u0165 &aacute;no","og_url":"http:\/\/dafinoo.eu\/mirmar\/obchod\/makita-9207spb\/","og_site_name":"MIR-MAR","article_publisher":"https:\/\/facebook.com\/mirmareshop","article_modified_time":"2021-04-19T17:58:47+00:00","og_image":[{"width":700,"height":700,"url":"https:\/\/i2.wp.com\/www.mirmar.sk\/wp-content\/uploads\/2021\/03\/2_2_24.jpg?fit=700%2C700&ssl=1","type":"image\/jpeg"}],"twitter_misc":{"Predpokladan\u00fd \u010das \u010d\u00edtania":"1 min\u00fata"},"schema":{"@context":"https:\/\/schema.org","@graph":[{"@type":"WebPage","@id":"http:\/\/dafinoo.eu\/mirmar\/obchod\/makita-9207spb\/","url":"http:\/\/dafinoo.eu\/mirmar\/obchod\/makita-9207spb\/","name":"Makita 9207SPB - MIR-MAR","isPartOf":{"@id":"http:\/\/dafinoo.eu\/mirmar\/#website"},"primaryImageOfPage":{"@id":"http:\/\/dafinoo.eu\/mirmar\/obchod\/makita-9207spb\/#primaryimage"},"image":{"@id":"http:\/\/dafinoo.eu\/mirmar\/obchod\/makita-9207spb\/#primaryimage"},"thumbnailUrl":"http:\/\/dafinoo.eu\/mirmar\/wp-content\/uploads\/2021\/03\/2_2_24.jpg","datePublished":"2021-03-15T16:44:45+00:00","dateModified":"2021-04-19T17:58:47+00:00","breadcrumb":{"@id":"http:\/\/dafinoo.eu\/mirmar\/obchod\/makita-9207spb\/#breadcrumb"},"inLanguage":"sk-SK","potentialAction":[{"@type":"ReadAction","target":["http:\/\/dafinoo.eu\/mirmar\/obchod\/makita-9207spb\/"]}]},{"@type":"ImageObject","inLanguage":"sk-SK","@id":"http:\/\/dafinoo.eu\/mirmar\/obchod\/makita-9207spb\/#primaryimage","url":"http:\/\/dafinoo.eu\/mirmar\/wp-content\/uploads\/2021\/03\/2_2_24.jpg","contentUrl":"http:\/\/dafinoo.eu\/mirmar\/wp-content\/uploads\/2021\/03\/2_2_24.jpg","width":700,"height":700},{"@type":"BreadcrumbList","@id":"http:\/\/dafinoo.eu\/mirmar\/obchod\/makita-9207spb\/#breadcrumb","itemListElement":[{"@type":"ListItem","position":1,"name":"Domovsk\u00e1 str\u00e1nka","item":"http:\/\/dafinoo.eu\/mirmar\/"},{"@type":"ListItem","position":2,"name":"Obchod","item":"http:\/\/dafinoo.eu\/mirmar\/obchod\/"},{"@type":"ListItem","position":3,"name":"Makita 9207SPB"}]},{"@type":"WebSite","@id":"http:\/\/dafinoo.eu\/mirmar\/#website","url":"http:\/\/dafinoo.eu\/mirmar\/","name":"MIR-MAR","description":"Eshop s n\u00e1rad\u00edm","publisher":{"@id":"http:\/\/dafinoo.eu\/mirmar\/#organization"},"potentialAction":[{"@type":"SearchAction","target":{"@type":"EntryPoint","urlTemplate":"http:\/\/dafinoo.eu\/mirmar\/?s={search_term_string}"},"query-input":{"@type":"PropertyValueSpecification","valueRequired":true,"valueName":"search_term_string"}}],"inLanguage":"sk-SK"},{"@type":"Organization","@id":"http:\/\/dafinoo.eu\/mirmar\/#organization","name":"MIR-MAR","url":"http:\/\/dafinoo.eu\/mirmar\/","logo":{"@type":"ImageObject","inLanguage":"sk-SK","@id":"http:\/\/dafinoo.eu\/mirmar\/#\/schema\/logo\/image\/","url":"http:\/\/dafinoo.eu\/mirmar\/wp-content\/uploads\/2021\/03\/mirmar_logo.png","contentUrl":"http:\/\/dafinoo.eu\/mirmar\/wp-content\/uploads\/2021\/03\/mirmar_logo.png","width":256,"height":60,"caption":"MIR-MAR"},"image":{"@id":"http:\/\/dafinoo.eu\/mirmar\/#\/schema\/logo\/image\/"},"sameAs":["https:\/\/facebook.com\/mirmareshop"]}]}},"_links":{"self":[{"href":"http:\/\/dafinoo.eu\/mirmar\/wp-json\/wp\/v2\/product\/41323","targetHints":{"allow":["GET"]}}],"collection":[{"href":"http:\/\/dafinoo.eu\/mirmar\/wp-json\/wp\/v2\/product"}],"about":[{"href":"http:\/\/dafinoo.eu\/mirmar\/wp-json\/wp\/v2\/types\/product"}],"replies":[{"embeddable":true,"href":"http:\/\/dafinoo.eu\/mirmar\/wp-json\/wp\/v2\/comments?post=41323"}],"wp:featuredmedia":[{"embeddable":true,"href":"http:\/\/dafinoo.eu\/mirmar\/wp-json\/wp\/v2\/media\/41324"}],"wp:attachment":[{"href":"http:\/\/dafinoo.eu\/mirmar\/wp-json\/wp\/v2\/media?parent=41323"}],"wp:term":[{"taxonomy":"product_cat","embeddable":true,"href":"http:\/\/dafinoo.eu\/mirmar\/wp-json\/wp\/v2\/product_cat?post=41323"},{"taxonomy":"product_tag","embeddable":true,"href":"http:\/\/dafinoo.eu\/mirmar\/wp-json\/wp\/v2\/product_tag?post=41323"}],"curies":[{"name":"wp","href":"https:\/\/api.w.org\/{rel}","templated":true}]}}