{"id":41353,"date":"2021-03-15T17:45:01","date_gmt":"2021-03-15T16:45:01","guid":{"rendered":"http:\/\/dafinoo.eu\/mirmar\/product\/makita-jv103dsaj\/"},"modified":"2021-04-19T19:59:01","modified_gmt":"2021-04-19T17:59:01","slug":"makita-jv103dsaj","status":"publish","type":"product","link":"http:\/\/dafinoo.eu\/mirmar\/obchod\/makita-jv103dsaj\/","title":{"rendered":"Makita JV103DSAJ"},"content":{"rendered":"<ul>\n<li>\u013dahk&yacute; a kompaktn&yacute; dizajn<\/li>\n<li>Bezn&aacute;strojov&aacute; v&yacute;mena pr&iacute;slu&scaron;enstva<\/li>\n<li>Elektronick&aacute; brzda, bezpe\u010dnostn&yacute; vyp&iacute;na\u010d<\/li>\n<li>Uchytenie pr&iacute;slu&scaron;enstva pomocou imbusov&eacute;ho k\u013e&uacute;\u010da<\/li>\n<li>Mo\u017enos\u0165 pripoji\u0165 extern&eacute; ods&aacute;vanie<\/li>\n<li>Ergonomicky tvarovan&aacute; rukov&auml;\u0165<\/li>\n<li>Mo\u017enos\u0165 pripoji\u0165 k vodiacej li&scaron;te, nutnos\u0165 dok&uacute;pi\u0165 adapt&eacute;r (Part 193517-1)<\/li>\n<li>Dod&aacute;van&eacute; s dvomi akumul&aacute;tormi, nab&iacute;ja\u010dkou a systainerom<\/li>\n<\/ul>\n","protected":false},"excerpt":{"rendered":"<p>Po\u010det &uacute;derov za min&uacute;tu 800 &#8211; 3.000 min-1<\/p>\n<p>D\u013a\u017eka kmitu 23 mm<\/p>\n<p>Nastavenie rezu 4-stup\u0148ov&yacute;<\/p>\n<p>Max. rezn&yacute; v&yacute;kon (drevo) 90 mm<\/p>\n<p>Max. V\u0155tac&iacute; v&yacute;kon (oce\u013e\/hlin&iacute;k) 10 \/ 20 mm<\/p>\n<p>Akumul&aacute;tor<\/p>\n<p>CXT 10,8 V<\/p>\n<p>Hmotnos\u0165 1,9 kg<\/p>\n<p>Rozmery (D x &Scaron; x V) 237 x 76 x 206 mm dod&aacute;van&eacute; pr&iacute;slu&scaron;enstvo: 821549-5<\/p>\n<p>MAKPAC Transportkoffer (Typ 1) 839186-1<\/p>\n<p>MAKPAC vn&uacute;tro systainera 197394-3 2x Akku BL1020B (2,0 Ah) 197355-3<\/p>\n<p>R&yacute;chlonab&iacute;ja\u010dka DC10SA 783201-2<\/p>\n<p>Inbusov&yacute; k\u013e&uacute;\u010d 3 mm<\/p>\n","protected":false},"featured_media":0,"comment_status":"closed","ping_status":"open","template":"","meta":{"_lmt_disableupdate":"","_lmt_disable":""},"product_cat":[3051,3083,3091],"product_tag":[],"class_list":{"0":"post-41353","1":"product","2":"type-product","3":"status-publish","5":"product_cat-makita","6":"product_cat-pilenie","7":"product_cat-priamociare-pily","9":"first","10":"instock","11":"taxable","12":"shipping-taxable","13":"purchasable","14":"product-type-simple"},"yoast_head":"<!-- This site is optimized with the Yoast SEO plugin v27.3 - https:\/\/yoast.com\/product\/yoast-seo-wordpress\/ -->\n<title>Makita JV103DSAJ - MIR-MAR<\/title>\n<meta name=\"robots\" content=\"index, follow, max-snippet:-1, max-image-preview:large, max-video-preview:-1\" \/>\n<link rel=\"canonical\" href=\"http:\/\/dafinoo.eu\/mirmar\/obchod\/makita-jv103dsaj\/\" \/>\n<meta property=\"og:locale\" content=\"sk_SK\" \/>\n<meta property=\"og:type\" content=\"article\" \/>\n<meta property=\"og:title\" content=\"Makita JV103DSAJ - MIR-MAR\" \/>\n<meta property=\"og:description\" content=\"Po\u010det &uacute;derov za min&uacute;tu 800 - 3.000 min-1 D\u013a\u017eka kmitu 23 mm Nastavenie rezu 4-stup\u0148ov&yacute; Max. rezn&yacute; v&yacute;kon (drevo) 90 mm Max. V\u0155tac&iacute; v&yacute;kon (oce\u013e\/hlin&iacute;k) 10 \/ 20 mm Akumul&aacute;tor CXT 10,8 V Hmotnos\u0165 1,9 kg Rozmery (D x &Scaron; x V) 237 x 76 x 206 mm dod&aacute;van&eacute; pr&iacute;slu&scaron;enstvo: 821549-5 MAKPAC Transportkoffer (Typ 1) 839186-1 MAKPAC vn&uacute;tro systainera 197394-3 2x Akku BL1020B (2,0 Ah) 197355-3 R&yacute;chlonab&iacute;ja\u010dka DC10SA 783201-2 Inbusov&yacute; k\u013e&uacute;\u010d 3 mm\" \/>\n<meta property=\"og:url\" content=\"http:\/\/dafinoo.eu\/mirmar\/obchod\/makita-jv103dsaj\/\" \/>\n<meta property=\"og:site_name\" content=\"MIR-MAR\" \/>\n<meta property=\"article:publisher\" content=\"https:\/\/facebook.com\/mirmareshop\" \/>\n<meta property=\"article:modified_time\" content=\"2021-04-19T17:59:01+00:00\" \/>\n<meta property=\"og:image\" content=\"http:\/\/dafinoo.eu\/mirmar\/wp-content\/uploads\/2021\/03\/mirmar_logo.png\" \/>\n\t<meta property=\"og:image:width\" content=\"256\" \/>\n\t<meta property=\"og:image:height\" content=\"60\" \/>\n\t<meta property=\"og:image:type\" content=\"image\/png\" \/>\n<script type=\"application\/ld+json\" class=\"yoast-schema-graph\">{\"@context\":\"https:\\\/\\\/schema.org\",\"@graph\":[{\"@type\":\"WebPage\",\"@id\":\"http:\\\/\\\/dafinoo.eu\\\/mirmar\\\/obchod\\\/makita-jv103dsaj\\\/\",\"url\":\"http:\\\/\\\/dafinoo.eu\\\/mirmar\\\/obchod\\\/makita-jv103dsaj\\\/\",\"name\":\"Makita JV103DSAJ - MIR-MAR\",\"isPartOf\":{\"@id\":\"http:\\\/\\\/dafinoo.eu\\\/mirmar\\\/#website\"},\"datePublished\":\"2021-03-15T16:45:01+00:00\",\"dateModified\":\"2021-04-19T17:59:01+00:00\",\"breadcrumb\":{\"@id\":\"http:\\\/\\\/dafinoo.eu\\\/mirmar\\\/obchod\\\/makita-jv103dsaj\\\/#breadcrumb\"},\"inLanguage\":\"sk-SK\",\"potentialAction\":[{\"@type\":\"ReadAction\",\"target\":[\"http:\\\/\\\/dafinoo.eu\\\/mirmar\\\/obchod\\\/makita-jv103dsaj\\\/\"]}]},{\"@type\":\"BreadcrumbList\",\"@id\":\"http:\\\/\\\/dafinoo.eu\\\/mirmar\\\/obchod\\\/makita-jv103dsaj\\\/#breadcrumb\",\"itemListElement\":[{\"@type\":\"ListItem\",\"position\":1,\"name\":\"Domovsk\u00e1 str\u00e1nka\",\"item\":\"http:\\\/\\\/dafinoo.eu\\\/mirmar\\\/\"},{\"@type\":\"ListItem\",\"position\":2,\"name\":\"Obchod\",\"item\":\"http:\\\/\\\/dafinoo.eu\\\/mirmar\\\/obchod\\\/\"},{\"@type\":\"ListItem\",\"position\":3,\"name\":\"Makita JV103DSAJ\"}]},{\"@type\":\"WebSite\",\"@id\":\"http:\\\/\\\/dafinoo.eu\\\/mirmar\\\/#website\",\"url\":\"http:\\\/\\\/dafinoo.eu\\\/mirmar\\\/\",\"name\":\"MIR-MAR\",\"description\":\"Eshop s n\u00e1rad\u00edm\",\"publisher\":{\"@id\":\"http:\\\/\\\/dafinoo.eu\\\/mirmar\\\/#organization\"},\"potentialAction\":[{\"@type\":\"SearchAction\",\"target\":{\"@type\":\"EntryPoint\",\"urlTemplate\":\"http:\\\/\\\/dafinoo.eu\\\/mirmar\\\/?s={search_term_string}\"},\"query-input\":{\"@type\":\"PropertyValueSpecification\",\"valueRequired\":true,\"valueName\":\"search_term_string\"}}],\"inLanguage\":\"sk-SK\"},{\"@type\":\"Organization\",\"@id\":\"http:\\\/\\\/dafinoo.eu\\\/mirmar\\\/#organization\",\"name\":\"MIR-MAR\",\"url\":\"http:\\\/\\\/dafinoo.eu\\\/mirmar\\\/\",\"logo\":{\"@type\":\"ImageObject\",\"inLanguage\":\"sk-SK\",\"@id\":\"http:\\\/\\\/dafinoo.eu\\\/mirmar\\\/#\\\/schema\\\/logo\\\/image\\\/\",\"url\":\"http:\\\/\\\/dafinoo.eu\\\/mirmar\\\/wp-content\\\/uploads\\\/2021\\\/03\\\/mirmar_logo.png\",\"contentUrl\":\"http:\\\/\\\/dafinoo.eu\\\/mirmar\\\/wp-content\\\/uploads\\\/2021\\\/03\\\/mirmar_logo.png\",\"width\":256,\"height\":60,\"caption\":\"MIR-MAR\"},\"image\":{\"@id\":\"http:\\\/\\\/dafinoo.eu\\\/mirmar\\\/#\\\/schema\\\/logo\\\/image\\\/\"},\"sameAs\":[\"https:\\\/\\\/facebook.com\\\/mirmareshop\"]}]}<\/script>\n<!-- \/ Yoast SEO plugin. -->","yoast_head_json":{"title":"Makita JV103DSAJ - MIR-MAR","robots":{"index":"index","follow":"follow","max-snippet":"max-snippet:-1","max-image-preview":"max-image-preview:large","max-video-preview":"max-video-preview:-1"},"canonical":"http:\/\/dafinoo.eu\/mirmar\/obchod\/makita-jv103dsaj\/","og_locale":"sk_SK","og_type":"article","og_title":"Makita JV103DSAJ - MIR-MAR","og_description":"Po\u010det &uacute;derov za min&uacute;tu 800 - 3.000 min-1 D\u013a\u017eka kmitu 23 mm Nastavenie rezu 4-stup\u0148ov&yacute; Max. rezn&yacute; v&yacute;kon (drevo) 90 mm Max. V\u0155tac&iacute; v&yacute;kon (oce\u013e\/hlin&iacute;k) 10 \/ 20 mm Akumul&aacute;tor CXT 10,8 V Hmotnos\u0165 1,9 kg Rozmery (D x &Scaron; x V) 237 x 76 x 206 mm dod&aacute;van&eacute; pr&iacute;slu&scaron;enstvo: 821549-5 MAKPAC Transportkoffer (Typ 1) 839186-1 MAKPAC vn&uacute;tro systainera 197394-3 2x Akku BL1020B (2,0 Ah) 197355-3 R&yacute;chlonab&iacute;ja\u010dka DC10SA 783201-2 Inbusov&yacute; k\u013e&uacute;\u010d 3 mm","og_url":"http:\/\/dafinoo.eu\/mirmar\/obchod\/makita-jv103dsaj\/","og_site_name":"MIR-MAR","article_publisher":"https:\/\/facebook.com\/mirmareshop","article_modified_time":"2021-04-19T17:59:01+00:00","og_image":[{"width":256,"height":60,"url":"http:\/\/dafinoo.eu\/mirmar\/wp-content\/uploads\/2021\/03\/mirmar_logo.png","type":"image\/png"}],"schema":{"@context":"https:\/\/schema.org","@graph":[{"@type":"WebPage","@id":"http:\/\/dafinoo.eu\/mirmar\/obchod\/makita-jv103dsaj\/","url":"http:\/\/dafinoo.eu\/mirmar\/obchod\/makita-jv103dsaj\/","name":"Makita JV103DSAJ - MIR-MAR","isPartOf":{"@id":"http:\/\/dafinoo.eu\/mirmar\/#website"},"datePublished":"2021-03-15T16:45:01+00:00","dateModified":"2021-04-19T17:59:01+00:00","breadcrumb":{"@id":"http:\/\/dafinoo.eu\/mirmar\/obchod\/makita-jv103dsaj\/#breadcrumb"},"inLanguage":"sk-SK","potentialAction":[{"@type":"ReadAction","target":["http:\/\/dafinoo.eu\/mirmar\/obchod\/makita-jv103dsaj\/"]}]},{"@type":"BreadcrumbList","@id":"http:\/\/dafinoo.eu\/mirmar\/obchod\/makita-jv103dsaj\/#breadcrumb","itemListElement":[{"@type":"ListItem","position":1,"name":"Domovsk\u00e1 str\u00e1nka","item":"http:\/\/dafinoo.eu\/mirmar\/"},{"@type":"ListItem","position":2,"name":"Obchod","item":"http:\/\/dafinoo.eu\/mirmar\/obchod\/"},{"@type":"ListItem","position":3,"name":"Makita JV103DSAJ"}]},{"@type":"WebSite","@id":"http:\/\/dafinoo.eu\/mirmar\/#website","url":"http:\/\/dafinoo.eu\/mirmar\/","name":"MIR-MAR","description":"Eshop s n\u00e1rad\u00edm","publisher":{"@id":"http:\/\/dafinoo.eu\/mirmar\/#organization"},"potentialAction":[{"@type":"SearchAction","target":{"@type":"EntryPoint","urlTemplate":"http:\/\/dafinoo.eu\/mirmar\/?s={search_term_string}"},"query-input":{"@type":"PropertyValueSpecification","valueRequired":true,"valueName":"search_term_string"}}],"inLanguage":"sk-SK"},{"@type":"Organization","@id":"http:\/\/dafinoo.eu\/mirmar\/#organization","name":"MIR-MAR","url":"http:\/\/dafinoo.eu\/mirmar\/","logo":{"@type":"ImageObject","inLanguage":"sk-SK","@id":"http:\/\/dafinoo.eu\/mirmar\/#\/schema\/logo\/image\/","url":"http:\/\/dafinoo.eu\/mirmar\/wp-content\/uploads\/2021\/03\/mirmar_logo.png","contentUrl":"http:\/\/dafinoo.eu\/mirmar\/wp-content\/uploads\/2021\/03\/mirmar_logo.png","width":256,"height":60,"caption":"MIR-MAR"},"image":{"@id":"http:\/\/dafinoo.eu\/mirmar\/#\/schema\/logo\/image\/"},"sameAs":["https:\/\/facebook.com\/mirmareshop"]}]}},"_links":{"self":[{"href":"http:\/\/dafinoo.eu\/mirmar\/wp-json\/wp\/v2\/product\/41353","targetHints":{"allow":["GET"]}}],"collection":[{"href":"http:\/\/dafinoo.eu\/mirmar\/wp-json\/wp\/v2\/product"}],"about":[{"href":"http:\/\/dafinoo.eu\/mirmar\/wp-json\/wp\/v2\/types\/product"}],"replies":[{"embeddable":true,"href":"http:\/\/dafinoo.eu\/mirmar\/wp-json\/wp\/v2\/comments?post=41353"}],"wp:attachment":[{"href":"http:\/\/dafinoo.eu\/mirmar\/wp-json\/wp\/v2\/media?parent=41353"}],"wp:term":[{"taxonomy":"product_cat","embeddable":true,"href":"http:\/\/dafinoo.eu\/mirmar\/wp-json\/wp\/v2\/product_cat?post=41353"},{"taxonomy":"product_tag","embeddable":true,"href":"http:\/\/dafinoo.eu\/mirmar\/wp-json\/wp\/v2\/product_tag?post=41353"}],"curies":[{"name":"wp","href":"https:\/\/api.w.org\/{rel}","templated":true}]}}