{"id":41408,"date":"2021-03-15T17:45:17","date_gmt":"2021-03-15T16:45:17","guid":{"rendered":"http:\/\/dafinoo.eu\/mirmar\/product\/dvc265zxu\/"},"modified":"2021-04-19T19:59:23","modified_gmt":"2021-04-19T17:59:23","slug":"dvc265zxu","status":"publish","type":"product","link":"http:\/\/dafinoo.eu\/mirmar\/obchod\/dvc265zxu\/","title":{"rendered":"Makita DVC265ZXU"},"content":{"rendered":"<p>Makita vys\u00e1va\u010d AKU 2x18V chrbtov\u00fd, DVC265ZXU<\/p>\n<p>AWS Automatick\u00fd \u0161tart vys\u00e1va\u010da<\/p>\n<p>Pou\u017eit\u00edm BL (bezuhl\u00edkov\u00fd) motora sa kapacita akumul\u00e1tora vyu\u017e\u00edva e\u0161te efekt\u00edvnej\u0161ie ako pri konven\u010dn\u00fdch elektromotoroch.<\/p>\n<p>Batohov\u00fd vys\u00e1va\u010d s a\u017e 75 min\u00fatov\u00fdm pracovn\u00fdm \u010dasom pri pou\u017eit\u00ed 2x BL1860B 6Ah &#8211; akumul\u00e1torov.<\/p>\n<p>Ve\u013emi pohodln\u00fd nosn\u00fd r\u00e1m<\/p>\n<p>Ve\u013emi jednoduch\u00e9 pou\u017eitie v\u0161ade tam, kde by bol be\u017en\u00fd vys\u00e1va\u010d, alebo je hadica pr\u00edli\u0161 kr\u00e1tka pri pr\u00e1ci na rebr\u00edku. at\u010f.<\/p>\n<p>Vrece na prach 197903-8 (10 ks),<\/p>\n<p>Trval\u00e9 filtra\u010dn\u00e9 vrecko 197899-3<\/p>\n<p>Dod\u00e1va sa bez bat\u00e9ri\u00ed a nab\u00edja\u010dky<\/p>\n","protected":false},"excerpt":{"rendered":"<table class=\"table table-striped\">\n<tbody>\n<tr>\n<td>Max. prietok vzduchu<\/td>\n<td>120 m3\/h<\/td>\n<\/tr>\n<tr>\n<td>N\u00edzky tlak<\/td>\n<td>110 mbar<\/td>\n<\/tr>\n<tr>\n<td>Nepretr\u017eit\u00e9 pou\u017eitie\/nabitie (n\u00edzke)<\/td>\n<td>75 min<\/td>\n<\/tr>\n<tr>\n<td>Nepretr\u017eit\u00e9 pou\u017eitie\/nabitie (vysok\u00e9)<\/td>\n<td>40 min<\/td>\n<\/tr>\n<tr>\n<td>Objem n\u00e1doby<\/td>\n<td>2,0 l<\/td>\n<\/tr>\n<tr>\n<td>Akumul\u00e1tor<\/td>\n<td>2x 18 V<\/td>\n<\/tr>\n<tr>\n<td>Hmotnos\u0165<\/td>\n<td>4,5 kg<\/td>\n<\/tr>\n<tr>\n<td>Rozmery (D x \u0160 x V)<\/td>\n<td>230 x 152 x 373 mm<\/td>\n<\/tr>\n<\/tbody>\n<\/table>\n","protected":false},"featured_media":41409,"comment_status":"closed","ping_status":"closed","template":"","meta":{"_lmt_disableupdate":"","_lmt_disable":""},"product_cat":[3051,3155,3141,3425],"product_tag":[],"class_list":{"0":"post-41408","1":"product","2":"type-product","3":"status-publish","4":"has-post-thumbnail","6":"product_cat-makita","7":"product_cat-vysavace","8":"product_cat-akumulatorove-naradie-makita","9":"product_cat-vysavace-2x18v","11":"first","12":"instock","13":"taxable","14":"shipping-taxable","15":"purchasable","16":"product-type-simple"},"yoast_head":"<!-- This site is optimized with the Yoast SEO plugin v27.3 - https:\/\/yoast.com\/product\/yoast-seo-wordpress\/ -->\n<title>Makita DVC265ZXU - MIR-MAR<\/title>\n<meta name=\"robots\" content=\"index, follow, max-snippet:-1, max-image-preview:large, max-video-preview:-1\" \/>\n<link rel=\"canonical\" href=\"http:\/\/dafinoo.eu\/mirmar\/obchod\/dvc265zxu\/\" \/>\n<meta property=\"og:locale\" content=\"sk_SK\" \/>\n<meta property=\"og:type\" content=\"article\" \/>\n<meta property=\"og:title\" content=\"Makita DVC265ZXU - MIR-MAR\" \/>\n<meta property=\"og:description\" content=\"Max. prietok vzduchu 120 m3\/h   N\u00edzky tlak 110 mbar   Nepretr\u017eit\u00e9 pou\u017eitie\/nabitie (n\u00edzke) 75 min   Nepretr\u017eit\u00e9 pou\u017eitie\/nabitie (vysok\u00e9) 40 min   Objem n\u00e1doby 2,0 l   Akumul\u00e1tor 2x 18 V   Hmotnos\u0165 4,5 kg   Rozmery (D x \u0160 x V) 230 x 152 x 373 mm\" \/>\n<meta property=\"og:url\" content=\"http:\/\/dafinoo.eu\/mirmar\/obchod\/dvc265zxu\/\" \/>\n<meta property=\"og:site_name\" content=\"MIR-MAR\" \/>\n<meta property=\"article:publisher\" content=\"https:\/\/facebook.com\/mirmareshop\" \/>\n<meta property=\"article:modified_time\" content=\"2021-04-19T17:59:23+00:00\" \/>\n<meta property=\"og:image\" content=\"https:\/\/i2.wp.com\/www.mirmar.sk\/wp-content\/uploads\/2021\/03\/18_1_2.jpg?fit=640%2C640&ssl=1\" \/>\n\t<meta property=\"og:image:width\" content=\"640\" \/>\n\t<meta property=\"og:image:height\" content=\"640\" \/>\n\t<meta property=\"og:image:type\" content=\"image\/jpeg\" \/>\n<meta name=\"twitter:label1\" content=\"Predpokladan\u00fd \u010das \u010d\u00edtania\" \/>\n\t<meta name=\"twitter:data1\" content=\"1 min\u00fata\" \/>\n<script type=\"application\/ld+json\" class=\"yoast-schema-graph\">{\"@context\":\"https:\\\/\\\/schema.org\",\"@graph\":[{\"@type\":\"WebPage\",\"@id\":\"http:\\\/\\\/dafinoo.eu\\\/mirmar\\\/obchod\\\/dvc265zxu\\\/\",\"url\":\"http:\\\/\\\/dafinoo.eu\\\/mirmar\\\/obchod\\\/dvc265zxu\\\/\",\"name\":\"Makita DVC265ZXU - MIR-MAR\",\"isPartOf\":{\"@id\":\"http:\\\/\\\/dafinoo.eu\\\/mirmar\\\/#website\"},\"primaryImageOfPage\":{\"@id\":\"http:\\\/\\\/dafinoo.eu\\\/mirmar\\\/obchod\\\/dvc265zxu\\\/#primaryimage\"},\"image\":{\"@id\":\"http:\\\/\\\/dafinoo.eu\\\/mirmar\\\/obchod\\\/dvc265zxu\\\/#primaryimage\"},\"thumbnailUrl\":\"http:\\\/\\\/dafinoo.eu\\\/mirmar\\\/wp-content\\\/uploads\\\/2021\\\/03\\\/18_1_2.jpg\",\"datePublished\":\"2021-03-15T16:45:17+00:00\",\"dateModified\":\"2021-04-19T17:59:23+00:00\",\"breadcrumb\":{\"@id\":\"http:\\\/\\\/dafinoo.eu\\\/mirmar\\\/obchod\\\/dvc265zxu\\\/#breadcrumb\"},\"inLanguage\":\"sk-SK\",\"potentialAction\":[{\"@type\":\"ReadAction\",\"target\":[\"http:\\\/\\\/dafinoo.eu\\\/mirmar\\\/obchod\\\/dvc265zxu\\\/\"]}]},{\"@type\":\"ImageObject\",\"inLanguage\":\"sk-SK\",\"@id\":\"http:\\\/\\\/dafinoo.eu\\\/mirmar\\\/obchod\\\/dvc265zxu\\\/#primaryimage\",\"url\":\"http:\\\/\\\/dafinoo.eu\\\/mirmar\\\/wp-content\\\/uploads\\\/2021\\\/03\\\/18_1_2.jpg\",\"contentUrl\":\"http:\\\/\\\/dafinoo.eu\\\/mirmar\\\/wp-content\\\/uploads\\\/2021\\\/03\\\/18_1_2.jpg\",\"width\":640,\"height\":640},{\"@type\":\"BreadcrumbList\",\"@id\":\"http:\\\/\\\/dafinoo.eu\\\/mirmar\\\/obchod\\\/dvc265zxu\\\/#breadcrumb\",\"itemListElement\":[{\"@type\":\"ListItem\",\"position\":1,\"name\":\"Domovsk\u00e1 str\u00e1nka\",\"item\":\"http:\\\/\\\/dafinoo.eu\\\/mirmar\\\/\"},{\"@type\":\"ListItem\",\"position\":2,\"name\":\"Obchod\",\"item\":\"http:\\\/\\\/dafinoo.eu\\\/mirmar\\\/obchod\\\/\"},{\"@type\":\"ListItem\",\"position\":3,\"name\":\"Makita DVC265ZXU\"}]},{\"@type\":\"WebSite\",\"@id\":\"http:\\\/\\\/dafinoo.eu\\\/mirmar\\\/#website\",\"url\":\"http:\\\/\\\/dafinoo.eu\\\/mirmar\\\/\",\"name\":\"MIR-MAR\",\"description\":\"Eshop s n\u00e1rad\u00edm\",\"publisher\":{\"@id\":\"http:\\\/\\\/dafinoo.eu\\\/mirmar\\\/#organization\"},\"potentialAction\":[{\"@type\":\"SearchAction\",\"target\":{\"@type\":\"EntryPoint\",\"urlTemplate\":\"http:\\\/\\\/dafinoo.eu\\\/mirmar\\\/?s={search_term_string}\"},\"query-input\":{\"@type\":\"PropertyValueSpecification\",\"valueRequired\":true,\"valueName\":\"search_term_string\"}}],\"inLanguage\":\"sk-SK\"},{\"@type\":\"Organization\",\"@id\":\"http:\\\/\\\/dafinoo.eu\\\/mirmar\\\/#organization\",\"name\":\"MIR-MAR\",\"url\":\"http:\\\/\\\/dafinoo.eu\\\/mirmar\\\/\",\"logo\":{\"@type\":\"ImageObject\",\"inLanguage\":\"sk-SK\",\"@id\":\"http:\\\/\\\/dafinoo.eu\\\/mirmar\\\/#\\\/schema\\\/logo\\\/image\\\/\",\"url\":\"http:\\\/\\\/dafinoo.eu\\\/mirmar\\\/wp-content\\\/uploads\\\/2021\\\/03\\\/mirmar_logo.png\",\"contentUrl\":\"http:\\\/\\\/dafinoo.eu\\\/mirmar\\\/wp-content\\\/uploads\\\/2021\\\/03\\\/mirmar_logo.png\",\"width\":256,\"height\":60,\"caption\":\"MIR-MAR\"},\"image\":{\"@id\":\"http:\\\/\\\/dafinoo.eu\\\/mirmar\\\/#\\\/schema\\\/logo\\\/image\\\/\"},\"sameAs\":[\"https:\\\/\\\/facebook.com\\\/mirmareshop\"]}]}<\/script>\n<!-- \/ Yoast SEO plugin. -->","yoast_head_json":{"title":"Makita DVC265ZXU - MIR-MAR","robots":{"index":"index","follow":"follow","max-snippet":"max-snippet:-1","max-image-preview":"max-image-preview:large","max-video-preview":"max-video-preview:-1"},"canonical":"http:\/\/dafinoo.eu\/mirmar\/obchod\/dvc265zxu\/","og_locale":"sk_SK","og_type":"article","og_title":"Makita DVC265ZXU - MIR-MAR","og_description":"Max. prietok vzduchu 120 m3\/h   N\u00edzky tlak 110 mbar   Nepretr\u017eit\u00e9 pou\u017eitie\/nabitie (n\u00edzke) 75 min   Nepretr\u017eit\u00e9 pou\u017eitie\/nabitie (vysok\u00e9) 40 min   Objem n\u00e1doby 2,0 l   Akumul\u00e1tor 2x 18 V   Hmotnos\u0165 4,5 kg   Rozmery (D x \u0160 x V) 230 x 152 x 373 mm","og_url":"http:\/\/dafinoo.eu\/mirmar\/obchod\/dvc265zxu\/","og_site_name":"MIR-MAR","article_publisher":"https:\/\/facebook.com\/mirmareshop","article_modified_time":"2021-04-19T17:59:23+00:00","og_image":[{"width":640,"height":640,"url":"https:\/\/i2.wp.com\/www.mirmar.sk\/wp-content\/uploads\/2021\/03\/18_1_2.jpg?fit=640%2C640&ssl=1","type":"image\/jpeg"}],"twitter_misc":{"Predpokladan\u00fd \u010das \u010d\u00edtania":"1 min\u00fata"},"schema":{"@context":"https:\/\/schema.org","@graph":[{"@type":"WebPage","@id":"http:\/\/dafinoo.eu\/mirmar\/obchod\/dvc265zxu\/","url":"http:\/\/dafinoo.eu\/mirmar\/obchod\/dvc265zxu\/","name":"Makita DVC265ZXU - MIR-MAR","isPartOf":{"@id":"http:\/\/dafinoo.eu\/mirmar\/#website"},"primaryImageOfPage":{"@id":"http:\/\/dafinoo.eu\/mirmar\/obchod\/dvc265zxu\/#primaryimage"},"image":{"@id":"http:\/\/dafinoo.eu\/mirmar\/obchod\/dvc265zxu\/#primaryimage"},"thumbnailUrl":"http:\/\/dafinoo.eu\/mirmar\/wp-content\/uploads\/2021\/03\/18_1_2.jpg","datePublished":"2021-03-15T16:45:17+00:00","dateModified":"2021-04-19T17:59:23+00:00","breadcrumb":{"@id":"http:\/\/dafinoo.eu\/mirmar\/obchod\/dvc265zxu\/#breadcrumb"},"inLanguage":"sk-SK","potentialAction":[{"@type":"ReadAction","target":["http:\/\/dafinoo.eu\/mirmar\/obchod\/dvc265zxu\/"]}]},{"@type":"ImageObject","inLanguage":"sk-SK","@id":"http:\/\/dafinoo.eu\/mirmar\/obchod\/dvc265zxu\/#primaryimage","url":"http:\/\/dafinoo.eu\/mirmar\/wp-content\/uploads\/2021\/03\/18_1_2.jpg","contentUrl":"http:\/\/dafinoo.eu\/mirmar\/wp-content\/uploads\/2021\/03\/18_1_2.jpg","width":640,"height":640},{"@type":"BreadcrumbList","@id":"http:\/\/dafinoo.eu\/mirmar\/obchod\/dvc265zxu\/#breadcrumb","itemListElement":[{"@type":"ListItem","position":1,"name":"Domovsk\u00e1 str\u00e1nka","item":"http:\/\/dafinoo.eu\/mirmar\/"},{"@type":"ListItem","position":2,"name":"Obchod","item":"http:\/\/dafinoo.eu\/mirmar\/obchod\/"},{"@type":"ListItem","position":3,"name":"Makita DVC265ZXU"}]},{"@type":"WebSite","@id":"http:\/\/dafinoo.eu\/mirmar\/#website","url":"http:\/\/dafinoo.eu\/mirmar\/","name":"MIR-MAR","description":"Eshop s n\u00e1rad\u00edm","publisher":{"@id":"http:\/\/dafinoo.eu\/mirmar\/#organization"},"potentialAction":[{"@type":"SearchAction","target":{"@type":"EntryPoint","urlTemplate":"http:\/\/dafinoo.eu\/mirmar\/?s={search_term_string}"},"query-input":{"@type":"PropertyValueSpecification","valueRequired":true,"valueName":"search_term_string"}}],"inLanguage":"sk-SK"},{"@type":"Organization","@id":"http:\/\/dafinoo.eu\/mirmar\/#organization","name":"MIR-MAR","url":"http:\/\/dafinoo.eu\/mirmar\/","logo":{"@type":"ImageObject","inLanguage":"sk-SK","@id":"http:\/\/dafinoo.eu\/mirmar\/#\/schema\/logo\/image\/","url":"http:\/\/dafinoo.eu\/mirmar\/wp-content\/uploads\/2021\/03\/mirmar_logo.png","contentUrl":"http:\/\/dafinoo.eu\/mirmar\/wp-content\/uploads\/2021\/03\/mirmar_logo.png","width":256,"height":60,"caption":"MIR-MAR"},"image":{"@id":"http:\/\/dafinoo.eu\/mirmar\/#\/schema\/logo\/image\/"},"sameAs":["https:\/\/facebook.com\/mirmareshop"]}]}},"_links":{"self":[{"href":"http:\/\/dafinoo.eu\/mirmar\/wp-json\/wp\/v2\/product\/41408","targetHints":{"allow":["GET"]}}],"collection":[{"href":"http:\/\/dafinoo.eu\/mirmar\/wp-json\/wp\/v2\/product"}],"about":[{"href":"http:\/\/dafinoo.eu\/mirmar\/wp-json\/wp\/v2\/types\/product"}],"replies":[{"embeddable":true,"href":"http:\/\/dafinoo.eu\/mirmar\/wp-json\/wp\/v2\/comments?post=41408"}],"wp:featuredmedia":[{"embeddable":true,"href":"http:\/\/dafinoo.eu\/mirmar\/wp-json\/wp\/v2\/media\/41409"}],"wp:attachment":[{"href":"http:\/\/dafinoo.eu\/mirmar\/wp-json\/wp\/v2\/media?parent=41408"}],"wp:term":[{"taxonomy":"product_cat","embeddable":true,"href":"http:\/\/dafinoo.eu\/mirmar\/wp-json\/wp\/v2\/product_cat?post=41408"},{"taxonomy":"product_tag","embeddable":true,"href":"http:\/\/dafinoo.eu\/mirmar\/wp-json\/wp\/v2\/product_tag?post=41408"}],"curies":[{"name":"wp","href":"https:\/\/api.w.org\/{rel}","templated":true}]}}