{"id":41424,"date":"2021-03-15T17:45:34","date_gmt":"2021-03-15T16:45:34","guid":{"rendered":"http:\/\/dafinoo.eu\/mirmar\/product\/dmr202\/"},"modified":"2021-08-19T11:38:36","modified_gmt":"2021-08-19T09:38:36","slug":"dmr202","status":"publish","type":"product","link":"http:\/\/dafinoo.eu\/mirmar\/obchod\/dmr202\/","title":{"rendered":"Makita DMR202"},"content":{"rendered":"<ul class=\"list-icon mb-4\">\n<li>Vybaven&yacute; technol&oacute;giou Bluetooth 4.0 na bezdr&ocirc;tov&eacute; prij&iacute;manie hudby z mobiln&yacute;ch zariaden&iacute;<\/li>\n<li>Vhodn&eacute; na prehr&aacute;vanie hudby (form&aacute;ty: MP3 \/ WMA \/ AAC) z USB k\u013e&uacute;\u010da<\/li>\n<li>V&yacute;stup USB na nab&iacute;janie r&ocirc;znych zariaden&iacute;, ako s&uacute; smartphony a tablety (DC 5 V \/ 2,1 A)<\/li>\n<li>IP64 testovan&eacute; \/ chr&aacute;nen&eacute; proti prachu a striekaj&uacute;cej vode<\/li>\n<li>Kompatibilita akumul&aacute;torov Litium &ndash; ion 12V max CXT \/ 18V (s v&yacute;nimkou bat&eacute;ri&iacute; s&eacute;rie G)<\/li>\n<li>Odkladac&iacute; priestor pre mobiln&eacute; telef&oacute;ny<\/li>\n<li>Vstup 3,5 mm AUX<\/li>\n<li>Elastick&aacute; ochrana proti n&aacute;razom<\/li>\n<li>Proti&scaron;mykov&eacute; dr\u017eadlo je mo\u017en&eacute; oto\u010di\u0165 o 90&deg;<\/li>\n<li>101,3 mm basov&yacute; reproduktor a 36 mm v&yacute;&scaron;kov&yacute; reproduktor zaru\u010duj&uacute; vynikaj&uacute;ci zvukov&yacute; z&aacute;\u017eitok<\/li>\n<li>Maxim&aacute;lny v&yacute;stupn&yacute; v&yacute;kon: 10,8V \/ 12V max: 3W; 14,4 V: 6 W; 18V: 10W, AC: 3W<\/li>\n<li>Dod&aacute;van&eacute; bez bat&eacute;rie a nab&iacute;ja\u010dky<\/li>\n<\/ul>\n","protected":false},"excerpt":{"rendered":"<p>Vybaven&yacute; technol&oacute;giou Bluetooth 4.0 na bezdr&ocirc;tov&eacute; prij&iacute;manie hudby z mobiln&yacute;ch zariaden&iacute; Vhodn&eacute; na prehr&aacute;vanie hudby (form&aacute;ty: MP3 \/ WMA \/ AAC) z USB k\u013e&uacute;\u010da V&yacute;stup USB na nab&iacute;janie r&ocirc;znych zariaden&iacute;, ako s&uacute; smartphony a tablety (DC 5 V \/ 2,1 A) IP64 testovan&eacute; \/ chr&aacute;nen&eacute; proti prachu a striekaj&uacute;cej vode Kompatibilita akumul&aacute;torov Litium &ndash; ion [&hellip;]<\/p>\n","protected":false},"featured_media":41425,"comment_status":"closed","ping_status":"open","template":"","meta":{"_lmt_disableupdate":"","_lmt_disable":""},"product_cat":[3051,3157,3141],"product_tag":[],"class_list":{"0":"post-41424","1":"product","2":"type-product","3":"status-publish","4":"has-post-thumbnail","6":"product_cat-makita","7":"product_cat-radia-akumulatorove-naradie-makita","8":"product_cat-akumulatorove-naradie-makita","10":"first","11":"instock","12":"taxable","13":"shipping-taxable","14":"purchasable","15":"product-type-simple"},"yoast_head":"<!-- This site is optimized with the Yoast SEO plugin v27.3 - https:\/\/yoast.com\/product\/yoast-seo-wordpress\/ -->\n<title>Makita DMR202 - MIR-MAR<\/title>\n<meta name=\"robots\" content=\"index, follow, max-snippet:-1, max-image-preview:large, max-video-preview:-1\" \/>\n<link rel=\"canonical\" href=\"http:\/\/dafinoo.eu\/mirmar\/obchod\/dmr202\/\" \/>\n<meta property=\"og:locale\" content=\"sk_SK\" \/>\n<meta property=\"og:type\" content=\"article\" \/>\n<meta property=\"og:title\" content=\"Makita DMR202 - MIR-MAR\" \/>\n<meta property=\"og:description\" content=\"Vybaven&yacute; technol&oacute;giou Bluetooth 4.0 na bezdr&ocirc;tov&eacute; prij&iacute;manie hudby z mobiln&yacute;ch zariaden&iacute; Vhodn&eacute; na prehr&aacute;vanie hudby (form&aacute;ty: MP3 \/ WMA \/ AAC) z USB k\u013e&uacute;\u010da V&yacute;stup USB na nab&iacute;janie r&ocirc;znych zariaden&iacute;, ako s&uacute; smartphony a tablety (DC 5 V \/ 2,1 A) IP64 testovan&eacute; \/ chr&aacute;nen&eacute; proti prachu a striekaj&uacute;cej vode Kompatibilita akumul&aacute;torov Litium &ndash; ion [&hellip;]\" \/>\n<meta property=\"og:url\" content=\"http:\/\/dafinoo.eu\/mirmar\/obchod\/dmr202\/\" \/>\n<meta property=\"og:site_name\" content=\"MIR-MAR\" \/>\n<meta property=\"article:publisher\" content=\"https:\/\/facebook.com\/mirmareshop\" \/>\n<meta property=\"article:modified_time\" content=\"2021-08-19T09:38:36+00:00\" \/>\n<meta property=\"og:image\" content=\"https:\/\/i2.wp.com\/www.mirmar.sk\/wp-content\/uploads\/2021\/03\/6_2_24.jpg?fit=640%2C640&ssl=1\" \/>\n\t<meta property=\"og:image:width\" content=\"640\" \/>\n\t<meta property=\"og:image:height\" content=\"640\" \/>\n\t<meta property=\"og:image:type\" content=\"image\/jpeg\" \/>\n<meta name=\"twitter:label1\" content=\"Predpokladan\u00fd \u010das \u010d\u00edtania\" \/>\n\t<meta name=\"twitter:data1\" content=\"1 min\u00fata\" \/>\n<script type=\"application\/ld+json\" class=\"yoast-schema-graph\">{\"@context\":\"https:\\\/\\\/schema.org\",\"@graph\":[{\"@type\":\"WebPage\",\"@id\":\"http:\\\/\\\/dafinoo.eu\\\/mirmar\\\/obchod\\\/dmr202\\\/\",\"url\":\"http:\\\/\\\/dafinoo.eu\\\/mirmar\\\/obchod\\\/dmr202\\\/\",\"name\":\"Makita DMR202 - MIR-MAR\",\"isPartOf\":{\"@id\":\"http:\\\/\\\/dafinoo.eu\\\/mirmar\\\/#website\"},\"primaryImageOfPage\":{\"@id\":\"http:\\\/\\\/dafinoo.eu\\\/mirmar\\\/obchod\\\/dmr202\\\/#primaryimage\"},\"image\":{\"@id\":\"http:\\\/\\\/dafinoo.eu\\\/mirmar\\\/obchod\\\/dmr202\\\/#primaryimage\"},\"thumbnailUrl\":\"http:\\\/\\\/dafinoo.eu\\\/mirmar\\\/wp-content\\\/uploads\\\/2021\\\/03\\\/6_2_24.jpg\",\"datePublished\":\"2021-03-15T16:45:34+00:00\",\"dateModified\":\"2021-08-19T09:38:36+00:00\",\"breadcrumb\":{\"@id\":\"http:\\\/\\\/dafinoo.eu\\\/mirmar\\\/obchod\\\/dmr202\\\/#breadcrumb\"},\"inLanguage\":\"sk-SK\",\"potentialAction\":[{\"@type\":\"ReadAction\",\"target\":[\"http:\\\/\\\/dafinoo.eu\\\/mirmar\\\/obchod\\\/dmr202\\\/\"]}]},{\"@type\":\"ImageObject\",\"inLanguage\":\"sk-SK\",\"@id\":\"http:\\\/\\\/dafinoo.eu\\\/mirmar\\\/obchod\\\/dmr202\\\/#primaryimage\",\"url\":\"http:\\\/\\\/dafinoo.eu\\\/mirmar\\\/wp-content\\\/uploads\\\/2021\\\/03\\\/6_2_24.jpg\",\"contentUrl\":\"http:\\\/\\\/dafinoo.eu\\\/mirmar\\\/wp-content\\\/uploads\\\/2021\\\/03\\\/6_2_24.jpg\",\"width\":640,\"height\":640},{\"@type\":\"BreadcrumbList\",\"@id\":\"http:\\\/\\\/dafinoo.eu\\\/mirmar\\\/obchod\\\/dmr202\\\/#breadcrumb\",\"itemListElement\":[{\"@type\":\"ListItem\",\"position\":1,\"name\":\"Domovsk\u00e1 str\u00e1nka\",\"item\":\"http:\\\/\\\/dafinoo.eu\\\/mirmar\\\/\"},{\"@type\":\"ListItem\",\"position\":2,\"name\":\"Obchod\",\"item\":\"http:\\\/\\\/dafinoo.eu\\\/mirmar\\\/obchod\\\/\"},{\"@type\":\"ListItem\",\"position\":3,\"name\":\"Makita DMR202\"}]},{\"@type\":\"WebSite\",\"@id\":\"http:\\\/\\\/dafinoo.eu\\\/mirmar\\\/#website\",\"url\":\"http:\\\/\\\/dafinoo.eu\\\/mirmar\\\/\",\"name\":\"MIR-MAR\",\"description\":\"Eshop s n\u00e1rad\u00edm\",\"publisher\":{\"@id\":\"http:\\\/\\\/dafinoo.eu\\\/mirmar\\\/#organization\"},\"potentialAction\":[{\"@type\":\"SearchAction\",\"target\":{\"@type\":\"EntryPoint\",\"urlTemplate\":\"http:\\\/\\\/dafinoo.eu\\\/mirmar\\\/?s={search_term_string}\"},\"query-input\":{\"@type\":\"PropertyValueSpecification\",\"valueRequired\":true,\"valueName\":\"search_term_string\"}}],\"inLanguage\":\"sk-SK\"},{\"@type\":\"Organization\",\"@id\":\"http:\\\/\\\/dafinoo.eu\\\/mirmar\\\/#organization\",\"name\":\"MIR-MAR\",\"url\":\"http:\\\/\\\/dafinoo.eu\\\/mirmar\\\/\",\"logo\":{\"@type\":\"ImageObject\",\"inLanguage\":\"sk-SK\",\"@id\":\"http:\\\/\\\/dafinoo.eu\\\/mirmar\\\/#\\\/schema\\\/logo\\\/image\\\/\",\"url\":\"http:\\\/\\\/dafinoo.eu\\\/mirmar\\\/wp-content\\\/uploads\\\/2021\\\/03\\\/mirmar_logo.png\",\"contentUrl\":\"http:\\\/\\\/dafinoo.eu\\\/mirmar\\\/wp-content\\\/uploads\\\/2021\\\/03\\\/mirmar_logo.png\",\"width\":256,\"height\":60,\"caption\":\"MIR-MAR\"},\"image\":{\"@id\":\"http:\\\/\\\/dafinoo.eu\\\/mirmar\\\/#\\\/schema\\\/logo\\\/image\\\/\"},\"sameAs\":[\"https:\\\/\\\/facebook.com\\\/mirmareshop\"]}]}<\/script>\n<!-- \/ Yoast SEO plugin. -->","yoast_head_json":{"title":"Makita DMR202 - MIR-MAR","robots":{"index":"index","follow":"follow","max-snippet":"max-snippet:-1","max-image-preview":"max-image-preview:large","max-video-preview":"max-video-preview:-1"},"canonical":"http:\/\/dafinoo.eu\/mirmar\/obchod\/dmr202\/","og_locale":"sk_SK","og_type":"article","og_title":"Makita DMR202 - MIR-MAR","og_description":"Vybaven&yacute; technol&oacute;giou Bluetooth 4.0 na bezdr&ocirc;tov&eacute; prij&iacute;manie hudby z mobiln&yacute;ch zariaden&iacute; Vhodn&eacute; na prehr&aacute;vanie hudby (form&aacute;ty: MP3 \/ WMA \/ AAC) z USB k\u013e&uacute;\u010da V&yacute;stup USB na nab&iacute;janie r&ocirc;znych zariaden&iacute;, ako s&uacute; smartphony a tablety (DC 5 V \/ 2,1 A) IP64 testovan&eacute; \/ chr&aacute;nen&eacute; proti prachu a striekaj&uacute;cej vode Kompatibilita akumul&aacute;torov Litium &ndash; ion [&hellip;]","og_url":"http:\/\/dafinoo.eu\/mirmar\/obchod\/dmr202\/","og_site_name":"MIR-MAR","article_publisher":"https:\/\/facebook.com\/mirmareshop","article_modified_time":"2021-08-19T09:38:36+00:00","og_image":[{"width":640,"height":640,"url":"https:\/\/i2.wp.com\/www.mirmar.sk\/wp-content\/uploads\/2021\/03\/6_2_24.jpg?fit=640%2C640&ssl=1","type":"image\/jpeg"}],"twitter_misc":{"Predpokladan\u00fd \u010das \u010d\u00edtania":"1 min\u00fata"},"schema":{"@context":"https:\/\/schema.org","@graph":[{"@type":"WebPage","@id":"http:\/\/dafinoo.eu\/mirmar\/obchod\/dmr202\/","url":"http:\/\/dafinoo.eu\/mirmar\/obchod\/dmr202\/","name":"Makita DMR202 - MIR-MAR","isPartOf":{"@id":"http:\/\/dafinoo.eu\/mirmar\/#website"},"primaryImageOfPage":{"@id":"http:\/\/dafinoo.eu\/mirmar\/obchod\/dmr202\/#primaryimage"},"image":{"@id":"http:\/\/dafinoo.eu\/mirmar\/obchod\/dmr202\/#primaryimage"},"thumbnailUrl":"http:\/\/dafinoo.eu\/mirmar\/wp-content\/uploads\/2021\/03\/6_2_24.jpg","datePublished":"2021-03-15T16:45:34+00:00","dateModified":"2021-08-19T09:38:36+00:00","breadcrumb":{"@id":"http:\/\/dafinoo.eu\/mirmar\/obchod\/dmr202\/#breadcrumb"},"inLanguage":"sk-SK","potentialAction":[{"@type":"ReadAction","target":["http:\/\/dafinoo.eu\/mirmar\/obchod\/dmr202\/"]}]},{"@type":"ImageObject","inLanguage":"sk-SK","@id":"http:\/\/dafinoo.eu\/mirmar\/obchod\/dmr202\/#primaryimage","url":"http:\/\/dafinoo.eu\/mirmar\/wp-content\/uploads\/2021\/03\/6_2_24.jpg","contentUrl":"http:\/\/dafinoo.eu\/mirmar\/wp-content\/uploads\/2021\/03\/6_2_24.jpg","width":640,"height":640},{"@type":"BreadcrumbList","@id":"http:\/\/dafinoo.eu\/mirmar\/obchod\/dmr202\/#breadcrumb","itemListElement":[{"@type":"ListItem","position":1,"name":"Domovsk\u00e1 str\u00e1nka","item":"http:\/\/dafinoo.eu\/mirmar\/"},{"@type":"ListItem","position":2,"name":"Obchod","item":"http:\/\/dafinoo.eu\/mirmar\/obchod\/"},{"@type":"ListItem","position":3,"name":"Makita DMR202"}]},{"@type":"WebSite","@id":"http:\/\/dafinoo.eu\/mirmar\/#website","url":"http:\/\/dafinoo.eu\/mirmar\/","name":"MIR-MAR","description":"Eshop s n\u00e1rad\u00edm","publisher":{"@id":"http:\/\/dafinoo.eu\/mirmar\/#organization"},"potentialAction":[{"@type":"SearchAction","target":{"@type":"EntryPoint","urlTemplate":"http:\/\/dafinoo.eu\/mirmar\/?s={search_term_string}"},"query-input":{"@type":"PropertyValueSpecification","valueRequired":true,"valueName":"search_term_string"}}],"inLanguage":"sk-SK"},{"@type":"Organization","@id":"http:\/\/dafinoo.eu\/mirmar\/#organization","name":"MIR-MAR","url":"http:\/\/dafinoo.eu\/mirmar\/","logo":{"@type":"ImageObject","inLanguage":"sk-SK","@id":"http:\/\/dafinoo.eu\/mirmar\/#\/schema\/logo\/image\/","url":"http:\/\/dafinoo.eu\/mirmar\/wp-content\/uploads\/2021\/03\/mirmar_logo.png","contentUrl":"http:\/\/dafinoo.eu\/mirmar\/wp-content\/uploads\/2021\/03\/mirmar_logo.png","width":256,"height":60,"caption":"MIR-MAR"},"image":{"@id":"http:\/\/dafinoo.eu\/mirmar\/#\/schema\/logo\/image\/"},"sameAs":["https:\/\/facebook.com\/mirmareshop"]}]}},"_links":{"self":[{"href":"http:\/\/dafinoo.eu\/mirmar\/wp-json\/wp\/v2\/product\/41424","targetHints":{"allow":["GET"]}}],"collection":[{"href":"http:\/\/dafinoo.eu\/mirmar\/wp-json\/wp\/v2\/product"}],"about":[{"href":"http:\/\/dafinoo.eu\/mirmar\/wp-json\/wp\/v2\/types\/product"}],"replies":[{"embeddable":true,"href":"http:\/\/dafinoo.eu\/mirmar\/wp-json\/wp\/v2\/comments?post=41424"}],"wp:featuredmedia":[{"embeddable":true,"href":"http:\/\/dafinoo.eu\/mirmar\/wp-json\/wp\/v2\/media\/41425"}],"wp:attachment":[{"href":"http:\/\/dafinoo.eu\/mirmar\/wp-json\/wp\/v2\/media?parent=41424"}],"wp:term":[{"taxonomy":"product_cat","embeddable":true,"href":"http:\/\/dafinoo.eu\/mirmar\/wp-json\/wp\/v2\/product_cat?post=41424"},{"taxonomy":"product_tag","embeddable":true,"href":"http:\/\/dafinoo.eu\/mirmar\/wp-json\/wp\/v2\/product_tag?post=41424"}],"curies":[{"name":"wp","href":"https:\/\/api.w.org\/{rel}","templated":true}]}}