{"id":41644,"date":"2021-03-15T17:46:54","date_gmt":"2021-03-15T16:46:54","guid":{"rendered":"http:\/\/dafinoo.eu\/mirmar\/product\/makita-laser-sk106dz\/"},"modified":"2021-04-19T20:00:13","modified_gmt":"2021-04-19T18:00:13","slug":"makita-laser-sk106dz","status":"publish","type":"product","link":"http:\/\/dafinoo.eu\/mirmar\/obchod\/makita-laser-sk106dz\/","title":{"rendered":"Makita LASER SK106DZ"},"content":{"rendered":"<ul class=\"list-icon mb-4\">\n<li>Kr&iacute;\u017eov&yacute; laser nap&aacute;jan&yacute; bat&eacute;riou 10,8 V (max. 12 V)<\/li>\n<li><strong>XPT technol&oacute;gia &#8211; zv&yacute;&scaron;en&aacute; odolnos\u0165 proti prachu a vlhkosti<\/strong><\/li>\n<li><strong>Technol&oacute;gia CXT &#8211; Compact Extreme Technology<\/strong><\/li>\n<li>3 re\u017eimy v&yacute;beru laserov&eacute;ho l&uacute;\u010da (prep&iacute;nanie pomocou prep&iacute;na\u010da):<br \/>&#8211; vodorovn&aacute; \/ zvisl&aacute; \u010diara + z\u013eava \/ doprava \/ hore \/ dole (4 body)<br \/>&#8211; vodorovn&aacute; \u010diara + \u013eav&aacute; \/ prav&aacute; (2 body)<br \/>&#8211; zvisl&aacute; \u010diara + hore \/ dole (2 body) )<\/li>\n<li>Vysoko jasn&yacute; laser pre lep&scaron;iu vidite\u013enos\u0165 pri pr&aacute;ci na svetl&yacute;ch miestach<\/li>\n<li>Mo\u017enos\u0165 spolupr&aacute;ce s pr&iacute;jemcom<\/li>\n<li>2 re\u017eimy nastavenia jasu: re\u017eim eco a re\u017eim jasu<\/li>\n<li>Zariadenie je mo\u017en&eacute; nap&aacute;ja\u0165 z 18 V Li-Ion bat&eacute;ri&iacute; pomocou adapt&eacute;ra ADP05 (mus&iacute; sa pou\u017ei\u0165 k&aacute;bel USB 199178-5 &#8211; volite\u013en&eacute;)<\/li>\n<li>Prev&aacute;dzkov&aacute; doba s bat&eacute;riou BL1040B (BL1041B) pri maxim&aacute;lnom za\u0165a\u017een&iacute; je pribli\u017ene 40 hod&iacute;n<\/li>\n<li>Dod&aacute;van&eacute; bez puzdra, bat&eacute;ri&iacute; a nab&iacute;ja\u010dky<\/li>\n<\/ul>\n","protected":false},"excerpt":{"rendered":"<table class=\"table table-striped\">\n<tbody>\n<tr>\n<td>Nap&aacute;jacie nap&auml;tie<\/td>\n<td>10,8 V (12 Vmax)<\/td>\n<\/tr>\n<tr>\n<td>Typ bat&eacute;rie<\/td>\n<td>Li-ion<\/td>\n<\/tr>\n<tr>\n<td>Podporovan&eacute; bat&eacute;rie<\/td>\n<td>1,5 \/ 2,0 \/ 4,0 Ah<\/td>\n<\/tr>\n<tr>\n<td>Typ lasera<\/td>\n<td>635 nm, <1 mW<\/td>\n<\/tr>\n<tr>\n<td>Zdroj lasera<\/td>\n<td>polovodi\u010dov&yacute; laser (\u010derven&yacute;)<\/td>\n<\/tr>\n<tr>\n<td>Laserov&aacute; trieda<\/td>\n<td>2<\/td>\n<\/tr>\n<tr>\n<td>Stupe\u0148 ochrany<\/td>\n<td>XPT (zv&yacute;&scaron;en&aacute; odolnos\u0165 proti prachu a vlhkosti)<\/td>\n<\/tr>\n<tr>\n<td>Presnos\u0165 samonivel&aacute;cie<\/td>\n<td>&plusmn; 3 mm \/ 10 m<\/td>\n<\/tr>\n<tr>\n<td>Rozsah pre samoniveliz&aacute;ciu<\/td>\n<td>&plusmn;4 &deg;<\/td>\n<\/tr>\n<tr>\n<td>Sp&ocirc;sob stabiliz&aacute;cie<\/td>\n<td>v&yacute;vodov&yacute; mechanizmus<\/td>\n<\/tr>\n<tr>\n<td>Po\u010det laserov&yacute;ch liniek<\/td>\n<td>2<\/td>\n<\/tr>\n<tr>\n<td>Po\u010det bodov laserov&eacute;ho l&uacute;\u010da<\/td>\n<td>4<\/td>\n<\/tr>\n<tr>\n<td>Smer polomeru<\/td>\n<td>vertik&aacute;lne, horizont&aacute;lne<\/td>\n<\/tr>\n<tr>\n<td>Rozp&auml;tie l&uacute;\u010da: zvisl&eacute;<\/td>\n<td>170 &deg;<\/td>\n<\/tr>\n<tr>\n<td>Rozp&auml;tie l&uacute;\u010da: horizont&aacute;lne<\/td>\n<td>180 &deg;<\/td>\n<\/tr>\n<tr>\n<td>Maxim&aacute;lny dosah<\/td>\n<td>do 25 m<\/td>\n<\/tr>\n<tr>\n<td>Pracovn&yacute; dosah s detektorom<\/td>\n<td>do 80 m<\/td>\n<\/tr>\n<tr>\n<td>&Scaron;&iacute;rka l&uacute;\u010da<\/td>\n<td>2 mm na vzdialenos\u0165 5 m<\/td>\n<\/tr>\n<tr>\n<td>Pracovn&aacute; teplota<\/td>\n<td>-10 + 50 &deg;C<\/td>\n<\/tr>\n<tr>\n<td>Nastavenie jasu<\/td>\n<td>2 stupne (re\u017eim ECO, jasn&yacute; re\u017eim)<\/td>\n<\/tr>\n<tr>\n<td>Z&aacute;vit pre stat&iacute;v<\/td>\n<td>5\/8 &#8220;<\/td>\n<\/tr>\n<tr>\n<td>Pracovn&yacute; \u010das pri jednom nabit&iacute; bat&eacute;rie (v re\u017eime vysok&eacute;ho jasu)<\/td>\n<td>BL1015 \/ BL1016: 15 hod&iacute;n<\/td>\n<\/tr>\n<tr>\n<td>Pracovn&yacute; \u010das pri jednom nabit&iacute; bat&eacute;rie (v re\u017eime vysok&eacute;ho jasu)<\/td>\n<td>BL1020B \/ BL1021B: 20 hod&iacute;n<\/td>\n<\/tr>\n<tr>\n<td>Pracovn&yacute; \u010das pri jednom nabit&iacute; bat&eacute;rie (v re\u017eime vysok&eacute;ho jasu)<\/td>\n<td>BL1040B \/ BL1041B: 40 hod&iacute;n<\/td>\n<\/tr>\n<tr>\n<td>Rozmery (D x &Scaron; x V)<\/td>\n<td>157 x 64 x 102 mm<\/td>\n<\/tr>\n<tr>\n<td>Hmotnos\u0165 (EPTA)<\/td>\n<td>0,46 &#8211; 0,84 kg<\/td>\n<\/tr>\n<\/tbody>\n<\/table>\n","protected":false},"featured_media":41645,"comment_status":"closed","ping_status":"open","template":"","meta":{"_lmt_disableupdate":"","_lmt_disable":""},"product_cat":[3051,3262,3263],"product_tag":[],"class_list":{"0":"post-41644","1":"product","2":"type-product","3":"status-publish","4":"has-post-thumbnail","6":"product_cat-makita","7":"product_cat-nivelacny-laser-a-pristroje-na-meranie-vzdialenosti","8":"product_cat-nivelacny-laser","10":"first","11":"instock","12":"taxable","13":"shipping-taxable","14":"purchasable","15":"product-type-simple"},"yoast_head":"<!-- This site is optimized with the Yoast SEO plugin v27.3 - https:\/\/yoast.com\/product\/yoast-seo-wordpress\/ -->\n<title>Makita LASER SK106DZ - MIR-MAR<\/title>\n<meta name=\"robots\" content=\"index, follow, max-snippet:-1, max-image-preview:large, max-video-preview:-1\" \/>\n<link rel=\"canonical\" href=\"http:\/\/dafinoo.eu\/mirmar\/obchod\/makita-laser-sk106dz\/\" \/>\n<meta property=\"og:locale\" content=\"sk_SK\" \/>\n<meta property=\"og:type\" content=\"article\" \/>\n<meta property=\"og:title\" content=\"Makita LASER SK106DZ - MIR-MAR\" \/>\n<meta property=\"og:description\" content=\"Nap&aacute;jacie nap&auml;tie 10,8 V (12 Vmax)  Typ bat&eacute;rie Li-ion  Podporovan&eacute; bat&eacute;rie 1,5 \/ 2,0 \/ 4,0 Ah  Typ lasera 635 nm,\" \/>\n<meta property=\"og:url\" content=\"http:\/\/dafinoo.eu\/mirmar\/obchod\/makita-laser-sk106dz\/\" \/>\n<meta property=\"og:site_name\" content=\"MIR-MAR\" \/>\n<meta property=\"article:publisher\" content=\"https:\/\/facebook.com\/mirmareshop\" \/>\n<meta property=\"article:modified_time\" content=\"2021-04-19T18:00:13+00:00\" \/>\n<meta property=\"og:image\" content=\"http:\/\/dafinoo.eu\/mirmar\/wp-content\/uploads\/2021\/03\/2_3_107.jpg\" \/>\n\t<meta property=\"og:image:width\" content=\"945\" \/>\n\t<meta property=\"og:image:height\" content=\"945\" \/>\n\t<meta property=\"og:image:type\" content=\"image\/jpeg\" \/>\n<meta name=\"twitter:label1\" content=\"Predpokladan\u00fd \u010das \u010d\u00edtania\" \/>\n\t<meta name=\"twitter:data1\" content=\"1 min\u00fata\" \/>\n<script type=\"application\/ld+json\" class=\"yoast-schema-graph\">{\"@context\":\"https:\\\/\\\/schema.org\",\"@graph\":[{\"@type\":\"WebPage\",\"@id\":\"http:\\\/\\\/dafinoo.eu\\\/mirmar\\\/obchod\\\/makita-laser-sk106dz\\\/\",\"url\":\"http:\\\/\\\/dafinoo.eu\\\/mirmar\\\/obchod\\\/makita-laser-sk106dz\\\/\",\"name\":\"Makita LASER SK106DZ - MIR-MAR\",\"isPartOf\":{\"@id\":\"http:\\\/\\\/dafinoo.eu\\\/mirmar\\\/#website\"},\"primaryImageOfPage\":{\"@id\":\"http:\\\/\\\/dafinoo.eu\\\/mirmar\\\/obchod\\\/makita-laser-sk106dz\\\/#primaryimage\"},\"image\":{\"@id\":\"http:\\\/\\\/dafinoo.eu\\\/mirmar\\\/obchod\\\/makita-laser-sk106dz\\\/#primaryimage\"},\"thumbnailUrl\":\"http:\\\/\\\/dafinoo.eu\\\/mirmar\\\/wp-content\\\/uploads\\\/2021\\\/03\\\/2_3_107.jpg\",\"datePublished\":\"2021-03-15T16:46:54+00:00\",\"dateModified\":\"2021-04-19T18:00:13+00:00\",\"breadcrumb\":{\"@id\":\"http:\\\/\\\/dafinoo.eu\\\/mirmar\\\/obchod\\\/makita-laser-sk106dz\\\/#breadcrumb\"},\"inLanguage\":\"sk-SK\",\"potentialAction\":[{\"@type\":\"ReadAction\",\"target\":[\"http:\\\/\\\/dafinoo.eu\\\/mirmar\\\/obchod\\\/makita-laser-sk106dz\\\/\"]}]},{\"@type\":\"ImageObject\",\"inLanguage\":\"sk-SK\",\"@id\":\"http:\\\/\\\/dafinoo.eu\\\/mirmar\\\/obchod\\\/makita-laser-sk106dz\\\/#primaryimage\",\"url\":\"http:\\\/\\\/dafinoo.eu\\\/mirmar\\\/wp-content\\\/uploads\\\/2021\\\/03\\\/2_3_107.jpg\",\"contentUrl\":\"http:\\\/\\\/dafinoo.eu\\\/mirmar\\\/wp-content\\\/uploads\\\/2021\\\/03\\\/2_3_107.jpg\",\"width\":945,\"height\":945},{\"@type\":\"BreadcrumbList\",\"@id\":\"http:\\\/\\\/dafinoo.eu\\\/mirmar\\\/obchod\\\/makita-laser-sk106dz\\\/#breadcrumb\",\"itemListElement\":[{\"@type\":\"ListItem\",\"position\":1,\"name\":\"Domovsk\u00e1 str\u00e1nka\",\"item\":\"http:\\\/\\\/dafinoo.eu\\\/mirmar\\\/\"},{\"@type\":\"ListItem\",\"position\":2,\"name\":\"Obchod\",\"item\":\"http:\\\/\\\/dafinoo.eu\\\/mirmar\\\/obchod\\\/\"},{\"@type\":\"ListItem\",\"position\":3,\"name\":\"Makita LASER SK106DZ\"}]},{\"@type\":\"WebSite\",\"@id\":\"http:\\\/\\\/dafinoo.eu\\\/mirmar\\\/#website\",\"url\":\"http:\\\/\\\/dafinoo.eu\\\/mirmar\\\/\",\"name\":\"MIR-MAR\",\"description\":\"Eshop s n\u00e1rad\u00edm\",\"publisher\":{\"@id\":\"http:\\\/\\\/dafinoo.eu\\\/mirmar\\\/#organization\"},\"potentialAction\":[{\"@type\":\"SearchAction\",\"target\":{\"@type\":\"EntryPoint\",\"urlTemplate\":\"http:\\\/\\\/dafinoo.eu\\\/mirmar\\\/?s={search_term_string}\"},\"query-input\":{\"@type\":\"PropertyValueSpecification\",\"valueRequired\":true,\"valueName\":\"search_term_string\"}}],\"inLanguage\":\"sk-SK\"},{\"@type\":\"Organization\",\"@id\":\"http:\\\/\\\/dafinoo.eu\\\/mirmar\\\/#organization\",\"name\":\"MIR-MAR\",\"url\":\"http:\\\/\\\/dafinoo.eu\\\/mirmar\\\/\",\"logo\":{\"@type\":\"ImageObject\",\"inLanguage\":\"sk-SK\",\"@id\":\"http:\\\/\\\/dafinoo.eu\\\/mirmar\\\/#\\\/schema\\\/logo\\\/image\\\/\",\"url\":\"http:\\\/\\\/dafinoo.eu\\\/mirmar\\\/wp-content\\\/uploads\\\/2021\\\/03\\\/mirmar_logo.png\",\"contentUrl\":\"http:\\\/\\\/dafinoo.eu\\\/mirmar\\\/wp-content\\\/uploads\\\/2021\\\/03\\\/mirmar_logo.png\",\"width\":256,\"height\":60,\"caption\":\"MIR-MAR\"},\"image\":{\"@id\":\"http:\\\/\\\/dafinoo.eu\\\/mirmar\\\/#\\\/schema\\\/logo\\\/image\\\/\"},\"sameAs\":[\"https:\\\/\\\/facebook.com\\\/mirmareshop\"]}]}<\/script>\n<!-- \/ Yoast SEO plugin. -->","yoast_head_json":{"title":"Makita LASER SK106DZ - MIR-MAR","robots":{"index":"index","follow":"follow","max-snippet":"max-snippet:-1","max-image-preview":"max-image-preview:large","max-video-preview":"max-video-preview:-1"},"canonical":"http:\/\/dafinoo.eu\/mirmar\/obchod\/makita-laser-sk106dz\/","og_locale":"sk_SK","og_type":"article","og_title":"Makita LASER SK106DZ - MIR-MAR","og_description":"Nap&aacute;jacie nap&auml;tie 10,8 V (12 Vmax)  Typ bat&eacute;rie Li-ion  Podporovan&eacute; bat&eacute;rie 1,5 \/ 2,0 \/ 4,0 Ah  Typ lasera 635 nm,","og_url":"http:\/\/dafinoo.eu\/mirmar\/obchod\/makita-laser-sk106dz\/","og_site_name":"MIR-MAR","article_publisher":"https:\/\/facebook.com\/mirmareshop","article_modified_time":"2021-04-19T18:00:13+00:00","og_image":[{"width":945,"height":945,"url":"http:\/\/dafinoo.eu\/mirmar\/wp-content\/uploads\/2021\/03\/2_3_107.jpg","type":"image\/jpeg"}],"twitter_misc":{"Predpokladan\u00fd \u010das \u010d\u00edtania":"1 min\u00fata"},"schema":{"@context":"https:\/\/schema.org","@graph":[{"@type":"WebPage","@id":"http:\/\/dafinoo.eu\/mirmar\/obchod\/makita-laser-sk106dz\/","url":"http:\/\/dafinoo.eu\/mirmar\/obchod\/makita-laser-sk106dz\/","name":"Makita LASER SK106DZ - MIR-MAR","isPartOf":{"@id":"http:\/\/dafinoo.eu\/mirmar\/#website"},"primaryImageOfPage":{"@id":"http:\/\/dafinoo.eu\/mirmar\/obchod\/makita-laser-sk106dz\/#primaryimage"},"image":{"@id":"http:\/\/dafinoo.eu\/mirmar\/obchod\/makita-laser-sk106dz\/#primaryimage"},"thumbnailUrl":"http:\/\/dafinoo.eu\/mirmar\/wp-content\/uploads\/2021\/03\/2_3_107.jpg","datePublished":"2021-03-15T16:46:54+00:00","dateModified":"2021-04-19T18:00:13+00:00","breadcrumb":{"@id":"http:\/\/dafinoo.eu\/mirmar\/obchod\/makita-laser-sk106dz\/#breadcrumb"},"inLanguage":"sk-SK","potentialAction":[{"@type":"ReadAction","target":["http:\/\/dafinoo.eu\/mirmar\/obchod\/makita-laser-sk106dz\/"]}]},{"@type":"ImageObject","inLanguage":"sk-SK","@id":"http:\/\/dafinoo.eu\/mirmar\/obchod\/makita-laser-sk106dz\/#primaryimage","url":"http:\/\/dafinoo.eu\/mirmar\/wp-content\/uploads\/2021\/03\/2_3_107.jpg","contentUrl":"http:\/\/dafinoo.eu\/mirmar\/wp-content\/uploads\/2021\/03\/2_3_107.jpg","width":945,"height":945},{"@type":"BreadcrumbList","@id":"http:\/\/dafinoo.eu\/mirmar\/obchod\/makita-laser-sk106dz\/#breadcrumb","itemListElement":[{"@type":"ListItem","position":1,"name":"Domovsk\u00e1 str\u00e1nka","item":"http:\/\/dafinoo.eu\/mirmar\/"},{"@type":"ListItem","position":2,"name":"Obchod","item":"http:\/\/dafinoo.eu\/mirmar\/obchod\/"},{"@type":"ListItem","position":3,"name":"Makita LASER SK106DZ"}]},{"@type":"WebSite","@id":"http:\/\/dafinoo.eu\/mirmar\/#website","url":"http:\/\/dafinoo.eu\/mirmar\/","name":"MIR-MAR","description":"Eshop s n\u00e1rad\u00edm","publisher":{"@id":"http:\/\/dafinoo.eu\/mirmar\/#organization"},"potentialAction":[{"@type":"SearchAction","target":{"@type":"EntryPoint","urlTemplate":"http:\/\/dafinoo.eu\/mirmar\/?s={search_term_string}"},"query-input":{"@type":"PropertyValueSpecification","valueRequired":true,"valueName":"search_term_string"}}],"inLanguage":"sk-SK"},{"@type":"Organization","@id":"http:\/\/dafinoo.eu\/mirmar\/#organization","name":"MIR-MAR","url":"http:\/\/dafinoo.eu\/mirmar\/","logo":{"@type":"ImageObject","inLanguage":"sk-SK","@id":"http:\/\/dafinoo.eu\/mirmar\/#\/schema\/logo\/image\/","url":"http:\/\/dafinoo.eu\/mirmar\/wp-content\/uploads\/2021\/03\/mirmar_logo.png","contentUrl":"http:\/\/dafinoo.eu\/mirmar\/wp-content\/uploads\/2021\/03\/mirmar_logo.png","width":256,"height":60,"caption":"MIR-MAR"},"image":{"@id":"http:\/\/dafinoo.eu\/mirmar\/#\/schema\/logo\/image\/"},"sameAs":["https:\/\/facebook.com\/mirmareshop"]}]}},"_links":{"self":[{"href":"http:\/\/dafinoo.eu\/mirmar\/wp-json\/wp\/v2\/product\/41644","targetHints":{"allow":["GET"]}}],"collection":[{"href":"http:\/\/dafinoo.eu\/mirmar\/wp-json\/wp\/v2\/product"}],"about":[{"href":"http:\/\/dafinoo.eu\/mirmar\/wp-json\/wp\/v2\/types\/product"}],"replies":[{"embeddable":true,"href":"http:\/\/dafinoo.eu\/mirmar\/wp-json\/wp\/v2\/comments?post=41644"}],"wp:featuredmedia":[{"embeddable":true,"href":"http:\/\/dafinoo.eu\/mirmar\/wp-json\/wp\/v2\/media\/41645"}],"wp:attachment":[{"href":"http:\/\/dafinoo.eu\/mirmar\/wp-json\/wp\/v2\/media?parent=41644"}],"wp:term":[{"taxonomy":"product_cat","embeddable":true,"href":"http:\/\/dafinoo.eu\/mirmar\/wp-json\/wp\/v2\/product_cat?post=41644"},{"taxonomy":"product_tag","embeddable":true,"href":"http:\/\/dafinoo.eu\/mirmar\/wp-json\/wp\/v2\/product_tag?post=41644"}],"curies":[{"name":"wp","href":"https:\/\/api.w.org\/{rel}","templated":true}]}}