{"id":41650,"date":"2021-03-15T17:46:54","date_gmt":"2021-03-15T16:46:54","guid":{"rendered":"http:\/\/dafinoo.eu\/mirmar\/product\/makita-bfr750rfe\/"},"modified":"2022-04-14T11:35:48","modified_gmt":"2022-04-14T09:35:48","slug":"makita-bfr750rfe","status":"publish","type":"product","link":"http:\/\/dafinoo.eu\/mirmar\/obchod\/makita-bfr750rfe\/","title":{"rendered":"Makita BFR750RFE"},"content":{"rendered":"<p>AKUMUL&Aacute;TOROV&Yacute; SKRUTKOVA\u010c S AUTOMATICK&Yacute;M Z&Aacute;SOBN&Iacute;KOM DFR750RFE Li-Ion 18V 1,3\/3,0Ah Chod vpravo \/ v\u013eavo Klzn&aacute; spojka Prepravn&yacute; kufr&iacute;k S bat&eacute;riou Li-ion pre objem pr&aacute;ce o 180 % v&auml;\u010d&scaron;&iacute; ako tradi\u010dn&aacute; bat&eacute;ria s kapacitou 2,0 Ah Automatick&yacute; pod&aacute;va\u010d skrutiek Nastavite\u013en&yacute; h\u013abkov&yacute; doraz Mo\u017enos\u0165 obsluhy jednou rukou Vysok&eacute; ot&aacute;\u010dky poskytuj&uacute; ide&aacute;lnu &uacute;\u010dinnos\u0165 pr&aacute;ce Dod&aacute;van&eacute; v prepravnom kufri, dvomi bat&eacute;riami a nab&iacute;ja\u010dkou Technick&aacute; &scaron;pecifik&aacute;cia: Vo\u013enobe\u017en&eacute; ot&aacute;\u010dky: 4.000 min-1 Skrutka do sadrokart&oacute;nu: 4 x 45 &#8211; 75 mm Akumul&aacute;tor: 18 V \/ 3,0 Ah Hmotnos\u0165: 2,1 kg Rozmery: (Dx&Scaron;xV) 464 x 80 x 238 mm Dod&aacute;van&eacute; pr&iacute;slu&scaron;enstvo: 824807-8 Prepravn&yacute; kufor 194204-5 2 ks akumul&aacute;torov BL1830 194337-6 Nab&iacute;ja\u010dka P-67804 3 ks bit 5 mm P-67804 3 ks bit 5 mm 194637-4 Vod&iacute;tko skrutky 75 <\/p>\n","protected":false},"excerpt":{"rendered":"<div class=\"general-parameters\">\n<h2>Vlastnosti<\/h2>\n<ul>\n<li><span class=\"general-text\" style=\"cursor: help;\" title=\"Nap&auml;tie akumul&aacute;tora\/bat&eacute;rie . Ud&aacute;vame vo Voltoch .\"> Nap&auml;tie akumul&aacute;tora <\/span> <span class=\"general-span\"> 18 V <\/span><\/li>\n<li><span class=\"general-text\" style=\"cursor: help;\" title=\"\"> Kapacita akumul&aacute;tora <\/span> <span class=\"general-span\"> 3 Ah <\/span><\/li>\n<li><span class=\"general-text\" style=\"cursor: help;\" title=\"\"> Typ akumul&aacute;tora <\/span> <span class=\"general-span\"> <a title=\"Typ akumul&aacute;tora: Li-ion\" href=\"https:\/\/www.najnakup.sk\/aku-vrtacie-skrutkovace?f=_p-31982*-2147272215_\" target=\"_blank\" rel=\"noopener\">Li-ion<\/a><\/span><\/li>\n<li>\n<p><span class=\"general-text\" style=\"cursor: help;\" title=\"\">Hmotnos\u0165 <\/span> <span class=\"general-span\"> 2.1 kg <\/span><\/p>\n<\/li>\n<\/ul>\n<\/div>\n","protected":false},"featured_media":0,"comment_status":"closed","ping_status":"closed","template":"","meta":{"_lmt_disableupdate":"","_lmt_disable":""},"product_cat":[3051,3149,3141,3150],"product_tag":[],"class_list":{"0":"post-41650","1":"product","2":"type-product","3":"status-publish","5":"product_cat-makita","6":"product_cat-skrutkovace-akumulatorove-naradie-makita","7":"product_cat-akumulatorove-naradie-makita","8":"product_cat-skrutkovace-18v","10":"first","11":"instock","12":"taxable","13":"shipping-taxable","14":"purchasable","15":"product-type-simple"},"yoast_head":"<!-- This site is optimized with the Yoast SEO plugin v27.3 - https:\/\/yoast.com\/product\/yoast-seo-wordpress\/ -->\n<title>Makita BFR750RFE - MIR-MAR<\/title>\n<meta name=\"robots\" content=\"index, follow, max-snippet:-1, max-image-preview:large, max-video-preview:-1\" \/>\n<link rel=\"canonical\" href=\"http:\/\/dafinoo.eu\/mirmar\/obchod\/makita-bfr750rfe\/\" \/>\n<meta property=\"og:locale\" content=\"sk_SK\" \/>\n<meta property=\"og:type\" content=\"article\" \/>\n<meta property=\"og:title\" content=\"Makita BFR750RFE - MIR-MAR\" \/>\n<meta property=\"og:description\" content=\"Vlastnosti  Nap&auml;tie akumul&aacute;tora  18 V  Kapacita akumul&aacute;tora  3 Ah  Typ akumul&aacute;tora  Li-ion Hmotnos\u0165  2.1 kg\" \/>\n<meta property=\"og:url\" content=\"http:\/\/dafinoo.eu\/mirmar\/obchod\/makita-bfr750rfe\/\" \/>\n<meta property=\"og:site_name\" content=\"MIR-MAR\" \/>\n<meta property=\"article:publisher\" content=\"https:\/\/facebook.com\/mirmareshop\" \/>\n<meta property=\"article:modified_time\" content=\"2022-04-14T09:35:48+00:00\" \/>\n<meta property=\"og:image\" content=\"http:\/\/dafinoo.eu\/mirmar\/wp-content\/uploads\/2021\/03\/mirmar_logo.png\" \/>\n\t<meta property=\"og:image:width\" content=\"256\" \/>\n\t<meta property=\"og:image:height\" content=\"60\" \/>\n\t<meta property=\"og:image:type\" content=\"image\/png\" \/>\n<meta name=\"twitter:label1\" content=\"Predpokladan\u00fd \u010das \u010d\u00edtania\" \/>\n\t<meta name=\"twitter:data1\" content=\"1 min\u00fata\" \/>\n<script type=\"application\/ld+json\" class=\"yoast-schema-graph\">{\"@context\":\"https:\\\/\\\/schema.org\",\"@graph\":[{\"@type\":\"WebPage\",\"@id\":\"http:\\\/\\\/dafinoo.eu\\\/mirmar\\\/obchod\\\/makita-bfr750rfe\\\/\",\"url\":\"http:\\\/\\\/dafinoo.eu\\\/mirmar\\\/obchod\\\/makita-bfr750rfe\\\/\",\"name\":\"Makita BFR750RFE - MIR-MAR\",\"isPartOf\":{\"@id\":\"http:\\\/\\\/dafinoo.eu\\\/mirmar\\\/#website\"},\"datePublished\":\"2021-03-15T16:46:54+00:00\",\"dateModified\":\"2022-04-14T09:35:48+00:00\",\"breadcrumb\":{\"@id\":\"http:\\\/\\\/dafinoo.eu\\\/mirmar\\\/obchod\\\/makita-bfr750rfe\\\/#breadcrumb\"},\"inLanguage\":\"sk-SK\",\"potentialAction\":[{\"@type\":\"ReadAction\",\"target\":[\"http:\\\/\\\/dafinoo.eu\\\/mirmar\\\/obchod\\\/makita-bfr750rfe\\\/\"]}]},{\"@type\":\"BreadcrumbList\",\"@id\":\"http:\\\/\\\/dafinoo.eu\\\/mirmar\\\/obchod\\\/makita-bfr750rfe\\\/#breadcrumb\",\"itemListElement\":[{\"@type\":\"ListItem\",\"position\":1,\"name\":\"Domovsk\u00e1 str\u00e1nka\",\"item\":\"http:\\\/\\\/dafinoo.eu\\\/mirmar\\\/\"},{\"@type\":\"ListItem\",\"position\":2,\"name\":\"Obchod\",\"item\":\"http:\\\/\\\/dafinoo.eu\\\/mirmar\\\/obchod\\\/\"},{\"@type\":\"ListItem\",\"position\":3,\"name\":\"Makita BFR750RFE\"}]},{\"@type\":\"WebSite\",\"@id\":\"http:\\\/\\\/dafinoo.eu\\\/mirmar\\\/#website\",\"url\":\"http:\\\/\\\/dafinoo.eu\\\/mirmar\\\/\",\"name\":\"MIR-MAR\",\"description\":\"Eshop s n\u00e1rad\u00edm\",\"publisher\":{\"@id\":\"http:\\\/\\\/dafinoo.eu\\\/mirmar\\\/#organization\"},\"potentialAction\":[{\"@type\":\"SearchAction\",\"target\":{\"@type\":\"EntryPoint\",\"urlTemplate\":\"http:\\\/\\\/dafinoo.eu\\\/mirmar\\\/?s={search_term_string}\"},\"query-input\":{\"@type\":\"PropertyValueSpecification\",\"valueRequired\":true,\"valueName\":\"search_term_string\"}}],\"inLanguage\":\"sk-SK\"},{\"@type\":\"Organization\",\"@id\":\"http:\\\/\\\/dafinoo.eu\\\/mirmar\\\/#organization\",\"name\":\"MIR-MAR\",\"url\":\"http:\\\/\\\/dafinoo.eu\\\/mirmar\\\/\",\"logo\":{\"@type\":\"ImageObject\",\"inLanguage\":\"sk-SK\",\"@id\":\"http:\\\/\\\/dafinoo.eu\\\/mirmar\\\/#\\\/schema\\\/logo\\\/image\\\/\",\"url\":\"http:\\\/\\\/dafinoo.eu\\\/mirmar\\\/wp-content\\\/uploads\\\/2021\\\/03\\\/mirmar_logo.png\",\"contentUrl\":\"http:\\\/\\\/dafinoo.eu\\\/mirmar\\\/wp-content\\\/uploads\\\/2021\\\/03\\\/mirmar_logo.png\",\"width\":256,\"height\":60,\"caption\":\"MIR-MAR\"},\"image\":{\"@id\":\"http:\\\/\\\/dafinoo.eu\\\/mirmar\\\/#\\\/schema\\\/logo\\\/image\\\/\"},\"sameAs\":[\"https:\\\/\\\/facebook.com\\\/mirmareshop\"]}]}<\/script>\n<!-- \/ Yoast SEO plugin. -->","yoast_head_json":{"title":"Makita BFR750RFE - MIR-MAR","robots":{"index":"index","follow":"follow","max-snippet":"max-snippet:-1","max-image-preview":"max-image-preview:large","max-video-preview":"max-video-preview:-1"},"canonical":"http:\/\/dafinoo.eu\/mirmar\/obchod\/makita-bfr750rfe\/","og_locale":"sk_SK","og_type":"article","og_title":"Makita BFR750RFE - MIR-MAR","og_description":"Vlastnosti  Nap&auml;tie akumul&aacute;tora  18 V  Kapacita akumul&aacute;tora  3 Ah  Typ akumul&aacute;tora  Li-ion Hmotnos\u0165  2.1 kg","og_url":"http:\/\/dafinoo.eu\/mirmar\/obchod\/makita-bfr750rfe\/","og_site_name":"MIR-MAR","article_publisher":"https:\/\/facebook.com\/mirmareshop","article_modified_time":"2022-04-14T09:35:48+00:00","og_image":[{"width":256,"height":60,"url":"http:\/\/dafinoo.eu\/mirmar\/wp-content\/uploads\/2021\/03\/mirmar_logo.png","type":"image\/png"}],"twitter_misc":{"Predpokladan\u00fd \u010das \u010d\u00edtania":"1 min\u00fata"},"schema":{"@context":"https:\/\/schema.org","@graph":[{"@type":"WebPage","@id":"http:\/\/dafinoo.eu\/mirmar\/obchod\/makita-bfr750rfe\/","url":"http:\/\/dafinoo.eu\/mirmar\/obchod\/makita-bfr750rfe\/","name":"Makita BFR750RFE - MIR-MAR","isPartOf":{"@id":"http:\/\/dafinoo.eu\/mirmar\/#website"},"datePublished":"2021-03-15T16:46:54+00:00","dateModified":"2022-04-14T09:35:48+00:00","breadcrumb":{"@id":"http:\/\/dafinoo.eu\/mirmar\/obchod\/makita-bfr750rfe\/#breadcrumb"},"inLanguage":"sk-SK","potentialAction":[{"@type":"ReadAction","target":["http:\/\/dafinoo.eu\/mirmar\/obchod\/makita-bfr750rfe\/"]}]},{"@type":"BreadcrumbList","@id":"http:\/\/dafinoo.eu\/mirmar\/obchod\/makita-bfr750rfe\/#breadcrumb","itemListElement":[{"@type":"ListItem","position":1,"name":"Domovsk\u00e1 str\u00e1nka","item":"http:\/\/dafinoo.eu\/mirmar\/"},{"@type":"ListItem","position":2,"name":"Obchod","item":"http:\/\/dafinoo.eu\/mirmar\/obchod\/"},{"@type":"ListItem","position":3,"name":"Makita BFR750RFE"}]},{"@type":"WebSite","@id":"http:\/\/dafinoo.eu\/mirmar\/#website","url":"http:\/\/dafinoo.eu\/mirmar\/","name":"MIR-MAR","description":"Eshop s n\u00e1rad\u00edm","publisher":{"@id":"http:\/\/dafinoo.eu\/mirmar\/#organization"},"potentialAction":[{"@type":"SearchAction","target":{"@type":"EntryPoint","urlTemplate":"http:\/\/dafinoo.eu\/mirmar\/?s={search_term_string}"},"query-input":{"@type":"PropertyValueSpecification","valueRequired":true,"valueName":"search_term_string"}}],"inLanguage":"sk-SK"},{"@type":"Organization","@id":"http:\/\/dafinoo.eu\/mirmar\/#organization","name":"MIR-MAR","url":"http:\/\/dafinoo.eu\/mirmar\/","logo":{"@type":"ImageObject","inLanguage":"sk-SK","@id":"http:\/\/dafinoo.eu\/mirmar\/#\/schema\/logo\/image\/","url":"http:\/\/dafinoo.eu\/mirmar\/wp-content\/uploads\/2021\/03\/mirmar_logo.png","contentUrl":"http:\/\/dafinoo.eu\/mirmar\/wp-content\/uploads\/2021\/03\/mirmar_logo.png","width":256,"height":60,"caption":"MIR-MAR"},"image":{"@id":"http:\/\/dafinoo.eu\/mirmar\/#\/schema\/logo\/image\/"},"sameAs":["https:\/\/facebook.com\/mirmareshop"]}]}},"_links":{"self":[{"href":"http:\/\/dafinoo.eu\/mirmar\/wp-json\/wp\/v2\/product\/41650","targetHints":{"allow":["GET"]}}],"collection":[{"href":"http:\/\/dafinoo.eu\/mirmar\/wp-json\/wp\/v2\/product"}],"about":[{"href":"http:\/\/dafinoo.eu\/mirmar\/wp-json\/wp\/v2\/types\/product"}],"replies":[{"embeddable":true,"href":"http:\/\/dafinoo.eu\/mirmar\/wp-json\/wp\/v2\/comments?post=41650"}],"wp:attachment":[{"href":"http:\/\/dafinoo.eu\/mirmar\/wp-json\/wp\/v2\/media?parent=41650"}],"wp:term":[{"taxonomy":"product_cat","embeddable":true,"href":"http:\/\/dafinoo.eu\/mirmar\/wp-json\/wp\/v2\/product_cat?post=41650"},{"taxonomy":"product_tag","embeddable":true,"href":"http:\/\/dafinoo.eu\/mirmar\/wp-json\/wp\/v2\/product_tag?post=41650"}],"curies":[{"name":"wp","href":"https:\/\/api.w.org\/{rel}","templated":true}]}}