{"id":41653,"date":"2021-03-15T17:46:54","date_gmt":"2021-03-15T16:46:54","guid":{"rendered":"http:\/\/dafinoo.eu\/mirmar\/product\/makita-ls0714fl\/"},"modified":"2021-04-19T20:00:18","modified_gmt":"2021-04-19T18:00:18","slug":"makita-ls0714fl","status":"publish","type":"product","link":"http:\/\/dafinoo.eu\/mirmar\/obchod\/makita-ls0714fl\/","title":{"rendered":"Makita LS0714FL"},"content":{"rendered":"<div id=\"full-product-description\" class=\"product-body__full-product-description\">\n<p>Kapovacia a pokosov&aacute; p&iacute;la s dvojstrann&yacute;m uhlov&yacute;m sklonom, s pracovn&yacute;m osvetlen&iacute;m a laserovou l&iacute;niou rezu<\/p>\n<p>P&iacute;lov&aacute; hlava s du&aacute;lnym syst&eacute;mom posuvu na 4 ko\u013eajni\u010dk&aacute;ch pre presn&eacute; rezy<\/p>\n<p>Nastavenie oto\u010dn&eacute;ho taniera doprava 57&deg; a do\u013eava 45&deg;<\/p>\n<p>Ot&aacute;\u010date\u013en&aacute; p&iacute;lov&aacute; hlava plynulo od 0&deg; do 45&deg; do\u013eava a od 0&deg; &#8211; 5&deg; doprava<\/p>\n<p>Ve\u013ek&yacute; rezn&yacute; v&yacute;kon 52 mm x 300 mm<\/p>\n<p>S pracovn&yacute;m svetlom LED a laserovou ryskou<\/p>\n<p>Techncik&eacute; parametre:<\/p>\n<ul>\n<li>Pr&iacute;kon: 1010 W<\/li>\n<li>Vo\u013enobe\u017en&eacute; ot&aacute;\u010dky: 6000 min-1<\/li>\n<li>Priemer p&iacute;lov&eacute;ho kot&uacute;\u010da: 190 mm<\/li>\n<li>Max. rezn&yacute; v&yacute;kon s p&iacute;lov&yacute;m kot&uacute;\u010dom 190 mm<\/li>\n<li>Pri 90&deg;: Max. 52 x 300 mm<\/li>\n<li>Pri 45&deg;: Max. 52 x 212 mm<\/li>\n<li>V\u0155tanie p&iacute;lov&eacute;ho kot&uacute;\u010da: 20 mm<\/li>\n<li>Hmotnos\u0165: 13,7 kg<\/li>\n<li>Pracovn&eacute; svetlo LED<\/li>\n<li>Laserov&aacute; ryska<\/li>\n<li>Ods&aacute;vanie prachu<\/li>\n<li>&Scaron;ikm&eacute; rezy do 45&deg; doprava a do\u013eava<\/li>\n<\/ul>\n<p>Rozsah dod&aacute;vky:<\/p>\n<ul>\n<li>P&iacute;lov&yacute; kot&uacute;\u010d priemeru 355 mm \/1 kus\/<\/li>\n<li>Predl\u017eovacie opierky<\/li>\n<li>Vrecko na prach<\/li>\n<li>Vertik&aacute;lny skrutkov&yacute; zver&aacute;k<\/li>\n<li>N&aacute;suvn&yacute; k\u013e&uacute;\u010d<\/li>\n<li>Nastavovac&iacute; trojuholn&iacute;k<\/li>\n<li>V kart&oacute;novej krabici<\/li>\n<\/ul>\n<\/div>\n","protected":false},"excerpt":{"rendered":"<table id=\"product-parameters\" class=\"product-body__specification__params__table\">\n<tbody>\n<tr>\n<td class=\"product-body__specification__params__table__cell product-body__specification__params__table__cell--param-name\"><span id=\"param-name-12160\">Typ pohonu<\/span><\/td>\n<td class=\"product-body__specification__params__table__cell product-body__specification__params__table__cell--help\"><span id=\"help-12160\" class=\"product-body__specification__params__table__cell__help-ico js-param-help-ico\"><\/span><\/td>\n<td class=\"product-body__specification__params__table__cell product-body__specification__params__table__cell--param-value\"><strong> <span id=\"param-value-12160\">elektrick&eacute;<\/span> <span id=\"param-unit-12160\"><\/span> <\/strong> <a id=\"param-12160\" class=\"param-edit hide\" title=\"Navrhn&uacute;\u0165 &uacute;pravu hodnoty tohto parametra\" href=\"https:\/\/pily.heureka.sk\/makita-ls0714fl\/specifikace\/#\"> opravi\u0165 <\/a><\/td>\n<\/tr>\n<tr>\n<td class=\"product-body__specification__params__table__cell product-body__specification__params__table__cell--param-name\"><span id=\"param-name-6213\">Typ p&iacute;ly<\/span><\/td>\n<td class=\"product-body__specification__params__table__cell product-body__specification__params__table__cell--help\"><span id=\"help-6213\" class=\"product-body__specification__params__table__cell__help-ico js-param-help-ico\"><\/span><\/td>\n<td class=\"product-body__specification__params__table__cell product-body__specification__params__table__cell--param-value\"><strong> <span id=\"param-value-6213\">pokosov&eacute;<\/span> <span id=\"param-unit-6213\"><\/span> <\/strong> <a id=\"param-6213\" class=\"param-edit hide\" title=\"Navrhn&uacute;\u0165 &uacute;pravu hodnoty tohto parametra\" href=\"https:\/\/pily.heureka.sk\/makita-ls0714fl\/specifikace\/#\"> opravi\u0165 <\/a><\/td>\n<\/tr>\n<tr>\n<td class=\"product-body__specification__params__table__cell product-body__specification__params__table__cell--param-name\"><span id=\"param-name-10440\">Pr&iacute;kon<\/span><\/td>\n<td class=\"product-body__specification__params__table__cell product-body__specification__params__table__cell--help\"><span id=\"help-10440\" class=\"product-body__specification__params__table__cell__help-ico js-param-help-ico\"><\/span><\/td>\n<td class=\"product-body__specification__params__table__cell product-body__specification__params__table__cell--param-value\"><strong> <span id=\"param-value-10440\">1010<\/span> <span id=\"param-unit-10440\"> W<\/span> <\/strong> <a id=\"param-10440\" class=\"param-edit hide\" title=\"Navrhn&uacute;\u0165 &uacute;pravu hodnoty tohto parametra\" href=\"https:\/\/pily.heureka.sk\/makita-ls0714fl\/specifikace\/#\"> opravi\u0165 <\/a><\/td>\n<\/tr>\n<tr>\n<td class=\"product-body__specification__params__table__cell product-body__specification__params__table__cell--param-name\" colspan=\"2\"><span id=\"param-name-12505\">V&yacute;kon<\/span><\/td>\n<td class=\"product-body__specification__params__table__cell product-body__specification__params__table__cell--param-value\"><strong> <span id=\"param-value-12505\">1010<\/span> <span id=\"param-unit-12505\"> W<\/span> <\/strong> <a id=\"param-12505\" class=\"param-edit hide\" title=\"Navrhn&uacute;\u0165 &uacute;pravu hodnoty tohto parametra\" href=\"https:\/\/pily.heureka.sk\/makita-ls0714fl\/specifikace\/#\"> opravi\u0165 <\/a><\/td>\n<\/tr>\n<tr>\n<td class=\"product-body__specification__params__table__cell product-body__specification__params__table__cell--param-name\"><span id=\"param-name-10438\">Hmot&shy;nos\u0165<\/span><\/td>\n<td class=\"product-body__specification__params__table__cell product-body__specification__params__table__cell--help\"><span id=\"help-10438\" class=\"product-body__specification__params__table__cell__help-ico js-param-help-ico\"><\/span><\/td>\n<td class=\"product-body__specification__params__table__cell product-body__specification__params__table__cell--param-value\"><strong> <span id=\"param-value-10438\">13.7<\/span> <span id=\"param-unit-10438\"> kg<\/span> <\/strong> <a id=\"param-10438\" class=\"param-edit hide\" title=\"Navrhn&uacute;\u0165 &uacute;pravu hodnoty tohto parametra\" href=\"https:\/\/pily.heureka.sk\/makita-ls0714fl\/specifikace\/#\"> opravi\u0165 <\/a><\/td>\n<\/tr>\n<tr>\n<td class=\"product-body__specification__params__table__cell product-body__specification__params__table__cell--param-name\" colspan=\"2\"><span id=\"param-name-12165\">Priemer p&iacute;lov&eacute;ho kot&uacute;\u010da<\/span><\/td>\n<td class=\"product-body__specification__params__table__cell product-body__specification__params__table__cell--param-value\"><strong> <span id=\"param-value-12165\">190<\/span> <span id=\"param-unit-12165\"> mm<\/span> <\/strong><\/td>\n<\/tr>\n<\/tbody>\n<\/table>\n","protected":false},"featured_media":41654,"comment_status":"closed","ping_status":"open","template":"","meta":{"_lmt_disableupdate":"","_lmt_disable":""},"product_cat":[3051,3083,3090],"product_tag":[],"class_list":{"0":"post-41653","1":"product","2":"type-product","3":"status-publish","4":"has-post-thumbnail","6":"product_cat-makita","7":"product_cat-pilenie","8":"product_cat-kapovacie-a-pokosove-pily","10":"first","11":"instock","12":"taxable","13":"shipping-taxable","14":"purchasable","15":"product-type-simple"},"yoast_head":"<!-- This site is optimized with the Yoast SEO plugin v27.3 - https:\/\/yoast.com\/product\/yoast-seo-wordpress\/ -->\n<title>Makita LS0714FL - MIR-MAR<\/title>\n<meta name=\"robots\" content=\"index, follow, max-snippet:-1, max-image-preview:large, max-video-preview:-1\" \/>\n<link rel=\"canonical\" href=\"http:\/\/dafinoo.eu\/mirmar\/obchod\/makita-ls0714fl\/\" \/>\n<meta property=\"og:locale\" content=\"sk_SK\" \/>\n<meta property=\"og:type\" content=\"article\" \/>\n<meta property=\"og:title\" content=\"Makita LS0714FL - MIR-MAR\" \/>\n<meta property=\"og:description\" content=\"Typ pohonu  elektrick&eacute;  opravi\u0165  Typ p&iacute;ly  pokosov&eacute;  opravi\u0165  Pr&iacute;kon  1010 W  opravi\u0165  V&yacute;kon 1010 W  opravi\u0165  Hmot&shy;nos\u0165  13.7 kg  opravi\u0165  Priemer p&iacute;lov&eacute;ho kot&uacute;\u010da 190 mm\" \/>\n<meta property=\"og:url\" content=\"http:\/\/dafinoo.eu\/mirmar\/obchod\/makita-ls0714fl\/\" \/>\n<meta property=\"og:site_name\" content=\"MIR-MAR\" \/>\n<meta property=\"article:publisher\" content=\"https:\/\/facebook.com\/mirmareshop\" \/>\n<meta property=\"article:modified_time\" content=\"2021-04-19T18:00:18+00:00\" \/>\n<meta property=\"og:image\" content=\"https:\/\/i2.wp.com\/www.mirmar.sk\/wp-content\/uploads\/2021\/03\/7_1_12.jpg?fit=1024%2C946&ssl=1\" \/>\n\t<meta property=\"og:image:width\" content=\"1024\" \/>\n\t<meta property=\"og:image:height\" content=\"946\" \/>\n\t<meta property=\"og:image:type\" content=\"image\/jpeg\" \/>\n<meta name=\"twitter:label1\" content=\"Predpokladan\u00fd \u010das \u010d\u00edtania\" \/>\n\t<meta name=\"twitter:data1\" content=\"1 min\u00fata\" \/>\n<script type=\"application\/ld+json\" class=\"yoast-schema-graph\">{\"@context\":\"https:\\\/\\\/schema.org\",\"@graph\":[{\"@type\":\"WebPage\",\"@id\":\"http:\\\/\\\/dafinoo.eu\\\/mirmar\\\/obchod\\\/makita-ls0714fl\\\/\",\"url\":\"http:\\\/\\\/dafinoo.eu\\\/mirmar\\\/obchod\\\/makita-ls0714fl\\\/\",\"name\":\"Makita LS0714FL - MIR-MAR\",\"isPartOf\":{\"@id\":\"http:\\\/\\\/dafinoo.eu\\\/mirmar\\\/#website\"},\"primaryImageOfPage\":{\"@id\":\"http:\\\/\\\/dafinoo.eu\\\/mirmar\\\/obchod\\\/makita-ls0714fl\\\/#primaryimage\"},\"image\":{\"@id\":\"http:\\\/\\\/dafinoo.eu\\\/mirmar\\\/obchod\\\/makita-ls0714fl\\\/#primaryimage\"},\"thumbnailUrl\":\"http:\\\/\\\/dafinoo.eu\\\/mirmar\\\/wp-content\\\/uploads\\\/2021\\\/03\\\/7_1_12.jpg\",\"datePublished\":\"2021-03-15T16:46:54+00:00\",\"dateModified\":\"2021-04-19T18:00:18+00:00\",\"breadcrumb\":{\"@id\":\"http:\\\/\\\/dafinoo.eu\\\/mirmar\\\/obchod\\\/makita-ls0714fl\\\/#breadcrumb\"},\"inLanguage\":\"sk-SK\",\"potentialAction\":[{\"@type\":\"ReadAction\",\"target\":[\"http:\\\/\\\/dafinoo.eu\\\/mirmar\\\/obchod\\\/makita-ls0714fl\\\/\"]}]},{\"@type\":\"ImageObject\",\"inLanguage\":\"sk-SK\",\"@id\":\"http:\\\/\\\/dafinoo.eu\\\/mirmar\\\/obchod\\\/makita-ls0714fl\\\/#primaryimage\",\"url\":\"http:\\\/\\\/dafinoo.eu\\\/mirmar\\\/wp-content\\\/uploads\\\/2021\\\/03\\\/7_1_12.jpg\",\"contentUrl\":\"http:\\\/\\\/dafinoo.eu\\\/mirmar\\\/wp-content\\\/uploads\\\/2021\\\/03\\\/7_1_12.jpg\",\"width\":1024,\"height\":946},{\"@type\":\"BreadcrumbList\",\"@id\":\"http:\\\/\\\/dafinoo.eu\\\/mirmar\\\/obchod\\\/makita-ls0714fl\\\/#breadcrumb\",\"itemListElement\":[{\"@type\":\"ListItem\",\"position\":1,\"name\":\"Domovsk\u00e1 str\u00e1nka\",\"item\":\"http:\\\/\\\/dafinoo.eu\\\/mirmar\\\/\"},{\"@type\":\"ListItem\",\"position\":2,\"name\":\"Obchod\",\"item\":\"http:\\\/\\\/dafinoo.eu\\\/mirmar\\\/obchod\\\/\"},{\"@type\":\"ListItem\",\"position\":3,\"name\":\"Makita LS0714FL\"}]},{\"@type\":\"WebSite\",\"@id\":\"http:\\\/\\\/dafinoo.eu\\\/mirmar\\\/#website\",\"url\":\"http:\\\/\\\/dafinoo.eu\\\/mirmar\\\/\",\"name\":\"MIR-MAR\",\"description\":\"Eshop s n\u00e1rad\u00edm\",\"publisher\":{\"@id\":\"http:\\\/\\\/dafinoo.eu\\\/mirmar\\\/#organization\"},\"potentialAction\":[{\"@type\":\"SearchAction\",\"target\":{\"@type\":\"EntryPoint\",\"urlTemplate\":\"http:\\\/\\\/dafinoo.eu\\\/mirmar\\\/?s={search_term_string}\"},\"query-input\":{\"@type\":\"PropertyValueSpecification\",\"valueRequired\":true,\"valueName\":\"search_term_string\"}}],\"inLanguage\":\"sk-SK\"},{\"@type\":\"Organization\",\"@id\":\"http:\\\/\\\/dafinoo.eu\\\/mirmar\\\/#organization\",\"name\":\"MIR-MAR\",\"url\":\"http:\\\/\\\/dafinoo.eu\\\/mirmar\\\/\",\"logo\":{\"@type\":\"ImageObject\",\"inLanguage\":\"sk-SK\",\"@id\":\"http:\\\/\\\/dafinoo.eu\\\/mirmar\\\/#\\\/schema\\\/logo\\\/image\\\/\",\"url\":\"http:\\\/\\\/dafinoo.eu\\\/mirmar\\\/wp-content\\\/uploads\\\/2021\\\/03\\\/mirmar_logo.png\",\"contentUrl\":\"http:\\\/\\\/dafinoo.eu\\\/mirmar\\\/wp-content\\\/uploads\\\/2021\\\/03\\\/mirmar_logo.png\",\"width\":256,\"height\":60,\"caption\":\"MIR-MAR\"},\"image\":{\"@id\":\"http:\\\/\\\/dafinoo.eu\\\/mirmar\\\/#\\\/schema\\\/logo\\\/image\\\/\"},\"sameAs\":[\"https:\\\/\\\/facebook.com\\\/mirmareshop\"]}]}<\/script>\n<!-- \/ Yoast SEO plugin. -->","yoast_head_json":{"title":"Makita LS0714FL - MIR-MAR","robots":{"index":"index","follow":"follow","max-snippet":"max-snippet:-1","max-image-preview":"max-image-preview:large","max-video-preview":"max-video-preview:-1"},"canonical":"http:\/\/dafinoo.eu\/mirmar\/obchod\/makita-ls0714fl\/","og_locale":"sk_SK","og_type":"article","og_title":"Makita LS0714FL - MIR-MAR","og_description":"Typ pohonu  elektrick&eacute;  opravi\u0165  Typ p&iacute;ly  pokosov&eacute;  opravi\u0165  Pr&iacute;kon  1010 W  opravi\u0165  V&yacute;kon 1010 W  opravi\u0165  Hmot&shy;nos\u0165  13.7 kg  opravi\u0165  Priemer p&iacute;lov&eacute;ho kot&uacute;\u010da 190 mm","og_url":"http:\/\/dafinoo.eu\/mirmar\/obchod\/makita-ls0714fl\/","og_site_name":"MIR-MAR","article_publisher":"https:\/\/facebook.com\/mirmareshop","article_modified_time":"2021-04-19T18:00:18+00:00","og_image":[{"width":1024,"height":946,"url":"https:\/\/i2.wp.com\/www.mirmar.sk\/wp-content\/uploads\/2021\/03\/7_1_12.jpg?fit=1024%2C946&ssl=1","type":"image\/jpeg"}],"twitter_misc":{"Predpokladan\u00fd \u010das \u010d\u00edtania":"1 min\u00fata"},"schema":{"@context":"https:\/\/schema.org","@graph":[{"@type":"WebPage","@id":"http:\/\/dafinoo.eu\/mirmar\/obchod\/makita-ls0714fl\/","url":"http:\/\/dafinoo.eu\/mirmar\/obchod\/makita-ls0714fl\/","name":"Makita LS0714FL - MIR-MAR","isPartOf":{"@id":"http:\/\/dafinoo.eu\/mirmar\/#website"},"primaryImageOfPage":{"@id":"http:\/\/dafinoo.eu\/mirmar\/obchod\/makita-ls0714fl\/#primaryimage"},"image":{"@id":"http:\/\/dafinoo.eu\/mirmar\/obchod\/makita-ls0714fl\/#primaryimage"},"thumbnailUrl":"http:\/\/dafinoo.eu\/mirmar\/wp-content\/uploads\/2021\/03\/7_1_12.jpg","datePublished":"2021-03-15T16:46:54+00:00","dateModified":"2021-04-19T18:00:18+00:00","breadcrumb":{"@id":"http:\/\/dafinoo.eu\/mirmar\/obchod\/makita-ls0714fl\/#breadcrumb"},"inLanguage":"sk-SK","potentialAction":[{"@type":"ReadAction","target":["http:\/\/dafinoo.eu\/mirmar\/obchod\/makita-ls0714fl\/"]}]},{"@type":"ImageObject","inLanguage":"sk-SK","@id":"http:\/\/dafinoo.eu\/mirmar\/obchod\/makita-ls0714fl\/#primaryimage","url":"http:\/\/dafinoo.eu\/mirmar\/wp-content\/uploads\/2021\/03\/7_1_12.jpg","contentUrl":"http:\/\/dafinoo.eu\/mirmar\/wp-content\/uploads\/2021\/03\/7_1_12.jpg","width":1024,"height":946},{"@type":"BreadcrumbList","@id":"http:\/\/dafinoo.eu\/mirmar\/obchod\/makita-ls0714fl\/#breadcrumb","itemListElement":[{"@type":"ListItem","position":1,"name":"Domovsk\u00e1 str\u00e1nka","item":"http:\/\/dafinoo.eu\/mirmar\/"},{"@type":"ListItem","position":2,"name":"Obchod","item":"http:\/\/dafinoo.eu\/mirmar\/obchod\/"},{"@type":"ListItem","position":3,"name":"Makita LS0714FL"}]},{"@type":"WebSite","@id":"http:\/\/dafinoo.eu\/mirmar\/#website","url":"http:\/\/dafinoo.eu\/mirmar\/","name":"MIR-MAR","description":"Eshop s n\u00e1rad\u00edm","publisher":{"@id":"http:\/\/dafinoo.eu\/mirmar\/#organization"},"potentialAction":[{"@type":"SearchAction","target":{"@type":"EntryPoint","urlTemplate":"http:\/\/dafinoo.eu\/mirmar\/?s={search_term_string}"},"query-input":{"@type":"PropertyValueSpecification","valueRequired":true,"valueName":"search_term_string"}}],"inLanguage":"sk-SK"},{"@type":"Organization","@id":"http:\/\/dafinoo.eu\/mirmar\/#organization","name":"MIR-MAR","url":"http:\/\/dafinoo.eu\/mirmar\/","logo":{"@type":"ImageObject","inLanguage":"sk-SK","@id":"http:\/\/dafinoo.eu\/mirmar\/#\/schema\/logo\/image\/","url":"http:\/\/dafinoo.eu\/mirmar\/wp-content\/uploads\/2021\/03\/mirmar_logo.png","contentUrl":"http:\/\/dafinoo.eu\/mirmar\/wp-content\/uploads\/2021\/03\/mirmar_logo.png","width":256,"height":60,"caption":"MIR-MAR"},"image":{"@id":"http:\/\/dafinoo.eu\/mirmar\/#\/schema\/logo\/image\/"},"sameAs":["https:\/\/facebook.com\/mirmareshop"]}]}},"_links":{"self":[{"href":"http:\/\/dafinoo.eu\/mirmar\/wp-json\/wp\/v2\/product\/41653","targetHints":{"allow":["GET"]}}],"collection":[{"href":"http:\/\/dafinoo.eu\/mirmar\/wp-json\/wp\/v2\/product"}],"about":[{"href":"http:\/\/dafinoo.eu\/mirmar\/wp-json\/wp\/v2\/types\/product"}],"replies":[{"embeddable":true,"href":"http:\/\/dafinoo.eu\/mirmar\/wp-json\/wp\/v2\/comments?post=41653"}],"wp:featuredmedia":[{"embeddable":true,"href":"http:\/\/dafinoo.eu\/mirmar\/wp-json\/wp\/v2\/media\/41654"}],"wp:attachment":[{"href":"http:\/\/dafinoo.eu\/mirmar\/wp-json\/wp\/v2\/media?parent=41653"}],"wp:term":[{"taxonomy":"product_cat","embeddable":true,"href":"http:\/\/dafinoo.eu\/mirmar\/wp-json\/wp\/v2\/product_cat?post=41653"},{"taxonomy":"product_tag","embeddable":true,"href":"http:\/\/dafinoo.eu\/mirmar\/wp-json\/wp\/v2\/product_tag?post=41653"}],"curies":[{"name":"wp","href":"https:\/\/api.w.org\/{rel}","templated":true}]}}