{"id":41699,"date":"2021-03-15T17:47:26","date_gmt":"2021-03-15T16:47:26","guid":{"rendered":"http:\/\/dafinoo.eu\/mirmar\/product\/makita-cl121dsa\/"},"modified":"2021-04-19T20:00:45","modified_gmt":"2021-04-19T18:00:45","slug":"makita-cl121dsa","status":"publish","type":"product","link":"http:\/\/dafinoo.eu\/mirmar\/obchod\/makita-cl121dsa\/","title":{"rendered":"Makita CL121DSA"},"content":{"rendered":"<ul class=\"list-icon mb-4\">\n<li>Bat&eacute;riov&yacute; vys&aacute;va\u010d do auta nap&aacute;jan&yacute; z 12Vmax (10,8V) bat&eacute;rie<\/li>\n<li><strong>Technol&oacute;gia CXT &#8211; Compact Extreme Technology<\/strong><\/li>\n<li>3-stup\u0148ov&aacute; elektronick&aacute; regul&aacute;cia sacieho v&yacute;konu<\/li>\n<li>Hadicu je mo\u017en&eacute; ulo\u017ei\u0165 na kryte zariadenia<\/li>\n<li>M&ocirc;\u017ee by\u0165 preveden&yacute; na d&uacute;chadlo<\/li>\n<li>Ochrana pred prehriat&iacute;m bat&eacute;rie<\/li>\n<li>V&yacute;stra\u017en&aacute; di&oacute;da LED pre vybitie bat&eacute;rie<\/li>\n<li>Dod&aacute;va sa s pr&iacute;slu&scaron;enstvom na u\u013eah\u010denie \u010distenia interi&eacute;ru vozidla<\/li>\n<li>Dod&aacute;van&eacute; s&nbsp;1x akumul&aacute;tor 1021B a nab&iacute;ja\u010dka<\/li>\n<\/ul>\n","protected":false},"excerpt":{"rendered":"<p class=\"table-responsive\">\n<table class=\"table table-striped\">\n<tbody>\n<tr>\n<td>Nap&aacute;jacie nap&auml;tie<\/td>\n<td>12 V Max (10,8 V)<\/td>\n<\/tr>\n<tr>\n<td>Typ bat&eacute;rie<\/td>\n<td>Li-ion<\/td>\n<\/tr>\n<tr>\n<td>Podporovan&eacute; bat&eacute;rie<\/td>\n<td>1,5 \/ 2,0 \/ 4,0 Ah<\/td>\n<\/tr>\n<tr>\n<td>Sac&iacute; v&yacute;kon (1. stupe\u0148)<\/td>\n<td>5 W<\/td>\n<\/tr>\n<tr>\n<td>Sac&iacute; v&yacute;kon (2. stupe\u0148)<\/td>\n<td>19 W<\/td>\n<\/tr>\n<tr>\n<td>Sac&iacute; v&yacute;kon (3. stupe\u0148)<\/td>\n<td>28 W<\/td>\n<\/tr>\n<tr>\n<td>Prietok vzduchu<\/td>\n<td>1,3 m&sup3;\/min<\/td>\n<\/tr>\n<tr>\n<td>Maxim&aacute;lne v&aacute;kuum<\/td>\n<td>4,6 kPa<\/td>\n<\/tr>\n<tr>\n<td>Pracovn&yacute; \u010das pri jednom nabit&iacute; bat&eacute;rie BL1041B<\/td>\n<td>prevodov&yacute; stupe\u0148 1: 67 min.<\/td>\n<\/tr>\n<tr>\n<td>Pracovn&yacute; \u010das pri jednom nabit&iacute; bat&eacute;rie BL1041B<\/td>\n<td>prevodov&yacute; stupe\u0148 2: 32 min.<\/td>\n<\/tr>\n<tr>\n<td>Pracovn&yacute; \u010das pri jednom nabit&iacute; bat&eacute;rie BL1041B<\/td>\n<td>prevodov&yacute; stupe\u0148 3: 27 min.<\/td>\n<\/tr>\n<tr>\n<td>Kapacita: textiln&eacute; vrecko<\/td>\n<td>500 ml<\/td>\n<\/tr>\n<tr>\n<td>Kapacita: papierov&eacute; vrecko<\/td>\n<td>330 l<\/td>\n<\/tr>\n<tr>\n<td>Rozmery (D x &Scaron; x V)<\/td>\n<td>359 x 138 x 202 mm<\/td>\n<\/tr>\n<tr>\n<td>Hmotnos\u0165 (EPTA)<\/td>\n<td>1,7 &#8211; 1,8 kg<\/td>\n<\/tr>\n<\/tbody>\n<\/table>\n","protected":false},"featured_media":41700,"comment_status":"closed","ping_status":"open","template":"","meta":{"_lmt_disableupdate":"","_lmt_disable":""},"product_cat":[3051,3155,3141,3494],"product_tag":[],"class_list":{"0":"post-41699","1":"product","2":"type-product","3":"status-publish","4":"has-post-thumbnail","6":"product_cat-makita","7":"product_cat-vysavace","8":"product_cat-akumulatorove-naradie-makita","9":"product_cat-vysavace-12v-max","11":"first","12":"instock","13":"taxable","14":"shipping-taxable","15":"purchasable","16":"product-type-simple"},"yoast_head":"<!-- This site is optimized with the Yoast SEO plugin v27.3 - https:\/\/yoast.com\/product\/yoast-seo-wordpress\/ -->\n<title>Makita CL121DSA - MIR-MAR<\/title>\n<meta name=\"robots\" content=\"index, follow, max-snippet:-1, max-image-preview:large, max-video-preview:-1\" \/>\n<link rel=\"canonical\" href=\"http:\/\/dafinoo.eu\/mirmar\/obchod\/makita-cl121dsa\/\" \/>\n<meta property=\"og:locale\" content=\"sk_SK\" \/>\n<meta property=\"og:type\" content=\"article\" \/>\n<meta property=\"og:title\" content=\"Makita CL121DSA - MIR-MAR\" \/>\n<meta property=\"og:description\" content=\"Nap&aacute;jacie nap&auml;tie 12 V Max (10,8 V)  Typ bat&eacute;rie Li-ion  Podporovan&eacute; bat&eacute;rie 1,5 \/ 2,0 \/ 4,0 Ah  Sac&iacute; v&yacute;kon (1. stupe\u0148) 5 W  Sac&iacute; v&yacute;kon (2. stupe\u0148) 19 W  Sac&iacute; v&yacute;kon (3. stupe\u0148) 28 W  Prietok vzduchu 1,3 m&sup3;\/min  Maxim&aacute;lne v&aacute;kuum 4,6 kPa  Pracovn&yacute; \u010das pri jednom nabit&iacute; bat&eacute;rie BL1041B prevodov&yacute; stupe\u0148 1: 67 min.  Pracovn&yacute; \u010das pri jednom nabit&iacute; bat&eacute;rie BL1041B prevodov&yacute; stupe\u0148 2: 32 min.  Pracovn&yacute; \u010das pri jednom nabit&iacute; bat&eacute;rie BL1041B prevodov&yacute; stupe\u0148 3: 27 min.  Kapacita: textiln&eacute; vrecko 500 ml  Kapacita: papierov&eacute; vrecko 330 l  Rozmery (D x &Scaron; x V) 359 x 138 x 202 mm  Hmotnos\u0165 (EPTA) 1,7 - 1,8 kg\" \/>\n<meta property=\"og:url\" content=\"http:\/\/dafinoo.eu\/mirmar\/obchod\/makita-cl121dsa\/\" \/>\n<meta property=\"og:site_name\" content=\"MIR-MAR\" \/>\n<meta property=\"article:publisher\" content=\"https:\/\/facebook.com\/mirmareshop\" \/>\n<meta property=\"article:modified_time\" content=\"2021-04-19T18:00:45+00:00\" \/>\n<meta property=\"og:image\" content=\"https:\/\/i0.wp.com\/www.mirmar.sk\/wp-content\/uploads\/2021\/03\/cl121d_0419_ma.jpg?fit=945%2C945&ssl=1\" \/>\n\t<meta property=\"og:image:width\" content=\"945\" \/>\n\t<meta property=\"og:image:height\" content=\"945\" \/>\n\t<meta property=\"og:image:type\" content=\"image\/jpeg\" \/>\n<meta name=\"twitter:label1\" content=\"Predpokladan\u00fd \u010das \u010d\u00edtania\" \/>\n\t<meta name=\"twitter:data1\" content=\"1 min\u00fata\" \/>\n<script type=\"application\/ld+json\" class=\"yoast-schema-graph\">{\"@context\":\"https:\\\/\\\/schema.org\",\"@graph\":[{\"@type\":\"WebPage\",\"@id\":\"http:\\\/\\\/dafinoo.eu\\\/mirmar\\\/obchod\\\/makita-cl121dsa\\\/\",\"url\":\"http:\\\/\\\/dafinoo.eu\\\/mirmar\\\/obchod\\\/makita-cl121dsa\\\/\",\"name\":\"Makita CL121DSA - MIR-MAR\",\"isPartOf\":{\"@id\":\"http:\\\/\\\/dafinoo.eu\\\/mirmar\\\/#website\"},\"primaryImageOfPage\":{\"@id\":\"http:\\\/\\\/dafinoo.eu\\\/mirmar\\\/obchod\\\/makita-cl121dsa\\\/#primaryimage\"},\"image\":{\"@id\":\"http:\\\/\\\/dafinoo.eu\\\/mirmar\\\/obchod\\\/makita-cl121dsa\\\/#primaryimage\"},\"thumbnailUrl\":\"http:\\\/\\\/dafinoo.eu\\\/mirmar\\\/wp-content\\\/uploads\\\/2021\\\/03\\\/cl121d_0419_ma.jpg\",\"datePublished\":\"2021-03-15T16:47:26+00:00\",\"dateModified\":\"2021-04-19T18:00:45+00:00\",\"breadcrumb\":{\"@id\":\"http:\\\/\\\/dafinoo.eu\\\/mirmar\\\/obchod\\\/makita-cl121dsa\\\/#breadcrumb\"},\"inLanguage\":\"sk-SK\",\"potentialAction\":[{\"@type\":\"ReadAction\",\"target\":[\"http:\\\/\\\/dafinoo.eu\\\/mirmar\\\/obchod\\\/makita-cl121dsa\\\/\"]}]},{\"@type\":\"ImageObject\",\"inLanguage\":\"sk-SK\",\"@id\":\"http:\\\/\\\/dafinoo.eu\\\/mirmar\\\/obchod\\\/makita-cl121dsa\\\/#primaryimage\",\"url\":\"http:\\\/\\\/dafinoo.eu\\\/mirmar\\\/wp-content\\\/uploads\\\/2021\\\/03\\\/cl121d_0419_ma.jpg\",\"contentUrl\":\"http:\\\/\\\/dafinoo.eu\\\/mirmar\\\/wp-content\\\/uploads\\\/2021\\\/03\\\/cl121d_0419_ma.jpg\",\"width\":945,\"height\":945},{\"@type\":\"BreadcrumbList\",\"@id\":\"http:\\\/\\\/dafinoo.eu\\\/mirmar\\\/obchod\\\/makita-cl121dsa\\\/#breadcrumb\",\"itemListElement\":[{\"@type\":\"ListItem\",\"position\":1,\"name\":\"Domovsk\u00e1 str\u00e1nka\",\"item\":\"http:\\\/\\\/dafinoo.eu\\\/mirmar\\\/\"},{\"@type\":\"ListItem\",\"position\":2,\"name\":\"Obchod\",\"item\":\"http:\\\/\\\/dafinoo.eu\\\/mirmar\\\/obchod\\\/\"},{\"@type\":\"ListItem\",\"position\":3,\"name\":\"Makita CL121DSA\"}]},{\"@type\":\"WebSite\",\"@id\":\"http:\\\/\\\/dafinoo.eu\\\/mirmar\\\/#website\",\"url\":\"http:\\\/\\\/dafinoo.eu\\\/mirmar\\\/\",\"name\":\"MIR-MAR\",\"description\":\"Eshop s n\u00e1rad\u00edm\",\"publisher\":{\"@id\":\"http:\\\/\\\/dafinoo.eu\\\/mirmar\\\/#organization\"},\"potentialAction\":[{\"@type\":\"SearchAction\",\"target\":{\"@type\":\"EntryPoint\",\"urlTemplate\":\"http:\\\/\\\/dafinoo.eu\\\/mirmar\\\/?s={search_term_string}\"},\"query-input\":{\"@type\":\"PropertyValueSpecification\",\"valueRequired\":true,\"valueName\":\"search_term_string\"}}],\"inLanguage\":\"sk-SK\"},{\"@type\":\"Organization\",\"@id\":\"http:\\\/\\\/dafinoo.eu\\\/mirmar\\\/#organization\",\"name\":\"MIR-MAR\",\"url\":\"http:\\\/\\\/dafinoo.eu\\\/mirmar\\\/\",\"logo\":{\"@type\":\"ImageObject\",\"inLanguage\":\"sk-SK\",\"@id\":\"http:\\\/\\\/dafinoo.eu\\\/mirmar\\\/#\\\/schema\\\/logo\\\/image\\\/\",\"url\":\"http:\\\/\\\/dafinoo.eu\\\/mirmar\\\/wp-content\\\/uploads\\\/2021\\\/03\\\/mirmar_logo.png\",\"contentUrl\":\"http:\\\/\\\/dafinoo.eu\\\/mirmar\\\/wp-content\\\/uploads\\\/2021\\\/03\\\/mirmar_logo.png\",\"width\":256,\"height\":60,\"caption\":\"MIR-MAR\"},\"image\":{\"@id\":\"http:\\\/\\\/dafinoo.eu\\\/mirmar\\\/#\\\/schema\\\/logo\\\/image\\\/\"},\"sameAs\":[\"https:\\\/\\\/facebook.com\\\/mirmareshop\"]}]}<\/script>\n<!-- \/ Yoast SEO plugin. -->","yoast_head_json":{"title":"Makita CL121DSA - MIR-MAR","robots":{"index":"index","follow":"follow","max-snippet":"max-snippet:-1","max-image-preview":"max-image-preview:large","max-video-preview":"max-video-preview:-1"},"canonical":"http:\/\/dafinoo.eu\/mirmar\/obchod\/makita-cl121dsa\/","og_locale":"sk_SK","og_type":"article","og_title":"Makita CL121DSA - MIR-MAR","og_description":"Nap&aacute;jacie nap&auml;tie 12 V Max (10,8 V)  Typ bat&eacute;rie Li-ion  Podporovan&eacute; bat&eacute;rie 1,5 \/ 2,0 \/ 4,0 Ah  Sac&iacute; v&yacute;kon (1. stupe\u0148) 5 W  Sac&iacute; v&yacute;kon (2. stupe\u0148) 19 W  Sac&iacute; v&yacute;kon (3. stupe\u0148) 28 W  Prietok vzduchu 1,3 m&sup3;\/min  Maxim&aacute;lne v&aacute;kuum 4,6 kPa  Pracovn&yacute; \u010das pri jednom nabit&iacute; bat&eacute;rie BL1041B prevodov&yacute; stupe\u0148 1: 67 min.  Pracovn&yacute; \u010das pri jednom nabit&iacute; bat&eacute;rie BL1041B prevodov&yacute; stupe\u0148 2: 32 min.  Pracovn&yacute; \u010das pri jednom nabit&iacute; bat&eacute;rie BL1041B prevodov&yacute; stupe\u0148 3: 27 min.  Kapacita: textiln&eacute; vrecko 500 ml  Kapacita: papierov&eacute; vrecko 330 l  Rozmery (D x &Scaron; x V) 359 x 138 x 202 mm  Hmotnos\u0165 (EPTA) 1,7 - 1,8 kg","og_url":"http:\/\/dafinoo.eu\/mirmar\/obchod\/makita-cl121dsa\/","og_site_name":"MIR-MAR","article_publisher":"https:\/\/facebook.com\/mirmareshop","article_modified_time":"2021-04-19T18:00:45+00:00","og_image":[{"width":945,"height":945,"url":"https:\/\/i0.wp.com\/www.mirmar.sk\/wp-content\/uploads\/2021\/03\/cl121d_0419_ma.jpg?fit=945%2C945&ssl=1","type":"image\/jpeg"}],"twitter_misc":{"Predpokladan\u00fd \u010das \u010d\u00edtania":"1 min\u00fata"},"schema":{"@context":"https:\/\/schema.org","@graph":[{"@type":"WebPage","@id":"http:\/\/dafinoo.eu\/mirmar\/obchod\/makita-cl121dsa\/","url":"http:\/\/dafinoo.eu\/mirmar\/obchod\/makita-cl121dsa\/","name":"Makita CL121DSA - MIR-MAR","isPartOf":{"@id":"http:\/\/dafinoo.eu\/mirmar\/#website"},"primaryImageOfPage":{"@id":"http:\/\/dafinoo.eu\/mirmar\/obchod\/makita-cl121dsa\/#primaryimage"},"image":{"@id":"http:\/\/dafinoo.eu\/mirmar\/obchod\/makita-cl121dsa\/#primaryimage"},"thumbnailUrl":"http:\/\/dafinoo.eu\/mirmar\/wp-content\/uploads\/2021\/03\/cl121d_0419_ma.jpg","datePublished":"2021-03-15T16:47:26+00:00","dateModified":"2021-04-19T18:00:45+00:00","breadcrumb":{"@id":"http:\/\/dafinoo.eu\/mirmar\/obchod\/makita-cl121dsa\/#breadcrumb"},"inLanguage":"sk-SK","potentialAction":[{"@type":"ReadAction","target":["http:\/\/dafinoo.eu\/mirmar\/obchod\/makita-cl121dsa\/"]}]},{"@type":"ImageObject","inLanguage":"sk-SK","@id":"http:\/\/dafinoo.eu\/mirmar\/obchod\/makita-cl121dsa\/#primaryimage","url":"http:\/\/dafinoo.eu\/mirmar\/wp-content\/uploads\/2021\/03\/cl121d_0419_ma.jpg","contentUrl":"http:\/\/dafinoo.eu\/mirmar\/wp-content\/uploads\/2021\/03\/cl121d_0419_ma.jpg","width":945,"height":945},{"@type":"BreadcrumbList","@id":"http:\/\/dafinoo.eu\/mirmar\/obchod\/makita-cl121dsa\/#breadcrumb","itemListElement":[{"@type":"ListItem","position":1,"name":"Domovsk\u00e1 str\u00e1nka","item":"http:\/\/dafinoo.eu\/mirmar\/"},{"@type":"ListItem","position":2,"name":"Obchod","item":"http:\/\/dafinoo.eu\/mirmar\/obchod\/"},{"@type":"ListItem","position":3,"name":"Makita CL121DSA"}]},{"@type":"WebSite","@id":"http:\/\/dafinoo.eu\/mirmar\/#website","url":"http:\/\/dafinoo.eu\/mirmar\/","name":"MIR-MAR","description":"Eshop s n\u00e1rad\u00edm","publisher":{"@id":"http:\/\/dafinoo.eu\/mirmar\/#organization"},"potentialAction":[{"@type":"SearchAction","target":{"@type":"EntryPoint","urlTemplate":"http:\/\/dafinoo.eu\/mirmar\/?s={search_term_string}"},"query-input":{"@type":"PropertyValueSpecification","valueRequired":true,"valueName":"search_term_string"}}],"inLanguage":"sk-SK"},{"@type":"Organization","@id":"http:\/\/dafinoo.eu\/mirmar\/#organization","name":"MIR-MAR","url":"http:\/\/dafinoo.eu\/mirmar\/","logo":{"@type":"ImageObject","inLanguage":"sk-SK","@id":"http:\/\/dafinoo.eu\/mirmar\/#\/schema\/logo\/image\/","url":"http:\/\/dafinoo.eu\/mirmar\/wp-content\/uploads\/2021\/03\/mirmar_logo.png","contentUrl":"http:\/\/dafinoo.eu\/mirmar\/wp-content\/uploads\/2021\/03\/mirmar_logo.png","width":256,"height":60,"caption":"MIR-MAR"},"image":{"@id":"http:\/\/dafinoo.eu\/mirmar\/#\/schema\/logo\/image\/"},"sameAs":["https:\/\/facebook.com\/mirmareshop"]}]}},"_links":{"self":[{"href":"http:\/\/dafinoo.eu\/mirmar\/wp-json\/wp\/v2\/product\/41699","targetHints":{"allow":["GET"]}}],"collection":[{"href":"http:\/\/dafinoo.eu\/mirmar\/wp-json\/wp\/v2\/product"}],"about":[{"href":"http:\/\/dafinoo.eu\/mirmar\/wp-json\/wp\/v2\/types\/product"}],"replies":[{"embeddable":true,"href":"http:\/\/dafinoo.eu\/mirmar\/wp-json\/wp\/v2\/comments?post=41699"}],"wp:featuredmedia":[{"embeddable":true,"href":"http:\/\/dafinoo.eu\/mirmar\/wp-json\/wp\/v2\/media\/41700"}],"wp:attachment":[{"href":"http:\/\/dafinoo.eu\/mirmar\/wp-json\/wp\/v2\/media?parent=41699"}],"wp:term":[{"taxonomy":"product_cat","embeddable":true,"href":"http:\/\/dafinoo.eu\/mirmar\/wp-json\/wp\/v2\/product_cat?post=41699"},{"taxonomy":"product_tag","embeddable":true,"href":"http:\/\/dafinoo.eu\/mirmar\/wp-json\/wp\/v2\/product_tag?post=41699"}],"curies":[{"name":"wp","href":"https:\/\/api.w.org\/{rel}","templated":true}]}}