{"id":41734,"date":"2021-03-15T17:47:26","date_gmt":"2021-03-15T16:47:26","guid":{"rendered":"http:\/\/dafinoo.eu\/mirmar\/product\/makita-dls111zu\/"},"modified":"2022-02-15T10:28:13","modified_gmt":"2022-02-15T09:28:13","slug":"makita-dls111zu","status":"publish","type":"product","link":"http:\/\/dafinoo.eu\/mirmar\/obchod\/makita-dls111zu\/","title":{"rendered":"MAKITA DLS111ZU"},"content":{"rendered":"<p>Pokosov&aacute; p&iacute;la s akumul&aacute;torom disponuje robustnou kon&scaron;trukciou v\u010faka ktorej je vysoko odoln&aacute; a zaru\u010d&iacute; dlh&uacute; \u017eivotnos\u0165. P&iacute;la poskytuje dokonal&uacute; ochranu v&yacute;konn&eacute;mu motoru. K dispoz&iacute;ci&iacute; je elektronick&aacute; brzda motora, dvojit&eacute; vedenie a mo\u017enos\u0165 nastavenia uhlov 47 &deg; v\u013eavo 57 &deg; vpravo.<\/p>\n","protected":false},"excerpt":{"rendered":"<p>Technick&eacute; parametre:<\/p>\n<p>V&yacute;kon: 1.500 W<\/p>\n<p>Vo\u013enobe\u017en&eacute; ot&aacute;\u010dky: 4.400 min-1<\/p>\n<p>Max. rezn&yacute; v&yacute;kon pri 90&deg;: 91 x 279 \/ 68 x 310 mm<\/p>\n<p>Max. rezn&yacute; v&yacute;kon pri 45&deg;: 91 x 197 \/ 68 x 218 mm<\/p>\n<p>P&iacute;lov&yacute; kot&uacute;\u010d: 260 mm<\/p>\n<p>Otvor p&iacute;lov&eacute;ho kot&uacute;\u010da: 30 mm<\/p>\n<p>Akumul&aacute;tor: 2 x 18 V<\/p>\n<p>Hmotnos\u0165: 26,6 kg<\/p>\n<p>Rozmery (D x &Scaron; x V): 805 x 644 x 660 mm<\/p>\n<p>S&uacute;\u010das\u0165 balenia: imbusov&yacute; k\u013e&uacute;\u010d \u010d.5<\/p>\n<p>K\u013e&uacute;\u010d<\/p>\n<p>Vodorovn&aacute; svorka<\/p>\n<p>Vak na prach<\/p>\n<p>Ods&aacute;vac&iacute; adapt&eacute;r<\/p>\n<p>Pred\u013a\u017eenie<\/p>\n","protected":false},"featured_media":41735,"comment_status":"closed","ping_status":"closed","template":"","meta":{"_lmt_disableupdate":"","_lmt_disable":""},"product_cat":[3051,3367,3141,3381],"product_tag":[],"class_list":{"0":"post-41734","1":"product","2":"type-product","3":"status-publish","4":"has-post-thumbnail","6":"product_cat-makita","7":"product_cat-pily-akumulatorove-naradie-makita","8":"product_cat-akumulatorove-naradie-makita","9":"product_cat-pily-2x18v","11":"first","12":"instock","13":"taxable","14":"shipping-taxable","15":"purchasable","16":"product-type-simple"},"yoast_head":"<!-- This site is optimized with the Yoast SEO plugin v27.3 - https:\/\/yoast.com\/product\/yoast-seo-wordpress\/ -->\n<title>MAKITA DLS111ZU - MIR-MAR<\/title>\n<meta name=\"robots\" content=\"index, follow, max-snippet:-1, max-image-preview:large, max-video-preview:-1\" \/>\n<link rel=\"canonical\" href=\"http:\/\/dafinoo.eu\/mirmar\/obchod\/makita-dls111zu\/\" \/>\n<meta property=\"og:locale\" content=\"sk_SK\" \/>\n<meta property=\"og:type\" content=\"article\" \/>\n<meta property=\"og:title\" content=\"MAKITA DLS111ZU - MIR-MAR\" \/>\n<meta property=\"og:description\" content=\"Technick&eacute; parametre: V&yacute;kon: 1.500 W Vo\u013enobe\u017en&eacute; ot&aacute;\u010dky: 4.400 min-1 Max. rezn&yacute; v&yacute;kon pri 90&deg;: 91 x 279 \/ 68 x 310 mm Max. rezn&yacute; v&yacute;kon pri 45&deg;: 91 x 197 \/ 68 x 218 mm P&iacute;lov&yacute; kot&uacute;\u010d: 260 mm Otvor p&iacute;lov&eacute;ho kot&uacute;\u010da: 30 mm Akumul&aacute;tor: 2 x 18 V Hmotnos\u0165: 26,6 kg Rozmery (D x &Scaron; x V): 805 x 644 x 660 mm S&uacute;\u010das\u0165 balenia: imbusov&yacute; k\u013e&uacute;\u010d \u010d.5 K\u013e&uacute;\u010d Vodorovn&aacute; svorka Vak na prach Ods&aacute;vac&iacute; adapt&eacute;r Pred\u013a\u017eenie\" \/>\n<meta property=\"og:url\" content=\"http:\/\/dafinoo.eu\/mirmar\/obchod\/makita-dls111zu\/\" \/>\n<meta property=\"og:site_name\" content=\"MIR-MAR\" \/>\n<meta property=\"article:publisher\" content=\"https:\/\/facebook.com\/mirmareshop\" \/>\n<meta property=\"article:modified_time\" content=\"2022-02-15T09:28:13+00:00\" \/>\n<meta property=\"og:image\" content=\"http:\/\/dafinoo.eu\/mirmar\/wp-content\/uploads\/2021\/03\/dls211z_0519_ma.tif.jpg\" \/>\n\t<meta property=\"og:image:width\" content=\"640\" \/>\n\t<meta property=\"og:image:height\" content=\"640\" \/>\n\t<meta property=\"og:image:type\" content=\"image\/jpeg\" \/>\n<script type=\"application\/ld+json\" class=\"yoast-schema-graph\">{\"@context\":\"https:\\\/\\\/schema.org\",\"@graph\":[{\"@type\":\"WebPage\",\"@id\":\"http:\\\/\\\/dafinoo.eu\\\/mirmar\\\/obchod\\\/makita-dls111zu\\\/\",\"url\":\"http:\\\/\\\/dafinoo.eu\\\/mirmar\\\/obchod\\\/makita-dls111zu\\\/\",\"name\":\"MAKITA DLS111ZU - MIR-MAR\",\"isPartOf\":{\"@id\":\"http:\\\/\\\/dafinoo.eu\\\/mirmar\\\/#website\"},\"primaryImageOfPage\":{\"@id\":\"http:\\\/\\\/dafinoo.eu\\\/mirmar\\\/obchod\\\/makita-dls111zu\\\/#primaryimage\"},\"image\":{\"@id\":\"http:\\\/\\\/dafinoo.eu\\\/mirmar\\\/obchod\\\/makita-dls111zu\\\/#primaryimage\"},\"thumbnailUrl\":\"http:\\\/\\\/dafinoo.eu\\\/mirmar\\\/wp-content\\\/uploads\\\/2021\\\/03\\\/dls211z_0519_ma.tif.jpg\",\"datePublished\":\"2021-03-15T16:47:26+00:00\",\"dateModified\":\"2022-02-15T09:28:13+00:00\",\"breadcrumb\":{\"@id\":\"http:\\\/\\\/dafinoo.eu\\\/mirmar\\\/obchod\\\/makita-dls111zu\\\/#breadcrumb\"},\"inLanguage\":\"sk-SK\",\"potentialAction\":[{\"@type\":\"ReadAction\",\"target\":[\"http:\\\/\\\/dafinoo.eu\\\/mirmar\\\/obchod\\\/makita-dls111zu\\\/\"]}]},{\"@type\":\"ImageObject\",\"inLanguage\":\"sk-SK\",\"@id\":\"http:\\\/\\\/dafinoo.eu\\\/mirmar\\\/obchod\\\/makita-dls111zu\\\/#primaryimage\",\"url\":\"http:\\\/\\\/dafinoo.eu\\\/mirmar\\\/wp-content\\\/uploads\\\/2021\\\/03\\\/dls211z_0519_ma.tif.jpg\",\"contentUrl\":\"http:\\\/\\\/dafinoo.eu\\\/mirmar\\\/wp-content\\\/uploads\\\/2021\\\/03\\\/dls211z_0519_ma.tif.jpg\",\"width\":640,\"height\":640},{\"@type\":\"BreadcrumbList\",\"@id\":\"http:\\\/\\\/dafinoo.eu\\\/mirmar\\\/obchod\\\/makita-dls111zu\\\/#breadcrumb\",\"itemListElement\":[{\"@type\":\"ListItem\",\"position\":1,\"name\":\"Domovsk\u00e1 str\u00e1nka\",\"item\":\"http:\\\/\\\/dafinoo.eu\\\/mirmar\\\/\"},{\"@type\":\"ListItem\",\"position\":2,\"name\":\"Obchod\",\"item\":\"http:\\\/\\\/dafinoo.eu\\\/mirmar\\\/obchod\\\/\"},{\"@type\":\"ListItem\",\"position\":3,\"name\":\"MAKITA DLS111ZU\"}]},{\"@type\":\"WebSite\",\"@id\":\"http:\\\/\\\/dafinoo.eu\\\/mirmar\\\/#website\",\"url\":\"http:\\\/\\\/dafinoo.eu\\\/mirmar\\\/\",\"name\":\"MIR-MAR\",\"description\":\"Eshop s n\u00e1rad\u00edm\",\"publisher\":{\"@id\":\"http:\\\/\\\/dafinoo.eu\\\/mirmar\\\/#organization\"},\"potentialAction\":[{\"@type\":\"SearchAction\",\"target\":{\"@type\":\"EntryPoint\",\"urlTemplate\":\"http:\\\/\\\/dafinoo.eu\\\/mirmar\\\/?s={search_term_string}\"},\"query-input\":{\"@type\":\"PropertyValueSpecification\",\"valueRequired\":true,\"valueName\":\"search_term_string\"}}],\"inLanguage\":\"sk-SK\"},{\"@type\":\"Organization\",\"@id\":\"http:\\\/\\\/dafinoo.eu\\\/mirmar\\\/#organization\",\"name\":\"MIR-MAR\",\"url\":\"http:\\\/\\\/dafinoo.eu\\\/mirmar\\\/\",\"logo\":{\"@type\":\"ImageObject\",\"inLanguage\":\"sk-SK\",\"@id\":\"http:\\\/\\\/dafinoo.eu\\\/mirmar\\\/#\\\/schema\\\/logo\\\/image\\\/\",\"url\":\"http:\\\/\\\/dafinoo.eu\\\/mirmar\\\/wp-content\\\/uploads\\\/2021\\\/03\\\/mirmar_logo.png\",\"contentUrl\":\"http:\\\/\\\/dafinoo.eu\\\/mirmar\\\/wp-content\\\/uploads\\\/2021\\\/03\\\/mirmar_logo.png\",\"width\":256,\"height\":60,\"caption\":\"MIR-MAR\"},\"image\":{\"@id\":\"http:\\\/\\\/dafinoo.eu\\\/mirmar\\\/#\\\/schema\\\/logo\\\/image\\\/\"},\"sameAs\":[\"https:\\\/\\\/facebook.com\\\/mirmareshop\"]}]}<\/script>\n<!-- \/ Yoast SEO plugin. -->","yoast_head_json":{"title":"MAKITA DLS111ZU - MIR-MAR","robots":{"index":"index","follow":"follow","max-snippet":"max-snippet:-1","max-image-preview":"max-image-preview:large","max-video-preview":"max-video-preview:-1"},"canonical":"http:\/\/dafinoo.eu\/mirmar\/obchod\/makita-dls111zu\/","og_locale":"sk_SK","og_type":"article","og_title":"MAKITA DLS111ZU - MIR-MAR","og_description":"Technick&eacute; parametre: V&yacute;kon: 1.500 W Vo\u013enobe\u017en&eacute; ot&aacute;\u010dky: 4.400 min-1 Max. rezn&yacute; v&yacute;kon pri 90&deg;: 91 x 279 \/ 68 x 310 mm Max. rezn&yacute; v&yacute;kon pri 45&deg;: 91 x 197 \/ 68 x 218 mm P&iacute;lov&yacute; kot&uacute;\u010d: 260 mm Otvor p&iacute;lov&eacute;ho kot&uacute;\u010da: 30 mm Akumul&aacute;tor: 2 x 18 V Hmotnos\u0165: 26,6 kg Rozmery (D x &Scaron; x V): 805 x 644 x 660 mm S&uacute;\u010das\u0165 balenia: imbusov&yacute; k\u013e&uacute;\u010d \u010d.5 K\u013e&uacute;\u010d Vodorovn&aacute; svorka Vak na prach Ods&aacute;vac&iacute; adapt&eacute;r Pred\u013a\u017eenie","og_url":"http:\/\/dafinoo.eu\/mirmar\/obchod\/makita-dls111zu\/","og_site_name":"MIR-MAR","article_publisher":"https:\/\/facebook.com\/mirmareshop","article_modified_time":"2022-02-15T09:28:13+00:00","og_image":[{"width":640,"height":640,"url":"http:\/\/dafinoo.eu\/mirmar\/wp-content\/uploads\/2021\/03\/dls211z_0519_ma.tif.jpg","type":"image\/jpeg"}],"schema":{"@context":"https:\/\/schema.org","@graph":[{"@type":"WebPage","@id":"http:\/\/dafinoo.eu\/mirmar\/obchod\/makita-dls111zu\/","url":"http:\/\/dafinoo.eu\/mirmar\/obchod\/makita-dls111zu\/","name":"MAKITA DLS111ZU - MIR-MAR","isPartOf":{"@id":"http:\/\/dafinoo.eu\/mirmar\/#website"},"primaryImageOfPage":{"@id":"http:\/\/dafinoo.eu\/mirmar\/obchod\/makita-dls111zu\/#primaryimage"},"image":{"@id":"http:\/\/dafinoo.eu\/mirmar\/obchod\/makita-dls111zu\/#primaryimage"},"thumbnailUrl":"http:\/\/dafinoo.eu\/mirmar\/wp-content\/uploads\/2021\/03\/dls211z_0519_ma.tif.jpg","datePublished":"2021-03-15T16:47:26+00:00","dateModified":"2022-02-15T09:28:13+00:00","breadcrumb":{"@id":"http:\/\/dafinoo.eu\/mirmar\/obchod\/makita-dls111zu\/#breadcrumb"},"inLanguage":"sk-SK","potentialAction":[{"@type":"ReadAction","target":["http:\/\/dafinoo.eu\/mirmar\/obchod\/makita-dls111zu\/"]}]},{"@type":"ImageObject","inLanguage":"sk-SK","@id":"http:\/\/dafinoo.eu\/mirmar\/obchod\/makita-dls111zu\/#primaryimage","url":"http:\/\/dafinoo.eu\/mirmar\/wp-content\/uploads\/2021\/03\/dls211z_0519_ma.tif.jpg","contentUrl":"http:\/\/dafinoo.eu\/mirmar\/wp-content\/uploads\/2021\/03\/dls211z_0519_ma.tif.jpg","width":640,"height":640},{"@type":"BreadcrumbList","@id":"http:\/\/dafinoo.eu\/mirmar\/obchod\/makita-dls111zu\/#breadcrumb","itemListElement":[{"@type":"ListItem","position":1,"name":"Domovsk\u00e1 str\u00e1nka","item":"http:\/\/dafinoo.eu\/mirmar\/"},{"@type":"ListItem","position":2,"name":"Obchod","item":"http:\/\/dafinoo.eu\/mirmar\/obchod\/"},{"@type":"ListItem","position":3,"name":"MAKITA DLS111ZU"}]},{"@type":"WebSite","@id":"http:\/\/dafinoo.eu\/mirmar\/#website","url":"http:\/\/dafinoo.eu\/mirmar\/","name":"MIR-MAR","description":"Eshop s n\u00e1rad\u00edm","publisher":{"@id":"http:\/\/dafinoo.eu\/mirmar\/#organization"},"potentialAction":[{"@type":"SearchAction","target":{"@type":"EntryPoint","urlTemplate":"http:\/\/dafinoo.eu\/mirmar\/?s={search_term_string}"},"query-input":{"@type":"PropertyValueSpecification","valueRequired":true,"valueName":"search_term_string"}}],"inLanguage":"sk-SK"},{"@type":"Organization","@id":"http:\/\/dafinoo.eu\/mirmar\/#organization","name":"MIR-MAR","url":"http:\/\/dafinoo.eu\/mirmar\/","logo":{"@type":"ImageObject","inLanguage":"sk-SK","@id":"http:\/\/dafinoo.eu\/mirmar\/#\/schema\/logo\/image\/","url":"http:\/\/dafinoo.eu\/mirmar\/wp-content\/uploads\/2021\/03\/mirmar_logo.png","contentUrl":"http:\/\/dafinoo.eu\/mirmar\/wp-content\/uploads\/2021\/03\/mirmar_logo.png","width":256,"height":60,"caption":"MIR-MAR"},"image":{"@id":"http:\/\/dafinoo.eu\/mirmar\/#\/schema\/logo\/image\/"},"sameAs":["https:\/\/facebook.com\/mirmareshop"]}]}},"_links":{"self":[{"href":"http:\/\/dafinoo.eu\/mirmar\/wp-json\/wp\/v2\/product\/41734","targetHints":{"allow":["GET"]}}],"collection":[{"href":"http:\/\/dafinoo.eu\/mirmar\/wp-json\/wp\/v2\/product"}],"about":[{"href":"http:\/\/dafinoo.eu\/mirmar\/wp-json\/wp\/v2\/types\/product"}],"replies":[{"embeddable":true,"href":"http:\/\/dafinoo.eu\/mirmar\/wp-json\/wp\/v2\/comments?post=41734"}],"wp:featuredmedia":[{"embeddable":true,"href":"http:\/\/dafinoo.eu\/mirmar\/wp-json\/wp\/v2\/media\/41735"}],"wp:attachment":[{"href":"http:\/\/dafinoo.eu\/mirmar\/wp-json\/wp\/v2\/media?parent=41734"}],"wp:term":[{"taxonomy":"product_cat","embeddable":true,"href":"http:\/\/dafinoo.eu\/mirmar\/wp-json\/wp\/v2\/product_cat?post=41734"},{"taxonomy":"product_tag","embeddable":true,"href":"http:\/\/dafinoo.eu\/mirmar\/wp-json\/wp\/v2\/product_tag?post=41734"}],"curies":[{"name":"wp","href":"https:\/\/api.w.org\/{rel}","templated":true}]}}