{"id":42655,"date":"2021-05-07T15:25:20","date_gmt":"2021-05-07T13:25:20","guid":{"rendered":"http:\/\/dafinoo.eu\/mirmar\/?post_type=product&#038;p=42655"},"modified":"2021-05-07T15:32:59","modified_gmt":"2021-05-07T13:32:59","slug":"makita-dhr182z","status":"publish","type":"product","link":"http:\/\/dafinoo.eu\/mirmar\/obchod\/makita-dhr182z\/","title":{"rendered":"Makita DHR182Z"},"content":{"rendered":"<ul>\n<li>3 pracovn\u00e9 re\u017eimy: v\u0155tanie, v\u0155tanie s\u00a0pr\u00edklepom, sekanie<\/li>\n<li><i class=\"icon-check text-success\"><\/i>BL motor (bezuhl\u00edkov\u00fd)<\/li>\n<li><i class=\"icon-check text-success\"><\/i>XPT technol\u00f3gia &#8211; zv\u00fd\u0161en\u00e1 odolnos\u0165 proti prachu a vlhkosti<\/li>\n<li><i class=\"icon-check text-success\"><\/i>Funkcia AWS &#8211; Auto-start Wireless System &#8211; umo\u017e\u0148uje bezdr\u00f4tov\u00e9 pripojenie vys\u00e1va\u010da a elektrick\u00e9ho n\u00e1radia pomocou Bluetooth, tak\u017ee sa vys\u00e1va\u010d spust\u00ed pri spusten\u00ed elektrick\u00e9ho n\u00e1radia<\/li>\n<li><i class=\"icon-check text-success\"><\/i>Antivibra\u010dn\u00e1 technol\u00f3gia Teleso AVT a puzdro tlmi\u010da vibr\u00e1ci\u00ed<\/li>\n<li><i class=\"icon-check text-success\"><\/i>Mimoriadne \u013eahk\u00fd a kompaktn\u00fd<\/li>\n<li><i class=\"icon-check text-success\"><\/i>Vysok\u00e1 kapacita v\u0155tania<\/li>\n<li><i class=\"icon-check text-success\"><\/i>Dr\u017eiak n\u00e1radia SDS-PLUS<\/li>\n<li><i class=\"icon-check text-success\"><\/i>Dvojit\u00e1 LED osvet\u013euj\u00faca pracovn\u00fa plochu s oneskoren\u00fdm dosvitom<\/li>\n<li><i class=\"icon-check text-success\"><\/i>Nepracuje s bat\u00e9riami BL1811G, BL1813G, BL1815G (bez elektroniky) a bat\u00e9riami BL1815 (18 V \/ 1,3 Ah)<\/li>\n<li><i class=\"icon-check text-success\"><\/i>Dod\u00e1va sa bez kufra, bat\u00e9ri\u00ed a nab\u00edja\u010dky<\/li>\n<\/ul>\n","protected":false},"excerpt":{"rendered":"<table class=\"table table-striped\">\n<tbody>\n<tr>\n<td>Akumul\u00e1tor<\/td>\n<td>18 V<\/td>\n<\/tr>\n<tr>\n<td>Typ bat\u00e9rie<\/td>\n<td>Li-ion<\/td>\n<\/tr>\n<tr>\n<td>Podporovan\u00e9 bat\u00e9rie<\/td>\n<td>1,5 \/ 2,0 \/ 3,0 \/ 4,0 \/ 5,0 \/ 6,0 Ah<\/td>\n<\/tr>\n<tr>\n<td>Vo\u013enobe\u017en\u00e9 ot\u00e1\u010dky<\/td>\n<td>0 &#8211; 1.350 min<sup>-1<\/sup><\/td>\n<\/tr>\n<tr>\n<td>Po\u010det \u00faderov naprazdno<\/td>\n<td>0 &#8211; 5.000 min<sup>-1<\/sup><\/td>\n<\/tr>\n<tr>\n<td>Max. v\u0155tac\u00ed v\u00fdkon &#8211; oce\u013e|bet\u00f3n|drevo<\/td>\n<td>13 \/ 18 \/ 24 mm<\/td>\n<\/tr>\n<tr>\n<td>Priemer v\u0155tania v bet\u00f3ne: \u010dipka:<\/td>\n<td>35 mm<\/td>\n<\/tr>\n<tr>\n<td>Priemer v\u0155tania v bet\u00f3ne: diamantov\u00e1 korunka:<\/td>\n<td>32 mm<\/td>\n<\/tr>\n<tr>\n<td>Sila jednotliv\u00e9ho pr\u00edklepu (EPTA)<\/td>\n<td>1,7 J<\/td>\n<\/tr>\n<tr>\n<td>Up\u00ednanie n\u00e1stroja<\/td>\n<td>SDS-PLUS<\/td>\n<\/tr>\n<tr>\n<td>Hmotnos\u0165 (EPTA)<\/td>\n<td>2,4 &#8211; 3,2 kg<\/td>\n<\/tr>\n<tr>\n<td>Rozmery (celkov\u00e1 d\u013a\u017eka)<\/td>\n<td>431 mm<\/td>\n<\/tr>\n<\/tbody>\n<\/table>\n","protected":false},"featured_media":0,"comment_status":"open","ping_status":"closed","template":"","meta":{"_lmt_disableupdate":"","_lmt_disable":""},"product_cat":[3447],"product_tag":[],"class_list":{"0":"post-42655","1":"product","2":"type-product","3":"status-publish","5":"product_cat-vrtacie-kladiva-sds-plus-18v","7":"first","8":"instock","9":"sale","10":"taxable","11":"shipping-taxable","12":"purchasable","13":"product-type-simple"},"yoast_head":"<!-- This site is optimized with the Yoast SEO plugin v27.3 - https:\/\/yoast.com\/product\/yoast-seo-wordpress\/ -->\n<title>Makita DHR182Z - MIR-MAR<\/title>\n<meta name=\"robots\" content=\"index, follow, max-snippet:-1, max-image-preview:large, max-video-preview:-1\" \/>\n<link rel=\"canonical\" href=\"http:\/\/dafinoo.eu\/mirmar\/obchod\/makita-dhr182z\/\" \/>\n<meta property=\"og:locale\" content=\"sk_SK\" \/>\n<meta property=\"og:type\" content=\"article\" \/>\n<meta property=\"og:title\" content=\"Makita DHR182Z - MIR-MAR\" \/>\n<meta property=\"og:description\" content=\"Akumul\u00e1tor 18 V   Typ bat\u00e9rie Li-ion   Podporovan\u00e9 bat\u00e9rie 1,5 \/ 2,0 \/ 3,0 \/ 4,0 \/ 5,0 \/ 6,0 Ah   Vo\u013enobe\u017en\u00e9 ot\u00e1\u010dky 0 - 1.350 min-1   Po\u010det \u00faderov naprazdno 0 - 5.000 min-1   Max. v\u0155tac\u00ed v\u00fdkon - oce\u013e|bet\u00f3n|drevo 13 \/ 18 \/ 24 mm   Priemer v\u0155tania v bet\u00f3ne: \u010dipka: 35 mm   Priemer v\u0155tania v bet\u00f3ne: diamantov\u00e1 korunka: 32 mm   Sila jednotliv\u00e9ho pr\u00edklepu (EPTA) 1,7 J   Up\u00ednanie n\u00e1stroja SDS-PLUS   Hmotnos\u0165 (EPTA) 2,4 - 3,2 kg   Rozmery (celkov\u00e1 d\u013a\u017eka) 431 mm\" \/>\n<meta property=\"og:url\" content=\"http:\/\/dafinoo.eu\/mirmar\/obchod\/makita-dhr182z\/\" \/>\n<meta property=\"og:site_name\" content=\"MIR-MAR\" \/>\n<meta property=\"article:publisher\" content=\"https:\/\/facebook.com\/mirmareshop\" \/>\n<meta property=\"article:modified_time\" content=\"2021-05-07T13:32:59+00:00\" \/>\n<meta property=\"og:image\" content=\"http:\/\/dafinoo.eu\/mirmar\/wp-content\/uploads\/2021\/03\/mirmar_logo.png\" \/>\n\t<meta property=\"og:image:width\" content=\"256\" \/>\n\t<meta property=\"og:image:height\" content=\"60\" \/>\n\t<meta property=\"og:image:type\" content=\"image\/png\" \/>\n<meta name=\"twitter:label1\" content=\"Predpokladan\u00fd \u010das \u010d\u00edtania\" \/>\n\t<meta name=\"twitter:data1\" content=\"1 min\u00fata\" \/>\n<script type=\"application\/ld+json\" class=\"yoast-schema-graph\">{\"@context\":\"https:\\\/\\\/schema.org\",\"@graph\":[{\"@type\":\"WebPage\",\"@id\":\"http:\\\/\\\/dafinoo.eu\\\/mirmar\\\/obchod\\\/makita-dhr182z\\\/\",\"url\":\"http:\\\/\\\/dafinoo.eu\\\/mirmar\\\/obchod\\\/makita-dhr182z\\\/\",\"name\":\"Makita DHR182Z - MIR-MAR\",\"isPartOf\":{\"@id\":\"http:\\\/\\\/dafinoo.eu\\\/mirmar\\\/#website\"},\"datePublished\":\"2021-05-07T13:25:20+00:00\",\"dateModified\":\"2021-05-07T13:32:59+00:00\",\"breadcrumb\":{\"@id\":\"http:\\\/\\\/dafinoo.eu\\\/mirmar\\\/obchod\\\/makita-dhr182z\\\/#breadcrumb\"},\"inLanguage\":\"sk-SK\",\"potentialAction\":[{\"@type\":\"ReadAction\",\"target\":[\"http:\\\/\\\/dafinoo.eu\\\/mirmar\\\/obchod\\\/makita-dhr182z\\\/\"]}]},{\"@type\":\"BreadcrumbList\",\"@id\":\"http:\\\/\\\/dafinoo.eu\\\/mirmar\\\/obchod\\\/makita-dhr182z\\\/#breadcrumb\",\"itemListElement\":[{\"@type\":\"ListItem\",\"position\":1,\"name\":\"Domovsk\u00e1 str\u00e1nka\",\"item\":\"http:\\\/\\\/dafinoo.eu\\\/mirmar\\\/\"},{\"@type\":\"ListItem\",\"position\":2,\"name\":\"Obchod\",\"item\":\"http:\\\/\\\/dafinoo.eu\\\/mirmar\\\/obchod\\\/\"},{\"@type\":\"ListItem\",\"position\":3,\"name\":\"Makita DHR182Z\"}]},{\"@type\":\"WebSite\",\"@id\":\"http:\\\/\\\/dafinoo.eu\\\/mirmar\\\/#website\",\"url\":\"http:\\\/\\\/dafinoo.eu\\\/mirmar\\\/\",\"name\":\"MIR-MAR\",\"description\":\"Eshop s n\u00e1rad\u00edm\",\"publisher\":{\"@id\":\"http:\\\/\\\/dafinoo.eu\\\/mirmar\\\/#organization\"},\"potentialAction\":[{\"@type\":\"SearchAction\",\"target\":{\"@type\":\"EntryPoint\",\"urlTemplate\":\"http:\\\/\\\/dafinoo.eu\\\/mirmar\\\/?s={search_term_string}\"},\"query-input\":{\"@type\":\"PropertyValueSpecification\",\"valueRequired\":true,\"valueName\":\"search_term_string\"}}],\"inLanguage\":\"sk-SK\"},{\"@type\":\"Organization\",\"@id\":\"http:\\\/\\\/dafinoo.eu\\\/mirmar\\\/#organization\",\"name\":\"MIR-MAR\",\"url\":\"http:\\\/\\\/dafinoo.eu\\\/mirmar\\\/\",\"logo\":{\"@type\":\"ImageObject\",\"inLanguage\":\"sk-SK\",\"@id\":\"http:\\\/\\\/dafinoo.eu\\\/mirmar\\\/#\\\/schema\\\/logo\\\/image\\\/\",\"url\":\"http:\\\/\\\/dafinoo.eu\\\/mirmar\\\/wp-content\\\/uploads\\\/2021\\\/03\\\/mirmar_logo.png\",\"contentUrl\":\"http:\\\/\\\/dafinoo.eu\\\/mirmar\\\/wp-content\\\/uploads\\\/2021\\\/03\\\/mirmar_logo.png\",\"width\":256,\"height\":60,\"caption\":\"MIR-MAR\"},\"image\":{\"@id\":\"http:\\\/\\\/dafinoo.eu\\\/mirmar\\\/#\\\/schema\\\/logo\\\/image\\\/\"},\"sameAs\":[\"https:\\\/\\\/facebook.com\\\/mirmareshop\"]}]}<\/script>\n<!-- \/ Yoast SEO plugin. -->","yoast_head_json":{"title":"Makita DHR182Z - MIR-MAR","robots":{"index":"index","follow":"follow","max-snippet":"max-snippet:-1","max-image-preview":"max-image-preview:large","max-video-preview":"max-video-preview:-1"},"canonical":"http:\/\/dafinoo.eu\/mirmar\/obchod\/makita-dhr182z\/","og_locale":"sk_SK","og_type":"article","og_title":"Makita DHR182Z - MIR-MAR","og_description":"Akumul\u00e1tor 18 V   Typ bat\u00e9rie Li-ion   Podporovan\u00e9 bat\u00e9rie 1,5 \/ 2,0 \/ 3,0 \/ 4,0 \/ 5,0 \/ 6,0 Ah   Vo\u013enobe\u017en\u00e9 ot\u00e1\u010dky 0 - 1.350 min-1   Po\u010det \u00faderov naprazdno 0 - 5.000 min-1   Max. v\u0155tac\u00ed v\u00fdkon - oce\u013e|bet\u00f3n|drevo 13 \/ 18 \/ 24 mm   Priemer v\u0155tania v bet\u00f3ne: \u010dipka: 35 mm   Priemer v\u0155tania v bet\u00f3ne: diamantov\u00e1 korunka: 32 mm   Sila jednotliv\u00e9ho pr\u00edklepu (EPTA) 1,7 J   Up\u00ednanie n\u00e1stroja SDS-PLUS   Hmotnos\u0165 (EPTA) 2,4 - 3,2 kg   Rozmery (celkov\u00e1 d\u013a\u017eka) 431 mm","og_url":"http:\/\/dafinoo.eu\/mirmar\/obchod\/makita-dhr182z\/","og_site_name":"MIR-MAR","article_publisher":"https:\/\/facebook.com\/mirmareshop","article_modified_time":"2021-05-07T13:32:59+00:00","og_image":[{"width":256,"height":60,"url":"http:\/\/dafinoo.eu\/mirmar\/wp-content\/uploads\/2021\/03\/mirmar_logo.png","type":"image\/png"}],"twitter_misc":{"Predpokladan\u00fd \u010das \u010d\u00edtania":"1 min\u00fata"},"schema":{"@context":"https:\/\/schema.org","@graph":[{"@type":"WebPage","@id":"http:\/\/dafinoo.eu\/mirmar\/obchod\/makita-dhr182z\/","url":"http:\/\/dafinoo.eu\/mirmar\/obchod\/makita-dhr182z\/","name":"Makita DHR182Z - MIR-MAR","isPartOf":{"@id":"http:\/\/dafinoo.eu\/mirmar\/#website"},"datePublished":"2021-05-07T13:25:20+00:00","dateModified":"2021-05-07T13:32:59+00:00","breadcrumb":{"@id":"http:\/\/dafinoo.eu\/mirmar\/obchod\/makita-dhr182z\/#breadcrumb"},"inLanguage":"sk-SK","potentialAction":[{"@type":"ReadAction","target":["http:\/\/dafinoo.eu\/mirmar\/obchod\/makita-dhr182z\/"]}]},{"@type":"BreadcrumbList","@id":"http:\/\/dafinoo.eu\/mirmar\/obchod\/makita-dhr182z\/#breadcrumb","itemListElement":[{"@type":"ListItem","position":1,"name":"Domovsk\u00e1 str\u00e1nka","item":"http:\/\/dafinoo.eu\/mirmar\/"},{"@type":"ListItem","position":2,"name":"Obchod","item":"http:\/\/dafinoo.eu\/mirmar\/obchod\/"},{"@type":"ListItem","position":3,"name":"Makita DHR182Z"}]},{"@type":"WebSite","@id":"http:\/\/dafinoo.eu\/mirmar\/#website","url":"http:\/\/dafinoo.eu\/mirmar\/","name":"MIR-MAR","description":"Eshop s n\u00e1rad\u00edm","publisher":{"@id":"http:\/\/dafinoo.eu\/mirmar\/#organization"},"potentialAction":[{"@type":"SearchAction","target":{"@type":"EntryPoint","urlTemplate":"http:\/\/dafinoo.eu\/mirmar\/?s={search_term_string}"},"query-input":{"@type":"PropertyValueSpecification","valueRequired":true,"valueName":"search_term_string"}}],"inLanguage":"sk-SK"},{"@type":"Organization","@id":"http:\/\/dafinoo.eu\/mirmar\/#organization","name":"MIR-MAR","url":"http:\/\/dafinoo.eu\/mirmar\/","logo":{"@type":"ImageObject","inLanguage":"sk-SK","@id":"http:\/\/dafinoo.eu\/mirmar\/#\/schema\/logo\/image\/","url":"http:\/\/dafinoo.eu\/mirmar\/wp-content\/uploads\/2021\/03\/mirmar_logo.png","contentUrl":"http:\/\/dafinoo.eu\/mirmar\/wp-content\/uploads\/2021\/03\/mirmar_logo.png","width":256,"height":60,"caption":"MIR-MAR"},"image":{"@id":"http:\/\/dafinoo.eu\/mirmar\/#\/schema\/logo\/image\/"},"sameAs":["https:\/\/facebook.com\/mirmareshop"]}]}},"_links":{"self":[{"href":"http:\/\/dafinoo.eu\/mirmar\/wp-json\/wp\/v2\/product\/42655","targetHints":{"allow":["GET"]}}],"collection":[{"href":"http:\/\/dafinoo.eu\/mirmar\/wp-json\/wp\/v2\/product"}],"about":[{"href":"http:\/\/dafinoo.eu\/mirmar\/wp-json\/wp\/v2\/types\/product"}],"replies":[{"embeddable":true,"href":"http:\/\/dafinoo.eu\/mirmar\/wp-json\/wp\/v2\/comments?post=42655"}],"wp:attachment":[{"href":"http:\/\/dafinoo.eu\/mirmar\/wp-json\/wp\/v2\/media?parent=42655"}],"wp:term":[{"taxonomy":"product_cat","embeddable":true,"href":"http:\/\/dafinoo.eu\/mirmar\/wp-json\/wp\/v2\/product_cat?post=42655"},{"taxonomy":"product_tag","embeddable":true,"href":"http:\/\/dafinoo.eu\/mirmar\/wp-json\/wp\/v2\/product_tag?post=42655"}],"curies":[{"name":"wp","href":"https:\/\/api.w.org\/{rel}","templated":true}]}}