{"id":42688,"date":"2021-05-24T15:10:53","date_gmt":"2021-05-24T13:10:53","guid":{"rendered":"http:\/\/dafinoo.eu\/mirmar\/?post_type=product&#038;p=42688"},"modified":"2022-06-16T09:23:44","modified_gmt":"2022-06-16T07:23:44","slug":"makita-dlm462z","status":"publish","type":"product","link":"http:\/\/dafinoo.eu\/mirmar\/obchod\/makita-dlm462z\/","title":{"rendered":"Makita DLM462Z"},"content":{"rendered":"<ul>\n<li>V\u00fdkonn\u00e1 kosa\u010dka na tr\u00e1vu s vlastn\u00fdm pohonom, na kosenie stredn\u00fdch pl\u00f4ch.<\/li>\n<li><i class=\"icon-check text-success\"><\/i>Vybaven\u00e9 univerz\u00e1lnymi \u010depe\u013eami na rezanie alebo sekanie tr\u00e1vy.\u00a0S\u00a0dod\u00e1van\u00fdm mul\u010dovac\u00edm klinom m\u00f4\u017eete \u013eahko prepn\u00fa\u0165 na mul\u010dovanie.<\/li>\n<li><i class=\"icon-check text-success\"><\/i>Priehradka na bat\u00e9rie pre 4 bat\u00e9rie LXT je mo\u017en\u00e9 prep\u00edna\u0165 z prv\u00e9ho p\u00e1ru do druh\u00e9ho.<\/li>\n<li><i class=\"icon-check text-success\"><\/i>Lo\u017eiskov\u00e9 koles\u00e1 pre dlh\u00fa \u017eivotnos\u0165.<\/li>\n<li><i class=\"icon-check text-success\"><\/i>Pohodln\u00e9 centr\u00e1lne nastavenie v\u00fd\u0161ky pomocou 8 pol\u00f4h.<\/li>\n<li><i class=\"icon-check text-success\"><\/i>Vybaven\u00e1 technol\u00f3giou \u201eSOFT NO LOAD\u201c: ot\u00e1\u010dky motora sa zn\u00ed\u017eia, ke\u010f motor nie je za\u0165a\u017een\u00fd.<\/li>\n<li><i class=\"icon-check text-success\"><\/i>Koles\u00e1 v s\u00falade s podvozkom pre bezprobl\u00e9mov\u00e9 rezanie pozd\u013a\u017e hran\u00edc.<\/li>\n<li><i class=\"icon-check text-success\"><\/i>Dod\u00e1va sa bez bat\u00e9ri\u00ed alebo nab\u00edja\u010dky.<\/li>\n<\/ul>\n","protected":false},"excerpt":{"rendered":"<p>V\u00fdkonn\u00e1 kosa\u010dka na tr\u00e1vu s vlastn\u00fdm pohonom, na kosenie stredn\u00fdch pl\u00f4ch. Vybaven\u00e9 univerz\u00e1lnymi \u010depe\u013eami na rezanie alebo sekanie tr\u00e1vy.\u00a0S\u00a0dod\u00e1van\u00fdm mul\u010dovac\u00edm klinom m\u00f4\u017eete \u013eahko prepn\u00fa\u0165 na mul\u010dovanie. Priehradka na bat\u00e9rie pre 4 bat\u00e9rie LXT je mo\u017en\u00e9 prep\u00edna\u0165 z prv\u00e9ho p\u00e1ru do druh\u00e9ho. Lo\u017eiskov\u00e9 koles\u00e1 pre dlh\u00fa \u017eivotnos\u0165. Pohodln\u00e9 centr\u00e1lne nastavenie v\u00fd\u0161ky pomocou 8 pol\u00f4h. Vybaven\u00e1 technol\u00f3giou [&hellip;]<\/p>\n","protected":false},"featured_media":42689,"comment_status":"open","ping_status":"closed","template":"","meta":{"_lmt_disableupdate":"","_lmt_disable":""},"product_cat":[3051,3141],"product_tag":[],"class_list":{"0":"post-42688","1":"product","2":"type-product","3":"status-publish","4":"has-post-thumbnail","6":"product_cat-makita","7":"product_cat-akumulatorove-naradie-makita","9":"first","10":"instock","11":"taxable","12":"shipping-taxable","13":"purchasable","14":"product-type-simple"},"yoast_head":"<!-- This site is optimized with the Yoast SEO plugin v27.3 - https:\/\/yoast.com\/product\/yoast-seo-wordpress\/ -->\n<title>Makita DLM462Z - MIR-MAR<\/title>\n<meta name=\"robots\" content=\"index, follow, max-snippet:-1, max-image-preview:large, max-video-preview:-1\" \/>\n<link rel=\"canonical\" href=\"http:\/\/dafinoo.eu\/mirmar\/obchod\/makita-dlm462z\/\" \/>\n<meta property=\"og:locale\" content=\"sk_SK\" \/>\n<meta property=\"og:type\" content=\"article\" \/>\n<meta property=\"og:title\" content=\"Makita DLM462Z - MIR-MAR\" \/>\n<meta property=\"og:description\" content=\"V\u00fdkonn\u00e1 kosa\u010dka na tr\u00e1vu s vlastn\u00fdm pohonom, na kosenie stredn\u00fdch pl\u00f4ch. Vybaven\u00e9 univerz\u00e1lnymi \u010depe\u013eami na rezanie alebo sekanie tr\u00e1vy.\u00a0S\u00a0dod\u00e1van\u00fdm mul\u010dovac\u00edm klinom m\u00f4\u017eete \u013eahko prepn\u00fa\u0165 na mul\u010dovanie. Priehradka na bat\u00e9rie pre 4 bat\u00e9rie LXT je mo\u017en\u00e9 prep\u00edna\u0165 z prv\u00e9ho p\u00e1ru do druh\u00e9ho. Lo\u017eiskov\u00e9 koles\u00e1 pre dlh\u00fa \u017eivotnos\u0165. Pohodln\u00e9 centr\u00e1lne nastavenie v\u00fd\u0161ky pomocou 8 pol\u00f4h. Vybaven\u00e1 technol\u00f3giou [&hellip;]\" \/>\n<meta property=\"og:url\" content=\"http:\/\/dafinoo.eu\/mirmar\/obchod\/makita-dlm462z\/\" \/>\n<meta property=\"og:site_name\" content=\"MIR-MAR\" \/>\n<meta property=\"article:publisher\" content=\"https:\/\/facebook.com\/mirmareshop\" \/>\n<meta property=\"article:modified_time\" content=\"2022-06-16T07:23:44+00:00\" \/>\n<meta property=\"og:image\" content=\"http:\/\/dafinoo.eu\/mirmar\/wp-content\/uploads\/2021\/05\/dlm462_0120.tif.jpg\" \/>\n\t<meta property=\"og:image:width\" content=\"945\" \/>\n\t<meta property=\"og:image:height\" content=\"945\" \/>\n\t<meta property=\"og:image:type\" content=\"image\/jpeg\" \/>\n<meta name=\"twitter:label1\" content=\"Predpokladan\u00fd \u010das \u010d\u00edtania\" \/>\n\t<meta name=\"twitter:data1\" content=\"1 min\u00fata\" \/>\n<script type=\"application\/ld+json\" class=\"yoast-schema-graph\">{\"@context\":\"https:\\\/\\\/schema.org\",\"@graph\":[{\"@type\":\"WebPage\",\"@id\":\"http:\\\/\\\/dafinoo.eu\\\/mirmar\\\/obchod\\\/makita-dlm462z\\\/\",\"url\":\"http:\\\/\\\/dafinoo.eu\\\/mirmar\\\/obchod\\\/makita-dlm462z\\\/\",\"name\":\"Makita DLM462Z - MIR-MAR\",\"isPartOf\":{\"@id\":\"http:\\\/\\\/dafinoo.eu\\\/mirmar\\\/#website\"},\"primaryImageOfPage\":{\"@id\":\"http:\\\/\\\/dafinoo.eu\\\/mirmar\\\/obchod\\\/makita-dlm462z\\\/#primaryimage\"},\"image\":{\"@id\":\"http:\\\/\\\/dafinoo.eu\\\/mirmar\\\/obchod\\\/makita-dlm462z\\\/#primaryimage\"},\"thumbnailUrl\":\"http:\\\/\\\/dafinoo.eu\\\/mirmar\\\/wp-content\\\/uploads\\\/2021\\\/05\\\/dlm462_0120.tif.jpg\",\"datePublished\":\"2021-05-24T13:10:53+00:00\",\"dateModified\":\"2022-06-16T07:23:44+00:00\",\"breadcrumb\":{\"@id\":\"http:\\\/\\\/dafinoo.eu\\\/mirmar\\\/obchod\\\/makita-dlm462z\\\/#breadcrumb\"},\"inLanguage\":\"sk-SK\",\"potentialAction\":[{\"@type\":\"ReadAction\",\"target\":[\"http:\\\/\\\/dafinoo.eu\\\/mirmar\\\/obchod\\\/makita-dlm462z\\\/\"]}]},{\"@type\":\"ImageObject\",\"inLanguage\":\"sk-SK\",\"@id\":\"http:\\\/\\\/dafinoo.eu\\\/mirmar\\\/obchod\\\/makita-dlm462z\\\/#primaryimage\",\"url\":\"http:\\\/\\\/dafinoo.eu\\\/mirmar\\\/wp-content\\\/uploads\\\/2021\\\/05\\\/dlm462_0120.tif.jpg\",\"contentUrl\":\"http:\\\/\\\/dafinoo.eu\\\/mirmar\\\/wp-content\\\/uploads\\\/2021\\\/05\\\/dlm462_0120.tif.jpg\",\"width\":945,\"height\":945},{\"@type\":\"BreadcrumbList\",\"@id\":\"http:\\\/\\\/dafinoo.eu\\\/mirmar\\\/obchod\\\/makita-dlm462z\\\/#breadcrumb\",\"itemListElement\":[{\"@type\":\"ListItem\",\"position\":1,\"name\":\"Domovsk\u00e1 str\u00e1nka\",\"item\":\"http:\\\/\\\/dafinoo.eu\\\/mirmar\\\/\"},{\"@type\":\"ListItem\",\"position\":2,\"name\":\"Obchod\",\"item\":\"http:\\\/\\\/dafinoo.eu\\\/mirmar\\\/obchod\\\/\"},{\"@type\":\"ListItem\",\"position\":3,\"name\":\"Makita DLM462Z\"}]},{\"@type\":\"WebSite\",\"@id\":\"http:\\\/\\\/dafinoo.eu\\\/mirmar\\\/#website\",\"url\":\"http:\\\/\\\/dafinoo.eu\\\/mirmar\\\/\",\"name\":\"MIR-MAR\",\"description\":\"Eshop s n\u00e1rad\u00edm\",\"publisher\":{\"@id\":\"http:\\\/\\\/dafinoo.eu\\\/mirmar\\\/#organization\"},\"potentialAction\":[{\"@type\":\"SearchAction\",\"target\":{\"@type\":\"EntryPoint\",\"urlTemplate\":\"http:\\\/\\\/dafinoo.eu\\\/mirmar\\\/?s={search_term_string}\"},\"query-input\":{\"@type\":\"PropertyValueSpecification\",\"valueRequired\":true,\"valueName\":\"search_term_string\"}}],\"inLanguage\":\"sk-SK\"},{\"@type\":\"Organization\",\"@id\":\"http:\\\/\\\/dafinoo.eu\\\/mirmar\\\/#organization\",\"name\":\"MIR-MAR\",\"url\":\"http:\\\/\\\/dafinoo.eu\\\/mirmar\\\/\",\"logo\":{\"@type\":\"ImageObject\",\"inLanguage\":\"sk-SK\",\"@id\":\"http:\\\/\\\/dafinoo.eu\\\/mirmar\\\/#\\\/schema\\\/logo\\\/image\\\/\",\"url\":\"http:\\\/\\\/dafinoo.eu\\\/mirmar\\\/wp-content\\\/uploads\\\/2021\\\/03\\\/mirmar_logo.png\",\"contentUrl\":\"http:\\\/\\\/dafinoo.eu\\\/mirmar\\\/wp-content\\\/uploads\\\/2021\\\/03\\\/mirmar_logo.png\",\"width\":256,\"height\":60,\"caption\":\"MIR-MAR\"},\"image\":{\"@id\":\"http:\\\/\\\/dafinoo.eu\\\/mirmar\\\/#\\\/schema\\\/logo\\\/image\\\/\"},\"sameAs\":[\"https:\\\/\\\/facebook.com\\\/mirmareshop\"]}]}<\/script>\n<!-- \/ Yoast SEO plugin. -->","yoast_head_json":{"title":"Makita DLM462Z - MIR-MAR","robots":{"index":"index","follow":"follow","max-snippet":"max-snippet:-1","max-image-preview":"max-image-preview:large","max-video-preview":"max-video-preview:-1"},"canonical":"http:\/\/dafinoo.eu\/mirmar\/obchod\/makita-dlm462z\/","og_locale":"sk_SK","og_type":"article","og_title":"Makita DLM462Z - MIR-MAR","og_description":"V\u00fdkonn\u00e1 kosa\u010dka na tr\u00e1vu s vlastn\u00fdm pohonom, na kosenie stredn\u00fdch pl\u00f4ch. Vybaven\u00e9 univerz\u00e1lnymi \u010depe\u013eami na rezanie alebo sekanie tr\u00e1vy.\u00a0S\u00a0dod\u00e1van\u00fdm mul\u010dovac\u00edm klinom m\u00f4\u017eete \u013eahko prepn\u00fa\u0165 na mul\u010dovanie. Priehradka na bat\u00e9rie pre 4 bat\u00e9rie LXT je mo\u017en\u00e9 prep\u00edna\u0165 z prv\u00e9ho p\u00e1ru do druh\u00e9ho. Lo\u017eiskov\u00e9 koles\u00e1 pre dlh\u00fa \u017eivotnos\u0165. Pohodln\u00e9 centr\u00e1lne nastavenie v\u00fd\u0161ky pomocou 8 pol\u00f4h. Vybaven\u00e1 technol\u00f3giou [&hellip;]","og_url":"http:\/\/dafinoo.eu\/mirmar\/obchod\/makita-dlm462z\/","og_site_name":"MIR-MAR","article_publisher":"https:\/\/facebook.com\/mirmareshop","article_modified_time":"2022-06-16T07:23:44+00:00","og_image":[{"width":945,"height":945,"url":"http:\/\/dafinoo.eu\/mirmar\/wp-content\/uploads\/2021\/05\/dlm462_0120.tif.jpg","type":"image\/jpeg"}],"twitter_misc":{"Predpokladan\u00fd \u010das \u010d\u00edtania":"1 min\u00fata"},"schema":{"@context":"https:\/\/schema.org","@graph":[{"@type":"WebPage","@id":"http:\/\/dafinoo.eu\/mirmar\/obchod\/makita-dlm462z\/","url":"http:\/\/dafinoo.eu\/mirmar\/obchod\/makita-dlm462z\/","name":"Makita DLM462Z - MIR-MAR","isPartOf":{"@id":"http:\/\/dafinoo.eu\/mirmar\/#website"},"primaryImageOfPage":{"@id":"http:\/\/dafinoo.eu\/mirmar\/obchod\/makita-dlm462z\/#primaryimage"},"image":{"@id":"http:\/\/dafinoo.eu\/mirmar\/obchod\/makita-dlm462z\/#primaryimage"},"thumbnailUrl":"http:\/\/dafinoo.eu\/mirmar\/wp-content\/uploads\/2021\/05\/dlm462_0120.tif.jpg","datePublished":"2021-05-24T13:10:53+00:00","dateModified":"2022-06-16T07:23:44+00:00","breadcrumb":{"@id":"http:\/\/dafinoo.eu\/mirmar\/obchod\/makita-dlm462z\/#breadcrumb"},"inLanguage":"sk-SK","potentialAction":[{"@type":"ReadAction","target":["http:\/\/dafinoo.eu\/mirmar\/obchod\/makita-dlm462z\/"]}]},{"@type":"ImageObject","inLanguage":"sk-SK","@id":"http:\/\/dafinoo.eu\/mirmar\/obchod\/makita-dlm462z\/#primaryimage","url":"http:\/\/dafinoo.eu\/mirmar\/wp-content\/uploads\/2021\/05\/dlm462_0120.tif.jpg","contentUrl":"http:\/\/dafinoo.eu\/mirmar\/wp-content\/uploads\/2021\/05\/dlm462_0120.tif.jpg","width":945,"height":945},{"@type":"BreadcrumbList","@id":"http:\/\/dafinoo.eu\/mirmar\/obchod\/makita-dlm462z\/#breadcrumb","itemListElement":[{"@type":"ListItem","position":1,"name":"Domovsk\u00e1 str\u00e1nka","item":"http:\/\/dafinoo.eu\/mirmar\/"},{"@type":"ListItem","position":2,"name":"Obchod","item":"http:\/\/dafinoo.eu\/mirmar\/obchod\/"},{"@type":"ListItem","position":3,"name":"Makita DLM462Z"}]},{"@type":"WebSite","@id":"http:\/\/dafinoo.eu\/mirmar\/#website","url":"http:\/\/dafinoo.eu\/mirmar\/","name":"MIR-MAR","description":"Eshop s n\u00e1rad\u00edm","publisher":{"@id":"http:\/\/dafinoo.eu\/mirmar\/#organization"},"potentialAction":[{"@type":"SearchAction","target":{"@type":"EntryPoint","urlTemplate":"http:\/\/dafinoo.eu\/mirmar\/?s={search_term_string}"},"query-input":{"@type":"PropertyValueSpecification","valueRequired":true,"valueName":"search_term_string"}}],"inLanguage":"sk-SK"},{"@type":"Organization","@id":"http:\/\/dafinoo.eu\/mirmar\/#organization","name":"MIR-MAR","url":"http:\/\/dafinoo.eu\/mirmar\/","logo":{"@type":"ImageObject","inLanguage":"sk-SK","@id":"http:\/\/dafinoo.eu\/mirmar\/#\/schema\/logo\/image\/","url":"http:\/\/dafinoo.eu\/mirmar\/wp-content\/uploads\/2021\/03\/mirmar_logo.png","contentUrl":"http:\/\/dafinoo.eu\/mirmar\/wp-content\/uploads\/2021\/03\/mirmar_logo.png","width":256,"height":60,"caption":"MIR-MAR"},"image":{"@id":"http:\/\/dafinoo.eu\/mirmar\/#\/schema\/logo\/image\/"},"sameAs":["https:\/\/facebook.com\/mirmareshop"]}]}},"_links":{"self":[{"href":"http:\/\/dafinoo.eu\/mirmar\/wp-json\/wp\/v2\/product\/42688","targetHints":{"allow":["GET"]}}],"collection":[{"href":"http:\/\/dafinoo.eu\/mirmar\/wp-json\/wp\/v2\/product"}],"about":[{"href":"http:\/\/dafinoo.eu\/mirmar\/wp-json\/wp\/v2\/types\/product"}],"replies":[{"embeddable":true,"href":"http:\/\/dafinoo.eu\/mirmar\/wp-json\/wp\/v2\/comments?post=42688"}],"wp:featuredmedia":[{"embeddable":true,"href":"http:\/\/dafinoo.eu\/mirmar\/wp-json\/wp\/v2\/media\/42689"}],"wp:attachment":[{"href":"http:\/\/dafinoo.eu\/mirmar\/wp-json\/wp\/v2\/media?parent=42688"}],"wp:term":[{"taxonomy":"product_cat","embeddable":true,"href":"http:\/\/dafinoo.eu\/mirmar\/wp-json\/wp\/v2\/product_cat?post=42688"},{"taxonomy":"product_tag","embeddable":true,"href":"http:\/\/dafinoo.eu\/mirmar\/wp-json\/wp\/v2\/product_tag?post=42688"}],"curies":[{"name":"wp","href":"https:\/\/api.w.org\/{rel}","templated":true}]}}