{"id":42895,"date":"2021-11-08T13:45:56","date_gmt":"2021-11-08T12:45:56","guid":{"rendered":"http:\/\/dafinoo.eu\/mirmar\/?post_type=product&#038;p=42895"},"modified":"2021-11-08T13:50:47","modified_gmt":"2021-11-08T12:50:47","slug":"makita-dur190lzx3","status":"publish","type":"product","link":"http:\/\/dafinoo.eu\/mirmar\/obchod\/makita-dur190lzx3\/","title":{"rendered":"Makita DUR190LZX3"},"content":{"rendered":"<ul>\n<li>Bezn\u00e1strojov\u00e1 v\u00fdmena \u017eacej hlavy a no\u017eov<\/li>\n<li><i class=\"icon-check text-success\"><\/i>Jeden ochrann\u00fd kryt pre\u017eaciu hlavu, n\u00f4\u017e kovov\u00fd a plastov\u00fd<\/li>\n<li><i class=\"icon-check text-success\"><\/i>Vo\u013enobe\u017en\u00e9 ot\u00e1\u010dky bez za\u0165a\u017eenia 6 000 ot \/ min<\/li>\n<li><i class=\"icon-check text-success\"><\/i>Rukov\u00e4\u0165 v\u00a0tvare \u201cC\u201c<\/li>\n<li><i class=\"icon-check text-success\"><\/i>3 stup\u0148ov\u00e1 regul\u00e1cia ot\u00e1\u010dok s reverznou funkciou<\/li>\n<li><i class=\"icon-check text-success\"><\/i>Technol\u00f3gie ADT (automatick\u00e1 regul\u00e1cia ot\u00e1\u010dok), XPT (ochrana proti vlhkosti a\u00a0prachu),<\/li>\n<li><i class=\"icon-check text-success\"><\/i>BL motor (bezuhl\u00edkov\u00fd)<\/li>\n<li><i class=\"icon-check text-success\"><\/i>\u017dacia hlava \u2013 sil\u00f3n 2,0 \u2013 2,4mm<br \/>\n<img loading=\"lazy\" decoding=\"async\" src=\"https:\/\/makita.sk\/userfiles\/products\/komp-bat.jpg\" alt=\"komp. bat\" width=\"307\" height=\"38\" \/><\/li>\n<li><i class=\"icon-check text-success\"><\/i>Dod\u00e1van\u00e9 bez akumul\u00e1tora a\u00a0nab\u00edja\u010dky, so \u017eacou hlavou<\/li>\n<\/ul>\n","protected":false},"excerpt":{"rendered":"<p>Bezn\u00e1strojov\u00e1 v\u00fdmena \u017eacej hlavy a no\u017eov Jeden ochrann\u00fd kryt pre\u017eaciu hlavu, n\u00f4\u017e kovov\u00fd a plastov\u00fd Vo\u013enobe\u017en\u00e9 ot\u00e1\u010dky bez za\u0165a\u017eenia 6 000 ot \/ min Rukov\u00e4\u0165 v\u00a0tvare \u201cC\u201c 3 stup\u0148ov\u00e1 regul\u00e1cia ot\u00e1\u010dok s reverznou funkciou Technol\u00f3gie ADT (automatick\u00e1 regul\u00e1cia ot\u00e1\u010dok), XPT (ochrana proti vlhkosti a\u00a0prachu), BL motor (bezuhl\u00edkov\u00fd) \u017dacia hlava \u2013 sil\u00f3n 2,0 \u2013 2,4mm Dod\u00e1van\u00e9 [&hellip;]<\/p>\n","protected":false},"featured_media":41696,"comment_status":"open","ping_status":"closed","template":"","meta":{"_lmt_disableupdate":"","_lmt_disable":""},"product_cat":[3525,3051,3481,3482,3505],"product_tag":[],"class_list":{"0":"post-42895","1":"product","2":"type-product","3":"status-publish","4":"has-post-thumbnail","6":"product_cat-nezaradene","7":"product_cat-makita","8":"product_cat-akumulatorove-naradie-zahrada","9":"product_cat-krovinorezy-a-vyzinace","10":"product_cat-krovinorezy-a-vyzinace-18v","12":"first","13":"instock","14":"taxable","15":"shipping-taxable","16":"purchasable","17":"product-type-simple"},"yoast_head":"<!-- This site is optimized with the Yoast SEO plugin v27.3 - https:\/\/yoast.com\/product\/yoast-seo-wordpress\/ -->\n<title>Makita DUR190LZX3 - MIR-MAR<\/title>\n<meta name=\"robots\" content=\"index, follow, max-snippet:-1, max-image-preview:large, max-video-preview:-1\" \/>\n<link rel=\"canonical\" href=\"http:\/\/dafinoo.eu\/mirmar\/obchod\/makita-dur190lzx3\/\" \/>\n<meta property=\"og:locale\" content=\"sk_SK\" \/>\n<meta property=\"og:type\" content=\"article\" \/>\n<meta property=\"og:title\" content=\"Makita DUR190LZX3 - MIR-MAR\" \/>\n<meta property=\"og:description\" content=\"Bezn\u00e1strojov\u00e1 v\u00fdmena \u017eacej hlavy a no\u017eov Jeden ochrann\u00fd kryt pre\u017eaciu hlavu, n\u00f4\u017e kovov\u00fd a plastov\u00fd Vo\u013enobe\u017en\u00e9 ot\u00e1\u010dky bez za\u0165a\u017eenia 6 000 ot \/ min Rukov\u00e4\u0165 v\u00a0tvare \u201cC\u201c 3 stup\u0148ov\u00e1 regul\u00e1cia ot\u00e1\u010dok s reverznou funkciou Technol\u00f3gie ADT (automatick\u00e1 regul\u00e1cia ot\u00e1\u010dok), XPT (ochrana proti vlhkosti a\u00a0prachu), BL motor (bezuhl\u00edkov\u00fd) \u017dacia hlava \u2013 sil\u00f3n 2,0 \u2013 2,4mm Dod\u00e1van\u00e9 [&hellip;]\" \/>\n<meta property=\"og:url\" content=\"http:\/\/dafinoo.eu\/mirmar\/obchod\/makita-dur190lzx3\/\" \/>\n<meta property=\"og:site_name\" content=\"MIR-MAR\" \/>\n<meta property=\"article:publisher\" content=\"https:\/\/facebook.com\/mirmareshop\" \/>\n<meta property=\"article:modified_time\" content=\"2021-11-08T12:50:47+00:00\" \/>\n<meta property=\"og:image\" content=\"http:\/\/dafinoo.eu\/mirmar\/wp-content\/uploads\/2021\/03\/dur189z_0118_ma.jpg\" \/>\n\t<meta property=\"og:image:width\" content=\"600\" \/>\n\t<meta property=\"og:image:height\" content=\"600\" \/>\n\t<meta property=\"og:image:type\" content=\"image\/jpeg\" \/>\n<script type=\"application\/ld+json\" class=\"yoast-schema-graph\">{\"@context\":\"https:\\\/\\\/schema.org\",\"@graph\":[{\"@type\":\"WebPage\",\"@id\":\"http:\\\/\\\/dafinoo.eu\\\/mirmar\\\/obchod\\\/makita-dur190lzx3\\\/\",\"url\":\"http:\\\/\\\/dafinoo.eu\\\/mirmar\\\/obchod\\\/makita-dur190lzx3\\\/\",\"name\":\"Makita DUR190LZX3 - MIR-MAR\",\"isPartOf\":{\"@id\":\"http:\\\/\\\/dafinoo.eu\\\/mirmar\\\/#website\"},\"primaryImageOfPage\":{\"@id\":\"http:\\\/\\\/dafinoo.eu\\\/mirmar\\\/obchod\\\/makita-dur190lzx3\\\/#primaryimage\"},\"image\":{\"@id\":\"http:\\\/\\\/dafinoo.eu\\\/mirmar\\\/obchod\\\/makita-dur190lzx3\\\/#primaryimage\"},\"thumbnailUrl\":\"http:\\\/\\\/dafinoo.eu\\\/mirmar\\\/wp-content\\\/uploads\\\/2021\\\/03\\\/dur189z_0118_ma.jpg\",\"datePublished\":\"2021-11-08T12:45:56+00:00\",\"dateModified\":\"2021-11-08T12:50:47+00:00\",\"breadcrumb\":{\"@id\":\"http:\\\/\\\/dafinoo.eu\\\/mirmar\\\/obchod\\\/makita-dur190lzx3\\\/#breadcrumb\"},\"inLanguage\":\"sk-SK\",\"potentialAction\":[{\"@type\":\"ReadAction\",\"target\":[\"http:\\\/\\\/dafinoo.eu\\\/mirmar\\\/obchod\\\/makita-dur190lzx3\\\/\"]}]},{\"@type\":\"ImageObject\",\"inLanguage\":\"sk-SK\",\"@id\":\"http:\\\/\\\/dafinoo.eu\\\/mirmar\\\/obchod\\\/makita-dur190lzx3\\\/#primaryimage\",\"url\":\"http:\\\/\\\/dafinoo.eu\\\/mirmar\\\/wp-content\\\/uploads\\\/2021\\\/03\\\/dur189z_0118_ma.jpg\",\"contentUrl\":\"http:\\\/\\\/dafinoo.eu\\\/mirmar\\\/wp-content\\\/uploads\\\/2021\\\/03\\\/dur189z_0118_ma.jpg\",\"width\":600,\"height\":600},{\"@type\":\"BreadcrumbList\",\"@id\":\"http:\\\/\\\/dafinoo.eu\\\/mirmar\\\/obchod\\\/makita-dur190lzx3\\\/#breadcrumb\",\"itemListElement\":[{\"@type\":\"ListItem\",\"position\":1,\"name\":\"Domovsk\u00e1 str\u00e1nka\",\"item\":\"http:\\\/\\\/dafinoo.eu\\\/mirmar\\\/\"},{\"@type\":\"ListItem\",\"position\":2,\"name\":\"Obchod\",\"item\":\"http:\\\/\\\/dafinoo.eu\\\/mirmar\\\/obchod\\\/\"},{\"@type\":\"ListItem\",\"position\":3,\"name\":\"Makita DUR190LZX3\"}]},{\"@type\":\"WebSite\",\"@id\":\"http:\\\/\\\/dafinoo.eu\\\/mirmar\\\/#website\",\"url\":\"http:\\\/\\\/dafinoo.eu\\\/mirmar\\\/\",\"name\":\"MIR-MAR\",\"description\":\"Eshop s n\u00e1rad\u00edm\",\"publisher\":{\"@id\":\"http:\\\/\\\/dafinoo.eu\\\/mirmar\\\/#organization\"},\"potentialAction\":[{\"@type\":\"SearchAction\",\"target\":{\"@type\":\"EntryPoint\",\"urlTemplate\":\"http:\\\/\\\/dafinoo.eu\\\/mirmar\\\/?s={search_term_string}\"},\"query-input\":{\"@type\":\"PropertyValueSpecification\",\"valueRequired\":true,\"valueName\":\"search_term_string\"}}],\"inLanguage\":\"sk-SK\"},{\"@type\":\"Organization\",\"@id\":\"http:\\\/\\\/dafinoo.eu\\\/mirmar\\\/#organization\",\"name\":\"MIR-MAR\",\"url\":\"http:\\\/\\\/dafinoo.eu\\\/mirmar\\\/\",\"logo\":{\"@type\":\"ImageObject\",\"inLanguage\":\"sk-SK\",\"@id\":\"http:\\\/\\\/dafinoo.eu\\\/mirmar\\\/#\\\/schema\\\/logo\\\/image\\\/\",\"url\":\"http:\\\/\\\/dafinoo.eu\\\/mirmar\\\/wp-content\\\/uploads\\\/2021\\\/03\\\/mirmar_logo.png\",\"contentUrl\":\"http:\\\/\\\/dafinoo.eu\\\/mirmar\\\/wp-content\\\/uploads\\\/2021\\\/03\\\/mirmar_logo.png\",\"width\":256,\"height\":60,\"caption\":\"MIR-MAR\"},\"image\":{\"@id\":\"http:\\\/\\\/dafinoo.eu\\\/mirmar\\\/#\\\/schema\\\/logo\\\/image\\\/\"},\"sameAs\":[\"https:\\\/\\\/facebook.com\\\/mirmareshop\"]}]}<\/script>\n<!-- \/ Yoast SEO plugin. -->","yoast_head_json":{"title":"Makita DUR190LZX3 - MIR-MAR","robots":{"index":"index","follow":"follow","max-snippet":"max-snippet:-1","max-image-preview":"max-image-preview:large","max-video-preview":"max-video-preview:-1"},"canonical":"http:\/\/dafinoo.eu\/mirmar\/obchod\/makita-dur190lzx3\/","og_locale":"sk_SK","og_type":"article","og_title":"Makita DUR190LZX3 - MIR-MAR","og_description":"Bezn\u00e1strojov\u00e1 v\u00fdmena \u017eacej hlavy a no\u017eov Jeden ochrann\u00fd kryt pre\u017eaciu hlavu, n\u00f4\u017e kovov\u00fd a plastov\u00fd Vo\u013enobe\u017en\u00e9 ot\u00e1\u010dky bez za\u0165a\u017eenia 6 000 ot \/ min Rukov\u00e4\u0165 v\u00a0tvare \u201cC\u201c 3 stup\u0148ov\u00e1 regul\u00e1cia ot\u00e1\u010dok s reverznou funkciou Technol\u00f3gie ADT (automatick\u00e1 regul\u00e1cia ot\u00e1\u010dok), XPT (ochrana proti vlhkosti a\u00a0prachu), BL motor (bezuhl\u00edkov\u00fd) \u017dacia hlava \u2013 sil\u00f3n 2,0 \u2013 2,4mm Dod\u00e1van\u00e9 [&hellip;]","og_url":"http:\/\/dafinoo.eu\/mirmar\/obchod\/makita-dur190lzx3\/","og_site_name":"MIR-MAR","article_publisher":"https:\/\/facebook.com\/mirmareshop","article_modified_time":"2021-11-08T12:50:47+00:00","og_image":[{"width":600,"height":600,"url":"http:\/\/dafinoo.eu\/mirmar\/wp-content\/uploads\/2021\/03\/dur189z_0118_ma.jpg","type":"image\/jpeg"}],"schema":{"@context":"https:\/\/schema.org","@graph":[{"@type":"WebPage","@id":"http:\/\/dafinoo.eu\/mirmar\/obchod\/makita-dur190lzx3\/","url":"http:\/\/dafinoo.eu\/mirmar\/obchod\/makita-dur190lzx3\/","name":"Makita DUR190LZX3 - MIR-MAR","isPartOf":{"@id":"http:\/\/dafinoo.eu\/mirmar\/#website"},"primaryImageOfPage":{"@id":"http:\/\/dafinoo.eu\/mirmar\/obchod\/makita-dur190lzx3\/#primaryimage"},"image":{"@id":"http:\/\/dafinoo.eu\/mirmar\/obchod\/makita-dur190lzx3\/#primaryimage"},"thumbnailUrl":"http:\/\/dafinoo.eu\/mirmar\/wp-content\/uploads\/2021\/03\/dur189z_0118_ma.jpg","datePublished":"2021-11-08T12:45:56+00:00","dateModified":"2021-11-08T12:50:47+00:00","breadcrumb":{"@id":"http:\/\/dafinoo.eu\/mirmar\/obchod\/makita-dur190lzx3\/#breadcrumb"},"inLanguage":"sk-SK","potentialAction":[{"@type":"ReadAction","target":["http:\/\/dafinoo.eu\/mirmar\/obchod\/makita-dur190lzx3\/"]}]},{"@type":"ImageObject","inLanguage":"sk-SK","@id":"http:\/\/dafinoo.eu\/mirmar\/obchod\/makita-dur190lzx3\/#primaryimage","url":"http:\/\/dafinoo.eu\/mirmar\/wp-content\/uploads\/2021\/03\/dur189z_0118_ma.jpg","contentUrl":"http:\/\/dafinoo.eu\/mirmar\/wp-content\/uploads\/2021\/03\/dur189z_0118_ma.jpg","width":600,"height":600},{"@type":"BreadcrumbList","@id":"http:\/\/dafinoo.eu\/mirmar\/obchod\/makita-dur190lzx3\/#breadcrumb","itemListElement":[{"@type":"ListItem","position":1,"name":"Domovsk\u00e1 str\u00e1nka","item":"http:\/\/dafinoo.eu\/mirmar\/"},{"@type":"ListItem","position":2,"name":"Obchod","item":"http:\/\/dafinoo.eu\/mirmar\/obchod\/"},{"@type":"ListItem","position":3,"name":"Makita DUR190LZX3"}]},{"@type":"WebSite","@id":"http:\/\/dafinoo.eu\/mirmar\/#website","url":"http:\/\/dafinoo.eu\/mirmar\/","name":"MIR-MAR","description":"Eshop s n\u00e1rad\u00edm","publisher":{"@id":"http:\/\/dafinoo.eu\/mirmar\/#organization"},"potentialAction":[{"@type":"SearchAction","target":{"@type":"EntryPoint","urlTemplate":"http:\/\/dafinoo.eu\/mirmar\/?s={search_term_string}"},"query-input":{"@type":"PropertyValueSpecification","valueRequired":true,"valueName":"search_term_string"}}],"inLanguage":"sk-SK"},{"@type":"Organization","@id":"http:\/\/dafinoo.eu\/mirmar\/#organization","name":"MIR-MAR","url":"http:\/\/dafinoo.eu\/mirmar\/","logo":{"@type":"ImageObject","inLanguage":"sk-SK","@id":"http:\/\/dafinoo.eu\/mirmar\/#\/schema\/logo\/image\/","url":"http:\/\/dafinoo.eu\/mirmar\/wp-content\/uploads\/2021\/03\/mirmar_logo.png","contentUrl":"http:\/\/dafinoo.eu\/mirmar\/wp-content\/uploads\/2021\/03\/mirmar_logo.png","width":256,"height":60,"caption":"MIR-MAR"},"image":{"@id":"http:\/\/dafinoo.eu\/mirmar\/#\/schema\/logo\/image\/"},"sameAs":["https:\/\/facebook.com\/mirmareshop"]}]}},"_links":{"self":[{"href":"http:\/\/dafinoo.eu\/mirmar\/wp-json\/wp\/v2\/product\/42895","targetHints":{"allow":["GET"]}}],"collection":[{"href":"http:\/\/dafinoo.eu\/mirmar\/wp-json\/wp\/v2\/product"}],"about":[{"href":"http:\/\/dafinoo.eu\/mirmar\/wp-json\/wp\/v2\/types\/product"}],"replies":[{"embeddable":true,"href":"http:\/\/dafinoo.eu\/mirmar\/wp-json\/wp\/v2\/comments?post=42895"}],"wp:featuredmedia":[{"embeddable":true,"href":"http:\/\/dafinoo.eu\/mirmar\/wp-json\/wp\/v2\/media\/41696"}],"wp:attachment":[{"href":"http:\/\/dafinoo.eu\/mirmar\/wp-json\/wp\/v2\/media?parent=42895"}],"wp:term":[{"taxonomy":"product_cat","embeddable":true,"href":"http:\/\/dafinoo.eu\/mirmar\/wp-json\/wp\/v2\/product_cat?post=42895"},{"taxonomy":"product_tag","embeddable":true,"href":"http:\/\/dafinoo.eu\/mirmar\/wp-json\/wp\/v2\/product_tag?post=42895"}],"curies":[{"name":"wp","href":"https:\/\/api.w.org\/{rel}","templated":true}]}}