{"id":42967,"date":"2022-02-03T13:28:53","date_gmt":"2022-02-03T12:28:53","guid":{"rendered":"http:\/\/dafinoo.eu\/mirmar\/?post_type=product&#038;p=42967"},"modified":"2022-02-03T13:28:55","modified_gmt":"2022-02-03T12:28:55","slug":"makita-tw001gm201","status":"publish","type":"product","link":"http:\/\/dafinoo.eu\/mirmar\/obchod\/makita-tw001gm201\/","title":{"rendered":"Makita TW001GM201"},"content":{"rendered":"<ul>\n<li>BLDC bezuhl\u00edkov\u00fd motor<\/li>\n<li><i class=\"icon-check text-success\"><\/i>XPT technol\u00f3gia &#8211; zv\u00fd\u0161en\u00e1 odolnos\u0165 proti prachu a vlhkosti<\/li>\n<li><i class=\"icon-check text-success\"><\/i>2000 Nm povolovac\u00ed momentu<\/li>\n<li><i class=\"icon-check text-success\"><\/i>Elektronick\u00fd 4-stup\u0148ov\u00fd vyp\u00edna\u010d r\u00fdchlosti umo\u017e\u0148uje u\u017e\u00edvate\u013eovi ovl\u00e1da\u0165 r\u00fdchlos\u0165 a frekvenciu zdvihov v z\u00e1vislosti od vykonanej pr\u00e1ce<\/li>\n<li><i class=\"icon-check text-success\"><\/i>Automatick\u00e9 zastavenie zariadenia pri u\u0165ahovan\u00ed \/ uvo\u013e\u0148ovan\u00ed skrutiek a mat\u00edc (3 re\u017eimy pre uvo\u013enenie a utiahnutie)<\/li>\n<li><i class=\"icon-check text-success\"><\/i>Jednoduch\u00e9 ovl\u00e1danie v\u010faka kompaktnej celkovej d\u013a\u017eke<\/li>\n<li><i class=\"icon-check text-success\"><\/i>Re\u017eim plnej r\u00fdchlosti &#8211; umo\u017e\u0148uje prep\u00edna\u0165 medzi regulovanou r\u00fdchlos\u0165ou a plnou r\u00fdchlos\u0165ou stla\u010den\u00edm tla\u010didla.\u00a0Umo\u017e\u0148uje v\u00e1m dosiahnu\u0165 pln\u00fa r\u00fdchlos\u0165 s men\u0161\u00edm sp\u00fa\u0161\u0165ac\u00edm zdvihom, \u010d\u00edm sa zni\u017euje \u00fanava pou\u017e\u00edvate\u013ea pri nepretr\u017eitej prev\u00e1dzke<\/li>\n<li><i class=\"icon-check text-success\"><\/i>Dvojit\u00e1 LED<\/li>\n<li><i class=\"icon-check text-success\"><\/i>Dod\u00e1van\u00e9 s\u00a02 x bat\u00e9ria BL4040(4,0Ah), r\u00fdchlonab\u00edja\u010dka DC40RA v systainery<\/li>\n<\/ul>\n","protected":false},"excerpt":{"rendered":"<p>BLDC bezuhl\u00edkov\u00fd motor XPT technol\u00f3gia &#8211; zv\u00fd\u0161en\u00e1 odolnos\u0165 proti prachu a vlhkosti 2000 Nm povolovac\u00ed momentu Elektronick\u00fd 4-stup\u0148ov\u00fd vyp\u00edna\u010d r\u00fdchlosti umo\u017e\u0148uje u\u017e\u00edvate\u013eovi ovl\u00e1da\u0165 r\u00fdchlos\u0165 a frekvenciu zdvihov v z\u00e1vislosti od vykonanej pr\u00e1ce Automatick\u00e9 zastavenie zariadenia pri u\u0165ahovan\u00ed \/ uvo\u013e\u0148ovan\u00ed skrutiek a mat\u00edc (3 re\u017eimy pre uvo\u013enenie a utiahnutie) Jednoduch\u00e9 ovl\u00e1danie v\u010faka kompaktnej celkovej d\u013a\u017eke Re\u017eim [&hellip;]<\/p>\n","protected":false},"featured_media":42969,"comment_status":"open","ping_status":"closed","template":"","meta":{"_lmt_disableupdate":"","_lmt_disable":""},"product_cat":[3530],"product_tag":[],"class_list":{"0":"post-42967","1":"product","2":"type-product","3":"status-publish","4":"has-post-thumbnail","6":"product_cat-razove-utahovaky-xgt","8":"first","9":"instock","10":"taxable","11":"shipping-taxable","12":"purchasable","13":"product-type-simple"},"yoast_head":"<!-- This site is optimized with the Yoast SEO plugin v27.3 - https:\/\/yoast.com\/product\/yoast-seo-wordpress\/ -->\n<title>Makita TW001GM201 - MIR-MAR<\/title>\n<meta name=\"robots\" content=\"index, follow, max-snippet:-1, max-image-preview:large, max-video-preview:-1\" \/>\n<link rel=\"canonical\" href=\"http:\/\/dafinoo.eu\/mirmar\/obchod\/makita-tw001gm201\/\" \/>\n<meta property=\"og:locale\" content=\"sk_SK\" \/>\n<meta property=\"og:type\" content=\"article\" \/>\n<meta property=\"og:title\" content=\"Makita TW001GM201 - MIR-MAR\" \/>\n<meta property=\"og:description\" content=\"BLDC bezuhl\u00edkov\u00fd motor XPT technol\u00f3gia &#8211; zv\u00fd\u0161en\u00e1 odolnos\u0165 proti prachu a vlhkosti 2000 Nm povolovac\u00ed momentu Elektronick\u00fd 4-stup\u0148ov\u00fd vyp\u00edna\u010d r\u00fdchlosti umo\u017e\u0148uje u\u017e\u00edvate\u013eovi ovl\u00e1da\u0165 r\u00fdchlos\u0165 a frekvenciu zdvihov v z\u00e1vislosti od vykonanej pr\u00e1ce Automatick\u00e9 zastavenie zariadenia pri u\u0165ahovan\u00ed \/ uvo\u013e\u0148ovan\u00ed skrutiek a mat\u00edc (3 re\u017eimy pre uvo\u013enenie a utiahnutie) Jednoduch\u00e9 ovl\u00e1danie v\u010faka kompaktnej celkovej d\u013a\u017eke Re\u017eim [&hellip;]\" \/>\n<meta property=\"og:url\" content=\"http:\/\/dafinoo.eu\/mirmar\/obchod\/makita-tw001gm201\/\" \/>\n<meta property=\"og:site_name\" content=\"MIR-MAR\" \/>\n<meta property=\"article:publisher\" content=\"https:\/\/facebook.com\/mirmareshop\" \/>\n<meta property=\"article:modified_time\" content=\"2022-02-03T12:28:55+00:00\" \/>\n<meta property=\"og:image\" content=\"http:\/\/dafinoo.eu\/mirmar\/wp-content\/uploads\/2022\/02\/TW001GM201.jpg\" \/>\n\t<meta property=\"og:image:width\" content=\"626\" \/>\n\t<meta property=\"og:image:height\" content=\"945\" \/>\n\t<meta property=\"og:image:type\" content=\"image\/jpeg\" \/>\n<meta name=\"twitter:label1\" content=\"Predpokladan\u00fd \u010das \u010d\u00edtania\" \/>\n\t<meta name=\"twitter:data1\" content=\"1 min\u00fata\" \/>\n<script type=\"application\/ld+json\" class=\"yoast-schema-graph\">{\"@context\":\"https:\\\/\\\/schema.org\",\"@graph\":[{\"@type\":\"WebPage\",\"@id\":\"http:\\\/\\\/dafinoo.eu\\\/mirmar\\\/obchod\\\/makita-tw001gm201\\\/\",\"url\":\"http:\\\/\\\/dafinoo.eu\\\/mirmar\\\/obchod\\\/makita-tw001gm201\\\/\",\"name\":\"Makita TW001GM201 - MIR-MAR\",\"isPartOf\":{\"@id\":\"http:\\\/\\\/dafinoo.eu\\\/mirmar\\\/#website\"},\"primaryImageOfPage\":{\"@id\":\"http:\\\/\\\/dafinoo.eu\\\/mirmar\\\/obchod\\\/makita-tw001gm201\\\/#primaryimage\"},\"image\":{\"@id\":\"http:\\\/\\\/dafinoo.eu\\\/mirmar\\\/obchod\\\/makita-tw001gm201\\\/#primaryimage\"},\"thumbnailUrl\":\"http:\\\/\\\/dafinoo.eu\\\/mirmar\\\/wp-content\\\/uploads\\\/2022\\\/02\\\/TW001GM201.jpg\",\"datePublished\":\"2022-02-03T12:28:53+00:00\",\"dateModified\":\"2022-02-03T12:28:55+00:00\",\"breadcrumb\":{\"@id\":\"http:\\\/\\\/dafinoo.eu\\\/mirmar\\\/obchod\\\/makita-tw001gm201\\\/#breadcrumb\"},\"inLanguage\":\"sk-SK\",\"potentialAction\":[{\"@type\":\"ReadAction\",\"target\":[\"http:\\\/\\\/dafinoo.eu\\\/mirmar\\\/obchod\\\/makita-tw001gm201\\\/\"]}]},{\"@type\":\"ImageObject\",\"inLanguage\":\"sk-SK\",\"@id\":\"http:\\\/\\\/dafinoo.eu\\\/mirmar\\\/obchod\\\/makita-tw001gm201\\\/#primaryimage\",\"url\":\"http:\\\/\\\/dafinoo.eu\\\/mirmar\\\/wp-content\\\/uploads\\\/2022\\\/02\\\/TW001GM201.jpg\",\"contentUrl\":\"http:\\\/\\\/dafinoo.eu\\\/mirmar\\\/wp-content\\\/uploads\\\/2022\\\/02\\\/TW001GM201.jpg\",\"width\":626,\"height\":945},{\"@type\":\"BreadcrumbList\",\"@id\":\"http:\\\/\\\/dafinoo.eu\\\/mirmar\\\/obchod\\\/makita-tw001gm201\\\/#breadcrumb\",\"itemListElement\":[{\"@type\":\"ListItem\",\"position\":1,\"name\":\"Domovsk\u00e1 str\u00e1nka\",\"item\":\"http:\\\/\\\/dafinoo.eu\\\/mirmar\\\/\"},{\"@type\":\"ListItem\",\"position\":2,\"name\":\"Obchod\",\"item\":\"http:\\\/\\\/dafinoo.eu\\\/mirmar\\\/obchod\\\/\"},{\"@type\":\"ListItem\",\"position\":3,\"name\":\"Makita TW001GM201\"}]},{\"@type\":\"WebSite\",\"@id\":\"http:\\\/\\\/dafinoo.eu\\\/mirmar\\\/#website\",\"url\":\"http:\\\/\\\/dafinoo.eu\\\/mirmar\\\/\",\"name\":\"MIR-MAR\",\"description\":\"Eshop s n\u00e1rad\u00edm\",\"publisher\":{\"@id\":\"http:\\\/\\\/dafinoo.eu\\\/mirmar\\\/#organization\"},\"potentialAction\":[{\"@type\":\"SearchAction\",\"target\":{\"@type\":\"EntryPoint\",\"urlTemplate\":\"http:\\\/\\\/dafinoo.eu\\\/mirmar\\\/?s={search_term_string}\"},\"query-input\":{\"@type\":\"PropertyValueSpecification\",\"valueRequired\":true,\"valueName\":\"search_term_string\"}}],\"inLanguage\":\"sk-SK\"},{\"@type\":\"Organization\",\"@id\":\"http:\\\/\\\/dafinoo.eu\\\/mirmar\\\/#organization\",\"name\":\"MIR-MAR\",\"url\":\"http:\\\/\\\/dafinoo.eu\\\/mirmar\\\/\",\"logo\":{\"@type\":\"ImageObject\",\"inLanguage\":\"sk-SK\",\"@id\":\"http:\\\/\\\/dafinoo.eu\\\/mirmar\\\/#\\\/schema\\\/logo\\\/image\\\/\",\"url\":\"http:\\\/\\\/dafinoo.eu\\\/mirmar\\\/wp-content\\\/uploads\\\/2021\\\/03\\\/mirmar_logo.png\",\"contentUrl\":\"http:\\\/\\\/dafinoo.eu\\\/mirmar\\\/wp-content\\\/uploads\\\/2021\\\/03\\\/mirmar_logo.png\",\"width\":256,\"height\":60,\"caption\":\"MIR-MAR\"},\"image\":{\"@id\":\"http:\\\/\\\/dafinoo.eu\\\/mirmar\\\/#\\\/schema\\\/logo\\\/image\\\/\"},\"sameAs\":[\"https:\\\/\\\/facebook.com\\\/mirmareshop\"]}]}<\/script>\n<!-- \/ Yoast SEO plugin. -->","yoast_head_json":{"title":"Makita TW001GM201 - MIR-MAR","robots":{"index":"index","follow":"follow","max-snippet":"max-snippet:-1","max-image-preview":"max-image-preview:large","max-video-preview":"max-video-preview:-1"},"canonical":"http:\/\/dafinoo.eu\/mirmar\/obchod\/makita-tw001gm201\/","og_locale":"sk_SK","og_type":"article","og_title":"Makita TW001GM201 - MIR-MAR","og_description":"BLDC bezuhl\u00edkov\u00fd motor XPT technol\u00f3gia &#8211; zv\u00fd\u0161en\u00e1 odolnos\u0165 proti prachu a vlhkosti 2000 Nm povolovac\u00ed momentu Elektronick\u00fd 4-stup\u0148ov\u00fd vyp\u00edna\u010d r\u00fdchlosti umo\u017e\u0148uje u\u017e\u00edvate\u013eovi ovl\u00e1da\u0165 r\u00fdchlos\u0165 a frekvenciu zdvihov v z\u00e1vislosti od vykonanej pr\u00e1ce Automatick\u00e9 zastavenie zariadenia pri u\u0165ahovan\u00ed \/ uvo\u013e\u0148ovan\u00ed skrutiek a mat\u00edc (3 re\u017eimy pre uvo\u013enenie a utiahnutie) Jednoduch\u00e9 ovl\u00e1danie v\u010faka kompaktnej celkovej d\u013a\u017eke Re\u017eim [&hellip;]","og_url":"http:\/\/dafinoo.eu\/mirmar\/obchod\/makita-tw001gm201\/","og_site_name":"MIR-MAR","article_publisher":"https:\/\/facebook.com\/mirmareshop","article_modified_time":"2022-02-03T12:28:55+00:00","og_image":[{"width":626,"height":945,"url":"http:\/\/dafinoo.eu\/mirmar\/wp-content\/uploads\/2022\/02\/TW001GM201.jpg","type":"image\/jpeg"}],"twitter_misc":{"Predpokladan\u00fd \u010das \u010d\u00edtania":"1 min\u00fata"},"schema":{"@context":"https:\/\/schema.org","@graph":[{"@type":"WebPage","@id":"http:\/\/dafinoo.eu\/mirmar\/obchod\/makita-tw001gm201\/","url":"http:\/\/dafinoo.eu\/mirmar\/obchod\/makita-tw001gm201\/","name":"Makita TW001GM201 - MIR-MAR","isPartOf":{"@id":"http:\/\/dafinoo.eu\/mirmar\/#website"},"primaryImageOfPage":{"@id":"http:\/\/dafinoo.eu\/mirmar\/obchod\/makita-tw001gm201\/#primaryimage"},"image":{"@id":"http:\/\/dafinoo.eu\/mirmar\/obchod\/makita-tw001gm201\/#primaryimage"},"thumbnailUrl":"http:\/\/dafinoo.eu\/mirmar\/wp-content\/uploads\/2022\/02\/TW001GM201.jpg","datePublished":"2022-02-03T12:28:53+00:00","dateModified":"2022-02-03T12:28:55+00:00","breadcrumb":{"@id":"http:\/\/dafinoo.eu\/mirmar\/obchod\/makita-tw001gm201\/#breadcrumb"},"inLanguage":"sk-SK","potentialAction":[{"@type":"ReadAction","target":["http:\/\/dafinoo.eu\/mirmar\/obchod\/makita-tw001gm201\/"]}]},{"@type":"ImageObject","inLanguage":"sk-SK","@id":"http:\/\/dafinoo.eu\/mirmar\/obchod\/makita-tw001gm201\/#primaryimage","url":"http:\/\/dafinoo.eu\/mirmar\/wp-content\/uploads\/2022\/02\/TW001GM201.jpg","contentUrl":"http:\/\/dafinoo.eu\/mirmar\/wp-content\/uploads\/2022\/02\/TW001GM201.jpg","width":626,"height":945},{"@type":"BreadcrumbList","@id":"http:\/\/dafinoo.eu\/mirmar\/obchod\/makita-tw001gm201\/#breadcrumb","itemListElement":[{"@type":"ListItem","position":1,"name":"Domovsk\u00e1 str\u00e1nka","item":"http:\/\/dafinoo.eu\/mirmar\/"},{"@type":"ListItem","position":2,"name":"Obchod","item":"http:\/\/dafinoo.eu\/mirmar\/obchod\/"},{"@type":"ListItem","position":3,"name":"Makita TW001GM201"}]},{"@type":"WebSite","@id":"http:\/\/dafinoo.eu\/mirmar\/#website","url":"http:\/\/dafinoo.eu\/mirmar\/","name":"MIR-MAR","description":"Eshop s n\u00e1rad\u00edm","publisher":{"@id":"http:\/\/dafinoo.eu\/mirmar\/#organization"},"potentialAction":[{"@type":"SearchAction","target":{"@type":"EntryPoint","urlTemplate":"http:\/\/dafinoo.eu\/mirmar\/?s={search_term_string}"},"query-input":{"@type":"PropertyValueSpecification","valueRequired":true,"valueName":"search_term_string"}}],"inLanguage":"sk-SK"},{"@type":"Organization","@id":"http:\/\/dafinoo.eu\/mirmar\/#organization","name":"MIR-MAR","url":"http:\/\/dafinoo.eu\/mirmar\/","logo":{"@type":"ImageObject","inLanguage":"sk-SK","@id":"http:\/\/dafinoo.eu\/mirmar\/#\/schema\/logo\/image\/","url":"http:\/\/dafinoo.eu\/mirmar\/wp-content\/uploads\/2021\/03\/mirmar_logo.png","contentUrl":"http:\/\/dafinoo.eu\/mirmar\/wp-content\/uploads\/2021\/03\/mirmar_logo.png","width":256,"height":60,"caption":"MIR-MAR"},"image":{"@id":"http:\/\/dafinoo.eu\/mirmar\/#\/schema\/logo\/image\/"},"sameAs":["https:\/\/facebook.com\/mirmareshop"]}]}},"_links":{"self":[{"href":"http:\/\/dafinoo.eu\/mirmar\/wp-json\/wp\/v2\/product\/42967","targetHints":{"allow":["GET"]}}],"collection":[{"href":"http:\/\/dafinoo.eu\/mirmar\/wp-json\/wp\/v2\/product"}],"about":[{"href":"http:\/\/dafinoo.eu\/mirmar\/wp-json\/wp\/v2\/types\/product"}],"replies":[{"embeddable":true,"href":"http:\/\/dafinoo.eu\/mirmar\/wp-json\/wp\/v2\/comments?post=42967"}],"wp:featuredmedia":[{"embeddable":true,"href":"http:\/\/dafinoo.eu\/mirmar\/wp-json\/wp\/v2\/media\/42969"}],"wp:attachment":[{"href":"http:\/\/dafinoo.eu\/mirmar\/wp-json\/wp\/v2\/media?parent=42967"}],"wp:term":[{"taxonomy":"product_cat","embeddable":true,"href":"http:\/\/dafinoo.eu\/mirmar\/wp-json\/wp\/v2\/product_cat?post=42967"},{"taxonomy":"product_tag","embeddable":true,"href":"http:\/\/dafinoo.eu\/mirmar\/wp-json\/wp\/v2\/product_tag?post=42967"}],"curies":[{"name":"wp","href":"https:\/\/api.w.org\/{rel}","templated":true}]}}