{"id":42980,"date":"2022-02-20T09:50:12","date_gmt":"2022-02-20T08:50:12","guid":{"rendered":"http:\/\/dafinoo.eu\/mirmar\/?post_type=product&#038;p=42980"},"modified":"2022-02-20T09:50:13","modified_gmt":"2022-02-20T08:50:13","slug":"makita-drv150zj","status":"publish","type":"product","link":"http:\/\/dafinoo.eu\/mirmar\/obchod\/makita-drv150zj\/","title":{"rendered":"Makita DRV150ZJ"},"content":{"rendered":"<ul>\n<li>Nitovacia pi\u0161to\u013e na bat\u00e9riu na extr\u00e9mne r\u00fdchle upevnenie nitov (obl\u00fakov).<\/li>\n<li><i class=\"icon-check text-success\"><\/i>R\u00fdchla v\u00fdmena d\u00fdzy pre r\u00f4zne priemery nitov.<\/li>\n<li><i class=\"icon-check text-success\"><\/i>Nit je pevne pripevnen\u00fd k d\u00fdze pre pr\u00e1cu v akejko\u013evek polohe.<\/li>\n<li><i class=\"icon-check text-success\"><\/i>Prieh\u013eadn\u00e1 zbern\u00e1 n\u00e1doba.<\/li>\n<li><i class=\"icon-check text-success\"><\/i>Vstavan\u00e9 osvetlenie LED u\u013eah\u010duje pr\u00e1cu na slabo osvetlen\u00fdch miestach.<\/li>\n<li><i class=\"icon-check text-success\"><\/i>BL motor: robustn\u00fd, v\u00fdkonn\u00fd a extr\u00e9mne efekt\u00edvny.<\/li>\n<li><i class=\"icon-check text-success\"><\/i>Dod\u00e1va sa bez bat\u00e9ri\u00ed a\u00a0nab\u00edja\u010dky v\u00a0systaineri<\/li>\n<\/ul>\n","protected":false},"excerpt":{"rendered":"<p>Nitovacia pi\u0161to\u013e na bat\u00e9riu na extr\u00e9mne r\u00fdchle upevnenie nitov (obl\u00fakov). R\u00fdchla v\u00fdmena d\u00fdzy pre r\u00f4zne priemery nitov. Nit je pevne pripevnen\u00fd k d\u00fdze pre pr\u00e1cu v akejko\u013evek polohe. Prieh\u013eadn\u00e1 zbern\u00e1 n\u00e1doba. Vstavan\u00e9 osvetlenie LED u\u013eah\u010duje pr\u00e1cu na slabo osvetlen\u00fdch miestach. BL motor: robustn\u00fd, v\u00fdkonn\u00fd a extr\u00e9mne efekt\u00edvny. Dod\u00e1va sa bez bat\u00e9ri\u00ed a\u00a0nab\u00edja\u010dky v\u00a0systaineri<\/p>\n","protected":false},"featured_media":42981,"comment_status":"open","ping_status":"closed","template":"","meta":{"_lmt_disableupdate":"","_lmt_disable":""},"product_cat":[3051,3141,3479],"product_tag":[],"class_list":{"0":"post-42980","1":"product","2":"type-product","3":"status-publish","4":"has-post-thumbnail","6":"product_cat-makita","7":"product_cat-akumulatorove-naradie-makita","8":"product_cat-ostatne-stroje-18v-ostatne-stroje-akumulatorove-naradie-makita","10":"first","11":"instock","12":"taxable","13":"shipping-taxable","14":"purchasable","15":"product-type-simple"},"yoast_head":"<!-- This site is optimized with the Yoast SEO plugin v27.3 - https:\/\/yoast.com\/product\/yoast-seo-wordpress\/ -->\n<title>Makita DRV150ZJ - MIR-MAR<\/title>\n<meta name=\"robots\" content=\"index, follow, max-snippet:-1, max-image-preview:large, max-video-preview:-1\" \/>\n<link rel=\"canonical\" href=\"http:\/\/dafinoo.eu\/mirmar\/obchod\/makita-drv150zj\/\" \/>\n<meta property=\"og:locale\" content=\"sk_SK\" \/>\n<meta property=\"og:type\" content=\"article\" \/>\n<meta property=\"og:title\" content=\"Makita DRV150ZJ - MIR-MAR\" \/>\n<meta property=\"og:description\" content=\"Nitovacia pi\u0161to\u013e na bat\u00e9riu na extr\u00e9mne r\u00fdchle upevnenie nitov (obl\u00fakov). R\u00fdchla v\u00fdmena d\u00fdzy pre r\u00f4zne priemery nitov. Nit je pevne pripevnen\u00fd k d\u00fdze pre pr\u00e1cu v akejko\u013evek polohe. Prieh\u013eadn\u00e1 zbern\u00e1 n\u00e1doba. Vstavan\u00e9 osvetlenie LED u\u013eah\u010duje pr\u00e1cu na slabo osvetlen\u00fdch miestach. BL motor: robustn\u00fd, v\u00fdkonn\u00fd a extr\u00e9mne efekt\u00edvny. Dod\u00e1va sa bez bat\u00e9ri\u00ed a\u00a0nab\u00edja\u010dky v\u00a0systaineri\" \/>\n<meta property=\"og:url\" content=\"http:\/\/dafinoo.eu\/mirmar\/obchod\/makita-drv150zj\/\" \/>\n<meta property=\"og:site_name\" content=\"MIR-MAR\" \/>\n<meta property=\"article:publisher\" content=\"https:\/\/facebook.com\/mirmareshop\" \/>\n<meta property=\"article:modified_time\" content=\"2022-02-20T08:50:13+00:00\" \/>\n<meta property=\"og:image\" content=\"http:\/\/dafinoo.eu\/mirmar\/wp-content\/uploads\/2022\/02\/drv150z_1019_ma.tif.jpg\" \/>\n\t<meta property=\"og:image:width\" content=\"945\" \/>\n\t<meta property=\"og:image:height\" content=\"945\" \/>\n\t<meta property=\"og:image:type\" content=\"image\/jpeg\" \/>\n<script type=\"application\/ld+json\" class=\"yoast-schema-graph\">{\"@context\":\"https:\\\/\\\/schema.org\",\"@graph\":[{\"@type\":\"WebPage\",\"@id\":\"http:\\\/\\\/dafinoo.eu\\\/mirmar\\\/obchod\\\/makita-drv150zj\\\/\",\"url\":\"http:\\\/\\\/dafinoo.eu\\\/mirmar\\\/obchod\\\/makita-drv150zj\\\/\",\"name\":\"Makita DRV150ZJ - MIR-MAR\",\"isPartOf\":{\"@id\":\"http:\\\/\\\/dafinoo.eu\\\/mirmar\\\/#website\"},\"primaryImageOfPage\":{\"@id\":\"http:\\\/\\\/dafinoo.eu\\\/mirmar\\\/obchod\\\/makita-drv150zj\\\/#primaryimage\"},\"image\":{\"@id\":\"http:\\\/\\\/dafinoo.eu\\\/mirmar\\\/obchod\\\/makita-drv150zj\\\/#primaryimage\"},\"thumbnailUrl\":\"http:\\\/\\\/dafinoo.eu\\\/mirmar\\\/wp-content\\\/uploads\\\/2022\\\/02\\\/drv150z_1019_ma.tif.jpg\",\"datePublished\":\"2022-02-20T08:50:12+00:00\",\"dateModified\":\"2022-02-20T08:50:13+00:00\",\"breadcrumb\":{\"@id\":\"http:\\\/\\\/dafinoo.eu\\\/mirmar\\\/obchod\\\/makita-drv150zj\\\/#breadcrumb\"},\"inLanguage\":\"sk-SK\",\"potentialAction\":[{\"@type\":\"ReadAction\",\"target\":[\"http:\\\/\\\/dafinoo.eu\\\/mirmar\\\/obchod\\\/makita-drv150zj\\\/\"]}]},{\"@type\":\"ImageObject\",\"inLanguage\":\"sk-SK\",\"@id\":\"http:\\\/\\\/dafinoo.eu\\\/mirmar\\\/obchod\\\/makita-drv150zj\\\/#primaryimage\",\"url\":\"http:\\\/\\\/dafinoo.eu\\\/mirmar\\\/wp-content\\\/uploads\\\/2022\\\/02\\\/drv150z_1019_ma.tif.jpg\",\"contentUrl\":\"http:\\\/\\\/dafinoo.eu\\\/mirmar\\\/wp-content\\\/uploads\\\/2022\\\/02\\\/drv150z_1019_ma.tif.jpg\",\"width\":945,\"height\":945},{\"@type\":\"BreadcrumbList\",\"@id\":\"http:\\\/\\\/dafinoo.eu\\\/mirmar\\\/obchod\\\/makita-drv150zj\\\/#breadcrumb\",\"itemListElement\":[{\"@type\":\"ListItem\",\"position\":1,\"name\":\"Domovsk\u00e1 str\u00e1nka\",\"item\":\"http:\\\/\\\/dafinoo.eu\\\/mirmar\\\/\"},{\"@type\":\"ListItem\",\"position\":2,\"name\":\"Obchod\",\"item\":\"http:\\\/\\\/dafinoo.eu\\\/mirmar\\\/obchod\\\/\"},{\"@type\":\"ListItem\",\"position\":3,\"name\":\"Makita DRV150ZJ\"}]},{\"@type\":\"WebSite\",\"@id\":\"http:\\\/\\\/dafinoo.eu\\\/mirmar\\\/#website\",\"url\":\"http:\\\/\\\/dafinoo.eu\\\/mirmar\\\/\",\"name\":\"MIR-MAR\",\"description\":\"Eshop s n\u00e1rad\u00edm\",\"publisher\":{\"@id\":\"http:\\\/\\\/dafinoo.eu\\\/mirmar\\\/#organization\"},\"potentialAction\":[{\"@type\":\"SearchAction\",\"target\":{\"@type\":\"EntryPoint\",\"urlTemplate\":\"http:\\\/\\\/dafinoo.eu\\\/mirmar\\\/?s={search_term_string}\"},\"query-input\":{\"@type\":\"PropertyValueSpecification\",\"valueRequired\":true,\"valueName\":\"search_term_string\"}}],\"inLanguage\":\"sk-SK\"},{\"@type\":\"Organization\",\"@id\":\"http:\\\/\\\/dafinoo.eu\\\/mirmar\\\/#organization\",\"name\":\"MIR-MAR\",\"url\":\"http:\\\/\\\/dafinoo.eu\\\/mirmar\\\/\",\"logo\":{\"@type\":\"ImageObject\",\"inLanguage\":\"sk-SK\",\"@id\":\"http:\\\/\\\/dafinoo.eu\\\/mirmar\\\/#\\\/schema\\\/logo\\\/image\\\/\",\"url\":\"http:\\\/\\\/dafinoo.eu\\\/mirmar\\\/wp-content\\\/uploads\\\/2021\\\/03\\\/mirmar_logo.png\",\"contentUrl\":\"http:\\\/\\\/dafinoo.eu\\\/mirmar\\\/wp-content\\\/uploads\\\/2021\\\/03\\\/mirmar_logo.png\",\"width\":256,\"height\":60,\"caption\":\"MIR-MAR\"},\"image\":{\"@id\":\"http:\\\/\\\/dafinoo.eu\\\/mirmar\\\/#\\\/schema\\\/logo\\\/image\\\/\"},\"sameAs\":[\"https:\\\/\\\/facebook.com\\\/mirmareshop\"]}]}<\/script>\n<!-- \/ Yoast SEO plugin. -->","yoast_head_json":{"title":"Makita DRV150ZJ - MIR-MAR","robots":{"index":"index","follow":"follow","max-snippet":"max-snippet:-1","max-image-preview":"max-image-preview:large","max-video-preview":"max-video-preview:-1"},"canonical":"http:\/\/dafinoo.eu\/mirmar\/obchod\/makita-drv150zj\/","og_locale":"sk_SK","og_type":"article","og_title":"Makita DRV150ZJ - MIR-MAR","og_description":"Nitovacia pi\u0161to\u013e na bat\u00e9riu na extr\u00e9mne r\u00fdchle upevnenie nitov (obl\u00fakov). R\u00fdchla v\u00fdmena d\u00fdzy pre r\u00f4zne priemery nitov. Nit je pevne pripevnen\u00fd k d\u00fdze pre pr\u00e1cu v akejko\u013evek polohe. Prieh\u013eadn\u00e1 zbern\u00e1 n\u00e1doba. Vstavan\u00e9 osvetlenie LED u\u013eah\u010duje pr\u00e1cu na slabo osvetlen\u00fdch miestach. BL motor: robustn\u00fd, v\u00fdkonn\u00fd a extr\u00e9mne efekt\u00edvny. Dod\u00e1va sa bez bat\u00e9ri\u00ed a\u00a0nab\u00edja\u010dky v\u00a0systaineri","og_url":"http:\/\/dafinoo.eu\/mirmar\/obchod\/makita-drv150zj\/","og_site_name":"MIR-MAR","article_publisher":"https:\/\/facebook.com\/mirmareshop","article_modified_time":"2022-02-20T08:50:13+00:00","og_image":[{"width":945,"height":945,"url":"http:\/\/dafinoo.eu\/mirmar\/wp-content\/uploads\/2022\/02\/drv150z_1019_ma.tif.jpg","type":"image\/jpeg"}],"schema":{"@context":"https:\/\/schema.org","@graph":[{"@type":"WebPage","@id":"http:\/\/dafinoo.eu\/mirmar\/obchod\/makita-drv150zj\/","url":"http:\/\/dafinoo.eu\/mirmar\/obchod\/makita-drv150zj\/","name":"Makita DRV150ZJ - MIR-MAR","isPartOf":{"@id":"http:\/\/dafinoo.eu\/mirmar\/#website"},"primaryImageOfPage":{"@id":"http:\/\/dafinoo.eu\/mirmar\/obchod\/makita-drv150zj\/#primaryimage"},"image":{"@id":"http:\/\/dafinoo.eu\/mirmar\/obchod\/makita-drv150zj\/#primaryimage"},"thumbnailUrl":"http:\/\/dafinoo.eu\/mirmar\/wp-content\/uploads\/2022\/02\/drv150z_1019_ma.tif.jpg","datePublished":"2022-02-20T08:50:12+00:00","dateModified":"2022-02-20T08:50:13+00:00","breadcrumb":{"@id":"http:\/\/dafinoo.eu\/mirmar\/obchod\/makita-drv150zj\/#breadcrumb"},"inLanguage":"sk-SK","potentialAction":[{"@type":"ReadAction","target":["http:\/\/dafinoo.eu\/mirmar\/obchod\/makita-drv150zj\/"]}]},{"@type":"ImageObject","inLanguage":"sk-SK","@id":"http:\/\/dafinoo.eu\/mirmar\/obchod\/makita-drv150zj\/#primaryimage","url":"http:\/\/dafinoo.eu\/mirmar\/wp-content\/uploads\/2022\/02\/drv150z_1019_ma.tif.jpg","contentUrl":"http:\/\/dafinoo.eu\/mirmar\/wp-content\/uploads\/2022\/02\/drv150z_1019_ma.tif.jpg","width":945,"height":945},{"@type":"BreadcrumbList","@id":"http:\/\/dafinoo.eu\/mirmar\/obchod\/makita-drv150zj\/#breadcrumb","itemListElement":[{"@type":"ListItem","position":1,"name":"Domovsk\u00e1 str\u00e1nka","item":"http:\/\/dafinoo.eu\/mirmar\/"},{"@type":"ListItem","position":2,"name":"Obchod","item":"http:\/\/dafinoo.eu\/mirmar\/obchod\/"},{"@type":"ListItem","position":3,"name":"Makita DRV150ZJ"}]},{"@type":"WebSite","@id":"http:\/\/dafinoo.eu\/mirmar\/#website","url":"http:\/\/dafinoo.eu\/mirmar\/","name":"MIR-MAR","description":"Eshop s n\u00e1rad\u00edm","publisher":{"@id":"http:\/\/dafinoo.eu\/mirmar\/#organization"},"potentialAction":[{"@type":"SearchAction","target":{"@type":"EntryPoint","urlTemplate":"http:\/\/dafinoo.eu\/mirmar\/?s={search_term_string}"},"query-input":{"@type":"PropertyValueSpecification","valueRequired":true,"valueName":"search_term_string"}}],"inLanguage":"sk-SK"},{"@type":"Organization","@id":"http:\/\/dafinoo.eu\/mirmar\/#organization","name":"MIR-MAR","url":"http:\/\/dafinoo.eu\/mirmar\/","logo":{"@type":"ImageObject","inLanguage":"sk-SK","@id":"http:\/\/dafinoo.eu\/mirmar\/#\/schema\/logo\/image\/","url":"http:\/\/dafinoo.eu\/mirmar\/wp-content\/uploads\/2021\/03\/mirmar_logo.png","contentUrl":"http:\/\/dafinoo.eu\/mirmar\/wp-content\/uploads\/2021\/03\/mirmar_logo.png","width":256,"height":60,"caption":"MIR-MAR"},"image":{"@id":"http:\/\/dafinoo.eu\/mirmar\/#\/schema\/logo\/image\/"},"sameAs":["https:\/\/facebook.com\/mirmareshop"]}]}},"_links":{"self":[{"href":"http:\/\/dafinoo.eu\/mirmar\/wp-json\/wp\/v2\/product\/42980","targetHints":{"allow":["GET"]}}],"collection":[{"href":"http:\/\/dafinoo.eu\/mirmar\/wp-json\/wp\/v2\/product"}],"about":[{"href":"http:\/\/dafinoo.eu\/mirmar\/wp-json\/wp\/v2\/types\/product"}],"replies":[{"embeddable":true,"href":"http:\/\/dafinoo.eu\/mirmar\/wp-json\/wp\/v2\/comments?post=42980"}],"wp:featuredmedia":[{"embeddable":true,"href":"http:\/\/dafinoo.eu\/mirmar\/wp-json\/wp\/v2\/media\/42981"}],"wp:attachment":[{"href":"http:\/\/dafinoo.eu\/mirmar\/wp-json\/wp\/v2\/media?parent=42980"}],"wp:term":[{"taxonomy":"product_cat","embeddable":true,"href":"http:\/\/dafinoo.eu\/mirmar\/wp-json\/wp\/v2\/product_cat?post=42980"},{"taxonomy":"product_tag","embeddable":true,"href":"http:\/\/dafinoo.eu\/mirmar\/wp-json\/wp\/v2\/product_tag?post=42980"}],"curies":[{"name":"wp","href":"https:\/\/api.w.org\/{rel}","templated":true}]}}