{"id":42984,"date":"2022-02-20T10:01:05","date_gmt":"2022-02-20T09:01:05","guid":{"rendered":"http:\/\/dafinoo.eu\/mirmar\/?post_type=product&#038;p=42984"},"modified":"2022-02-20T10:01:06","modified_gmt":"2022-02-20T09:01:06","slug":"makita-jr001gm201","status":"publish","type":"product","link":"http:\/\/dafinoo.eu\/mirmar\/obchod\/makita-jr001gm201\/","title":{"rendered":"Makita JR001GM201"},"content":{"rendered":"<ul>\n<li>Vzh\u013eadom na vy\u0161\u0161ie pracovn\u00e9 nap\u00e4tie technol\u00f3gie XGT je stroj vysoko odoln\u00fd vo\u010di nepretr\u017eitej pr\u00e1ci pri vysok\u00fdch za\u0165a\u017eeniach.<\/li>\n<li><i class=\"icon-check text-success\"><\/i>Zosilnen\u00e1 prevodovka a vysoko \u00fa\u010dinn\u00e9 mazanie klzn\u00fdm mechanizmom.<\/li>\n<li><i class=\"icon-check text-success\"><\/i>Bat\u00e9ria je zavesen\u00e1 na zvy\u0161ku krytu pomocou tlmi\u010dov tlmiacich n\u00e1razy.<\/li>\n<li><i class=\"icon-check text-success\"><\/i>Pohodln\u00fd a spo\u013eahliv\u00fd r\u00fdchloup\u00ednac\u00ed syst\u00e9m pre v\u00fdmenu p\u00edlov\u00e9ho listu bez pou\u017eitia n\u00e1radia.<\/li>\n<li><i class=\"icon-check text-success\"><\/i>M\u00f4\u017ee sa pou\u017e\u00edva\u0165 so \u0161tandardn\u00fdmi pilov\u00fdmi listami.<\/li>\n<li><i class=\"icon-check text-success\"><\/i>Integrovan\u00e1 LED pre pohodlnej\u0161iu pr\u00e1cu na slabo osvetlen\u00fdch miestach.<\/li>\n<li><i class=\"icon-check text-success\"><\/i>XPT (technol\u00f3gia eXtremeProtection): r\u00f4zne kon\u0161truk\u010dn\u00e9 detaily zaru\u010duj\u00fa najlep\u0161iu odolnos\u0165 proti prachu a vode na trhu.<\/li>\n<li><i class=\"icon-check text-success\"><\/i>Dod\u00e1va sa v\u00a0kufri PVC s\u00a0dvomi akumul\u00e1tormi BL4040 (4,0Ah) a nab\u00edja\u010dkou.<\/li>\n<\/ul>\n","protected":false},"excerpt":{"rendered":"<p>Vzh\u013eadom na vy\u0161\u0161ie pracovn\u00e9 nap\u00e4tie technol\u00f3gie XGT je stroj vysoko odoln\u00fd vo\u010di nepretr\u017eitej pr\u00e1ci pri vysok\u00fdch za\u0165a\u017eeniach. Zosilnen\u00e1 prevodovka a vysoko \u00fa\u010dinn\u00e9 mazanie klzn\u00fdm mechanizmom. Bat\u00e9ria je zavesen\u00e1 na zvy\u0161ku krytu pomocou tlmi\u010dov tlmiacich n\u00e1razy. Pohodln\u00fd a spo\u013eahliv\u00fd r\u00fdchloup\u00ednac\u00ed syst\u00e9m pre v\u00fdmenu p\u00edlov\u00e9ho listu bez pou\u017eitia n\u00e1radia. M\u00f4\u017ee sa pou\u017e\u00edva\u0165 so \u0161tandardn\u00fdmi pilov\u00fdmi listami. Integrovan\u00e1 [&hellip;]<\/p>\n","protected":false},"featured_media":42985,"comment_status":"open","ping_status":"closed","template":"","meta":{"_lmt_disableupdate":"","_lmt_disable":""},"product_cat":[3533,3527,3051],"product_tag":[],"class_list":{"0":"post-42984","1":"product","2":"type-product","3":"status-publish","4":"has-post-thumbnail","6":"product_cat-pilenie-xgt","7":"product_cat-xgt","8":"product_cat-makita","10":"first","11":"instock","12":"taxable","13":"shipping-taxable","14":"purchasable","15":"product-type-simple"},"yoast_head":"<!-- This site is optimized with the Yoast SEO plugin v27.3 - https:\/\/yoast.com\/product\/yoast-seo-wordpress\/ -->\n<title>Makita JR001GM201 - MIR-MAR<\/title>\n<meta name=\"robots\" content=\"index, follow, max-snippet:-1, max-image-preview:large, max-video-preview:-1\" \/>\n<link rel=\"canonical\" href=\"http:\/\/dafinoo.eu\/mirmar\/obchod\/makita-jr001gm201\/\" \/>\n<meta property=\"og:locale\" content=\"sk_SK\" \/>\n<meta property=\"og:type\" content=\"article\" \/>\n<meta property=\"og:title\" content=\"Makita JR001GM201 - MIR-MAR\" \/>\n<meta property=\"og:description\" content=\"Vzh\u013eadom na vy\u0161\u0161ie pracovn\u00e9 nap\u00e4tie technol\u00f3gie XGT je stroj vysoko odoln\u00fd vo\u010di nepretr\u017eitej pr\u00e1ci pri vysok\u00fdch za\u0165a\u017eeniach. Zosilnen\u00e1 prevodovka a vysoko \u00fa\u010dinn\u00e9 mazanie klzn\u00fdm mechanizmom. Bat\u00e9ria je zavesen\u00e1 na zvy\u0161ku krytu pomocou tlmi\u010dov tlmiacich n\u00e1razy. Pohodln\u00fd a spo\u013eahliv\u00fd r\u00fdchloup\u00ednac\u00ed syst\u00e9m pre v\u00fdmenu p\u00edlov\u00e9ho listu bez pou\u017eitia n\u00e1radia. M\u00f4\u017ee sa pou\u017e\u00edva\u0165 so \u0161tandardn\u00fdmi pilov\u00fdmi listami. Integrovan\u00e1 [&hellip;]\" \/>\n<meta property=\"og:url\" content=\"http:\/\/dafinoo.eu\/mirmar\/obchod\/makita-jr001gm201\/\" \/>\n<meta property=\"og:site_name\" content=\"MIR-MAR\" \/>\n<meta property=\"article:publisher\" content=\"https:\/\/facebook.com\/mirmareshop\" \/>\n<meta property=\"article:modified_time\" content=\"2022-02-20T09:01:06+00:00\" \/>\n<meta property=\"og:image\" content=\"http:\/\/dafinoo.eu\/mirmar\/wp-content\/uploads\/2022\/02\/JR001G-1000.jpg\" \/>\n\t<meta property=\"og:image:width\" content=\"945\" \/>\n\t<meta property=\"og:image:height\" content=\"945\" \/>\n\t<meta property=\"og:image:type\" content=\"image\/jpeg\" \/>\n<meta name=\"twitter:label1\" content=\"Predpokladan\u00fd \u010das \u010d\u00edtania\" \/>\n\t<meta name=\"twitter:data1\" content=\"1 min\u00fata\" \/>\n<script type=\"application\/ld+json\" class=\"yoast-schema-graph\">{\"@context\":\"https:\\\/\\\/schema.org\",\"@graph\":[{\"@type\":\"WebPage\",\"@id\":\"http:\\\/\\\/dafinoo.eu\\\/mirmar\\\/obchod\\\/makita-jr001gm201\\\/\",\"url\":\"http:\\\/\\\/dafinoo.eu\\\/mirmar\\\/obchod\\\/makita-jr001gm201\\\/\",\"name\":\"Makita JR001GM201 - MIR-MAR\",\"isPartOf\":{\"@id\":\"http:\\\/\\\/dafinoo.eu\\\/mirmar\\\/#website\"},\"primaryImageOfPage\":{\"@id\":\"http:\\\/\\\/dafinoo.eu\\\/mirmar\\\/obchod\\\/makita-jr001gm201\\\/#primaryimage\"},\"image\":{\"@id\":\"http:\\\/\\\/dafinoo.eu\\\/mirmar\\\/obchod\\\/makita-jr001gm201\\\/#primaryimage\"},\"thumbnailUrl\":\"http:\\\/\\\/dafinoo.eu\\\/mirmar\\\/wp-content\\\/uploads\\\/2022\\\/02\\\/JR001G-1000.jpg\",\"datePublished\":\"2022-02-20T09:01:05+00:00\",\"dateModified\":\"2022-02-20T09:01:06+00:00\",\"breadcrumb\":{\"@id\":\"http:\\\/\\\/dafinoo.eu\\\/mirmar\\\/obchod\\\/makita-jr001gm201\\\/#breadcrumb\"},\"inLanguage\":\"sk-SK\",\"potentialAction\":[{\"@type\":\"ReadAction\",\"target\":[\"http:\\\/\\\/dafinoo.eu\\\/mirmar\\\/obchod\\\/makita-jr001gm201\\\/\"]}]},{\"@type\":\"ImageObject\",\"inLanguage\":\"sk-SK\",\"@id\":\"http:\\\/\\\/dafinoo.eu\\\/mirmar\\\/obchod\\\/makita-jr001gm201\\\/#primaryimage\",\"url\":\"http:\\\/\\\/dafinoo.eu\\\/mirmar\\\/wp-content\\\/uploads\\\/2022\\\/02\\\/JR001G-1000.jpg\",\"contentUrl\":\"http:\\\/\\\/dafinoo.eu\\\/mirmar\\\/wp-content\\\/uploads\\\/2022\\\/02\\\/JR001G-1000.jpg\",\"width\":945,\"height\":945},{\"@type\":\"BreadcrumbList\",\"@id\":\"http:\\\/\\\/dafinoo.eu\\\/mirmar\\\/obchod\\\/makita-jr001gm201\\\/#breadcrumb\",\"itemListElement\":[{\"@type\":\"ListItem\",\"position\":1,\"name\":\"Domovsk\u00e1 str\u00e1nka\",\"item\":\"http:\\\/\\\/dafinoo.eu\\\/mirmar\\\/\"},{\"@type\":\"ListItem\",\"position\":2,\"name\":\"Obchod\",\"item\":\"http:\\\/\\\/dafinoo.eu\\\/mirmar\\\/obchod\\\/\"},{\"@type\":\"ListItem\",\"position\":3,\"name\":\"Makita JR001GM201\"}]},{\"@type\":\"WebSite\",\"@id\":\"http:\\\/\\\/dafinoo.eu\\\/mirmar\\\/#website\",\"url\":\"http:\\\/\\\/dafinoo.eu\\\/mirmar\\\/\",\"name\":\"MIR-MAR\",\"description\":\"Eshop s n\u00e1rad\u00edm\",\"publisher\":{\"@id\":\"http:\\\/\\\/dafinoo.eu\\\/mirmar\\\/#organization\"},\"potentialAction\":[{\"@type\":\"SearchAction\",\"target\":{\"@type\":\"EntryPoint\",\"urlTemplate\":\"http:\\\/\\\/dafinoo.eu\\\/mirmar\\\/?s={search_term_string}\"},\"query-input\":{\"@type\":\"PropertyValueSpecification\",\"valueRequired\":true,\"valueName\":\"search_term_string\"}}],\"inLanguage\":\"sk-SK\"},{\"@type\":\"Organization\",\"@id\":\"http:\\\/\\\/dafinoo.eu\\\/mirmar\\\/#organization\",\"name\":\"MIR-MAR\",\"url\":\"http:\\\/\\\/dafinoo.eu\\\/mirmar\\\/\",\"logo\":{\"@type\":\"ImageObject\",\"inLanguage\":\"sk-SK\",\"@id\":\"http:\\\/\\\/dafinoo.eu\\\/mirmar\\\/#\\\/schema\\\/logo\\\/image\\\/\",\"url\":\"http:\\\/\\\/dafinoo.eu\\\/mirmar\\\/wp-content\\\/uploads\\\/2021\\\/03\\\/mirmar_logo.png\",\"contentUrl\":\"http:\\\/\\\/dafinoo.eu\\\/mirmar\\\/wp-content\\\/uploads\\\/2021\\\/03\\\/mirmar_logo.png\",\"width\":256,\"height\":60,\"caption\":\"MIR-MAR\"},\"image\":{\"@id\":\"http:\\\/\\\/dafinoo.eu\\\/mirmar\\\/#\\\/schema\\\/logo\\\/image\\\/\"},\"sameAs\":[\"https:\\\/\\\/facebook.com\\\/mirmareshop\"]}]}<\/script>\n<!-- \/ Yoast SEO plugin. -->","yoast_head_json":{"title":"Makita JR001GM201 - MIR-MAR","robots":{"index":"index","follow":"follow","max-snippet":"max-snippet:-1","max-image-preview":"max-image-preview:large","max-video-preview":"max-video-preview:-1"},"canonical":"http:\/\/dafinoo.eu\/mirmar\/obchod\/makita-jr001gm201\/","og_locale":"sk_SK","og_type":"article","og_title":"Makita JR001GM201 - MIR-MAR","og_description":"Vzh\u013eadom na vy\u0161\u0161ie pracovn\u00e9 nap\u00e4tie technol\u00f3gie XGT je stroj vysoko odoln\u00fd vo\u010di nepretr\u017eitej pr\u00e1ci pri vysok\u00fdch za\u0165a\u017eeniach. Zosilnen\u00e1 prevodovka a vysoko \u00fa\u010dinn\u00e9 mazanie klzn\u00fdm mechanizmom. Bat\u00e9ria je zavesen\u00e1 na zvy\u0161ku krytu pomocou tlmi\u010dov tlmiacich n\u00e1razy. Pohodln\u00fd a spo\u013eahliv\u00fd r\u00fdchloup\u00ednac\u00ed syst\u00e9m pre v\u00fdmenu p\u00edlov\u00e9ho listu bez pou\u017eitia n\u00e1radia. M\u00f4\u017ee sa pou\u017e\u00edva\u0165 so \u0161tandardn\u00fdmi pilov\u00fdmi listami. Integrovan\u00e1 [&hellip;]","og_url":"http:\/\/dafinoo.eu\/mirmar\/obchod\/makita-jr001gm201\/","og_site_name":"MIR-MAR","article_publisher":"https:\/\/facebook.com\/mirmareshop","article_modified_time":"2022-02-20T09:01:06+00:00","og_image":[{"width":945,"height":945,"url":"http:\/\/dafinoo.eu\/mirmar\/wp-content\/uploads\/2022\/02\/JR001G-1000.jpg","type":"image\/jpeg"}],"twitter_misc":{"Predpokladan\u00fd \u010das \u010d\u00edtania":"1 min\u00fata"},"schema":{"@context":"https:\/\/schema.org","@graph":[{"@type":"WebPage","@id":"http:\/\/dafinoo.eu\/mirmar\/obchod\/makita-jr001gm201\/","url":"http:\/\/dafinoo.eu\/mirmar\/obchod\/makita-jr001gm201\/","name":"Makita JR001GM201 - MIR-MAR","isPartOf":{"@id":"http:\/\/dafinoo.eu\/mirmar\/#website"},"primaryImageOfPage":{"@id":"http:\/\/dafinoo.eu\/mirmar\/obchod\/makita-jr001gm201\/#primaryimage"},"image":{"@id":"http:\/\/dafinoo.eu\/mirmar\/obchod\/makita-jr001gm201\/#primaryimage"},"thumbnailUrl":"http:\/\/dafinoo.eu\/mirmar\/wp-content\/uploads\/2022\/02\/JR001G-1000.jpg","datePublished":"2022-02-20T09:01:05+00:00","dateModified":"2022-02-20T09:01:06+00:00","breadcrumb":{"@id":"http:\/\/dafinoo.eu\/mirmar\/obchod\/makita-jr001gm201\/#breadcrumb"},"inLanguage":"sk-SK","potentialAction":[{"@type":"ReadAction","target":["http:\/\/dafinoo.eu\/mirmar\/obchod\/makita-jr001gm201\/"]}]},{"@type":"ImageObject","inLanguage":"sk-SK","@id":"http:\/\/dafinoo.eu\/mirmar\/obchod\/makita-jr001gm201\/#primaryimage","url":"http:\/\/dafinoo.eu\/mirmar\/wp-content\/uploads\/2022\/02\/JR001G-1000.jpg","contentUrl":"http:\/\/dafinoo.eu\/mirmar\/wp-content\/uploads\/2022\/02\/JR001G-1000.jpg","width":945,"height":945},{"@type":"BreadcrumbList","@id":"http:\/\/dafinoo.eu\/mirmar\/obchod\/makita-jr001gm201\/#breadcrumb","itemListElement":[{"@type":"ListItem","position":1,"name":"Domovsk\u00e1 str\u00e1nka","item":"http:\/\/dafinoo.eu\/mirmar\/"},{"@type":"ListItem","position":2,"name":"Obchod","item":"http:\/\/dafinoo.eu\/mirmar\/obchod\/"},{"@type":"ListItem","position":3,"name":"Makita JR001GM201"}]},{"@type":"WebSite","@id":"http:\/\/dafinoo.eu\/mirmar\/#website","url":"http:\/\/dafinoo.eu\/mirmar\/","name":"MIR-MAR","description":"Eshop s n\u00e1rad\u00edm","publisher":{"@id":"http:\/\/dafinoo.eu\/mirmar\/#organization"},"potentialAction":[{"@type":"SearchAction","target":{"@type":"EntryPoint","urlTemplate":"http:\/\/dafinoo.eu\/mirmar\/?s={search_term_string}"},"query-input":{"@type":"PropertyValueSpecification","valueRequired":true,"valueName":"search_term_string"}}],"inLanguage":"sk-SK"},{"@type":"Organization","@id":"http:\/\/dafinoo.eu\/mirmar\/#organization","name":"MIR-MAR","url":"http:\/\/dafinoo.eu\/mirmar\/","logo":{"@type":"ImageObject","inLanguage":"sk-SK","@id":"http:\/\/dafinoo.eu\/mirmar\/#\/schema\/logo\/image\/","url":"http:\/\/dafinoo.eu\/mirmar\/wp-content\/uploads\/2021\/03\/mirmar_logo.png","contentUrl":"http:\/\/dafinoo.eu\/mirmar\/wp-content\/uploads\/2021\/03\/mirmar_logo.png","width":256,"height":60,"caption":"MIR-MAR"},"image":{"@id":"http:\/\/dafinoo.eu\/mirmar\/#\/schema\/logo\/image\/"},"sameAs":["https:\/\/facebook.com\/mirmareshop"]}]}},"_links":{"self":[{"href":"http:\/\/dafinoo.eu\/mirmar\/wp-json\/wp\/v2\/product\/42984","targetHints":{"allow":["GET"]}}],"collection":[{"href":"http:\/\/dafinoo.eu\/mirmar\/wp-json\/wp\/v2\/product"}],"about":[{"href":"http:\/\/dafinoo.eu\/mirmar\/wp-json\/wp\/v2\/types\/product"}],"replies":[{"embeddable":true,"href":"http:\/\/dafinoo.eu\/mirmar\/wp-json\/wp\/v2\/comments?post=42984"}],"wp:featuredmedia":[{"embeddable":true,"href":"http:\/\/dafinoo.eu\/mirmar\/wp-json\/wp\/v2\/media\/42985"}],"wp:attachment":[{"href":"http:\/\/dafinoo.eu\/mirmar\/wp-json\/wp\/v2\/media?parent=42984"}],"wp:term":[{"taxonomy":"product_cat","embeddable":true,"href":"http:\/\/dafinoo.eu\/mirmar\/wp-json\/wp\/v2\/product_cat?post=42984"},{"taxonomy":"product_tag","embeddable":true,"href":"http:\/\/dafinoo.eu\/mirmar\/wp-json\/wp\/v2\/product_tag?post=42984"}],"curies":[{"name":"wp","href":"https:\/\/api.w.org\/{rel}","templated":true}]}}