{"id":42987,"date":"2022-02-20T10:05:27","date_gmt":"2022-02-20T09:05:27","guid":{"rendered":"http:\/\/dafinoo.eu\/mirmar\/?post_type=product&#038;p=42987"},"modified":"2022-02-20T10:05:28","modified_gmt":"2022-02-20T09:05:28","slug":"makita-td001gm201","status":"publish","type":"product","link":"http:\/\/dafinoo.eu\/mirmar\/obchod\/makita-td001gm201\/","title":{"rendered":"Makita TD001GM201"},"content":{"rendered":"<ul class=\"list-icon mb-4\">\n<li>\u013dahk\u00fd a kompaktn\u00fd razov\u00fd skrutkova\u010d s vysok\u00fdm kr\u00fatiacim momentom pre r\u00f4zne skrutkovacie a mont\u00e1\u017ene pr\u00e1ce.<\/li>\n<li><i class=\"icon-check text-success\"><\/i>Vzh\u013eadom na vy\u0161\u0161ie pracovn\u00e9 nap\u00e4tie technol\u00f3gie XGT je stroj vysoko odoln\u00fd vo\u010di nepretr\u017eitej pr\u00e1ci pri vysok\u00fdch za\u0165a\u017eeniach.<\/li>\n<li><i class=\"icon-check text-success\"><\/i>Razov\u00e1 sila m\u00f4\u017ee by\u0165 nastaven\u00e1 v \u0161tyroch krokoch, aby sa nap\u00ednacia sila prisp\u00f4sobila aplik\u00e1cii.<\/li>\n<li><i class=\"icon-check text-success\"><\/i>4 asisten\u010dn\u00e9 re\u017eimy: funkcia dreva na skrutkovanie dlh\u00fdch skrutiek, funkcia skrutky na uvo\u013enenie skrutiek a dva re\u017eimy T na skrutkovanie samorezn\u00fdch skrutiek.<\/li>\n<li><i class=\"icon-check text-success\"><\/i>Pou\u017e\u00edvate\u013esk\u00e9 nastavenia m\u00f4\u017eu by\u0165 ulo\u017een\u00e9 v pam\u00e4ti a \u013eahko reaktivovan\u00e9 pomocou tla\u010didla r\u00fdchleho fungovania.<\/li>\n<li><i class=\"icon-check text-success\"><\/i>BL motor (bezuhl\u00edkov\u00fd): robustn\u00fd, v\u00fdkonn\u00fd a extr\u00e9mne efekt\u00edvny, \u010do umo\u017e\u0148uje dlh\u0161ie pou\u017eitie na jedno nabitie bat\u00e9rie.<\/li>\n<li><i class=\"icon-check text-success\"><\/i>Indik\u00e1cia zost\u00e1vaj\u00facej kapacity bat\u00e9rie sveteln\u00fdm sign\u00e1lom.<\/li>\n<li><i class=\"icon-check text-success\"><\/i>XPT (technol\u00f3gia eXtremeProtection): r\u00f4zne kon\u0161truk\u010dn\u00e9 detaily zaru\u010duj\u00fa najlep\u0161iu odolnos\u0165 proti prachu a vode na trhu.<\/li>\n<li><i class=\"icon-check text-success\"><\/i>Perfektn\u00e9 ovl\u00e1danie skrutky pomocou sp\u00edna\u010da Vario a brzdy elektromotora, ktor\u00fd okam\u017eite zastav\u00ed stroj po uvo\u013enen\u00ed sp\u00edna\u010da.<\/li>\n<li><i class=\"icon-check text-success\"><\/i>Ochrann\u00e1 elektronika vypne stroj a v pr\u00edpade pre\u0165a\u017eenia blik\u00e1.<\/li>\n<\/ul>\n<ul class=\"list-icon mb-4\">\n<li><i class=\"icon-check text-success\"><\/i>Ergonomick\u00e1 rukov\u00e4\u0165, ktor\u00e1 sa zu\u017euje nadol s krytom m\u00e4kkej rukov\u00e4te, m\u00e1 patentovan\u00fd rebrov\u00fd profil podporuj\u00faci uchopenie, ktor\u00fd rovnomerne rozde\u013euje silu na v\u0161etky prsty.<\/li>\n<li><i class=\"icon-check text-success\"><\/i>Osvetlenie s dvoma integrovan\u00fdmi LED di\u00f3dami pre pohodln\u00fa pr\u00e1cu na slabo osvetlen\u00fdch miestach.<\/li>\n<li><i class=\"icon-check text-success\"><\/i>Dod\u00e1va sa v MAKPAC, robustnom stohovate\u013enom kufr\u00edku v ABS s uzamykac\u00edm syst\u00e9mom na pripojenie viacer\u00fdch puzdier.<\/li>\n<li><i class=\"icon-check text-success\"><\/i>Dod\u00e1va sa s\u00a02 x akumul\u00e1tor BL4040 (4,0Ah) a\u00a0r\u00fdchlonab\u00edja\u010dka DC40RA .<\/li>\n<\/ul>\n","protected":false},"excerpt":{"rendered":"<p>\u013dahk\u00fd a kompaktn\u00fd razov\u00fd skrutkova\u010d s vysok\u00fdm kr\u00fatiacim momentom pre r\u00f4zne skrutkovacie a mont\u00e1\u017ene pr\u00e1ce. Vzh\u013eadom na vy\u0161\u0161ie pracovn\u00e9 nap\u00e4tie technol\u00f3gie XGT je stroj vysoko odoln\u00fd vo\u010di nepretr\u017eitej pr\u00e1ci pri vysok\u00fdch za\u0165a\u017eeniach. Razov\u00e1 sila m\u00f4\u017ee by\u0165 nastaven\u00e1 v \u0161tyroch krokoch, aby sa nap\u00ednacia sila prisp\u00f4sobila aplik\u00e1cii. 4 asisten\u010dn\u00e9 re\u017eimy: funkcia dreva na skrutkovanie dlh\u00fdch skrutiek, [&hellip;]<\/p>\n","protected":false},"featured_media":42988,"comment_status":"open","ping_status":"closed","template":"","meta":{"_lmt_disableupdate":"","_lmt_disable":""},"product_cat":[3530],"product_tag":[],"class_list":{"0":"post-42987","1":"product","2":"type-product","3":"status-publish","4":"has-post-thumbnail","6":"product_cat-razove-utahovaky-xgt","8":"first","9":"instock","10":"taxable","11":"shipping-taxable","12":"purchasable","13":"product-type-simple"},"yoast_head":"<!-- This site is optimized with the Yoast SEO plugin v27.3 - https:\/\/yoast.com\/product\/yoast-seo-wordpress\/ -->\n<title>Makita TD001GM201 - MIR-MAR<\/title>\n<meta name=\"robots\" content=\"index, follow, max-snippet:-1, max-image-preview:large, max-video-preview:-1\" \/>\n<link rel=\"canonical\" href=\"http:\/\/dafinoo.eu\/mirmar\/obchod\/makita-td001gm201\/\" \/>\n<meta property=\"og:locale\" content=\"sk_SK\" \/>\n<meta property=\"og:type\" content=\"article\" \/>\n<meta property=\"og:title\" content=\"Makita TD001GM201 - MIR-MAR\" \/>\n<meta property=\"og:description\" content=\"\u013dahk\u00fd a kompaktn\u00fd razov\u00fd skrutkova\u010d s vysok\u00fdm kr\u00fatiacim momentom pre r\u00f4zne skrutkovacie a mont\u00e1\u017ene pr\u00e1ce. Vzh\u013eadom na vy\u0161\u0161ie pracovn\u00e9 nap\u00e4tie technol\u00f3gie XGT je stroj vysoko odoln\u00fd vo\u010di nepretr\u017eitej pr\u00e1ci pri vysok\u00fdch za\u0165a\u017eeniach. Razov\u00e1 sila m\u00f4\u017ee by\u0165 nastaven\u00e1 v \u0161tyroch krokoch, aby sa nap\u00ednacia sila prisp\u00f4sobila aplik\u00e1cii. 4 asisten\u010dn\u00e9 re\u017eimy: funkcia dreva na skrutkovanie dlh\u00fdch skrutiek, [&hellip;]\" \/>\n<meta property=\"og:url\" content=\"http:\/\/dafinoo.eu\/mirmar\/obchod\/makita-td001gm201\/\" \/>\n<meta property=\"og:site_name\" content=\"MIR-MAR\" \/>\n<meta property=\"article:publisher\" content=\"https:\/\/facebook.com\/mirmareshop\" \/>\n<meta property=\"article:modified_time\" content=\"2022-02-20T09:05:28+00:00\" \/>\n<meta property=\"og:image\" content=\"http:\/\/dafinoo.eu\/mirmar\/wp-content\/uploads\/2022\/02\/TD001G_im_12.jpg\" \/>\n\t<meta property=\"og:image:width\" content=\"945\" \/>\n\t<meta property=\"og:image:height\" content=\"945\" \/>\n\t<meta property=\"og:image:type\" content=\"image\/jpeg\" \/>\n<meta name=\"twitter:label1\" content=\"Predpokladan\u00fd \u010das \u010d\u00edtania\" \/>\n\t<meta name=\"twitter:data1\" content=\"1 min\u00fata\" \/>\n<script type=\"application\/ld+json\" class=\"yoast-schema-graph\">{\"@context\":\"https:\\\/\\\/schema.org\",\"@graph\":[{\"@type\":\"WebPage\",\"@id\":\"http:\\\/\\\/dafinoo.eu\\\/mirmar\\\/obchod\\\/makita-td001gm201\\\/\",\"url\":\"http:\\\/\\\/dafinoo.eu\\\/mirmar\\\/obchod\\\/makita-td001gm201\\\/\",\"name\":\"Makita TD001GM201 - MIR-MAR\",\"isPartOf\":{\"@id\":\"http:\\\/\\\/dafinoo.eu\\\/mirmar\\\/#website\"},\"primaryImageOfPage\":{\"@id\":\"http:\\\/\\\/dafinoo.eu\\\/mirmar\\\/obchod\\\/makita-td001gm201\\\/#primaryimage\"},\"image\":{\"@id\":\"http:\\\/\\\/dafinoo.eu\\\/mirmar\\\/obchod\\\/makita-td001gm201\\\/#primaryimage\"},\"thumbnailUrl\":\"http:\\\/\\\/dafinoo.eu\\\/mirmar\\\/wp-content\\\/uploads\\\/2022\\\/02\\\/TD001G_im_12.jpg\",\"datePublished\":\"2022-02-20T09:05:27+00:00\",\"dateModified\":\"2022-02-20T09:05:28+00:00\",\"breadcrumb\":{\"@id\":\"http:\\\/\\\/dafinoo.eu\\\/mirmar\\\/obchod\\\/makita-td001gm201\\\/#breadcrumb\"},\"inLanguage\":\"sk-SK\",\"potentialAction\":[{\"@type\":\"ReadAction\",\"target\":[\"http:\\\/\\\/dafinoo.eu\\\/mirmar\\\/obchod\\\/makita-td001gm201\\\/\"]}]},{\"@type\":\"ImageObject\",\"inLanguage\":\"sk-SK\",\"@id\":\"http:\\\/\\\/dafinoo.eu\\\/mirmar\\\/obchod\\\/makita-td001gm201\\\/#primaryimage\",\"url\":\"http:\\\/\\\/dafinoo.eu\\\/mirmar\\\/wp-content\\\/uploads\\\/2022\\\/02\\\/TD001G_im_12.jpg\",\"contentUrl\":\"http:\\\/\\\/dafinoo.eu\\\/mirmar\\\/wp-content\\\/uploads\\\/2022\\\/02\\\/TD001G_im_12.jpg\",\"width\":945,\"height\":945},{\"@type\":\"BreadcrumbList\",\"@id\":\"http:\\\/\\\/dafinoo.eu\\\/mirmar\\\/obchod\\\/makita-td001gm201\\\/#breadcrumb\",\"itemListElement\":[{\"@type\":\"ListItem\",\"position\":1,\"name\":\"Domovsk\u00e1 str\u00e1nka\",\"item\":\"http:\\\/\\\/dafinoo.eu\\\/mirmar\\\/\"},{\"@type\":\"ListItem\",\"position\":2,\"name\":\"Obchod\",\"item\":\"http:\\\/\\\/dafinoo.eu\\\/mirmar\\\/obchod\\\/\"},{\"@type\":\"ListItem\",\"position\":3,\"name\":\"Makita TD001GM201\"}]},{\"@type\":\"WebSite\",\"@id\":\"http:\\\/\\\/dafinoo.eu\\\/mirmar\\\/#website\",\"url\":\"http:\\\/\\\/dafinoo.eu\\\/mirmar\\\/\",\"name\":\"MIR-MAR\",\"description\":\"Eshop s n\u00e1rad\u00edm\",\"publisher\":{\"@id\":\"http:\\\/\\\/dafinoo.eu\\\/mirmar\\\/#organization\"},\"potentialAction\":[{\"@type\":\"SearchAction\",\"target\":{\"@type\":\"EntryPoint\",\"urlTemplate\":\"http:\\\/\\\/dafinoo.eu\\\/mirmar\\\/?s={search_term_string}\"},\"query-input\":{\"@type\":\"PropertyValueSpecification\",\"valueRequired\":true,\"valueName\":\"search_term_string\"}}],\"inLanguage\":\"sk-SK\"},{\"@type\":\"Organization\",\"@id\":\"http:\\\/\\\/dafinoo.eu\\\/mirmar\\\/#organization\",\"name\":\"MIR-MAR\",\"url\":\"http:\\\/\\\/dafinoo.eu\\\/mirmar\\\/\",\"logo\":{\"@type\":\"ImageObject\",\"inLanguage\":\"sk-SK\",\"@id\":\"http:\\\/\\\/dafinoo.eu\\\/mirmar\\\/#\\\/schema\\\/logo\\\/image\\\/\",\"url\":\"http:\\\/\\\/dafinoo.eu\\\/mirmar\\\/wp-content\\\/uploads\\\/2021\\\/03\\\/mirmar_logo.png\",\"contentUrl\":\"http:\\\/\\\/dafinoo.eu\\\/mirmar\\\/wp-content\\\/uploads\\\/2021\\\/03\\\/mirmar_logo.png\",\"width\":256,\"height\":60,\"caption\":\"MIR-MAR\"},\"image\":{\"@id\":\"http:\\\/\\\/dafinoo.eu\\\/mirmar\\\/#\\\/schema\\\/logo\\\/image\\\/\"},\"sameAs\":[\"https:\\\/\\\/facebook.com\\\/mirmareshop\"]}]}<\/script>\n<!-- \/ Yoast SEO plugin. -->","yoast_head_json":{"title":"Makita TD001GM201 - MIR-MAR","robots":{"index":"index","follow":"follow","max-snippet":"max-snippet:-1","max-image-preview":"max-image-preview:large","max-video-preview":"max-video-preview:-1"},"canonical":"http:\/\/dafinoo.eu\/mirmar\/obchod\/makita-td001gm201\/","og_locale":"sk_SK","og_type":"article","og_title":"Makita TD001GM201 - MIR-MAR","og_description":"\u013dahk\u00fd a kompaktn\u00fd razov\u00fd skrutkova\u010d s vysok\u00fdm kr\u00fatiacim momentom pre r\u00f4zne skrutkovacie a mont\u00e1\u017ene pr\u00e1ce. Vzh\u013eadom na vy\u0161\u0161ie pracovn\u00e9 nap\u00e4tie technol\u00f3gie XGT je stroj vysoko odoln\u00fd vo\u010di nepretr\u017eitej pr\u00e1ci pri vysok\u00fdch za\u0165a\u017eeniach. Razov\u00e1 sila m\u00f4\u017ee by\u0165 nastaven\u00e1 v \u0161tyroch krokoch, aby sa nap\u00ednacia sila prisp\u00f4sobila aplik\u00e1cii. 4 asisten\u010dn\u00e9 re\u017eimy: funkcia dreva na skrutkovanie dlh\u00fdch skrutiek, [&hellip;]","og_url":"http:\/\/dafinoo.eu\/mirmar\/obchod\/makita-td001gm201\/","og_site_name":"MIR-MAR","article_publisher":"https:\/\/facebook.com\/mirmareshop","article_modified_time":"2022-02-20T09:05:28+00:00","og_image":[{"width":945,"height":945,"url":"http:\/\/dafinoo.eu\/mirmar\/wp-content\/uploads\/2022\/02\/TD001G_im_12.jpg","type":"image\/jpeg"}],"twitter_misc":{"Predpokladan\u00fd \u010das \u010d\u00edtania":"1 min\u00fata"},"schema":{"@context":"https:\/\/schema.org","@graph":[{"@type":"WebPage","@id":"http:\/\/dafinoo.eu\/mirmar\/obchod\/makita-td001gm201\/","url":"http:\/\/dafinoo.eu\/mirmar\/obchod\/makita-td001gm201\/","name":"Makita TD001GM201 - MIR-MAR","isPartOf":{"@id":"http:\/\/dafinoo.eu\/mirmar\/#website"},"primaryImageOfPage":{"@id":"http:\/\/dafinoo.eu\/mirmar\/obchod\/makita-td001gm201\/#primaryimage"},"image":{"@id":"http:\/\/dafinoo.eu\/mirmar\/obchod\/makita-td001gm201\/#primaryimage"},"thumbnailUrl":"http:\/\/dafinoo.eu\/mirmar\/wp-content\/uploads\/2022\/02\/TD001G_im_12.jpg","datePublished":"2022-02-20T09:05:27+00:00","dateModified":"2022-02-20T09:05:28+00:00","breadcrumb":{"@id":"http:\/\/dafinoo.eu\/mirmar\/obchod\/makita-td001gm201\/#breadcrumb"},"inLanguage":"sk-SK","potentialAction":[{"@type":"ReadAction","target":["http:\/\/dafinoo.eu\/mirmar\/obchod\/makita-td001gm201\/"]}]},{"@type":"ImageObject","inLanguage":"sk-SK","@id":"http:\/\/dafinoo.eu\/mirmar\/obchod\/makita-td001gm201\/#primaryimage","url":"http:\/\/dafinoo.eu\/mirmar\/wp-content\/uploads\/2022\/02\/TD001G_im_12.jpg","contentUrl":"http:\/\/dafinoo.eu\/mirmar\/wp-content\/uploads\/2022\/02\/TD001G_im_12.jpg","width":945,"height":945},{"@type":"BreadcrumbList","@id":"http:\/\/dafinoo.eu\/mirmar\/obchod\/makita-td001gm201\/#breadcrumb","itemListElement":[{"@type":"ListItem","position":1,"name":"Domovsk\u00e1 str\u00e1nka","item":"http:\/\/dafinoo.eu\/mirmar\/"},{"@type":"ListItem","position":2,"name":"Obchod","item":"http:\/\/dafinoo.eu\/mirmar\/obchod\/"},{"@type":"ListItem","position":3,"name":"Makita TD001GM201"}]},{"@type":"WebSite","@id":"http:\/\/dafinoo.eu\/mirmar\/#website","url":"http:\/\/dafinoo.eu\/mirmar\/","name":"MIR-MAR","description":"Eshop s n\u00e1rad\u00edm","publisher":{"@id":"http:\/\/dafinoo.eu\/mirmar\/#organization"},"potentialAction":[{"@type":"SearchAction","target":{"@type":"EntryPoint","urlTemplate":"http:\/\/dafinoo.eu\/mirmar\/?s={search_term_string}"},"query-input":{"@type":"PropertyValueSpecification","valueRequired":true,"valueName":"search_term_string"}}],"inLanguage":"sk-SK"},{"@type":"Organization","@id":"http:\/\/dafinoo.eu\/mirmar\/#organization","name":"MIR-MAR","url":"http:\/\/dafinoo.eu\/mirmar\/","logo":{"@type":"ImageObject","inLanguage":"sk-SK","@id":"http:\/\/dafinoo.eu\/mirmar\/#\/schema\/logo\/image\/","url":"http:\/\/dafinoo.eu\/mirmar\/wp-content\/uploads\/2021\/03\/mirmar_logo.png","contentUrl":"http:\/\/dafinoo.eu\/mirmar\/wp-content\/uploads\/2021\/03\/mirmar_logo.png","width":256,"height":60,"caption":"MIR-MAR"},"image":{"@id":"http:\/\/dafinoo.eu\/mirmar\/#\/schema\/logo\/image\/"},"sameAs":["https:\/\/facebook.com\/mirmareshop"]}]}},"_links":{"self":[{"href":"http:\/\/dafinoo.eu\/mirmar\/wp-json\/wp\/v2\/product\/42987","targetHints":{"allow":["GET"]}}],"collection":[{"href":"http:\/\/dafinoo.eu\/mirmar\/wp-json\/wp\/v2\/product"}],"about":[{"href":"http:\/\/dafinoo.eu\/mirmar\/wp-json\/wp\/v2\/types\/product"}],"replies":[{"embeddable":true,"href":"http:\/\/dafinoo.eu\/mirmar\/wp-json\/wp\/v2\/comments?post=42987"}],"wp:featuredmedia":[{"embeddable":true,"href":"http:\/\/dafinoo.eu\/mirmar\/wp-json\/wp\/v2\/media\/42988"}],"wp:attachment":[{"href":"http:\/\/dafinoo.eu\/mirmar\/wp-json\/wp\/v2\/media?parent=42987"}],"wp:term":[{"taxonomy":"product_cat","embeddable":true,"href":"http:\/\/dafinoo.eu\/mirmar\/wp-json\/wp\/v2\/product_cat?post=42987"},{"taxonomy":"product_tag","embeddable":true,"href":"http:\/\/dafinoo.eu\/mirmar\/wp-json\/wp\/v2\/product_tag?post=42987"}],"curies":[{"name":"wp","href":"https:\/\/api.w.org\/{rel}","templated":true}]}}