{"id":42989,"date":"2022-02-20T10:12:56","date_gmt":"2022-02-20T09:12:56","guid":{"rendered":"http:\/\/dafinoo.eu\/mirmar\/?post_type=product&#038;p=42989"},"modified":"2022-02-21T10:15:35","modified_gmt":"2022-02-21T09:15:35","slug":"dolmar-ar-3733-z","status":"publish","type":"product","link":"http:\/\/dafinoo.eu\/mirmar\/obchod\/dolmar-ar-3733-z\/","title":{"rendered":"Dolmar AR-3733 Z"},"content":{"rendered":"<ul>\n<li class=\"list-group-item ng-star-inserted\"><span class=\"ml-3\">Akumul\u00e1torov\u00e9 no\u017enice na vini\u010d DOLMAR AR-3733 Z<\/span><\/li>\n<li class=\"list-group-item ng-star-inserted\"><\/li>\n<li class=\"list-group-item ng-star-inserted\"><span class=\"ml-3\">Max. hr\u00fabka kon\u00e1rov 33 mm<\/span><\/li>\n<li class=\"list-group-item ng-star-inserted\"><\/li>\n<li class=\"list-group-item ng-star-inserted\"><span class=\"ml-3\">Dod\u00e1van\u00e9 pr\u00edslu\u0161enstvo: Prepravn\u00e1 ta\u0161ka<\/span><\/li>\n<li class=\"list-group-item ng-star-inserted\"><\/li>\n<li class=\"list-group-item ng-star-inserted\"><span class=\"ml-3\">Adapt\u00e9r na baterky<\/span><\/li>\n<li class=\"list-group-item ng-star-inserted\"><\/li>\n<li class=\"list-group-item ng-star-inserted\"><span class=\"ml-3\">Ruksak s aku adapt\u00e9rom<\/span><\/li>\n<li class=\"list-group-item ng-star-inserted\"><\/li>\n<li class=\"list-group-item ng-star-inserted\"><span class=\"ml-3\">K\u00e1bel<\/span><\/li>\n<li class=\"list-group-item ng-star-inserted\"><\/li>\n<li class=\"list-group-item ng-star-inserted\"><span class=\"ml-3\">P\u00fazdro na no\u017enice<\/span><\/li>\n<li class=\"list-group-item ng-star-inserted\"><\/li>\n<\/ul>\n<p><span class=\"ml-3\">Bez akumul\u00e1tora a nab\u00edja\u010dky<\/span><\/p>\n","protected":false},"excerpt":{"rendered":"<p>Akumul\u00e1torov\u00e9 no\u017enice na vini\u010d DOLMAR AR-3733 Z Max. hr\u00fabka kon\u00e1rov 33 mm Dod\u00e1van\u00e9 pr\u00edslu\u0161enstvo: Prepravn\u00e1 ta\u0161ka Adapt\u00e9r na baterky Ruksak s aku adapt\u00e9rom K\u00e1bel P\u00fazdro na no\u017enice Bez akumul\u00e1tora a nab\u00edja\u010dky<\/p>\n","protected":false},"featured_media":42990,"comment_status":"open","ping_status":"closed","template":"","meta":{"_lmt_disableupdate":"","_lmt_disable":""},"product_cat":[3187],"product_tag":[],"class_list":{"0":"post-42989","1":"product","2":"type-product","3":"status-publish","4":"has-post-thumbnail","6":"product_cat-akumulatorove-noznice-na-zivy-plot","7":"ts_product_brand-dolmar","9":"first","10":"instock","11":"taxable","12":"shipping-taxable","13":"purchasable","14":"product-type-simple"},"yoast_head":"<!-- This site is optimized with the Yoast SEO plugin v27.3 - https:\/\/yoast.com\/product\/yoast-seo-wordpress\/ -->\n<title>Dolmar AR-3733 Z - MIR-MAR<\/title>\n<meta name=\"robots\" content=\"index, follow, max-snippet:-1, max-image-preview:large, max-video-preview:-1\" \/>\n<link rel=\"canonical\" href=\"http:\/\/dafinoo.eu\/mirmar\/obchod\/dolmar-ar-3733-z\/\" \/>\n<meta property=\"og:locale\" content=\"sk_SK\" \/>\n<meta property=\"og:type\" content=\"article\" \/>\n<meta property=\"og:title\" content=\"Dolmar AR-3733 Z - MIR-MAR\" \/>\n<meta property=\"og:description\" content=\"Akumul\u00e1torov\u00e9 no\u017enice na vini\u010d DOLMAR AR-3733 Z Max. hr\u00fabka kon\u00e1rov 33 mm Dod\u00e1van\u00e9 pr\u00edslu\u0161enstvo: Prepravn\u00e1 ta\u0161ka Adapt\u00e9r na baterky Ruksak s aku adapt\u00e9rom K\u00e1bel P\u00fazdro na no\u017enice Bez akumul\u00e1tora a nab\u00edja\u010dky\" \/>\n<meta property=\"og:url\" content=\"http:\/\/dafinoo.eu\/mirmar\/obchod\/dolmar-ar-3733-z\/\" \/>\n<meta property=\"og:site_name\" content=\"MIR-MAR\" \/>\n<meta property=\"article:publisher\" content=\"https:\/\/facebook.com\/mirmareshop\" \/>\n<meta property=\"article:modified_time\" content=\"2022-02-21T09:15:35+00:00\" \/>\n<meta property=\"og:image\" content=\"http:\/\/dafinoo.eu\/mirmar\/wp-content\/uploads\/2022\/02\/vyr_18033ar-3733.jpg\" \/>\n\t<meta property=\"og:image:width\" content=\"470\" \/>\n\t<meta property=\"og:image:height\" content=\"535\" \/>\n\t<meta property=\"og:image:type\" content=\"image\/jpeg\" \/>\n<script type=\"application\/ld+json\" class=\"yoast-schema-graph\">{\"@context\":\"https:\\\/\\\/schema.org\",\"@graph\":[{\"@type\":\"WebPage\",\"@id\":\"http:\\\/\\\/dafinoo.eu\\\/mirmar\\\/obchod\\\/dolmar-ar-3733-z\\\/\",\"url\":\"http:\\\/\\\/dafinoo.eu\\\/mirmar\\\/obchod\\\/dolmar-ar-3733-z\\\/\",\"name\":\"Dolmar AR-3733 Z - MIR-MAR\",\"isPartOf\":{\"@id\":\"http:\\\/\\\/dafinoo.eu\\\/mirmar\\\/#website\"},\"primaryImageOfPage\":{\"@id\":\"http:\\\/\\\/dafinoo.eu\\\/mirmar\\\/obchod\\\/dolmar-ar-3733-z\\\/#primaryimage\"},\"image\":{\"@id\":\"http:\\\/\\\/dafinoo.eu\\\/mirmar\\\/obchod\\\/dolmar-ar-3733-z\\\/#primaryimage\"},\"thumbnailUrl\":\"http:\\\/\\\/dafinoo.eu\\\/mirmar\\\/wp-content\\\/uploads\\\/2022\\\/02\\\/vyr_18033ar-3733.jpg\",\"datePublished\":\"2022-02-20T09:12:56+00:00\",\"dateModified\":\"2022-02-21T09:15:35+00:00\",\"breadcrumb\":{\"@id\":\"http:\\\/\\\/dafinoo.eu\\\/mirmar\\\/obchod\\\/dolmar-ar-3733-z\\\/#breadcrumb\"},\"inLanguage\":\"sk-SK\",\"potentialAction\":[{\"@type\":\"ReadAction\",\"target\":[\"http:\\\/\\\/dafinoo.eu\\\/mirmar\\\/obchod\\\/dolmar-ar-3733-z\\\/\"]}]},{\"@type\":\"ImageObject\",\"inLanguage\":\"sk-SK\",\"@id\":\"http:\\\/\\\/dafinoo.eu\\\/mirmar\\\/obchod\\\/dolmar-ar-3733-z\\\/#primaryimage\",\"url\":\"http:\\\/\\\/dafinoo.eu\\\/mirmar\\\/wp-content\\\/uploads\\\/2022\\\/02\\\/vyr_18033ar-3733.jpg\",\"contentUrl\":\"http:\\\/\\\/dafinoo.eu\\\/mirmar\\\/wp-content\\\/uploads\\\/2022\\\/02\\\/vyr_18033ar-3733.jpg\",\"width\":470,\"height\":535},{\"@type\":\"BreadcrumbList\",\"@id\":\"http:\\\/\\\/dafinoo.eu\\\/mirmar\\\/obchod\\\/dolmar-ar-3733-z\\\/#breadcrumb\",\"itemListElement\":[{\"@type\":\"ListItem\",\"position\":1,\"name\":\"Domovsk\u00e1 str\u00e1nka\",\"item\":\"http:\\\/\\\/dafinoo.eu\\\/mirmar\\\/\"},{\"@type\":\"ListItem\",\"position\":2,\"name\":\"Obchod\",\"item\":\"http:\\\/\\\/dafinoo.eu\\\/mirmar\\\/obchod\\\/\"},{\"@type\":\"ListItem\",\"position\":3,\"name\":\"Dolmar AR-3733 Z\"}]},{\"@type\":\"WebSite\",\"@id\":\"http:\\\/\\\/dafinoo.eu\\\/mirmar\\\/#website\",\"url\":\"http:\\\/\\\/dafinoo.eu\\\/mirmar\\\/\",\"name\":\"MIR-MAR\",\"description\":\"Eshop s n\u00e1rad\u00edm\",\"publisher\":{\"@id\":\"http:\\\/\\\/dafinoo.eu\\\/mirmar\\\/#organization\"},\"potentialAction\":[{\"@type\":\"SearchAction\",\"target\":{\"@type\":\"EntryPoint\",\"urlTemplate\":\"http:\\\/\\\/dafinoo.eu\\\/mirmar\\\/?s={search_term_string}\"},\"query-input\":{\"@type\":\"PropertyValueSpecification\",\"valueRequired\":true,\"valueName\":\"search_term_string\"}}],\"inLanguage\":\"sk-SK\"},{\"@type\":\"Organization\",\"@id\":\"http:\\\/\\\/dafinoo.eu\\\/mirmar\\\/#organization\",\"name\":\"MIR-MAR\",\"url\":\"http:\\\/\\\/dafinoo.eu\\\/mirmar\\\/\",\"logo\":{\"@type\":\"ImageObject\",\"inLanguage\":\"sk-SK\",\"@id\":\"http:\\\/\\\/dafinoo.eu\\\/mirmar\\\/#\\\/schema\\\/logo\\\/image\\\/\",\"url\":\"http:\\\/\\\/dafinoo.eu\\\/mirmar\\\/wp-content\\\/uploads\\\/2021\\\/03\\\/mirmar_logo.png\",\"contentUrl\":\"http:\\\/\\\/dafinoo.eu\\\/mirmar\\\/wp-content\\\/uploads\\\/2021\\\/03\\\/mirmar_logo.png\",\"width\":256,\"height\":60,\"caption\":\"MIR-MAR\"},\"image\":{\"@id\":\"http:\\\/\\\/dafinoo.eu\\\/mirmar\\\/#\\\/schema\\\/logo\\\/image\\\/\"},\"sameAs\":[\"https:\\\/\\\/facebook.com\\\/mirmareshop\"]}]}<\/script>\n<!-- \/ Yoast SEO plugin. -->","yoast_head_json":{"title":"Dolmar AR-3733 Z - MIR-MAR","robots":{"index":"index","follow":"follow","max-snippet":"max-snippet:-1","max-image-preview":"max-image-preview:large","max-video-preview":"max-video-preview:-1"},"canonical":"http:\/\/dafinoo.eu\/mirmar\/obchod\/dolmar-ar-3733-z\/","og_locale":"sk_SK","og_type":"article","og_title":"Dolmar AR-3733 Z - MIR-MAR","og_description":"Akumul\u00e1torov\u00e9 no\u017enice na vini\u010d DOLMAR AR-3733 Z Max. hr\u00fabka kon\u00e1rov 33 mm Dod\u00e1van\u00e9 pr\u00edslu\u0161enstvo: Prepravn\u00e1 ta\u0161ka Adapt\u00e9r na baterky Ruksak s aku adapt\u00e9rom K\u00e1bel P\u00fazdro na no\u017enice Bez akumul\u00e1tora a nab\u00edja\u010dky","og_url":"http:\/\/dafinoo.eu\/mirmar\/obchod\/dolmar-ar-3733-z\/","og_site_name":"MIR-MAR","article_publisher":"https:\/\/facebook.com\/mirmareshop","article_modified_time":"2022-02-21T09:15:35+00:00","og_image":[{"width":470,"height":535,"url":"http:\/\/dafinoo.eu\/mirmar\/wp-content\/uploads\/2022\/02\/vyr_18033ar-3733.jpg","type":"image\/jpeg"}],"schema":{"@context":"https:\/\/schema.org","@graph":[{"@type":"WebPage","@id":"http:\/\/dafinoo.eu\/mirmar\/obchod\/dolmar-ar-3733-z\/","url":"http:\/\/dafinoo.eu\/mirmar\/obchod\/dolmar-ar-3733-z\/","name":"Dolmar AR-3733 Z - MIR-MAR","isPartOf":{"@id":"http:\/\/dafinoo.eu\/mirmar\/#website"},"primaryImageOfPage":{"@id":"http:\/\/dafinoo.eu\/mirmar\/obchod\/dolmar-ar-3733-z\/#primaryimage"},"image":{"@id":"http:\/\/dafinoo.eu\/mirmar\/obchod\/dolmar-ar-3733-z\/#primaryimage"},"thumbnailUrl":"http:\/\/dafinoo.eu\/mirmar\/wp-content\/uploads\/2022\/02\/vyr_18033ar-3733.jpg","datePublished":"2022-02-20T09:12:56+00:00","dateModified":"2022-02-21T09:15:35+00:00","breadcrumb":{"@id":"http:\/\/dafinoo.eu\/mirmar\/obchod\/dolmar-ar-3733-z\/#breadcrumb"},"inLanguage":"sk-SK","potentialAction":[{"@type":"ReadAction","target":["http:\/\/dafinoo.eu\/mirmar\/obchod\/dolmar-ar-3733-z\/"]}]},{"@type":"ImageObject","inLanguage":"sk-SK","@id":"http:\/\/dafinoo.eu\/mirmar\/obchod\/dolmar-ar-3733-z\/#primaryimage","url":"http:\/\/dafinoo.eu\/mirmar\/wp-content\/uploads\/2022\/02\/vyr_18033ar-3733.jpg","contentUrl":"http:\/\/dafinoo.eu\/mirmar\/wp-content\/uploads\/2022\/02\/vyr_18033ar-3733.jpg","width":470,"height":535},{"@type":"BreadcrumbList","@id":"http:\/\/dafinoo.eu\/mirmar\/obchod\/dolmar-ar-3733-z\/#breadcrumb","itemListElement":[{"@type":"ListItem","position":1,"name":"Domovsk\u00e1 str\u00e1nka","item":"http:\/\/dafinoo.eu\/mirmar\/"},{"@type":"ListItem","position":2,"name":"Obchod","item":"http:\/\/dafinoo.eu\/mirmar\/obchod\/"},{"@type":"ListItem","position":3,"name":"Dolmar AR-3733 Z"}]},{"@type":"WebSite","@id":"http:\/\/dafinoo.eu\/mirmar\/#website","url":"http:\/\/dafinoo.eu\/mirmar\/","name":"MIR-MAR","description":"Eshop s n\u00e1rad\u00edm","publisher":{"@id":"http:\/\/dafinoo.eu\/mirmar\/#organization"},"potentialAction":[{"@type":"SearchAction","target":{"@type":"EntryPoint","urlTemplate":"http:\/\/dafinoo.eu\/mirmar\/?s={search_term_string}"},"query-input":{"@type":"PropertyValueSpecification","valueRequired":true,"valueName":"search_term_string"}}],"inLanguage":"sk-SK"},{"@type":"Organization","@id":"http:\/\/dafinoo.eu\/mirmar\/#organization","name":"MIR-MAR","url":"http:\/\/dafinoo.eu\/mirmar\/","logo":{"@type":"ImageObject","inLanguage":"sk-SK","@id":"http:\/\/dafinoo.eu\/mirmar\/#\/schema\/logo\/image\/","url":"http:\/\/dafinoo.eu\/mirmar\/wp-content\/uploads\/2021\/03\/mirmar_logo.png","contentUrl":"http:\/\/dafinoo.eu\/mirmar\/wp-content\/uploads\/2021\/03\/mirmar_logo.png","width":256,"height":60,"caption":"MIR-MAR"},"image":{"@id":"http:\/\/dafinoo.eu\/mirmar\/#\/schema\/logo\/image\/"},"sameAs":["https:\/\/facebook.com\/mirmareshop"]}]}},"_links":{"self":[{"href":"http:\/\/dafinoo.eu\/mirmar\/wp-json\/wp\/v2\/product\/42989","targetHints":{"allow":["GET"]}}],"collection":[{"href":"http:\/\/dafinoo.eu\/mirmar\/wp-json\/wp\/v2\/product"}],"about":[{"href":"http:\/\/dafinoo.eu\/mirmar\/wp-json\/wp\/v2\/types\/product"}],"replies":[{"embeddable":true,"href":"http:\/\/dafinoo.eu\/mirmar\/wp-json\/wp\/v2\/comments?post=42989"}],"wp:featuredmedia":[{"embeddable":true,"href":"http:\/\/dafinoo.eu\/mirmar\/wp-json\/wp\/v2\/media\/42990"}],"wp:attachment":[{"href":"http:\/\/dafinoo.eu\/mirmar\/wp-json\/wp\/v2\/media?parent=42989"}],"wp:term":[{"taxonomy":"product_cat","embeddable":true,"href":"http:\/\/dafinoo.eu\/mirmar\/wp-json\/wp\/v2\/product_cat?post=42989"},{"taxonomy":"product_tag","embeddable":true,"href":"http:\/\/dafinoo.eu\/mirmar\/wp-json\/wp\/v2\/product_tag?post=42989"}],"curies":[{"name":"wp","href":"https:\/\/api.w.org\/{rel}","templated":true}]}}