{"id":42995,"date":"2022-02-21T10:32:51","date_gmt":"2022-02-21T09:32:51","guid":{"rendered":"http:\/\/dafinoo.eu\/mirmar\/?post_type=product&#038;p=42995"},"modified":"2022-02-21T10:32:52","modified_gmt":"2022-02-21T09:32:52","slug":"makita-pdc01","status":"publish","type":"product","link":"http:\/\/dafinoo.eu\/mirmar\/obchod\/makita-pdc01\/","title":{"rendered":"Makita PDC01"},"content":{"rendered":"<ul>\n<li>Prenosn\u00fd nap\u00e1jac\u00ed zdroj, ktor\u00fd pou\u017e\u00edva jednu a\u017e \u0161tyri \u0161tandardn\u00e9akumul\u00e1tory 18 V LXT.<\/li>\n<li><i class=\"icon-check text-success\"><\/i>Mo\u017eno pripoji\u0165 priamo k zariadeniam s konektorom a cez adapt\u00e9r k zariadeniam platformy 18V, 2 x 18V a 40Vmax.<\/li>\n<li><i class=\"icon-check text-success\"><\/i>Nie je potrebn\u00fd \u017eiadny \u0161pecifick\u00fd syst\u00e9m nab\u00edjania, bat\u00e9rie sa nab\u00edjaj\u00fa oddelene od bat\u00e9riov\u00e9ho bloku pomocou \u0161tandardnej nab\u00edja\u010dky LXT 18V.<\/li>\n<li><i class=\"icon-check text-success\"><\/i>Akumul\u00e1tor mo\u017eno \u013eahko odpoji\u0165 od popruhu a pou\u017ei\u0165 ho ako zdroj energie pre in\u00e9 n\u00e1radie.<\/li>\n<li><i class=\"icon-check text-success\"><\/i>Pre zv\u00fd\u0161enie bezpe\u010dnosti sa m\u00f4\u017ee spojenie medzi n\u00e1rad\u00edm a akumul\u00e1torom vysun\u00fa\u0165, ak za k\u00e1bel pr\u00edli\u0161 potiahnete.<\/li>\n<li><i class=\"icon-check text-success\"><\/i>Stav bat\u00e9rie signalizuj\u00fa \u0161tyri zelen\u00e9 LED di\u00f3dy.<\/li>\n<li><i class=\"icon-check text-success\"><\/i>V\u00fd\u0161kovo nastavite\u013en\u00fd p\u00e1s pre dokonal\u00e9 prisp\u00f4sobenie a pohodlie.<\/li>\n<li><i class=\"icon-check text-success\"><\/i>Dod\u00e1van\u00e9 bez akumul\u00e1torov a nab\u00edja\u010dky<\/li>\n<li><i class=\"icon-check text-success\"><\/i>Objedn\u00e1vacie \u010d\u00edslo: 191A64-2<\/li>\n<\/ul>\n","protected":false},"excerpt":{"rendered":"<p>Prenosn\u00fd nap\u00e1jac\u00ed zdroj, ktor\u00fd pou\u017e\u00edva jednu a\u017e \u0161tyri \u0161tandardn\u00e9akumul\u00e1tory 18 V LXT. Mo\u017eno pripoji\u0165 priamo k zariadeniam s konektorom a cez adapt\u00e9r k zariadeniam platformy 18V, 2 x 18V a 40Vmax. Nie je potrebn\u00fd \u017eiadny \u0161pecifick\u00fd syst\u00e9m nab\u00edjania, bat\u00e9rie sa nab\u00edjaj\u00fa oddelene od bat\u00e9riov\u00e9ho bloku pomocou \u0161tandardnej nab\u00edja\u010dky LXT 18V. Akumul\u00e1tor mo\u017eno \u013eahko odpoji\u0165 od [&hellip;]<\/p>\n","protected":false},"featured_media":42996,"comment_status":"open","ping_status":"closed","template":"","meta":{"_lmt_disableupdate":"","_lmt_disable":""},"product_cat":[3534,3527,3051],"product_tag":[],"class_list":{"0":"post-42995","1":"product","2":"type-product","3":"status-publish","4":"has-post-thumbnail","6":"product_cat-ruksak","7":"product_cat-xgt","8":"product_cat-makita","10":"first","11":"instock","12":"taxable","13":"shipping-taxable","14":"purchasable","15":"product-type-simple"},"yoast_head":"<!-- This site is optimized with the Yoast SEO plugin v27.3 - https:\/\/yoast.com\/product\/yoast-seo-wordpress\/ -->\n<title>Makita PDC01 - MIR-MAR<\/title>\n<meta name=\"robots\" content=\"index, follow, max-snippet:-1, max-image-preview:large, max-video-preview:-1\" \/>\n<link rel=\"canonical\" href=\"http:\/\/dafinoo.eu\/mirmar\/obchod\/makita-pdc01\/\" \/>\n<meta property=\"og:locale\" content=\"sk_SK\" \/>\n<meta property=\"og:type\" content=\"article\" \/>\n<meta property=\"og:title\" content=\"Makita PDC01 - MIR-MAR\" \/>\n<meta property=\"og:description\" content=\"Prenosn\u00fd nap\u00e1jac\u00ed zdroj, ktor\u00fd pou\u017e\u00edva jednu a\u017e \u0161tyri \u0161tandardn\u00e9akumul\u00e1tory 18 V LXT. Mo\u017eno pripoji\u0165 priamo k zariadeniam s konektorom a cez adapt\u00e9r k zariadeniam platformy 18V, 2 x 18V a 40Vmax. Nie je potrebn\u00fd \u017eiadny \u0161pecifick\u00fd syst\u00e9m nab\u00edjania, bat\u00e9rie sa nab\u00edjaj\u00fa oddelene od bat\u00e9riov\u00e9ho bloku pomocou \u0161tandardnej nab\u00edja\u010dky LXT 18V. Akumul\u00e1tor mo\u017eno \u013eahko odpoji\u0165 od [&hellip;]\" \/>\n<meta property=\"og:url\" content=\"http:\/\/dafinoo.eu\/mirmar\/obchod\/makita-pdc01\/\" \/>\n<meta property=\"og:site_name\" content=\"MIR-MAR\" \/>\n<meta property=\"article:publisher\" content=\"https:\/\/facebook.com\/mirmareshop\" \/>\n<meta property=\"article:modified_time\" content=\"2022-02-21T09:32:52+00:00\" \/>\n<meta property=\"og:image\" content=\"http:\/\/dafinoo.eu\/mirmar\/wp-content\/uploads\/2022\/02\/PDC01_orig.jpg\" \/>\n\t<meta property=\"og:image:width\" content=\"945\" \/>\n\t<meta property=\"og:image:height\" content=\"945\" \/>\n\t<meta property=\"og:image:type\" content=\"image\/jpeg\" \/>\n<meta name=\"twitter:label1\" content=\"Predpokladan\u00fd \u010das \u010d\u00edtania\" \/>\n\t<meta name=\"twitter:data1\" content=\"1 min\u00fata\" \/>\n<script type=\"application\/ld+json\" class=\"yoast-schema-graph\">{\"@context\":\"https:\\\/\\\/schema.org\",\"@graph\":[{\"@type\":\"WebPage\",\"@id\":\"http:\\\/\\\/dafinoo.eu\\\/mirmar\\\/obchod\\\/makita-pdc01\\\/\",\"url\":\"http:\\\/\\\/dafinoo.eu\\\/mirmar\\\/obchod\\\/makita-pdc01\\\/\",\"name\":\"Makita PDC01 - MIR-MAR\",\"isPartOf\":{\"@id\":\"http:\\\/\\\/dafinoo.eu\\\/mirmar\\\/#website\"},\"primaryImageOfPage\":{\"@id\":\"http:\\\/\\\/dafinoo.eu\\\/mirmar\\\/obchod\\\/makita-pdc01\\\/#primaryimage\"},\"image\":{\"@id\":\"http:\\\/\\\/dafinoo.eu\\\/mirmar\\\/obchod\\\/makita-pdc01\\\/#primaryimage\"},\"thumbnailUrl\":\"http:\\\/\\\/dafinoo.eu\\\/mirmar\\\/wp-content\\\/uploads\\\/2022\\\/02\\\/PDC01_orig.jpg\",\"datePublished\":\"2022-02-21T09:32:51+00:00\",\"dateModified\":\"2022-02-21T09:32:52+00:00\",\"breadcrumb\":{\"@id\":\"http:\\\/\\\/dafinoo.eu\\\/mirmar\\\/obchod\\\/makita-pdc01\\\/#breadcrumb\"},\"inLanguage\":\"sk-SK\",\"potentialAction\":[{\"@type\":\"ReadAction\",\"target\":[\"http:\\\/\\\/dafinoo.eu\\\/mirmar\\\/obchod\\\/makita-pdc01\\\/\"]}]},{\"@type\":\"ImageObject\",\"inLanguage\":\"sk-SK\",\"@id\":\"http:\\\/\\\/dafinoo.eu\\\/mirmar\\\/obchod\\\/makita-pdc01\\\/#primaryimage\",\"url\":\"http:\\\/\\\/dafinoo.eu\\\/mirmar\\\/wp-content\\\/uploads\\\/2022\\\/02\\\/PDC01_orig.jpg\",\"contentUrl\":\"http:\\\/\\\/dafinoo.eu\\\/mirmar\\\/wp-content\\\/uploads\\\/2022\\\/02\\\/PDC01_orig.jpg\",\"width\":945,\"height\":945},{\"@type\":\"BreadcrumbList\",\"@id\":\"http:\\\/\\\/dafinoo.eu\\\/mirmar\\\/obchod\\\/makita-pdc01\\\/#breadcrumb\",\"itemListElement\":[{\"@type\":\"ListItem\",\"position\":1,\"name\":\"Domovsk\u00e1 str\u00e1nka\",\"item\":\"http:\\\/\\\/dafinoo.eu\\\/mirmar\\\/\"},{\"@type\":\"ListItem\",\"position\":2,\"name\":\"Obchod\",\"item\":\"http:\\\/\\\/dafinoo.eu\\\/mirmar\\\/obchod\\\/\"},{\"@type\":\"ListItem\",\"position\":3,\"name\":\"Makita PDC01\"}]},{\"@type\":\"WebSite\",\"@id\":\"http:\\\/\\\/dafinoo.eu\\\/mirmar\\\/#website\",\"url\":\"http:\\\/\\\/dafinoo.eu\\\/mirmar\\\/\",\"name\":\"MIR-MAR\",\"description\":\"Eshop s n\u00e1rad\u00edm\",\"publisher\":{\"@id\":\"http:\\\/\\\/dafinoo.eu\\\/mirmar\\\/#organization\"},\"potentialAction\":[{\"@type\":\"SearchAction\",\"target\":{\"@type\":\"EntryPoint\",\"urlTemplate\":\"http:\\\/\\\/dafinoo.eu\\\/mirmar\\\/?s={search_term_string}\"},\"query-input\":{\"@type\":\"PropertyValueSpecification\",\"valueRequired\":true,\"valueName\":\"search_term_string\"}}],\"inLanguage\":\"sk-SK\"},{\"@type\":\"Organization\",\"@id\":\"http:\\\/\\\/dafinoo.eu\\\/mirmar\\\/#organization\",\"name\":\"MIR-MAR\",\"url\":\"http:\\\/\\\/dafinoo.eu\\\/mirmar\\\/\",\"logo\":{\"@type\":\"ImageObject\",\"inLanguage\":\"sk-SK\",\"@id\":\"http:\\\/\\\/dafinoo.eu\\\/mirmar\\\/#\\\/schema\\\/logo\\\/image\\\/\",\"url\":\"http:\\\/\\\/dafinoo.eu\\\/mirmar\\\/wp-content\\\/uploads\\\/2021\\\/03\\\/mirmar_logo.png\",\"contentUrl\":\"http:\\\/\\\/dafinoo.eu\\\/mirmar\\\/wp-content\\\/uploads\\\/2021\\\/03\\\/mirmar_logo.png\",\"width\":256,\"height\":60,\"caption\":\"MIR-MAR\"},\"image\":{\"@id\":\"http:\\\/\\\/dafinoo.eu\\\/mirmar\\\/#\\\/schema\\\/logo\\\/image\\\/\"},\"sameAs\":[\"https:\\\/\\\/facebook.com\\\/mirmareshop\"]}]}<\/script>\n<!-- \/ Yoast SEO plugin. -->","yoast_head_json":{"title":"Makita PDC01 - MIR-MAR","robots":{"index":"index","follow":"follow","max-snippet":"max-snippet:-1","max-image-preview":"max-image-preview:large","max-video-preview":"max-video-preview:-1"},"canonical":"http:\/\/dafinoo.eu\/mirmar\/obchod\/makita-pdc01\/","og_locale":"sk_SK","og_type":"article","og_title":"Makita PDC01 - MIR-MAR","og_description":"Prenosn\u00fd nap\u00e1jac\u00ed zdroj, ktor\u00fd pou\u017e\u00edva jednu a\u017e \u0161tyri \u0161tandardn\u00e9akumul\u00e1tory 18 V LXT. Mo\u017eno pripoji\u0165 priamo k zariadeniam s konektorom a cez adapt\u00e9r k zariadeniam platformy 18V, 2 x 18V a 40Vmax. Nie je potrebn\u00fd \u017eiadny \u0161pecifick\u00fd syst\u00e9m nab\u00edjania, bat\u00e9rie sa nab\u00edjaj\u00fa oddelene od bat\u00e9riov\u00e9ho bloku pomocou \u0161tandardnej nab\u00edja\u010dky LXT 18V. Akumul\u00e1tor mo\u017eno \u013eahko odpoji\u0165 od [&hellip;]","og_url":"http:\/\/dafinoo.eu\/mirmar\/obchod\/makita-pdc01\/","og_site_name":"MIR-MAR","article_publisher":"https:\/\/facebook.com\/mirmareshop","article_modified_time":"2022-02-21T09:32:52+00:00","og_image":[{"width":945,"height":945,"url":"http:\/\/dafinoo.eu\/mirmar\/wp-content\/uploads\/2022\/02\/PDC01_orig.jpg","type":"image\/jpeg"}],"twitter_misc":{"Predpokladan\u00fd \u010das \u010d\u00edtania":"1 min\u00fata"},"schema":{"@context":"https:\/\/schema.org","@graph":[{"@type":"WebPage","@id":"http:\/\/dafinoo.eu\/mirmar\/obchod\/makita-pdc01\/","url":"http:\/\/dafinoo.eu\/mirmar\/obchod\/makita-pdc01\/","name":"Makita PDC01 - MIR-MAR","isPartOf":{"@id":"http:\/\/dafinoo.eu\/mirmar\/#website"},"primaryImageOfPage":{"@id":"http:\/\/dafinoo.eu\/mirmar\/obchod\/makita-pdc01\/#primaryimage"},"image":{"@id":"http:\/\/dafinoo.eu\/mirmar\/obchod\/makita-pdc01\/#primaryimage"},"thumbnailUrl":"http:\/\/dafinoo.eu\/mirmar\/wp-content\/uploads\/2022\/02\/PDC01_orig.jpg","datePublished":"2022-02-21T09:32:51+00:00","dateModified":"2022-02-21T09:32:52+00:00","breadcrumb":{"@id":"http:\/\/dafinoo.eu\/mirmar\/obchod\/makita-pdc01\/#breadcrumb"},"inLanguage":"sk-SK","potentialAction":[{"@type":"ReadAction","target":["http:\/\/dafinoo.eu\/mirmar\/obchod\/makita-pdc01\/"]}]},{"@type":"ImageObject","inLanguage":"sk-SK","@id":"http:\/\/dafinoo.eu\/mirmar\/obchod\/makita-pdc01\/#primaryimage","url":"http:\/\/dafinoo.eu\/mirmar\/wp-content\/uploads\/2022\/02\/PDC01_orig.jpg","contentUrl":"http:\/\/dafinoo.eu\/mirmar\/wp-content\/uploads\/2022\/02\/PDC01_orig.jpg","width":945,"height":945},{"@type":"BreadcrumbList","@id":"http:\/\/dafinoo.eu\/mirmar\/obchod\/makita-pdc01\/#breadcrumb","itemListElement":[{"@type":"ListItem","position":1,"name":"Domovsk\u00e1 str\u00e1nka","item":"http:\/\/dafinoo.eu\/mirmar\/"},{"@type":"ListItem","position":2,"name":"Obchod","item":"http:\/\/dafinoo.eu\/mirmar\/obchod\/"},{"@type":"ListItem","position":3,"name":"Makita PDC01"}]},{"@type":"WebSite","@id":"http:\/\/dafinoo.eu\/mirmar\/#website","url":"http:\/\/dafinoo.eu\/mirmar\/","name":"MIR-MAR","description":"Eshop s n\u00e1rad\u00edm","publisher":{"@id":"http:\/\/dafinoo.eu\/mirmar\/#organization"},"potentialAction":[{"@type":"SearchAction","target":{"@type":"EntryPoint","urlTemplate":"http:\/\/dafinoo.eu\/mirmar\/?s={search_term_string}"},"query-input":{"@type":"PropertyValueSpecification","valueRequired":true,"valueName":"search_term_string"}}],"inLanguage":"sk-SK"},{"@type":"Organization","@id":"http:\/\/dafinoo.eu\/mirmar\/#organization","name":"MIR-MAR","url":"http:\/\/dafinoo.eu\/mirmar\/","logo":{"@type":"ImageObject","inLanguage":"sk-SK","@id":"http:\/\/dafinoo.eu\/mirmar\/#\/schema\/logo\/image\/","url":"http:\/\/dafinoo.eu\/mirmar\/wp-content\/uploads\/2021\/03\/mirmar_logo.png","contentUrl":"http:\/\/dafinoo.eu\/mirmar\/wp-content\/uploads\/2021\/03\/mirmar_logo.png","width":256,"height":60,"caption":"MIR-MAR"},"image":{"@id":"http:\/\/dafinoo.eu\/mirmar\/#\/schema\/logo\/image\/"},"sameAs":["https:\/\/facebook.com\/mirmareshop"]}]}},"_links":{"self":[{"href":"http:\/\/dafinoo.eu\/mirmar\/wp-json\/wp\/v2\/product\/42995","targetHints":{"allow":["GET"]}}],"collection":[{"href":"http:\/\/dafinoo.eu\/mirmar\/wp-json\/wp\/v2\/product"}],"about":[{"href":"http:\/\/dafinoo.eu\/mirmar\/wp-json\/wp\/v2\/types\/product"}],"replies":[{"embeddable":true,"href":"http:\/\/dafinoo.eu\/mirmar\/wp-json\/wp\/v2\/comments?post=42995"}],"wp:featuredmedia":[{"embeddable":true,"href":"http:\/\/dafinoo.eu\/mirmar\/wp-json\/wp\/v2\/media\/42996"}],"wp:attachment":[{"href":"http:\/\/dafinoo.eu\/mirmar\/wp-json\/wp\/v2\/media?parent=42995"}],"wp:term":[{"taxonomy":"product_cat","embeddable":true,"href":"http:\/\/dafinoo.eu\/mirmar\/wp-json\/wp\/v2\/product_cat?post=42995"},{"taxonomy":"product_tag","embeddable":true,"href":"http:\/\/dafinoo.eu\/mirmar\/wp-json\/wp\/v2\/product_tag?post=42995"}],"curies":[{"name":"wp","href":"https:\/\/api.w.org\/{rel}","templated":true}]}}