{"id":43001,"date":"2022-02-21T15:05:37","date_gmt":"2022-02-21T14:05:37","guid":{"rendered":"http:\/\/dafinoo.eu\/mirmar\/?post_type=product&#038;p=43001"},"modified":"2022-02-21T15:05:38","modified_gmt":"2022-02-21T14:05:38","slug":"bosch-gtc-600-c-termokamera-0601083500","status":"publish","type":"product","link":"http:\/\/dafinoo.eu\/mirmar\/obchod\/bosch-gtc-600-c-termokamera-0601083500\/","title":{"rendered":"Bosch GTC 600 C Termokamera 0601083500"},"content":{"rendered":"<p><strong>Podrobn\u00e1 vizualiz\u00e1cia teplotn\u00fdch rozdielov s inteligentnou dokument\u00e1ciou<\/strong><\/p>\n<p>\u2022 Vysok\u00e9 teplotn\u00e9 rozl\u00ed\u0161enie a \u0161irok\u00fd rozsah merania umo\u017e\u0148uj\u00fa maxim\u00e1lnu \u0161k\u00e1lu pou\u017eitia<br \/>\n\u2022 Funkcia hlasov\u00fdch pozn\u00e1mok a aplik\u00e1cia Bosch Thermal umo\u017e\u0148uj\u00fa jednoduch\u00fa dokument\u00e1ciu termosn\u00edmok<br \/>\n\u2022 Intuit\u00edvne pou\u017e\u00edvate\u013esk\u00e9 rozhranie a hladko integrovate\u013en\u00e9 funkcie umo\u017e\u0148uj\u00fa dosiahnu\u0165 v\u00fdborn\u00e9 v\u00fdsledky s minim\u00e1lnym po\u010dtom kliknut\u00ed<\/p>\n","protected":false},"excerpt":{"rendered":"<p>Podrobn\u00e1 vizualiz\u00e1cia teplotn\u00fdch rozdielov s inteligentnou dokument\u00e1ciou \u2022 Vysok\u00e9 teplotn\u00e9 rozl\u00ed\u0161enie a \u0161irok\u00fd rozsah merania umo\u017e\u0148uj\u00fa maxim\u00e1lnu \u0161k\u00e1lu pou\u017eitia \u2022 Funkcia hlasov\u00fdch pozn\u00e1mok a aplik\u00e1cia Bosch Thermal umo\u017e\u0148uj\u00fa jednoduch\u00fa dokument\u00e1ciu termosn\u00edmok \u2022 Intuit\u00edvne pou\u017e\u00edvate\u013esk\u00e9 rozhranie a hladko integrovate\u013en\u00e9 funkcie umo\u017e\u0148uj\u00fa dosiahnu\u0165 v\u00fdborn\u00e9 v\u00fdsledky s minim\u00e1lnym po\u010dtom kliknut\u00ed<\/p>\n","protected":false},"featured_media":43002,"comment_status":"open","ping_status":"closed","template":"","meta":{"_lmt_disableupdate":"","_lmt_disable":""},"product_cat":[3535],"product_tag":[],"class_list":{"0":"post-43001","1":"product","2":"type-product","3":"status-publish","4":"has-post-thumbnail","6":"product_cat-termokamery","8":"first","9":"instock","10":"taxable","11":"shipping-taxable","12":"purchasable","13":"product-type-simple"},"yoast_head":"<!-- This site is optimized with the Yoast SEO plugin v27.3 - https:\/\/yoast.com\/product\/yoast-seo-wordpress\/ -->\n<title>Bosch GTC 600 C Termokamera 0601083500 - MIR-MAR<\/title>\n<meta name=\"robots\" content=\"index, follow, max-snippet:-1, max-image-preview:large, max-video-preview:-1\" \/>\n<link rel=\"canonical\" href=\"http:\/\/dafinoo.eu\/mirmar\/obchod\/bosch-gtc-600-c-termokamera-0601083500\/\" \/>\n<meta property=\"og:locale\" content=\"sk_SK\" \/>\n<meta property=\"og:type\" content=\"article\" \/>\n<meta property=\"og:title\" content=\"Bosch GTC 600 C Termokamera 0601083500 - MIR-MAR\" \/>\n<meta property=\"og:description\" content=\"Podrobn\u00e1 vizualiz\u00e1cia teplotn\u00fdch rozdielov s inteligentnou dokument\u00e1ciou \u2022 Vysok\u00e9 teplotn\u00e9 rozl\u00ed\u0161enie a \u0161irok\u00fd rozsah merania umo\u017e\u0148uj\u00fa maxim\u00e1lnu \u0161k\u00e1lu pou\u017eitia \u2022 Funkcia hlasov\u00fdch pozn\u00e1mok a aplik\u00e1cia Bosch Thermal umo\u017e\u0148uj\u00fa jednoduch\u00fa dokument\u00e1ciu termosn\u00edmok \u2022 Intuit\u00edvne pou\u017e\u00edvate\u013esk\u00e9 rozhranie a hladko integrovate\u013en\u00e9 funkcie umo\u017e\u0148uj\u00fa dosiahnu\u0165 v\u00fdborn\u00e9 v\u00fdsledky s minim\u00e1lnym po\u010dtom kliknut\u00ed\" \/>\n<meta property=\"og:url\" content=\"http:\/\/dafinoo.eu\/mirmar\/obchod\/bosch-gtc-600-c-termokamera-0601083500\/\" \/>\n<meta property=\"og:site_name\" content=\"MIR-MAR\" \/>\n<meta property=\"article:publisher\" content=\"https:\/\/facebook.com\/mirmareshop\" \/>\n<meta property=\"article:modified_time\" content=\"2022-02-21T14:05:38+00:00\" \/>\n<meta property=\"og:image\" content=\"http:\/\/dafinoo.eu\/mirmar\/wp-content\/uploads\/2022\/02\/termokamera-gtc-600-c-0601083508.webp\" \/>\n\t<meta property=\"og:image:width\" content=\"628\" \/>\n\t<meta property=\"og:image:height\" content=\"600\" \/>\n\t<meta property=\"og:image:type\" content=\"image\/webp\" \/>\n<meta name=\"twitter:label1\" content=\"Predpokladan\u00fd \u010das \u010d\u00edtania\" \/>\n\t<meta name=\"twitter:data1\" content=\"1 min\u00fata\" \/>\n<script type=\"application\/ld+json\" class=\"yoast-schema-graph\">{\"@context\":\"https:\\\/\\\/schema.org\",\"@graph\":[{\"@type\":\"WebPage\",\"@id\":\"http:\\\/\\\/dafinoo.eu\\\/mirmar\\\/obchod\\\/bosch-gtc-600-c-termokamera-0601083500\\\/\",\"url\":\"http:\\\/\\\/dafinoo.eu\\\/mirmar\\\/obchod\\\/bosch-gtc-600-c-termokamera-0601083500\\\/\",\"name\":\"Bosch GTC 600 C Termokamera 0601083500 - MIR-MAR\",\"isPartOf\":{\"@id\":\"http:\\\/\\\/dafinoo.eu\\\/mirmar\\\/#website\"},\"primaryImageOfPage\":{\"@id\":\"http:\\\/\\\/dafinoo.eu\\\/mirmar\\\/obchod\\\/bosch-gtc-600-c-termokamera-0601083500\\\/#primaryimage\"},\"image\":{\"@id\":\"http:\\\/\\\/dafinoo.eu\\\/mirmar\\\/obchod\\\/bosch-gtc-600-c-termokamera-0601083500\\\/#primaryimage\"},\"thumbnailUrl\":\"http:\\\/\\\/dafinoo.eu\\\/mirmar\\\/wp-content\\\/uploads\\\/2022\\\/02\\\/termokamera-gtc-600-c-0601083508.webp\",\"datePublished\":\"2022-02-21T14:05:37+00:00\",\"dateModified\":\"2022-02-21T14:05:38+00:00\",\"breadcrumb\":{\"@id\":\"http:\\\/\\\/dafinoo.eu\\\/mirmar\\\/obchod\\\/bosch-gtc-600-c-termokamera-0601083500\\\/#breadcrumb\"},\"inLanguage\":\"sk-SK\",\"potentialAction\":[{\"@type\":\"ReadAction\",\"target\":[\"http:\\\/\\\/dafinoo.eu\\\/mirmar\\\/obchod\\\/bosch-gtc-600-c-termokamera-0601083500\\\/\"]}]},{\"@type\":\"ImageObject\",\"inLanguage\":\"sk-SK\",\"@id\":\"http:\\\/\\\/dafinoo.eu\\\/mirmar\\\/obchod\\\/bosch-gtc-600-c-termokamera-0601083500\\\/#primaryimage\",\"url\":\"http:\\\/\\\/dafinoo.eu\\\/mirmar\\\/wp-content\\\/uploads\\\/2022\\\/02\\\/termokamera-gtc-600-c-0601083508.webp\",\"contentUrl\":\"http:\\\/\\\/dafinoo.eu\\\/mirmar\\\/wp-content\\\/uploads\\\/2022\\\/02\\\/termokamera-gtc-600-c-0601083508.webp\",\"width\":628,\"height\":600},{\"@type\":\"BreadcrumbList\",\"@id\":\"http:\\\/\\\/dafinoo.eu\\\/mirmar\\\/obchod\\\/bosch-gtc-600-c-termokamera-0601083500\\\/#breadcrumb\",\"itemListElement\":[{\"@type\":\"ListItem\",\"position\":1,\"name\":\"Domovsk\u00e1 str\u00e1nka\",\"item\":\"http:\\\/\\\/dafinoo.eu\\\/mirmar\\\/\"},{\"@type\":\"ListItem\",\"position\":2,\"name\":\"Obchod\",\"item\":\"http:\\\/\\\/dafinoo.eu\\\/mirmar\\\/obchod\\\/\"},{\"@type\":\"ListItem\",\"position\":3,\"name\":\"Bosch GTC 600 C Termokamera 0601083500\"}]},{\"@type\":\"WebSite\",\"@id\":\"http:\\\/\\\/dafinoo.eu\\\/mirmar\\\/#website\",\"url\":\"http:\\\/\\\/dafinoo.eu\\\/mirmar\\\/\",\"name\":\"MIR-MAR\",\"description\":\"Eshop s n\u00e1rad\u00edm\",\"publisher\":{\"@id\":\"http:\\\/\\\/dafinoo.eu\\\/mirmar\\\/#organization\"},\"potentialAction\":[{\"@type\":\"SearchAction\",\"target\":{\"@type\":\"EntryPoint\",\"urlTemplate\":\"http:\\\/\\\/dafinoo.eu\\\/mirmar\\\/?s={search_term_string}\"},\"query-input\":{\"@type\":\"PropertyValueSpecification\",\"valueRequired\":true,\"valueName\":\"search_term_string\"}}],\"inLanguage\":\"sk-SK\"},{\"@type\":\"Organization\",\"@id\":\"http:\\\/\\\/dafinoo.eu\\\/mirmar\\\/#organization\",\"name\":\"MIR-MAR\",\"url\":\"http:\\\/\\\/dafinoo.eu\\\/mirmar\\\/\",\"logo\":{\"@type\":\"ImageObject\",\"inLanguage\":\"sk-SK\",\"@id\":\"http:\\\/\\\/dafinoo.eu\\\/mirmar\\\/#\\\/schema\\\/logo\\\/image\\\/\",\"url\":\"http:\\\/\\\/dafinoo.eu\\\/mirmar\\\/wp-content\\\/uploads\\\/2021\\\/03\\\/mirmar_logo.png\",\"contentUrl\":\"http:\\\/\\\/dafinoo.eu\\\/mirmar\\\/wp-content\\\/uploads\\\/2021\\\/03\\\/mirmar_logo.png\",\"width\":256,\"height\":60,\"caption\":\"MIR-MAR\"},\"image\":{\"@id\":\"http:\\\/\\\/dafinoo.eu\\\/mirmar\\\/#\\\/schema\\\/logo\\\/image\\\/\"},\"sameAs\":[\"https:\\\/\\\/facebook.com\\\/mirmareshop\"]}]}<\/script>\n<!-- \/ Yoast SEO plugin. -->","yoast_head_json":{"title":"Bosch GTC 600 C Termokamera 0601083500 - MIR-MAR","robots":{"index":"index","follow":"follow","max-snippet":"max-snippet:-1","max-image-preview":"max-image-preview:large","max-video-preview":"max-video-preview:-1"},"canonical":"http:\/\/dafinoo.eu\/mirmar\/obchod\/bosch-gtc-600-c-termokamera-0601083500\/","og_locale":"sk_SK","og_type":"article","og_title":"Bosch GTC 600 C Termokamera 0601083500 - MIR-MAR","og_description":"Podrobn\u00e1 vizualiz\u00e1cia teplotn\u00fdch rozdielov s inteligentnou dokument\u00e1ciou \u2022 Vysok\u00e9 teplotn\u00e9 rozl\u00ed\u0161enie a \u0161irok\u00fd rozsah merania umo\u017e\u0148uj\u00fa maxim\u00e1lnu \u0161k\u00e1lu pou\u017eitia \u2022 Funkcia hlasov\u00fdch pozn\u00e1mok a aplik\u00e1cia Bosch Thermal umo\u017e\u0148uj\u00fa jednoduch\u00fa dokument\u00e1ciu termosn\u00edmok \u2022 Intuit\u00edvne pou\u017e\u00edvate\u013esk\u00e9 rozhranie a hladko integrovate\u013en\u00e9 funkcie umo\u017e\u0148uj\u00fa dosiahnu\u0165 v\u00fdborn\u00e9 v\u00fdsledky s minim\u00e1lnym po\u010dtom kliknut\u00ed","og_url":"http:\/\/dafinoo.eu\/mirmar\/obchod\/bosch-gtc-600-c-termokamera-0601083500\/","og_site_name":"MIR-MAR","article_publisher":"https:\/\/facebook.com\/mirmareshop","article_modified_time":"2022-02-21T14:05:38+00:00","og_image":[{"width":628,"height":600,"url":"http:\/\/dafinoo.eu\/mirmar\/wp-content\/uploads\/2022\/02\/termokamera-gtc-600-c-0601083508.webp","type":"image\/webp"}],"twitter_misc":{"Predpokladan\u00fd \u010das \u010d\u00edtania":"1 min\u00fata"},"schema":{"@context":"https:\/\/schema.org","@graph":[{"@type":"WebPage","@id":"http:\/\/dafinoo.eu\/mirmar\/obchod\/bosch-gtc-600-c-termokamera-0601083500\/","url":"http:\/\/dafinoo.eu\/mirmar\/obchod\/bosch-gtc-600-c-termokamera-0601083500\/","name":"Bosch GTC 600 C Termokamera 0601083500 - MIR-MAR","isPartOf":{"@id":"http:\/\/dafinoo.eu\/mirmar\/#website"},"primaryImageOfPage":{"@id":"http:\/\/dafinoo.eu\/mirmar\/obchod\/bosch-gtc-600-c-termokamera-0601083500\/#primaryimage"},"image":{"@id":"http:\/\/dafinoo.eu\/mirmar\/obchod\/bosch-gtc-600-c-termokamera-0601083500\/#primaryimage"},"thumbnailUrl":"http:\/\/dafinoo.eu\/mirmar\/wp-content\/uploads\/2022\/02\/termokamera-gtc-600-c-0601083508.webp","datePublished":"2022-02-21T14:05:37+00:00","dateModified":"2022-02-21T14:05:38+00:00","breadcrumb":{"@id":"http:\/\/dafinoo.eu\/mirmar\/obchod\/bosch-gtc-600-c-termokamera-0601083500\/#breadcrumb"},"inLanguage":"sk-SK","potentialAction":[{"@type":"ReadAction","target":["http:\/\/dafinoo.eu\/mirmar\/obchod\/bosch-gtc-600-c-termokamera-0601083500\/"]}]},{"@type":"ImageObject","inLanguage":"sk-SK","@id":"http:\/\/dafinoo.eu\/mirmar\/obchod\/bosch-gtc-600-c-termokamera-0601083500\/#primaryimage","url":"http:\/\/dafinoo.eu\/mirmar\/wp-content\/uploads\/2022\/02\/termokamera-gtc-600-c-0601083508.webp","contentUrl":"http:\/\/dafinoo.eu\/mirmar\/wp-content\/uploads\/2022\/02\/termokamera-gtc-600-c-0601083508.webp","width":628,"height":600},{"@type":"BreadcrumbList","@id":"http:\/\/dafinoo.eu\/mirmar\/obchod\/bosch-gtc-600-c-termokamera-0601083500\/#breadcrumb","itemListElement":[{"@type":"ListItem","position":1,"name":"Domovsk\u00e1 str\u00e1nka","item":"http:\/\/dafinoo.eu\/mirmar\/"},{"@type":"ListItem","position":2,"name":"Obchod","item":"http:\/\/dafinoo.eu\/mirmar\/obchod\/"},{"@type":"ListItem","position":3,"name":"Bosch GTC 600 C Termokamera 0601083500"}]},{"@type":"WebSite","@id":"http:\/\/dafinoo.eu\/mirmar\/#website","url":"http:\/\/dafinoo.eu\/mirmar\/","name":"MIR-MAR","description":"Eshop s n\u00e1rad\u00edm","publisher":{"@id":"http:\/\/dafinoo.eu\/mirmar\/#organization"},"potentialAction":[{"@type":"SearchAction","target":{"@type":"EntryPoint","urlTemplate":"http:\/\/dafinoo.eu\/mirmar\/?s={search_term_string}"},"query-input":{"@type":"PropertyValueSpecification","valueRequired":true,"valueName":"search_term_string"}}],"inLanguage":"sk-SK"},{"@type":"Organization","@id":"http:\/\/dafinoo.eu\/mirmar\/#organization","name":"MIR-MAR","url":"http:\/\/dafinoo.eu\/mirmar\/","logo":{"@type":"ImageObject","inLanguage":"sk-SK","@id":"http:\/\/dafinoo.eu\/mirmar\/#\/schema\/logo\/image\/","url":"http:\/\/dafinoo.eu\/mirmar\/wp-content\/uploads\/2021\/03\/mirmar_logo.png","contentUrl":"http:\/\/dafinoo.eu\/mirmar\/wp-content\/uploads\/2021\/03\/mirmar_logo.png","width":256,"height":60,"caption":"MIR-MAR"},"image":{"@id":"http:\/\/dafinoo.eu\/mirmar\/#\/schema\/logo\/image\/"},"sameAs":["https:\/\/facebook.com\/mirmareshop"]}]}},"_links":{"self":[{"href":"http:\/\/dafinoo.eu\/mirmar\/wp-json\/wp\/v2\/product\/43001","targetHints":{"allow":["GET"]}}],"collection":[{"href":"http:\/\/dafinoo.eu\/mirmar\/wp-json\/wp\/v2\/product"}],"about":[{"href":"http:\/\/dafinoo.eu\/mirmar\/wp-json\/wp\/v2\/types\/product"}],"replies":[{"embeddable":true,"href":"http:\/\/dafinoo.eu\/mirmar\/wp-json\/wp\/v2\/comments?post=43001"}],"wp:featuredmedia":[{"embeddable":true,"href":"http:\/\/dafinoo.eu\/mirmar\/wp-json\/wp\/v2\/media\/43002"}],"wp:attachment":[{"href":"http:\/\/dafinoo.eu\/mirmar\/wp-json\/wp\/v2\/media?parent=43001"}],"wp:term":[{"taxonomy":"product_cat","embeddable":true,"href":"http:\/\/dafinoo.eu\/mirmar\/wp-json\/wp\/v2\/product_cat?post=43001"},{"taxonomy":"product_tag","embeddable":true,"href":"http:\/\/dafinoo.eu\/mirmar\/wp-json\/wp\/v2\/product_tag?post=43001"}],"curies":[{"name":"wp","href":"https:\/\/api.w.org\/{rel}","templated":true}]}}