{"id":43005,"date":"2022-02-21T15:34:58","date_gmt":"2022-02-21T14:34:58","guid":{"rendered":"http:\/\/dafinoo.eu\/mirmar\/?post_type=product&#038;p=43005"},"modified":"2022-02-21T15:34:58","modified_gmt":"2022-02-21T14:34:58","slug":"bosch-gbh-12-52-dv-0-611-266-000","status":"publish","type":"product","link":"http:\/\/dafinoo.eu\/mirmar\/obchod\/bosch-gbh-12-52-dv-0-611-266-000\/","title":{"rendered":"Bosch GBH 12-52 DV 0.611.266.000"},"content":{"rendered":"<h3 class=\"product-detail-stage__headline\">Najsilnej\u0161ie v\u0155tacie kladivo od firmy Bosch \u2013 s\u00a0funkciou Vibration Control<\/h3>\n<ul class=\"product-detail-stage__list a-list\">\n<li>Maxim\u00e1lny v\u00fdkon pri v\u0155tan\u00ed a sekan\u00ed v\u010faka jeho 1 700-wattov\u00e9mu motoru a energii jednotliv\u00fdch pr\u00edklepov 19 J<\/li>\n<li>Automatick\u00e1 aret\u00e1cia sp\u00edna\u010da pre ten najlep\u0161\u00ed komfort obsluhy pri dlhotrvaj\u00facich sekac\u00edch pr\u00e1cach<\/li>\n<li>N\u00edzke vibr\u00e1cie len 8 m\/s\u00b2 pri sekan\u00ed a 10 m\/s\u00b2 pri v\u0155tan\u00ed v\u010faka inteligentn\u00e9mu syst\u00e9mu 3-n\u00e1sobn\u00e9ho tlmenia vibr\u00e1ci\u00ed<\/li>\n<\/ul>\n","protected":false},"excerpt":{"rendered":"<p>Najsilnej\u0161ie v\u0155tacie kladivo od firmy Bosch \u2013 s\u00a0funkciou Vibration Control Maxim\u00e1lny v\u00fdkon pri v\u0155tan\u00ed a sekan\u00ed v\u010faka jeho 1 700-wattov\u00e9mu motoru a energii jednotliv\u00fdch pr\u00edklepov 19 J Automatick\u00e1 aret\u00e1cia sp\u00edna\u010da pre ten najlep\u0161\u00ed komfort obsluhy pri dlhotrvaj\u00facich sekac\u00edch pr\u00e1cach N\u00edzke vibr\u00e1cie len 8 m\/s\u00b2 pri sekan\u00ed a 10 m\/s\u00b2 pri v\u0155tan\u00ed v\u010faka inteligentn\u00e9mu syst\u00e9mu 3-n\u00e1sobn\u00e9ho [&hellip;]<\/p>\n","protected":false},"featured_media":43006,"comment_status":"open","ping_status":"closed","template":"","meta":{"_lmt_disableupdate":"","_lmt_disable":""},"product_cat":[3536],"product_tag":[],"class_list":{"0":"post-43005","1":"product","2":"type-product","3":"status-publish","4":"has-post-thumbnail","6":"product_cat-vrtacie-kladiva-s-sds-max","8":"first","9":"instock","10":"taxable","11":"shipping-taxable","12":"purchasable","13":"product-type-simple"},"yoast_head":"<!-- This site is optimized with the Yoast SEO plugin v27.3 - https:\/\/yoast.com\/product\/yoast-seo-wordpress\/ -->\n<title>Bosch GBH 12-52 DV 0.611.266.000 - MIR-MAR<\/title>\n<meta name=\"robots\" content=\"index, follow, max-snippet:-1, max-image-preview:large, max-video-preview:-1\" \/>\n<link rel=\"canonical\" href=\"http:\/\/dafinoo.eu\/mirmar\/obchod\/bosch-gbh-12-52-dv-0-611-266-000\/\" \/>\n<meta property=\"og:locale\" content=\"sk_SK\" \/>\n<meta property=\"og:type\" content=\"article\" \/>\n<meta property=\"og:title\" content=\"Bosch GBH 12-52 DV 0.611.266.000 - MIR-MAR\" \/>\n<meta property=\"og:description\" content=\"Najsilnej\u0161ie v\u0155tacie kladivo od firmy Bosch \u2013 s\u00a0funkciou Vibration Control Maxim\u00e1lny v\u00fdkon pri v\u0155tan\u00ed a sekan\u00ed v\u010faka jeho 1 700-wattov\u00e9mu motoru a energii jednotliv\u00fdch pr\u00edklepov 19 J Automatick\u00e1 aret\u00e1cia sp\u00edna\u010da pre ten najlep\u0161\u00ed komfort obsluhy pri dlhotrvaj\u00facich sekac\u00edch pr\u00e1cach N\u00edzke vibr\u00e1cie len 8 m\/s\u00b2 pri sekan\u00ed a 10 m\/s\u00b2 pri v\u0155tan\u00ed v\u010faka inteligentn\u00e9mu syst\u00e9mu 3-n\u00e1sobn\u00e9ho [&hellip;]\" \/>\n<meta property=\"og:url\" content=\"http:\/\/dafinoo.eu\/mirmar\/obchod\/bosch-gbh-12-52-dv-0-611-266-000\/\" \/>\n<meta property=\"og:site_name\" content=\"MIR-MAR\" \/>\n<meta property=\"article:publisher\" content=\"https:\/\/facebook.com\/mirmareshop\" \/>\n<meta property=\"og:image\" content=\"http:\/\/dafinoo.eu\/mirmar\/wp-content\/uploads\/2022\/02\/vrtacie-kladivo-s-sds-max-gbh-12-52-dv-0611266000.webp\" \/>\n\t<meta property=\"og:image:width\" content=\"517\" \/>\n\t<meta property=\"og:image:height\" content=\"410\" \/>\n\t<meta property=\"og:image:type\" content=\"image\/webp\" \/>\n<meta name=\"twitter:label1\" content=\"Predpokladan\u00fd \u010das \u010d\u00edtania\" \/>\n\t<meta name=\"twitter:data1\" content=\"1 min\u00fata\" \/>\n<script type=\"application\/ld+json\" class=\"yoast-schema-graph\">{\"@context\":\"https:\\\/\\\/schema.org\",\"@graph\":[{\"@type\":\"WebPage\",\"@id\":\"http:\\\/\\\/dafinoo.eu\\\/mirmar\\\/obchod\\\/bosch-gbh-12-52-dv-0-611-266-000\\\/\",\"url\":\"http:\\\/\\\/dafinoo.eu\\\/mirmar\\\/obchod\\\/bosch-gbh-12-52-dv-0-611-266-000\\\/\",\"name\":\"Bosch GBH 12-52 DV 0.611.266.000 - MIR-MAR\",\"isPartOf\":{\"@id\":\"http:\\\/\\\/dafinoo.eu\\\/mirmar\\\/#website\"},\"primaryImageOfPage\":{\"@id\":\"http:\\\/\\\/dafinoo.eu\\\/mirmar\\\/obchod\\\/bosch-gbh-12-52-dv-0-611-266-000\\\/#primaryimage\"},\"image\":{\"@id\":\"http:\\\/\\\/dafinoo.eu\\\/mirmar\\\/obchod\\\/bosch-gbh-12-52-dv-0-611-266-000\\\/#primaryimage\"},\"thumbnailUrl\":\"http:\\\/\\\/dafinoo.eu\\\/mirmar\\\/wp-content\\\/uploads\\\/2022\\\/02\\\/vrtacie-kladivo-s-sds-max-gbh-12-52-dv-0611266000.webp\",\"datePublished\":\"2022-02-21T14:34:58+00:00\",\"breadcrumb\":{\"@id\":\"http:\\\/\\\/dafinoo.eu\\\/mirmar\\\/obchod\\\/bosch-gbh-12-52-dv-0-611-266-000\\\/#breadcrumb\"},\"inLanguage\":\"sk-SK\",\"potentialAction\":[{\"@type\":\"ReadAction\",\"target\":[\"http:\\\/\\\/dafinoo.eu\\\/mirmar\\\/obchod\\\/bosch-gbh-12-52-dv-0-611-266-000\\\/\"]}]},{\"@type\":\"ImageObject\",\"inLanguage\":\"sk-SK\",\"@id\":\"http:\\\/\\\/dafinoo.eu\\\/mirmar\\\/obchod\\\/bosch-gbh-12-52-dv-0-611-266-000\\\/#primaryimage\",\"url\":\"http:\\\/\\\/dafinoo.eu\\\/mirmar\\\/wp-content\\\/uploads\\\/2022\\\/02\\\/vrtacie-kladivo-s-sds-max-gbh-12-52-dv-0611266000.webp\",\"contentUrl\":\"http:\\\/\\\/dafinoo.eu\\\/mirmar\\\/wp-content\\\/uploads\\\/2022\\\/02\\\/vrtacie-kladivo-s-sds-max-gbh-12-52-dv-0611266000.webp\",\"width\":517,\"height\":410},{\"@type\":\"BreadcrumbList\",\"@id\":\"http:\\\/\\\/dafinoo.eu\\\/mirmar\\\/obchod\\\/bosch-gbh-12-52-dv-0-611-266-000\\\/#breadcrumb\",\"itemListElement\":[{\"@type\":\"ListItem\",\"position\":1,\"name\":\"Domovsk\u00e1 str\u00e1nka\",\"item\":\"http:\\\/\\\/dafinoo.eu\\\/mirmar\\\/\"},{\"@type\":\"ListItem\",\"position\":2,\"name\":\"Obchod\",\"item\":\"http:\\\/\\\/dafinoo.eu\\\/mirmar\\\/obchod\\\/\"},{\"@type\":\"ListItem\",\"position\":3,\"name\":\"Bosch GBH 12-52 DV 0.611.266.000\"}]},{\"@type\":\"WebSite\",\"@id\":\"http:\\\/\\\/dafinoo.eu\\\/mirmar\\\/#website\",\"url\":\"http:\\\/\\\/dafinoo.eu\\\/mirmar\\\/\",\"name\":\"MIR-MAR\",\"description\":\"Eshop s n\u00e1rad\u00edm\",\"publisher\":{\"@id\":\"http:\\\/\\\/dafinoo.eu\\\/mirmar\\\/#organization\"},\"potentialAction\":[{\"@type\":\"SearchAction\",\"target\":{\"@type\":\"EntryPoint\",\"urlTemplate\":\"http:\\\/\\\/dafinoo.eu\\\/mirmar\\\/?s={search_term_string}\"},\"query-input\":{\"@type\":\"PropertyValueSpecification\",\"valueRequired\":true,\"valueName\":\"search_term_string\"}}],\"inLanguage\":\"sk-SK\"},{\"@type\":\"Organization\",\"@id\":\"http:\\\/\\\/dafinoo.eu\\\/mirmar\\\/#organization\",\"name\":\"MIR-MAR\",\"url\":\"http:\\\/\\\/dafinoo.eu\\\/mirmar\\\/\",\"logo\":{\"@type\":\"ImageObject\",\"inLanguage\":\"sk-SK\",\"@id\":\"http:\\\/\\\/dafinoo.eu\\\/mirmar\\\/#\\\/schema\\\/logo\\\/image\\\/\",\"url\":\"http:\\\/\\\/dafinoo.eu\\\/mirmar\\\/wp-content\\\/uploads\\\/2021\\\/03\\\/mirmar_logo.png\",\"contentUrl\":\"http:\\\/\\\/dafinoo.eu\\\/mirmar\\\/wp-content\\\/uploads\\\/2021\\\/03\\\/mirmar_logo.png\",\"width\":256,\"height\":60,\"caption\":\"MIR-MAR\"},\"image\":{\"@id\":\"http:\\\/\\\/dafinoo.eu\\\/mirmar\\\/#\\\/schema\\\/logo\\\/image\\\/\"},\"sameAs\":[\"https:\\\/\\\/facebook.com\\\/mirmareshop\"]}]}<\/script>\n<!-- \/ Yoast SEO plugin. -->","yoast_head_json":{"title":"Bosch GBH 12-52 DV 0.611.266.000 - MIR-MAR","robots":{"index":"index","follow":"follow","max-snippet":"max-snippet:-1","max-image-preview":"max-image-preview:large","max-video-preview":"max-video-preview:-1"},"canonical":"http:\/\/dafinoo.eu\/mirmar\/obchod\/bosch-gbh-12-52-dv-0-611-266-000\/","og_locale":"sk_SK","og_type":"article","og_title":"Bosch GBH 12-52 DV 0.611.266.000 - MIR-MAR","og_description":"Najsilnej\u0161ie v\u0155tacie kladivo od firmy Bosch \u2013 s\u00a0funkciou Vibration Control Maxim\u00e1lny v\u00fdkon pri v\u0155tan\u00ed a sekan\u00ed v\u010faka jeho 1 700-wattov\u00e9mu motoru a energii jednotliv\u00fdch pr\u00edklepov 19 J Automatick\u00e1 aret\u00e1cia sp\u00edna\u010da pre ten najlep\u0161\u00ed komfort obsluhy pri dlhotrvaj\u00facich sekac\u00edch pr\u00e1cach N\u00edzke vibr\u00e1cie len 8 m\/s\u00b2 pri sekan\u00ed a 10 m\/s\u00b2 pri v\u0155tan\u00ed v\u010faka inteligentn\u00e9mu syst\u00e9mu 3-n\u00e1sobn\u00e9ho [&hellip;]","og_url":"http:\/\/dafinoo.eu\/mirmar\/obchod\/bosch-gbh-12-52-dv-0-611-266-000\/","og_site_name":"MIR-MAR","article_publisher":"https:\/\/facebook.com\/mirmareshop","og_image":[{"width":517,"height":410,"url":"http:\/\/dafinoo.eu\/mirmar\/wp-content\/uploads\/2022\/02\/vrtacie-kladivo-s-sds-max-gbh-12-52-dv-0611266000.webp","type":"image\/webp"}],"twitter_misc":{"Predpokladan\u00fd \u010das \u010d\u00edtania":"1 min\u00fata"},"schema":{"@context":"https:\/\/schema.org","@graph":[{"@type":"WebPage","@id":"http:\/\/dafinoo.eu\/mirmar\/obchod\/bosch-gbh-12-52-dv-0-611-266-000\/","url":"http:\/\/dafinoo.eu\/mirmar\/obchod\/bosch-gbh-12-52-dv-0-611-266-000\/","name":"Bosch GBH 12-52 DV 0.611.266.000 - MIR-MAR","isPartOf":{"@id":"http:\/\/dafinoo.eu\/mirmar\/#website"},"primaryImageOfPage":{"@id":"http:\/\/dafinoo.eu\/mirmar\/obchod\/bosch-gbh-12-52-dv-0-611-266-000\/#primaryimage"},"image":{"@id":"http:\/\/dafinoo.eu\/mirmar\/obchod\/bosch-gbh-12-52-dv-0-611-266-000\/#primaryimage"},"thumbnailUrl":"http:\/\/dafinoo.eu\/mirmar\/wp-content\/uploads\/2022\/02\/vrtacie-kladivo-s-sds-max-gbh-12-52-dv-0611266000.webp","datePublished":"2022-02-21T14:34:58+00:00","breadcrumb":{"@id":"http:\/\/dafinoo.eu\/mirmar\/obchod\/bosch-gbh-12-52-dv-0-611-266-000\/#breadcrumb"},"inLanguage":"sk-SK","potentialAction":[{"@type":"ReadAction","target":["http:\/\/dafinoo.eu\/mirmar\/obchod\/bosch-gbh-12-52-dv-0-611-266-000\/"]}]},{"@type":"ImageObject","inLanguage":"sk-SK","@id":"http:\/\/dafinoo.eu\/mirmar\/obchod\/bosch-gbh-12-52-dv-0-611-266-000\/#primaryimage","url":"http:\/\/dafinoo.eu\/mirmar\/wp-content\/uploads\/2022\/02\/vrtacie-kladivo-s-sds-max-gbh-12-52-dv-0611266000.webp","contentUrl":"http:\/\/dafinoo.eu\/mirmar\/wp-content\/uploads\/2022\/02\/vrtacie-kladivo-s-sds-max-gbh-12-52-dv-0611266000.webp","width":517,"height":410},{"@type":"BreadcrumbList","@id":"http:\/\/dafinoo.eu\/mirmar\/obchod\/bosch-gbh-12-52-dv-0-611-266-000\/#breadcrumb","itemListElement":[{"@type":"ListItem","position":1,"name":"Domovsk\u00e1 str\u00e1nka","item":"http:\/\/dafinoo.eu\/mirmar\/"},{"@type":"ListItem","position":2,"name":"Obchod","item":"http:\/\/dafinoo.eu\/mirmar\/obchod\/"},{"@type":"ListItem","position":3,"name":"Bosch GBH 12-52 DV 0.611.266.000"}]},{"@type":"WebSite","@id":"http:\/\/dafinoo.eu\/mirmar\/#website","url":"http:\/\/dafinoo.eu\/mirmar\/","name":"MIR-MAR","description":"Eshop s n\u00e1rad\u00edm","publisher":{"@id":"http:\/\/dafinoo.eu\/mirmar\/#organization"},"potentialAction":[{"@type":"SearchAction","target":{"@type":"EntryPoint","urlTemplate":"http:\/\/dafinoo.eu\/mirmar\/?s={search_term_string}"},"query-input":{"@type":"PropertyValueSpecification","valueRequired":true,"valueName":"search_term_string"}}],"inLanguage":"sk-SK"},{"@type":"Organization","@id":"http:\/\/dafinoo.eu\/mirmar\/#organization","name":"MIR-MAR","url":"http:\/\/dafinoo.eu\/mirmar\/","logo":{"@type":"ImageObject","inLanguage":"sk-SK","@id":"http:\/\/dafinoo.eu\/mirmar\/#\/schema\/logo\/image\/","url":"http:\/\/dafinoo.eu\/mirmar\/wp-content\/uploads\/2021\/03\/mirmar_logo.png","contentUrl":"http:\/\/dafinoo.eu\/mirmar\/wp-content\/uploads\/2021\/03\/mirmar_logo.png","width":256,"height":60,"caption":"MIR-MAR"},"image":{"@id":"http:\/\/dafinoo.eu\/mirmar\/#\/schema\/logo\/image\/"},"sameAs":["https:\/\/facebook.com\/mirmareshop"]}]}},"_links":{"self":[{"href":"http:\/\/dafinoo.eu\/mirmar\/wp-json\/wp\/v2\/product\/43005","targetHints":{"allow":["GET"]}}],"collection":[{"href":"http:\/\/dafinoo.eu\/mirmar\/wp-json\/wp\/v2\/product"}],"about":[{"href":"http:\/\/dafinoo.eu\/mirmar\/wp-json\/wp\/v2\/types\/product"}],"replies":[{"embeddable":true,"href":"http:\/\/dafinoo.eu\/mirmar\/wp-json\/wp\/v2\/comments?post=43005"}],"wp:featuredmedia":[{"embeddable":true,"href":"http:\/\/dafinoo.eu\/mirmar\/wp-json\/wp\/v2\/media\/43006"}],"wp:attachment":[{"href":"http:\/\/dafinoo.eu\/mirmar\/wp-json\/wp\/v2\/media?parent=43005"}],"wp:term":[{"taxonomy":"product_cat","embeddable":true,"href":"http:\/\/dafinoo.eu\/mirmar\/wp-json\/wp\/v2\/product_cat?post=43005"},{"taxonomy":"product_tag","embeddable":true,"href":"http:\/\/dafinoo.eu\/mirmar\/wp-json\/wp\/v2\/product_tag?post=43005"}],"curies":[{"name":"wp","href":"https:\/\/api.w.org\/{rel}","templated":true}]}}