{"id":43008,"date":"2022-02-22T17:42:47","date_gmt":"2022-02-22T16:42:47","guid":{"rendered":"http:\/\/dafinoo.eu\/mirmar\/?post_type=product&#038;p=43008"},"modified":"2022-02-23T20:41:38","modified_gmt":"2022-02-23T19:41:38","slug":"heron-8896420-elektrocentrala-ramova-benzinova","status":"publish","type":"product","link":"http:\/\/dafinoo.eu\/mirmar\/obchod\/heron-8896420-elektrocentrala-ramova-benzinova\/","title":{"rendered":"Heron 8896420 Elektrocentr\u00e1la r\u00e1mov\u00e1 benz\u00ednov\u00e1"},"content":{"rendered":"<p>Elektrocentr\u00e1la r\u00e1mov\u00e1 benz\u00ednov\u00e1, 6,8kW, 400V, elektrick\u00fd \u0161tart<\/p>\n<div class=\"elementor-element elementor-element-8699c70 ae-woo-tabs-view-horizontal elementor-widget elementor-widget-ae-woo-tabs\" data-id=\"8699c70\" data-element_type=\"widget\" data-widget_type=\"ae-woo-tabs.default\">\n<div class=\"elementor-widget-container\">\n<div class=\"ae-woo-tabs\" role=\"tablist\">\n<div class=\"ae-woo-tabs-content-wrapper\" role=\"tabpanel\">\n<div class=\"ae-woo-tab-content elementor-clearfix\" data-tab=\"1\" data-hashtag=\"description\">\n<p>V\u010faka svojej kvalitnej kon\u0161trukcii a siln\u00e9mu motoru je tento typ ur\u010den\u00fd predov\u0161etk\u00fdm na pou\u017eitie v stavebn\u00edctve, pre mont\u00e1\u017ene pr\u00e1ce, nap\u00e1janie zv\u00e1rac\u00edch agreg\u00e1tov, \u010di ako zdroj elektrickej energie pre mobiln\u00e9 servisn\u00e9 stredisk\u00e1. Model je vybaven\u00fd trojf\u00e1zovou krytou 400V 32A 5P z\u00e1suvkou typu AJ-125.<\/p>\n<\/div>\n<\/div>\n<\/div>\n<\/div>\n<\/div>\n<section class=\"has_ae_slider elementor-section elementor-inner-section elementor-element elementor-element-062e7d2 elementor-section-boxed elementor-section-height-default elementor-section-height-default ae-bg-gallery-type-default\" data-id=\"062e7d2\" data-element_type=\"section\" data-settings=\"{&quot;background_background&quot;:&quot;classic&quot;}\">\n<div class=\"elementor-container elementor-column-gap-narrow\">\n<div class=\"elementor-row\">\n<div class=\"has_ae_slider elementor-column elementor-col-33 elementor-inner-column elementor-element elementor-element-c51bfeb ae-bg-gallery-type-default\" data-id=\"c51bfeb\" data-element_type=\"column\">\n<div class=\"elementor-column-wrap elementor-element-populated\">\n<div class=\"elementor-widget-wrap\">\n<div class=\"elementor-element elementor-element-c2916f4 elementor-widget__width-auto elementor-widget elementor-widget-ae-custom-field\" data-id=\"c2916f4\" data-element_type=\"widget\" data-widget_type=\"ae-custom-field.default\">\n<div class=\"elementor-widget-container\">\n<div class=\"cf-type-text ae-cf-wrapper\">\n<h3 class=\"ae-element-custom-field\">\u25ba podvozkov\u00e1 sada s pevn\u00fdmi gumov\u00fdmi kolesami a skl\u00e1pate\u013en\u00fdm madlom v\u00fdrazne u\u013eah\u010duje manipul\u00e1ciu so strojom<\/h3>\n<\/div>\n<\/div>\n<\/div>\n<div class=\"elementor-element elementor-element-10360f21 elementor-widget__width-auto elementor-widget elementor-widget-ae-custom-field\" data-id=\"10360f21\" data-element_type=\"widget\" data-widget_type=\"ae-custom-field.default\">\n<div class=\"elementor-widget-container\">\n<div class=\"cf-type-text ae-cf-wrapper\">\n<h3 class=\"ae-element-custom-field\">\u25ba k\u00a0tejto elektrocentr\u00e1le je mo\u017en\u00e9 pripoji\u0165 zv\u00e1racie agreg\u00e1ty nap\u00e1jan\u00e9 nap\u00e4t\u00edm 400V do\u00a0max. pri\u0301konu 5,0kW a\u00a0nap\u00e4t\u00edm 230V do\u00a0max. pr\u00edkonu 3,0kW<\/h3>\n<\/div>\n<\/div>\n<\/div>\n<\/div>\n<\/div>\n<\/div>\n<div class=\"has_ae_slider elementor-column elementor-col-33 elementor-inner-column elementor-element elementor-element-99f462d ae-bg-gallery-type-default\" data-id=\"99f462d\" data-element_type=\"column\">\n<div class=\"elementor-column-wrap elementor-element-populated\">\n<div class=\"elementor-widget-wrap\">\n<div class=\"elementor-element elementor-element-c9a35fa elementor-widget__width-auto elementor-widget elementor-widget-ae-custom-field\" data-id=\"c9a35fa\" data-element_type=\"widget\" data-widget_type=\"ae-custom-field.default\">\n<div class=\"elementor-widget-container\">\n<div class=\"cf-type-text ae-cf-wrapper\">\n<h3 class=\"ae-element-custom-field\">\u25ba ve\u013ekos\u0165 n\u00e1dr\u017ee umo\u017e\u0148uje a\u017e 6 hod\u00edn nepretr\u017eitej prev\u00e1dzky (v z\u00e1vislosti na za\u0165a\u017een\u00ed)<\/h3>\n<\/div>\n<\/div>\n<\/div>\n<div class=\"elementor-element elementor-element-4d9a46a2 elementor-widget__width-auto elementor-widget elementor-widget-ae-custom-field\" data-id=\"4d9a46a2\" data-element_type=\"widget\" data-widget_type=\"ae-custom-field.default\">\n<div class=\"elementor-widget-container\">\n<div class=\"cf-type-text ae-cf-wrapper\">\n<h3 class=\"ae-element-custom-field\">\u25ba digit\u00e1lny multifunk\u010dn\u00fd mera\u010d s funkciou motohodiny, voltmeter, frekvencia, aktu\u00e1lne motohodiny<\/h3>\n<\/div>\n<\/div>\n<\/div>\n<\/div>\n<\/div>\n<\/div>\n<div class=\"has_ae_slider elementor-column elementor-col-33 elementor-inner-column elementor-element elementor-element-1938040 ae-bg-gallery-type-default\" data-id=\"1938040\" data-element_type=\"column\">\n<div class=\"elementor-column-wrap elementor-element-populated\">\n<div class=\"elementor-widget-wrap\">\n<div class=\"elementor-element elementor-element-fdeb448 elementor-widget__width-auto elementor-widget elementor-widget-ae-custom-field\" data-id=\"fdeb448\" data-element_type=\"widget\" data-widget_type=\"ae-custom-field.default\">\n<div class=\"elementor-widget-container\">\n<div class=\"cf-type-text ae-cf-wrapper\">\n<h3 class=\"ae-element-custom-field\">\u25ba AVR regul\u00e1cia v\u00fdstupn\u00e9ho nap\u00e4tia syst\u00e9mom AVR chr\u00e1ni va\u0161e elektrospotrebi\u010de pred po\u0161koden\u00edm (pri dodr\u017ean\u00ed spr\u00e1vneho sp\u00f4sobu zapojenia)<\/h3>\n<\/div>\n<\/div>\n<\/div>\n<div class=\"elementor-element elementor-element-5e03f07 elementor-widget__width-auto elementor-widget elementor-widget-ae-custom-field\" data-id=\"5e03f07\" data-element_type=\"widget\" data-widget_type=\"ae-custom-field.default\">\n<div class=\"elementor-widget-container\">\n<div class=\"cf-type-text ae-cf-wrapper\">\n<h3 class=\"ae-element-custom-field\">\u25ba elektrick\u00fd \u0161tart elektrocentr\u00e1ly zais\u0165uje AGM bat\u00e9ria s dlhou \u017eivotnos\u0165ou, dob\u00edjan\u00e1 chodom elektrocentr\u00e1ly<\/h3>\n<\/div>\n<\/div>\n<\/div>\n<\/div>\n<\/div>\n<\/div>\n<\/div>\n<\/div>\n<\/section>\n","protected":false},"excerpt":{"rendered":"<p>Elektrocentr\u00e1la r\u00e1mov\u00e1 benz\u00ednov\u00e1, 6,8kW, 400V, elektrick\u00fd \u0161tart V\u010faka svojej kvalitnej kon\u0161trukcii a siln\u00e9mu motoru je tento typ ur\u010den\u00fd predov\u0161etk\u00fdm na pou\u017eitie v stavebn\u00edctve, pre mont\u00e1\u017ene pr\u00e1ce, nap\u00e1janie zv\u00e1rac\u00edch agreg\u00e1tov, \u010di ako zdroj elektrickej energie pre mobiln\u00e9 servisn\u00e9 stredisk\u00e1. Model je vybaven\u00fd trojf\u00e1zovou krytou 400V 32A 5P z\u00e1suvkou typu AJ-125. \u25ba podvozkov\u00e1 sada s pevn\u00fdmi gumov\u00fdmi [&hellip;]<\/p>\n","protected":false},"featured_media":43009,"comment_status":"open","ping_status":"closed","template":"","meta":{"_lmt_disableupdate":"","_lmt_disable":""},"product_cat":[3537],"product_tag":[],"class_list":{"0":"post-43008","1":"product","2":"type-product","3":"status-publish","4":"has-post-thumbnail","6":"product_cat-3-fazove","7":"ts_product_brand-heron","9":"first","10":"instock","11":"taxable","12":"shipping-taxable","13":"purchasable","14":"product-type-simple"},"yoast_head":"<!-- This site is optimized with the Yoast SEO plugin v27.3 - https:\/\/yoast.com\/product\/yoast-seo-wordpress\/ -->\n<title>Heron 8896420 Elektrocentr\u00e1la r\u00e1mov\u00e1 benz\u00ednov\u00e1 - MIR-MAR<\/title>\n<meta name=\"robots\" content=\"index, follow, max-snippet:-1, max-image-preview:large, max-video-preview:-1\" \/>\n<link rel=\"canonical\" href=\"http:\/\/dafinoo.eu\/mirmar\/obchod\/heron-8896420-elektrocentrala-ramova-benzinova\/\" \/>\n<meta property=\"og:locale\" content=\"sk_SK\" \/>\n<meta property=\"og:type\" content=\"article\" \/>\n<meta property=\"og:title\" content=\"Heron 8896420 Elektrocentr\u00e1la r\u00e1mov\u00e1 benz\u00ednov\u00e1 - MIR-MAR\" \/>\n<meta property=\"og:description\" content=\"Elektrocentr\u00e1la r\u00e1mov\u00e1 benz\u00ednov\u00e1, 6,8kW, 400V, elektrick\u00fd \u0161tart V\u010faka svojej kvalitnej kon\u0161trukcii a siln\u00e9mu motoru je tento typ ur\u010den\u00fd predov\u0161etk\u00fdm na pou\u017eitie v stavebn\u00edctve, pre mont\u00e1\u017ene pr\u00e1ce, nap\u00e1janie zv\u00e1rac\u00edch agreg\u00e1tov, \u010di ako zdroj elektrickej energie pre mobiln\u00e9 servisn\u00e9 stredisk\u00e1. Model je vybaven\u00fd trojf\u00e1zovou krytou 400V 32A 5P z\u00e1suvkou typu AJ-125. \u25ba podvozkov\u00e1 sada s pevn\u00fdmi gumov\u00fdmi [&hellip;]\" \/>\n<meta property=\"og:url\" content=\"http:\/\/dafinoo.eu\/mirmar\/obchod\/heron-8896420-elektrocentrala-ramova-benzinova\/\" \/>\n<meta property=\"og:site_name\" content=\"MIR-MAR\" \/>\n<meta property=\"article:publisher\" content=\"https:\/\/facebook.com\/mirmareshop\" \/>\n<meta property=\"article:modified_time\" content=\"2022-02-23T19:41:38+00:00\" \/>\n<meta property=\"og:image\" content=\"https:\/\/i0.wp.com\/www.mirmar.sk\/wp-content\/uploads\/2022\/02\/8896420.jpg?fit=800%2C600&ssl=1\" \/>\n\t<meta property=\"og:image:width\" content=\"800\" \/>\n\t<meta property=\"og:image:height\" content=\"600\" \/>\n\t<meta property=\"og:image:type\" content=\"image\/jpeg\" \/>\n<meta name=\"twitter:label1\" content=\"Predpokladan\u00fd \u010das \u010d\u00edtania\" \/>\n\t<meta name=\"twitter:data1\" content=\"1 min\u00fata\" \/>\n<script type=\"application\/ld+json\" class=\"yoast-schema-graph\">{\"@context\":\"https:\\\/\\\/schema.org\",\"@graph\":[{\"@type\":\"WebPage\",\"@id\":\"http:\\\/\\\/dafinoo.eu\\\/mirmar\\\/obchod\\\/heron-8896420-elektrocentrala-ramova-benzinova\\\/\",\"url\":\"http:\\\/\\\/dafinoo.eu\\\/mirmar\\\/obchod\\\/heron-8896420-elektrocentrala-ramova-benzinova\\\/\",\"name\":\"Heron 8896420 Elektrocentr\u00e1la r\u00e1mov\u00e1 benz\u00ednov\u00e1 - MIR-MAR\",\"isPartOf\":{\"@id\":\"http:\\\/\\\/dafinoo.eu\\\/mirmar\\\/#website\"},\"primaryImageOfPage\":{\"@id\":\"http:\\\/\\\/dafinoo.eu\\\/mirmar\\\/obchod\\\/heron-8896420-elektrocentrala-ramova-benzinova\\\/#primaryimage\"},\"image\":{\"@id\":\"http:\\\/\\\/dafinoo.eu\\\/mirmar\\\/obchod\\\/heron-8896420-elektrocentrala-ramova-benzinova\\\/#primaryimage\"},\"thumbnailUrl\":\"http:\\\/\\\/dafinoo.eu\\\/mirmar\\\/wp-content\\\/uploads\\\/2022\\\/02\\\/8896420.jpg\",\"datePublished\":\"2022-02-22T16:42:47+00:00\",\"dateModified\":\"2022-02-23T19:41:38+00:00\",\"breadcrumb\":{\"@id\":\"http:\\\/\\\/dafinoo.eu\\\/mirmar\\\/obchod\\\/heron-8896420-elektrocentrala-ramova-benzinova\\\/#breadcrumb\"},\"inLanguage\":\"sk-SK\",\"potentialAction\":[{\"@type\":\"ReadAction\",\"target\":[\"http:\\\/\\\/dafinoo.eu\\\/mirmar\\\/obchod\\\/heron-8896420-elektrocentrala-ramova-benzinova\\\/\"]}]},{\"@type\":\"ImageObject\",\"inLanguage\":\"sk-SK\",\"@id\":\"http:\\\/\\\/dafinoo.eu\\\/mirmar\\\/obchod\\\/heron-8896420-elektrocentrala-ramova-benzinova\\\/#primaryimage\",\"url\":\"http:\\\/\\\/dafinoo.eu\\\/mirmar\\\/wp-content\\\/uploads\\\/2022\\\/02\\\/8896420.jpg\",\"contentUrl\":\"http:\\\/\\\/dafinoo.eu\\\/mirmar\\\/wp-content\\\/uploads\\\/2022\\\/02\\\/8896420.jpg\",\"width\":800,\"height\":600},{\"@type\":\"BreadcrumbList\",\"@id\":\"http:\\\/\\\/dafinoo.eu\\\/mirmar\\\/obchod\\\/heron-8896420-elektrocentrala-ramova-benzinova\\\/#breadcrumb\",\"itemListElement\":[{\"@type\":\"ListItem\",\"position\":1,\"name\":\"Domovsk\u00e1 str\u00e1nka\",\"item\":\"http:\\\/\\\/dafinoo.eu\\\/mirmar\\\/\"},{\"@type\":\"ListItem\",\"position\":2,\"name\":\"Obchod\",\"item\":\"http:\\\/\\\/dafinoo.eu\\\/mirmar\\\/obchod\\\/\"},{\"@type\":\"ListItem\",\"position\":3,\"name\":\"Heron 8896420 Elektrocentr\u00e1la r\u00e1mov\u00e1 benz\u00ednov\u00e1\"}]},{\"@type\":\"WebSite\",\"@id\":\"http:\\\/\\\/dafinoo.eu\\\/mirmar\\\/#website\",\"url\":\"http:\\\/\\\/dafinoo.eu\\\/mirmar\\\/\",\"name\":\"MIR-MAR\",\"description\":\"Eshop s n\u00e1rad\u00edm\",\"publisher\":{\"@id\":\"http:\\\/\\\/dafinoo.eu\\\/mirmar\\\/#organization\"},\"potentialAction\":[{\"@type\":\"SearchAction\",\"target\":{\"@type\":\"EntryPoint\",\"urlTemplate\":\"http:\\\/\\\/dafinoo.eu\\\/mirmar\\\/?s={search_term_string}\"},\"query-input\":{\"@type\":\"PropertyValueSpecification\",\"valueRequired\":true,\"valueName\":\"search_term_string\"}}],\"inLanguage\":\"sk-SK\"},{\"@type\":\"Organization\",\"@id\":\"http:\\\/\\\/dafinoo.eu\\\/mirmar\\\/#organization\",\"name\":\"MIR-MAR\",\"url\":\"http:\\\/\\\/dafinoo.eu\\\/mirmar\\\/\",\"logo\":{\"@type\":\"ImageObject\",\"inLanguage\":\"sk-SK\",\"@id\":\"http:\\\/\\\/dafinoo.eu\\\/mirmar\\\/#\\\/schema\\\/logo\\\/image\\\/\",\"url\":\"http:\\\/\\\/dafinoo.eu\\\/mirmar\\\/wp-content\\\/uploads\\\/2021\\\/03\\\/mirmar_logo.png\",\"contentUrl\":\"http:\\\/\\\/dafinoo.eu\\\/mirmar\\\/wp-content\\\/uploads\\\/2021\\\/03\\\/mirmar_logo.png\",\"width\":256,\"height\":60,\"caption\":\"MIR-MAR\"},\"image\":{\"@id\":\"http:\\\/\\\/dafinoo.eu\\\/mirmar\\\/#\\\/schema\\\/logo\\\/image\\\/\"},\"sameAs\":[\"https:\\\/\\\/facebook.com\\\/mirmareshop\"]}]}<\/script>\n<!-- \/ Yoast SEO plugin. -->","yoast_head_json":{"title":"Heron 8896420 Elektrocentr\u00e1la r\u00e1mov\u00e1 benz\u00ednov\u00e1 - MIR-MAR","robots":{"index":"index","follow":"follow","max-snippet":"max-snippet:-1","max-image-preview":"max-image-preview:large","max-video-preview":"max-video-preview:-1"},"canonical":"http:\/\/dafinoo.eu\/mirmar\/obchod\/heron-8896420-elektrocentrala-ramova-benzinova\/","og_locale":"sk_SK","og_type":"article","og_title":"Heron 8896420 Elektrocentr\u00e1la r\u00e1mov\u00e1 benz\u00ednov\u00e1 - MIR-MAR","og_description":"Elektrocentr\u00e1la r\u00e1mov\u00e1 benz\u00ednov\u00e1, 6,8kW, 400V, elektrick\u00fd \u0161tart V\u010faka svojej kvalitnej kon\u0161trukcii a siln\u00e9mu motoru je tento typ ur\u010den\u00fd predov\u0161etk\u00fdm na pou\u017eitie v stavebn\u00edctve, pre mont\u00e1\u017ene pr\u00e1ce, nap\u00e1janie zv\u00e1rac\u00edch agreg\u00e1tov, \u010di ako zdroj elektrickej energie pre mobiln\u00e9 servisn\u00e9 stredisk\u00e1. Model je vybaven\u00fd trojf\u00e1zovou krytou 400V 32A 5P z\u00e1suvkou typu AJ-125. \u25ba podvozkov\u00e1 sada s pevn\u00fdmi gumov\u00fdmi [&hellip;]","og_url":"http:\/\/dafinoo.eu\/mirmar\/obchod\/heron-8896420-elektrocentrala-ramova-benzinova\/","og_site_name":"MIR-MAR","article_publisher":"https:\/\/facebook.com\/mirmareshop","article_modified_time":"2022-02-23T19:41:38+00:00","og_image":[{"width":800,"height":600,"url":"https:\/\/i0.wp.com\/www.mirmar.sk\/wp-content\/uploads\/2022\/02\/8896420.jpg?fit=800%2C600&ssl=1","type":"image\/jpeg"}],"twitter_misc":{"Predpokladan\u00fd \u010das \u010d\u00edtania":"1 min\u00fata"},"schema":{"@context":"https:\/\/schema.org","@graph":[{"@type":"WebPage","@id":"http:\/\/dafinoo.eu\/mirmar\/obchod\/heron-8896420-elektrocentrala-ramova-benzinova\/","url":"http:\/\/dafinoo.eu\/mirmar\/obchod\/heron-8896420-elektrocentrala-ramova-benzinova\/","name":"Heron 8896420 Elektrocentr\u00e1la r\u00e1mov\u00e1 benz\u00ednov\u00e1 - MIR-MAR","isPartOf":{"@id":"http:\/\/dafinoo.eu\/mirmar\/#website"},"primaryImageOfPage":{"@id":"http:\/\/dafinoo.eu\/mirmar\/obchod\/heron-8896420-elektrocentrala-ramova-benzinova\/#primaryimage"},"image":{"@id":"http:\/\/dafinoo.eu\/mirmar\/obchod\/heron-8896420-elektrocentrala-ramova-benzinova\/#primaryimage"},"thumbnailUrl":"http:\/\/dafinoo.eu\/mirmar\/wp-content\/uploads\/2022\/02\/8896420.jpg","datePublished":"2022-02-22T16:42:47+00:00","dateModified":"2022-02-23T19:41:38+00:00","breadcrumb":{"@id":"http:\/\/dafinoo.eu\/mirmar\/obchod\/heron-8896420-elektrocentrala-ramova-benzinova\/#breadcrumb"},"inLanguage":"sk-SK","potentialAction":[{"@type":"ReadAction","target":["http:\/\/dafinoo.eu\/mirmar\/obchod\/heron-8896420-elektrocentrala-ramova-benzinova\/"]}]},{"@type":"ImageObject","inLanguage":"sk-SK","@id":"http:\/\/dafinoo.eu\/mirmar\/obchod\/heron-8896420-elektrocentrala-ramova-benzinova\/#primaryimage","url":"http:\/\/dafinoo.eu\/mirmar\/wp-content\/uploads\/2022\/02\/8896420.jpg","contentUrl":"http:\/\/dafinoo.eu\/mirmar\/wp-content\/uploads\/2022\/02\/8896420.jpg","width":800,"height":600},{"@type":"BreadcrumbList","@id":"http:\/\/dafinoo.eu\/mirmar\/obchod\/heron-8896420-elektrocentrala-ramova-benzinova\/#breadcrumb","itemListElement":[{"@type":"ListItem","position":1,"name":"Domovsk\u00e1 str\u00e1nka","item":"http:\/\/dafinoo.eu\/mirmar\/"},{"@type":"ListItem","position":2,"name":"Obchod","item":"http:\/\/dafinoo.eu\/mirmar\/obchod\/"},{"@type":"ListItem","position":3,"name":"Heron 8896420 Elektrocentr\u00e1la r\u00e1mov\u00e1 benz\u00ednov\u00e1"}]},{"@type":"WebSite","@id":"http:\/\/dafinoo.eu\/mirmar\/#website","url":"http:\/\/dafinoo.eu\/mirmar\/","name":"MIR-MAR","description":"Eshop s n\u00e1rad\u00edm","publisher":{"@id":"http:\/\/dafinoo.eu\/mirmar\/#organization"},"potentialAction":[{"@type":"SearchAction","target":{"@type":"EntryPoint","urlTemplate":"http:\/\/dafinoo.eu\/mirmar\/?s={search_term_string}"},"query-input":{"@type":"PropertyValueSpecification","valueRequired":true,"valueName":"search_term_string"}}],"inLanguage":"sk-SK"},{"@type":"Organization","@id":"http:\/\/dafinoo.eu\/mirmar\/#organization","name":"MIR-MAR","url":"http:\/\/dafinoo.eu\/mirmar\/","logo":{"@type":"ImageObject","inLanguage":"sk-SK","@id":"http:\/\/dafinoo.eu\/mirmar\/#\/schema\/logo\/image\/","url":"http:\/\/dafinoo.eu\/mirmar\/wp-content\/uploads\/2021\/03\/mirmar_logo.png","contentUrl":"http:\/\/dafinoo.eu\/mirmar\/wp-content\/uploads\/2021\/03\/mirmar_logo.png","width":256,"height":60,"caption":"MIR-MAR"},"image":{"@id":"http:\/\/dafinoo.eu\/mirmar\/#\/schema\/logo\/image\/"},"sameAs":["https:\/\/facebook.com\/mirmareshop"]}]}},"_links":{"self":[{"href":"http:\/\/dafinoo.eu\/mirmar\/wp-json\/wp\/v2\/product\/43008","targetHints":{"allow":["GET"]}}],"collection":[{"href":"http:\/\/dafinoo.eu\/mirmar\/wp-json\/wp\/v2\/product"}],"about":[{"href":"http:\/\/dafinoo.eu\/mirmar\/wp-json\/wp\/v2\/types\/product"}],"replies":[{"embeddable":true,"href":"http:\/\/dafinoo.eu\/mirmar\/wp-json\/wp\/v2\/comments?post=43008"}],"wp:featuredmedia":[{"embeddable":true,"href":"http:\/\/dafinoo.eu\/mirmar\/wp-json\/wp\/v2\/media\/43009"}],"wp:attachment":[{"href":"http:\/\/dafinoo.eu\/mirmar\/wp-json\/wp\/v2\/media?parent=43008"}],"wp:term":[{"taxonomy":"product_cat","embeddable":true,"href":"http:\/\/dafinoo.eu\/mirmar\/wp-json\/wp\/v2\/product_cat?post=43008"},{"taxonomy":"product_tag","embeddable":true,"href":"http:\/\/dafinoo.eu\/mirmar\/wp-json\/wp\/v2\/product_tag?post=43008"}],"curies":[{"name":"wp","href":"https:\/\/api.w.org\/{rel}","templated":true}]}}