{"id":43015,"date":"2022-02-22T18:12:12","date_gmt":"2022-02-22T17:12:12","guid":{"rendered":"http:\/\/dafinoo.eu\/mirmar\/?post_type=product&#038;p=43015"},"modified":"2022-02-22T18:12:12","modified_gmt":"2022-02-22T17:12:12","slug":"heron-8896350-motorovy-vysokotlakovy-cistic-hpw-210","status":"publish","type":"product","link":"http:\/\/dafinoo.eu\/mirmar\/obchod\/heron-8896350-motorovy-vysokotlakovy-cistic-hpw-210\/","title":{"rendered":"Heron 8896350 Motorov\u00fd vysokotlakov\u00fd \u010disti\u010d HPW 210"},"content":{"rendered":"<div class=\"elementor-element elementor-element-8699c70 ae-woo-tabs-view-horizontal elementor-widget elementor-widget-ae-woo-tabs\" data-id=\"8699c70\" data-element_type=\"widget\" data-widget_type=\"ae-woo-tabs.default\">\n<div class=\"elementor-widget-container\">\n<div class=\"ae-woo-tabs\" role=\"tablist\">\n<div class=\"ae-woo-tabs-content-wrapper\" role=\"tabpanel\">\n<div class=\"ae-woo-tab-content elementor-clearfix\" data-tab=\"1\" data-hashtag=\"description\">\n<p>Vysokotlakov\u00fd motorov\u00fd \u010disti\u010d vynik\u00e1 vysok\u00fdm \u010distiacim tlakom vody na v\u00fdstupe \u2013 a\u017e 210bar. Je tak ur\u010den\u00fd na ve\u013emi efekt\u00edvne \u010distenie povrchov a pl\u00f4ch z kame\u0148a, dreva, kovu, plastu a pod. Vyu\u017eitie n\u00e1jde pri \u010disten\u00ed chodn\u00edkov, ter\u00e1s a baz\u00e9nov za \u00fa\u010delom odstr\u00e1nenia machu a rias, \u010falej fas\u00e1d domov, z\u00e1hradn\u00e9ho n\u00e1radia at\u010f. Hlavn\u00e9 uplatnenie nach\u00e1dza pri um\u00fdvan\u00ed dopravn\u00fdch prostriedkov, po\u013enohospod\u00e1rskych strojov, v\u00fdrobn\u00fdch liniek a pod.<\/p>\n<p><span class=\"tlid-translation translation\" lang=\"sk\">Unik\u00e1tna sp\u00fa\u0161\u0165 striekacej pi\u0161tole (AUTO START) v\u00e1m umo\u017en\u00ed kontrolova\u0165 \u010disti\u010d priamo z miesta, kde pracujete, \u010d\u00edm sa pred\u013a\u017ei \u017eivotnos\u0165 \u010derpadla a motora a u\u0161etr\u00ed palivo. <\/span>Syst\u00e9m Auto-Start automaticky na\u0161tartuje motor a uvedie zariadenie do prev\u00e1dzky po stla\u010den\u00ed sp\u00fa\u0161te striekacej pi\u0161tole. Ak d\u00f4jde k uvo\u013eneniu sp\u00fa\u0161te na dobu 10-15s syst\u00e9m motor op\u00e4\u0165 vypne.\u00a0 Pre \u0161amp\u00f3novanie je mo\u017en\u00e9 pripoji\u0165 n\u00e1dobu s \u010distiacim prostriedkom.<\/p>\n<p><span class=\"tlid-translation translation\" lang=\"sk\">Ide\u00e1lne je pre miesta, kde nie je v\u017edy dostupn\u00fd elektrick\u00fd pr\u00fad a je potrebn\u00e9 vy\u010disti\u0165 v\u00e4\u010d\u0161ie plochy. Stroj je vybaven\u00fd podvozkom pre \u013eahk\u00fa prepravu, 4 r\u00f4znymi tryskami, pripojen\u00edm pre \u010distiaci prostriedok, tlakovou hadicou v d\u013a\u017eke 8m a striekacou pi\u0161to\u013eou.<\/span><\/p>\n<\/div>\n<\/div>\n<\/div>\n<\/div>\n<\/div>\n<section class=\"has_ae_slider elementor-section elementor-inner-section elementor-element elementor-element-062e7d2 elementor-section-boxed elementor-section-height-default elementor-section-height-default ae-bg-gallery-type-default\" data-id=\"062e7d2\" data-element_type=\"section\" data-settings=\"{&quot;background_background&quot;:&quot;classic&quot;}\">\n<div class=\"elementor-container elementor-column-gap-narrow\">\n<div class=\"elementor-row\">\n<div class=\"has_ae_slider elementor-column elementor-col-33 elementor-inner-column elementor-element elementor-element-c51bfeb ae-bg-gallery-type-default\" data-id=\"c51bfeb\" data-element_type=\"column\">\n<div class=\"elementor-column-wrap elementor-element-populated\">\n<div class=\"elementor-widget-wrap\">\n<div class=\"elementor-element elementor-element-c2916f4 elementor-widget__width-auto elementor-widget elementor-widget-ae-custom-field\" data-id=\"c2916f4\" data-element_type=\"widget\" data-widget_type=\"ae-custom-field.default\">\n<div class=\"elementor-widget-container\">\n<div class=\"cf-type-text ae-cf-wrapper\">\n<h3 class=\"ae-element-custom-field\">\u25ba ve\u013ek\u00e1 14,4l n\u00e1dr\u017e umo\u017e\u0148uje a\u017e 6,5 hod\u00edn pr\u00e1ce<\/h3>\n<\/div>\n<\/div>\n<\/div>\n<div class=\"elementor-element elementor-element-10360f21 elementor-widget__width-auto elementor-widget elementor-widget-ae-custom-field\" data-id=\"10360f21\" data-element_type=\"widget\" data-widget_type=\"ae-custom-field.default\">\n<div class=\"elementor-widget-container\">\n<div class=\"cf-type-text ae-cf-wrapper\">\n<h3 class=\"ae-element-custom-field\">\u25ba pre \u0161amp\u00f3novanie je mo\u017en\u00e9 pripoji\u0165 n\u00e1dobu s \u010distiacim prostriedkom<\/h3>\n<\/div>\n<\/div>\n<\/div>\n<div class=\"elementor-element elementor-element-412dead elementor-widget__width-auto elementor-widget elementor-widget-ae-custom-field\" data-id=\"412dead\" data-element_type=\"widget\" data-widget_type=\"ae-custom-field.default\">\n<div class=\"elementor-widget-container\">\n<div class=\"cf-type-text ae-cf-wrapper\">\n<h3 class=\"ae-element-custom-field\">\u25ba pr\u00edslu\u0161enstvo: 8m tlakov\u00e1 hadica, 3 trysky z rozstrekom 15\u00b0-25\u00b0-40\u00b0, n\u00edzkotlakov\u00e1 tryska, podvozkov\u00e1 sada, dr\u017eiaky na pr\u00edslu\u0161enstvo<\/h3>\n<\/div>\n<\/div>\n<\/div>\n<\/div>\n<\/div>\n<\/div>\n<div class=\"has_ae_slider elementor-column elementor-col-33 elementor-inner-column elementor-element elementor-element-99f462d ae-bg-gallery-type-default\" data-id=\"99f462d\" data-element_type=\"column\">\n<div class=\"elementor-column-wrap elementor-element-populated\">\n<div class=\"elementor-widget-wrap\">\n<div class=\"elementor-element elementor-element-c9a35fa elementor-widget__width-auto elementor-widget elementor-widget-ae-custom-field\" data-id=\"c9a35fa\" data-element_type=\"widget\" data-widget_type=\"ae-custom-field.default\">\n<div class=\"elementor-widget-container\">\n<div class=\"cf-type-text ae-cf-wrapper\">\n<h3 class=\"ae-element-custom-field\">\u25ba \u010disti\u010d je vybaven\u00fd funkciou samonas\u00e1vania vody, preto m\u00f4\u017eete pou\u017ei\u0165 \u010dist\u00fa vodu z n\u00e1dr\u017ee, sudu apod.<\/h3>\n<\/div>\n<\/div>\n<\/div>\n<div class=\"elementor-element elementor-element-4d9a46a2 elementor-widget__width-auto elementor-widget elementor-widget-ae-custom-field\" data-id=\"4d9a46a2\" data-element_type=\"widget\" data-widget_type=\"ae-custom-field.default\">\n<div class=\"elementor-widget-container\">\n<div class=\"cf-type-text ae-cf-wrapper\">\n<h3 class=\"ae-element-custom-field\">\u25ba striekacia pi\u0161to\u013e umo\u017e\u0148uje dia\u013ekovo ovl\u00e1da\u0165 \u010disti\u010d aj jeho motor<\/h3>\n<\/div>\n<\/div>\n<\/div>\n<\/div>\n<\/div>\n<\/div>\n<div class=\"has_ae_slider elementor-column elementor-col-33 elementor-inner-column elementor-element elementor-element-1938040 ae-bg-gallery-type-default\" data-id=\"1938040\" data-element_type=\"column\">\n<div class=\"elementor-column-wrap elementor-element-populated\">\n<div class=\"elementor-widget-wrap\">\n<div class=\"elementor-element elementor-element-fdeb448 elementor-widget__width-auto elementor-widget elementor-widget-ae-custom-field\" data-id=\"fdeb448\" data-element_type=\"widget\" data-widget_type=\"ae-custom-field.default\">\n<div class=\"elementor-widget-container\">\n<div class=\"cf-type-text ae-cf-wrapper\">\n<h3 class=\"ae-element-custom-field\">\u25ba syst\u00e9m Auto-Start automaticky na\u0161tartuje motor a uvedie zariadenie do prev\u00e1dzky po stla\u010den\u00ed sp\u00fa\u0161te striekacej pi\u0161tole<\/h3>\n<\/div>\n<\/div>\n<\/div>\n<div class=\"elementor-element elementor-element-5e03f07 elementor-widget__width-auto elementor-widget elementor-widget-ae-custom-field\" data-id=\"5e03f07\" data-element_type=\"widget\" data-widget_type=\"ae-custom-field.default\">\n<div class=\"elementor-widget-container\">\n<div class=\"cf-type-text ae-cf-wrapper\">\n<h3 class=\"ae-element-custom-field\">\u25ba 4 trysky (od priameho l\u00fa\u010da po vej\u00e1r)<\/h3>\n<\/div>\n<\/div>\n<\/div>\n<\/div>\n<\/div>\n<\/div>\n<\/div>\n<\/div>\n<\/section>\n","protected":false},"excerpt":{"rendered":"<p>Vysokotlakov\u00fd motorov\u00fd \u010disti\u010d vynik\u00e1 vysok\u00fdm \u010distiacim tlakom vody na v\u00fdstupe \u2013 a\u017e 210bar. Je tak ur\u010den\u00fd na ve\u013emi efekt\u00edvne \u010distenie povrchov a pl\u00f4ch z kame\u0148a, dreva, kovu, plastu a pod. Vyu\u017eitie n\u00e1jde pri \u010disten\u00ed chodn\u00edkov, ter\u00e1s a baz\u00e9nov za \u00fa\u010delom odstr\u00e1nenia machu a rias, \u010falej fas\u00e1d domov, z\u00e1hradn\u00e9ho n\u00e1radia at\u010f. Hlavn\u00e9 uplatnenie nach\u00e1dza pri um\u00fdvan\u00ed [&hellip;]<\/p>\n","protected":false},"featured_media":43016,"comment_status":"open","ping_status":"closed","template":"","meta":{"_lmt_disableupdate":"","_lmt_disable":""},"product_cat":[3541,3540],"product_tag":[],"class_list":{"0":"post-43015","1":"product","2":"type-product","3":"status-publish","4":"has-post-thumbnail","6":"product_cat-motorovy-vysokotlakovy-cistic","7":"product_cat-vysokotlakove-cistice-heron","8":"ts_product_brand-heron","10":"first","11":"instock","12":"taxable","13":"shipping-taxable","14":"purchasable","15":"product-type-simple"},"yoast_head":"<!-- This site is optimized with the Yoast SEO plugin v27.3 - https:\/\/yoast.com\/product\/yoast-seo-wordpress\/ -->\n<title>Heron 8896350 Motorov\u00fd vysokotlakov\u00fd \u010disti\u010d HPW 210 - MIR-MAR<\/title>\n<meta name=\"robots\" content=\"index, follow, max-snippet:-1, max-image-preview:large, max-video-preview:-1\" \/>\n<link rel=\"canonical\" href=\"http:\/\/dafinoo.eu\/mirmar\/obchod\/heron-8896350-motorovy-vysokotlakovy-cistic-hpw-210\/\" \/>\n<meta property=\"og:locale\" content=\"sk_SK\" \/>\n<meta property=\"og:type\" content=\"article\" \/>\n<meta property=\"og:title\" content=\"Heron 8896350 Motorov\u00fd vysokotlakov\u00fd \u010disti\u010d HPW 210 - MIR-MAR\" \/>\n<meta property=\"og:description\" content=\"Vysokotlakov\u00fd motorov\u00fd \u010disti\u010d vynik\u00e1 vysok\u00fdm \u010distiacim tlakom vody na v\u00fdstupe \u2013 a\u017e 210bar. Je tak ur\u010den\u00fd na ve\u013emi efekt\u00edvne \u010distenie povrchov a pl\u00f4ch z kame\u0148a, dreva, kovu, plastu a pod. Vyu\u017eitie n\u00e1jde pri \u010disten\u00ed chodn\u00edkov, ter\u00e1s a baz\u00e9nov za \u00fa\u010delom odstr\u00e1nenia machu a rias, \u010falej fas\u00e1d domov, z\u00e1hradn\u00e9ho n\u00e1radia at\u010f. Hlavn\u00e9 uplatnenie nach\u00e1dza pri um\u00fdvan\u00ed [&hellip;]\" \/>\n<meta property=\"og:url\" content=\"http:\/\/dafinoo.eu\/mirmar\/obchod\/heron-8896350-motorovy-vysokotlakovy-cistic-hpw-210\/\" \/>\n<meta property=\"og:site_name\" content=\"MIR-MAR\" \/>\n<meta property=\"article:publisher\" content=\"https:\/\/facebook.com\/mirmareshop\" \/>\n<meta property=\"og:image\" content=\"http:\/\/dafinoo.eu\/mirmar\/wp-content\/uploads\/2022\/02\/8896350.jpg\" \/>\n\t<meta property=\"og:image:width\" content=\"800\" \/>\n\t<meta property=\"og:image:height\" content=\"600\" \/>\n\t<meta property=\"og:image:type\" content=\"image\/jpeg\" \/>\n<meta name=\"twitter:label1\" content=\"Predpokladan\u00fd \u010das \u010d\u00edtania\" \/>\n\t<meta name=\"twitter:data1\" content=\"2 min\u00faty\" \/>\n<script type=\"application\/ld+json\" class=\"yoast-schema-graph\">{\"@context\":\"https:\\\/\\\/schema.org\",\"@graph\":[{\"@type\":\"WebPage\",\"@id\":\"http:\\\/\\\/dafinoo.eu\\\/mirmar\\\/obchod\\\/heron-8896350-motorovy-vysokotlakovy-cistic-hpw-210\\\/\",\"url\":\"http:\\\/\\\/dafinoo.eu\\\/mirmar\\\/obchod\\\/heron-8896350-motorovy-vysokotlakovy-cistic-hpw-210\\\/\",\"name\":\"Heron 8896350 Motorov\u00fd vysokotlakov\u00fd \u010disti\u010d HPW 210 - MIR-MAR\",\"isPartOf\":{\"@id\":\"http:\\\/\\\/dafinoo.eu\\\/mirmar\\\/#website\"},\"primaryImageOfPage\":{\"@id\":\"http:\\\/\\\/dafinoo.eu\\\/mirmar\\\/obchod\\\/heron-8896350-motorovy-vysokotlakovy-cistic-hpw-210\\\/#primaryimage\"},\"image\":{\"@id\":\"http:\\\/\\\/dafinoo.eu\\\/mirmar\\\/obchod\\\/heron-8896350-motorovy-vysokotlakovy-cistic-hpw-210\\\/#primaryimage\"},\"thumbnailUrl\":\"http:\\\/\\\/dafinoo.eu\\\/mirmar\\\/wp-content\\\/uploads\\\/2022\\\/02\\\/8896350.jpg\",\"datePublished\":\"2022-02-22T17:12:12+00:00\",\"breadcrumb\":{\"@id\":\"http:\\\/\\\/dafinoo.eu\\\/mirmar\\\/obchod\\\/heron-8896350-motorovy-vysokotlakovy-cistic-hpw-210\\\/#breadcrumb\"},\"inLanguage\":\"sk-SK\",\"potentialAction\":[{\"@type\":\"ReadAction\",\"target\":[\"http:\\\/\\\/dafinoo.eu\\\/mirmar\\\/obchod\\\/heron-8896350-motorovy-vysokotlakovy-cistic-hpw-210\\\/\"]}]},{\"@type\":\"ImageObject\",\"inLanguage\":\"sk-SK\",\"@id\":\"http:\\\/\\\/dafinoo.eu\\\/mirmar\\\/obchod\\\/heron-8896350-motorovy-vysokotlakovy-cistic-hpw-210\\\/#primaryimage\",\"url\":\"http:\\\/\\\/dafinoo.eu\\\/mirmar\\\/wp-content\\\/uploads\\\/2022\\\/02\\\/8896350.jpg\",\"contentUrl\":\"http:\\\/\\\/dafinoo.eu\\\/mirmar\\\/wp-content\\\/uploads\\\/2022\\\/02\\\/8896350.jpg\",\"width\":800,\"height\":600},{\"@type\":\"BreadcrumbList\",\"@id\":\"http:\\\/\\\/dafinoo.eu\\\/mirmar\\\/obchod\\\/heron-8896350-motorovy-vysokotlakovy-cistic-hpw-210\\\/#breadcrumb\",\"itemListElement\":[{\"@type\":\"ListItem\",\"position\":1,\"name\":\"Domovsk\u00e1 str\u00e1nka\",\"item\":\"http:\\\/\\\/dafinoo.eu\\\/mirmar\\\/\"},{\"@type\":\"ListItem\",\"position\":2,\"name\":\"Obchod\",\"item\":\"http:\\\/\\\/dafinoo.eu\\\/mirmar\\\/obchod\\\/\"},{\"@type\":\"ListItem\",\"position\":3,\"name\":\"Heron 8896350 Motorov\u00fd vysokotlakov\u00fd \u010disti\u010d HPW 210\"}]},{\"@type\":\"WebSite\",\"@id\":\"http:\\\/\\\/dafinoo.eu\\\/mirmar\\\/#website\",\"url\":\"http:\\\/\\\/dafinoo.eu\\\/mirmar\\\/\",\"name\":\"MIR-MAR\",\"description\":\"Eshop s n\u00e1rad\u00edm\",\"publisher\":{\"@id\":\"http:\\\/\\\/dafinoo.eu\\\/mirmar\\\/#organization\"},\"potentialAction\":[{\"@type\":\"SearchAction\",\"target\":{\"@type\":\"EntryPoint\",\"urlTemplate\":\"http:\\\/\\\/dafinoo.eu\\\/mirmar\\\/?s={search_term_string}\"},\"query-input\":{\"@type\":\"PropertyValueSpecification\",\"valueRequired\":true,\"valueName\":\"search_term_string\"}}],\"inLanguage\":\"sk-SK\"},{\"@type\":\"Organization\",\"@id\":\"http:\\\/\\\/dafinoo.eu\\\/mirmar\\\/#organization\",\"name\":\"MIR-MAR\",\"url\":\"http:\\\/\\\/dafinoo.eu\\\/mirmar\\\/\",\"logo\":{\"@type\":\"ImageObject\",\"inLanguage\":\"sk-SK\",\"@id\":\"http:\\\/\\\/dafinoo.eu\\\/mirmar\\\/#\\\/schema\\\/logo\\\/image\\\/\",\"url\":\"http:\\\/\\\/dafinoo.eu\\\/mirmar\\\/wp-content\\\/uploads\\\/2021\\\/03\\\/mirmar_logo.png\",\"contentUrl\":\"http:\\\/\\\/dafinoo.eu\\\/mirmar\\\/wp-content\\\/uploads\\\/2021\\\/03\\\/mirmar_logo.png\",\"width\":256,\"height\":60,\"caption\":\"MIR-MAR\"},\"image\":{\"@id\":\"http:\\\/\\\/dafinoo.eu\\\/mirmar\\\/#\\\/schema\\\/logo\\\/image\\\/\"},\"sameAs\":[\"https:\\\/\\\/facebook.com\\\/mirmareshop\"]}]}<\/script>\n<!-- \/ Yoast SEO plugin. -->","yoast_head_json":{"title":"Heron 8896350 Motorov\u00fd vysokotlakov\u00fd \u010disti\u010d HPW 210 - MIR-MAR","robots":{"index":"index","follow":"follow","max-snippet":"max-snippet:-1","max-image-preview":"max-image-preview:large","max-video-preview":"max-video-preview:-1"},"canonical":"http:\/\/dafinoo.eu\/mirmar\/obchod\/heron-8896350-motorovy-vysokotlakovy-cistic-hpw-210\/","og_locale":"sk_SK","og_type":"article","og_title":"Heron 8896350 Motorov\u00fd vysokotlakov\u00fd \u010disti\u010d HPW 210 - MIR-MAR","og_description":"Vysokotlakov\u00fd motorov\u00fd \u010disti\u010d vynik\u00e1 vysok\u00fdm \u010distiacim tlakom vody na v\u00fdstupe \u2013 a\u017e 210bar. Je tak ur\u010den\u00fd na ve\u013emi efekt\u00edvne \u010distenie povrchov a pl\u00f4ch z kame\u0148a, dreva, kovu, plastu a pod. Vyu\u017eitie n\u00e1jde pri \u010disten\u00ed chodn\u00edkov, ter\u00e1s a baz\u00e9nov za \u00fa\u010delom odstr\u00e1nenia machu a rias, \u010falej fas\u00e1d domov, z\u00e1hradn\u00e9ho n\u00e1radia at\u010f. Hlavn\u00e9 uplatnenie nach\u00e1dza pri um\u00fdvan\u00ed [&hellip;]","og_url":"http:\/\/dafinoo.eu\/mirmar\/obchod\/heron-8896350-motorovy-vysokotlakovy-cistic-hpw-210\/","og_site_name":"MIR-MAR","article_publisher":"https:\/\/facebook.com\/mirmareshop","og_image":[{"width":800,"height":600,"url":"http:\/\/dafinoo.eu\/mirmar\/wp-content\/uploads\/2022\/02\/8896350.jpg","type":"image\/jpeg"}],"twitter_misc":{"Predpokladan\u00fd \u010das \u010d\u00edtania":"2 min\u00faty"},"schema":{"@context":"https:\/\/schema.org","@graph":[{"@type":"WebPage","@id":"http:\/\/dafinoo.eu\/mirmar\/obchod\/heron-8896350-motorovy-vysokotlakovy-cistic-hpw-210\/","url":"http:\/\/dafinoo.eu\/mirmar\/obchod\/heron-8896350-motorovy-vysokotlakovy-cistic-hpw-210\/","name":"Heron 8896350 Motorov\u00fd vysokotlakov\u00fd \u010disti\u010d HPW 210 - MIR-MAR","isPartOf":{"@id":"http:\/\/dafinoo.eu\/mirmar\/#website"},"primaryImageOfPage":{"@id":"http:\/\/dafinoo.eu\/mirmar\/obchod\/heron-8896350-motorovy-vysokotlakovy-cistic-hpw-210\/#primaryimage"},"image":{"@id":"http:\/\/dafinoo.eu\/mirmar\/obchod\/heron-8896350-motorovy-vysokotlakovy-cistic-hpw-210\/#primaryimage"},"thumbnailUrl":"http:\/\/dafinoo.eu\/mirmar\/wp-content\/uploads\/2022\/02\/8896350.jpg","datePublished":"2022-02-22T17:12:12+00:00","breadcrumb":{"@id":"http:\/\/dafinoo.eu\/mirmar\/obchod\/heron-8896350-motorovy-vysokotlakovy-cistic-hpw-210\/#breadcrumb"},"inLanguage":"sk-SK","potentialAction":[{"@type":"ReadAction","target":["http:\/\/dafinoo.eu\/mirmar\/obchod\/heron-8896350-motorovy-vysokotlakovy-cistic-hpw-210\/"]}]},{"@type":"ImageObject","inLanguage":"sk-SK","@id":"http:\/\/dafinoo.eu\/mirmar\/obchod\/heron-8896350-motorovy-vysokotlakovy-cistic-hpw-210\/#primaryimage","url":"http:\/\/dafinoo.eu\/mirmar\/wp-content\/uploads\/2022\/02\/8896350.jpg","contentUrl":"http:\/\/dafinoo.eu\/mirmar\/wp-content\/uploads\/2022\/02\/8896350.jpg","width":800,"height":600},{"@type":"BreadcrumbList","@id":"http:\/\/dafinoo.eu\/mirmar\/obchod\/heron-8896350-motorovy-vysokotlakovy-cistic-hpw-210\/#breadcrumb","itemListElement":[{"@type":"ListItem","position":1,"name":"Domovsk\u00e1 str\u00e1nka","item":"http:\/\/dafinoo.eu\/mirmar\/"},{"@type":"ListItem","position":2,"name":"Obchod","item":"http:\/\/dafinoo.eu\/mirmar\/obchod\/"},{"@type":"ListItem","position":3,"name":"Heron 8896350 Motorov\u00fd vysokotlakov\u00fd \u010disti\u010d HPW 210"}]},{"@type":"WebSite","@id":"http:\/\/dafinoo.eu\/mirmar\/#website","url":"http:\/\/dafinoo.eu\/mirmar\/","name":"MIR-MAR","description":"Eshop s n\u00e1rad\u00edm","publisher":{"@id":"http:\/\/dafinoo.eu\/mirmar\/#organization"},"potentialAction":[{"@type":"SearchAction","target":{"@type":"EntryPoint","urlTemplate":"http:\/\/dafinoo.eu\/mirmar\/?s={search_term_string}"},"query-input":{"@type":"PropertyValueSpecification","valueRequired":true,"valueName":"search_term_string"}}],"inLanguage":"sk-SK"},{"@type":"Organization","@id":"http:\/\/dafinoo.eu\/mirmar\/#organization","name":"MIR-MAR","url":"http:\/\/dafinoo.eu\/mirmar\/","logo":{"@type":"ImageObject","inLanguage":"sk-SK","@id":"http:\/\/dafinoo.eu\/mirmar\/#\/schema\/logo\/image\/","url":"http:\/\/dafinoo.eu\/mirmar\/wp-content\/uploads\/2021\/03\/mirmar_logo.png","contentUrl":"http:\/\/dafinoo.eu\/mirmar\/wp-content\/uploads\/2021\/03\/mirmar_logo.png","width":256,"height":60,"caption":"MIR-MAR"},"image":{"@id":"http:\/\/dafinoo.eu\/mirmar\/#\/schema\/logo\/image\/"},"sameAs":["https:\/\/facebook.com\/mirmareshop"]}]}},"_links":{"self":[{"href":"http:\/\/dafinoo.eu\/mirmar\/wp-json\/wp\/v2\/product\/43015","targetHints":{"allow":["GET"]}}],"collection":[{"href":"http:\/\/dafinoo.eu\/mirmar\/wp-json\/wp\/v2\/product"}],"about":[{"href":"http:\/\/dafinoo.eu\/mirmar\/wp-json\/wp\/v2\/types\/product"}],"replies":[{"embeddable":true,"href":"http:\/\/dafinoo.eu\/mirmar\/wp-json\/wp\/v2\/comments?post=43015"}],"wp:featuredmedia":[{"embeddable":true,"href":"http:\/\/dafinoo.eu\/mirmar\/wp-json\/wp\/v2\/media\/43016"}],"wp:attachment":[{"href":"http:\/\/dafinoo.eu\/mirmar\/wp-json\/wp\/v2\/media?parent=43015"}],"wp:term":[{"taxonomy":"product_cat","embeddable":true,"href":"http:\/\/dafinoo.eu\/mirmar\/wp-json\/wp\/v2\/product_cat?post=43015"},{"taxonomy":"product_tag","embeddable":true,"href":"http:\/\/dafinoo.eu\/mirmar\/wp-json\/wp\/v2\/product_tag?post=43015"}],"curies":[{"name":"wp","href":"https:\/\/api.w.org\/{rel}","templated":true}]}}