{"id":43017,"date":"2022-02-22T18:20:17","date_gmt":"2022-02-22T17:20:17","guid":{"rendered":"http:\/\/dafinoo.eu\/mirmar\/?post_type=product&#038;p=43017"},"modified":"2022-02-22T18:20:17","modified_gmt":"2022-02-22T17:20:17","slug":"bosch-grl-250-hv-rotacny-laser","status":"publish","type":"product","link":"http:\/\/dafinoo.eu\/mirmar\/obchod\/bosch-grl-250-hv-rotacny-laser\/","title":{"rendered":"Bosch GRL 250 HV Rota\u010dn\u00fd laser"},"content":{"rendered":"<div class=\"tabs-body\">\n<div id=\"popis\" class=\"tab-content active\">\n<p>Tento laser zna\u010dky BOSCH pon\u00faka vysok\u00fa kvlitu za v\u00fdhodn\u00fa cenu. Profesion\u00e1ny rota\u010dn\u00fd laser BOSCH ke\u00a0 vybaven\u00fd funkciami pre n\u00e1ro\u010dn\u00fdch pou\u017e\u00edvate\u013eov a z\u00e1rove\u0148 je ve\u013emi jednoduch\u00fd na pou\u017e\u00edvanie. Balen\u00fd je s bohat\u00fdm pr\u00edslu\u0161enstvom<\/p>\n<ul>\n<li><strong>Jednoduch\u00e1 obsluha v\u010faka jednotla\u010didlovej funkcii a zrozumite\u013en\u00e9mu displeju<\/strong>,<\/li>\n<li>R\u00fdchlo nastavite\u013en\u00fd v horizont\u00e1lnom a vertik\u00e1lnom nasaden\u00ed, pomocou <strong>automatickej samonivel\u00e1cie (\u00b1\u20095\u00b0)<\/strong>, <strong>90\u00b0 zvisl\u00fd l\u00fa\u010d nahor<\/strong> na exaktn\u00e9 vyrovnanie,<\/li>\n<li>Presn\u00e1 pr\u00e1ca v\u010faka <strong>funkcii upozornenia v pr\u00edpade v\u00fdskytu otrasov, <\/strong><\/li>\n<li>Dobr\u00fd pomer ceny a v\u00fdkonu,<\/li>\n<li><strong>Priestor na akumul\u00e1tor<\/strong> (katal\u00f3gov\u00e9 \u010d\u00edslo 1 608 M00 05D),<\/li>\n<li><strong>Dia\u013ekov\u00e9 ovl\u00e1danie RC1 Professional<\/strong> (0 601 069 900),<\/li>\n<li><strong>Okuliare na sledovanie laserov\u00e9ho l\u00fa\u010da<\/strong> (\u010derven\u00e9) (katal\u00f3gov\u00e9 \u010d\u00edslo 1 608 M00 05B),<\/li>\n<li><strong>Laserov\u00fd ter\u010d<\/strong> (\u010derven\u00fd) (katal\u00f3gov\u00e9 \u010d\u00edslo 1 608 M00 05C),<\/li>\n<li><strong>Kufor na pren\u00e1\u0161anie<\/strong> (katal\u00f3gov\u00e9 \u010d\u00edslo 1 608 M00 05F), 1 1,5 V\u00a0LR6 (AA), 2 1,5 V LR6 (D)<\/li>\n<li><\/li>\n<\/ul>\n<h3>Rozsah dod\u00e1vky<\/h3>\n<p>&nbsp;<\/p>\n<ul>\n<li>Priestor na akumul\u00e1tor (katal\u00f3gov\u00e9 \u010d\u00edslo 1 608 M00 05D)<\/li>\n<li>Dia\u013ekov\u00e9 ovl\u00e1danie RC1 Professional (0 601 069 900)<\/li>\n<li>Okuliare na sledovanie laserov\u00e9ho l\u00fa\u010da (\u010derven\u00e9) (katal\u00f3gov\u00e9 \u010d\u00edslo 1 608 M00 05B)<\/li>\n<li>Laserov\u00fd ter\u010d (\u010derven\u00fd) (katal\u00f3gov\u00e9 \u010d\u00edslo 1 608 M00 05C)<\/li>\n<li>Kufor na pren\u00e1\u0161anie (katal\u00f3gov\u00e9 \u010d\u00edslo 1 608 M00 05F)<\/li>\n<li>1 1,5 V\u00a0LR6 (AA)<\/li>\n<li>2 1,5 V LR6 (D)<\/li>\n<\/ul>\n<\/div>\n<\/div>\n","protected":false},"excerpt":{"rendered":"<p>Tento laser zna\u010dky BOSCH pon\u00faka vysok\u00fa kvlitu za v\u00fdhodn\u00fa cenu. Profesion\u00e1ny rota\u010dn\u00fd laser BOSCH ke\u00a0 vybaven\u00fd funkciami pre n\u00e1ro\u010dn\u00fdch pou\u017e\u00edvate\u013eov a z\u00e1rove\u0148 je ve\u013emi jednoduch\u00fd na pou\u017e\u00edvanie. Balen\u00fd je s bohat\u00fdm pr\u00edslu\u0161enstvom Jednoduch\u00e1 obsluha v\u010faka jednotla\u010didlovej funkcii a zrozumite\u013en\u00e9mu displeju, R\u00fdchlo nastavite\u013en\u00fd v horizont\u00e1lnom a vertik\u00e1lnom nasaden\u00ed, pomocou automatickej samonivel\u00e1cie (\u00b1\u20095\u00b0), 90\u00b0 zvisl\u00fd l\u00fa\u010d nahor [&hellip;]<\/p>\n","protected":false},"featured_media":43018,"comment_status":"open","ping_status":"closed","template":"","meta":{"_lmt_disableupdate":"","_lmt_disable":""},"product_cat":[3238],"product_tag":[],"class_list":{"0":"post-43017","1":"product","2":"type-product","3":"status-publish","4":"has-post-thumbnail","6":"product_cat-rotacny-laser","7":"ts_product_brand-bosh","9":"first","10":"instock","11":"taxable","12":"shipping-taxable","13":"purchasable","14":"product-type-simple"},"yoast_head":"<!-- This site is optimized with the Yoast SEO plugin v27.3 - https:\/\/yoast.com\/product\/yoast-seo-wordpress\/ -->\n<title>Bosch GRL 250 HV Rota\u010dn\u00fd laser - MIR-MAR<\/title>\n<meta name=\"robots\" content=\"index, follow, max-snippet:-1, max-image-preview:large, max-video-preview:-1\" \/>\n<link rel=\"canonical\" href=\"http:\/\/dafinoo.eu\/mirmar\/obchod\/bosch-grl-250-hv-rotacny-laser\/\" \/>\n<meta property=\"og:locale\" content=\"sk_SK\" \/>\n<meta property=\"og:type\" content=\"article\" \/>\n<meta property=\"og:title\" content=\"Bosch GRL 250 HV Rota\u010dn\u00fd laser - MIR-MAR\" \/>\n<meta property=\"og:description\" content=\"Tento laser zna\u010dky BOSCH pon\u00faka vysok\u00fa kvlitu za v\u00fdhodn\u00fa cenu. Profesion\u00e1ny rota\u010dn\u00fd laser BOSCH ke\u00a0 vybaven\u00fd funkciami pre n\u00e1ro\u010dn\u00fdch pou\u017e\u00edvate\u013eov a z\u00e1rove\u0148 je ve\u013emi jednoduch\u00fd na pou\u017e\u00edvanie. Balen\u00fd je s bohat\u00fdm pr\u00edslu\u0161enstvom Jednoduch\u00e1 obsluha v\u010faka jednotla\u010didlovej funkcii a zrozumite\u013en\u00e9mu displeju, R\u00fdchlo nastavite\u013en\u00fd v horizont\u00e1lnom a vertik\u00e1lnom nasaden\u00ed, pomocou automatickej samonivel\u00e1cie (\u00b1\u20095\u00b0), 90\u00b0 zvisl\u00fd l\u00fa\u010d nahor [&hellip;]\" \/>\n<meta property=\"og:url\" content=\"http:\/\/dafinoo.eu\/mirmar\/obchod\/bosch-grl-250-hv-rotacny-laser\/\" \/>\n<meta property=\"og:site_name\" content=\"MIR-MAR\" \/>\n<meta property=\"article:publisher\" content=\"https:\/\/facebook.com\/mirmareshop\" \/>\n<meta property=\"og:image\" content=\"http:\/\/dafinoo.eu\/mirmar\/wp-content\/uploads\/2022\/02\/bosch-3165140583138-800x800-1.jpg\" \/>\n\t<meta property=\"og:image:width\" content=\"800\" \/>\n\t<meta property=\"og:image:height\" content=\"800\" \/>\n\t<meta property=\"og:image:type\" content=\"image\/jpeg\" \/>\n<meta name=\"twitter:label1\" content=\"Predpokladan\u00fd \u010das \u010d\u00edtania\" \/>\n\t<meta name=\"twitter:data1\" content=\"2 min\u00faty\" \/>\n<script type=\"application\/ld+json\" class=\"yoast-schema-graph\">{\"@context\":\"https:\\\/\\\/schema.org\",\"@graph\":[{\"@type\":\"WebPage\",\"@id\":\"http:\\\/\\\/dafinoo.eu\\\/mirmar\\\/obchod\\\/bosch-grl-250-hv-rotacny-laser\\\/\",\"url\":\"http:\\\/\\\/dafinoo.eu\\\/mirmar\\\/obchod\\\/bosch-grl-250-hv-rotacny-laser\\\/\",\"name\":\"Bosch GRL 250 HV Rota\u010dn\u00fd laser - MIR-MAR\",\"isPartOf\":{\"@id\":\"http:\\\/\\\/dafinoo.eu\\\/mirmar\\\/#website\"},\"primaryImageOfPage\":{\"@id\":\"http:\\\/\\\/dafinoo.eu\\\/mirmar\\\/obchod\\\/bosch-grl-250-hv-rotacny-laser\\\/#primaryimage\"},\"image\":{\"@id\":\"http:\\\/\\\/dafinoo.eu\\\/mirmar\\\/obchod\\\/bosch-grl-250-hv-rotacny-laser\\\/#primaryimage\"},\"thumbnailUrl\":\"http:\\\/\\\/dafinoo.eu\\\/mirmar\\\/wp-content\\\/uploads\\\/2022\\\/02\\\/bosch-3165140583138-800x800-1.jpg\",\"datePublished\":\"2022-02-22T17:20:17+00:00\",\"breadcrumb\":{\"@id\":\"http:\\\/\\\/dafinoo.eu\\\/mirmar\\\/obchod\\\/bosch-grl-250-hv-rotacny-laser\\\/#breadcrumb\"},\"inLanguage\":\"sk-SK\",\"potentialAction\":[{\"@type\":\"ReadAction\",\"target\":[\"http:\\\/\\\/dafinoo.eu\\\/mirmar\\\/obchod\\\/bosch-grl-250-hv-rotacny-laser\\\/\"]}]},{\"@type\":\"ImageObject\",\"inLanguage\":\"sk-SK\",\"@id\":\"http:\\\/\\\/dafinoo.eu\\\/mirmar\\\/obchod\\\/bosch-grl-250-hv-rotacny-laser\\\/#primaryimage\",\"url\":\"http:\\\/\\\/dafinoo.eu\\\/mirmar\\\/wp-content\\\/uploads\\\/2022\\\/02\\\/bosch-3165140583138-800x800-1.jpg\",\"contentUrl\":\"http:\\\/\\\/dafinoo.eu\\\/mirmar\\\/wp-content\\\/uploads\\\/2022\\\/02\\\/bosch-3165140583138-800x800-1.jpg\",\"width\":800,\"height\":800},{\"@type\":\"BreadcrumbList\",\"@id\":\"http:\\\/\\\/dafinoo.eu\\\/mirmar\\\/obchod\\\/bosch-grl-250-hv-rotacny-laser\\\/#breadcrumb\",\"itemListElement\":[{\"@type\":\"ListItem\",\"position\":1,\"name\":\"Domovsk\u00e1 str\u00e1nka\",\"item\":\"http:\\\/\\\/dafinoo.eu\\\/mirmar\\\/\"},{\"@type\":\"ListItem\",\"position\":2,\"name\":\"Obchod\",\"item\":\"http:\\\/\\\/dafinoo.eu\\\/mirmar\\\/obchod\\\/\"},{\"@type\":\"ListItem\",\"position\":3,\"name\":\"Bosch GRL 250 HV Rota\u010dn\u00fd laser\"}]},{\"@type\":\"WebSite\",\"@id\":\"http:\\\/\\\/dafinoo.eu\\\/mirmar\\\/#website\",\"url\":\"http:\\\/\\\/dafinoo.eu\\\/mirmar\\\/\",\"name\":\"MIR-MAR\",\"description\":\"Eshop s n\u00e1rad\u00edm\",\"publisher\":{\"@id\":\"http:\\\/\\\/dafinoo.eu\\\/mirmar\\\/#organization\"},\"potentialAction\":[{\"@type\":\"SearchAction\",\"target\":{\"@type\":\"EntryPoint\",\"urlTemplate\":\"http:\\\/\\\/dafinoo.eu\\\/mirmar\\\/?s={search_term_string}\"},\"query-input\":{\"@type\":\"PropertyValueSpecification\",\"valueRequired\":true,\"valueName\":\"search_term_string\"}}],\"inLanguage\":\"sk-SK\"},{\"@type\":\"Organization\",\"@id\":\"http:\\\/\\\/dafinoo.eu\\\/mirmar\\\/#organization\",\"name\":\"MIR-MAR\",\"url\":\"http:\\\/\\\/dafinoo.eu\\\/mirmar\\\/\",\"logo\":{\"@type\":\"ImageObject\",\"inLanguage\":\"sk-SK\",\"@id\":\"http:\\\/\\\/dafinoo.eu\\\/mirmar\\\/#\\\/schema\\\/logo\\\/image\\\/\",\"url\":\"http:\\\/\\\/dafinoo.eu\\\/mirmar\\\/wp-content\\\/uploads\\\/2021\\\/03\\\/mirmar_logo.png\",\"contentUrl\":\"http:\\\/\\\/dafinoo.eu\\\/mirmar\\\/wp-content\\\/uploads\\\/2021\\\/03\\\/mirmar_logo.png\",\"width\":256,\"height\":60,\"caption\":\"MIR-MAR\"},\"image\":{\"@id\":\"http:\\\/\\\/dafinoo.eu\\\/mirmar\\\/#\\\/schema\\\/logo\\\/image\\\/\"},\"sameAs\":[\"https:\\\/\\\/facebook.com\\\/mirmareshop\"]}]}<\/script>\n<!-- \/ Yoast SEO plugin. -->","yoast_head_json":{"title":"Bosch GRL 250 HV Rota\u010dn\u00fd laser - MIR-MAR","robots":{"index":"index","follow":"follow","max-snippet":"max-snippet:-1","max-image-preview":"max-image-preview:large","max-video-preview":"max-video-preview:-1"},"canonical":"http:\/\/dafinoo.eu\/mirmar\/obchod\/bosch-grl-250-hv-rotacny-laser\/","og_locale":"sk_SK","og_type":"article","og_title":"Bosch GRL 250 HV Rota\u010dn\u00fd laser - MIR-MAR","og_description":"Tento laser zna\u010dky BOSCH pon\u00faka vysok\u00fa kvlitu za v\u00fdhodn\u00fa cenu. Profesion\u00e1ny rota\u010dn\u00fd laser BOSCH ke\u00a0 vybaven\u00fd funkciami pre n\u00e1ro\u010dn\u00fdch pou\u017e\u00edvate\u013eov a z\u00e1rove\u0148 je ve\u013emi jednoduch\u00fd na pou\u017e\u00edvanie. Balen\u00fd je s bohat\u00fdm pr\u00edslu\u0161enstvom Jednoduch\u00e1 obsluha v\u010faka jednotla\u010didlovej funkcii a zrozumite\u013en\u00e9mu displeju, R\u00fdchlo nastavite\u013en\u00fd v horizont\u00e1lnom a vertik\u00e1lnom nasaden\u00ed, pomocou automatickej samonivel\u00e1cie (\u00b1\u20095\u00b0), 90\u00b0 zvisl\u00fd l\u00fa\u010d nahor [&hellip;]","og_url":"http:\/\/dafinoo.eu\/mirmar\/obchod\/bosch-grl-250-hv-rotacny-laser\/","og_site_name":"MIR-MAR","article_publisher":"https:\/\/facebook.com\/mirmareshop","og_image":[{"width":800,"height":800,"url":"http:\/\/dafinoo.eu\/mirmar\/wp-content\/uploads\/2022\/02\/bosch-3165140583138-800x800-1.jpg","type":"image\/jpeg"}],"twitter_misc":{"Predpokladan\u00fd \u010das \u010d\u00edtania":"2 min\u00faty"},"schema":{"@context":"https:\/\/schema.org","@graph":[{"@type":"WebPage","@id":"http:\/\/dafinoo.eu\/mirmar\/obchod\/bosch-grl-250-hv-rotacny-laser\/","url":"http:\/\/dafinoo.eu\/mirmar\/obchod\/bosch-grl-250-hv-rotacny-laser\/","name":"Bosch GRL 250 HV Rota\u010dn\u00fd laser - MIR-MAR","isPartOf":{"@id":"http:\/\/dafinoo.eu\/mirmar\/#website"},"primaryImageOfPage":{"@id":"http:\/\/dafinoo.eu\/mirmar\/obchod\/bosch-grl-250-hv-rotacny-laser\/#primaryimage"},"image":{"@id":"http:\/\/dafinoo.eu\/mirmar\/obchod\/bosch-grl-250-hv-rotacny-laser\/#primaryimage"},"thumbnailUrl":"http:\/\/dafinoo.eu\/mirmar\/wp-content\/uploads\/2022\/02\/bosch-3165140583138-800x800-1.jpg","datePublished":"2022-02-22T17:20:17+00:00","breadcrumb":{"@id":"http:\/\/dafinoo.eu\/mirmar\/obchod\/bosch-grl-250-hv-rotacny-laser\/#breadcrumb"},"inLanguage":"sk-SK","potentialAction":[{"@type":"ReadAction","target":["http:\/\/dafinoo.eu\/mirmar\/obchod\/bosch-grl-250-hv-rotacny-laser\/"]}]},{"@type":"ImageObject","inLanguage":"sk-SK","@id":"http:\/\/dafinoo.eu\/mirmar\/obchod\/bosch-grl-250-hv-rotacny-laser\/#primaryimage","url":"http:\/\/dafinoo.eu\/mirmar\/wp-content\/uploads\/2022\/02\/bosch-3165140583138-800x800-1.jpg","contentUrl":"http:\/\/dafinoo.eu\/mirmar\/wp-content\/uploads\/2022\/02\/bosch-3165140583138-800x800-1.jpg","width":800,"height":800},{"@type":"BreadcrumbList","@id":"http:\/\/dafinoo.eu\/mirmar\/obchod\/bosch-grl-250-hv-rotacny-laser\/#breadcrumb","itemListElement":[{"@type":"ListItem","position":1,"name":"Domovsk\u00e1 str\u00e1nka","item":"http:\/\/dafinoo.eu\/mirmar\/"},{"@type":"ListItem","position":2,"name":"Obchod","item":"http:\/\/dafinoo.eu\/mirmar\/obchod\/"},{"@type":"ListItem","position":3,"name":"Bosch GRL 250 HV Rota\u010dn\u00fd laser"}]},{"@type":"WebSite","@id":"http:\/\/dafinoo.eu\/mirmar\/#website","url":"http:\/\/dafinoo.eu\/mirmar\/","name":"MIR-MAR","description":"Eshop s n\u00e1rad\u00edm","publisher":{"@id":"http:\/\/dafinoo.eu\/mirmar\/#organization"},"potentialAction":[{"@type":"SearchAction","target":{"@type":"EntryPoint","urlTemplate":"http:\/\/dafinoo.eu\/mirmar\/?s={search_term_string}"},"query-input":{"@type":"PropertyValueSpecification","valueRequired":true,"valueName":"search_term_string"}}],"inLanguage":"sk-SK"},{"@type":"Organization","@id":"http:\/\/dafinoo.eu\/mirmar\/#organization","name":"MIR-MAR","url":"http:\/\/dafinoo.eu\/mirmar\/","logo":{"@type":"ImageObject","inLanguage":"sk-SK","@id":"http:\/\/dafinoo.eu\/mirmar\/#\/schema\/logo\/image\/","url":"http:\/\/dafinoo.eu\/mirmar\/wp-content\/uploads\/2021\/03\/mirmar_logo.png","contentUrl":"http:\/\/dafinoo.eu\/mirmar\/wp-content\/uploads\/2021\/03\/mirmar_logo.png","width":256,"height":60,"caption":"MIR-MAR"},"image":{"@id":"http:\/\/dafinoo.eu\/mirmar\/#\/schema\/logo\/image\/"},"sameAs":["https:\/\/facebook.com\/mirmareshop"]}]}},"_links":{"self":[{"href":"http:\/\/dafinoo.eu\/mirmar\/wp-json\/wp\/v2\/product\/43017","targetHints":{"allow":["GET"]}}],"collection":[{"href":"http:\/\/dafinoo.eu\/mirmar\/wp-json\/wp\/v2\/product"}],"about":[{"href":"http:\/\/dafinoo.eu\/mirmar\/wp-json\/wp\/v2\/types\/product"}],"replies":[{"embeddable":true,"href":"http:\/\/dafinoo.eu\/mirmar\/wp-json\/wp\/v2\/comments?post=43017"}],"wp:featuredmedia":[{"embeddable":true,"href":"http:\/\/dafinoo.eu\/mirmar\/wp-json\/wp\/v2\/media\/43018"}],"wp:attachment":[{"href":"http:\/\/dafinoo.eu\/mirmar\/wp-json\/wp\/v2\/media?parent=43017"}],"wp:term":[{"taxonomy":"product_cat","embeddable":true,"href":"http:\/\/dafinoo.eu\/mirmar\/wp-json\/wp\/v2\/product_cat?post=43017"},{"taxonomy":"product_tag","embeddable":true,"href":"http:\/\/dafinoo.eu\/mirmar\/wp-json\/wp\/v2\/product_tag?post=43017"}],"curies":[{"name":"wp","href":"https:\/\/api.w.org\/{rel}","templated":true}]}}