{"id":43019,"date":"2022-02-23T14:09:41","date_gmt":"2022-02-23T13:09:41","guid":{"rendered":"http:\/\/dafinoo.eu\/mirmar\/?post_type=product&#038;p=43019"},"modified":"2022-02-23T14:09:42","modified_gmt":"2022-02-23T13:09:42","slug":"bosch-grl-400-h-06159940jy","status":"publish","type":"product","link":"http:\/\/dafinoo.eu\/mirmar\/obchod\/bosch-grl-400-h-06159940jy\/","title":{"rendered":"Bosch GRL 400 H 06159940JY"},"content":{"rendered":"<p>Jednoducho ovl\u00e1date\u013en\u00fd rota\u010dn\u00fd laser na pou\u017eitie v exteri\u00e9roch<\/p>\n<p>Jednoduch\u00e1 manipul\u00e1cia: jednotla\u010didlov\u00e1 funkcia a indik\u00e1cia so samovysvet\u013euj\u00facimi symbolmi<\/p>\n<p>Samonivel\u00e1cia 8 % (\u00b1 5\u00b0) pri horizont\u00e1lnom pou\u017eit\u00ed<\/p>\n<p>Automatick\u00e1 funkcia varovania pri otrase zabra\u0148uje chyb\u00e1m pri nivel\u00e1ci\u00ed &#8211; pri vibr\u00e1ci\u00e1ch alebo otrasoch<\/p>\n<p>Ve\u013ek\u00fd dosah a\u017e do 400 m<\/p>\n<p>Robustn\u00fd kryt a ochrana proti prachu a striekaj\u00facej vode IP 56<\/p>\n","protected":false},"excerpt":{"rendered":"<p>Jednoducho ovl\u00e1date\u013en\u00fd rota\u010dn\u00fd laser na pou\u017eitie v exteri\u00e9roch Jednoduch\u00e1 manipul\u00e1cia: jednotla\u010didlov\u00e1 funkcia a indik\u00e1cia so samovysvet\u013euj\u00facimi symbolmi Samonivel\u00e1cia 8 % (\u00b1 5\u00b0) pri horizont\u00e1lnom pou\u017eit\u00ed Automatick\u00e1 funkcia varovania pri otrase zabra\u0148uje chyb\u00e1m pri nivel\u00e1ci\u00ed &#8211; pri vibr\u00e1ci\u00e1ch alebo otrasoch Ve\u013ek\u00fd dosah a\u017e do 400 m Robustn\u00fd kryt a ochrana proti prachu a striekaj\u00facej vode IP [&hellip;]<\/p>\n","protected":false},"featured_media":43020,"comment_status":"open","ping_status":"closed","template":"","meta":{"_lmt_disableupdate":"","_lmt_disable":""},"product_cat":[3238],"product_tag":[],"class_list":{"0":"post-43019","1":"product","2":"type-product","3":"status-publish","4":"has-post-thumbnail","6":"product_cat-rotacny-laser","7":"ts_product_brand-bosh","9":"first","10":"instock","11":"taxable","12":"shipping-taxable","13":"purchasable","14":"product-type-simple"},"yoast_head":"<!-- This site is optimized with the Yoast SEO plugin v27.3 - https:\/\/yoast.com\/product\/yoast-seo-wordpress\/ -->\n<title>Bosch GRL 400 H 06159940JY - MIR-MAR<\/title>\n<meta name=\"robots\" content=\"index, follow, max-snippet:-1, max-image-preview:large, max-video-preview:-1\" \/>\n<link rel=\"canonical\" href=\"http:\/\/dafinoo.eu\/mirmar\/obchod\/bosch-grl-400-h-06159940jy\/\" \/>\n<meta property=\"og:locale\" content=\"sk_SK\" \/>\n<meta property=\"og:type\" content=\"article\" \/>\n<meta property=\"og:title\" content=\"Bosch GRL 400 H 06159940JY - MIR-MAR\" \/>\n<meta property=\"og:description\" content=\"Jednoducho ovl\u00e1date\u013en\u00fd rota\u010dn\u00fd laser na pou\u017eitie v exteri\u00e9roch Jednoduch\u00e1 manipul\u00e1cia: jednotla\u010didlov\u00e1 funkcia a indik\u00e1cia so samovysvet\u013euj\u00facimi symbolmi Samonivel\u00e1cia 8 % (\u00b1 5\u00b0) pri horizont\u00e1lnom pou\u017eit\u00ed Automatick\u00e1 funkcia varovania pri otrase zabra\u0148uje chyb\u00e1m pri nivel\u00e1ci\u00ed &#8211; pri vibr\u00e1ci\u00e1ch alebo otrasoch Ve\u013ek\u00fd dosah a\u017e do 400 m Robustn\u00fd kryt a ochrana proti prachu a striekaj\u00facej vode IP [&hellip;]\" \/>\n<meta property=\"og:url\" content=\"http:\/\/dafinoo.eu\/mirmar\/obchod\/bosch-grl-400-h-06159940jy\/\" \/>\n<meta property=\"og:site_name\" content=\"MIR-MAR\" \/>\n<meta property=\"article:publisher\" content=\"https:\/\/facebook.com\/mirmareshop\" \/>\n<meta property=\"article:modified_time\" content=\"2022-02-23T13:09:42+00:00\" \/>\n<meta property=\"og:image\" content=\"http:\/\/dafinoo.eu\/mirmar\/wp-content\/uploads\/2022\/02\/4b5f5894bc1133f5bd273dac0fd6395c-mm2000x2000.jpg\" \/>\n\t<meta property=\"og:image:width\" content=\"2000\" \/>\n\t<meta property=\"og:image:height\" content=\"1980\" \/>\n\t<meta property=\"og:image:type\" content=\"image\/jpeg\" \/>\n<meta name=\"twitter:label1\" content=\"Predpokladan\u00fd \u010das \u010d\u00edtania\" \/>\n\t<meta name=\"twitter:data1\" content=\"1 min\u00fata\" \/>\n<script type=\"application\/ld+json\" class=\"yoast-schema-graph\">{\"@context\":\"https:\\\/\\\/schema.org\",\"@graph\":[{\"@type\":\"WebPage\",\"@id\":\"http:\\\/\\\/dafinoo.eu\\\/mirmar\\\/obchod\\\/bosch-grl-400-h-06159940jy\\\/\",\"url\":\"http:\\\/\\\/dafinoo.eu\\\/mirmar\\\/obchod\\\/bosch-grl-400-h-06159940jy\\\/\",\"name\":\"Bosch GRL 400 H 06159940JY - MIR-MAR\",\"isPartOf\":{\"@id\":\"http:\\\/\\\/dafinoo.eu\\\/mirmar\\\/#website\"},\"primaryImageOfPage\":{\"@id\":\"http:\\\/\\\/dafinoo.eu\\\/mirmar\\\/obchod\\\/bosch-grl-400-h-06159940jy\\\/#primaryimage\"},\"image\":{\"@id\":\"http:\\\/\\\/dafinoo.eu\\\/mirmar\\\/obchod\\\/bosch-grl-400-h-06159940jy\\\/#primaryimage\"},\"thumbnailUrl\":\"http:\\\/\\\/dafinoo.eu\\\/mirmar\\\/wp-content\\\/uploads\\\/2022\\\/02\\\/4b5f5894bc1133f5bd273dac0fd6395c-mm2000x2000.jpg\",\"datePublished\":\"2022-02-23T13:09:41+00:00\",\"dateModified\":\"2022-02-23T13:09:42+00:00\",\"breadcrumb\":{\"@id\":\"http:\\\/\\\/dafinoo.eu\\\/mirmar\\\/obchod\\\/bosch-grl-400-h-06159940jy\\\/#breadcrumb\"},\"inLanguage\":\"sk-SK\",\"potentialAction\":[{\"@type\":\"ReadAction\",\"target\":[\"http:\\\/\\\/dafinoo.eu\\\/mirmar\\\/obchod\\\/bosch-grl-400-h-06159940jy\\\/\"]}]},{\"@type\":\"ImageObject\",\"inLanguage\":\"sk-SK\",\"@id\":\"http:\\\/\\\/dafinoo.eu\\\/mirmar\\\/obchod\\\/bosch-grl-400-h-06159940jy\\\/#primaryimage\",\"url\":\"http:\\\/\\\/dafinoo.eu\\\/mirmar\\\/wp-content\\\/uploads\\\/2022\\\/02\\\/4b5f5894bc1133f5bd273dac0fd6395c-mm2000x2000.jpg\",\"contentUrl\":\"http:\\\/\\\/dafinoo.eu\\\/mirmar\\\/wp-content\\\/uploads\\\/2022\\\/02\\\/4b5f5894bc1133f5bd273dac0fd6395c-mm2000x2000.jpg\",\"width\":2000,\"height\":1980},{\"@type\":\"BreadcrumbList\",\"@id\":\"http:\\\/\\\/dafinoo.eu\\\/mirmar\\\/obchod\\\/bosch-grl-400-h-06159940jy\\\/#breadcrumb\",\"itemListElement\":[{\"@type\":\"ListItem\",\"position\":1,\"name\":\"Domovsk\u00e1 str\u00e1nka\",\"item\":\"http:\\\/\\\/dafinoo.eu\\\/mirmar\\\/\"},{\"@type\":\"ListItem\",\"position\":2,\"name\":\"Obchod\",\"item\":\"http:\\\/\\\/dafinoo.eu\\\/mirmar\\\/obchod\\\/\"},{\"@type\":\"ListItem\",\"position\":3,\"name\":\"Bosch GRL 400 H 06159940JY\"}]},{\"@type\":\"WebSite\",\"@id\":\"http:\\\/\\\/dafinoo.eu\\\/mirmar\\\/#website\",\"url\":\"http:\\\/\\\/dafinoo.eu\\\/mirmar\\\/\",\"name\":\"MIR-MAR\",\"description\":\"Eshop s n\u00e1rad\u00edm\",\"publisher\":{\"@id\":\"http:\\\/\\\/dafinoo.eu\\\/mirmar\\\/#organization\"},\"potentialAction\":[{\"@type\":\"SearchAction\",\"target\":{\"@type\":\"EntryPoint\",\"urlTemplate\":\"http:\\\/\\\/dafinoo.eu\\\/mirmar\\\/?s={search_term_string}\"},\"query-input\":{\"@type\":\"PropertyValueSpecification\",\"valueRequired\":true,\"valueName\":\"search_term_string\"}}],\"inLanguage\":\"sk-SK\"},{\"@type\":\"Organization\",\"@id\":\"http:\\\/\\\/dafinoo.eu\\\/mirmar\\\/#organization\",\"name\":\"MIR-MAR\",\"url\":\"http:\\\/\\\/dafinoo.eu\\\/mirmar\\\/\",\"logo\":{\"@type\":\"ImageObject\",\"inLanguage\":\"sk-SK\",\"@id\":\"http:\\\/\\\/dafinoo.eu\\\/mirmar\\\/#\\\/schema\\\/logo\\\/image\\\/\",\"url\":\"http:\\\/\\\/dafinoo.eu\\\/mirmar\\\/wp-content\\\/uploads\\\/2021\\\/03\\\/mirmar_logo.png\",\"contentUrl\":\"http:\\\/\\\/dafinoo.eu\\\/mirmar\\\/wp-content\\\/uploads\\\/2021\\\/03\\\/mirmar_logo.png\",\"width\":256,\"height\":60,\"caption\":\"MIR-MAR\"},\"image\":{\"@id\":\"http:\\\/\\\/dafinoo.eu\\\/mirmar\\\/#\\\/schema\\\/logo\\\/image\\\/\"},\"sameAs\":[\"https:\\\/\\\/facebook.com\\\/mirmareshop\"]}]}<\/script>\n<!-- \/ Yoast SEO plugin. -->","yoast_head_json":{"title":"Bosch GRL 400 H 06159940JY - MIR-MAR","robots":{"index":"index","follow":"follow","max-snippet":"max-snippet:-1","max-image-preview":"max-image-preview:large","max-video-preview":"max-video-preview:-1"},"canonical":"http:\/\/dafinoo.eu\/mirmar\/obchod\/bosch-grl-400-h-06159940jy\/","og_locale":"sk_SK","og_type":"article","og_title":"Bosch GRL 400 H 06159940JY - MIR-MAR","og_description":"Jednoducho ovl\u00e1date\u013en\u00fd rota\u010dn\u00fd laser na pou\u017eitie v exteri\u00e9roch Jednoduch\u00e1 manipul\u00e1cia: jednotla\u010didlov\u00e1 funkcia a indik\u00e1cia so samovysvet\u013euj\u00facimi symbolmi Samonivel\u00e1cia 8 % (\u00b1 5\u00b0) pri horizont\u00e1lnom pou\u017eit\u00ed Automatick\u00e1 funkcia varovania pri otrase zabra\u0148uje chyb\u00e1m pri nivel\u00e1ci\u00ed &#8211; pri vibr\u00e1ci\u00e1ch alebo otrasoch Ve\u013ek\u00fd dosah a\u017e do 400 m Robustn\u00fd kryt a ochrana proti prachu a striekaj\u00facej vode IP [&hellip;]","og_url":"http:\/\/dafinoo.eu\/mirmar\/obchod\/bosch-grl-400-h-06159940jy\/","og_site_name":"MIR-MAR","article_publisher":"https:\/\/facebook.com\/mirmareshop","article_modified_time":"2022-02-23T13:09:42+00:00","og_image":[{"width":2000,"height":1980,"url":"http:\/\/dafinoo.eu\/mirmar\/wp-content\/uploads\/2022\/02\/4b5f5894bc1133f5bd273dac0fd6395c-mm2000x2000.jpg","type":"image\/jpeg"}],"twitter_misc":{"Predpokladan\u00fd \u010das \u010d\u00edtania":"1 min\u00fata"},"schema":{"@context":"https:\/\/schema.org","@graph":[{"@type":"WebPage","@id":"http:\/\/dafinoo.eu\/mirmar\/obchod\/bosch-grl-400-h-06159940jy\/","url":"http:\/\/dafinoo.eu\/mirmar\/obchod\/bosch-grl-400-h-06159940jy\/","name":"Bosch GRL 400 H 06159940JY - MIR-MAR","isPartOf":{"@id":"http:\/\/dafinoo.eu\/mirmar\/#website"},"primaryImageOfPage":{"@id":"http:\/\/dafinoo.eu\/mirmar\/obchod\/bosch-grl-400-h-06159940jy\/#primaryimage"},"image":{"@id":"http:\/\/dafinoo.eu\/mirmar\/obchod\/bosch-grl-400-h-06159940jy\/#primaryimage"},"thumbnailUrl":"http:\/\/dafinoo.eu\/mirmar\/wp-content\/uploads\/2022\/02\/4b5f5894bc1133f5bd273dac0fd6395c-mm2000x2000.jpg","datePublished":"2022-02-23T13:09:41+00:00","dateModified":"2022-02-23T13:09:42+00:00","breadcrumb":{"@id":"http:\/\/dafinoo.eu\/mirmar\/obchod\/bosch-grl-400-h-06159940jy\/#breadcrumb"},"inLanguage":"sk-SK","potentialAction":[{"@type":"ReadAction","target":["http:\/\/dafinoo.eu\/mirmar\/obchod\/bosch-grl-400-h-06159940jy\/"]}]},{"@type":"ImageObject","inLanguage":"sk-SK","@id":"http:\/\/dafinoo.eu\/mirmar\/obchod\/bosch-grl-400-h-06159940jy\/#primaryimage","url":"http:\/\/dafinoo.eu\/mirmar\/wp-content\/uploads\/2022\/02\/4b5f5894bc1133f5bd273dac0fd6395c-mm2000x2000.jpg","contentUrl":"http:\/\/dafinoo.eu\/mirmar\/wp-content\/uploads\/2022\/02\/4b5f5894bc1133f5bd273dac0fd6395c-mm2000x2000.jpg","width":2000,"height":1980},{"@type":"BreadcrumbList","@id":"http:\/\/dafinoo.eu\/mirmar\/obchod\/bosch-grl-400-h-06159940jy\/#breadcrumb","itemListElement":[{"@type":"ListItem","position":1,"name":"Domovsk\u00e1 str\u00e1nka","item":"http:\/\/dafinoo.eu\/mirmar\/"},{"@type":"ListItem","position":2,"name":"Obchod","item":"http:\/\/dafinoo.eu\/mirmar\/obchod\/"},{"@type":"ListItem","position":3,"name":"Bosch GRL 400 H 06159940JY"}]},{"@type":"WebSite","@id":"http:\/\/dafinoo.eu\/mirmar\/#website","url":"http:\/\/dafinoo.eu\/mirmar\/","name":"MIR-MAR","description":"Eshop s n\u00e1rad\u00edm","publisher":{"@id":"http:\/\/dafinoo.eu\/mirmar\/#organization"},"potentialAction":[{"@type":"SearchAction","target":{"@type":"EntryPoint","urlTemplate":"http:\/\/dafinoo.eu\/mirmar\/?s={search_term_string}"},"query-input":{"@type":"PropertyValueSpecification","valueRequired":true,"valueName":"search_term_string"}}],"inLanguage":"sk-SK"},{"@type":"Organization","@id":"http:\/\/dafinoo.eu\/mirmar\/#organization","name":"MIR-MAR","url":"http:\/\/dafinoo.eu\/mirmar\/","logo":{"@type":"ImageObject","inLanguage":"sk-SK","@id":"http:\/\/dafinoo.eu\/mirmar\/#\/schema\/logo\/image\/","url":"http:\/\/dafinoo.eu\/mirmar\/wp-content\/uploads\/2021\/03\/mirmar_logo.png","contentUrl":"http:\/\/dafinoo.eu\/mirmar\/wp-content\/uploads\/2021\/03\/mirmar_logo.png","width":256,"height":60,"caption":"MIR-MAR"},"image":{"@id":"http:\/\/dafinoo.eu\/mirmar\/#\/schema\/logo\/image\/"},"sameAs":["https:\/\/facebook.com\/mirmareshop"]}]}},"_links":{"self":[{"href":"http:\/\/dafinoo.eu\/mirmar\/wp-json\/wp\/v2\/product\/43019","targetHints":{"allow":["GET"]}}],"collection":[{"href":"http:\/\/dafinoo.eu\/mirmar\/wp-json\/wp\/v2\/product"}],"about":[{"href":"http:\/\/dafinoo.eu\/mirmar\/wp-json\/wp\/v2\/types\/product"}],"replies":[{"embeddable":true,"href":"http:\/\/dafinoo.eu\/mirmar\/wp-json\/wp\/v2\/comments?post=43019"}],"wp:featuredmedia":[{"embeddable":true,"href":"http:\/\/dafinoo.eu\/mirmar\/wp-json\/wp\/v2\/media\/43020"}],"wp:attachment":[{"href":"http:\/\/dafinoo.eu\/mirmar\/wp-json\/wp\/v2\/media?parent=43019"}],"wp:term":[{"taxonomy":"product_cat","embeddable":true,"href":"http:\/\/dafinoo.eu\/mirmar\/wp-json\/wp\/v2\/product_cat?post=43019"},{"taxonomy":"product_tag","embeddable":true,"href":"http:\/\/dafinoo.eu\/mirmar\/wp-json\/wp\/v2\/product_tag?post=43019"}],"curies":[{"name":"wp","href":"https:\/\/api.w.org\/{rel}","templated":true}]}}