{"id":43023,"date":"2022-02-23T14:20:16","date_gmt":"2022-02-23T13:20:16","guid":{"rendered":"http:\/\/dafinoo.eu\/mirmar\/?post_type=product&#038;p=43023"},"modified":"2022-03-15T10:52:25","modified_gmt":"2022-03-15T09:52:25","slug":"heron-8895105-kalove-cerpadlo","status":"publish","type":"product","link":"http:\/\/dafinoo.eu\/mirmar\/obchod\/heron-8895105-kalove-cerpadlo\/","title":{"rendered":"Heron 8895105 Kalov\u00e9 \u010derpadlo"},"content":{"rendered":"<ul>\n<li>\n<div class=\"elementor-element elementor-element-8699c70 ae-woo-tabs-view-horizontal elementor-widget elementor-widget-ae-woo-tabs\" data-id=\"8699c70\" data-element_type=\"widget\" data-widget_type=\"ae-woo-tabs.default\">\n<div class=\"elementor-widget-container\">\n<div class=\"ae-woo-tabs\" role=\"tablist\">\n<div class=\"ae-woo-tabs-content-wrapper\" role=\"tabpanel\">\n<div class=\"ae-woo-tab-content elementor-clearfix\" data-tab=\"1\" data-hashtag=\"description\">\n<p>Robustn\u00e9 \u010derpadlo so zosilnenou kon\u0161trukciou a\u00a0ve\u013ek\u00fdm v\u00fdkonom, ur\u010den\u00e9 pre \u0165a\u017ek\u00e9 nasadenie pri od\u010derp\u00e1van\u00ed silne zne\u010distenej vody z\u00a0v\u00fdkopov, n\u00e1dr\u017e\u00ed, priestorov zatopen\u00fdch pri z\u00e1plav\u00e1ch a\u00a0pod. Umo\u017e\u0148uje \u010derpa\u0165 \u010dist\u00fa aj\u00a0kaln\u00fa vodu s\u00a0obsahom pevn\u00fdch \u010dast\u00edc do\u00a0priemeru 25\u2009mm. Zjednodu\u0161en\u00fd pr\u00edstup k\u00a0obe\u017en\u00e9mu kolesu umo\u017e\u0148uje jednoduch\u00e9 \u010distenie.<\/p>\n<\/div>\n<\/div>\n<\/div>\n<\/div>\n<\/div>\n<section class=\"has_ae_slider elementor-section elementor-inner-section elementor-element elementor-element-062e7d2 elementor-section-boxed elementor-section-height-default elementor-section-height-default ae-bg-gallery-type-default\" data-id=\"062e7d2\" data-element_type=\"section\" data-settings=\"{&quot;background_background&quot;:&quot;classic&quot;}\">\n<div class=\"elementor-container elementor-column-gap-narrow\">\n<div class=\"elementor-row\">\n<div class=\"has_ae_slider elementor-column elementor-col-33 elementor-inner-column elementor-element elementor-element-c51bfeb ae-bg-gallery-type-default\" data-id=\"c51bfeb\" data-element_type=\"column\">\n<div class=\"elementor-column-wrap elementor-element-populated\">\n<div class=\"elementor-widget-wrap\">\n<div class=\"elementor-element elementor-element-c2916f4 elementor-widget__width-auto elementor-widget elementor-widget-ae-custom-field\" data-id=\"c2916f4\" data-element_type=\"widget\" data-widget_type=\"ae-custom-field.default\">\n<div class=\"elementor-widget-container\">\n<div class=\"cf-type-text ae-cf-wrapper\">\n<h3 class=\"ae-element-custom-field\">\u25ba ve\u013ekos\u0165 n\u00e1dr\u017ee umo\u017e\u0148uje 2,5-3 hodiny nepretr\u017eitej prev\u00e1dzky (v z\u00e1vislosti na za\u0165a\u017een\u00ed)<\/h3>\n<\/div>\n<\/div>\n<\/div>\n<div class=\"elementor-element elementor-element-10360f21 elementor-widget__width-auto elementor-widget elementor-widget-ae-custom-field\" data-id=\"10360f21\" data-element_type=\"widget\" data-widget_type=\"ae-custom-field.default\">\n<div class=\"elementor-widget-container\">\n<div class=\"cf-type-text ae-cf-wrapper\">\n<h3 class=\"ae-element-custom-field\">\u25ba praktick\u00fd podvozok pom\u00e1ha r\u00fdchlo prepravi\u0165 \u010derpadlo v ter\u00e9ne na miesto pou\u017eitia<\/h3>\n<\/div>\n<\/div>\n<\/div>\n<\/div>\n<\/div>\n<\/div>\n<div class=\"has_ae_slider elementor-column elementor-col-33 elementor-inner-column elementor-element elementor-element-99f462d ae-bg-gallery-type-default\" data-id=\"99f462d\" data-element_type=\"column\">\n<div class=\"elementor-column-wrap elementor-element-populated\">\n<div class=\"elementor-widget-wrap\">\n<div class=\"elementor-element elementor-element-c9a35fa elementor-widget__width-auto elementor-widget elementor-widget-ae-custom-field\" data-id=\"c9a35fa\" data-element_type=\"widget\" data-widget_type=\"ae-custom-field.default\">\n<div class=\"elementor-widget-container\">\n<div class=\"cf-type-text ae-cf-wrapper\">\n<h3 class=\"ae-element-custom-field\">\u25ba jednoduch\u00e9 zalievanie komory pred spusten\u00edm \u010derpadla<\/h3>\n<\/div>\n<\/div>\n<\/div>\n<div class=\"elementor-element elementor-element-4d9a46a2 elementor-widget__width-auto elementor-widget elementor-widget-ae-custom-field\" data-id=\"4d9a46a2\" data-element_type=\"widget\" data-widget_type=\"ae-custom-field.default\">\n<div class=\"elementor-widget-container\">\n<div class=\"cf-type-text ae-cf-wrapper\">\n<h3 class=\"ae-element-custom-field\">\u25ba ovl\u00e1dacou p\u00e1\u010dkou regul\u00e1cie plynu je mo\u017en\u00e9 plynule nastavi\u0165 r\u00fdchlos\u0165 prietoku<\/h3>\n<\/div>\n<\/div>\n<\/div>\n<\/div>\n<\/div>\n<\/div>\n<div class=\"has_ae_slider elementor-column elementor-col-33 elementor-inner-column elementor-element elementor-element-1938040 ae-bg-gallery-type-default\" data-id=\"1938040\" data-element_type=\"column\">\n<div class=\"elementor-column-wrap elementor-element-populated\">\n<div class=\"elementor-widget-wrap\">\n<div class=\"elementor-element elementor-element-fdeb448 elementor-widget__width-auto elementor-widget elementor-widget-ae-custom-field\" data-id=\"fdeb448\" data-element_type=\"widget\" data-widget_type=\"ae-custom-field.default\">\n<div class=\"elementor-widget-container\">\n<div class=\"cf-type-text ae-cf-wrapper\">\n<h3 class=\"ae-element-custom-field\">\u25ba jednoduch\u00e1 v\u00fdmena svie\u010dky v zapa\u013eovan\u00ed<\/h3>\n<\/div>\n<\/div>\n<\/div>\n<\/div>\n<\/div>\n<\/div>\n<\/div>\n<\/div>\n<\/section>\n<\/li>\n<\/ul>\n","protected":false},"excerpt":{"rendered":"<p>Robustn\u00e9 \u010derpadlo so zosilnenou kon\u0161trukciou a\u00a0ve\u013ek\u00fdm v\u00fdkonom, ur\u010den\u00e9 pre \u0165a\u017ek\u00e9 nasadenie pri od\u010derp\u00e1van\u00ed silne zne\u010distenej vody z\u00a0v\u00fdkopov, n\u00e1dr\u017e\u00ed, priestorov zatopen\u00fdch pri z\u00e1plav\u00e1ch a\u00a0pod. Umo\u017e\u0148uje \u010derpa\u0165 \u010dist\u00fa aj\u00a0kaln\u00fa vodu s\u00a0obsahom pevn\u00fdch \u010dast\u00edc do\u00a0priemeru 25\u2009mm. Zjednodu\u0161en\u00fd pr\u00edstup k\u00a0obe\u017en\u00e9mu kolesu umo\u017e\u0148uje jednoduch\u00e9 \u010distenie. \u25ba ve\u013ekos\u0165 n\u00e1dr\u017ee umo\u017e\u0148uje 2,5-3 hodiny nepretr\u017eitej prev\u00e1dzky (v z\u00e1vislosti na za\u0165a\u017een\u00ed) \u25ba praktick\u00fd podvozok [&hellip;]<\/p>\n","protected":false},"featured_media":43024,"comment_status":"open","ping_status":"closed","template":"","meta":{"_lmt_disableupdate":"","_lmt_disable":""},"product_cat":[3542],"product_tag":[],"class_list":{"0":"post-43023","1":"product","2":"type-product","3":"status-publish","4":"has-post-thumbnail","6":"product_cat-kalove-cerpadlo","7":"ts_product_brand-heron","9":"first","10":"instock","11":"taxable","12":"shipping-taxable","13":"purchasable","14":"product-type-simple"},"yoast_head":"<!-- This site is optimized with the Yoast SEO plugin v27.3 - https:\/\/yoast.com\/product\/yoast-seo-wordpress\/ -->\n<title>Heron 8895105 Kalov\u00e9 \u010derpadlo - MIR-MAR<\/title>\n<meta name=\"robots\" content=\"index, follow, max-snippet:-1, max-image-preview:large, max-video-preview:-1\" \/>\n<link rel=\"canonical\" href=\"http:\/\/dafinoo.eu\/mirmar\/obchod\/heron-8895105-kalove-cerpadlo\/\" \/>\n<meta property=\"og:locale\" content=\"sk_SK\" \/>\n<meta property=\"og:type\" content=\"article\" \/>\n<meta property=\"og:title\" content=\"Heron 8895105 Kalov\u00e9 \u010derpadlo - MIR-MAR\" \/>\n<meta property=\"og:description\" content=\"Robustn\u00e9 \u010derpadlo so zosilnenou kon\u0161trukciou a\u00a0ve\u013ek\u00fdm v\u00fdkonom, ur\u010den\u00e9 pre \u0165a\u017ek\u00e9 nasadenie pri od\u010derp\u00e1van\u00ed silne zne\u010distenej vody z\u00a0v\u00fdkopov, n\u00e1dr\u017e\u00ed, priestorov zatopen\u00fdch pri z\u00e1plav\u00e1ch a\u00a0pod. Umo\u017e\u0148uje \u010derpa\u0165 \u010dist\u00fa aj\u00a0kaln\u00fa vodu s\u00a0obsahom pevn\u00fdch \u010dast\u00edc do\u00a0priemeru 25\u2009mm. Zjednodu\u0161en\u00fd pr\u00edstup k\u00a0obe\u017en\u00e9mu kolesu umo\u017e\u0148uje jednoduch\u00e9 \u010distenie. \u25ba ve\u013ekos\u0165 n\u00e1dr\u017ee umo\u017e\u0148uje 2,5-3 hodiny nepretr\u017eitej prev\u00e1dzky (v z\u00e1vislosti na za\u0165a\u017een\u00ed) \u25ba praktick\u00fd podvozok [&hellip;]\" \/>\n<meta property=\"og:url\" content=\"http:\/\/dafinoo.eu\/mirmar\/obchod\/heron-8895105-kalove-cerpadlo\/\" \/>\n<meta property=\"og:site_name\" content=\"MIR-MAR\" \/>\n<meta property=\"article:publisher\" content=\"https:\/\/facebook.com\/mirmareshop\" \/>\n<meta property=\"article:modified_time\" content=\"2022-03-15T09:52:25+00:00\" \/>\n<meta property=\"og:image\" content=\"http:\/\/dafinoo.eu\/mirmar\/wp-content\/uploads\/2022\/02\/8895105.jpg\" \/>\n\t<meta property=\"og:image:width\" content=\"800\" \/>\n\t<meta property=\"og:image:height\" content=\"600\" \/>\n\t<meta property=\"og:image:type\" content=\"image\/jpeg\" \/>\n<meta name=\"twitter:label1\" content=\"Predpokladan\u00fd \u010das \u010d\u00edtania\" \/>\n\t<meta name=\"twitter:data1\" content=\"1 min\u00fata\" \/>\n<script type=\"application\/ld+json\" class=\"yoast-schema-graph\">{\"@context\":\"https:\\\/\\\/schema.org\",\"@graph\":[{\"@type\":\"WebPage\",\"@id\":\"http:\\\/\\\/dafinoo.eu\\\/mirmar\\\/obchod\\\/heron-8895105-kalove-cerpadlo\\\/\",\"url\":\"http:\\\/\\\/dafinoo.eu\\\/mirmar\\\/obchod\\\/heron-8895105-kalove-cerpadlo\\\/\",\"name\":\"Heron 8895105 Kalov\u00e9 \u010derpadlo - MIR-MAR\",\"isPartOf\":{\"@id\":\"http:\\\/\\\/dafinoo.eu\\\/mirmar\\\/#website\"},\"primaryImageOfPage\":{\"@id\":\"http:\\\/\\\/dafinoo.eu\\\/mirmar\\\/obchod\\\/heron-8895105-kalove-cerpadlo\\\/#primaryimage\"},\"image\":{\"@id\":\"http:\\\/\\\/dafinoo.eu\\\/mirmar\\\/obchod\\\/heron-8895105-kalove-cerpadlo\\\/#primaryimage\"},\"thumbnailUrl\":\"http:\\\/\\\/dafinoo.eu\\\/mirmar\\\/wp-content\\\/uploads\\\/2022\\\/02\\\/8895105.jpg\",\"datePublished\":\"2022-02-23T13:20:16+00:00\",\"dateModified\":\"2022-03-15T09:52:25+00:00\",\"breadcrumb\":{\"@id\":\"http:\\\/\\\/dafinoo.eu\\\/mirmar\\\/obchod\\\/heron-8895105-kalove-cerpadlo\\\/#breadcrumb\"},\"inLanguage\":\"sk-SK\",\"potentialAction\":[{\"@type\":\"ReadAction\",\"target\":[\"http:\\\/\\\/dafinoo.eu\\\/mirmar\\\/obchod\\\/heron-8895105-kalove-cerpadlo\\\/\"]}]},{\"@type\":\"ImageObject\",\"inLanguage\":\"sk-SK\",\"@id\":\"http:\\\/\\\/dafinoo.eu\\\/mirmar\\\/obchod\\\/heron-8895105-kalove-cerpadlo\\\/#primaryimage\",\"url\":\"http:\\\/\\\/dafinoo.eu\\\/mirmar\\\/wp-content\\\/uploads\\\/2022\\\/02\\\/8895105.jpg\",\"contentUrl\":\"http:\\\/\\\/dafinoo.eu\\\/mirmar\\\/wp-content\\\/uploads\\\/2022\\\/02\\\/8895105.jpg\",\"width\":800,\"height\":600},{\"@type\":\"BreadcrumbList\",\"@id\":\"http:\\\/\\\/dafinoo.eu\\\/mirmar\\\/obchod\\\/heron-8895105-kalove-cerpadlo\\\/#breadcrumb\",\"itemListElement\":[{\"@type\":\"ListItem\",\"position\":1,\"name\":\"Domovsk\u00e1 str\u00e1nka\",\"item\":\"http:\\\/\\\/dafinoo.eu\\\/mirmar\\\/\"},{\"@type\":\"ListItem\",\"position\":2,\"name\":\"Obchod\",\"item\":\"http:\\\/\\\/dafinoo.eu\\\/mirmar\\\/obchod\\\/\"},{\"@type\":\"ListItem\",\"position\":3,\"name\":\"Heron 8895105 Kalov\u00e9 \u010derpadlo\"}]},{\"@type\":\"WebSite\",\"@id\":\"http:\\\/\\\/dafinoo.eu\\\/mirmar\\\/#website\",\"url\":\"http:\\\/\\\/dafinoo.eu\\\/mirmar\\\/\",\"name\":\"MIR-MAR\",\"description\":\"Eshop s n\u00e1rad\u00edm\",\"publisher\":{\"@id\":\"http:\\\/\\\/dafinoo.eu\\\/mirmar\\\/#organization\"},\"potentialAction\":[{\"@type\":\"SearchAction\",\"target\":{\"@type\":\"EntryPoint\",\"urlTemplate\":\"http:\\\/\\\/dafinoo.eu\\\/mirmar\\\/?s={search_term_string}\"},\"query-input\":{\"@type\":\"PropertyValueSpecification\",\"valueRequired\":true,\"valueName\":\"search_term_string\"}}],\"inLanguage\":\"sk-SK\"},{\"@type\":\"Organization\",\"@id\":\"http:\\\/\\\/dafinoo.eu\\\/mirmar\\\/#organization\",\"name\":\"MIR-MAR\",\"url\":\"http:\\\/\\\/dafinoo.eu\\\/mirmar\\\/\",\"logo\":{\"@type\":\"ImageObject\",\"inLanguage\":\"sk-SK\",\"@id\":\"http:\\\/\\\/dafinoo.eu\\\/mirmar\\\/#\\\/schema\\\/logo\\\/image\\\/\",\"url\":\"http:\\\/\\\/dafinoo.eu\\\/mirmar\\\/wp-content\\\/uploads\\\/2021\\\/03\\\/mirmar_logo.png\",\"contentUrl\":\"http:\\\/\\\/dafinoo.eu\\\/mirmar\\\/wp-content\\\/uploads\\\/2021\\\/03\\\/mirmar_logo.png\",\"width\":256,\"height\":60,\"caption\":\"MIR-MAR\"},\"image\":{\"@id\":\"http:\\\/\\\/dafinoo.eu\\\/mirmar\\\/#\\\/schema\\\/logo\\\/image\\\/\"},\"sameAs\":[\"https:\\\/\\\/facebook.com\\\/mirmareshop\"]}]}<\/script>\n<!-- \/ Yoast SEO plugin. -->","yoast_head_json":{"title":"Heron 8895105 Kalov\u00e9 \u010derpadlo - MIR-MAR","robots":{"index":"index","follow":"follow","max-snippet":"max-snippet:-1","max-image-preview":"max-image-preview:large","max-video-preview":"max-video-preview:-1"},"canonical":"http:\/\/dafinoo.eu\/mirmar\/obchod\/heron-8895105-kalove-cerpadlo\/","og_locale":"sk_SK","og_type":"article","og_title":"Heron 8895105 Kalov\u00e9 \u010derpadlo - MIR-MAR","og_description":"Robustn\u00e9 \u010derpadlo so zosilnenou kon\u0161trukciou a\u00a0ve\u013ek\u00fdm v\u00fdkonom, ur\u010den\u00e9 pre \u0165a\u017ek\u00e9 nasadenie pri od\u010derp\u00e1van\u00ed silne zne\u010distenej vody z\u00a0v\u00fdkopov, n\u00e1dr\u017e\u00ed, priestorov zatopen\u00fdch pri z\u00e1plav\u00e1ch a\u00a0pod. Umo\u017e\u0148uje \u010derpa\u0165 \u010dist\u00fa aj\u00a0kaln\u00fa vodu s\u00a0obsahom pevn\u00fdch \u010dast\u00edc do\u00a0priemeru 25\u2009mm. Zjednodu\u0161en\u00fd pr\u00edstup k\u00a0obe\u017en\u00e9mu kolesu umo\u017e\u0148uje jednoduch\u00e9 \u010distenie. \u25ba ve\u013ekos\u0165 n\u00e1dr\u017ee umo\u017e\u0148uje 2,5-3 hodiny nepretr\u017eitej prev\u00e1dzky (v z\u00e1vislosti na za\u0165a\u017een\u00ed) \u25ba praktick\u00fd podvozok [&hellip;]","og_url":"http:\/\/dafinoo.eu\/mirmar\/obchod\/heron-8895105-kalove-cerpadlo\/","og_site_name":"MIR-MAR","article_publisher":"https:\/\/facebook.com\/mirmareshop","article_modified_time":"2022-03-15T09:52:25+00:00","og_image":[{"width":800,"height":600,"url":"http:\/\/dafinoo.eu\/mirmar\/wp-content\/uploads\/2022\/02\/8895105.jpg","type":"image\/jpeg"}],"twitter_misc":{"Predpokladan\u00fd \u010das \u010d\u00edtania":"1 min\u00fata"},"schema":{"@context":"https:\/\/schema.org","@graph":[{"@type":"WebPage","@id":"http:\/\/dafinoo.eu\/mirmar\/obchod\/heron-8895105-kalove-cerpadlo\/","url":"http:\/\/dafinoo.eu\/mirmar\/obchod\/heron-8895105-kalove-cerpadlo\/","name":"Heron 8895105 Kalov\u00e9 \u010derpadlo - MIR-MAR","isPartOf":{"@id":"http:\/\/dafinoo.eu\/mirmar\/#website"},"primaryImageOfPage":{"@id":"http:\/\/dafinoo.eu\/mirmar\/obchod\/heron-8895105-kalove-cerpadlo\/#primaryimage"},"image":{"@id":"http:\/\/dafinoo.eu\/mirmar\/obchod\/heron-8895105-kalove-cerpadlo\/#primaryimage"},"thumbnailUrl":"http:\/\/dafinoo.eu\/mirmar\/wp-content\/uploads\/2022\/02\/8895105.jpg","datePublished":"2022-02-23T13:20:16+00:00","dateModified":"2022-03-15T09:52:25+00:00","breadcrumb":{"@id":"http:\/\/dafinoo.eu\/mirmar\/obchod\/heron-8895105-kalove-cerpadlo\/#breadcrumb"},"inLanguage":"sk-SK","potentialAction":[{"@type":"ReadAction","target":["http:\/\/dafinoo.eu\/mirmar\/obchod\/heron-8895105-kalove-cerpadlo\/"]}]},{"@type":"ImageObject","inLanguage":"sk-SK","@id":"http:\/\/dafinoo.eu\/mirmar\/obchod\/heron-8895105-kalove-cerpadlo\/#primaryimage","url":"http:\/\/dafinoo.eu\/mirmar\/wp-content\/uploads\/2022\/02\/8895105.jpg","contentUrl":"http:\/\/dafinoo.eu\/mirmar\/wp-content\/uploads\/2022\/02\/8895105.jpg","width":800,"height":600},{"@type":"BreadcrumbList","@id":"http:\/\/dafinoo.eu\/mirmar\/obchod\/heron-8895105-kalove-cerpadlo\/#breadcrumb","itemListElement":[{"@type":"ListItem","position":1,"name":"Domovsk\u00e1 str\u00e1nka","item":"http:\/\/dafinoo.eu\/mirmar\/"},{"@type":"ListItem","position":2,"name":"Obchod","item":"http:\/\/dafinoo.eu\/mirmar\/obchod\/"},{"@type":"ListItem","position":3,"name":"Heron 8895105 Kalov\u00e9 \u010derpadlo"}]},{"@type":"WebSite","@id":"http:\/\/dafinoo.eu\/mirmar\/#website","url":"http:\/\/dafinoo.eu\/mirmar\/","name":"MIR-MAR","description":"Eshop s n\u00e1rad\u00edm","publisher":{"@id":"http:\/\/dafinoo.eu\/mirmar\/#organization"},"potentialAction":[{"@type":"SearchAction","target":{"@type":"EntryPoint","urlTemplate":"http:\/\/dafinoo.eu\/mirmar\/?s={search_term_string}"},"query-input":{"@type":"PropertyValueSpecification","valueRequired":true,"valueName":"search_term_string"}}],"inLanguage":"sk-SK"},{"@type":"Organization","@id":"http:\/\/dafinoo.eu\/mirmar\/#organization","name":"MIR-MAR","url":"http:\/\/dafinoo.eu\/mirmar\/","logo":{"@type":"ImageObject","inLanguage":"sk-SK","@id":"http:\/\/dafinoo.eu\/mirmar\/#\/schema\/logo\/image\/","url":"http:\/\/dafinoo.eu\/mirmar\/wp-content\/uploads\/2021\/03\/mirmar_logo.png","contentUrl":"http:\/\/dafinoo.eu\/mirmar\/wp-content\/uploads\/2021\/03\/mirmar_logo.png","width":256,"height":60,"caption":"MIR-MAR"},"image":{"@id":"http:\/\/dafinoo.eu\/mirmar\/#\/schema\/logo\/image\/"},"sameAs":["https:\/\/facebook.com\/mirmareshop"]}]}},"_links":{"self":[{"href":"http:\/\/dafinoo.eu\/mirmar\/wp-json\/wp\/v2\/product\/43023","targetHints":{"allow":["GET"]}}],"collection":[{"href":"http:\/\/dafinoo.eu\/mirmar\/wp-json\/wp\/v2\/product"}],"about":[{"href":"http:\/\/dafinoo.eu\/mirmar\/wp-json\/wp\/v2\/types\/product"}],"replies":[{"embeddable":true,"href":"http:\/\/dafinoo.eu\/mirmar\/wp-json\/wp\/v2\/comments?post=43023"}],"wp:featuredmedia":[{"embeddable":true,"href":"http:\/\/dafinoo.eu\/mirmar\/wp-json\/wp\/v2\/media\/43024"}],"wp:attachment":[{"href":"http:\/\/dafinoo.eu\/mirmar\/wp-json\/wp\/v2\/media?parent=43023"}],"wp:term":[{"taxonomy":"product_cat","embeddable":true,"href":"http:\/\/dafinoo.eu\/mirmar\/wp-json\/wp\/v2\/product_cat?post=43023"},{"taxonomy":"product_tag","embeddable":true,"href":"http:\/\/dafinoo.eu\/mirmar\/wp-json\/wp\/v2\/product_tag?post=43023"}],"curies":[{"name":"wp","href":"https:\/\/api.w.org\/{rel}","templated":true}]}}