{"id":43080,"date":"2022-06-10T11:01:02","date_gmt":"2022-06-10T09:01:02","guid":{"rendered":"http:\/\/dafinoo.eu\/mirmar\/?post_type=product&#038;p=43080"},"modified":"2022-06-10T11:03:41","modified_gmt":"2022-06-10T09:03:41","slug":"dolmar-ps-350-sc-35","status":"publish","type":"product","link":"http:\/\/dafinoo.eu\/mirmar\/obchod\/dolmar-ps-350-sc-35\/","title":{"rendered":"Dolmar PS-350 SC-35"},"content":{"rendered":"<div class=\"woocommerce-product-details__short-description\">\n<p>Benz\u00ednov\u00e1 motorov\u00e1 p\u00edla triedy \u201ehobby\u201c s katalyz\u00e1torom pre rezanie priemerov 10-20 cm. Katalyz\u00e1tor zni\u017euje obsah \u0161kodliv\u00edn vo v\u00fdfukov\u00fdch plynoch a sp\u013a\u0148a eur\u00f3pske emisn\u00e9 smernice.<\/p>\n<p>V\u00fdkon: 1,7 kW \/ 2,3 PS<br \/>\nObsah: 35 cm3<br \/>\nN\u00e1dr\u017e \u2013 palivo: 0,4 l<br \/>\nN\u00e1dr\u017e \u2013 re\u0165az. olej: 0,29 l<br \/>\nD\u013a\u017eka li\u0161ty: 35 cm<br \/>\nDelenie re\u0165aze: 3,8\u2033<br \/>\nModel re\u0165aze: 492<br \/>\nHmotnos\u0165: 4,4 kg<br \/>\nPalivov\u00e1 zmes (benz\u00edn bezolovnat\u00fd so \u0161peci\u00e1lnym olejom Dolmar pre 2-taktn\u00e9 motory ) v pomere: 1:50<\/p>\n<\/div>\n","protected":false},"excerpt":{"rendered":"<p>Benz\u00ednov\u00e1 motorov\u00e1 p\u00edla triedy \u201ehobby\u201c s katalyz\u00e1torom pre rezanie priemerov 10-20 cm. Katalyz\u00e1tor zni\u017euje obsah \u0161kodliv\u00edn vo v\u00fdfukov\u00fdch plynoch a sp\u013a\u0148a eur\u00f3pske emisn\u00e9 smernice. V\u00fdkon: 1,7 kW \/ 2,3 PS Obsah: 35 cm3 N\u00e1dr\u017e \u2013 palivo: 0,4 l N\u00e1dr\u017e \u2013 re\u0165az. olej: 0,29 l D\u013a\u017eka li\u0161ty: 35 cm Delenie re\u0165aze: 3,8\u2033 Model re\u0165aze: 492 Hmotnos\u0165: [&hellip;]<\/p>\n","protected":false},"featured_media":43083,"comment_status":"open","ping_status":"closed","template":"","meta":{"_lmt_disableupdate":"","_lmt_disable":""},"product_cat":[3158,3159,3160,3161],"product_tag":[],"class_list":{"0":"post-43080","1":"product","2":"type-product","3":"status-publish","4":"has-post-thumbnail","6":"product_cat-dolmar","7":"product_cat-dolmar-naradie","8":"product_cat-retazove-pily","9":"product_cat-motorove","10":"ts_product_brand-dolmar","12":"first","13":"instock","14":"taxable","15":"shipping-taxable","16":"purchasable","17":"product-type-simple"},"yoast_head":"<!-- This site is optimized with the Yoast SEO plugin v27.3 - https:\/\/yoast.com\/product\/yoast-seo-wordpress\/ -->\n<title>Dolmar PS-350 SC-35 - MIR-MAR<\/title>\n<meta name=\"robots\" content=\"index, follow, max-snippet:-1, max-image-preview:large, max-video-preview:-1\" \/>\n<link rel=\"canonical\" href=\"http:\/\/dafinoo.eu\/mirmar\/obchod\/dolmar-ps-350-sc-35\/\" \/>\n<meta property=\"og:locale\" content=\"sk_SK\" \/>\n<meta property=\"og:type\" content=\"article\" \/>\n<meta property=\"og:title\" content=\"Dolmar PS-350 SC-35 - MIR-MAR\" \/>\n<meta property=\"og:description\" content=\"Benz\u00ednov\u00e1 motorov\u00e1 p\u00edla triedy \u201ehobby\u201c s katalyz\u00e1torom pre rezanie priemerov 10-20 cm. Katalyz\u00e1tor zni\u017euje obsah \u0161kodliv\u00edn vo v\u00fdfukov\u00fdch plynoch a sp\u013a\u0148a eur\u00f3pske emisn\u00e9 smernice. V\u00fdkon: 1,7 kW \/ 2,3 PS Obsah: 35 cm3 N\u00e1dr\u017e \u2013 palivo: 0,4 l N\u00e1dr\u017e \u2013 re\u0165az. olej: 0,29 l D\u013a\u017eka li\u0161ty: 35 cm Delenie re\u0165aze: 3,8\u2033 Model re\u0165aze: 492 Hmotnos\u0165: [&hellip;]\" \/>\n<meta property=\"og:url\" content=\"http:\/\/dafinoo.eu\/mirmar\/obchod\/dolmar-ps-350-sc-35\/\" \/>\n<meta property=\"og:site_name\" content=\"MIR-MAR\" \/>\n<meta property=\"article:publisher\" content=\"https:\/\/facebook.com\/mirmareshop\" \/>\n<meta property=\"article:modified_time\" content=\"2022-06-10T09:03:41+00:00\" \/>\n<meta property=\"og:image\" content=\"http:\/\/dafinoo.eu\/mirmar\/wp-content\/uploads\/2022\/06\/13116_3-1.jpg\" \/>\n\t<meta property=\"og:image:width\" content=\"570\" \/>\n\t<meta property=\"og:image:height\" content=\"570\" \/>\n\t<meta property=\"og:image:type\" content=\"image\/jpeg\" \/>\n<script type=\"application\/ld+json\" class=\"yoast-schema-graph\">{\"@context\":\"https:\\\/\\\/schema.org\",\"@graph\":[{\"@type\":\"WebPage\",\"@id\":\"http:\\\/\\\/dafinoo.eu\\\/mirmar\\\/obchod\\\/dolmar-ps-350-sc-35\\\/\",\"url\":\"http:\\\/\\\/dafinoo.eu\\\/mirmar\\\/obchod\\\/dolmar-ps-350-sc-35\\\/\",\"name\":\"Dolmar PS-350 SC-35 - MIR-MAR\",\"isPartOf\":{\"@id\":\"http:\\\/\\\/dafinoo.eu\\\/mirmar\\\/#website\"},\"primaryImageOfPage\":{\"@id\":\"http:\\\/\\\/dafinoo.eu\\\/mirmar\\\/obchod\\\/dolmar-ps-350-sc-35\\\/#primaryimage\"},\"image\":{\"@id\":\"http:\\\/\\\/dafinoo.eu\\\/mirmar\\\/obchod\\\/dolmar-ps-350-sc-35\\\/#primaryimage\"},\"thumbnailUrl\":\"http:\\\/\\\/dafinoo.eu\\\/mirmar\\\/wp-content\\\/uploads\\\/2022\\\/06\\\/13116_3-1.jpg\",\"datePublished\":\"2022-06-10T09:01:02+00:00\",\"dateModified\":\"2022-06-10T09:03:41+00:00\",\"breadcrumb\":{\"@id\":\"http:\\\/\\\/dafinoo.eu\\\/mirmar\\\/obchod\\\/dolmar-ps-350-sc-35\\\/#breadcrumb\"},\"inLanguage\":\"sk-SK\",\"potentialAction\":[{\"@type\":\"ReadAction\",\"target\":[\"http:\\\/\\\/dafinoo.eu\\\/mirmar\\\/obchod\\\/dolmar-ps-350-sc-35\\\/\"]}]},{\"@type\":\"ImageObject\",\"inLanguage\":\"sk-SK\",\"@id\":\"http:\\\/\\\/dafinoo.eu\\\/mirmar\\\/obchod\\\/dolmar-ps-350-sc-35\\\/#primaryimage\",\"url\":\"http:\\\/\\\/dafinoo.eu\\\/mirmar\\\/wp-content\\\/uploads\\\/2022\\\/06\\\/13116_3-1.jpg\",\"contentUrl\":\"http:\\\/\\\/dafinoo.eu\\\/mirmar\\\/wp-content\\\/uploads\\\/2022\\\/06\\\/13116_3-1.jpg\",\"width\":570,\"height\":570},{\"@type\":\"BreadcrumbList\",\"@id\":\"http:\\\/\\\/dafinoo.eu\\\/mirmar\\\/obchod\\\/dolmar-ps-350-sc-35\\\/#breadcrumb\",\"itemListElement\":[{\"@type\":\"ListItem\",\"position\":1,\"name\":\"Domovsk\u00e1 str\u00e1nka\",\"item\":\"http:\\\/\\\/dafinoo.eu\\\/mirmar\\\/\"},{\"@type\":\"ListItem\",\"position\":2,\"name\":\"Obchod\",\"item\":\"http:\\\/\\\/dafinoo.eu\\\/mirmar\\\/obchod\\\/\"},{\"@type\":\"ListItem\",\"position\":3,\"name\":\"Dolmar PS-350 SC-35\"}]},{\"@type\":\"WebSite\",\"@id\":\"http:\\\/\\\/dafinoo.eu\\\/mirmar\\\/#website\",\"url\":\"http:\\\/\\\/dafinoo.eu\\\/mirmar\\\/\",\"name\":\"MIR-MAR\",\"description\":\"Eshop s n\u00e1rad\u00edm\",\"publisher\":{\"@id\":\"http:\\\/\\\/dafinoo.eu\\\/mirmar\\\/#organization\"},\"potentialAction\":[{\"@type\":\"SearchAction\",\"target\":{\"@type\":\"EntryPoint\",\"urlTemplate\":\"http:\\\/\\\/dafinoo.eu\\\/mirmar\\\/?s={search_term_string}\"},\"query-input\":{\"@type\":\"PropertyValueSpecification\",\"valueRequired\":true,\"valueName\":\"search_term_string\"}}],\"inLanguage\":\"sk-SK\"},{\"@type\":\"Organization\",\"@id\":\"http:\\\/\\\/dafinoo.eu\\\/mirmar\\\/#organization\",\"name\":\"MIR-MAR\",\"url\":\"http:\\\/\\\/dafinoo.eu\\\/mirmar\\\/\",\"logo\":{\"@type\":\"ImageObject\",\"inLanguage\":\"sk-SK\",\"@id\":\"http:\\\/\\\/dafinoo.eu\\\/mirmar\\\/#\\\/schema\\\/logo\\\/image\\\/\",\"url\":\"http:\\\/\\\/dafinoo.eu\\\/mirmar\\\/wp-content\\\/uploads\\\/2021\\\/03\\\/mirmar_logo.png\",\"contentUrl\":\"http:\\\/\\\/dafinoo.eu\\\/mirmar\\\/wp-content\\\/uploads\\\/2021\\\/03\\\/mirmar_logo.png\",\"width\":256,\"height\":60,\"caption\":\"MIR-MAR\"},\"image\":{\"@id\":\"http:\\\/\\\/dafinoo.eu\\\/mirmar\\\/#\\\/schema\\\/logo\\\/image\\\/\"},\"sameAs\":[\"https:\\\/\\\/facebook.com\\\/mirmareshop\"]}]}<\/script>\n<!-- \/ Yoast SEO plugin. -->","yoast_head_json":{"title":"Dolmar PS-350 SC-35 - MIR-MAR","robots":{"index":"index","follow":"follow","max-snippet":"max-snippet:-1","max-image-preview":"max-image-preview:large","max-video-preview":"max-video-preview:-1"},"canonical":"http:\/\/dafinoo.eu\/mirmar\/obchod\/dolmar-ps-350-sc-35\/","og_locale":"sk_SK","og_type":"article","og_title":"Dolmar PS-350 SC-35 - MIR-MAR","og_description":"Benz\u00ednov\u00e1 motorov\u00e1 p\u00edla triedy \u201ehobby\u201c s katalyz\u00e1torom pre rezanie priemerov 10-20 cm. Katalyz\u00e1tor zni\u017euje obsah \u0161kodliv\u00edn vo v\u00fdfukov\u00fdch plynoch a sp\u013a\u0148a eur\u00f3pske emisn\u00e9 smernice. V\u00fdkon: 1,7 kW \/ 2,3 PS Obsah: 35 cm3 N\u00e1dr\u017e \u2013 palivo: 0,4 l N\u00e1dr\u017e \u2013 re\u0165az. olej: 0,29 l D\u013a\u017eka li\u0161ty: 35 cm Delenie re\u0165aze: 3,8\u2033 Model re\u0165aze: 492 Hmotnos\u0165: [&hellip;]","og_url":"http:\/\/dafinoo.eu\/mirmar\/obchod\/dolmar-ps-350-sc-35\/","og_site_name":"MIR-MAR","article_publisher":"https:\/\/facebook.com\/mirmareshop","article_modified_time":"2022-06-10T09:03:41+00:00","og_image":[{"width":570,"height":570,"url":"http:\/\/dafinoo.eu\/mirmar\/wp-content\/uploads\/2022\/06\/13116_3-1.jpg","type":"image\/jpeg"}],"schema":{"@context":"https:\/\/schema.org","@graph":[{"@type":"WebPage","@id":"http:\/\/dafinoo.eu\/mirmar\/obchod\/dolmar-ps-350-sc-35\/","url":"http:\/\/dafinoo.eu\/mirmar\/obchod\/dolmar-ps-350-sc-35\/","name":"Dolmar PS-350 SC-35 - MIR-MAR","isPartOf":{"@id":"http:\/\/dafinoo.eu\/mirmar\/#website"},"primaryImageOfPage":{"@id":"http:\/\/dafinoo.eu\/mirmar\/obchod\/dolmar-ps-350-sc-35\/#primaryimage"},"image":{"@id":"http:\/\/dafinoo.eu\/mirmar\/obchod\/dolmar-ps-350-sc-35\/#primaryimage"},"thumbnailUrl":"http:\/\/dafinoo.eu\/mirmar\/wp-content\/uploads\/2022\/06\/13116_3-1.jpg","datePublished":"2022-06-10T09:01:02+00:00","dateModified":"2022-06-10T09:03:41+00:00","breadcrumb":{"@id":"http:\/\/dafinoo.eu\/mirmar\/obchod\/dolmar-ps-350-sc-35\/#breadcrumb"},"inLanguage":"sk-SK","potentialAction":[{"@type":"ReadAction","target":["http:\/\/dafinoo.eu\/mirmar\/obchod\/dolmar-ps-350-sc-35\/"]}]},{"@type":"ImageObject","inLanguage":"sk-SK","@id":"http:\/\/dafinoo.eu\/mirmar\/obchod\/dolmar-ps-350-sc-35\/#primaryimage","url":"http:\/\/dafinoo.eu\/mirmar\/wp-content\/uploads\/2022\/06\/13116_3-1.jpg","contentUrl":"http:\/\/dafinoo.eu\/mirmar\/wp-content\/uploads\/2022\/06\/13116_3-1.jpg","width":570,"height":570},{"@type":"BreadcrumbList","@id":"http:\/\/dafinoo.eu\/mirmar\/obchod\/dolmar-ps-350-sc-35\/#breadcrumb","itemListElement":[{"@type":"ListItem","position":1,"name":"Domovsk\u00e1 str\u00e1nka","item":"http:\/\/dafinoo.eu\/mirmar\/"},{"@type":"ListItem","position":2,"name":"Obchod","item":"http:\/\/dafinoo.eu\/mirmar\/obchod\/"},{"@type":"ListItem","position":3,"name":"Dolmar PS-350 SC-35"}]},{"@type":"WebSite","@id":"http:\/\/dafinoo.eu\/mirmar\/#website","url":"http:\/\/dafinoo.eu\/mirmar\/","name":"MIR-MAR","description":"Eshop s n\u00e1rad\u00edm","publisher":{"@id":"http:\/\/dafinoo.eu\/mirmar\/#organization"},"potentialAction":[{"@type":"SearchAction","target":{"@type":"EntryPoint","urlTemplate":"http:\/\/dafinoo.eu\/mirmar\/?s={search_term_string}"},"query-input":{"@type":"PropertyValueSpecification","valueRequired":true,"valueName":"search_term_string"}}],"inLanguage":"sk-SK"},{"@type":"Organization","@id":"http:\/\/dafinoo.eu\/mirmar\/#organization","name":"MIR-MAR","url":"http:\/\/dafinoo.eu\/mirmar\/","logo":{"@type":"ImageObject","inLanguage":"sk-SK","@id":"http:\/\/dafinoo.eu\/mirmar\/#\/schema\/logo\/image\/","url":"http:\/\/dafinoo.eu\/mirmar\/wp-content\/uploads\/2021\/03\/mirmar_logo.png","contentUrl":"http:\/\/dafinoo.eu\/mirmar\/wp-content\/uploads\/2021\/03\/mirmar_logo.png","width":256,"height":60,"caption":"MIR-MAR"},"image":{"@id":"http:\/\/dafinoo.eu\/mirmar\/#\/schema\/logo\/image\/"},"sameAs":["https:\/\/facebook.com\/mirmareshop"]}]}},"_links":{"self":[{"href":"http:\/\/dafinoo.eu\/mirmar\/wp-json\/wp\/v2\/product\/43080","targetHints":{"allow":["GET"]}}],"collection":[{"href":"http:\/\/dafinoo.eu\/mirmar\/wp-json\/wp\/v2\/product"}],"about":[{"href":"http:\/\/dafinoo.eu\/mirmar\/wp-json\/wp\/v2\/types\/product"}],"replies":[{"embeddable":true,"href":"http:\/\/dafinoo.eu\/mirmar\/wp-json\/wp\/v2\/comments?post=43080"}],"wp:featuredmedia":[{"embeddable":true,"href":"http:\/\/dafinoo.eu\/mirmar\/wp-json\/wp\/v2\/media\/43083"}],"wp:attachment":[{"href":"http:\/\/dafinoo.eu\/mirmar\/wp-json\/wp\/v2\/media?parent=43080"}],"wp:term":[{"taxonomy":"product_cat","embeddable":true,"href":"http:\/\/dafinoo.eu\/mirmar\/wp-json\/wp\/v2\/product_cat?post=43080"},{"taxonomy":"product_tag","embeddable":true,"href":"http:\/\/dafinoo.eu\/mirmar\/wp-json\/wp\/v2\/product_tag?post=43080"}],"curies":[{"name":"wp","href":"https:\/\/api.w.org\/{rel}","templated":true}]}}