{"id":43089,"date":"2022-06-13T09:38:56","date_gmt":"2022-06-13T07:38:56","guid":{"rendered":"http:\/\/dafinoo.eu\/mirmar\/?post_type=product&#038;p=43089"},"modified":"2022-06-13T09:39:52","modified_gmt":"2022-06-13T07:39:52","slug":"makita-tw007gm201","status":"publish","type":"product","link":"http:\/\/dafinoo.eu\/mirmar\/obchod\/makita-tw007gm201\/","title":{"rendered":"Makita TW007GM201"},"content":{"rendered":"<table class=\"table table-striped\">\n<tbody>\n<tr>\n<td>Menovit\u00e9 nap\u00e4tie bat\u00e9rie<\/td>\n<td>40 V max<\/td>\n<\/tr>\n<tr>\n<td>Typ bat\u00e9rie<\/td>\n<td>Li-ion<\/td>\n<\/tr>\n<tr>\n<td>BL motor<\/td>\n<td><\/td>\n<\/tr>\n<tr>\n<td>Ot\u00e1\u010dky napr\u00e1zdno 1. stupe\u0148<\/td>\n<td>0 &#8211; 600 min<sup>-1<\/sup><\/td>\n<\/tr>\n<tr>\n<td>Ot\u00e1\u010dky napr\u00e1zdno 2. stupe\u0148<\/td>\n<td>0 &#8211; 1200 min<sup>-1<\/sup><\/td>\n<\/tr>\n<tr>\n<td>Ot\u00e1\u010dky napr\u00e1zdno 3. stupe\u0148<\/td>\n<td>0 &#8211; 1900 min<sup>-1<\/sup><\/td>\n<\/tr>\n<tr>\n<td>Ot\u00e1\u010dky napr\u00e1zdno 4. stupe\u0148<\/td>\n<td>0 &#8211; 2300 min<sup>-1<\/sup><\/td>\n<\/tr>\n<tr>\n<td>Po\u010det \u00faderov napr\u00e1zdno 1. stupe\u0148<\/td>\n<td>0 &#8211; 1200 min<sup>-1<\/sup><\/td>\n<\/tr>\n<tr>\n<td>Po\u010det \u00faderov napr\u00e1zdno 2. stupe\u0148<\/td>\n<td>0 &#8211; 1900 min<sup>-1<\/sup><\/td>\n<\/tr>\n<tr>\n<td>Po\u010det \u00faderov napr\u00e1zdno 3. stupe\u0148<\/td>\n<td>0 &#8211; 2700 min<sup>-1<\/sup><\/td>\n<\/tr>\n<tr>\n<td>Po\u010det \u00faderov napr\u00e1zdno 4. stupe\u0148<\/td>\n<td>0 &#8211; 2900 min<sup>-1<\/sup><\/td>\n<\/tr>\n<tr>\n<td>Maxim\u00e1lny kr\u00fatiaci moment<\/td>\n<td>760 Nm<\/td>\n<\/tr>\n<tr>\n<td>\u0160tandardn\u00e9 skrutky<\/td>\n<td>M 24<\/td>\n<\/tr>\n<tr>\n<td>Skrutky s vysokou pevnos\u0165ou<\/td>\n<td>M 16<\/td>\n<\/tr>\n<tr>\n<td>Dr\u017eiak n\u00e1radia<\/td>\n<td>1\/2 &#8220;<\/td>\n<\/tr>\n<tr>\n<td>Triax. hodnota vibr\u00e1ci\u00ed (a <sub>h<\/sub>)<\/td>\n<td>16,5 m\/s\u00b2<\/td>\n<\/tr>\n<tr>\n<td>Faktor neistoty vibr\u00e1ci\u00ed (K)<\/td>\n<td>1,5 m\/s\u00b2<\/td>\n<\/tr>\n<tr>\n<td>Hladina akustick\u00e9ho v\u00fdkonu (L<sub>WA<\/sub>)<\/td>\n<td>110 dB (A)<\/td>\n<\/tr>\n<tr>\n<td>Hladina akustick\u00e9ho tlaku (L <sub>pA<\/sub>)<\/td>\n<td>99 dB (A)<\/td>\n<\/tr>\n<tr>\n<td>Faktor akustickej neistoty (K)<\/td>\n<td>3 dB (A)<\/td>\n<\/tr>\n<tr>\n<td>Rozmery (D x \u0160 x V)<\/td>\n<td>170 x 86 x 285 mm<\/td>\n<\/tr>\n<tr>\n<td>Hmotnos\u0165 (EPTA)<\/td>\n<td>2,7 &#8211; 3,3 kg<\/td>\n<\/tr>\n<\/tbody>\n<\/table>\n","protected":false},"excerpt":{"rendered":"<p>Menovit\u00e9 nap\u00e4tie bat\u00e9rie 40 V max Typ bat\u00e9rie Li-ion BL motor Ot\u00e1\u010dky napr\u00e1zdno 1. stupe\u0148 0 &#8211; 600 min-1 Ot\u00e1\u010dky napr\u00e1zdno 2. stupe\u0148 0 &#8211; 1200 min-1 Ot\u00e1\u010dky napr\u00e1zdno 3. stupe\u0148 0 &#8211; 1900 min-1 Ot\u00e1\u010dky napr\u00e1zdno 4. stupe\u0148 0 &#8211; 2300 min-1 Po\u010det \u00faderov napr\u00e1zdno 1. stupe\u0148 0 &#8211; 1200 min-1 Po\u010det \u00faderov napr\u00e1zdno [&hellip;]<\/p>\n","protected":false},"featured_media":43090,"comment_status":"open","ping_status":"closed","template":"","meta":{"_lmt_disableupdate":"","_lmt_disable":""},"product_cat":[3525,3530,3527,3051],"product_tag":[],"class_list":{"0":"post-43089","1":"product","2":"type-product","3":"status-publish","4":"has-post-thumbnail","6":"product_cat-nezaradene","7":"product_cat-razove-utahovaky-xgt","8":"product_cat-xgt","9":"product_cat-makita","11":"first","12":"instock","13":"taxable","14":"shipping-taxable","15":"purchasable","16":"product-type-simple"},"yoast_head":"<!-- This site is optimized with the Yoast SEO plugin v27.3 - https:\/\/yoast.com\/product\/yoast-seo-wordpress\/ -->\n<title>Makita TW007GM201 - MIR-MAR<\/title>\n<meta name=\"robots\" content=\"index, follow, max-snippet:-1, max-image-preview:large, max-video-preview:-1\" \/>\n<link rel=\"canonical\" href=\"http:\/\/dafinoo.eu\/mirmar\/obchod\/makita-tw007gm201\/\" \/>\n<meta property=\"og:locale\" content=\"sk_SK\" \/>\n<meta property=\"og:type\" content=\"article\" \/>\n<meta property=\"og:title\" content=\"Makita TW007GM201 - MIR-MAR\" \/>\n<meta property=\"og:description\" content=\"Menovit\u00e9 nap\u00e4tie bat\u00e9rie 40 V max Typ bat\u00e9rie Li-ion BL motor Ot\u00e1\u010dky napr\u00e1zdno 1. stupe\u0148 0 &#8211; 600 min-1 Ot\u00e1\u010dky napr\u00e1zdno 2. stupe\u0148 0 &#8211; 1200 min-1 Ot\u00e1\u010dky napr\u00e1zdno 3. stupe\u0148 0 &#8211; 1900 min-1 Ot\u00e1\u010dky napr\u00e1zdno 4. stupe\u0148 0 &#8211; 2300 min-1 Po\u010det \u00faderov napr\u00e1zdno 1. stupe\u0148 0 &#8211; 1200 min-1 Po\u010det \u00faderov napr\u00e1zdno [&hellip;]\" \/>\n<meta property=\"og:url\" content=\"http:\/\/dafinoo.eu\/mirmar\/obchod\/makita-tw007gm201\/\" \/>\n<meta property=\"og:site_name\" content=\"MIR-MAR\" \/>\n<meta property=\"article:publisher\" content=\"https:\/\/facebook.com\/mirmareshop\" \/>\n<meta property=\"article:modified_time\" content=\"2022-06-13T07:39:52+00:00\" \/>\n<meta property=\"og:image\" content=\"http:\/\/dafinoo.eu\/mirmar\/wp-content\/uploads\/2022\/06\/TW007G_BL4040_im_2.jpg\" \/>\n\t<meta property=\"og:image:width\" content=\"945\" \/>\n\t<meta property=\"og:image:height\" content=\"945\" \/>\n\t<meta property=\"og:image:type\" content=\"image\/jpeg\" \/>\n<meta name=\"twitter:label1\" content=\"Predpokladan\u00fd \u010das \u010d\u00edtania\" \/>\n\t<meta name=\"twitter:data1\" content=\"1 min\u00fata\" \/>\n<script type=\"application\/ld+json\" class=\"yoast-schema-graph\">{\"@context\":\"https:\\\/\\\/schema.org\",\"@graph\":[{\"@type\":\"WebPage\",\"@id\":\"http:\\\/\\\/dafinoo.eu\\\/mirmar\\\/obchod\\\/makita-tw007gm201\\\/\",\"url\":\"http:\\\/\\\/dafinoo.eu\\\/mirmar\\\/obchod\\\/makita-tw007gm201\\\/\",\"name\":\"Makita TW007GM201 - MIR-MAR\",\"isPartOf\":{\"@id\":\"http:\\\/\\\/dafinoo.eu\\\/mirmar\\\/#website\"},\"primaryImageOfPage\":{\"@id\":\"http:\\\/\\\/dafinoo.eu\\\/mirmar\\\/obchod\\\/makita-tw007gm201\\\/#primaryimage\"},\"image\":{\"@id\":\"http:\\\/\\\/dafinoo.eu\\\/mirmar\\\/obchod\\\/makita-tw007gm201\\\/#primaryimage\"},\"thumbnailUrl\":\"http:\\\/\\\/dafinoo.eu\\\/mirmar\\\/wp-content\\\/uploads\\\/2022\\\/06\\\/TW007G_BL4040_im_2.jpg\",\"datePublished\":\"2022-06-13T07:38:56+00:00\",\"dateModified\":\"2022-06-13T07:39:52+00:00\",\"breadcrumb\":{\"@id\":\"http:\\\/\\\/dafinoo.eu\\\/mirmar\\\/obchod\\\/makita-tw007gm201\\\/#breadcrumb\"},\"inLanguage\":\"sk-SK\",\"potentialAction\":[{\"@type\":\"ReadAction\",\"target\":[\"http:\\\/\\\/dafinoo.eu\\\/mirmar\\\/obchod\\\/makita-tw007gm201\\\/\"]}]},{\"@type\":\"ImageObject\",\"inLanguage\":\"sk-SK\",\"@id\":\"http:\\\/\\\/dafinoo.eu\\\/mirmar\\\/obchod\\\/makita-tw007gm201\\\/#primaryimage\",\"url\":\"http:\\\/\\\/dafinoo.eu\\\/mirmar\\\/wp-content\\\/uploads\\\/2022\\\/06\\\/TW007G_BL4040_im_2.jpg\",\"contentUrl\":\"http:\\\/\\\/dafinoo.eu\\\/mirmar\\\/wp-content\\\/uploads\\\/2022\\\/06\\\/TW007G_BL4040_im_2.jpg\",\"width\":945,\"height\":945},{\"@type\":\"BreadcrumbList\",\"@id\":\"http:\\\/\\\/dafinoo.eu\\\/mirmar\\\/obchod\\\/makita-tw007gm201\\\/#breadcrumb\",\"itemListElement\":[{\"@type\":\"ListItem\",\"position\":1,\"name\":\"Domovsk\u00e1 str\u00e1nka\",\"item\":\"http:\\\/\\\/dafinoo.eu\\\/mirmar\\\/\"},{\"@type\":\"ListItem\",\"position\":2,\"name\":\"Obchod\",\"item\":\"http:\\\/\\\/dafinoo.eu\\\/mirmar\\\/obchod\\\/\"},{\"@type\":\"ListItem\",\"position\":3,\"name\":\"Makita TW007GM201\"}]},{\"@type\":\"WebSite\",\"@id\":\"http:\\\/\\\/dafinoo.eu\\\/mirmar\\\/#website\",\"url\":\"http:\\\/\\\/dafinoo.eu\\\/mirmar\\\/\",\"name\":\"MIR-MAR\",\"description\":\"Eshop s n\u00e1rad\u00edm\",\"publisher\":{\"@id\":\"http:\\\/\\\/dafinoo.eu\\\/mirmar\\\/#organization\"},\"potentialAction\":[{\"@type\":\"SearchAction\",\"target\":{\"@type\":\"EntryPoint\",\"urlTemplate\":\"http:\\\/\\\/dafinoo.eu\\\/mirmar\\\/?s={search_term_string}\"},\"query-input\":{\"@type\":\"PropertyValueSpecification\",\"valueRequired\":true,\"valueName\":\"search_term_string\"}}],\"inLanguage\":\"sk-SK\"},{\"@type\":\"Organization\",\"@id\":\"http:\\\/\\\/dafinoo.eu\\\/mirmar\\\/#organization\",\"name\":\"MIR-MAR\",\"url\":\"http:\\\/\\\/dafinoo.eu\\\/mirmar\\\/\",\"logo\":{\"@type\":\"ImageObject\",\"inLanguage\":\"sk-SK\",\"@id\":\"http:\\\/\\\/dafinoo.eu\\\/mirmar\\\/#\\\/schema\\\/logo\\\/image\\\/\",\"url\":\"http:\\\/\\\/dafinoo.eu\\\/mirmar\\\/wp-content\\\/uploads\\\/2021\\\/03\\\/mirmar_logo.png\",\"contentUrl\":\"http:\\\/\\\/dafinoo.eu\\\/mirmar\\\/wp-content\\\/uploads\\\/2021\\\/03\\\/mirmar_logo.png\",\"width\":256,\"height\":60,\"caption\":\"MIR-MAR\"},\"image\":{\"@id\":\"http:\\\/\\\/dafinoo.eu\\\/mirmar\\\/#\\\/schema\\\/logo\\\/image\\\/\"},\"sameAs\":[\"https:\\\/\\\/facebook.com\\\/mirmareshop\"]}]}<\/script>\n<!-- \/ Yoast SEO plugin. -->","yoast_head_json":{"title":"Makita TW007GM201 - MIR-MAR","robots":{"index":"index","follow":"follow","max-snippet":"max-snippet:-1","max-image-preview":"max-image-preview:large","max-video-preview":"max-video-preview:-1"},"canonical":"http:\/\/dafinoo.eu\/mirmar\/obchod\/makita-tw007gm201\/","og_locale":"sk_SK","og_type":"article","og_title":"Makita TW007GM201 - MIR-MAR","og_description":"Menovit\u00e9 nap\u00e4tie bat\u00e9rie 40 V max Typ bat\u00e9rie Li-ion BL motor Ot\u00e1\u010dky napr\u00e1zdno 1. stupe\u0148 0 &#8211; 600 min-1 Ot\u00e1\u010dky napr\u00e1zdno 2. stupe\u0148 0 &#8211; 1200 min-1 Ot\u00e1\u010dky napr\u00e1zdno 3. stupe\u0148 0 &#8211; 1900 min-1 Ot\u00e1\u010dky napr\u00e1zdno 4. stupe\u0148 0 &#8211; 2300 min-1 Po\u010det \u00faderov napr\u00e1zdno 1. stupe\u0148 0 &#8211; 1200 min-1 Po\u010det \u00faderov napr\u00e1zdno [&hellip;]","og_url":"http:\/\/dafinoo.eu\/mirmar\/obchod\/makita-tw007gm201\/","og_site_name":"MIR-MAR","article_publisher":"https:\/\/facebook.com\/mirmareshop","article_modified_time":"2022-06-13T07:39:52+00:00","og_image":[{"width":945,"height":945,"url":"http:\/\/dafinoo.eu\/mirmar\/wp-content\/uploads\/2022\/06\/TW007G_BL4040_im_2.jpg","type":"image\/jpeg"}],"twitter_misc":{"Predpokladan\u00fd \u010das \u010d\u00edtania":"1 min\u00fata"},"schema":{"@context":"https:\/\/schema.org","@graph":[{"@type":"WebPage","@id":"http:\/\/dafinoo.eu\/mirmar\/obchod\/makita-tw007gm201\/","url":"http:\/\/dafinoo.eu\/mirmar\/obchod\/makita-tw007gm201\/","name":"Makita TW007GM201 - MIR-MAR","isPartOf":{"@id":"http:\/\/dafinoo.eu\/mirmar\/#website"},"primaryImageOfPage":{"@id":"http:\/\/dafinoo.eu\/mirmar\/obchod\/makita-tw007gm201\/#primaryimage"},"image":{"@id":"http:\/\/dafinoo.eu\/mirmar\/obchod\/makita-tw007gm201\/#primaryimage"},"thumbnailUrl":"http:\/\/dafinoo.eu\/mirmar\/wp-content\/uploads\/2022\/06\/TW007G_BL4040_im_2.jpg","datePublished":"2022-06-13T07:38:56+00:00","dateModified":"2022-06-13T07:39:52+00:00","breadcrumb":{"@id":"http:\/\/dafinoo.eu\/mirmar\/obchod\/makita-tw007gm201\/#breadcrumb"},"inLanguage":"sk-SK","potentialAction":[{"@type":"ReadAction","target":["http:\/\/dafinoo.eu\/mirmar\/obchod\/makita-tw007gm201\/"]}]},{"@type":"ImageObject","inLanguage":"sk-SK","@id":"http:\/\/dafinoo.eu\/mirmar\/obchod\/makita-tw007gm201\/#primaryimage","url":"http:\/\/dafinoo.eu\/mirmar\/wp-content\/uploads\/2022\/06\/TW007G_BL4040_im_2.jpg","contentUrl":"http:\/\/dafinoo.eu\/mirmar\/wp-content\/uploads\/2022\/06\/TW007G_BL4040_im_2.jpg","width":945,"height":945},{"@type":"BreadcrumbList","@id":"http:\/\/dafinoo.eu\/mirmar\/obchod\/makita-tw007gm201\/#breadcrumb","itemListElement":[{"@type":"ListItem","position":1,"name":"Domovsk\u00e1 str\u00e1nka","item":"http:\/\/dafinoo.eu\/mirmar\/"},{"@type":"ListItem","position":2,"name":"Obchod","item":"http:\/\/dafinoo.eu\/mirmar\/obchod\/"},{"@type":"ListItem","position":3,"name":"Makita TW007GM201"}]},{"@type":"WebSite","@id":"http:\/\/dafinoo.eu\/mirmar\/#website","url":"http:\/\/dafinoo.eu\/mirmar\/","name":"MIR-MAR","description":"Eshop s n\u00e1rad\u00edm","publisher":{"@id":"http:\/\/dafinoo.eu\/mirmar\/#organization"},"potentialAction":[{"@type":"SearchAction","target":{"@type":"EntryPoint","urlTemplate":"http:\/\/dafinoo.eu\/mirmar\/?s={search_term_string}"},"query-input":{"@type":"PropertyValueSpecification","valueRequired":true,"valueName":"search_term_string"}}],"inLanguage":"sk-SK"},{"@type":"Organization","@id":"http:\/\/dafinoo.eu\/mirmar\/#organization","name":"MIR-MAR","url":"http:\/\/dafinoo.eu\/mirmar\/","logo":{"@type":"ImageObject","inLanguage":"sk-SK","@id":"http:\/\/dafinoo.eu\/mirmar\/#\/schema\/logo\/image\/","url":"http:\/\/dafinoo.eu\/mirmar\/wp-content\/uploads\/2021\/03\/mirmar_logo.png","contentUrl":"http:\/\/dafinoo.eu\/mirmar\/wp-content\/uploads\/2021\/03\/mirmar_logo.png","width":256,"height":60,"caption":"MIR-MAR"},"image":{"@id":"http:\/\/dafinoo.eu\/mirmar\/#\/schema\/logo\/image\/"},"sameAs":["https:\/\/facebook.com\/mirmareshop"]}]}},"_links":{"self":[{"href":"http:\/\/dafinoo.eu\/mirmar\/wp-json\/wp\/v2\/product\/43089","targetHints":{"allow":["GET"]}}],"collection":[{"href":"http:\/\/dafinoo.eu\/mirmar\/wp-json\/wp\/v2\/product"}],"about":[{"href":"http:\/\/dafinoo.eu\/mirmar\/wp-json\/wp\/v2\/types\/product"}],"replies":[{"embeddable":true,"href":"http:\/\/dafinoo.eu\/mirmar\/wp-json\/wp\/v2\/comments?post=43089"}],"wp:featuredmedia":[{"embeddable":true,"href":"http:\/\/dafinoo.eu\/mirmar\/wp-json\/wp\/v2\/media\/43090"}],"wp:attachment":[{"href":"http:\/\/dafinoo.eu\/mirmar\/wp-json\/wp\/v2\/media?parent=43089"}],"wp:term":[{"taxonomy":"product_cat","embeddable":true,"href":"http:\/\/dafinoo.eu\/mirmar\/wp-json\/wp\/v2\/product_cat?post=43089"},{"taxonomy":"product_tag","embeddable":true,"href":"http:\/\/dafinoo.eu\/mirmar\/wp-json\/wp\/v2\/product_tag?post=43089"}],"curies":[{"name":"wp","href":"https:\/\/api.w.org\/{rel}","templated":true}]}}