{"id":43094,"date":"2022-06-16T11:59:06","date_gmt":"2022-06-16T09:59:06","guid":{"rendered":"http:\/\/dafinoo.eu\/mirmar\/?post_type=product&#038;p=43094"},"modified":"2022-06-16T11:59:07","modified_gmt":"2022-06-16T09:59:07","slug":"makita-lm001cz","status":"publish","type":"product","link":"http:\/\/dafinoo.eu\/mirmar\/obchod\/makita-lm001cz\/","title":{"rendered":"Makita LM001CZ"},"content":{"rendered":"<table class=\"table table-striped\">\n<tbody>\n<tr>\n<td>Menovit\u00e9 nap\u00e4tie bat\u00e9rie<\/td>\n<td>2x18V &#8211; 40 Vmax<\/td>\n<\/tr>\n<tr>\n<td>BL motor<\/td>\n<td><\/td>\n<\/tr>\n<tr>\n<td>Vo\u013enobe\u017en\u00e9 ot\u00e1\u010dky<\/td>\n<td>2300 &#8211; 2800 min<sup>-1<\/sup><\/td>\n<\/tr>\n<tr>\n<td>Maxim\u00e1lny v\u00fdkon<\/td>\n<td>1600 W<\/td>\n<\/tr>\n<tr>\n<td>\u0160\u00edrka z\u00e1beru<\/td>\n<td>53,4 cm<\/td>\n<\/tr>\n<tr>\n<td>Mul\u010dovacia funkcia<\/td>\n<td><\/td>\n<\/tr>\n<tr>\n<td>Ide\u00e1lna pre tr\u00e1vnat\u00fa plochu<\/td>\n<td>2 000 m\u00b2<\/td>\n<\/tr>\n<tr>\n<td>Nastavenie v\u00fd\u0161ky kosenia<\/td>\n<td>centr\u00e1lne, 10 pol\u00f4h<\/td>\n<\/tr>\n<tr>\n<td>V\u00fd\u0161ka kosenia<\/td>\n<td>20 &#8211; 100 mm<\/td>\n<\/tr>\n<tr>\n<td>Motorov\u00e1 brzda<\/td>\n<td><\/td>\n<\/tr>\n<tr>\n<td>Pohon kolies<\/td>\n<td><\/td>\n<\/tr>\n<tr>\n<td>R\u00fdchlos\u0165<\/td>\n<td>2,5 &#8211; 5,0 km\/h<\/td>\n<\/tr>\n<tr>\n<td>Trieda tesnenia<\/td>\n<td>IPX4<\/td>\n<\/tr>\n<tr>\n<td>Rozmery (D x \u0160 x V)<\/td>\n<td>1 630 x 590 x 990 mm<\/td>\n<\/tr>\n<tr>\n<td>\u010cist\u00e1 hmotnos\u0165<\/td>\n<td>42,1 &#8211; 49,5 kg<\/td>\n<\/tr>\n<tr>\n<td>Objem zbern\u00e9ho ko\u0161a<\/td>\n<td>70 l<\/td>\n<\/tr>\n<tr>\n<td>Oce\u013eov\u00fd podvozok<\/td>\n<td><\/td>\n<\/tr>\n<tr>\n<td>Priemer predn\u00fdch kolies<\/td>\n<td>23 cm<\/td>\n<\/tr>\n<tr>\n<td>Priemer zadn\u00fdch kolies<\/td>\n<td>23 cm<\/td>\n<\/tr>\n<tr>\n<td>Triax. hodnota vibr\u00e1ci\u00ed (a <sub>h<\/sub>)<\/td>\n<td>&lt;= 2,5 m\/s\u00b2<\/td>\n<\/tr>\n<tr>\n<td>Faktor neistoty vibr\u00e1ci\u00ed (K)<\/td>\n<td>1,5 m\/s\u00b2<\/td>\n<\/tr>\n<tr>\n<td>Hladina akustick\u00e9ho v\u00fdkonu (L<sub>WA<\/sub>)<\/td>\n<td>91,2 dB (A)<\/td>\n<\/tr>\n<tr>\n<td>Hladina akustick\u00e9ho tlaku (L <sub>pA<\/sub>)<\/td>\n<td>80,0 dB (A)<\/td>\n<\/tr>\n<tr>\n<td>Faktor akustickej neistoty (K)<\/td>\n<td>3 dB (A)<\/td>\n<\/tr>\n<\/tbody>\n<\/table>\n","protected":false},"excerpt":{"rendered":"<p>Menovit\u00e9 nap\u00e4tie bat\u00e9rie 2x18V &#8211; 40 Vmax BL motor Vo\u013enobe\u017en\u00e9 ot\u00e1\u010dky 2300 &#8211; 2800 min-1 Maxim\u00e1lny v\u00fdkon 1600 W \u0160\u00edrka z\u00e1beru 53,4 cm Mul\u010dovacia funkcia Ide\u00e1lna pre tr\u00e1vnat\u00fa plochu 2 000 m\u00b2 Nastavenie v\u00fd\u0161ky kosenia centr\u00e1lne, 10 pol\u00f4h V\u00fd\u0161ka kosenia 20 &#8211; 100 mm Motorov\u00e1 brzda Pohon kolies R\u00fdchlos\u0165 2,5 &#8211; 5,0 km\/h Trieda tesnenia [&hellip;]<\/p>\n","protected":false},"featured_media":43095,"comment_status":"open","ping_status":"closed","template":"","meta":{"_lmt_disableupdate":"","_lmt_disable":""},"product_cat":[3545,3527,3544,3051],"product_tag":[],"class_list":{"0":"post-43094","1":"product","2":"type-product","3":"status-publish","4":"has-post-thumbnail","6":"product_cat-kosacky-zahrada","7":"product_cat-xgt","8":"product_cat-zahrada","9":"product_cat-makita","10":"ts_product_brand-makita","12":"first","13":"instock","14":"taxable","15":"shipping-taxable","16":"purchasable","17":"product-type-simple"},"yoast_head":"<!-- This site is optimized with the Yoast SEO plugin v27.3 - https:\/\/yoast.com\/product\/yoast-seo-wordpress\/ -->\n<title>Makita LM001CZ - MIR-MAR<\/title>\n<meta name=\"robots\" content=\"index, follow, max-snippet:-1, max-image-preview:large, max-video-preview:-1\" \/>\n<link rel=\"canonical\" href=\"http:\/\/dafinoo.eu\/mirmar\/obchod\/makita-lm001cz\/\" \/>\n<meta property=\"og:locale\" content=\"sk_SK\" \/>\n<meta property=\"og:type\" content=\"article\" \/>\n<meta property=\"og:title\" content=\"Makita LM001CZ - MIR-MAR\" \/>\n<meta property=\"og:description\" content=\"Menovit\u00e9 nap\u00e4tie bat\u00e9rie 2x18V &#8211; 40 Vmax BL motor Vo\u013enobe\u017en\u00e9 ot\u00e1\u010dky 2300 &#8211; 2800 min-1 Maxim\u00e1lny v\u00fdkon 1600 W \u0160\u00edrka z\u00e1beru 53,4 cm Mul\u010dovacia funkcia Ide\u00e1lna pre tr\u00e1vnat\u00fa plochu 2 000 m\u00b2 Nastavenie v\u00fd\u0161ky kosenia centr\u00e1lne, 10 pol\u00f4h V\u00fd\u0161ka kosenia 20 &#8211; 100 mm Motorov\u00e1 brzda Pohon kolies R\u00fdchlos\u0165 2,5 &#8211; 5,0 km\/h Trieda tesnenia [&hellip;]\" \/>\n<meta property=\"og:url\" content=\"http:\/\/dafinoo.eu\/mirmar\/obchod\/makita-lm001cz\/\" \/>\n<meta property=\"og:site_name\" content=\"MIR-MAR\" \/>\n<meta property=\"article:publisher\" content=\"https:\/\/facebook.com\/mirmareshop\" \/>\n<meta property=\"article:modified_time\" content=\"2022-06-16T09:59:07+00:00\" \/>\n<meta property=\"og:image\" content=\"http:\/\/dafinoo.eu\/mirmar\/wp-content\/uploads\/2022\/06\/LM001C_orig-1.jpg\" \/>\n\t<meta property=\"og:image:width\" content=\"945\" \/>\n\t<meta property=\"og:image:height\" content=\"945\" \/>\n\t<meta property=\"og:image:type\" content=\"image\/jpeg\" \/>\n<meta name=\"twitter:label1\" content=\"Predpokladan\u00fd \u010das \u010d\u00edtania\" \/>\n\t<meta name=\"twitter:data1\" content=\"1 min\u00fata\" \/>\n<script type=\"application\/ld+json\" class=\"yoast-schema-graph\">{\"@context\":\"https:\\\/\\\/schema.org\",\"@graph\":[{\"@type\":\"WebPage\",\"@id\":\"http:\\\/\\\/dafinoo.eu\\\/mirmar\\\/obchod\\\/makita-lm001cz\\\/\",\"url\":\"http:\\\/\\\/dafinoo.eu\\\/mirmar\\\/obchod\\\/makita-lm001cz\\\/\",\"name\":\"Makita LM001CZ - MIR-MAR\",\"isPartOf\":{\"@id\":\"http:\\\/\\\/dafinoo.eu\\\/mirmar\\\/#website\"},\"primaryImageOfPage\":{\"@id\":\"http:\\\/\\\/dafinoo.eu\\\/mirmar\\\/obchod\\\/makita-lm001cz\\\/#primaryimage\"},\"image\":{\"@id\":\"http:\\\/\\\/dafinoo.eu\\\/mirmar\\\/obchod\\\/makita-lm001cz\\\/#primaryimage\"},\"thumbnailUrl\":\"http:\\\/\\\/dafinoo.eu\\\/mirmar\\\/wp-content\\\/uploads\\\/2022\\\/06\\\/LM001C_orig-1.jpg\",\"datePublished\":\"2022-06-16T09:59:06+00:00\",\"dateModified\":\"2022-06-16T09:59:07+00:00\",\"breadcrumb\":{\"@id\":\"http:\\\/\\\/dafinoo.eu\\\/mirmar\\\/obchod\\\/makita-lm001cz\\\/#breadcrumb\"},\"inLanguage\":\"sk-SK\",\"potentialAction\":[{\"@type\":\"ReadAction\",\"target\":[\"http:\\\/\\\/dafinoo.eu\\\/mirmar\\\/obchod\\\/makita-lm001cz\\\/\"]}]},{\"@type\":\"ImageObject\",\"inLanguage\":\"sk-SK\",\"@id\":\"http:\\\/\\\/dafinoo.eu\\\/mirmar\\\/obchod\\\/makita-lm001cz\\\/#primaryimage\",\"url\":\"http:\\\/\\\/dafinoo.eu\\\/mirmar\\\/wp-content\\\/uploads\\\/2022\\\/06\\\/LM001C_orig-1.jpg\",\"contentUrl\":\"http:\\\/\\\/dafinoo.eu\\\/mirmar\\\/wp-content\\\/uploads\\\/2022\\\/06\\\/LM001C_orig-1.jpg\",\"width\":945,\"height\":945},{\"@type\":\"BreadcrumbList\",\"@id\":\"http:\\\/\\\/dafinoo.eu\\\/mirmar\\\/obchod\\\/makita-lm001cz\\\/#breadcrumb\",\"itemListElement\":[{\"@type\":\"ListItem\",\"position\":1,\"name\":\"Domovsk\u00e1 str\u00e1nka\",\"item\":\"http:\\\/\\\/dafinoo.eu\\\/mirmar\\\/\"},{\"@type\":\"ListItem\",\"position\":2,\"name\":\"Obchod\",\"item\":\"http:\\\/\\\/dafinoo.eu\\\/mirmar\\\/obchod\\\/\"},{\"@type\":\"ListItem\",\"position\":3,\"name\":\"Makita LM001CZ\"}]},{\"@type\":\"WebSite\",\"@id\":\"http:\\\/\\\/dafinoo.eu\\\/mirmar\\\/#website\",\"url\":\"http:\\\/\\\/dafinoo.eu\\\/mirmar\\\/\",\"name\":\"MIR-MAR\",\"description\":\"Eshop s n\u00e1rad\u00edm\",\"publisher\":{\"@id\":\"http:\\\/\\\/dafinoo.eu\\\/mirmar\\\/#organization\"},\"potentialAction\":[{\"@type\":\"SearchAction\",\"target\":{\"@type\":\"EntryPoint\",\"urlTemplate\":\"http:\\\/\\\/dafinoo.eu\\\/mirmar\\\/?s={search_term_string}\"},\"query-input\":{\"@type\":\"PropertyValueSpecification\",\"valueRequired\":true,\"valueName\":\"search_term_string\"}}],\"inLanguage\":\"sk-SK\"},{\"@type\":\"Organization\",\"@id\":\"http:\\\/\\\/dafinoo.eu\\\/mirmar\\\/#organization\",\"name\":\"MIR-MAR\",\"url\":\"http:\\\/\\\/dafinoo.eu\\\/mirmar\\\/\",\"logo\":{\"@type\":\"ImageObject\",\"inLanguage\":\"sk-SK\",\"@id\":\"http:\\\/\\\/dafinoo.eu\\\/mirmar\\\/#\\\/schema\\\/logo\\\/image\\\/\",\"url\":\"http:\\\/\\\/dafinoo.eu\\\/mirmar\\\/wp-content\\\/uploads\\\/2021\\\/03\\\/mirmar_logo.png\",\"contentUrl\":\"http:\\\/\\\/dafinoo.eu\\\/mirmar\\\/wp-content\\\/uploads\\\/2021\\\/03\\\/mirmar_logo.png\",\"width\":256,\"height\":60,\"caption\":\"MIR-MAR\"},\"image\":{\"@id\":\"http:\\\/\\\/dafinoo.eu\\\/mirmar\\\/#\\\/schema\\\/logo\\\/image\\\/\"},\"sameAs\":[\"https:\\\/\\\/facebook.com\\\/mirmareshop\"]}]}<\/script>\n<!-- \/ Yoast SEO plugin. -->","yoast_head_json":{"title":"Makita LM001CZ - MIR-MAR","robots":{"index":"index","follow":"follow","max-snippet":"max-snippet:-1","max-image-preview":"max-image-preview:large","max-video-preview":"max-video-preview:-1"},"canonical":"http:\/\/dafinoo.eu\/mirmar\/obchod\/makita-lm001cz\/","og_locale":"sk_SK","og_type":"article","og_title":"Makita LM001CZ - MIR-MAR","og_description":"Menovit\u00e9 nap\u00e4tie bat\u00e9rie 2x18V &#8211; 40 Vmax BL motor Vo\u013enobe\u017en\u00e9 ot\u00e1\u010dky 2300 &#8211; 2800 min-1 Maxim\u00e1lny v\u00fdkon 1600 W \u0160\u00edrka z\u00e1beru 53,4 cm Mul\u010dovacia funkcia Ide\u00e1lna pre tr\u00e1vnat\u00fa plochu 2 000 m\u00b2 Nastavenie v\u00fd\u0161ky kosenia centr\u00e1lne, 10 pol\u00f4h V\u00fd\u0161ka kosenia 20 &#8211; 100 mm Motorov\u00e1 brzda Pohon kolies R\u00fdchlos\u0165 2,5 &#8211; 5,0 km\/h Trieda tesnenia [&hellip;]","og_url":"http:\/\/dafinoo.eu\/mirmar\/obchod\/makita-lm001cz\/","og_site_name":"MIR-MAR","article_publisher":"https:\/\/facebook.com\/mirmareshop","article_modified_time":"2022-06-16T09:59:07+00:00","og_image":[{"width":945,"height":945,"url":"http:\/\/dafinoo.eu\/mirmar\/wp-content\/uploads\/2022\/06\/LM001C_orig-1.jpg","type":"image\/jpeg"}],"twitter_misc":{"Predpokladan\u00fd \u010das \u010d\u00edtania":"1 min\u00fata"},"schema":{"@context":"https:\/\/schema.org","@graph":[{"@type":"WebPage","@id":"http:\/\/dafinoo.eu\/mirmar\/obchod\/makita-lm001cz\/","url":"http:\/\/dafinoo.eu\/mirmar\/obchod\/makita-lm001cz\/","name":"Makita LM001CZ - MIR-MAR","isPartOf":{"@id":"http:\/\/dafinoo.eu\/mirmar\/#website"},"primaryImageOfPage":{"@id":"http:\/\/dafinoo.eu\/mirmar\/obchod\/makita-lm001cz\/#primaryimage"},"image":{"@id":"http:\/\/dafinoo.eu\/mirmar\/obchod\/makita-lm001cz\/#primaryimage"},"thumbnailUrl":"http:\/\/dafinoo.eu\/mirmar\/wp-content\/uploads\/2022\/06\/LM001C_orig-1.jpg","datePublished":"2022-06-16T09:59:06+00:00","dateModified":"2022-06-16T09:59:07+00:00","breadcrumb":{"@id":"http:\/\/dafinoo.eu\/mirmar\/obchod\/makita-lm001cz\/#breadcrumb"},"inLanguage":"sk-SK","potentialAction":[{"@type":"ReadAction","target":["http:\/\/dafinoo.eu\/mirmar\/obchod\/makita-lm001cz\/"]}]},{"@type":"ImageObject","inLanguage":"sk-SK","@id":"http:\/\/dafinoo.eu\/mirmar\/obchod\/makita-lm001cz\/#primaryimage","url":"http:\/\/dafinoo.eu\/mirmar\/wp-content\/uploads\/2022\/06\/LM001C_orig-1.jpg","contentUrl":"http:\/\/dafinoo.eu\/mirmar\/wp-content\/uploads\/2022\/06\/LM001C_orig-1.jpg","width":945,"height":945},{"@type":"BreadcrumbList","@id":"http:\/\/dafinoo.eu\/mirmar\/obchod\/makita-lm001cz\/#breadcrumb","itemListElement":[{"@type":"ListItem","position":1,"name":"Domovsk\u00e1 str\u00e1nka","item":"http:\/\/dafinoo.eu\/mirmar\/"},{"@type":"ListItem","position":2,"name":"Obchod","item":"http:\/\/dafinoo.eu\/mirmar\/obchod\/"},{"@type":"ListItem","position":3,"name":"Makita LM001CZ"}]},{"@type":"WebSite","@id":"http:\/\/dafinoo.eu\/mirmar\/#website","url":"http:\/\/dafinoo.eu\/mirmar\/","name":"MIR-MAR","description":"Eshop s n\u00e1rad\u00edm","publisher":{"@id":"http:\/\/dafinoo.eu\/mirmar\/#organization"},"potentialAction":[{"@type":"SearchAction","target":{"@type":"EntryPoint","urlTemplate":"http:\/\/dafinoo.eu\/mirmar\/?s={search_term_string}"},"query-input":{"@type":"PropertyValueSpecification","valueRequired":true,"valueName":"search_term_string"}}],"inLanguage":"sk-SK"},{"@type":"Organization","@id":"http:\/\/dafinoo.eu\/mirmar\/#organization","name":"MIR-MAR","url":"http:\/\/dafinoo.eu\/mirmar\/","logo":{"@type":"ImageObject","inLanguage":"sk-SK","@id":"http:\/\/dafinoo.eu\/mirmar\/#\/schema\/logo\/image\/","url":"http:\/\/dafinoo.eu\/mirmar\/wp-content\/uploads\/2021\/03\/mirmar_logo.png","contentUrl":"http:\/\/dafinoo.eu\/mirmar\/wp-content\/uploads\/2021\/03\/mirmar_logo.png","width":256,"height":60,"caption":"MIR-MAR"},"image":{"@id":"http:\/\/dafinoo.eu\/mirmar\/#\/schema\/logo\/image\/"},"sameAs":["https:\/\/facebook.com\/mirmareshop"]}]}},"_links":{"self":[{"href":"http:\/\/dafinoo.eu\/mirmar\/wp-json\/wp\/v2\/product\/43094","targetHints":{"allow":["GET"]}}],"collection":[{"href":"http:\/\/dafinoo.eu\/mirmar\/wp-json\/wp\/v2\/product"}],"about":[{"href":"http:\/\/dafinoo.eu\/mirmar\/wp-json\/wp\/v2\/types\/product"}],"replies":[{"embeddable":true,"href":"http:\/\/dafinoo.eu\/mirmar\/wp-json\/wp\/v2\/comments?post=43094"}],"wp:featuredmedia":[{"embeddable":true,"href":"http:\/\/dafinoo.eu\/mirmar\/wp-json\/wp\/v2\/media\/43095"}],"wp:attachment":[{"href":"http:\/\/dafinoo.eu\/mirmar\/wp-json\/wp\/v2\/media?parent=43094"}],"wp:term":[{"taxonomy":"product_cat","embeddable":true,"href":"http:\/\/dafinoo.eu\/mirmar\/wp-json\/wp\/v2\/product_cat?post=43094"},{"taxonomy":"product_tag","embeddable":true,"href":"http:\/\/dafinoo.eu\/mirmar\/wp-json\/wp\/v2\/product_tag?post=43094"}],"curies":[{"name":"wp","href":"https:\/\/api.w.org\/{rel}","templated":true}]}}