{"id":43097,"date":"2022-06-16T12:12:49","date_gmt":"2022-06-16T10:12:49","guid":{"rendered":"http:\/\/dafinoo.eu\/mirmar\/?post_type=product&#038;p=43097"},"modified":"2022-06-16T12:12:50","modified_gmt":"2022-06-16T10:12:50","slug":"makita-pdc1200a01","status":"publish","type":"product","link":"http:\/\/dafinoo.eu\/mirmar\/obchod\/makita-pdc1200a01\/","title":{"rendered":"Makita PDC1200A01"},"content":{"rendered":"<ul>\n<li>Kompatibiln\u00e9 s tromi platformami: 2 x 18V LXT, priame pripojenie nap\u00e1jacieho zdroja 36V a 40V max XGT<\/li>\n<li><i class=\"icon-check text-success\"><\/i>Prenosn\u00fd nap\u00e1jac\u00ed zdroj so zabudovanou bat\u00e9riou s kapacitou 1200 Wh, 33,5 Ah a nap\u00e4t\u00edm 36 V &#8211; 40 V max.<\/li>\n<li><i class=\"icon-check text-success\"><\/i>A\u017e 2,8-kr\u00e1t dlh\u0161ia v\u00fddr\u017e ako nap\u00e1jac\u00ed zdroj PDC01 so 4 bat\u00e9riami 18 V LXT 6,0 Ah (BL1860B)<\/li>\n<li><i class=\"icon-check text-success\"><\/i>Nie je kompatibiln\u00e9 s vys\u00e1va\u010dmi, z\u00e1hradn\u00fdmi no\u017enicami, pr\u00edklepov\u00fdmi v\u0155ta\u010dkami DHR280-283, ru\u010dnou okru\u017enou p\u00edlou DHS710 a akumul\u00e1torov\u00fdmi p\u00edlami okrem DUC353 a DUC355<\/li>\n<li><i class=\"icon-check text-success\"><\/i>Hlavn\u00fd vyp\u00edna\u010d s funkciou automatick\u00e9ho vypnutia<\/li>\n<li><i class=\"icon-check text-success\"><\/i>4-stup\u0148ov\u00fd indik\u00e1tor nabitia<\/li>\n<li><i class=\"icon-check text-success\"><\/i>Ochrana proti vode a prachu IPX4<\/li>\n<li><i class=\"icon-check text-success\"><\/i>Reflexn\u00e9 pruhy zais\u0165uj\u00fa vidite\u013enos\u0165 pou\u017e\u00edvate\u013ea z dia\u013eky, a to aj v tme<\/li>\n<li><i class=\"icon-check text-success\"><\/i>Nab\u00edja\u010dka DC4001 navrhnut\u00e1 \u0161peci\u00e1lne pre model PDC1200<\/li>\n<li><i class=\"icon-check text-success\"><\/i>Prepravn\u00e1 klasifik\u00e1cia (UN): Nebezpe\u010dn\u00fd tovar Trieda 9-1A (bat\u00e9ria nad 100 Wh)<\/li>\n<li><i class=\"icon-check text-success\"><\/i>Dod\u00e1va sa s adapt\u00e9rom 2x18V a nab\u00edja\u010dkou DC4001<\/li>\n<\/ul>\n","protected":false},"excerpt":{"rendered":"<p>Kompatibiln\u00e9 s tromi platformami: 2 x 18V LXT, priame pripojenie nap\u00e1jacieho zdroja 36V a 40V max XGT Prenosn\u00fd nap\u00e1jac\u00ed zdroj so zabudovanou bat\u00e9riou s kapacitou 1200 Wh, 33,5 Ah a nap\u00e4t\u00edm 36 V &#8211; 40 V max. A\u017e 2,8-kr\u00e1t dlh\u0161ia v\u00fddr\u017e ako nap\u00e1jac\u00ed zdroj PDC01 so 4 bat\u00e9riami 18 V LXT 6,0 Ah (BL1860B) Nie [&hellip;]<\/p>\n","protected":false},"featured_media":43098,"comment_status":"open","ping_status":"closed","template":"","meta":{"_lmt_disableupdate":"","_lmt_disable":""},"product_cat":[3534,3051],"product_tag":[],"class_list":{"0":"post-43097","1":"product","2":"type-product","3":"status-publish","4":"has-post-thumbnail","6":"product_cat-ruksak","7":"product_cat-makita","8":"ts_product_brand-makita","10":"first","11":"instock","12":"taxable","13":"shipping-taxable","14":"purchasable","15":"product-type-simple"},"yoast_head":"<!-- This site is optimized with the Yoast SEO plugin v27.3 - https:\/\/yoast.com\/product\/yoast-seo-wordpress\/ -->\n<title>Makita PDC1200A01 - MIR-MAR<\/title>\n<meta name=\"robots\" content=\"index, follow, max-snippet:-1, max-image-preview:large, max-video-preview:-1\" \/>\n<link rel=\"canonical\" href=\"http:\/\/dafinoo.eu\/mirmar\/obchod\/makita-pdc1200a01\/\" \/>\n<meta property=\"og:locale\" content=\"sk_SK\" \/>\n<meta property=\"og:type\" content=\"article\" \/>\n<meta property=\"og:title\" content=\"Makita PDC1200A01 - MIR-MAR\" \/>\n<meta property=\"og:description\" content=\"Kompatibiln\u00e9 s tromi platformami: 2 x 18V LXT, priame pripojenie nap\u00e1jacieho zdroja 36V a 40V max XGT Prenosn\u00fd nap\u00e1jac\u00ed zdroj so zabudovanou bat\u00e9riou s kapacitou 1200 Wh, 33,5 Ah a nap\u00e4t\u00edm 36 V &#8211; 40 V max. A\u017e 2,8-kr\u00e1t dlh\u0161ia v\u00fddr\u017e ako nap\u00e1jac\u00ed zdroj PDC01 so 4 bat\u00e9riami 18 V LXT 6,0 Ah (BL1860B) Nie [&hellip;]\" \/>\n<meta property=\"og:url\" content=\"http:\/\/dafinoo.eu\/mirmar\/obchod\/makita-pdc1200a01\/\" \/>\n<meta property=\"og:site_name\" content=\"MIR-MAR\" \/>\n<meta property=\"article:publisher\" content=\"https:\/\/facebook.com\/mirmareshop\" \/>\n<meta property=\"article:modified_time\" content=\"2022-06-16T10:12:50+00:00\" \/>\n<meta property=\"og:image\" content=\"http:\/\/dafinoo.eu\/mirmar\/wp-content\/uploads\/2022\/06\/0736ff39dae696f9d2e6de1ae772f85f-mm2000x2000.jpg\" \/>\n\t<meta property=\"og:image:width\" content=\"1485\" \/>\n\t<meta property=\"og:image:height\" content=\"2000\" \/>\n\t<meta property=\"og:image:type\" content=\"image\/jpeg\" \/>\n<meta name=\"twitter:label1\" content=\"Predpokladan\u00fd \u010das \u010d\u00edtania\" \/>\n\t<meta name=\"twitter:data1\" content=\"1 min\u00fata\" \/>\n<script type=\"application\/ld+json\" class=\"yoast-schema-graph\">{\"@context\":\"https:\\\/\\\/schema.org\",\"@graph\":[{\"@type\":\"WebPage\",\"@id\":\"http:\\\/\\\/dafinoo.eu\\\/mirmar\\\/obchod\\\/makita-pdc1200a01\\\/\",\"url\":\"http:\\\/\\\/dafinoo.eu\\\/mirmar\\\/obchod\\\/makita-pdc1200a01\\\/\",\"name\":\"Makita PDC1200A01 - MIR-MAR\",\"isPartOf\":{\"@id\":\"http:\\\/\\\/dafinoo.eu\\\/mirmar\\\/#website\"},\"primaryImageOfPage\":{\"@id\":\"http:\\\/\\\/dafinoo.eu\\\/mirmar\\\/obchod\\\/makita-pdc1200a01\\\/#primaryimage\"},\"image\":{\"@id\":\"http:\\\/\\\/dafinoo.eu\\\/mirmar\\\/obchod\\\/makita-pdc1200a01\\\/#primaryimage\"},\"thumbnailUrl\":\"http:\\\/\\\/dafinoo.eu\\\/mirmar\\\/wp-content\\\/uploads\\\/2022\\\/06\\\/0736ff39dae696f9d2e6de1ae772f85f-mm2000x2000.jpg\",\"datePublished\":\"2022-06-16T10:12:49+00:00\",\"dateModified\":\"2022-06-16T10:12:50+00:00\",\"breadcrumb\":{\"@id\":\"http:\\\/\\\/dafinoo.eu\\\/mirmar\\\/obchod\\\/makita-pdc1200a01\\\/#breadcrumb\"},\"inLanguage\":\"sk-SK\",\"potentialAction\":[{\"@type\":\"ReadAction\",\"target\":[\"http:\\\/\\\/dafinoo.eu\\\/mirmar\\\/obchod\\\/makita-pdc1200a01\\\/\"]}]},{\"@type\":\"ImageObject\",\"inLanguage\":\"sk-SK\",\"@id\":\"http:\\\/\\\/dafinoo.eu\\\/mirmar\\\/obchod\\\/makita-pdc1200a01\\\/#primaryimage\",\"url\":\"http:\\\/\\\/dafinoo.eu\\\/mirmar\\\/wp-content\\\/uploads\\\/2022\\\/06\\\/0736ff39dae696f9d2e6de1ae772f85f-mm2000x2000.jpg\",\"contentUrl\":\"http:\\\/\\\/dafinoo.eu\\\/mirmar\\\/wp-content\\\/uploads\\\/2022\\\/06\\\/0736ff39dae696f9d2e6de1ae772f85f-mm2000x2000.jpg\",\"width\":1485,\"height\":2000},{\"@type\":\"BreadcrumbList\",\"@id\":\"http:\\\/\\\/dafinoo.eu\\\/mirmar\\\/obchod\\\/makita-pdc1200a01\\\/#breadcrumb\",\"itemListElement\":[{\"@type\":\"ListItem\",\"position\":1,\"name\":\"Domovsk\u00e1 str\u00e1nka\",\"item\":\"http:\\\/\\\/dafinoo.eu\\\/mirmar\\\/\"},{\"@type\":\"ListItem\",\"position\":2,\"name\":\"Obchod\",\"item\":\"http:\\\/\\\/dafinoo.eu\\\/mirmar\\\/obchod\\\/\"},{\"@type\":\"ListItem\",\"position\":3,\"name\":\"Makita PDC1200A01\"}]},{\"@type\":\"WebSite\",\"@id\":\"http:\\\/\\\/dafinoo.eu\\\/mirmar\\\/#website\",\"url\":\"http:\\\/\\\/dafinoo.eu\\\/mirmar\\\/\",\"name\":\"MIR-MAR\",\"description\":\"Eshop s n\u00e1rad\u00edm\",\"publisher\":{\"@id\":\"http:\\\/\\\/dafinoo.eu\\\/mirmar\\\/#organization\"},\"potentialAction\":[{\"@type\":\"SearchAction\",\"target\":{\"@type\":\"EntryPoint\",\"urlTemplate\":\"http:\\\/\\\/dafinoo.eu\\\/mirmar\\\/?s={search_term_string}\"},\"query-input\":{\"@type\":\"PropertyValueSpecification\",\"valueRequired\":true,\"valueName\":\"search_term_string\"}}],\"inLanguage\":\"sk-SK\"},{\"@type\":\"Organization\",\"@id\":\"http:\\\/\\\/dafinoo.eu\\\/mirmar\\\/#organization\",\"name\":\"MIR-MAR\",\"url\":\"http:\\\/\\\/dafinoo.eu\\\/mirmar\\\/\",\"logo\":{\"@type\":\"ImageObject\",\"inLanguage\":\"sk-SK\",\"@id\":\"http:\\\/\\\/dafinoo.eu\\\/mirmar\\\/#\\\/schema\\\/logo\\\/image\\\/\",\"url\":\"http:\\\/\\\/dafinoo.eu\\\/mirmar\\\/wp-content\\\/uploads\\\/2021\\\/03\\\/mirmar_logo.png\",\"contentUrl\":\"http:\\\/\\\/dafinoo.eu\\\/mirmar\\\/wp-content\\\/uploads\\\/2021\\\/03\\\/mirmar_logo.png\",\"width\":256,\"height\":60,\"caption\":\"MIR-MAR\"},\"image\":{\"@id\":\"http:\\\/\\\/dafinoo.eu\\\/mirmar\\\/#\\\/schema\\\/logo\\\/image\\\/\"},\"sameAs\":[\"https:\\\/\\\/facebook.com\\\/mirmareshop\"]}]}<\/script>\n<!-- \/ Yoast SEO plugin. -->","yoast_head_json":{"title":"Makita PDC1200A01 - MIR-MAR","robots":{"index":"index","follow":"follow","max-snippet":"max-snippet:-1","max-image-preview":"max-image-preview:large","max-video-preview":"max-video-preview:-1"},"canonical":"http:\/\/dafinoo.eu\/mirmar\/obchod\/makita-pdc1200a01\/","og_locale":"sk_SK","og_type":"article","og_title":"Makita PDC1200A01 - MIR-MAR","og_description":"Kompatibiln\u00e9 s tromi platformami: 2 x 18V LXT, priame pripojenie nap\u00e1jacieho zdroja 36V a 40V max XGT Prenosn\u00fd nap\u00e1jac\u00ed zdroj so zabudovanou bat\u00e9riou s kapacitou 1200 Wh, 33,5 Ah a nap\u00e4t\u00edm 36 V &#8211; 40 V max. A\u017e 2,8-kr\u00e1t dlh\u0161ia v\u00fddr\u017e ako nap\u00e1jac\u00ed zdroj PDC01 so 4 bat\u00e9riami 18 V LXT 6,0 Ah (BL1860B) Nie [&hellip;]","og_url":"http:\/\/dafinoo.eu\/mirmar\/obchod\/makita-pdc1200a01\/","og_site_name":"MIR-MAR","article_publisher":"https:\/\/facebook.com\/mirmareshop","article_modified_time":"2022-06-16T10:12:50+00:00","og_image":[{"width":1485,"height":2000,"url":"http:\/\/dafinoo.eu\/mirmar\/wp-content\/uploads\/2022\/06\/0736ff39dae696f9d2e6de1ae772f85f-mm2000x2000.jpg","type":"image\/jpeg"}],"twitter_misc":{"Predpokladan\u00fd \u010das \u010d\u00edtania":"1 min\u00fata"},"schema":{"@context":"https:\/\/schema.org","@graph":[{"@type":"WebPage","@id":"http:\/\/dafinoo.eu\/mirmar\/obchod\/makita-pdc1200a01\/","url":"http:\/\/dafinoo.eu\/mirmar\/obchod\/makita-pdc1200a01\/","name":"Makita PDC1200A01 - MIR-MAR","isPartOf":{"@id":"http:\/\/dafinoo.eu\/mirmar\/#website"},"primaryImageOfPage":{"@id":"http:\/\/dafinoo.eu\/mirmar\/obchod\/makita-pdc1200a01\/#primaryimage"},"image":{"@id":"http:\/\/dafinoo.eu\/mirmar\/obchod\/makita-pdc1200a01\/#primaryimage"},"thumbnailUrl":"http:\/\/dafinoo.eu\/mirmar\/wp-content\/uploads\/2022\/06\/0736ff39dae696f9d2e6de1ae772f85f-mm2000x2000.jpg","datePublished":"2022-06-16T10:12:49+00:00","dateModified":"2022-06-16T10:12:50+00:00","breadcrumb":{"@id":"http:\/\/dafinoo.eu\/mirmar\/obchod\/makita-pdc1200a01\/#breadcrumb"},"inLanguage":"sk-SK","potentialAction":[{"@type":"ReadAction","target":["http:\/\/dafinoo.eu\/mirmar\/obchod\/makita-pdc1200a01\/"]}]},{"@type":"ImageObject","inLanguage":"sk-SK","@id":"http:\/\/dafinoo.eu\/mirmar\/obchod\/makita-pdc1200a01\/#primaryimage","url":"http:\/\/dafinoo.eu\/mirmar\/wp-content\/uploads\/2022\/06\/0736ff39dae696f9d2e6de1ae772f85f-mm2000x2000.jpg","contentUrl":"http:\/\/dafinoo.eu\/mirmar\/wp-content\/uploads\/2022\/06\/0736ff39dae696f9d2e6de1ae772f85f-mm2000x2000.jpg","width":1485,"height":2000},{"@type":"BreadcrumbList","@id":"http:\/\/dafinoo.eu\/mirmar\/obchod\/makita-pdc1200a01\/#breadcrumb","itemListElement":[{"@type":"ListItem","position":1,"name":"Domovsk\u00e1 str\u00e1nka","item":"http:\/\/dafinoo.eu\/mirmar\/"},{"@type":"ListItem","position":2,"name":"Obchod","item":"http:\/\/dafinoo.eu\/mirmar\/obchod\/"},{"@type":"ListItem","position":3,"name":"Makita PDC1200A01"}]},{"@type":"WebSite","@id":"http:\/\/dafinoo.eu\/mirmar\/#website","url":"http:\/\/dafinoo.eu\/mirmar\/","name":"MIR-MAR","description":"Eshop s n\u00e1rad\u00edm","publisher":{"@id":"http:\/\/dafinoo.eu\/mirmar\/#organization"},"potentialAction":[{"@type":"SearchAction","target":{"@type":"EntryPoint","urlTemplate":"http:\/\/dafinoo.eu\/mirmar\/?s={search_term_string}"},"query-input":{"@type":"PropertyValueSpecification","valueRequired":true,"valueName":"search_term_string"}}],"inLanguage":"sk-SK"},{"@type":"Organization","@id":"http:\/\/dafinoo.eu\/mirmar\/#organization","name":"MIR-MAR","url":"http:\/\/dafinoo.eu\/mirmar\/","logo":{"@type":"ImageObject","inLanguage":"sk-SK","@id":"http:\/\/dafinoo.eu\/mirmar\/#\/schema\/logo\/image\/","url":"http:\/\/dafinoo.eu\/mirmar\/wp-content\/uploads\/2021\/03\/mirmar_logo.png","contentUrl":"http:\/\/dafinoo.eu\/mirmar\/wp-content\/uploads\/2021\/03\/mirmar_logo.png","width":256,"height":60,"caption":"MIR-MAR"},"image":{"@id":"http:\/\/dafinoo.eu\/mirmar\/#\/schema\/logo\/image\/"},"sameAs":["https:\/\/facebook.com\/mirmareshop"]}]}},"_links":{"self":[{"href":"http:\/\/dafinoo.eu\/mirmar\/wp-json\/wp\/v2\/product\/43097","targetHints":{"allow":["GET"]}}],"collection":[{"href":"http:\/\/dafinoo.eu\/mirmar\/wp-json\/wp\/v2\/product"}],"about":[{"href":"http:\/\/dafinoo.eu\/mirmar\/wp-json\/wp\/v2\/types\/product"}],"replies":[{"embeddable":true,"href":"http:\/\/dafinoo.eu\/mirmar\/wp-json\/wp\/v2\/comments?post=43097"}],"wp:featuredmedia":[{"embeddable":true,"href":"http:\/\/dafinoo.eu\/mirmar\/wp-json\/wp\/v2\/media\/43098"}],"wp:attachment":[{"href":"http:\/\/dafinoo.eu\/mirmar\/wp-json\/wp\/v2\/media?parent=43097"}],"wp:term":[{"taxonomy":"product_cat","embeddable":true,"href":"http:\/\/dafinoo.eu\/mirmar\/wp-json\/wp\/v2\/product_cat?post=43097"},{"taxonomy":"product_tag","embeddable":true,"href":"http:\/\/dafinoo.eu\/mirmar\/wp-json\/wp\/v2\/product_tag?post=43097"}],"curies":[{"name":"wp","href":"https:\/\/api.w.org\/{rel}","templated":true}]}}